{"id":13670,"date":"2018-06-27T11:27:38","date_gmt":"2018-06-27T09:27:38","guid":{"rendered":"http:\/\/einheit-bernburg.de\/content\/?page_id=13670"},"modified":"2018-06-27T11:27:38","modified_gmt":"2018-06-27T09:27:38","slug":"kader-u-zielstellung","status":"publish","type":"page","link":"https:\/\/einheit-bernburg.de\/content\/?page_id=13670","title":{"rendered":"Archiv Kader u. Zielstellung 2. Herren 2017\/18"},"content":{"rendered":"<h1>SV Einheit Bernburg II.<\/h1>\n<h3>1. Kreisklasse Staffel 1 \u2013 2017\/18<\/h3>\n<p>Durch eine Umstruktuierung in den Kreisklassen nach der Saison 2014\/15 musste die 2.Mannschaft des SV Einheit ein Spieljahr in der neu geschaffenen 2.Kreisklasse verbringen. Durch eine furiose R\u00fcckrunde schafften die Sch\u00fctzlinge vom inzwischen zur\u00fcckgetretenen Trainer Hans-Dieter Bunk, als Sieger der Staffel 1, den Wiederaufstieg in die 1.Kreisklasse.<br \/>\nInzwischen hat die Mannschaft mit Alexander Nielsen einen neuen Trainer und mit Thomas Sp\u00f6rl verst\u00e4rkt zus\u00e4tzlich ein alter neuer als Co die F\u00fchrungsriege. Ihre Aufgabe wird es sein, aus einer gesunden Mischung von jungen und \u00e4lteren Spielern, sowie aus gestandenen Routiniers mit viel Erfahrung, ein schlagkr\u00e4ftiges Team zu formen, das auch in der 1.Kreisklasse bestehen und damit einen starken Unterbau f\u00fcr die 1.Mannschaft bilden soll. Mit Sven Neumann und Kevin Dietrich, sowie mit Nico Bleicher verzeichnet das Team \u00fcber drei junge Neuzug\u00e4nge mit spielerischem Potential, die sicher bei diesem Vorhaben eine gute Rolle spielen k\u00f6nnen und zur Verj\u00fcngskur der Zweiten beitragen. \u00dcbrigens f\u00fchrt der Weg der beiden Erstgenannten zur\u00fcck zu ihren sportlichen Wurzeln und bei Nico Bleicher waren es einst sein Vater Andreas Spach und Onkel Michael Spach, die den Fu\u00dfball beim SV Einheit mit pr\u00e4gten.<br \/>\nWir w\u00fcnschen der Mannschaft mit ihrem F\u00fchrungstrio Alexander Nielsen, Thomas Sp\u00f6rl und Egon Knauft ein erfolgreiches Spieljahr 2017\/18 und danken Extrainer Hans-Dieter Bunk f\u00fcr die geleistete Arbeit.<\/p>\n<hr \/>\n<div class=\"su-table su-table-alternate\">\n<table>\n<tbody>\n<tr>\n<td style=\"width: 25%\"><strong>Ansprechpartner<\/strong><\/td>\n<td>Lothar Kral (Sportlicher Leiter)<br \/>\nTel.: 03471\/311868, Mobil: 0177 \/ 939 42 32<\/td>\n<\/tr>\n<tr>\n<td style=\"width: 25%\"><strong>Trainingszeit<\/strong><\/td>\n<td>Dienstag u. Donnerstag 18:30 &#8211; 20:00 Uhr (Einheitplatz)<\/td>\n<\/tr>\n<tr>\n<td style=\"width: 25%\"><strong>Trainer<\/strong><\/td>\n<td>Alexander Nielsen \u00a0\u00a0\u00a0\u00a0 Mobil: 0170 \/ 9355118<\/td>\n<\/tr>\n<tr>\n<td style=\"width: 25%\"><strong>Co &#8211; Trainer<\/strong><\/td>\n<td>Thomas Sp\u00f6rl\u00a0\u00a0\u00a0\u00a0\u00a0\u00a0\u00a0\u00a0\u00a0\u00a0\u00a0\u00a0\u00a0 Mobil:\u00a00163 \/ 158 01 93<\/td>\n<\/tr>\n<tr>\n<td style=\"width: 25%\"><strong>Betreuer<\/strong><\/td>\n<td>Egon Knauft\u00a0\u00a0 \u00a0\u00a0\u00a0\u00a0\u00a0\u00a0\u00a0\u00a0\u00a0\u00a0\u00a0\u00a0\u00a0 Mobil: 0176 \/ 341 624 40<\/td>\n<\/tr>\n<tr>\n<td style=\"width: 25%\"><strong>Zielstellung<\/strong><\/td>\n<td>sich in der 1.Kreisklasse etablieren<\/td>\n<\/tr>\n<\/tbody>\n<\/table>\n<\/div>\n<hr \/>\n<h3>Kader<\/h3>\n\n<table id=\"tablepress-35\" class=\"tablepress tablepress-id-35\">\n<thead>\n<tr class=\"row-1 odd\">\n\t<th class=\"column-1\">Lfd.Nr.<\/th><th class=\"column-2\">Name<\/th><th class=\"column-3\">Vorname<\/th><th class=\"column-4\">Jahrgang<\/th><th class=\"column-5\">Zug\u00e4nge (woher)<\/th>\n<\/tr>\n<\/thead>\n<tbody>\n<tr class=\"row-2 even\">\n\t<td class=\"column-1\">1<\/td><td class=\"column-2\">Apel<\/td><td class=\"column-3\">Michael<\/td><td class=\"column-4\">1990<\/td><td class=\"column-5\"><\/td>\n<\/tr>\n<tr class=\"row-3 odd\">\n\t<td class=\"column-1\">3<\/td><td class=\"column-2\">Beume<\/td><td class=\"column-3\">Christian<\/td><td class=\"column-4\">1991<\/td><td class=\"column-5\"><\/td>\n<\/tr>\n<tr class=\"row-4 even\">\n\t<td class=\"column-1\">4<\/td><td class=\"column-2\">Bleicher <\/td><td class=\"column-3\">Nico<\/td><td class=\"column-4\">1995<\/td><td class=\"column-5\">Schwarz-Gelb Bernburg<\/td>\n<\/tr>\n<tr class=\"row-5 odd\">\n\t<td class=\"column-1\">5<\/td><td class=\"column-2\">Busch<\/td><td class=\"column-3\">Roland<\/td><td class=\"column-4\">1980<\/td><td class=\"column-5\"><\/td>\n<\/tr>\n<tr class=\"row-6 even\">\n\t<td class=\"column-1\">6<\/td><td class=\"column-2\">Dietrich<\/td><td class=\"column-3\">Kevin<\/td><td class=\"column-4\">1995<\/td><td class=\"column-5\">TV Askania Bernburg<\/td>\n<\/tr>\n<tr class=\"row-7 odd\">\n\t<td class=\"column-1\">7<\/td><td class=\"column-2\">Dilz<\/td><td class=\"column-3\">Christian<\/td><td class=\"column-4\">1979<\/td><td class=\"column-5\">Bernburger FC<\/td>\n<\/tr>\n<tr class=\"row-8 even\">\n\t<td class=\"column-1\">8<\/td><td class=\"column-2\">Eggert<\/td><td class=\"column-3\">Steffen<\/td><td class=\"column-4\">1970<\/td><td class=\"column-5\">Alte Herren<\/td>\n<\/tr>\n<tr class=\"row-9 odd\">\n\t<td class=\"column-1\">9<\/td><td class=\"column-2\">Engelke<\/td><td class=\"column-3\">Sebastian<\/td><td class=\"column-4\">1983<\/td><td class=\"column-5\"><\/td>\n<\/tr>\n<tr class=\"row-10 even\">\n\t<td class=\"column-1\">10<\/td><td class=\"column-2\">Henke<\/td><td class=\"column-3\">Alexander<\/td><td class=\"column-4\">1991<\/td><td class=\"column-5\">reaktiviert<\/td>\n<\/tr>\n<tr class=\"row-11 odd\">\n\t<td class=\"column-1\">11<\/td><td class=\"column-2\">Henke<\/td><td class=\"column-3\">Christoph<\/td><td class=\"column-4\">1983<\/td><td class=\"column-5\"><\/td>\n<\/tr>\n<tr class=\"row-12 even\">\n\t<td class=\"column-1\">12<\/td><td class=\"column-2\">Henke<\/td><td class=\"column-3\">Sebastian<\/td><td class=\"column-4\">1982<\/td><td class=\"column-5\"><\/td>\n<\/tr>\n<tr class=\"row-13 odd\">\n\t<td class=\"column-1\">13<\/td><td class=\"column-2\">Jethon<\/td><td class=\"column-3\">Bj\u00f6rn<\/td><td class=\"column-4\">1993<\/td><td class=\"column-5\"><\/td>\n<\/tr>\n<tr class=\"row-14 even\">\n\t<td class=\"column-1\">14<\/td><td class=\"column-2\">Kinzuraschwili<\/td><td class=\"column-3\">Henry<\/td><td class=\"column-4\">1991<\/td><td class=\"column-5\"><\/td>\n<\/tr>\n<tr class=\"row-15 odd\">\n\t<td class=\"column-1\">15<\/td><td class=\"column-2\">Kral<\/td><td class=\"column-3\">David<\/td><td class=\"column-4\">1978<\/td><td class=\"column-5\"><\/td>\n<\/tr>\n<tr class=\"row-16 even\">\n\t<td class=\"column-1\">16<\/td><td class=\"column-2\">Kupka <\/td><td class=\"column-3\">Leroy<\/td><td class=\"column-4\">1997<\/td><td class=\"column-5\"><\/td>\n<\/tr>\n<tr class=\"row-17 odd\">\n\t<td class=\"column-1\">17<\/td><td class=\"column-2\">K\u00fcndiger<\/td><td class=\"column-3\">Jan Philipp<\/td><td class=\"column-4\">2000<\/td><td class=\"column-5\">SV 09 Sta\u00dffurt<\/td>\n<\/tr>\n<tr class=\"row-18 even\">\n\t<td class=\"column-1\">18<\/td><td class=\"column-2\">Mehrholz<\/td><td class=\"column-3\">Philipp<\/td><td class=\"column-4\">1992<\/td><td class=\"column-5\"><\/td>\n<\/tr>\n<tr class=\"row-19 odd\">\n\t<td class=\"column-1\">19<\/td><td class=\"column-2\">Merkel<\/td><td class=\"column-3\">Marcel<\/td><td class=\"column-4\">1986<\/td><td class=\"column-5\"><\/td>\n<\/tr>\n<tr class=\"row-20 even\">\n\t<td class=\"column-1\">20<\/td><td class=\"column-2\">Meyer<\/td><td class=\"column-3\">Eric<\/td><td class=\"column-4\">1992<\/td><td class=\"column-5\"><\/td>\n<\/tr>\n<tr class=\"row-21 odd\">\n\t<td class=\"column-1\">21<\/td><td class=\"column-2\">Neumann<\/td><td class=\"column-3\">Sven<\/td><td class=\"column-4\">1996<\/td><td class=\"column-5\">Schwarz-Gelb Bernburg<\/td>\n<\/tr>\n<tr class=\"row-22 even\">\n\t<td class=\"column-1\">22<\/td><td class=\"column-2\">Nielsen<\/td><td class=\"column-3\">Alexander<\/td><td class=\"column-4\">1990<\/td><td class=\"column-5\"><\/td>\n<\/tr>\n<tr class=\"row-23 odd\">\n\t<td class=\"column-1\">23<\/td><td class=\"column-2\">Okubire<\/td><td class=\"column-3\">Charles<\/td><td class=\"column-4\">1995<\/td><td class=\"column-5\"><\/td>\n<\/tr>\n<tr class=\"row-24 even\">\n\t<td class=\"column-1\">24<\/td><td class=\"column-2\">Rehfeld<\/td><td class=\"column-3\">Thorsten<\/td><td class=\"column-4\">1977<\/td><td class=\"column-5\"><\/td>\n<\/tr>\n<tr class=\"row-25 odd\">\n\t<td class=\"column-1\">25<\/td><td class=\"column-2\">Reinhard<\/td><td class=\"column-3\">Tom<\/td><td class=\"column-4\">1994<\/td><td class=\"column-5\">Sportlust Gr\u00f6na<\/td>\n<\/tr>\n<tr class=\"row-26 even\">\n\t<td class=\"column-1\">26<\/td><td class=\"column-2\">R\u00f6diger<\/td><td class=\"column-3\">Marc<\/td><td class=\"column-4\">1976<\/td><td class=\"column-5\"><\/td>\n<\/tr>\n<tr class=\"row-27 odd\">\n\t<td class=\"column-1\">27<\/td><td class=\"column-2\">Schmidt<\/td><td class=\"column-3\">Andy<\/td><td class=\"column-4\">1992<\/td><td class=\"column-5\"><\/td>\n<\/tr>\n<tr class=\"row-28 even\">\n\t<td class=\"column-1\">28<\/td><td class=\"column-2\">Souschek<\/td><td class=\"column-3\">Jonas<\/td><td class=\"column-4\">1997<\/td><td class=\"column-5\"><\/td>\n<\/tr>\n<tr class=\"row-29 odd\">\n\t<td class=\"column-1\">29<\/td><td class=\"column-2\">Sperlich<\/td><td class=\"column-3\">Stefan<\/td><td class=\"column-4\">1980<\/td><td class=\"column-5\"><\/td>\n<\/tr>\n<tr class=\"row-30 even\">\n\t<td class=\"column-1\">30<\/td><td class=\"column-2\">Voigt<\/td><td class=\"column-3\">Ren\u00e9<\/td><td class=\"column-4\">1986<\/td><td class=\"column-5\"><\/td>\n<\/tr>\n<tr class=\"row-31 odd\">\n\t<td class=\"column-1\">31<\/td><td class=\"column-2\">Wiltner<\/td><td class=\"column-3\">Marc Steven<\/td><td class=\"column-4\">1997<\/td><td class=\"column-5\"> <\/td>\n<\/tr>\n<tr class=\"row-32 even\">\n\t<td class=\"column-1\">32<\/td><td class=\"column-2\">Zipfel<\/td><td class=\"column-3\">Julien<\/td><td class=\"column-4\">1994<\/td><td class=\"column-5\"><\/td>\n<\/tr>\n<\/tbody>\n<\/table>\n\n<h3>Abg\u00e4nge:<\/h3>\n<p>Robert Bahn (1.Mannschaft), Thomas Hensel (AH)<\/p>\n","protected":false},"excerpt":{"rendered":"<p>SV Einheit Bernburg II. 1. Kreisklasse Staffel 1 \u2013 2017\/18 Durch eine Umstruktuierung in den Kreisklassen nach der Saison 2014\/15 musste die 2.Mannschaft des SV Einheit ein Spieljahr in der neu geschaffenen 2.Kreisklasse verbringen. Durch eine furiose R\u00fcckrunde schafften die Sch\u00fctzlinge vom inzwischen zur\u00fcckgetretenen Trainer Hans-Dieter Bunk, als Sieger der Staffel 1, den Wiederaufstieg in [&hellip;]<\/p>\n","protected":false},"author":3,"featured_media":0,"parent":13596,"menu_order":0,"comment_status":"closed","ping_status":"closed","template":"","meta":{"footnotes":""},"_links":{"self":[{"href":"https:\/\/einheit-bernburg.de\/content\/index.php?rest_route=\/wp\/v2\/pages\/13670"}],"collection":[{"href":"https:\/\/einheit-bernburg.de\/content\/index.php?rest_route=\/wp\/v2\/pages"}],"about":[{"href":"https:\/\/einheit-bernburg.de\/content\/index.php?rest_route=\/wp\/v2\/types\/page"}],"author":[{"embeddable":true,"href":"https:\/\/einheit-bernburg.de\/content\/index.php?rest_route=\/wp\/v2\/users\/3"}],"replies":[{"embeddable":true,"href":"https:\/\/einheit-bernburg.de\/content\/index.php?rest_route=%2Fwp%2Fv2%2Fcomments&post=13670"}],"version-history":[{"count":1,"href":"https:\/\/einheit-bernburg.de\/content\/index.php?rest_route=\/wp\/v2\/pages\/13670\/revisions"}],"predecessor-version":[{"id":13671,"href":"https:\/\/einheit-bernburg.de\/content\/index.php?rest_route=\/wp\/v2\/pages\/13670\/revisions\/13671"}],"up":[{"embeddable":true,"href":"https:\/\/einheit-bernburg.de\/content\/index.php?rest_route=\/wp\/v2\/pages\/13596"}],"wp:attachment":[{"href":"https:\/\/einheit-bernburg.de\/content\/index.php?rest_route=%2Fwp%2Fv2%2Fmedia&parent=13670"}],"curies":[{"name":"wp","href":"https:\/\/api.w.org\/{rel}","templated":true}]}}