{"id":13847,"date":"2018-07-23T18:01:13","date_gmt":"2018-07-23T16:01:13","guid":{"rendered":"http:\/\/einheit-bernburg.de\/content\/?page_id=13847"},"modified":"2018-07-23T18:01:13","modified_gmt":"2018-07-23T16:01:13","slug":"kader-u-zielstellung","status":"publish","type":"page","link":"https:\/\/einheit-bernburg.de\/content\/?page_id=13847","title":{"rendered":"Archiv Kader u. Zielstellung A-Junioren 2017\/18"},"content":{"rendered":"<h1>TV Askania Bernburg<\/h1>\n<h3>Landesliga Staffel 5 &#8211; 2017\/18<\/h3>\n<p>Als souver\u00e4ner Staffelsieger der Landesliga Staffel 6 in der vergangenen Saison h\u00e4tten die A &#8211; Junioren der KOOP Askania-Einheit in der laufenden Saison in die Verbandsliga aufsteigen k\u00f6nnen. Dagegen entschieden sich letztendlich die Verantwortlichen der KOOP, weil aus dem aktuellen Kader hochkar\u00e4tige Abg\u00e4nge in den Herrenbereich zu verzeichnen waren. Nun darf man gespannt sein, ob es die neuen Trainer Nils Wendel und Manfred Schneppel schaffen, aus den tats\u00e4chlich vorhandenen Spielern wieder ein leistungsstarkes Team zu formen.<\/p>\n<p>Dazu w\u00fcnschen dem neuen Trainergespann und seiner Mannschaft viel Erfolg!<\/p>\n<hr \/>\n<div class=\"su-table su-table-alternate\">\n<table>\n<tbody>\n<tr>\n<td style=\"width: 25%\"><strong>Ansprechpartner<\/strong><\/td>\n<td>Markus Becker (Jugendleiter &#8211; Askania)\u00a0\u00a0\u00a0\u00a0\u00a0 Mobil: 0160 \/ 973 796 29<\/p>\n<p>Lothar Kral (Sportlicher Leiter &#8211; Einheit)<br \/>\nTel.: 03471\/311868, Mobil: 0177 \/ 939 42 32<\/td>\n<\/tr>\n<tr>\n<td style=\"width: 25%\"><strong>Trainingszeit<\/strong><\/td>\n<td>Dienstag u. Donnerstag jeweils 17:00 Uhr &#8211; 18:30 Uhr Askania &#8211; Sportplatz<\/td>\n<\/tr>\n<tr>\n<td style=\"width: 25%\"><strong>Trainer<\/strong><\/td>\n<td>Manfred Schneppel \u00a0\u00a0\u00a0\u00a0\u00a0\u00a0\u00a0\u00a0\u00a0\u00a0\u00a0\u00a0\u00a0\u00a0\u00a0\u00a0\u00a0\u00a0\u00a0\u00a0 Mobil: 0157 &#8211; 7479 02 93<\/td>\n<\/tr>\n<tr>\n<td style=\"width: 25%\"><strong>Co &#8211; Trainer<br \/>\n<\/strong><\/td>\n<td><\/td>\n<\/tr>\n<tr>\n<td style=\"width: 25%\"><strong>Zielstellung<\/strong><\/td>\n<td><\/td>\n<\/tr>\n<\/tbody>\n<\/table>\n<\/div>\n<hr \/>\n<h3>Kader<\/h3>\n\n<table id=\"tablepress-36\" class=\"tablepress tablepress-id-36\">\n<thead>\n<tr class=\"row-1 odd\">\n\t<th class=\"column-1\">Name<\/th><th class=\"column-2\">Vorname<\/th><th class=\"column-3\">Jahrgang<\/th><th class=\"column-4\">Herkunft<\/th>\n<\/tr>\n<\/thead>\n<tbody>\n<tr class=\"row-2 even\">\n\t<td class=\"column-1\">Donath<\/td><td class=\"column-2\">Jonas<\/td><td class=\"column-3\">1999<\/td><td class=\"column-4\">Askania ? (Studium)<\/td>\n<\/tr>\n<tr class=\"row-3 odd\">\n\t<td class=\"column-1\">Ehrhardt<\/td><td class=\"column-2\">Andreas<\/td><td class=\"column-3\">1999<\/td><td class=\"column-4\">Askania - ?<\/td>\n<\/tr>\n<tr class=\"row-4 even\">\n\t<td class=\"column-1\">Lange<\/td><td class=\"column-2\">Calvin<\/td><td class=\"column-3\">1999<\/td><td class=\"column-4\">Askania<\/td>\n<\/tr>\n<tr class=\"row-5 odd\">\n\t<td class=\"column-1\">Nietschmann<\/td><td class=\"column-2\">Nils<\/td><td class=\"column-3\">1999<\/td><td class=\"column-4\">Einheit - 1.M\u00e4\/Aushilfe A<\/td>\n<\/tr>\n<tr class=\"row-6 even\">\n\t<td class=\"column-1\">Pietzsch<\/td><td class=\"column-2\">Hannes<\/td><td class=\"column-3\">1999<\/td><td class=\"column-4\">Askania<\/td>\n<\/tr>\n<tr class=\"row-7 odd\">\n\t<td class=\"column-1\">R\u00fcger<\/td><td class=\"column-2\">Ruven<\/td><td class=\"column-3\">1999<\/td><td class=\"column-4\">Askania<\/td>\n<\/tr>\n<tr class=\"row-8 even\">\n\t<td class=\"column-1\">Wasserberg<\/td><td class=\"column-2\">Jan Eric<\/td><td class=\"column-3\">1999<\/td><td class=\"column-4\">GS Schw.-Gelb Bernburg<\/td>\n<\/tr>\n<tr class=\"row-9 odd\">\n\t<td class=\"column-1\">Westphal<\/td><td class=\"column-2\">Kay Uwe<\/td><td class=\"column-3\">1999<\/td><td class=\"column-4\">Askania - 2.M\u00e4\/Aushilfe A<\/td>\n<\/tr>\n<tr class=\"row-10 even\">\n\t<td class=\"column-1\">W\u00fcnsch<\/td><td class=\"column-2\">Dominic<\/td><td class=\"column-3\">1999<\/td><td class=\"column-4\">Askania - 2.M\u00e4\/Aushilfe A<\/td>\n<\/tr>\n<tr class=\"row-11 odd\">\n\t<td class=\"column-1\">Apel<\/td><td class=\"column-2\">Tim<\/td><td class=\"column-3\">2000<\/td><td class=\"column-4\">Einheit<\/td>\n<\/tr>\n<tr class=\"row-12 even\">\n\t<td class=\"column-1\">Bertram<\/td><td class=\"column-2\">Erik<\/td><td class=\"column-3\">2000<\/td><td class=\"column-4\">Einheit<\/td>\n<\/tr>\n<tr class=\"row-13 odd\">\n\t<td class=\"column-1\">Klausnitzer<\/td><td class=\"column-2\">Max<\/td><td class=\"column-3\">2000<\/td><td class=\"column-4\">Askania<\/td>\n<\/tr>\n<tr class=\"row-14 even\">\n\t<td class=\"column-1\">Koudelka<\/td><td class=\"column-2\">Aaron<\/td><td class=\"column-3\">2000<\/td><td class=\"column-4\">Askania<\/td>\n<\/tr>\n<tr class=\"row-15 odd\">\n\t<td class=\"column-1\">K\u00fcmmel<\/td><td class=\"column-2\">Eddie<\/td><td class=\"column-3\">2000<\/td><td class=\"column-4\">Askania<\/td>\n<\/tr>\n<tr class=\"row-16 even\">\n\t<td class=\"column-1\">Le<\/td><td class=\"column-2\">Tri Huong<\/td><td class=\"column-3\">2000<\/td><td class=\"column-4\">Einheit<\/td>\n<\/tr>\n<tr class=\"row-17 odd\">\n\t<td class=\"column-1\">Nachtigall<\/td><td class=\"column-2\">Till<\/td><td class=\"column-3\">2000<\/td><td class=\"column-4\">Einheit<\/td>\n<\/tr>\n<tr class=\"row-18 even\">\n\t<td class=\"column-1\">Salehzada<\/td><td class=\"column-2\">Wais<\/td><td class=\"column-3\">.2000<\/td><td class=\"column-4\">Einheit<\/td>\n<\/tr>\n<tr class=\"row-19 odd\">\n\t<td class=\"column-1\">Vosshans<\/td><td class=\"column-2\">Tom<\/td><td class=\"column-3\">2000<\/td><td class=\"column-4\">Askania<\/td>\n<\/tr>\n<tr class=\"row-20 even\">\n\t<td class=\"column-1\">Walcer<\/td><td class=\"column-2\">Niklas<\/td><td class=\"column-3\">2000<\/td><td class=\"column-4\">Askania<\/td>\n<\/tr>\n<tr class=\"row-21 odd\">\n\t<td class=\"column-1\"><\/td><td class=\"column-2\"><\/td><td class=\"column-3\"><\/td><td class=\"column-4\"><\/td>\n<\/tr>\n<\/tbody>\n<\/table>\n\n","protected":false},"excerpt":{"rendered":"<p>TV Askania Bernburg Landesliga Staffel 5 &#8211; 2017\/18 Als souver\u00e4ner Staffelsieger der Landesliga Staffel 6 in der vergangenen Saison h\u00e4tten die A &#8211; Junioren der KOOP Askania-Einheit in der laufenden Saison in die Verbandsliga aufsteigen k\u00f6nnen. Dagegen entschieden sich letztendlich die Verantwortlichen der KOOP, weil aus dem aktuellen Kader hochkar\u00e4tige Abg\u00e4nge in den Herrenbereich zu [&hellip;]<\/p>\n","protected":false},"author":3,"featured_media":0,"parent":13827,"menu_order":0,"comment_status":"closed","ping_status":"closed","template":"","meta":{"footnotes":""},"_links":{"self":[{"href":"https:\/\/einheit-bernburg.de\/content\/index.php?rest_route=\/wp\/v2\/pages\/13847"}],"collection":[{"href":"https:\/\/einheit-bernburg.de\/content\/index.php?rest_route=\/wp\/v2\/pages"}],"about":[{"href":"https:\/\/einheit-bernburg.de\/content\/index.php?rest_route=\/wp\/v2\/types\/page"}],"author":[{"embeddable":true,"href":"https:\/\/einheit-bernburg.de\/content\/index.php?rest_route=\/wp\/v2\/users\/3"}],"replies":[{"embeddable":true,"href":"https:\/\/einheit-bernburg.de\/content\/index.php?rest_route=%2Fwp%2Fv2%2Fcomments&post=13847"}],"version-history":[{"count":1,"href":"https:\/\/einheit-bernburg.de\/content\/index.php?rest_route=\/wp\/v2\/pages\/13847\/revisions"}],"predecessor-version":[{"id":13848,"href":"https:\/\/einheit-bernburg.de\/content\/index.php?rest_route=\/wp\/v2\/pages\/13847\/revisions\/13848"}],"up":[{"embeddable":true,"href":"https:\/\/einheit-bernburg.de\/content\/index.php?rest_route=\/wp\/v2\/pages\/13827"}],"wp:attachment":[{"href":"https:\/\/einheit-bernburg.de\/content\/index.php?rest_route=%2Fwp%2Fv2%2Fmedia&parent=13847"}],"curies":[{"name":"wp","href":"https:\/\/api.w.org\/{rel}","templated":true}]}}