{"id":14233,"date":"2018-07-25T10:04:38","date_gmt":"2018-07-25T08:04:38","guid":{"rendered":"http:\/\/einheit-bernburg.de\/content\/?page_id=14233"},"modified":"2018-07-25T10:04:38","modified_gmt":"2018-07-25T08:04:38","slug":"kader-u-zielstellung-e1-junioren","status":"publish","type":"page","link":"https:\/\/einheit-bernburg.de\/content\/?page_id=14233","title":{"rendered":"Archiv Kader u. Zielstellung D3-Junioren 2017\/18"},"content":{"rendered":"<h1 class=\"aufm\">SV Einheit Bernburg<\/h1>\n<h3>1. Kreisklasse Staffel 2 \u2013 2017\/18<\/h3>\n<p>\u00dcberraschend konnte sich diese Mannschaft, damals noch unter alter F\u00fchrung, als Zweiter der Vorrunde f\u00fcr die Kreisoberliga und damit f\u00fcr die Spiele um Platz 1 &#8211; 8 qualifizieren. Ein Sieg sprang dabei f\u00fcr den damals noch haupts\u00e4chlich j\u00fcngeren Jahrgang in dieser AK\u00a0 allerdings in dieser Runde nicht heraus. Jedoch konnte man Leistungsfortschritte, besonders gegen die st\u00e4rkeren Gegner dieser Meisterrunde registrieren.<br \/>\nDaran soll in dieser Saison angekn\u00fcpft werden, ist man nun schlie\u00dflich \u00e4lterer Jahrgang und fast alle Spieler blieben dem Team erhalten. Nur Joey Rosemeier und Paul Z. (beide zur C2), Daniel Palumbo (verzogen), sowie Maria G\u00f6ring (zu den M\u00e4dchen von Lok Aschersleben) haben die Mannschaft verlassen. Daf\u00fcr r\u00fccken einige Spieler aus den letztj\u00e4hrigen E-Junioren nach.<\/p>\n<p>Wir w\u00fcnschen der Mannschaft um ihr neues Trainerkollektiv Lars Hirschmann und Gerd Jende viel Erfolg im neuen Spieljahr!<\/p>\n<hr \/>\n<div class=\"su-table su-table-alternate\">\n<table>\n<tbody>\n<tr>\n<td style=\"width: 25%\"><strong>Ansprechpartner<\/strong><\/td>\n<td>Lothar Kral (Sportlicher Leiter)<br \/>\nTel.: 03471 \/ 311868, Mobil: 0177 \/ 939 42 32Markus Becker (Jugendleiter &#8211; Askania) Mobil: 0160 \/ 973 796 29<\/td>\n<\/tr>\n<tr>\n<td style=\"width: 25%\"><strong>Trainingszeit<\/strong><\/td>\n<td>Montag u. Mittwoch\u00a0 17:00 Uhr &#8211; 18:30 Uhr Einheit &#8211; Sportplatz<\/td>\n<\/tr>\n<tr>\n<td style=\"width: 25%\"><strong>Hallentraining<\/strong><\/td>\n<td>Mittwoch 16:30 Uhr &#8211; 18:00 Uhr Bruno-Hinz-Sporthalle<br \/>\n01.11.2017 &#8211; 07.03.2018 m\u00f6glich (ohne Ferien)<\/td>\n<\/tr>\n<tr>\n<td style=\"width: 25%\"><strong>Trainer<\/strong><\/td>\n<td>Lars Hirschmann \u00a0\u00a0\u00a0\u00a0\u00a0\u00a0\u00a0\u00a0\u00a0\u00a0\u00a0 Mobil: 0151 \/ 217 083 10<\/p>\n<p>Gerd Jende \u00a0\u00a0\u00a0\u00a0\u00a0\u00a0\u00a0\u00a0\u00a0\u00a0\u00a0\u00a0\u00a0\u00a0\u00a0\u00a0\u00a0\u00a0\u00a0\u00a0\u00a0\u00a0 Mobil: 0152 \/ 318 537 89<\/td>\n<\/tr>\n<tr>\n<td style=\"width: 25%\"><strong>Zielstellung<\/strong><\/td>\n<td>Qualifikation zur Kreisoberliga<\/td>\n<\/tr>\n<\/tbody>\n<\/table>\n<\/div>\n<hr \/>\n<h3>Kader<\/h3>\n\n<table id=\"tablepress-43\" class=\"tablepress tablepress-id-43\">\n<thead>\n<tr class=\"row-1 odd\">\n\t<th class=\"column-1\">Name<\/th><th class=\"column-2\">Vorname<\/th><th class=\"column-3\">Jahrgang<\/th><th class=\"column-4\">Herkunft<\/th><th class=\"column-5\"><\/th><th class=\"column-6\"><\/th><th class=\"column-7\"><\/th><th class=\"column-8\"><\/th>\n<\/tr>\n<\/thead>\n<tbody>\n<tr class=\"row-2 even\">\n\t<td class=\"column-1\">Aliev<\/td><td class=\"column-2\">Elias<\/td><td class=\"column-3\">2005<\/td><td class=\"column-4\">SV Einheit<\/td><td class=\"column-5\"><\/td><td class=\"column-6\"><\/td><td class=\"column-7\"><\/td><td class=\"column-8\"><\/td>\n<\/tr>\n<tr class=\"row-3 odd\">\n\t<td class=\"column-1\">Eckhardt<\/td><td class=\"column-2\">Jeremy Maurice<\/td><td class=\"column-3\">2005<\/td><td class=\"column-4\">SV Einheit<\/td><td class=\"column-5\"><\/td><td class=\"column-6\"><\/td><td class=\"column-7\"><\/td><td class=\"column-8\"><\/td>\n<\/tr>\n<tr class=\"row-4 even\">\n\t<td class=\"column-1\">Fadel<\/td><td class=\"column-2\">Mohamed<\/td><td class=\"column-3\">2005<\/td><td class=\"column-4\">SV Einheit<\/td><td class=\"column-5\">Syrien,<br \/>\nPassantrag in Arbeit<\/td><td class=\"column-6\"><\/td><td class=\"column-7\"><\/td><td class=\"column-8\"><\/td>\n<\/tr>\n<tr class=\"row-5 odd\">\n\t<td class=\"column-1\">Habenreich<\/td><td class=\"column-2\">Jonas<\/td><td class=\"column-3\">2005<\/td><td class=\"column-4\">SV Einheit<\/td><td class=\"column-5\"><\/td><td class=\"column-6\"><\/td><td class=\"column-7\"><\/td><td class=\"column-8\"><\/td>\n<\/tr>\n<tr class=\"row-6 even\">\n\t<td class=\"column-1\">Hammermann<\/td><td class=\"column-2\">Moritz Emanuel<\/td><td class=\"column-3\">2005<\/td><td class=\"column-4\">SV Einheit<\/td><td class=\"column-5\"><\/td><td class=\"column-6\"><\/td><td class=\"column-7\"><\/td><td class=\"column-8\"><\/td>\n<\/tr>\n<tr class=\"row-7 odd\">\n\t<td class=\"column-1\">Hofmann<\/td><td class=\"column-2\">Dominik<\/td><td class=\"column-3\">2005<\/td><td class=\"column-4\">SV Einheit<\/td><td class=\"column-5\"><\/td><td class=\"column-6\"><\/td><td class=\"column-7\"><\/td><td class=\"column-8\"><\/td>\n<\/tr>\n<tr class=\"row-8 even\">\n\t<td class=\"column-1\">Jende<\/td><td class=\"column-2\">Sebastian<\/td><td class=\"column-3\">2005<\/td><td class=\"column-4\">SV Einheit<\/td><td class=\"column-5\"><\/td><td class=\"column-6\"><\/td><td class=\"column-7\"><\/td><td class=\"column-8\"><\/td>\n<\/tr>\n<tr class=\"row-9 odd\">\n\t<td class=\"column-1\">Jennert<\/td><td class=\"column-2\">Jannik<\/td><td class=\"column-3\">2005<\/td><td class=\"column-4\">SV Einheit<\/td><td class=\"column-5\"><\/td><td class=\"column-6\"><\/td><td class=\"column-7\"><\/td><td class=\"column-8\"><\/td>\n<\/tr>\n<tr class=\"row-10 even\">\n\t<td class=\"column-1\">Kanhash<\/td><td class=\"column-2\">Ouday<\/td><td class=\"column-3\">2005<\/td><td class=\"column-4\">SV Einheit<\/td><td class=\"column-5\">Syrien<\/td><td class=\"column-6\"><\/td><td class=\"column-7\"><\/td><td class=\"column-8\"><\/td>\n<\/tr>\n<tr class=\"row-11 odd\">\n\t<td class=\"column-1\">Mathes<\/td><td class=\"column-2\">Benedikt<\/td><td class=\"column-3\">2005<\/td><td class=\"column-4\">SV Einheit<\/td><td class=\"column-5\"><\/td><td class=\"column-6\"><\/td><td class=\"column-7\"><\/td><td class=\"column-8\"><\/td>\n<\/tr>\n<tr class=\"row-12 even\">\n\t<td class=\"column-1\">Matthias<\/td><td class=\"column-2\">Phillip<\/td><td class=\"column-3\">2006<\/td><td class=\"column-4\">SV Einheit<\/td><td class=\"column-5\"><\/td><td class=\"column-6\"><\/td><td class=\"column-7\"><\/td><td class=\"column-8\"><\/td>\n<\/tr>\n<tr class=\"row-13 odd\">\n\t<td class=\"column-1\">Reinke<\/td><td class=\"column-2\">Maximilian<\/td><td class=\"column-3\">2005<\/td><td class=\"column-4\">SV Einheit (Neuzugang von Schw.-Gelb Bernburg)<\/td><td class=\"column-5\"><\/td><td class=\"column-6\"><\/td><td class=\"column-7\"><\/td><td class=\"column-8\"><\/td>\n<\/tr>\n<tr class=\"row-14 even\">\n\t<td class=\"column-1\">Rohrbach<\/td><td class=\"column-2\">Niklas<\/td><td class=\"column-3\">2006<\/td><td class=\"column-4\">SV Einheit<\/td><td class=\"column-5\"><\/td><td class=\"column-6\"><\/td><td class=\"column-7\"><\/td><td class=\"column-8\"><\/td>\n<\/tr>\n<tr class=\"row-15 odd\">\n\t<td class=\"column-1\">Rostami<\/td><td class=\"column-2\">Salim<\/td><td class=\"column-3\">2006<\/td><td class=\"column-4\">SV Einheit<\/td><td class=\"column-5\">Afghanistan<br \/>\n<\/td><td class=\"column-6\"><\/td><td class=\"column-7\"><\/td><td class=\"column-8\"><\/td>\n<\/tr>\n<tr class=\"row-16 even\">\n\t<td class=\"column-1\">Spandau<\/td><td class=\"column-2\">Philipp<\/td><td class=\"column-3\">2005<\/td><td class=\"column-4\">SV Einheit<\/td><td class=\"column-5\"><\/td><td class=\"column-6\"><\/td><td class=\"column-7\"><\/td><td class=\"column-8\"><\/td>\n<\/tr>\n<tr class=\"row-17 odd\">\n\t<td class=\"column-1\">Stolz<\/td><td class=\"column-2\">Jan Malte<\/td><td class=\"column-3\">2006<\/td><td class=\"column-4\">SV Einheit<\/td><td class=\"column-5\"><\/td><td class=\"column-6\"><\/td><td class=\"column-7\"><\/td><td class=\"column-8\"><\/td>\n<\/tr>\n<tr class=\"row-18 even\">\n\t<td class=\"column-1\">Vaduva<\/td><td class=\"column-2\">Dariana Viktoria<\/td><td class=\"column-3\">2005<\/td><td class=\"column-4\">SV Einheit<\/td><td class=\"column-5\"><\/td><td class=\"column-6\"><\/td><td class=\"column-7\"><\/td><td class=\"column-8\"><\/td>\n<\/tr>\n<tr class=\"row-19 odd\">\n\t<td class=\"column-1\">Vaduva<\/td><td class=\"column-2\">Pascal Ciprian<\/td><td class=\"column-3\">2005<\/td><td class=\"column-4\">SV Einheit<\/td><td class=\"column-5\"><\/td><td class=\"column-6\"><\/td><td class=\"column-7\"><\/td><td class=\"column-8\"><\/td>\n<\/tr>\n<\/tbody>\n<\/table>\n\n","protected":false},"excerpt":{"rendered":"<p>SV Einheit Bernburg 1. Kreisklasse Staffel 2 \u2013 2017\/18 \u00dcberraschend konnte sich diese Mannschaft, damals noch unter alter F\u00fchrung, als Zweiter der Vorrunde f\u00fcr die Kreisoberliga und damit f\u00fcr die Spiele um Platz 1 &#8211; 8 qualifizieren. Ein Sieg sprang dabei f\u00fcr den damals noch haupts\u00e4chlich j\u00fcngeren Jahrgang in dieser AK\u00a0 allerdings in dieser Runde [&hellip;]<\/p>\n","protected":false},"author":3,"featured_media":0,"parent":14107,"menu_order":0,"comment_status":"closed","ping_status":"closed","template":"","meta":{"footnotes":""},"_links":{"self":[{"href":"https:\/\/einheit-bernburg.de\/content\/index.php?rest_route=\/wp\/v2\/pages\/14233"}],"collection":[{"href":"https:\/\/einheit-bernburg.de\/content\/index.php?rest_route=\/wp\/v2\/pages"}],"about":[{"href":"https:\/\/einheit-bernburg.de\/content\/index.php?rest_route=\/wp\/v2\/types\/page"}],"author":[{"embeddable":true,"href":"https:\/\/einheit-bernburg.de\/content\/index.php?rest_route=\/wp\/v2\/users\/3"}],"replies":[{"embeddable":true,"href":"https:\/\/einheit-bernburg.de\/content\/index.php?rest_route=%2Fwp%2Fv2%2Fcomments&post=14233"}],"version-history":[{"count":1,"href":"https:\/\/einheit-bernburg.de\/content\/index.php?rest_route=\/wp\/v2\/pages\/14233\/revisions"}],"predecessor-version":[{"id":14234,"href":"https:\/\/einheit-bernburg.de\/content\/index.php?rest_route=\/wp\/v2\/pages\/14233\/revisions\/14234"}],"up":[{"embeddable":true,"href":"https:\/\/einheit-bernburg.de\/content\/index.php?rest_route=\/wp\/v2\/pages\/14107"}],"wp:attachment":[{"href":"https:\/\/einheit-bernburg.de\/content\/index.php?rest_route=%2Fwp%2Fv2%2Fmedia&parent=14233"}],"curies":[{"name":"wp","href":"https:\/\/api.w.org\/{rel}","templated":true}]}}