{"id":14509,"date":"2018-07-27T09:44:25","date_gmt":"2018-07-27T07:44:25","guid":{"rendered":"http:\/\/einheit-bernburg.de\/content\/?page_id=14509"},"modified":"2018-07-27T09:51:16","modified_gmt":"2018-07-27T07:51:16","slug":"kader-u-zielstellung-f2-junioren-201718","status":"publish","type":"page","link":"https:\/\/einheit-bernburg.de\/content\/?page_id=14509","title":{"rendered":"Archiv Kader u. Zielstellung F2 \u2013 Junioren 2017\/18"},"content":{"rendered":"<h1 class=\"aufm\">SV Einheit Bernburg<\/h1>\n<h3>2017\/18<\/h3>\n<p>Die aktuellen F2 &#8211; Junioren der KOOP Askania-Einheit Bernburg sind\u00a0 aus den G &#8211; Junioren des SV Einheit der vergangenen Saison hervorgegangen und werden in diesem Spieljahr als SV Einheit Bernburg auflaufen. Ihr Trainer Christian M\u00e4nnicke (Einheit) bleibt ihnen erhalten, w\u00e4hren der zweite Trainer Enrico Erbring, dem wir f\u00fcr seine Arbeit danken, im Moment aus beruflichen Gr\u00fcnden dieser Aufgabe nicht mehr nachkommen kann.<br \/>\n<strong>Inzwischen hat sich Simon Kirchhof, Vater von Tamo &#8211; einer Neuanmeldung, ein weiterer Trainer gefunden \ud83d\ude42<\/strong><br \/>\nEntgegen den vergangenen Jahren, wo man bei den F &#8211; Junioren noch nach einem ausgekl\u00fcgelten Wertungssystem spielte, wird ab dieser Saison auch hier die Fair-Play Liga eingef\u00fchrt. Das hei\u00dft man spielt Turniere, \u00e4hnlich wie bei den G &#8211; Junioren und eine Wertung wird nicht mehr vorgenommen. Auch einen Schiedsrichter wird es nicht mehr geben, sondern die Kinder sollen selbst entscheiden, ob Aus, Ecke, Freisto\u00df, Absto\u00df, Strafsto\u00df oder Handspiel. Nur im Streitfall greift der Hauptschiedsrichter (Trainer der in der Ansetzung erstgenannten Mannschaft) ein. Und nicht nur das ist neu bei den F &#8211; Junioren. Auch die Spiele um den Kreispokal und um die Hallenkreismeisterschaft werden nicht mehr durchgef\u00fchrt &#8211; was man sich auch immer dabei denkt. :-(. Schade eigentlich &#8211; aber lassen wir die Kids erstmal spielen. Wir hoffen und das ist das prim\u00e4re Ziel auch in dieser Altersklasse, der Spa\u00df bleibt ihnen erhalten und die Kinder entwickeln ihre fu\u00dfballerischen F\u00e4higkeiten, sowohl im technischen Bereich, als auch taktisch weiter.<\/p>\n<p><em>Dazu w\u00fcnschen wir den Verantwortlichen mit ihrer Mannschaft gutes Gelingen.<\/em><\/p>\n<hr \/>\n<div class=\"su-table su-table-alternate\">\n<table>\n<tbody>\n<tr>\n<td style=\"width: 25%\"><strong>Ansprechpartner<\/strong><\/td>\n<td>Lothar Kral (Sportlicher Leiter &#8211; Einheit)<br \/>\nTel.: 03471 \/ 311868, Mobil: 0177 \/ 939 42 32Markus Becker (Jugendleiter &#8211; Askania) Mobil: 0160 &#8211; 973 796 29<\/td>\n<\/tr>\n<tr>\n<td style=\"width: 25%\"><strong>Trainingszeit<\/strong><\/td>\n<td>Dienstag\u00a0\u00a0\u00a0\u00a0\u00a0\u00a0 16:30 Uhr &#8211; 18:00 Uhr Einheit &#8211; Sportplatz<\/p>\n<p>Donnerstag\u00a0 16:30 Uhr &#8211; 18:00 Uhr Einheit &#8211; Sportplatz<\/td>\n<\/tr>\n<tr>\n<td style=\"width: 25%\"><strong>Hallentraining<\/strong><\/td>\n<td>Mittwoch\u00a0\u00a0\u00a0\u00a0\u00a0 17:00 Uhr &#8211; 18:00 Uhr Sporthalle Goetheschule<br \/>\nab 18.10.2017 &#8211; 14.03.2018 m\u00f6glich<\/td>\n<\/tr>\n<tr>\n<td style=\"width: 25%\"><strong>Trainer<\/strong><\/td>\n<td>Christian M\u00e4nnicke\u00a0 Mobil: 0176 \/ 825 726 05<\/p>\n<p>Simon Kirchhof \u00a0\u00a0\u00a0\u00a0\u00a0\u00a0\u00a0 Mobil: 0177 \/ 412 69 85<\/td>\n<\/tr>\n<tr>\n<td style=\"width: 25%\"><strong>Betreuerin<\/strong><\/td>\n<td>\u00a0Ellen Littig \u00a0 \u00a0 \u00a0 \u00a0\u00a0\u00a0\u00a0\u00a0\u00a0\u00a0\u00a0\u00a0 Mobil: 0176 \/ 769 322 27<\/td>\n<\/tr>\n<tr>\n<td style=\"width: 25%\"><strong>Zielstellung<\/strong><\/td>\n<td>Viel Spa\u00df haben, Fair-Play vorleben, auf verkleinerten Spielfeldern<br \/>\nmehr Ballkontakte zu haben, mehr Zweik\u00e4mpfe zu f\u00fchren und damit die sportliche Entwicklung der Kinder intensiver voranzutreiben.<\/td>\n<\/tr>\n<\/tbody>\n<\/table>\n<\/div>\n<hr \/>\n<h3>Kader<\/h3>\n\n<table id=\"tablepress-61\" class=\"tablepress tablepress-id-61\">\n<thead>\n<tr class=\"row-1 odd\">\n\t<th class=\"column-1\">Name<\/th><th class=\"column-2\">Vorname<\/th><th class=\"column-3\">Jahrgang<\/th><th class=\"column-4\">Herkunft<\/th><th class=\"column-5\"><\/th><th class=\"column-6\"><\/th><th class=\"column-7\"><\/th><th class=\"column-8\"><\/th>\n<\/tr>\n<\/thead>\n<tbody>\n<tr class=\"row-2 even\">\n\t<td class=\"column-1\">Cichy<\/td><td class=\"column-2\">Konstantin<\/td><td class=\"column-3\">2010<\/td><td class=\"column-4\">SV Einheit<\/td><td class=\"column-5\"><\/td><td class=\"column-6\"><\/td><td class=\"column-7\"><\/td><td class=\"column-8\"><\/td>\n<\/tr>\n<tr class=\"row-3 odd\">\n\t<td class=\"column-1\">Hammermann<\/td><td class=\"column-2\">Franz<\/td><td class=\"column-3\">2010<\/td><td class=\"column-4\">SV Einheit<\/td><td class=\"column-5\"><\/td><td class=\"column-6\"><\/td><td class=\"column-7\"><\/td><td class=\"column-8\"><\/td>\n<\/tr>\n<tr class=\"row-4 even\">\n\t<td class=\"column-1\">Herrmann<\/td><td class=\"column-2\">Ben - Luca<\/td><td class=\"column-3\">2010<\/td><td class=\"column-4\">SV Einheit<\/td><td class=\"column-5\"><\/td><td class=\"column-6\"><\/td><td class=\"column-7\"><\/td><td class=\"column-8\"><\/td>\n<\/tr>\n<tr class=\"row-5 odd\">\n\t<td class=\"column-1\">Kirchhof<\/td><td class=\"column-2\">Tamo<\/td><td class=\"column-3\">2010<\/td><td class=\"column-4\">SV Einheit<\/td><td class=\"column-5\"><\/td><td class=\"column-6\"><\/td><td class=\"column-7\"><\/td><td class=\"column-8\"><\/td>\n<\/tr>\n<tr class=\"row-6 even\">\n\t<td class=\"column-1\">Littig<\/td><td class=\"column-2\">Luca<\/td><td class=\"column-3\">2009<\/td><td class=\"column-4\">SV Einheit<\/td><td class=\"column-5\"><\/td><td class=\"column-6\"><\/td><td class=\"column-7\"><\/td><td class=\"column-8\"><\/td>\n<\/tr>\n<tr class=\"row-7 odd\">\n\t<td class=\"column-1\">Raznitsyn<\/td><td class=\"column-2\">Oleksii<\/td><td class=\"column-3\">2009<\/td><td class=\"column-4\">SV Einheit<\/td><td class=\"column-5\"><\/td><td class=\"column-6\"><\/td><td class=\"column-7\"><\/td><td class=\"column-8\"><\/td>\n<\/tr>\n<tr class=\"row-8 even\">\n\t<td class=\"column-1\">Schm\u00fccker<\/td><td class=\"column-2\">Marco<\/td><td class=\"column-3\">2010<\/td><td class=\"column-4\">SV Einheit<\/td><td class=\"column-5\"><\/td><td class=\"column-6\"><\/td><td class=\"column-7\"><\/td><td class=\"column-8\"><\/td>\n<\/tr>\n<tr class=\"row-9 odd\">\n\t<td class=\"column-1\">Sieland<\/td><td class=\"column-2\">Johannes<\/td><td class=\"column-3\">2010<\/td><td class=\"column-4\">SV Einheit<\/td><td class=\"column-5\"><\/td><td class=\"column-6\"><\/td><td class=\"column-7\"><\/td><td class=\"column-8\"><\/td>\n<\/tr>\n<tr class=\"row-10 even\">\n\t<td class=\"column-1\">Winkler<\/td><td class=\"column-2\">Elias<\/td><td class=\"column-3\">2009<\/td><td class=\"column-4\">SV Einheit<\/td><td class=\"column-5\"><\/td><td class=\"column-6\"><\/td><td class=\"column-7\"><\/td><td class=\"column-8\"><\/td>\n<\/tr>\n<tr class=\"row-11 odd\">\n\t<td class=\"column-1\">Wurg<\/td><td class=\"column-2\">Angelo Kevin<\/td><td class=\"column-3\">2010<\/td><td class=\"column-4\">SV Einheit<\/td><td class=\"column-5\"><\/td><td class=\"column-6\"><\/td><td class=\"column-7\"><\/td><td class=\"column-8\"><\/td>\n<\/tr>\n<tr class=\"row-12 even\">\n\t<td class=\"column-1\">Zabel<\/td><td class=\"column-2\">Lenny<\/td><td class=\"column-3\">2009<\/td><td class=\"column-4\">SV Einheit<\/td><td class=\"column-5\"><\/td><td class=\"column-6\"><\/td><td class=\"column-7\"><\/td><td class=\"column-8\"><\/td>\n<\/tr>\n<tr class=\"row-13 odd\">\n\t<td class=\"column-1\"><\/td><td class=\"column-2\"><\/td><td class=\"column-3\"><\/td><td class=\"column-4\"><\/td><td class=\"column-5\"><\/td><td class=\"column-6\"><\/td><td class=\"column-7\"><\/td><td class=\"column-8\"><\/td>\n<\/tr>\n<tr class=\"row-14 even\">\n\t<td class=\"column-1\">K\u00e4mmerer<\/td><td class=\"column-2\">Rico<\/td><td class=\"column-3\">2009<\/td><td class=\"column-4\">SV Einheit  (F1)<\/td><td class=\"column-5\"><\/td><td class=\"column-6\"><\/td><td class=\"column-7\"><\/td><td class=\"column-8\"><\/td>\n<\/tr>\n<tr class=\"row-15 odd\">\n\t<td class=\"column-1\">Kipka<\/td><td class=\"column-2\">Max<\/td><td class=\"column-3\">2009<\/td><td class=\"column-4\">SV Einheit  (F1)<\/td><td class=\"column-5\"><\/td><td class=\"column-6\"><\/td><td class=\"column-7\"><\/td><td class=\"column-8\"><\/td>\n<\/tr>\n<tr class=\"row-16 even\">\n\t<td class=\"column-1\">Roenbach<\/td><td class=\"column-2\">Lennyca<\/td><td class=\"column-3\">2009<\/td><td class=\"column-4\">SV Einheit  (F1)<\/td><td class=\"column-5\"><\/td><td class=\"column-6\"><\/td><td class=\"column-7\"><\/td><td class=\"column-8\"><\/td>\n<\/tr>\n<tr class=\"row-17 odd\">\n\t<td class=\"column-1\">B\u00fcttner<\/td><td class=\"column-2\">Moritz Veith<\/td><td class=\"column-3\">2009<\/td><td class=\"column-4\">SV Einheit  (E3)<\/td><td class=\"column-5\"><\/td><td class=\"column-6\"><\/td><td class=\"column-7\"><\/td><td class=\"column-8\"><\/td>\n<\/tr>\n<tr class=\"row-18 even\">\n\t<td class=\"column-1\">Wiedensee<\/td><td class=\"column-2\">Erik<\/td><td class=\"column-3\">2009<\/td><td class=\"column-4\">SV Einheit  (E3)<\/td><td class=\"column-5\"><\/td><td class=\"column-6\"><\/td><td class=\"column-7\"><\/td><td class=\"column-8\"><\/td>\n<\/tr>\n<tr class=\"row-19 odd\">\n\t<td class=\"column-1\">G\u00fcnther<\/td><td class=\"column-2\">Julius<\/td><td class=\"column-3\">2009<\/td><td class=\"column-4\">SV Einheit  (E2)<\/td><td class=\"column-5\"><\/td><td class=\"column-6\"><\/td><td class=\"column-7\"><\/td><td class=\"column-8\"><\/td>\n<\/tr>\n<\/tbody>\n<\/table>\n\n","protected":false},"excerpt":{"rendered":"<p>SV Einheit Bernburg 2017\/18 Die aktuellen F2 &#8211; Junioren der KOOP Askania-Einheit Bernburg sind\u00a0 aus den G &#8211; Junioren des SV Einheit der vergangenen Saison hervorgegangen und werden in diesem Spieljahr als SV Einheit Bernburg auflaufen. Ihr Trainer Christian M\u00e4nnicke (Einheit) bleibt ihnen erhalten, w\u00e4hren der zweite Trainer Enrico Erbring, dem wir f\u00fcr seine Arbeit [&hellip;]<\/p>\n","protected":false},"author":3,"featured_media":0,"parent":14458,"menu_order":0,"comment_status":"closed","ping_status":"closed","template":"","meta":{"footnotes":""},"_links":{"self":[{"href":"https:\/\/einheit-bernburg.de\/content\/index.php?rest_route=\/wp\/v2\/pages\/14509"}],"collection":[{"href":"https:\/\/einheit-bernburg.de\/content\/index.php?rest_route=\/wp\/v2\/pages"}],"about":[{"href":"https:\/\/einheit-bernburg.de\/content\/index.php?rest_route=\/wp\/v2\/types\/page"}],"author":[{"embeddable":true,"href":"https:\/\/einheit-bernburg.de\/content\/index.php?rest_route=\/wp\/v2\/users\/3"}],"replies":[{"embeddable":true,"href":"https:\/\/einheit-bernburg.de\/content\/index.php?rest_route=%2Fwp%2Fv2%2Fcomments&post=14509"}],"version-history":[{"count":2,"href":"https:\/\/einheit-bernburg.de\/content\/index.php?rest_route=\/wp\/v2\/pages\/14509\/revisions"}],"predecessor-version":[{"id":14573,"href":"https:\/\/einheit-bernburg.de\/content\/index.php?rest_route=\/wp\/v2\/pages\/14509\/revisions\/14573"}],"up":[{"embeddable":true,"href":"https:\/\/einheit-bernburg.de\/content\/index.php?rest_route=\/wp\/v2\/pages\/14458"}],"wp:attachment":[{"href":"https:\/\/einheit-bernburg.de\/content\/index.php?rest_route=%2Fwp%2Fv2%2Fmedia&parent=14509"}],"curies":[{"name":"wp","href":"https:\/\/api.w.org\/{rel}","templated":true}]}}