{"id":14562,"date":"2018-07-27T09:44:35","date_gmt":"2018-07-27T07:44:35","guid":{"rendered":"http:\/\/einheit-bernburg.de\/content\/?page_id=14562"},"modified":"2018-07-27T09:44:35","modified_gmt":"2018-07-27T07:44:35","slug":"kader-u-zielstellung-g-junioren-sv-einheit-bernburg","status":"publish","type":"page","link":"https:\/\/einheit-bernburg.de\/content\/?page_id=14562","title":{"rendered":"Archiv Kader u. Zielstellung G-Junioren SV Einheit Bernburg 2017\/18"},"content":{"rendered":"<h1 class=\"aufm\">SV Einheit Bernburg<\/h1>\n<h3>2017\/18<\/h3>\n<p>Die Mannschaft wird in dieser Saison von zwei jungen Sportfreunden, die auch noch im Herrenbereich des SV Einheit selbst noch als Spieler aktiv sind, an das Fu\u00dfballspielen herangef\u00fchrt. F\u00fcr sie ist es ihre erste Trainerstation und wir hoffen f\u00fcr sie auf gro\u00dfen Beistand und Unterst\u00fctzung durch die Eltern. Um die organisatorischen Aufgaben k\u00fcmmert sich eine junge Mutti. Damit sollten gute Voraussetzungen geschaffen sein, auch in diesem Spieljahr mit viel Spa\u00df einen geregelten Spielbetrieb abzusichern.<\/p>\n<p><em>Wir w\u00fcnschen dem Trainer &#8211; u. Betreuerstab viel Erfolg beim Aufbau dieser Bambinimannschaft!<\/em><\/p>\n<hr \/>\n<div class=\"su-table su-table-alternate\">\n<table>\n<tbody>\n<tr>\n<td style=\"width: 25%\"><strong>Ansprechpartner<\/strong><\/td>\n<td>Lothar Kral (Sportlicher Leiter)<\/p>\n<p>Tel.: 03471 \/ 311868, Mobil: 0177 \/ 939 42 32<\/td>\n<\/tr>\n<tr>\n<td style=\"width: 25%\"><strong>Trainingszeit<\/strong><\/td>\n<td>Montag u. Mittwoch 16:30 Uhr \u2013 18:00 Uhr Einheit &#8211; Sportplatz<\/td>\n<\/tr>\n<tr>\n<td style=\"width: 25%\"><strong>Hallentraining<\/strong><\/td>\n<td>Dienstag\u00a0 17:00 Uhr &#8211; 18:00 Uhr Sporthalle der Goetheschule<br \/>\nab 17.10.2017 bis 13.03.2018 m\u00f6glich<\/td>\n<\/tr>\n<tr>\n<td style=\"width: 25%\"><strong>Trainer<\/strong><\/td>\n<td>Jonas Souschek\u00a0\u00a0\u00a0\u00a0\u00a0\u00a0\u00a0\u00a0\u00a0\u00a0\u00a0 Mobil: 0163 &#8211; 201 21 56<\/p>\n<p>Marc Wiltner\u00a0\u00a0\u00a0\u00a0\u00a0\u00a0\u00a0\u00a0\u00a0\u00a0\u00a0\u00a0\u00a0\u00a0\u00a0\u00a0 Mobil: 0157 &#8211; 582 300 65<\/td>\n<\/tr>\n<tr>\n<td style=\"width: 25%\"><strong>Co &#8211; Trainer<br \/>\n<\/strong><\/td>\n<td>\u00a0Mathias Angermann\u00a0\u00a0 Mobil: 0170 &#8211; 333 19 01<\/td>\n<\/tr>\n<tr>\n<td style=\"width: 25%\"><strong>Mannschaftsleiterin<\/strong><\/td>\n<td>\u00a0Lydia Wilhelm \u00a0 \u00a0 \u00a0 \u00a0 \u00a0\u00a0\u00a0\u00a0 Mobil: 0176 &#8211; 603 20 09<\/td>\n<\/tr>\n<tr>\n<td style=\"width: 25%\"><strong>Zielstellung<\/strong><\/td>\n<td>Den Kindern spielrisch das Fu\u00dfballspielen vermitteln, wobei jederzeit der Spa\u00df im Vordergrund stehen soll.<\/td>\n<\/tr>\n<\/tbody>\n<\/table>\n<\/div>\n<hr \/>\n<h3>Kader<\/h3>\n\n<table id=\"tablepress-48\" class=\"tablepress tablepress-id-48\">\n<thead>\n<tr class=\"row-1 odd\">\n\t<th class=\"column-1\">Name<\/th><th class=\"column-2\">Vorname<\/th><th class=\"column-3\">Jahrgang<\/th><th class=\"column-4\">Herkunft<\/th><th class=\"column-5\"><\/th><th class=\"column-6\"><\/th><th class=\"column-7\"><\/th><th class=\"column-8\"><\/th>\n<\/tr>\n<\/thead>\n<tbody>\n<tr class=\"row-2 even\">\n\t<td class=\"column-1\">Angermann<\/td><td class=\"column-2\">Max Elias<\/td><td class=\"column-3\">2011<\/td><td class=\"column-4\">SV Einheit<\/td><td class=\"column-5\"><\/td><td class=\"column-6\"><\/td><td class=\"column-7\"><\/td><td class=\"column-8\"><\/td>\n<\/tr>\n<tr class=\"row-3 odd\">\n\t<td class=\"column-1\">Br\u00fcning<\/td><td class=\"column-2\">Jonas<\/td><td class=\"column-3\">2013<\/td><td class=\"column-4\">SV Einheit<\/td><td class=\"column-5\"><\/td><td class=\"column-6\"><\/td><td class=\"column-7\"><\/td><td class=\"column-8\"><\/td>\n<\/tr>\n<tr class=\"row-4 even\">\n\t<td class=\"column-1\">Fischmann<\/td><td class=\"column-2\">Nils<\/td><td class=\"column-3\">2012<\/td><td class=\"column-4\">SV Einheit<\/td><td class=\"column-5\"><\/td><td class=\"column-6\"><\/td><td class=\"column-7\"><\/td><td class=\"column-8\"><\/td>\n<\/tr>\n<tr class=\"row-5 odd\">\n\t<td class=\"column-1\">Focke<\/td><td class=\"column-2\">Ben<\/td><td class=\"column-3\">2011<\/td><td class=\"column-4\">SV Einheit<\/td><td class=\"column-5\"><\/td><td class=\"column-6\"><\/td><td class=\"column-7\"><\/td><td class=\"column-8\"><\/td>\n<\/tr>\n<tr class=\"row-6 even\">\n\t<td class=\"column-1\">Franke<\/td><td class=\"column-2\">Lennard<\/td><td class=\"column-3\">2012<\/td><td class=\"column-4\">SV Einheit<\/td><td class=\"column-5\"><\/td><td class=\"column-6\"><\/td><td class=\"column-7\"><\/td><td class=\"column-8\"><\/td>\n<\/tr>\n<tr class=\"row-7 odd\">\n\t<td class=\"column-1\">Krug<\/td><td class=\"column-2\">Lionel Mathias<\/td><td class=\"column-3\">2011<\/td><td class=\"column-4\">SV Einheit<\/td><td class=\"column-5\"><\/td><td class=\"column-6\"><\/td><td class=\"column-7\"><\/td><td class=\"column-8\"><\/td>\n<\/tr>\n<tr class=\"row-8 even\">\n\t<td class=\"column-1\">Kurbneshi<\/td><td class=\"column-2\">Adrian<\/td><td class=\"column-3\">2011<\/td><td class=\"column-4\">SV Einheit<\/td><td class=\"column-5\"><\/td><td class=\"column-6\"><\/td><td class=\"column-7\"><\/td><td class=\"column-8\"><\/td>\n<\/tr>\n<tr class=\"row-9 odd\">\n\t<td class=\"column-1\">Maa\u00df<\/td><td class=\"column-2\">Bastian<\/td><td class=\"column-3\">2013<\/td><td class=\"column-4\">SV Einheit<\/td><td class=\"column-5\"><\/td><td class=\"column-6\"><\/td><td class=\"column-7\"><\/td><td class=\"column-8\"><\/td>\n<\/tr>\n<tr class=\"row-10 even\">\n\t<td class=\"column-1\">M\u00fcller<\/td><td class=\"column-2\">Toni<\/td><td class=\"column-3\">2011<\/td><td class=\"column-4\">SV Einheit<\/td><td class=\"column-5\"><\/td><td class=\"column-6\"><\/td><td class=\"column-7\"><\/td><td class=\"column-8\"><\/td>\n<\/tr>\n<tr class=\"row-11 odd\">\n\t<td class=\"column-1\">Schulz<\/td><td class=\"column-2\">Max<\/td><td class=\"column-3\">2011<\/td><td class=\"column-4\">SV Einheit<\/td><td class=\"column-5\"><\/td><td class=\"column-6\"><\/td><td class=\"column-7\"><\/td><td class=\"column-8\"><\/td>\n<\/tr>\n<tr class=\"row-12 even\">\n\t<td class=\"column-1\">Sluschny<\/td><td class=\"column-2\">Jason Ryan<\/td><td class=\"column-3\">2011<\/td><td class=\"column-4\">SV Einheit<\/td><td class=\"column-5\"><\/td><td class=\"column-6\"><\/td><td class=\"column-7\"><\/td><td class=\"column-8\"><\/td>\n<\/tr>\n<tr class=\"row-13 odd\">\n\t<td class=\"column-1\">Stutz<\/td><td class=\"column-2\">Oliver Jack<\/td><td class=\"column-3\">2011<\/td><td class=\"column-4\">SV Einheit<\/td><td class=\"column-5\"><\/td><td class=\"column-6\"><\/td><td class=\"column-7\"><\/td><td class=\"column-8\"><\/td>\n<\/tr>\n<tr class=\"row-14 even\">\n\t<td class=\"column-1\">Wiltner<\/td><td class=\"column-2\">John Luca<\/td><td class=\"column-3\">2012<\/td><td class=\"column-4\">SV Einheit<\/td><td class=\"column-5\"><\/td><td class=\"column-6\"><\/td><td class=\"column-7\"><\/td><td class=\"column-8\"><\/td>\n<\/tr>\n<tr class=\"row-15 odd\">\n\t<td class=\"column-1\"><\/td><td class=\"column-2\"><\/td><td class=\"column-3\"><\/td><td class=\"column-4\"><\/td><td class=\"column-5\"><\/td><td class=\"column-6\"><\/td><td class=\"column-7\"><\/td><td class=\"column-8\"><\/td>\n<\/tr>\n<\/tbody>\n<\/table>\n\n","protected":false},"excerpt":{"rendered":"<p>SV Einheit Bernburg 2017\/18 Die Mannschaft wird in dieser Saison von zwei jungen Sportfreunden, die auch noch im Herrenbereich des SV Einheit selbst noch als Spieler aktiv sind, an das Fu\u00dfballspielen herangef\u00fchrt. F\u00fcr sie ist es ihre erste Trainerstation und wir hoffen f\u00fcr sie auf gro\u00dfen Beistand und Unterst\u00fctzung durch die Eltern. Um die organisatorischen [&hellip;]<\/p>\n","protected":false},"author":3,"featured_media":0,"parent":14511,"menu_order":0,"comment_status":"closed","ping_status":"closed","template":"","meta":{"footnotes":""},"_links":{"self":[{"href":"https:\/\/einheit-bernburg.de\/content\/index.php?rest_route=\/wp\/v2\/pages\/14562"}],"collection":[{"href":"https:\/\/einheit-bernburg.de\/content\/index.php?rest_route=\/wp\/v2\/pages"}],"about":[{"href":"https:\/\/einheit-bernburg.de\/content\/index.php?rest_route=\/wp\/v2\/types\/page"}],"author":[{"embeddable":true,"href":"https:\/\/einheit-bernburg.de\/content\/index.php?rest_route=\/wp\/v2\/users\/3"}],"replies":[{"embeddable":true,"href":"https:\/\/einheit-bernburg.de\/content\/index.php?rest_route=%2Fwp%2Fv2%2Fcomments&post=14562"}],"version-history":[{"count":1,"href":"https:\/\/einheit-bernburg.de\/content\/index.php?rest_route=\/wp\/v2\/pages\/14562\/revisions"}],"predecessor-version":[{"id":14563,"href":"https:\/\/einheit-bernburg.de\/content\/index.php?rest_route=\/wp\/v2\/pages\/14562\/revisions\/14563"}],"up":[{"embeddable":true,"href":"https:\/\/einheit-bernburg.de\/content\/index.php?rest_route=\/wp\/v2\/pages\/14511"}],"wp:attachment":[{"href":"https:\/\/einheit-bernburg.de\/content\/index.php?rest_route=%2Fwp%2Fv2%2Fmedia&parent=14562"}],"curies":[{"name":"wp","href":"https:\/\/api.w.org\/{rel}","templated":true}]}}