{"id":19274,"date":"2019-07-24T09:38:57","date_gmt":"2019-07-24T07:38:57","guid":{"rendered":"http:\/\/einheit-bernburg.de\/content\/?page_id=19274"},"modified":"2019-07-24T09:38:57","modified_gmt":"2019-07-24T07:38:57","slug":"kader-u-zielstellung","status":"publish","type":"page","link":"https:\/\/einheit-bernburg.de\/content\/?page_id=19274","title":{"rendered":"Archiv Kader u. Zielstellung 1. Herren 2018\/19"},"content":{"rendered":"<table style=\"height: 100px;\" border=\"0\" width=\"774\" cellspacing=\"2\" cellpadding=\"0\">\n<tbody>\n<tr>\n<td align=\"left\" valign=\"top\">\n<div class=\"content\">\n<h1 class=\"aufm\">SV Einheit Bernburg<\/h1>\n<h3 class=\"aufm\">Salzlandliga &#8211; 2018\/19<\/h3>\n<p>Die Mannschaft erreichte in der zur\u00fckliegenden Saison Platz 6 in einer in der Spitze sehr ausgeglichenen Salzlandliga. So schafften es im Laufe der abgelaufenen Saison nicht weniger als 6 Teams an die Tabellenspitze dieser Liga, darunter auch der SV Einheit. Zu viele Verletzungen, die zum jetzigen Zeitpunkt immer noch nicht \u00fcberwunden sind, aber auch das Fehlen aus anderen Gr\u00fcnden, wie Arbeit, Urlaub, Krankheit etc. waren verantwortlich daf\u00fcr, dass es erstmals nach dem Wiederaufstieg 2012 nicht f\u00fcr einen Platz auf dem Treppchen reichte. Zu selten hatte der Trainer so etwas wie eine Wunschaufstellung zur Verf\u00fcgung. Vor allem die jungen Spieler, auf die man bauen wollte, fehlten schmerzlich und wir hoffen auf baldige Genesung. Und irgendwann sind die Nietschmann oder Luthe oder andere wieder gesund und da wartet ja im Nachwuchs noch einiges im Hintergrund. Wir brauchen halt noch ein zwei Jahre Geduld.<br \/>\nAuf alle F\u00e4lle soll die Mannschaft alle Zeit bekommen, die sie braucht.<br \/>\nUnd mit Mathias M\u00fcller, langj\u00e4hriger Trainer bei unserem erfolgreichen Nachwuchs, konnte Trainer Norbert Lehmann ein wichtige Personalie zu seiner Unterst\u00fctzung als Co-Trainer hinzugewinnen<\/p>\n<p>Wir w\u00fcnschen dem gesamten Kollektiv eine weitestgehend verletzungsfreie und erfolgreiche Saison 2018\/19!<\/p>\n<\/div>\n<\/td>\n<\/tr>\n<tr>\n<td align=\"left\" valign=\"top\">\n<div class=\"content\">\n<p>&nbsp;<\/p>\n<div class=\"su-table su-table-alternate\">\n<table>\n<tbody>\n<tr>\n<td style=\"width: 25%\"><strong>Ansprechpartner<\/strong><\/td>\n<td>Lothar Kral (Sportlicher Leiter)<br \/>\nTel.: 03471\/311868, Mobil: 0177 \/ 939 42 32<\/td>\n<\/tr>\n<tr>\n<td style=\"width: 25%\"><strong>Trainingszeit<\/strong><\/td>\n<td>Dienstag 18:30 Uhr &#8211; 20:00 Uhr (Einheitplatz)<br \/>\nFreitag 17:30 Uhr &#8211; 19:00 Uhr (Einheitplatz)<\/td>\n<\/tr>\n<tr>\n<td style=\"width: 25%\"><strong>Hallentraining<br \/>\n<\/strong><\/td>\n<td>Donnerstag\u00a0 19:00 &#8211; 20:00 Uhr Sporthalle &#8222;T\u00f6pferwiese&#8220;<br \/>\nab 25.10.2018 bis 07.03.2019<\/td>\n<\/tr>\n<tr>\n<td style=\"width: 25%\"><strong>Trainer<\/strong><\/td>\n<td>Norbert Lehmann<br \/>\nFestnetz: 03471 &#8211; 339 71 07 Mobil: 0177 \/ 867 08 08<\/td>\n<\/tr>\n<tr>\n<td style=\"width: 25%\"><strong>Co-Trainer<\/strong><\/td>\n<td>Mathias M\u00fcller\u00a0 Mobil: 0173 \/ 296 61 82<\/td>\n<\/tr>\n<tr>\n<td style=\"width: 25%\"><strong>Betreuer \/<\/strong><br \/>\n<strong>Physiotherapeut<\/strong><\/td>\n<td>Toral Munke<br \/>\nFestnetz: 03471 &#8211;\u00a0 658 20 63\u00a0 Mobil: 0170 &#8211; 323 15 06<\/td>\n<\/tr>\n<tr>\n<td style=\"width: 25%\"><strong>Zielstellung<\/strong><\/td>\n<td>Platz 3 &#8211; 6<\/td>\n<\/tr>\n<\/tbody>\n<\/table>\n<\/div>\n<\/div>\n<p>&nbsp;<\/td>\n<\/tr>\n<tr>\n<td align=\"left\" valign=\"top\">\n<div class=\"content\">\n<h3>Kader<\/h3>\n\n<table id=\"tablepress-49\" class=\"tablepress tablepress-id-49\">\n<thead>\n<tr class=\"row-1 odd\">\n\t<th class=\"column-1\">Lfd.Nr.<\/th><th class=\"column-2\">Name<\/th><th class=\"column-3\">Vorname<\/th><th class=\"column-4\">Jahrgang<\/th><th class=\"column-5\">Zug\u00e4nge (woher)<\/th>\n<\/tr>\n<\/thead>\n<tbody>\n<tr class=\"row-2 even\">\n\t<td class=\"column-1\">1<\/td><td class=\"column-2\">Bahn<\/td><td class=\"column-3\">Robert<\/td><td class=\"column-4\">1998<\/td><td class=\"column-5\"><\/td>\n<\/tr>\n<tr class=\"row-3 odd\">\n\t<td class=\"column-1\">2<\/td><td class=\"column-2\">Beck<\/td><td class=\"column-3\">Robert<\/td><td class=\"column-4\">1996<\/td><td class=\"column-5\"><\/td>\n<\/tr>\n<tr class=\"row-4 even\">\n\t<td class=\"column-1\">3<\/td><td class=\"column-2\">Bettinger<\/td><td class=\"column-3\">Bj\u00f6rn<\/td><td class=\"column-4\">1985<\/td><td class=\"column-5\"><\/td>\n<\/tr>\n<tr class=\"row-5 odd\">\n\t<td class=\"column-1\">4<\/td><td class=\"column-2\">B\u00f6hm<\/td><td class=\"column-3\">Daniel<\/td><td class=\"column-4\">1997<\/td><td class=\"column-5\"><\/td>\n<\/tr>\n<tr class=\"row-6 even\">\n\t<td class=\"column-1\">5<\/td><td class=\"column-2\">Busch<\/td><td class=\"column-3\">Roland<\/td><td class=\"column-4\">1980<\/td><td class=\"column-5\"><\/td>\n<\/tr>\n<tr class=\"row-7 odd\">\n\t<td class=\"column-1\">6<\/td><td class=\"column-2\">Fr\u00e4nkel<\/td><td class=\"column-3\">Max<\/td><td class=\"column-4\">1983<\/td><td class=\"column-5\"><\/td>\n<\/tr>\n<tr class=\"row-8 even\">\n\t<td class=\"column-1\">7<\/td><td class=\"column-2\">K\u00e4ding<\/td><td class=\"column-3\">Eric<\/td><td class=\"column-4\">1995<\/td><td class=\"column-5\"><\/td>\n<\/tr>\n<tr class=\"row-9 odd\">\n\t<td class=\"column-1\">8<\/td><td class=\"column-2\">Klaes<\/td><td class=\"column-3\">Markus<\/td><td class=\"column-4\">1988<\/td><td class=\"column-5\"><\/td>\n<\/tr>\n<tr class=\"row-10 even\">\n\t<td class=\"column-1\">9<\/td><td class=\"column-2\">Kniesche<\/td><td class=\"column-3\">Karl<\/td><td class=\"column-4\">1998<\/td><td class=\"column-5\"><\/td>\n<\/tr>\n<tr class=\"row-11 odd\">\n\t<td class=\"column-1\">10<\/td><td class=\"column-2\">Kuhn<\/td><td class=\"column-3\">Benjamin<\/td><td class=\"column-4\">1988<\/td><td class=\"column-5\"><\/td>\n<\/tr>\n<tr class=\"row-12 even\">\n\t<td class=\"column-1\">11<\/td><td class=\"column-2\">Krug<\/td><td class=\"column-3\">Mathias<\/td><td class=\"column-4\">1988<\/td><td class=\"column-5\">SV Jahn Gerbitz 1923<\/td>\n<\/tr>\n<tr class=\"row-13 odd\">\n\t<td class=\"column-1\">12<\/td><td class=\"column-2\">Kupka<\/td><td class=\"column-3\">Leroy<\/td><td class=\"column-4\">1997<\/td><td class=\"column-5\"><\/td>\n<\/tr>\n<tr class=\"row-14 even\">\n\t<td class=\"column-1\">13<\/td><td class=\"column-2\">Kupka<\/td><td class=\"column-3\">Ricardo<\/td><td class=\"column-4\">1990<\/td><td class=\"column-5\"><\/td>\n<\/tr>\n<tr class=\"row-15 odd\">\n\t<td class=\"column-1\">14<\/td><td class=\"column-2\">Lehmann<\/td><td class=\"column-3\">Marcel<\/td><td class=\"column-4\">1988<\/td><td class=\"column-5\"><\/td>\n<\/tr>\n<tr class=\"row-16 even\">\n\t<td class=\"column-1\">15<\/td><td class=\"column-2\">Luthe<\/td><td class=\"column-3\">Vincent<\/td><td class=\"column-4\">1999<\/td><td class=\"column-5\"><\/td>\n<\/tr>\n<tr class=\"row-17 odd\">\n\t<td class=\"column-1\">16<\/td><td class=\"column-2\">Munck<\/td><td class=\"column-3\">David<\/td><td class=\"column-4\">1990<\/td><td class=\"column-5\"><\/td>\n<\/tr>\n<tr class=\"row-18 even\">\n\t<td class=\"column-1\">17<\/td><td class=\"column-2\">Mund<\/td><td class=\"column-3\">Tobias<\/td><td class=\"column-4\">1987<\/td><td class=\"column-5\"><\/td>\n<\/tr>\n<tr class=\"row-19 odd\">\n\t<td class=\"column-1\">18<\/td><td class=\"column-2\">M\u00fcller<\/td><td class=\"column-3\">Denny<\/td><td class=\"column-4\">1988<\/td><td class=\"column-5\">Schwarz-Gelb Bernburg<\/td>\n<\/tr>\n<tr class=\"row-20 even\">\n\t<td class=\"column-1\">19<\/td><td class=\"column-2\">Nietschmann<\/td><td class=\"column-3\">Nils<\/td><td class=\"column-4\">1999<\/td><td class=\"column-5\"><\/td>\n<\/tr>\n<tr class=\"row-21 odd\">\n\t<td class=\"column-1\">20<\/td><td class=\"column-2\">Rettinger<\/td><td class=\"column-3\">Alexander<\/td><td class=\"column-4\">1988<\/td><td class=\"column-5\"><\/td>\n<\/tr>\n<tr class=\"row-22 even\">\n\t<td class=\"column-1\">21<\/td><td class=\"column-2\">Salehzada<\/td><td class=\"column-3\">Wais<\/td><td class=\"column-4\">2000<\/td><td class=\"column-5\">eigener NW \/A-Jun. (Afghanistan)<\/td>\n<\/tr>\n<tr class=\"row-23 odd\">\n\t<td class=\"column-1\">22<\/td><td class=\"column-2\">Sch\u00f6ppe<\/td><td class=\"column-3\">Robin<\/td><td class=\"column-4\">1995<\/td><td class=\"column-5\">SV 1924 M\u00fcnchenbernsdorf<\/td>\n<\/tr>\n<tr class=\"row-24 even\">\n\t<td class=\"column-1\">23<\/td><td class=\"column-2\">Schule<\/td><td class=\"column-3\">Marco<\/td><td class=\"column-4\">1986<\/td><td class=\"column-5\"><\/td>\n<\/tr>\n<tr class=\"row-25 odd\">\n\t<td class=\"column-1\">24<\/td><td class=\"column-2\">Souschek<\/td><td class=\"column-3\">Jonas<\/td><td class=\"column-4\">1997<\/td><td class=\"column-5\"><\/td>\n<\/tr>\n<tr class=\"row-26 even\">\n\t<td class=\"column-1\">25<\/td><td class=\"column-2\">Spach<\/td><td class=\"column-3\">Michael<\/td><td class=\"column-4\">1972<\/td><td class=\"column-5\"><\/td>\n<\/tr>\n<tr class=\"row-27 odd\">\n\t<td class=\"column-1\">26<\/td><td class=\"column-2\">Striewski<\/td><td class=\"column-3\">Phillip<\/td><td class=\"column-4\">1987<\/td><td class=\"column-5\"><\/td>\n<\/tr>\n<tr class=\"row-28 even\">\n\t<td class=\"column-1\">27<\/td><td class=\"column-2\">Thol<\/td><td class=\"column-3\">Stefan<\/td><td class=\"column-4\">1987<\/td><td class=\"column-5\"><\/td>\n<\/tr>\n<tr class=\"row-29 odd\">\n\t<td class=\"column-1\">28<\/td><td class=\"column-2\">Wiedensee<\/td><td class=\"column-3\">Mathias<\/td><td class=\"column-4\">1982<\/td><td class=\"column-5\"><\/td>\n<\/tr>\n<tr class=\"row-30 even\">\n\t<td class=\"column-1\"><\/td><td class=\"column-2\"><\/td><td class=\"column-3\"><\/td><td class=\"column-4\"><\/td><td class=\"column-5\"><\/td>\n<\/tr>\n<tr class=\"row-31 odd\">\n\t<td class=\"column-1\">29<\/td><td class=\"column-2\">Christmann<\/td><td class=\"column-3\">Sreven<\/td><td class=\"column-4\">2001<\/td><td class=\"column-5\">A-Jun. (Aushilfe Herren)<\/td>\n<\/tr>\n<tr class=\"row-32 even\">\n\t<td class=\"column-1\">30<\/td><td class=\"column-2\">Schwarz<\/td><td class=\"column-3\">Mario <\/td><td class=\"column-4\">2001<\/td><td class=\"column-5\">A-Jun. (Aushilfe Herren)<\/td>\n<\/tr>\n<tr class=\"row-33 odd\">\n\t<td class=\"column-1\">31<\/td><td class=\"column-2\">Westphal<\/td><td class=\"column-3\">Tobias<\/td><td class=\"column-4\">2001<\/td><td class=\"column-5\">A-Jun. (Aushilfe Herren)<\/td>\n<\/tr>\n<tr class=\"row-34 even\">\n\t<td class=\"column-1\"><\/td><td class=\"column-2\"><\/td><td class=\"column-3\"><\/td><td class=\"column-4\"><\/td><td class=\"column-5\"><\/td>\n<\/tr>\n<tr class=\"row-35 odd\">\n\t<td class=\"column-1\"><\/td><td class=\"column-2\"><\/td><td class=\"column-3\"><\/td><td class=\"column-4\"><\/td><td class=\"column-5\"><\/td>\n<\/tr>\n<\/tbody>\n<\/table>\n\n<h3>Abg\u00e4nge<\/h3>\n<p>Youssouf Ademola Nassirou, Ibrahima Camara, Falco Printz<\/p>\n<\/div>\n<\/td>\n<\/tr>\n<\/tbody>\n<\/table>\n<p>&nbsp;<\/p>\n","protected":false},"excerpt":{"rendered":"<p>SV Einheit Bernburg Salzlandliga &#8211; 2018\/19 Die Mannschaft erreichte in der zur\u00fckliegenden Saison Platz 6 in einer in der Spitze sehr ausgeglichenen Salzlandliga. So schafften es im Laufe der abgelaufenen Saison nicht weniger als 6 Teams an die Tabellenspitze dieser Liga, darunter auch der SV Einheit. Zu viele Verletzungen, die zum jetzigen Zeitpunkt immer noch [&hellip;]<\/p>\n","protected":false},"author":3,"featured_media":0,"parent":19142,"menu_order":0,"comment_status":"closed","ping_status":"closed","template":"","meta":{"footnotes":""},"_links":{"self":[{"href":"https:\/\/einheit-bernburg.de\/content\/index.php?rest_route=\/wp\/v2\/pages\/19274"}],"collection":[{"href":"https:\/\/einheit-bernburg.de\/content\/index.php?rest_route=\/wp\/v2\/pages"}],"about":[{"href":"https:\/\/einheit-bernburg.de\/content\/index.php?rest_route=\/wp\/v2\/types\/page"}],"author":[{"embeddable":true,"href":"https:\/\/einheit-bernburg.de\/content\/index.php?rest_route=\/wp\/v2\/users\/3"}],"replies":[{"embeddable":true,"href":"https:\/\/einheit-bernburg.de\/content\/index.php?rest_route=%2Fwp%2Fv2%2Fcomments&post=19274"}],"version-history":[{"count":1,"href":"https:\/\/einheit-bernburg.de\/content\/index.php?rest_route=\/wp\/v2\/pages\/19274\/revisions"}],"predecessor-version":[{"id":19275,"href":"https:\/\/einheit-bernburg.de\/content\/index.php?rest_route=\/wp\/v2\/pages\/19274\/revisions\/19275"}],"up":[{"embeddable":true,"href":"https:\/\/einheit-bernburg.de\/content\/index.php?rest_route=\/wp\/v2\/pages\/19142"}],"wp:attachment":[{"href":"https:\/\/einheit-bernburg.de\/content\/index.php?rest_route=%2Fwp%2Fv2%2Fmedia&parent=19274"}],"curies":[{"name":"wp","href":"https:\/\/api.w.org\/{rel}","templated":true}]}}