{"id":19378,"date":"2019-07-24T09:52:32","date_gmt":"2019-07-24T07:52:32","guid":{"rendered":"http:\/\/einheit-bernburg.de\/content\/?page_id=19378"},"modified":"2019-07-24T09:52:32","modified_gmt":"2019-07-24T07:52:32","slug":"kader-u-zielstellung","status":"publish","type":"page","link":"https:\/\/einheit-bernburg.de\/content\/?page_id=19378","title":{"rendered":"Archiv Kader u. Zielstellung 2. Herren 2018\/19"},"content":{"rendered":"<h1>SV Einheit Bernburg II.<\/h1>\n<h3>1. Kreisklasse Staffel 1 \u2013 2018\/19<\/h3>\n<p><span lang=\"DE\">Die erste Saison nach dem Aufstieg ist vorbei. Die Mannschaft hatte sich nach einer sehr schwachen Anfangsphase gefangen und ist im Saisonverlauf st\u00e4rker geworden, auch wenn die Siege nicht eingefahren wurden. In diesem Jahr soll genau das ge\u00e4ndert werden. Man m\u00f6chte versuchen im Mittelfeld mitzuspielen und sich in der Liga wieder zu etablieren. Verst\u00e4rkungen wie die von Karl Thiele werden unsere Mannschaft dabei weiter in Qualit\u00e4t und Breite verbessern. Dass die Mannschaft mehr kann, hat man in Spielen gegen <span class=\"cmp_parsed_location\" data-cmp_parsed_location_name=\"Beesenlaublingen\" data-cmp_parsed_location_weather=\"K15153004\" data-cmp_parsed_location_other=\"0\" data-ce-class=\"Locations\">Beesenlaublingen<\/span> oder <span class=\"cmp_parsed_location\" data-cmp_parsed_location_name=\"Frose\" data-cmp_parsed_location_weather=\"K15352012\" data-cmp_parsed_location_other=\"0\" data-ce-class=\"Locations\">Frose<\/span> gesehen, als man, f\u00fcr viele \u00fcberraschend, nicht als Verlierer vom Platz ging. Mit dieser Einstellung und Mentalit\u00e4t wird man in dieser Saison nichts mit dem Abstieg zu tun haben.<\/span><\/p>\n<hr \/>\n<div class=\"su-table su-table-alternate\">\n<table>\n<tbody>\n<tr>\n<td style=\"width: 25%\"><strong>Ansprechpartner<\/strong><\/td>\n<td>Lothar Kral (Sportlicher Leiter)<br \/>\nTel.: 03471\/311868, Mobil: 0177 \/ 939 42 32<\/td>\n<\/tr>\n<tr>\n<td style=\"width: 25%\"><strong>Trainingszeit<\/strong><\/td>\n<td>Dienstag u. Donnerstag 18:30 &#8211; 20:00 Uhr (Einheitplatz)<\/td>\n<\/tr>\n<tr>\n<td style=\"width: 25%\"><strong>Hallentraining<br \/>\n<\/strong><\/td>\n<td>Mittwoch\u00a0 19:00 &#8211; 20:00 Uhr Sporthalle &#8222;T\u00f6pferwiese&#8220;<br \/>\nab 24.10.2018 &#8211; 06.03.2019<\/td>\n<\/tr>\n<tr>\n<td style=\"width: 25%\"><strong>Trainer<\/strong><\/td>\n<td>Alexander Nielsen \u00a0\u00a0\u00a0\u00a0 Mobil: 0170 \/ 9355118<\/td>\n<\/tr>\n<tr>\n<td style=\"width: 25%\"><strong>Co &#8211; Trainer<\/strong><\/td>\n<td>Marcel Wiedensee \u00a0\u00a0\u00a0\u00a0 Mobil:\u00a00163 \/ 158 01 93<\/td>\n<\/tr>\n<tr>\n<td style=\"width: 25%\"><strong>Betreuer<\/strong><\/td>\n<td>Egon Albrecht \u00a0 \u00a0\u00a0\u00a0\u00a0\u00a0\u00a0\u00a0\u00a0\u00a0 Mobil: 0176 \/ 341 624 40<\/td>\n<\/tr>\n<tr>\n<td style=\"width: 25%\"><strong>Zielstellung<\/strong><\/td>\n<td>einen Platz im Mittelfeld sichern<\/td>\n<\/tr>\n<\/tbody>\n<\/table>\n<\/div>\n<hr \/>\n<h3>Kader<\/h3>\n\n<table id=\"tablepress-50\" class=\"tablepress tablepress-id-50\">\n<thead>\n<tr class=\"row-1 odd\">\n\t<th class=\"column-1\">Lfd.Nr.<\/th><th class=\"column-2\">Name<\/th><th class=\"column-3\">Vorname<\/th><th class=\"column-4\">Jahrgang<\/th><th class=\"column-5\">Zug\u00e4nge (woher)<\/th>\n<\/tr>\n<\/thead>\n<tbody>\n<tr class=\"row-2 even\">\n\t<td class=\"column-1\">1<\/td><td class=\"column-2\">Apel<\/td><td class=\"column-3\">Michael<\/td><td class=\"column-4\">1990<\/td><td class=\"column-5\"><\/td>\n<\/tr>\n<tr class=\"row-3 odd\">\n\t<td class=\"column-1\">2<\/td><td class=\"column-2\">Bahn<\/td><td class=\"column-3\">Robert<\/td><td class=\"column-4\">1998<\/td><td class=\"column-5\">1.Herren<\/td>\n<\/tr>\n<tr class=\"row-4 even\">\n\t<td class=\"column-1\">3<\/td><td class=\"column-2\">Beck<\/td><td class=\"column-3\">Robert<\/td><td class=\"column-4\">1996<\/td><td class=\"column-5\">1.Herren<\/td>\n<\/tr>\n<tr class=\"row-5 odd\">\n\t<td class=\"column-1\">4<\/td><td class=\"column-2\">Beckmann<\/td><td class=\"column-3\">Mathias<\/td><td class=\"column-4\">1988<\/td><td class=\"column-5\"><\/td>\n<\/tr>\n<tr class=\"row-6 even\">\n\t<td class=\"column-1\">5<\/td><td class=\"column-2\">Bleicher <\/td><td class=\"column-3\">Nico<\/td><td class=\"column-4\">1995<\/td><td class=\"column-5\"><\/td>\n<\/tr>\n<tr class=\"row-7 odd\">\n\t<td class=\"column-1\">6<\/td><td class=\"column-2\">B\u00f6hm<\/td><td class=\"column-3\">Daniel<\/td><td class=\"column-4\">1997<\/td><td class=\"column-5\"><\/td>\n<\/tr>\n<tr class=\"row-8 even\">\n\t<td class=\"column-1\">7<\/td><td class=\"column-2\">Busch<\/td><td class=\"column-3\">Roland<\/td><td class=\"column-4\">1980<\/td><td class=\"column-5\"><\/td>\n<\/tr>\n<tr class=\"row-9 odd\">\n\t<td class=\"column-1\">8<\/td><td class=\"column-2\">Eggert<\/td><td class=\"column-3\">Steffen<\/td><td class=\"column-4\">1970<\/td><td class=\"column-5\"><\/td>\n<\/tr>\n<tr class=\"row-10 even\">\n\t<td class=\"column-1\">9<\/td><td class=\"column-2\">Engelke<\/td><td class=\"column-3\">Sebastian<\/td><td class=\"column-4\">1983<\/td><td class=\"column-5\"><\/td>\n<\/tr>\n<tr class=\"row-11 odd\">\n\t<td class=\"column-1\">10<\/td><td class=\"column-2\">Jethon<\/td><td class=\"column-3\">Bj\u00f6rn<\/td><td class=\"column-4\">1993<\/td><td class=\"column-5\"><\/td>\n<\/tr>\n<tr class=\"row-12 even\">\n\t<td class=\"column-1\">11<\/td><td class=\"column-2\">Kinzuraschwili<\/td><td class=\"column-3\">Henry<\/td><td class=\"column-4\">1991<\/td><td class=\"column-5\"><\/td>\n<\/tr>\n<tr class=\"row-13 odd\">\n\t<td class=\"column-1\">12<\/td><td class=\"column-2\">Kupka <\/td><td class=\"column-3\">Leroy<\/td><td class=\"column-4\">1997<\/td><td class=\"column-5\"><\/td>\n<\/tr>\n<tr class=\"row-14 even\">\n\t<td class=\"column-1\">13<\/td><td class=\"column-2\">Meder<\/td><td class=\"column-3\">Sebastian<\/td><td class=\"column-4\">1991<\/td><td class=\"column-5\">reaktiviert<\/td>\n<\/tr>\n<tr class=\"row-15 odd\">\n\t<td class=\"column-1\">14<\/td><td class=\"column-2\">Mehrholz<\/td><td class=\"column-3\">Philipp<\/td><td class=\"column-4\">1992<\/td><td class=\"column-5\"><\/td>\n<\/tr>\n<tr class=\"row-16 even\">\n\t<td class=\"column-1\">15<\/td><td class=\"column-2\">Merkel<\/td><td class=\"column-3\">Marcel<\/td><td class=\"column-4\">1986<\/td><td class=\"column-5\"><\/td>\n<\/tr>\n<tr class=\"row-17 odd\">\n\t<td class=\"column-1\">16<\/td><td class=\"column-2\">Meyer<\/td><td class=\"column-3\">Eric<\/td><td class=\"column-4\">1992<\/td><td class=\"column-5\"><\/td>\n<\/tr>\n<tr class=\"row-18 even\">\n\t<td class=\"column-1\">17<\/td><td class=\"column-2\">Nielsen<\/td><td class=\"column-3\">Alexander<\/td><td class=\"column-4\">1990<\/td><td class=\"column-5\"><\/td>\n<\/tr>\n<tr class=\"row-19 odd\">\n\t<td class=\"column-1\">18<\/td><td class=\"column-2\">Okubire<\/td><td class=\"column-3\">Charles<\/td><td class=\"column-4\">1995<\/td><td class=\"column-5\"><\/td>\n<\/tr>\n<tr class=\"row-20 even\">\n\t<td class=\"column-1\">20<\/td><td class=\"column-2\">Schmidt<\/td><td class=\"column-3\">Andy<\/td><td class=\"column-4\">1992<\/td><td class=\"column-5\"><\/td>\n<\/tr>\n<tr class=\"row-21 odd\">\n\t<td class=\"column-1\">21<\/td><td class=\"column-2\">Schwarz<\/td><td class=\"column-3\">Andreas<\/td><td class=\"column-4\">1996<\/td><td class=\"column-5\">SV Sportlust Gr\u00f6na<\/td>\n<\/tr>\n<tr class=\"row-22 even\">\n\t<td class=\"column-1\">22<\/td><td class=\"column-2\">Sluschny<\/td><td class=\"column-3\">Steve<\/td><td class=\"column-4\">1985<\/td><td class=\"column-5\">TSG Calbe<\/td>\n<\/tr>\n<tr class=\"row-23 odd\">\n\t<td class=\"column-1\">23<\/td><td class=\"column-2\">Souschek<\/td><td class=\"column-3\">Jonas<\/td><td class=\"column-4\">1997<\/td><td class=\"column-5\"><\/td>\n<\/tr>\n<tr class=\"row-24 even\">\n\t<td class=\"column-1\">24<\/td><td class=\"column-2\">Thiele<\/td><td class=\"column-3\">Karl<\/td><td class=\"column-4\">1994<\/td><td class=\"column-5\">1.FSV Nienburg<\/td>\n<\/tr>\n<tr class=\"row-25 odd\">\n\t<td class=\"column-1\">25<\/td><td class=\"column-2\">Voigt<\/td><td class=\"column-3\">Ren\u00e9<\/td><td class=\"column-4\">1986<\/td><td class=\"column-5\"><\/td>\n<\/tr>\n<tr class=\"row-26 even\">\n\t<td class=\"column-1\">26<\/td><td class=\"column-2\">Zipfel<\/td><td class=\"column-3\">Julien<\/td><td class=\"column-4\">1994<\/td><td class=\"column-5\"><\/td>\n<\/tr>\n<tr class=\"row-27 odd\">\n\t<td class=\"column-1\">27<\/td><td class=\"column-2\">Zappe<\/td><td class=\"column-3\">Patrick<\/td><td class=\"column-4\">1990<\/td><td class=\"column-5\">reaktiviert<\/td>\n<\/tr>\n<tr class=\"row-28 even\">\n\t<td class=\"column-1\"><\/td><td class=\"column-2\"><\/td><td class=\"column-3\"><\/td><td class=\"column-4\"><\/td><td class=\"column-5\"><\/td>\n<\/tr>\n<tr class=\"row-29 odd\">\n\t<td class=\"column-1\"><\/td><td class=\"column-2\"><\/td><td class=\"column-3\"><\/td><td class=\"column-4\"><\/td><td class=\"column-5\"><\/td>\n<\/tr>\n<tr class=\"row-30 even\">\n\t<td class=\"column-1\"><\/td><td class=\"column-2\">RESERVE<\/td><td class=\"column-3\"><\/td><td class=\"column-4\"><\/td><td class=\"column-5\"><\/td>\n<\/tr>\n<tr class=\"row-31 odd\">\n\t<td class=\"column-1\">28<\/td><td class=\"column-2\">Erbring<\/td><td class=\"column-3\">Enrico<\/td><td class=\"column-4\">1976<\/td><td class=\"column-5\"><\/td>\n<\/tr>\n<tr class=\"row-32 even\">\n\t<td class=\"column-1\">29<\/td><td class=\"column-2\">Henke<\/td><td class=\"column-3\">Alexander<\/td><td class=\"column-4\">1991<\/td><td class=\"column-5\"><\/td>\n<\/tr>\n<tr class=\"row-33 odd\">\n\t<td class=\"column-1\">30<\/td><td class=\"column-2\">Kral<\/td><td class=\"column-3\">David<\/td><td class=\"column-4\">1978<\/td><td class=\"column-5\"><\/td>\n<\/tr>\n<tr class=\"row-34 even\">\n\t<td class=\"column-1\">31<\/td><td class=\"column-2\">Lehmann<\/td><td class=\"column-3\">Marcel<\/td><td class=\"column-4\">1988<\/td><td class=\"column-5\"><\/td>\n<\/tr>\n<tr class=\"row-35 odd\">\n\t<td class=\"column-1\">32<\/td><td class=\"column-2\">Neumann<\/td><td class=\"column-3\">Sven<\/td><td class=\"column-4\">1996<\/td><td class=\"column-5\"><\/td>\n<\/tr>\n<tr class=\"row-36 even\">\n\t<td class=\"column-1\">33<\/td><td class=\"column-2\">Sperlich<\/td><td class=\"column-3\">Stefan<\/td><td class=\"column-4\">1980<\/td><td class=\"column-5\"><\/td>\n<\/tr>\n<\/tbody>\n<\/table>\n\n<h3>Abg\u00e4nge:<\/h3>\n<p>siehe Reserve (helfen aus)<\/p>\n","protected":false},"excerpt":{"rendered":"<p>SV Einheit Bernburg II. 1. Kreisklasse Staffel 1 \u2013 2018\/19 Die erste Saison nach dem Aufstieg ist vorbei. Die Mannschaft hatte sich nach einer sehr schwachen Anfangsphase gefangen und ist im Saisonverlauf st\u00e4rker geworden, auch wenn die Siege nicht eingefahren wurden. In diesem Jahr soll genau das ge\u00e4ndert werden. Man m\u00f6chte versuchen im Mittelfeld mitzuspielen [&hellip;]<\/p>\n","protected":false},"author":3,"featured_media":0,"parent":19277,"menu_order":0,"comment_status":"closed","ping_status":"closed","template":"","meta":{"footnotes":""},"_links":{"self":[{"href":"https:\/\/einheit-bernburg.de\/content\/index.php?rest_route=\/wp\/v2\/pages\/19378"}],"collection":[{"href":"https:\/\/einheit-bernburg.de\/content\/index.php?rest_route=\/wp\/v2\/pages"}],"about":[{"href":"https:\/\/einheit-bernburg.de\/content\/index.php?rest_route=\/wp\/v2\/types\/page"}],"author":[{"embeddable":true,"href":"https:\/\/einheit-bernburg.de\/content\/index.php?rest_route=\/wp\/v2\/users\/3"}],"replies":[{"embeddable":true,"href":"https:\/\/einheit-bernburg.de\/content\/index.php?rest_route=%2Fwp%2Fv2%2Fcomments&post=19378"}],"version-history":[{"count":1,"href":"https:\/\/einheit-bernburg.de\/content\/index.php?rest_route=\/wp\/v2\/pages\/19378\/revisions"}],"predecessor-version":[{"id":19379,"href":"https:\/\/einheit-bernburg.de\/content\/index.php?rest_route=\/wp\/v2\/pages\/19378\/revisions\/19379"}],"up":[{"embeddable":true,"href":"https:\/\/einheit-bernburg.de\/content\/index.php?rest_route=\/wp\/v2\/pages\/19277"}],"wp:attachment":[{"href":"https:\/\/einheit-bernburg.de\/content\/index.php?rest_route=%2Fwp%2Fv2%2Fmedia&parent=19378"}],"curies":[{"name":"wp","href":"https:\/\/api.w.org\/{rel}","templated":true}]}}