{"id":19456,"date":"2019-07-25T11:19:29","date_gmt":"2019-07-25T09:19:29","guid":{"rendered":"http:\/\/einheit-bernburg.de\/content\/?page_id=19456"},"modified":"2019-07-25T11:19:29","modified_gmt":"2019-07-25T09:19:29","slug":"kader-u-zielstellung","status":"publish","type":"page","link":"https:\/\/einheit-bernburg.de\/content\/?page_id=19456","title":{"rendered":"Archiv Kader u. Zielstellung A-Junioren 2018\/19"},"content":{"rendered":"<h1>SG Askania Bernburg\/Einheit Bernburg<\/h1>\n<h3>Landesliga Staffel 6 &#8211; 2018\/19<\/h3>\n<p>Nach dem guten 2.Platz in der Vorsaison, wo sogar noch mehr m\u00f6glich gewesen w\u00e4re, wenn nicht st\u00e4ndig Leistungstr\u00e4ger f\u00fcr die Landesliga-Herren des TVA Askania h\u00e4tten abgestellt werden m\u00fcssen. Dennoch das Saisonfazit sagt einiges \u00fcber die Qualit\u00e4t der letztj\u00e4hrigen A-Junioren aus.<br \/>\nAuch in dieser Saison sollte die KOOP wieder \u00fcber einen recht leistungsstarken Kader verf\u00fcgen, der allerdings, um wenigstens auf die sicher notwendige 17 bis 18 Spieler, stets mit B &#8211; Jugendlichen des \u00e4lteren Jahrgangs aufgef\u00fcllt werden muss. Diese allerdings verf\u00fcgen, wie auch einige A &#8211; Jugendliche bereits \u00fcber einige Verbandsligaerfahrung.<br \/>\nSo muss den Verantwortlichen eigentlich um diesen Jahrgang nicht bange sein und es sollte wieder ein Platz in der Spitzengruppe ihrer Landesligastaffel m\u00f6glich sein &#8211; Voraussetzung sind aber Trainingsflei\u00df, Disziplin und Zuverl\u00e4ssigkeit.<br \/>\nNun darf man gespannt sein, ob es die Trainer Manfred Schneppel und Steffen Grasshoff schaffen, aus den vorhandenen Spielern wieder ein leistungsstarkes Team zu formen.<br \/>\nDazu w\u00fcnschen wir dem Trainergespann und der Mannschaft viel Erfolg!<\/p>\n<hr \/>\n<div class=\"su-table su-table-alternate\">\n<table>\n<tbody>\n<tr>\n<td style=\"width: 190.25px\"><strong>Ansprechpartner<\/strong><\/td>\n<td style=\"width: 508px\">Markus Becker (Jugendleiter &#8211; Askania)\u00a0\u00a0\u00a0\u00a0\u00a0 Mobil: 0160 \/ 973 796 29<\/p>\n<p>Lothar Kral (Sportlicher Leiter &#8211; Einheit)<br \/>\nTel.: 03471\/311868, Mobil: 0177 \/ 939 42 32<\/td>\n<\/tr>\n<tr>\n<td style=\"width: 190.25px\"><strong>Trainingszeit<\/strong><\/td>\n<td style=\"width: 508px\">Mittwoch\u00a0\u00a0\u00a0\u00a0 18:00 Uhr &#8211; 19:30 Uhr Askania &#8211; Sportplatz mit B &#8211; Jun.<br \/>\nDonnerstag\u00a0 17:00 Uhr &#8211; 18:30 Uhr Askania &#8211; Sportplatz<\/td>\n<\/tr>\n<tr>\n<td style=\"width: 190.25px\"><strong>Hallentraining 1<br \/>\n<\/strong><\/td>\n<td style=\"width: 508px\">Montag\u00a0 18:00 &#8211; 19:30 Uhr\u00a0 &#8222;Eichenweghalle&#8220; mit B &#8211; Jun. ab 12.11.<\/td>\n<\/tr>\n<tr>\n<td style=\"width: 190.25px\"><strong>evt. Hallentraining 2<br \/>\n<\/strong><\/td>\n<td style=\"width: 508px\">Dienstag 19:00 &#8211; 20:00 Uhr Halle &#8222;T\u00f6pferwiese&#8220; ab 13.11. m\u00f6gl.<\/td>\n<\/tr>\n<tr>\n<td style=\"width: 190.25px\"><strong>Kunstrasen<br \/>\n<\/strong><\/td>\n<td style=\"width: 508px\">Montag u. Mittwoch 18:00 Uhr &#8211; 19:30 Uhr (zus. mit B &#8211; Jun.)<\/td>\n<\/tr>\n<tr>\n<td style=\"width: 190.25px\"><strong>Trainer<\/strong><\/td>\n<td style=\"width: 508px\">Manfred Schneppel \u00a0\u00a0\u00a0\u00a0\u00a0\u00a0\u00a0\u00a0\u00a0\u00a0\u00a0\u00a0\u00a0\u00a0\u00a0\u00a0\u00a0\u00a0\u00a0\u00a0 Mobil: 0157 &#8211; 7479 02 93<\/td>\n<\/tr>\n<tr>\n<td style=\"width: 190.25px\"><strong>Co &#8211; Trainer<br \/>\n<\/strong><\/td>\n<td style=\"width: 508px\">Steffen Grasshoff\u00a0\u00a0\u00a0\u00a0\u00a0\u00a0\u00a0\u00a0\u00a0\u00a0\u00a0\u00a0\u00a0\u00a0\u00a0\u00a0\u00a0\u00a0\u00a0\u00a0\u00a0\u00a0\u00a0\u00a0\u00a0 Mobil: 0157 &#8211; 5362 48 72<\/td>\n<\/tr>\n<tr>\n<td style=\"width: 190.25px\"><strong>Zielstellung<\/strong><\/td>\n<td style=\"width: 508px\"><\/td>\n<\/tr>\n<\/tbody>\n<\/table>\n<\/div>\n<hr \/>\n<h3>Kader<\/h3>\n\n<table id=\"tablepress-51\" class=\"tablepress tablepress-id-51\">\n<thead>\n<tr class=\"row-1 odd\">\n\t<th class=\"column-1\">Name<\/th><th class=\"column-2\">Vorname<\/th><th class=\"column-3\">Jahrgang<\/th><th class=\"column-4\">Herkunft<\/th>\n<\/tr>\n<\/thead>\n<tbody>\n<tr class=\"row-2 even\">\n\t<td class=\"column-1\">Apel<\/td><td class=\"column-2\">Tim<\/td><td class=\"column-3\">2000<\/td><td class=\"column-4\">Einheit<\/td>\n<\/tr>\n<tr class=\"row-3 odd\">\n\t<td class=\"column-1\">Christmann<\/td><td class=\"column-2\">Steven<\/td><td class=\"column-3\">2001<\/td><td class=\"column-4\">Einheit<\/td>\n<\/tr>\n<tr class=\"row-4 even\">\n\t<td class=\"column-1\">D.<\/td><td class=\"column-2\">Ousmane<\/td><td class=\"column-3\">2001<\/td><td class=\"column-4\">Einheit<\/td>\n<\/tr>\n<tr class=\"row-5 odd\">\n\t<td class=\"column-1\">Gneist<\/td><td class=\"column-2\">Tom Florian<\/td><td class=\"column-3\">2001<\/td><td class=\"column-4\">GS SV Schwarz-Gelb Bernburg<\/td>\n<\/tr>\n<tr class=\"row-6 even\">\n\t<td class=\"column-1\">Hecht<\/td><td class=\"column-2\">Moritz<\/td><td class=\"column-3\">2001<\/td><td class=\"column-4\">Askania<\/td>\n<\/tr>\n<tr class=\"row-7 odd\">\n\t<td class=\"column-1\">Klausnitzer<\/td><td class=\"column-2\">Max<\/td><td class=\"column-3\">2000<\/td><td class=\"column-4\">Askania<\/td>\n<\/tr>\n<tr class=\"row-8 even\">\n\t<td class=\"column-1\">K\u00fcmmel<\/td><td class=\"column-2\">Eddie<\/td><td class=\"column-3\">2000<\/td><td class=\"column-4\">Askania<\/td>\n<\/tr>\n<tr class=\"row-9 odd\">\n\t<td class=\"column-1\">Nachtigall<\/td><td class=\"column-2\">Till<\/td><td class=\"column-3\">2000<\/td><td class=\"column-4\">Einheit<\/td>\n<\/tr>\n<tr class=\"row-10 even\">\n\t<td class=\"column-1\">Salehzada<\/td><td class=\"column-2\">Wais<\/td><td class=\"column-3\">2000<\/td><td class=\"column-4\">Einheit<\/td>\n<\/tr>\n<tr class=\"row-11 odd\">\n\t<td class=\"column-1\">Schmalenberg <\/td><td class=\"column-2\">Tim<\/td><td class=\"column-3\">2001<\/td><td class=\"column-4\">Einheit<\/td>\n<\/tr>\n<tr class=\"row-12 even\">\n\t<td class=\"column-1\">Schwarz<\/td><td class=\"column-2\">Mario<\/td><td class=\"column-3\">2001<\/td><td class=\"column-4\">Einheit<\/td>\n<\/tr>\n<tr class=\"row-13 odd\">\n\t<td class=\"column-1\">Walcer<\/td><td class=\"column-2\">Niclas<\/td><td class=\"column-3\">2000<\/td><td class=\"column-4\">Askania<\/td>\n<\/tr>\n<tr class=\"row-14 even\">\n\t<td class=\"column-1\">Westphal <\/td><td class=\"column-2\">Tobias<\/td><td class=\"column-3\">2001<\/td><td class=\"column-4\">Einheit<\/td>\n<\/tr>\n<tr class=\"row-15 odd\">\n\t<td class=\"column-1\"><\/td><td class=\"column-2\"><\/td><td class=\"column-3\"><\/td><td class=\"column-4\"><\/td>\n<\/tr>\n<tr class=\"row-16 even\">\n\t<td class=\"column-1\">m\u00f6gliche B - Junioren<\/td><td class=\"column-2\"><\/td><td class=\"column-3\"><\/td><td class=\"column-4\"><\/td>\n<\/tr>\n<tr class=\"row-17 odd\">\n\t<td class=\"column-1\">D\u00f6ring<\/td><td class=\"column-2\">Jamie<\/td><td class=\"column-3\">2003<\/td><td class=\"column-4\">Einheit B-Jun.<\/td>\n<\/tr>\n<tr class=\"row-18 even\">\n\t<td class=\"column-1\">Ebeling<\/td><td class=\"column-2\">Tim<\/td><td class=\"column-3\">2002<\/td><td class=\"column-4\">Einheit B-Jun.<\/td>\n<\/tr>\n<tr class=\"row-19 odd\">\n\t<td class=\"column-1\">Gruschetzki<\/td><td class=\"column-2\">Hannes<\/td><td class=\"column-3\">2002<\/td><td class=\"column-4\">GS Ilberstedt B-Jun<\/td>\n<\/tr>\n<tr class=\"row-20 even\">\n\t<td class=\"column-1\">H\u00e4nschen<\/td><td class=\"column-2\">Ken Nico<\/td><td class=\"column-3\">2002<\/td><td class=\"column-4\">Einheit B-Jun.<\/td>\n<\/tr>\n<tr class=\"row-21 odd\">\n\t<td class=\"column-1\">Kalashyan<\/td><td class=\"column-2\">Arman<\/td><td class=\"column-3\">2002<\/td><td class=\"column-4\">Einheit B-Jun.<\/td>\n<\/tr>\n<tr class=\"row-22 even\">\n\t<td class=\"column-1\">Kre\u00df<\/td><td class=\"column-2\">Hannes<\/td><td class=\"column-3\">2002<\/td><td class=\"column-4\">Einheit B-Jun.<\/td>\n<\/tr>\n<tr class=\"row-23 odd\">\n\t<td class=\"column-1\">Meixner<\/td><td class=\"column-2\">Niclas<\/td><td class=\"column-3\">2002<\/td><td class=\"column-4\">Askania (Baalberge)<\/td>\n<\/tr>\n<tr class=\"row-24 even\">\n\t<td class=\"column-1\">Wartmann<\/td><td class=\"column-2\">Robin<\/td><td class=\"column-3\">2002<\/td><td class=\"column-4\">Einheit B-Jun.<\/td>\n<\/tr>\n<tr class=\"row-25 odd\">\n\t<td class=\"column-1\">Weigel<\/td><td class=\"column-2\">Bennet<\/td><td class=\"column-3\">2002<\/td><td class=\"column-4\">Einheit B-Jun.<\/td>\n<\/tr>\n<\/tbody>\n<\/table>\n\n","protected":false},"excerpt":{"rendered":"<p>SG Askania Bernburg\/Einheit Bernburg Landesliga Staffel 6 &#8211; 2018\/19 Nach dem guten 2.Platz in der Vorsaison, wo sogar noch mehr m\u00f6glich gewesen w\u00e4re, wenn nicht st\u00e4ndig Leistungstr\u00e4ger f\u00fcr die Landesliga-Herren des TVA Askania h\u00e4tten abgestellt werden m\u00fcssen. Dennoch das Saisonfazit sagt einiges \u00fcber die Qualit\u00e4t der letztj\u00e4hrigen A-Junioren aus. Auch in dieser Saison sollte die [&hellip;]<\/p>\n","protected":false},"author":3,"featured_media":0,"parent":19411,"menu_order":0,"comment_status":"closed","ping_status":"closed","template":"","meta":{"footnotes":""},"_links":{"self":[{"href":"https:\/\/einheit-bernburg.de\/content\/index.php?rest_route=\/wp\/v2\/pages\/19456"}],"collection":[{"href":"https:\/\/einheit-bernburg.de\/content\/index.php?rest_route=\/wp\/v2\/pages"}],"about":[{"href":"https:\/\/einheit-bernburg.de\/content\/index.php?rest_route=\/wp\/v2\/types\/page"}],"author":[{"embeddable":true,"href":"https:\/\/einheit-bernburg.de\/content\/index.php?rest_route=\/wp\/v2\/users\/3"}],"replies":[{"embeddable":true,"href":"https:\/\/einheit-bernburg.de\/content\/index.php?rest_route=%2Fwp%2Fv2%2Fcomments&post=19456"}],"version-history":[{"count":1,"href":"https:\/\/einheit-bernburg.de\/content\/index.php?rest_route=\/wp\/v2\/pages\/19456\/revisions"}],"predecessor-version":[{"id":19457,"href":"https:\/\/einheit-bernburg.de\/content\/index.php?rest_route=\/wp\/v2\/pages\/19456\/revisions\/19457"}],"up":[{"embeddable":true,"href":"https:\/\/einheit-bernburg.de\/content\/index.php?rest_route=\/wp\/v2\/pages\/19411"}],"wp:attachment":[{"href":"https:\/\/einheit-bernburg.de\/content\/index.php?rest_route=%2Fwp%2Fv2%2Fmedia&parent=19456"}],"curies":[{"name":"wp","href":"https:\/\/api.w.org\/{rel}","templated":true}]}}