{"id":19518,"date":"2019-07-25T11:22:23","date_gmt":"2019-07-25T09:22:23","guid":{"rendered":"http:\/\/einheit-bernburg.de\/content\/?page_id=19518"},"modified":"2019-07-25T11:22:23","modified_gmt":"2019-07-25T09:22:23","slug":"kader-u-zielstellung-b1-junioren","status":"publish","type":"page","link":"https:\/\/einheit-bernburg.de\/content\/?page_id=19518","title":{"rendered":"Archiv Kader u. Zielstellung B-Junioren 2018\/19"},"content":{"rendered":"<h1 class=\"aufm\">Spg. Askania Bernburg\/Einheit Bernburg<\/h1>\n<h3>Landesliga Staffel 2 &#8211; 2018\/19<\/h3>\n<p>Die B &#8211; Junioren dieser Saison setzen sich fast ausnahmlos aus ehemaligen Verbandsligaspielern zusammen. Leider konnten die B &#8211; Junioren in der vergangenen Saison die Verbandsliga, in der sie drei jahre in Folge zuhause waren, nicht mehr halten, obwohl sie nach der 1.Halbserie noch aussichtsreich im Rennen lagen. Andersherum war es bei den Jungs die aus der vorj\u00e4hrigen C &#8211; Junioren nun zu den B &#8211; Junioren sto\u00dfen. Einer schwachen 1.Halbserie in der Verbandsliga S\u00fcd, folgte eine starke R\u00fcckrunde in der sie vom Tabellenende noch auf Platz 7 kletterten und zumindest die Relegation zur nunmehrigen eingleisigen Verbandsliga nur um 1 Punkt verpassten.<br \/>\nDem nun neu zusammengestellten B &#8211; Juniorenteam, mit ihrem neuen Trainer , Christian Stephan, sollte man in ihrer Landesligastaffel durchaus einen Platz im Spitzenfeld zutrauen k\u00f6nnen, auch wenn die Mannschaft aller Voraussicht nach, an den Wochenenden immer einige Spieler des \u00e4lteren Jahregangs wechselweise zur Verst\u00e4rkung an die A &#8211; Junioren der KOOP wird zur Verf\u00fcgung stellen m\u00fcssen.<br \/>\nWir w\u00fcnschen dem Kollektiv mit seinem neuen Trainer f\u00fcr die neue Saison viel Erfolg!<\/p>\n<hr \/>\n<div class=\"su-table su-table-alternate\">\n<table style=\"width: 651.5px\">\n<tbody>\n<tr>\n<td style=\"width: 161.5px\"><strong>Ansprechpartner<\/strong><\/td>\n<td style=\"width: 490px\">Markus Becker (Jugendleiter &#8211; Askania) Mobil: 0160 \/ 973 796 29<\/p>\n<p>Lothar Kral (Sportlicher Leiter &#8211; Einheit)<br \/>\nTel.: 03471 \/ 311868, Mobil: 0177 \/ 939 42 32<\/td>\n<\/tr>\n<tr>\n<td style=\"width: 161.5px\"><strong>Trainingszeit<\/strong><\/td>\n<td style=\"width: 490px\">Montag u. Mittwoch 18:00 &#8211; 19:30 Uhr Askania &#8211; Sportplatz<\/td>\n<\/tr>\n<tr>\n<td style=\"width: 161.5px\"><strong>Hallentraining 1<br \/>\n<\/strong><\/td>\n<td style=\"width: 490px\">Montag 18:00 &#8211; 19:30 Uhr &#8222;Eichenweghalle&#8220; mit A-Jun. ab 12.11.<\/td>\n<\/tr>\n<tr>\n<td style=\"width: 161.5px\"><strong>Hallentraining 2<br \/>\n<\/strong><\/td>\n<td style=\"width: 490px\">Mittwoch\u00a0 18:30 &#8211; 19:30 Uhr Bruno-Hinz-Sporthalle ab 14.11. m\u00f6gl.<\/td>\n<\/tr>\n<tr>\n<td style=\"width: 161.5px\"><strong>Kunstrasen<br \/>\n<\/strong><\/td>\n<td style=\"width: 490px\">Montag u. Mittwoch Training Kunstrasen von 18:00 bis 19:30 Uhr<br \/>\nzusammen mit A &#8211; Junioren<\/td>\n<\/tr>\n<tr>\n<td style=\"width: 161.5px\"><strong>Trainer<\/strong><\/td>\n<td style=\"width: 490px\">Christian Stephan \u00a0\u00a0\u00a0\u00a0\u00a0\u00a0\u00a0\u00a0\u00a0\u00a0\u00a0 Mobil: <span class=\"cmp_parsed_phone\" data-cmp_parsed_phone=\"+491706589029\" data-ce-class=\"Phones\">0170 \/ 65 89 029<\/span><\/td>\n<\/tr>\n<tr>\n<td style=\"width: 161.5px\"><strong>Co &#8211; Trainer<\/strong><\/td>\n<td style=\"width: 490px\">Christian Podstawka\u00a0\u00a0\u00a0\u00a0\u00a0\u00a0\u00a0 Mobil: 0157 \/ 387 756 29<\/td>\n<\/tr>\n<tr>\n<td style=\"width: 161.5px\"><strong>Betreuer<\/strong><\/td>\n<td style=\"width: 490px\">Die Eltern der Jungs<\/td>\n<\/tr>\n<tr>\n<td style=\"width: 161.5px\"><strong>Zielstellung<\/strong><\/td>\n<td style=\"width: 490px\">Attraktiver freudef\u00f6rdernder Fu\u00dfball<\/td>\n<\/tr>\n<\/tbody>\n<\/table>\n<\/div>\n<hr \/>\n<h3>Kader<\/h3>\n\n<table id=\"tablepress-52\" class=\"tablepress tablepress-id-52\">\n<thead>\n<tr class=\"row-1 odd\">\n\t<th class=\"column-1\">Name<\/th><th class=\"column-2\">Vorname<\/th><th class=\"column-3\">Jahrgang<\/th><th class=\"column-4\">Vereinszugeh\u00f6rigkeit<\/th><th class=\"column-5\"><\/th><th class=\"column-6\"><\/th><th class=\"column-7\"><\/th><th class=\"column-8\"><\/th>\n<\/tr>\n<\/thead>\n<tbody>\n<tr class=\"row-2 even\">\n\t<td class=\"column-1\">D\u00f6ring<\/td><td class=\"column-2\">Jamie Noah<\/td><td class=\"column-3\">2003<\/td><td class=\"column-4\">SV Einheit Bernburg<\/td><td class=\"column-5\"><\/td><td class=\"column-6\"><\/td><td class=\"column-7\"><\/td><td class=\"column-8\"><\/td>\n<\/tr>\n<tr class=\"row-3 odd\">\n\t<td class=\"column-1\">Ebeling<\/td><td class=\"column-2\">Tim<\/td><td class=\"column-3\">2002<\/td><td class=\"column-4\">SV Einheit Bernburg<\/td><td class=\"column-5\"><\/td><td class=\"column-6\"><\/td><td class=\"column-7\"><\/td><td class=\"column-8\"><\/td>\n<\/tr>\n<tr class=\"row-4 even\">\n\t<td class=\"column-1\">Gruschetzki<\/td><td class=\"column-2\">Hannes<\/td><td class=\"column-3\">2002<\/td><td class=\"column-4\">GS VfL Ilberstedt<\/td><td class=\"column-5\"><\/td><td class=\"column-6\"><\/td><td class=\"column-7\"><\/td><td class=\"column-8\"><\/td>\n<\/tr>\n<tr class=\"row-5 odd\">\n\t<td class=\"column-1\">H\u00e4nschen <\/td><td class=\"column-2\">Ken Nico<\/td><td class=\"column-3\">2002<\/td><td class=\"column-4\">SV Einheit Bernburg<\/td><td class=\"column-5\"><\/td><td class=\"column-6\"><\/td><td class=\"column-7\"><\/td><td class=\"column-8\"><\/td>\n<\/tr>\n<tr class=\"row-6 even\">\n\t<td class=\"column-1\">Kalashyan<\/td><td class=\"column-2\">Arman<\/td><td class=\"column-3\">2002<\/td><td class=\"column-4\">SV Einheit Bernburg<\/td><td class=\"column-5\"><\/td><td class=\"column-6\"><\/td><td class=\"column-7\"><\/td><td class=\"column-8\"><\/td>\n<\/tr>\n<tr class=\"row-7 odd\">\n\t<td class=\"column-1\">Kre\u00df <\/td><td class=\"column-2\">Hannes<\/td><td class=\"column-3\">2002<\/td><td class=\"column-4\">SV Einheit Bernburg<\/td><td class=\"column-5\"><\/td><td class=\"column-6\"><\/td><td class=\"column-7\"><\/td><td class=\"column-8\"><\/td>\n<\/tr>\n<tr class=\"row-8 even\">\n\t<td class=\"column-1\">Lange<\/td><td class=\"column-2\">Valentin<\/td><td class=\"column-3\">2002<\/td><td class=\"column-4\">SV Einheit Bernburg<\/td><td class=\"column-5\"><\/td><td class=\"column-6\"><\/td><td class=\"column-7\"><\/td><td class=\"column-8\"><\/td>\n<\/tr>\n<tr class=\"row-9 odd\">\n\t<td class=\"column-1\">Wartmann<\/td><td class=\"column-2\">Robin<\/td><td class=\"column-3\">2002<\/td><td class=\"column-4\">TV Askania Bernburg<\/td><td class=\"column-5\"><\/td><td class=\"column-6\"><\/td><td class=\"column-7\"><\/td><td class=\"column-8\"><\/td>\n<\/tr>\n<tr class=\"row-10 even\">\n\t<td class=\"column-1\">Weigel <\/td><td class=\"column-2\">Bennet<\/td><td class=\"column-3\">2002<\/td><td class=\"column-4\">SV Einheit Bernburg<\/td><td class=\"column-5\"><\/td><td class=\"column-6\"><\/td><td class=\"column-7\"><\/td><td class=\"column-8\"><\/td>\n<\/tr>\n<tr class=\"row-11 odd\">\n\t<td class=\"column-1\"><\/td><td class=\"column-2\"><\/td><td class=\"column-3\"><\/td><td class=\"column-4\"><\/td><td class=\"column-5\"><\/td><td class=\"column-6\"><\/td><td class=\"column-7\"><\/td><td class=\"column-8\"><\/td>\n<\/tr>\n<tr class=\"row-12 even\">\n\t<td class=\"column-1\">Bauermeister<\/td><td class=\"column-2\">Finn<\/td><td class=\"column-3\">2003<\/td><td class=\"column-4\">TV Askania Bernburg<\/td><td class=\"column-5\"><\/td><td class=\"column-6\"><\/td><td class=\"column-7\"><\/td><td class=\"column-8\"><\/td>\n<\/tr>\n<tr class=\"row-13 odd\">\n\t<td class=\"column-1\">Fahland <\/td><td class=\"column-2\">Nils Erik<\/td><td class=\"column-3\">2003<\/td><td class=\"column-4\">TV Askania Bernburg<\/td><td class=\"column-5\"><\/td><td class=\"column-6\"><\/td><td class=\"column-7\"><\/td><td class=\"column-8\"><\/td>\n<\/tr>\n<tr class=\"row-14 even\">\n\t<td class=\"column-1\">G\u00fcnther<\/td><td class=\"column-2\">Felix<\/td><td class=\"column-3\">2003<\/td><td class=\"column-4\">TV Askania Bernburg<\/td><td class=\"column-5\"><\/td><td class=\"column-6\"><\/td><td class=\"column-7\"><\/td><td class=\"column-8\"><\/td>\n<\/tr>\n<tr class=\"row-15 odd\">\n\t<td class=\"column-1\">Hegewald<\/td><td class=\"column-2\">Justin<\/td><td class=\"column-3\">2003<\/td><td class=\"column-4\">GS FSV R\/W Alsleben<\/td><td class=\"column-5\"><\/td><td class=\"column-6\"><\/td><td class=\"column-7\"><\/td><td class=\"column-8\"><\/td>\n<\/tr>\n<tr class=\"row-16 even\">\n\t<td class=\"column-1\">Heine<\/td><td class=\"column-2\">Joris<\/td><td class=\"column-3\">2003<\/td><td class=\"column-4\">TV Askania Bernburg<\/td><td class=\"column-5\"><\/td><td class=\"column-6\"><\/td><td class=\"column-7\"><\/td><td class=\"column-8\"><\/td>\n<\/tr>\n<tr class=\"row-17 odd\">\n\t<td class=\"column-1\">Muhlack<\/td><td class=\"column-2\">Arved<\/td><td class=\"column-3\">2003<\/td><td class=\"column-4\">TV Askania Bernburg<\/td><td class=\"column-5\"><\/td><td class=\"column-6\"><\/td><td class=\"column-7\"><\/td><td class=\"column-8\"><\/td>\n<\/tr>\n<tr class=\"row-18 even\">\n\t<td class=\"column-1\">Podstawka<\/td><td class=\"column-2\">Niklas<\/td><td class=\"column-3\">2003<\/td><td class=\"column-4\">TV Askania Bernburg<\/td><td class=\"column-5\"><\/td><td class=\"column-6\"><\/td><td class=\"column-7\"><\/td><td class=\"column-8\"><\/td>\n<\/tr>\n<tr class=\"row-19 odd\">\n\t<td class=\"column-1\">Schmidt<\/td><td class=\"column-2\">Florian<\/td><td class=\"column-3\">2003<\/td><td class=\"column-4\">TV Askania Bernburg<\/td><td class=\"column-5\"><\/td><td class=\"column-6\"><\/td><td class=\"column-7\"><\/td><td class=\"column-8\"><\/td>\n<\/tr>\n<tr class=\"row-20 even\">\n\t<td class=\"column-1\">Tausch<\/td><td class=\"column-2\">Niklas<\/td><td class=\"column-3\">2003<\/td><td class=\"column-4\">TV Askania Bernburg<\/td><td class=\"column-5\"><\/td><td class=\"column-6\"><\/td><td class=\"column-7\"><\/td><td class=\"column-8\"><\/td>\n<\/tr>\n<tr class=\"row-21 odd\">\n\t<td class=\"column-1\">Wedding<\/td><td class=\"column-2\">Pascal<\/td><td class=\"column-3\">2003<\/td><td class=\"column-4\">TV Askania Bernburg<\/td><td class=\"column-5\"><\/td><td class=\"column-6\"><\/td><td class=\"column-7\"><\/td><td class=\"column-8\"><\/td>\n<\/tr>\n<tr class=\"row-22 even\">\n\t<td class=\"column-1\">Zenker<\/td><td class=\"column-2\">Yannis<\/td><td class=\"column-3\">2003<\/td><td class=\"column-4\">TV Askania Bernburg<\/td><td class=\"column-5\"><\/td><td class=\"column-6\"><\/td><td class=\"column-7\"><\/td><td class=\"column-8\"><\/td>\n<\/tr>\n<\/tbody>\n<\/table>\n\n","protected":false},"excerpt":{"rendered":"<p>Spg. Askania Bernburg\/Einheit Bernburg Landesliga Staffel 2 &#8211; 2018\/19 Die B &#8211; Junioren dieser Saison setzen sich fast ausnahmlos aus ehemaligen Verbandsligaspielern zusammen. Leider konnten die B &#8211; Junioren in der vergangenen Saison die Verbandsliga, in der sie drei jahre in Folge zuhause waren, nicht mehr halten, obwohl sie nach der 1.Halbserie noch aussichtsreich im [&hellip;]<\/p>\n","protected":false},"author":3,"featured_media":0,"parent":19458,"menu_order":0,"comment_status":"closed","ping_status":"closed","template":"","meta":{"footnotes":""},"_links":{"self":[{"href":"https:\/\/einheit-bernburg.de\/content\/index.php?rest_route=\/wp\/v2\/pages\/19518"}],"collection":[{"href":"https:\/\/einheit-bernburg.de\/content\/index.php?rest_route=\/wp\/v2\/pages"}],"about":[{"href":"https:\/\/einheit-bernburg.de\/content\/index.php?rest_route=\/wp\/v2\/types\/page"}],"author":[{"embeddable":true,"href":"https:\/\/einheit-bernburg.de\/content\/index.php?rest_route=\/wp\/v2\/users\/3"}],"replies":[{"embeddable":true,"href":"https:\/\/einheit-bernburg.de\/content\/index.php?rest_route=%2Fwp%2Fv2%2Fcomments&post=19518"}],"version-history":[{"count":1,"href":"https:\/\/einheit-bernburg.de\/content\/index.php?rest_route=\/wp\/v2\/pages\/19518\/revisions"}],"predecessor-version":[{"id":19519,"href":"https:\/\/einheit-bernburg.de\/content\/index.php?rest_route=\/wp\/v2\/pages\/19518\/revisions\/19519"}],"up":[{"embeddable":true,"href":"https:\/\/einheit-bernburg.de\/content\/index.php?rest_route=\/wp\/v2\/pages\/19458"}],"wp:attachment":[{"href":"https:\/\/einheit-bernburg.de\/content\/index.php?rest_route=%2Fwp%2Fv2%2Fmedia&parent=19518"}],"curies":[{"name":"wp","href":"https:\/\/api.w.org\/{rel}","templated":true}]}}