{"id":19575,"date":"2019-07-25T11:23:19","date_gmt":"2019-07-25T09:23:19","guid":{"rendered":"http:\/\/einheit-bernburg.de\/content\/?page_id=19575"},"modified":"2019-07-25T11:23:19","modified_gmt":"2019-07-25T09:23:19","slug":"kader-u-zielstellung-c-junioren","status":"publish","type":"page","link":"https:\/\/einheit-bernburg.de\/content\/?page_id=19575","title":{"rendered":"Archiv Kader u. Zielstellung C1-Junioren 2018\/19"},"content":{"rendered":"<h1>TV Askania Bernburg<\/h1>\n<h3>Landesliga Staffel 2 &#8211; 2018\/19<\/h3>\n<p>Schade, dass es in der letzten Saison f\u00fcr die C1 &#8211; Junioren knapp nicht gereicht hat, die zuk\u00fcnftig eingleisig fahrende Verbandsliga zu halten. Lediglich ein Punkt fehlte dem Team, um wenigsten einen Relegationsplatz zu erreichen.<br \/>\nSo spielt die Mannschaft in dieser Saison in der Landesliga. Daf\u00fcr steht den beiden Trainern Markus Becker und Andreas Kre\u00df ein gut ausgebildeter und auf Landesebene erfahrener Kader zur Verf\u00fcgung, wobei 7 Verbandsligakicker und\u00a0 3 Landesligakicker des SV Einheit als \u00e4lterer Jahrgang schon \u00fcber einige Erfahrung in dieser Altersklasse verf\u00fcgen.<br \/>\nDa sollte es den verantwortlichen Trainern nicht allzu schwer fallen, die restlichen Jungs, die im vergangenen Spieljahr noch im Talenteligateam der KOOP oder bei den Einheit D-Junioren spielten, auf dem Gro\u00dffeld zu intregieren.<br \/>\nEine gute Rolle in ihrer Landesligastaffel zu spielen, ergibt sich da zwangsl\u00e4ufig als realistisches Ziel. Dabei w\u00fcnschen wir der Mannschaft und ihren Trainern viel Erfolg!<\/p>\n<hr \/>\n<div class=\"su-table su-table-alternate\">\n<table>\n<tbody>\n<tr>\n<td style=\"width: 25%\"><strong>Ansprechpartner<\/strong><\/td>\n<td>Lothar Kral (Sportlicher Leiter &#8211; Einheit)<br \/>\nTel.: 03471 \/ 311868, Mobil: 0177 \/ 939 42 32<br \/>\nMarkus Becker (Jugendleiter &#8211; Askania)\u00a0\u00a0\u00a0\u00a0\u00a0 Mobil: 0160 \/ 973 796 29<\/td>\n<\/tr>\n<tr>\n<td style=\"width: 25%\"><strong>Trainingszeit<\/strong><\/td>\n<td>Montag \u00a0\u00a0\u00a0\u00a0\u00a0\u00a0\u00a0\u00a0\u00a0\u00a0\u00a0\u00a0\u00a0\u00a0\u00a0\u00a0\u00a0\u00a0 17:00 &#8211; 18:30 Einheit &#8211; Sportplatz<br \/>\nDonnerstag\u00a0\u00a0\u00a0\u00a0\u00a0\u00a0\u00a0\u00a0\u00a0\u00a0\u00a0\u00a0 17:00 &#8211; 18:30 Askania &#8211; Sportplatz<br \/>\nFreitag \u00a0 \u00a0 \u00a0 \u00a0 \u00a0 \u00a0 \u00a0 \u00a0 \u00a0 \u00a0 16:30 &#8211; 18.00 Askania &#8211; Sportplatz<\/td>\n<\/tr>\n<tr>\n<td style=\"width: 25%\"><strong>Hallentraining<br \/>\n<\/strong><\/td>\n<td>Mittwoch\u00a0\u00a0\u00a0\u00a0\u00a0\u00a0\u00a0\u00a0\u00a0\u00a0\u00a0\u00a0\u00a0\u00a0\u00a0 17:00 &#8211; 18:00 Bruno- Hinz-Halle ab 14.11.<\/td>\n<\/tr>\n<tr>\n<td style=\"width: 25%\"><strong>Kunstrasen<br \/>\n<\/strong><\/td>\n<td>Donnerstag\u00a0\u00a0\u00a0\u00a0\u00a0\u00a0\u00a0\u00a0\u00a0\u00a0\u00a0\u00a0 16:30 &#8211; 18:00 Askania &#8211; Sportplatz<br \/>\nFreitag \u00a0 \u00a0 \u00a0 \u00a0 \u00a0 \u00a0 \u00a0 \u00a0 \u00a0 \u00a0 16:30 &#8211; 18.00 Askania &#8211; Sportplatz<\/td>\n<\/tr>\n<tr>\n<td style=\"width: 25%\"><strong>Trainer<\/strong><\/td>\n<td>Markus Becker\u00a0\u00a0\u00a0\u00a0\u00a0\u00a0\u00a0\u00a0\u00a0\u00a0\u00a0 Mobil: 0160 \/ 973 796 29<\/p>\n<p>Andreas Kre\u00df \u00a0\u00a0\u00a0\u00a0\u00a0\u00a0\u00a0\u00a0\u00a0\u00a0\u00a0\u00a0 Mobil: 0157 \/ 878 029 30<\/td>\n<\/tr>\n<tr>\n<td style=\"width: 25%\"><strong>Betreuer<\/strong><\/td>\n<td><\/td>\n<\/tr>\n<tr>\n<td style=\"width: 25%\"><strong>Zielstellung<\/strong><\/td>\n<td><\/td>\n<\/tr>\n<\/tbody>\n<\/table>\n<\/div>\n<hr \/>\n<h3>Kader<\/h3>\n\n<table id=\"tablepress-53\" class=\"tablepress tablepress-id-53\">\n<thead>\n<tr class=\"row-1 odd\">\n\t<th class=\"column-1\">Name<\/th><th class=\"column-2\">Vorname<\/th><th class=\"column-3\">Jahrgang<\/th><th class=\"column-4\">Herkunft<\/th><th class=\"column-5\"><\/th><th class=\"column-6\"><\/th><th class=\"column-7\"><\/th><th class=\"column-8\"><\/th>\n<\/tr>\n<\/thead>\n<tbody>\n<tr class=\"row-2 even\">\n\t<td class=\"column-1\">Bindszus<\/td><td class=\"column-2\">Luca Leona<\/td><td class=\"column-3\">2004 <\/td><td class=\"column-4\">TV Askania<\/td><td class=\"column-5\"><\/td><td class=\"column-6\"><\/td><td class=\"column-7\"><\/td><td class=\"column-8\"><\/td>\n<\/tr>\n<tr class=\"row-3 odd\">\n\t<td class=\"column-1\">Jaenicke<\/td><td class=\"column-2\">Finn Aric<\/td><td class=\"column-3\">2004<\/td><td class=\"column-4\">TV Askania<\/td><td class=\"column-5\"><\/td><td class=\"column-6\"><\/td><td class=\"column-7\"><\/td><td class=\"column-8\"><\/td>\n<\/tr>\n<tr class=\"row-4 even\">\n\t<td class=\"column-1\">J\u00fcrges<\/td><td class=\"column-2\">Leon Christian<\/td><td class=\"column-3\">2004<\/td><td class=\"column-4\">TV Askania<\/td><td class=\"column-5\"><\/td><td class=\"column-6\"><\/td><td class=\"column-7\"><\/td><td class=\"column-8\"><\/td>\n<\/tr>\n<tr class=\"row-5 odd\">\n\t<td class=\"column-1\">Marx<\/td><td class=\"column-2\">Jonas<\/td><td class=\"column-3\">2004<\/td><td class=\"column-4\">TV Askania<\/td><td class=\"column-5\"><\/td><td class=\"column-6\"><\/td><td class=\"column-7\"><\/td><td class=\"column-8\"><\/td>\n<\/tr>\n<tr class=\"row-6 even\">\n\t<td class=\"column-1\">Rosenburg<\/td><td class=\"column-2\">Lukas Thomas<\/td><td class=\"column-3\">2004<\/td><td class=\"column-4\">TV Askania<\/td><td class=\"column-5\"><\/td><td class=\"column-6\"><\/td><td class=\"column-7\"><\/td><td class=\"column-8\"><\/td>\n<\/tr>\n<tr class=\"row-7 odd\">\n\t<td class=\"column-1\">Tolias<\/td><td class=\"column-2\">Ioannis<\/td><td class=\"column-3\">2004<\/td><td class=\"column-4\">TV Askania<\/td><td class=\"column-5\"><\/td><td class=\"column-6\"><\/td><td class=\"column-7\"><\/td><td class=\"column-8\"><\/td>\n<\/tr>\n<tr class=\"row-8 even\">\n\t<td class=\"column-1\">Tolias<\/td><td class=\"column-2\">Nikolaos<\/td><td class=\"column-3\">2004<\/td><td class=\"column-4\">TV Askania<\/td><td class=\"column-5\"><\/td><td class=\"column-6\"><\/td><td class=\"column-7\"><\/td><td class=\"column-8\"><\/td>\n<\/tr>\n<tr class=\"row-9 odd\">\n\t<td class=\"column-1\"><\/td><td class=\"column-2\"><\/td><td class=\"column-3\"><\/td><td class=\"column-4\"><\/td><td class=\"column-5\"><\/td><td class=\"column-6\"><\/td><td class=\"column-7\"><\/td><td class=\"column-8\"><\/td>\n<\/tr>\n<tr class=\"row-10 even\">\n\t<td class=\"column-1\">Aliev<\/td><td class=\"column-2\">Elias<\/td><td class=\"column-3\">2005<\/td><td class=\"column-4\">SV Einheit<\/td><td class=\"column-5\"><\/td><td class=\"column-6\"><\/td><td class=\"column-7\"><\/td><td class=\"column-8\"><\/td>\n<\/tr>\n<tr class=\"row-11 odd\">\n\t<td class=\"column-1\">Ehrich<\/td><td class=\"column-2\">Jannis<\/td><td class=\"column-3\">2005<\/td><td class=\"column-4\">SV Einheit<\/td><td class=\"column-5\"><\/td><td class=\"column-6\"><\/td><td class=\"column-7\"><\/td><td class=\"column-8\"><\/td>\n<\/tr>\n<tr class=\"row-12 even\">\n\t<td class=\"column-1\">Kaiser<\/td><td class=\"column-2\">Justin Domenic<\/td><td class=\"column-3\">2005<\/td><td class=\"column-4\">TV Askania<\/td><td class=\"column-5\"><\/td><td class=\"column-6\"><\/td><td class=\"column-7\"><\/td><td class=\"column-8\"><\/td>\n<\/tr>\n<tr class=\"row-13 odd\">\n\t<td class=\"column-1\">Sack<\/td><td class=\"column-2\">Niklas<\/td><td class=\"column-3\">2005<\/td><td class=\"column-4\">SV Einheit<\/td><td class=\"column-5\"><\/td><td class=\"column-6\"><\/td><td class=\"column-7\"><\/td><td class=\"column-8\"><\/td>\n<\/tr>\n<tr class=\"row-14 even\">\n\t<td class=\"column-1\">Wilhelm<\/td><td class=\"column-2\">Niclas<\/td><td class=\"column-3\">2005<\/td><td class=\"column-4\">SV Einheit<\/td><td class=\"column-5\"><\/td><td class=\"column-6\"><\/td><td class=\"column-7\"><\/td><td class=\"column-8\"><\/td>\n<\/tr>\n<tr class=\"row-15 odd\">\n\t<td class=\"column-1\">Lange<\/td><td class=\"column-2\">Franz<\/td><td class=\"column-3\">2006<\/td><td class=\"column-4\">TV Askania<\/td><td class=\"column-5\"><\/td><td class=\"column-6\"><\/td><td class=\"column-7\"><\/td><td class=\"column-8\"><\/td>\n<\/tr>\n<tr class=\"row-16 even\">\n\t<td class=\"column-1\">Lange<\/td><td class=\"column-2\">Louis<\/td><td class=\"column-3\">2004<\/td><td class=\"column-4\">TV Askania<\/td><td class=\"column-5\"><\/td><td class=\"column-6\"><\/td><td class=\"column-7\"><\/td><td class=\"column-8\"><\/td>\n<\/tr>\n<tr class=\"row-17 odd\">\n\t<td class=\"column-1\">Masurek<\/td><td class=\"column-2\">Max Jan<\/td><td class=\"column-3\">2005<\/td><td class=\"column-4\">1.FSV Nienburg<\/td><td class=\"column-5\"><\/td><td class=\"column-6\"><\/td><td class=\"column-7\"><\/td><td class=\"column-8\"><\/td>\n<\/tr>\n<\/tbody>\n<\/table>\n\n","protected":false},"excerpt":{"rendered":"<p>TV Askania Bernburg Landesliga Staffel 2 &#8211; 2018\/19 Schade, dass es in der letzten Saison f\u00fcr die C1 &#8211; Junioren knapp nicht gereicht hat, die zuk\u00fcnftig eingleisig fahrende Verbandsliga zu halten. Lediglich ein Punkt fehlte dem Team, um wenigsten einen Relegationsplatz zu erreichen. So spielt die Mannschaft in dieser Saison in der Landesliga. Daf\u00fcr steht [&hellip;]<\/p>\n","protected":false},"author":3,"featured_media":0,"parent":19520,"menu_order":0,"comment_status":"closed","ping_status":"closed","template":"","meta":{"footnotes":""},"_links":{"self":[{"href":"https:\/\/einheit-bernburg.de\/content\/index.php?rest_route=\/wp\/v2\/pages\/19575"}],"collection":[{"href":"https:\/\/einheit-bernburg.de\/content\/index.php?rest_route=\/wp\/v2\/pages"}],"about":[{"href":"https:\/\/einheit-bernburg.de\/content\/index.php?rest_route=\/wp\/v2\/types\/page"}],"author":[{"embeddable":true,"href":"https:\/\/einheit-bernburg.de\/content\/index.php?rest_route=\/wp\/v2\/users\/3"}],"replies":[{"embeddable":true,"href":"https:\/\/einheit-bernburg.de\/content\/index.php?rest_route=%2Fwp%2Fv2%2Fcomments&post=19575"}],"version-history":[{"count":1,"href":"https:\/\/einheit-bernburg.de\/content\/index.php?rest_route=\/wp\/v2\/pages\/19575\/revisions"}],"predecessor-version":[{"id":19576,"href":"https:\/\/einheit-bernburg.de\/content\/index.php?rest_route=\/wp\/v2\/pages\/19575\/revisions\/19576"}],"up":[{"embeddable":true,"href":"https:\/\/einheit-bernburg.de\/content\/index.php?rest_route=\/wp\/v2\/pages\/19520"}],"wp:attachment":[{"href":"https:\/\/einheit-bernburg.de\/content\/index.php?rest_route=%2Fwp%2Fv2%2Fmedia&parent=19575"}],"curies":[{"name":"wp","href":"https:\/\/api.w.org\/{rel}","templated":true}]}}