{"id":19616,"date":"2019-07-25T11:24:21","date_gmt":"2019-07-25T09:24:21","guid":{"rendered":"http:\/\/einheit-bernburg.de\/content\/?page_id=19616"},"modified":"2019-07-25T11:24:21","modified_gmt":"2019-07-25T09:24:21","slug":"kader-u-zielstellung-d3-junioren","status":"publish","type":"page","link":"https:\/\/einheit-bernburg.de\/content\/?page_id=19616","title":{"rendered":"Archiv Kader u. Zielstellung C2-Junioren 2018\/19"},"content":{"rendered":"<h1 class=\"aufm\">Spg. Einheit Bernburg \/ Askania Bernburg II.<\/h1>\n<h3>1.Kreisklasse \u2013 2018\/19<\/h3>\n<p>Leider mussten die C2 &#8211; Junioren der KOOP, die zudem im letzten Spieljahr Kreispokalsieger wurden, die Landesliga bereits nach einem Jahr wieder verlassen, wo sie aber trotzdem eine gute Rolle spielten.<br \/>\nEine prima Mischung, wobei sich der Landesliga erfahrene \u00e4ltere Jahrgang der diesj\u00e4hrigen C2 &#8211; Junioren, mit dem j\u00fcngeren Jahrgang, der zum gro\u00dfen Teil aus den D3 &#8211; Junioren der KOOP (Einheit) hervorgeht,in etwa die Waage h\u00e4lt und das neue C2 &#8211; Trainergespann in die konfortable Lage versetzt, aus dem Vollen zu sch\u00f6pfen. So k\u00f6nnen sie leicht Trainingsleistungen und vor &#8211; oder nicht vorherrschende Disziplin, sowie Zuverl\u00e4ssigkeit entsprechend positiv oder negativ honorieren.<br \/>\nDas kann sich eigentlich nur f\u00f6rderlich auf die Leistungen der neu zu bildenden Mannschaft auswirken. Ein guter Platz im vorderen Mittelfeld der Kreisklasse sollte so ein realistisches Ziel sein.<br \/>\nAu\u00dferdem hei\u00dfen wir in der Mannschaft drei Jungs, die vorher beim 1.FSV Nienburg spielten, herzlich Willkommen.<br \/>\nWir w\u00fcnschen dem Kollektiv f\u00fcr die neue Saison eine gute Weiterentwicklung und viel Erfolg.<\/p>\n<hr \/>\n<div class=\"su-table su-table-alternate\">\n<table>\n<tbody>\n<tr>\n<td style=\"width: 25%\"><strong>Ansprechpartner<\/strong><\/td>\n<td>Lothar Kral (Sportlicher Leiter)<br \/>\nTel.: 03471 \/ 311868, Mobil: 0177 \/ 939 42 32Markus Becker (Jugendleiter &#8211; Askania) Mobil: 0160 \/ 973 796 29<\/td>\n<\/tr>\n<tr>\n<td style=\"width: 25%\"><strong>Trainingszeit<\/strong><\/td>\n<td>Dienstag u. Donnerstag, 17:00 Uhr \u2013 18:30 Uhr Einheit &#8211; Sportplatz<\/td>\n<\/tr>\n<tr>\n<td style=\"width: 25%\"><strong>Hallentraining<br \/>\n<\/strong><\/td>\n<td>Mittwoch 17:30 Uhr &#8211; 19:00 Uhr\u00a0 Halle &#8222;T\u00f6pferwiese&#8220; ab 24.10. m\u00f6gl.<\/td>\n<\/tr>\n<tr>\n<td style=\"width: 25%\"><strong>Kunstrasen<br \/>\n<\/strong><\/td>\n<td>Dienstag\u00a0 16:30 Uhr &#8211; 18:00 Uhr<\/td>\n<\/tr>\n<tr>\n<td style=\"width: 25%\"><strong>Trainer<\/strong><\/td>\n<td>Lars Hirschmann\u00a0 \u00a0\u00a0 Mobil: 0151 \/ 217 083 00<br \/>\nGerd Jende \u00a0 \u00a0 \u00a0\u00a0 \u00a0\u00a0\u00a0\u00a0\u00a0\u00a0\u00a0 Mobil: 0152 \/ 318 537 89<\/td>\n<\/tr>\n<tr>\n<td style=\"width: 25%\"><strong>Betreuer<\/strong><\/td>\n<td><\/td>\n<\/tr>\n<tr>\n<td style=\"width: 25%\"><strong>Zielstellung<\/strong><\/td>\n<td><\/td>\n<\/tr>\n<\/tbody>\n<\/table>\n<\/div>\n<hr \/>\n<h3>Kader<\/h3>\n\n<table id=\"tablepress-54\" class=\"tablepress tablepress-id-54\">\n<thead>\n<tr class=\"row-1 odd\">\n\t<th class=\"column-1\">Name<\/th><th class=\"column-2\">Vorname<\/th><th class=\"column-3\">Jahrgang<\/th><th class=\"column-4\">Herkunft<\/th><th class=\"column-5\"><\/th><th class=\"column-6\"><\/th><th class=\"column-7\"><\/th><th class=\"column-8\"><\/th><th class=\"column-9\"><\/th>\n<\/tr>\n<\/thead>\n<tbody>\n<tr class=\"row-2 even\">\n\t<td class=\"column-1\">Bernhardt<\/td><td class=\"column-2\">Phillip<\/td><td class=\"column-3\">2004<\/td><td class=\"column-4\">SV Einheit<\/td><td class=\"column-5\"><\/td><td class=\"column-6\"><\/td><td class=\"column-7\"><\/td><td class=\"column-8\"><\/td><td class=\"column-9\"><\/td>\n<\/tr>\n<tr class=\"row-3 odd\">\n\t<td class=\"column-1\">Bijesh Kumar<\/td><td class=\"column-2\">Alies<\/td><td class=\"column-3\">2004<\/td><td class=\"column-4\">SV Schwarz-Gelb Bernburg (Indien)<\/td><td class=\"column-5\"><\/td><td class=\"column-6\"><\/td><td class=\"column-7\"><\/td><td class=\"column-8\"><\/td><td class=\"column-9\"><\/td>\n<\/tr>\n<tr class=\"row-4 even\">\n\t<td class=\"column-1\">Heller<\/td><td class=\"column-2\">Eric<\/td><td class=\"column-3\">2004<\/td><td class=\"column-4\">TV Askania<\/td><td class=\"column-5\"><\/td><td class=\"column-6\"><\/td><td class=\"column-7\"><\/td><td class=\"column-8\"><\/td><td class=\"column-9\"><\/td>\n<\/tr>\n<tr class=\"row-5 odd\">\n\t<td class=\"column-1\">Hensel<\/td><td class=\"column-2\">Dylan<\/td><td class=\"column-3\">2004<\/td><td class=\"column-4\">SV Einheit<\/td><td class=\"column-5\"><\/td><td class=\"column-6\"><\/td><td class=\"column-7\"><\/td><td class=\"column-8\"><\/td><td class=\"column-9\"><\/td>\n<\/tr>\n<tr class=\"row-6 even\">\n\t<td class=\"column-1\">Herold<\/td><td class=\"column-2\">Tom<\/td><td class=\"column-3\">2004<\/td><td class=\"column-4\">SV Einheit<\/td><td class=\"column-5\"><\/td><td class=\"column-6\"><\/td><td class=\"column-7\"><\/td><td class=\"column-8\"><\/td><td class=\"column-9\"><\/td>\n<\/tr>\n<tr class=\"row-7 odd\">\n\t<td class=\"column-1\">Ilgenstein<\/td><td class=\"column-2\">Lukas<\/td><td class=\"column-3\">2004<\/td><td class=\"column-4\">SV Einheit<\/td><td class=\"column-5\"><\/td><td class=\"column-6\"><\/td><td class=\"column-7\"><\/td><td class=\"column-8\"><\/td><td class=\"column-9\"><\/td>\n<\/tr>\n<tr class=\"row-8 even\">\n\t<td class=\"column-1\">Kalashyan<\/td><td class=\"column-2\">Rafik<\/td><td class=\"column-3\">2004<\/td><td class=\"column-4\">SV Einheit<\/td><td class=\"column-5\"><\/td><td class=\"column-6\"><\/td><td class=\"column-7\"><\/td><td class=\"column-8\"><\/td><td class=\"column-9\"><\/td>\n<\/tr>\n<tr class=\"row-9 odd\">\n\t<td class=\"column-1\">Luckau<\/td><td class=\"column-2\">Justin Maurice<\/td><td class=\"column-3\">2004<\/td><td class=\"column-4\">SV Einheit <\/td><td class=\"column-5\"><\/td><td class=\"column-6\"><\/td><td class=\"column-7\"><\/td><td class=\"column-8\"><\/td><td class=\"column-9\"><\/td>\n<\/tr>\n<tr class=\"row-10 even\">\n\t<td class=\"column-1\">Matthias<\/td><td class=\"column-2\">Nils<\/td><td class=\"column-3\">2004<\/td><td class=\"column-4\">TV Askania<\/td><td class=\"column-5\"><\/td><td class=\"column-6\"><\/td><td class=\"column-7\"><\/td><td class=\"column-8\"><\/td><td class=\"column-9\"><\/td>\n<\/tr>\n<tr class=\"row-11 odd\">\n\t<td class=\"column-1\">M\u00fcller<\/td><td class=\"column-2\">Leonard<\/td><td class=\"column-3\">2004<\/td><td class=\"column-4\">SV Einheit<\/td><td class=\"column-5\"><\/td><td class=\"column-6\"><\/td><td class=\"column-7\"><\/td><td class=\"column-8\"><\/td><td class=\"column-9\"><\/td>\n<\/tr>\n<tr class=\"row-12 even\">\n\t<td class=\"column-1\"><\/td><td class=\"column-2\"><\/td><td class=\"column-3\"><\/td><td class=\"column-4\"><\/td><td class=\"column-5\"><\/td><td class=\"column-6\"><\/td><td class=\"column-7\"><\/td><td class=\"column-8\"><\/td><td class=\"column-9\"><\/td>\n<\/tr>\n<tr class=\"row-13 odd\">\n\t<td class=\"column-1\">Fadel <\/td><td class=\"column-2\">Mohamed<\/td><td class=\"column-3\">2005<\/td><td class=\"column-4\">SV Einheit<\/td><td class=\"column-5\"><\/td><td class=\"column-6\"><\/td><td class=\"column-7\"><\/td><td class=\"column-8\"><\/td><td class=\"column-9\"><\/td>\n<\/tr>\n<tr class=\"row-14 even\">\n\t<td class=\"column-1\">Habenreich<\/td><td class=\"column-2\">Jonas<\/td><td class=\"column-3\">2005<\/td><td class=\"column-4\">SV Einheit<\/td><td class=\"column-5\"><\/td><td class=\"column-6\"><\/td><td class=\"column-7\"><\/td><td class=\"column-8\"><\/td><td class=\"column-9\"><\/td>\n<\/tr>\n<tr class=\"row-15 odd\">\n\t<td class=\"column-1\">Hammermann<\/td><td class=\"column-2\">Moritz Emanuel<\/td><td class=\"column-3\">2005<\/td><td class=\"column-4\">SV Einheit<\/td><td class=\"column-5\"><\/td><td class=\"column-6\"><\/td><td class=\"column-7\"><\/td><td class=\"column-8\"><\/td><td class=\"column-9\"><\/td>\n<\/tr>\n<tr class=\"row-16 even\">\n\t<td class=\"column-1\">Hensel<\/td><td class=\"column-2\">Jan Luca<\/td><td class=\"column-3\">2005<\/td><td class=\"column-4\">SV Einheit<\/td><td class=\"column-5\"><\/td><td class=\"column-6\"><\/td><td class=\"column-7\"><\/td><td class=\"column-8\"><\/td><td class=\"column-9\"><\/td>\n<\/tr>\n<tr class=\"row-17 odd\">\n\t<td class=\"column-1\">Hofmann<\/td><td class=\"column-2\">Dominik<\/td><td class=\"column-3\">2005<\/td><td class=\"column-4\">SV Einheit<\/td><td class=\"column-5\"><\/td><td class=\"column-6\"><\/td><td class=\"column-7\"><\/td><td class=\"column-8\"><\/td><td class=\"column-9\"><\/td>\n<\/tr>\n<tr class=\"row-18 even\">\n\t<td class=\"column-1\">Jende<\/td><td class=\"column-2\">Sebastian<\/td><td class=\"column-3\">2005<\/td><td class=\"column-4\">SV Einheit<\/td><td class=\"column-5\"><\/td><td class=\"column-6\"><\/td><td class=\"column-7\"><\/td><td class=\"column-8\"><\/td><td class=\"column-9\"><\/td>\n<\/tr>\n<tr class=\"row-19 odd\">\n\t<td class=\"column-1\">Jennert<\/td><td class=\"column-2\">Jannik<\/td><td class=\"column-3\">2005<\/td><td class=\"column-4\">SV Einheit<\/td><td class=\"column-5\"><\/td><td class=\"column-6\"><\/td><td class=\"column-7\"><\/td><td class=\"column-8\"><\/td><td class=\"column-9\"><\/td>\n<\/tr>\n<tr class=\"row-20 even\">\n\t<td class=\"column-1\">Kanhash<\/td><td class=\"column-2\">Ouday<\/td><td class=\"column-3\">2005<\/td><td class=\"column-4\">SV Einheit<\/td><td class=\"column-5\"><\/td><td class=\"column-6\"><\/td><td class=\"column-7\"><\/td><td class=\"column-8\"><\/td><td class=\"column-9\"><\/td>\n<\/tr>\n<tr class=\"row-21 odd\">\n\t<td class=\"column-1\">Mathes<\/td><td class=\"column-2\">Benedikt<\/td><td class=\"column-3\">2005<\/td><td class=\"column-4\">SV Einheit<\/td><td class=\"column-5\"><\/td><td class=\"column-6\"><\/td><td class=\"column-7\"><\/td><td class=\"column-8\"><\/td><td class=\"column-9\"><\/td>\n<\/tr>\n<tr class=\"row-22 even\">\n\t<td class=\"column-1\">Reinke<\/td><td class=\"column-2\">Maximilian<\/td><td class=\"column-3\">2005<\/td><td class=\"column-4\">SV Einheit<\/td><td class=\"column-5\"><\/td><td class=\"column-6\"><\/td><td class=\"column-7\"><\/td><td class=\"column-8\"><\/td><td class=\"column-9\"><\/td>\n<\/tr>\n<tr class=\"row-23 odd\">\n\t<td class=\"column-1\">Spandau<\/td><td class=\"column-2\">Philipp<\/td><td class=\"column-3\">2005<\/td><td class=\"column-4\">SV Einheit<\/td><td class=\"column-5\"><\/td><td class=\"column-6\"><\/td><td class=\"column-7\"><\/td><td class=\"column-8\"><\/td><td class=\"column-9\"><\/td>\n<\/tr>\n<tr class=\"row-24 even\">\n\t<td class=\"column-1\">Schwarze<\/td><td class=\"column-2\">Philipp<\/td><td class=\"column-3\">2005<\/td><td class=\"column-4\">1.FSV Nienburg<\/td><td class=\"column-5\"><\/td><td class=\"column-6\"><\/td><td class=\"column-7\"><\/td><td class=\"column-8\"><\/td><td class=\"column-9\"><\/td>\n<\/tr>\n<\/tbody>\n<\/table>\n\n","protected":false},"excerpt":{"rendered":"<p>Spg. Einheit Bernburg \/ Askania Bernburg II. 1.Kreisklasse \u2013 2018\/19 Leider mussten die C2 &#8211; Junioren der KOOP, die zudem im letzten Spieljahr Kreispokalsieger wurden, die Landesliga bereits nach einem Jahr wieder verlassen, wo sie aber trotzdem eine gute Rolle spielten. Eine prima Mischung, wobei sich der Landesliga erfahrene \u00e4ltere Jahrgang der diesj\u00e4hrigen C2 &#8211; [&hellip;]<\/p>\n","protected":false},"author":3,"featured_media":0,"parent":19577,"menu_order":0,"comment_status":"closed","ping_status":"closed","template":"","meta":{"footnotes":""},"_links":{"self":[{"href":"https:\/\/einheit-bernburg.de\/content\/index.php?rest_route=\/wp\/v2\/pages\/19616"}],"collection":[{"href":"https:\/\/einheit-bernburg.de\/content\/index.php?rest_route=\/wp\/v2\/pages"}],"about":[{"href":"https:\/\/einheit-bernburg.de\/content\/index.php?rest_route=\/wp\/v2\/types\/page"}],"author":[{"embeddable":true,"href":"https:\/\/einheit-bernburg.de\/content\/index.php?rest_route=\/wp\/v2\/users\/3"}],"replies":[{"embeddable":true,"href":"https:\/\/einheit-bernburg.de\/content\/index.php?rest_route=%2Fwp%2Fv2%2Fcomments&post=19616"}],"version-history":[{"count":1,"href":"https:\/\/einheit-bernburg.de\/content\/index.php?rest_route=\/wp\/v2\/pages\/19616\/revisions"}],"predecessor-version":[{"id":19617,"href":"https:\/\/einheit-bernburg.de\/content\/index.php?rest_route=\/wp\/v2\/pages\/19616\/revisions\/19617"}],"up":[{"embeddable":true,"href":"https:\/\/einheit-bernburg.de\/content\/index.php?rest_route=\/wp\/v2\/pages\/19577"}],"wp:attachment":[{"href":"https:\/\/einheit-bernburg.de\/content\/index.php?rest_route=%2Fwp%2Fv2%2Fmedia&parent=19616"}],"curies":[{"name":"wp","href":"https:\/\/api.w.org\/{rel}","templated":true}]}}