{"id":19742,"date":"2019-08-07T10:56:57","date_gmt":"2019-08-07T08:56:57","guid":{"rendered":"http:\/\/einheit-bernburg.de\/content\/?page_id=19742"},"modified":"2019-08-07T10:57:19","modified_gmt":"2019-08-07T08:57:19","slug":"d1-junioren","status":"publish","type":"page","link":"https:\/\/einheit-bernburg.de\/content\/?page_id=19742","title":{"rendered":"Archiv D1-Junioren 2018\/19"},"content":{"rendered":"<h1 class=\"aufm\">TV Askania Bernburg<\/h1>\n<h3><strong>Verbands-Talentliga S\u00fcd &#8211; 2018\/19<\/strong><\/h3>\n<p><a href=\"http:\/\/einheit-bernburg.de\/content\/wp-content\/uploads\/2018\/08\/D1-Junioren-2018-19-3.jpg\"><noscript><img decoding=\"async\" class=\"alignnone wp-image-14854 size-full\" src=\"http:\/\/einheit-bernburg.de\/content\/wp-content\/uploads\/2018\/08\/D1-Junioren-2018-19-3.jpg\" alt width=\"1400\" height=\"932\" srcset=\"https:\/\/einheit-bernburg.de\/content\/wp-content\/uploads\/2018\/08\/D1-Junioren-2018-19-3.jpg 1400w, https:\/\/einheit-bernburg.de\/content\/wp-content\/uploads\/2018\/08\/D1-Junioren-2018-19-3-300x200.jpg 300w, https:\/\/einheit-bernburg.de\/content\/wp-content\/uploads\/2018\/08\/D1-Junioren-2018-19-3-768x511.jpg 768w, https:\/\/einheit-bernburg.de\/content\/wp-content\/uploads\/2018\/08\/D1-Junioren-2018-19-3-1024x682.jpg 1024w, https:\/\/einheit-bernburg.de\/content\/wp-content\/uploads\/2018\/08\/D1-Junioren-2018-19-3-1080x719.jpg 1080w\" sizes=\"(max-width: 1400px) 100vw, 1400px\"><\/noscript><img decoding=\"async\" class=\"alignnone wp-image-14854 size-full lazyload\" src=\"data:image\/svg+xml,%3Csvg%20xmlns%3D%22http%3A%2F%2Fwww.w3.org%2F2000%2Fsvg%22%20viewBox%3D%220%200%201400%20932%22%3E%3C%2Fsvg%3E\" alt width=\"1400\" height=\"932\" srcset=\"data:image\/svg+xml,%3Csvg%20xmlns%3D%22http%3A%2F%2Fwww.w3.org%2F2000%2Fsvg%22%20viewBox%3D%220%200%201400%20932%22%3E%3C%2Fsvg%3E 1400w\" sizes=\"(max-width: 1400px) 100vw, 1400px\" data-srcset=\"https:\/\/einheit-bernburg.de\/content\/wp-content\/uploads\/2018\/08\/D1-Junioren-2018-19-3.jpg 1400w, https:\/\/einheit-bernburg.de\/content\/wp-content\/uploads\/2018\/08\/D1-Junioren-2018-19-3-300x200.jpg 300w, https:\/\/einheit-bernburg.de\/content\/wp-content\/uploads\/2018\/08\/D1-Junioren-2018-19-3-768x511.jpg 768w, https:\/\/einheit-bernburg.de\/content\/wp-content\/uploads\/2018\/08\/D1-Junioren-2018-19-3-1024x682.jpg 1024w, https:\/\/einheit-bernburg.de\/content\/wp-content\/uploads\/2018\/08\/D1-Junioren-2018-19-3-1080x719.jpg 1080w\" data-src=\"http:\/\/einheit-bernburg.de\/content\/wp-content\/uploads\/2018\/08\/D1-Junioren-2018-19-3.jpg\"><\/a><\/p>\n<p>Hinten v. links:<br>\nChristian Podstawka (TR), Mihai Sidorov, Fritz Eisfeld, Colin Henze, Johnny Donath, Torsten Walkewitz (Co-TR)<br>\nVorn v. links:<br>\nMaurice Lorenz, Hannes Lutze, Philip Smandek, Finn Becker, Maxine Podstawka, Moritz F\u00fctz, Nicklas Bergmann<\/p>\n<p>Es fehlen: Tyler Kumbu, Elias Beck<\/p>\n<hr>\n<p><a class=\"submenu\" href=\"http:\/\/einheit-bernburg.de\/content\/?page_id=19782\" target=\"_blank\" rel=\"noopener noreferrer\"><noscript><img decoding=\"async\" src=\"http:\/\/einheit-bernburg.de\/off\/images\/redsys\/link.gif\" alt border=\"0\"><\/noscript><img decoding=\"async\" src=\"data:image\/gif;base64,R0lGODlhAQABAIAAAAAAAP\/\/\/yH5BAEAAAAALAAAAAABAAEAAAIBRAA7\" alt border=\"0\" data-src=\"http:\/\/einheit-bernburg.de\/off\/images\/redsys\/link.gif\" class=\" lazyload\">&nbsp;Kader u. Zielstellung<\/a><\/p>\n<p><noscript><img decoding=\"async\" src=\"http:\/\/einheit-bernburg.de\/off\/images\/redsys\/link.gif\" alt border=\"0\"><\/noscript><img decoding=\"async\" src=\"data:image\/gif;base64,R0lGODlhAQABAIAAAAAAAP\/\/\/yH5BAEAAAAALAAAAAABAAEAAAIBRAA7\" alt border=\"0\" data-src=\"http:\/\/einheit-bernburg.de\/off\/images\/redsys\/link.gif\" class=\" lazyload\">\u00b4<strong><a href=\"http:\/\/www.fussball.de\/spieltagsuebersicht\/talenteliga--2-hs--platzierrungsrunde-sachsen-anhalt-d-junioren-verbandsliga-d-junioren-saison1819-sachsen-anhalt\/-\/staffel\/0260K0U1RG000002VS54898EVUUGR0J5-G#!\/\">Spielplan u. Tabelle Talenteliga &#8211; Platzierungsrunde<\/a><\/strong><\/p>\n<p><a class=\"submenu\" href=\"http:\/\/www.fussball.de\/spieltagsuebersicht\/landesliga-a-jun-staffel-6-sachsen-anhalt-a-junioren-landesliga-a-junioren-saison1516-sachsen-anhalt\/-\/staffel\/01OPP4VDC8000001VV0AG813VSIPV1RQ-G#!\/section\/stage\" target=\"_blank\" rel=\"noopener noreferrer\"><noscript><img decoding=\"async\" src=\"http:\/\/einheit-bernburg.de\/off\/images\/redsys\/link.gif\" alt border=\"0\"><\/noscript><img decoding=\"async\" src=\"data:image\/gif;base64,R0lGODlhAQABAIAAAAAAAP\/\/\/yH5BAEAAAAALAAAAAABAAEAAAIBRAA7\" alt border=\"0\" data-src=\"http:\/\/einheit-bernburg.de\/off\/images\/redsys\/link.gif\" class=\" lazyload\"><\/a> <a href=\"http:\/\/www.fussball.de\/spieltagsuebersicht\/verbandsliga-sued-talente-sonderspielrunde-sachsen-anhalt-d-junioren-verbandsliga-d-junioren-saison1819-sachsen-anhalt\/-\/staffel\/0240RU3O0C000004VS54898DVSE4SAI6-G#!\/\">Spielplan u. Tabelle Verbandsliga S\u00fcd &#8211; Talente Sonderspielrunde<\/a><\/p>\n<p><a class=\"submenu\" href=\"http:\/\/einheit-bernburg.de\/content\/?page_id=355\" target=\"_blank\" rel=\"noopener noreferrer\"><noscript><img decoding=\"async\" src=\"http:\/\/einheit-bernburg.de\/off\/images\/redsys\/link.gif\" alt border=\"0\"><\/noscript><img decoding=\"async\" src=\"data:image\/gif;base64,R0lGODlhAQABAIAAAAAAAP\/\/\/yH5BAEAAAAALAAAAAABAAEAAAIBRAA7\" alt border=\"0\" data-src=\"http:\/\/einheit-bernburg.de\/off\/images\/redsys\/link.gif\" class=\" lazyload\"><\/a> <a href=\"http:\/\/einheit-bernburg.de\/content\/wp-content\/uploads\/2018\/07\/FSA-Talenteliga.pdf\">Erl\u00e4uterungen zur FSA &#8211; Talenteliga<\/a><\/p>\n<p><a class=\"submenu\" href=\"http:\/\/www.fussball.de\/spieltagsuebersicht\/landesliga-a-jun-staffel-6-sachsen-anhalt-a-junioren-landesliga-a-junioren-saison1516-sachsen-anhalt\/-\/staffel\/01OPP4VDC8000001VV0AG813VSIPV1RQ-G#!\/section\/stage\" target=\"_blank\" rel=\"noopener noreferrer\"><noscript><img decoding=\"async\" src=\"http:\/\/einheit-bernburg.de\/off\/images\/redsys\/link.gif\" alt border=\"0\"><\/noscript><img decoding=\"async\" src=\"data:image\/gif;base64,R0lGODlhAQABAIAAAAAAAP\/\/\/yH5BAEAAAAALAAAAAABAAEAAAIBRAA7\" alt border=\"0\" data-src=\"http:\/\/einheit-bernburg.de\/off\/images\/redsys\/link.gif\" class=\" lazyload\"><\/a> <a href=\"http:\/\/einheit-bernburg.de\/content\/wp-content\/uploads\/2018\/07\/RTP_2018-Nachwuchs.pdf\">Rahmenterminplan 2018\/19 NW &#8211; Verbandsspielbetrieb<\/a><\/p>\n<p><strong>\u00dcber die abgelaufene Saison 2017\/18 kann man sich ausf\u00fchrlich im Archiv informieren<\/strong>.<\/p>\n<hr>\n<h1>News u. Spielberichte<\/h1>\n<hr>\n<p><span style=\"text-decoration: underline;\"><strong>02.06.2019 11.ST Talenteliga &#8211; Platzierungsrunde<\/strong><\/span><br>\nTV Askania Bernburg &#8211; SV Dessau 05 <strong>3:11 (2:7)<\/strong><\/p>\n<hr>\n<p><span style=\"text-decoration: underline;\"><strong>19.05.2019 9.ST Talenteliga &#8211; Platzierungsrunde<\/strong><\/span><br>\nTV Askania Bernburg &#8211; FC Gr\u00fcn-Wei\u00df Piesteritz <strong>1:6 (1:1)<\/strong><\/p>\n<hr>\n<p><span style=\"text-decoration: underline;\"><strong>12.05.2019 8.ST Talenteliga &#8211; Platzierungsrunde<\/strong><\/span><br>\nTV Askania Bernburg &#8211; Haldensleber SC <strong>0:10 (0:7)<\/strong><\/p>\n<hr>\n<p><span style=\"text-decoration: underline;\"><strong>05.05.2019 4.ST Talenteliga &#8211; Platzierungsrunde<\/strong><\/span><br>\nMagdeburger FFC D &#8211; M\u00e4dchen &#8211; TV Askania Bernburg <strong>7:1 (3:0)<\/strong><\/p>\n<hr>\n<p><u><strong>17.03.2019 3.ST Talenteliga &#8211; Platzierungsrunde<\/strong><\/u><br>\nSV Arminia&#8217;53 Magdeburg &#8211; TV Askania Bernburg <strong>9:1 (3:0)<\/strong><\/p>\n<hr>\n<p><u><strong>10.03.2019 2.ST Talenteliga &#8211; Platzierungsrunde<\/strong><\/u><br>\nTV Askania Bernburg &#8211; Burger Ballspiel Club <strong>2:1 (2:0)<\/strong><\/p>\n<hr>\n<hr>\n<p><u><strong>17.02.2019 Hallenturnier des CFC Germania 03<\/strong><\/u><br>\nBeginn: <strong>13:30 Uhr&nbsp;<\/strong> Anreise: 12:45 Uhr&nbsp; Spielort: Sporthalle Hahnemannschule K\u00f6then<br>\n<strong>keine R\u00fcckmeldung<\/strong><\/p>\n<p><u>Teilnehmer:&nbsp;<\/u><br>\nCFC Germania 03, 1.FC Magdeburg, FSV Bennstedt, FC 1910 L\u00f6\u00dfnitz, VfB Gr\u00e4fenhainichen, SC Borsingwalde Berlin, TSV Rot-Wei\u00df Zerbst, VfL Halle 96, TV Askania Bernburg<\/p>\n<hr>\n<p><u><strong>10.02.2019 Paul \u2013 K\u00f6ditz Hallenturnier des FC Eilenburg &#8211; 8.Platz f\u00fcr unsere Jungs<\/strong><\/u><br>\nBeginn: <strong>09:00 Uhr<\/strong> Spielort: Beliansporthalle, Dr. Belian \u2013 Str.8, 04838 Eilenburg<\/p>\n<p><u>Teilnehmer:<\/u><br>\nU.a, mit Chemnitzer FC, BSG Chemie Leipzig, FC Grimma, TV Askania Bernburg&#8230;<\/p>\n<hr>\n<p><u><strong>19.01.2019 HLM &#8211; Vorrunde Talenteliga: Staffel 3 in Braunsbedra<\/strong><\/u><br>\nBeginn <strong>15:00 Uhr<\/strong>&nbsp; Spielort: &#8222;Geiseltalhalle&#8220;, Am Stadion 5<\/p>\n<p><u>Endstand:<\/u><br>\n1.VfB Gemania Halberstadt, <strong>2.<\/strong>JFV Sandersdorf-Thalheim, <strong>3.<\/strong>1.FC Magdeburg, <strong>4.<\/strong> SV Dessau 05,<br>\n<strong>5.<\/strong>TV Askania Bernburg, <strong>6. <\/strong>FC Gr\u00fcn-Wei\u00df Piesteritz<br>\n<em><a href=\"http:\/\/www.fussball.de\/spieltagsuebersicht\/hallenturnier-futsal--talenteliga-sachsen-anhalt-d-junioren-hal-landesturnier-d-junioren-saison1819-sachsen-anhalt\/-\/staffel\/025GB9465K000000VS54898EVSU2T2Q8-C#!\/\">(Ergebnisse \/ Endstand)<\/a><\/em><em> (Nach unten scrollen u. Staffel 3 anklicken)<\/em><\/p>\n<p>Die Erwartungen an die Jungs des TVA waren nicht hoch. Ein Sieg und 3 Niederlagen standen am Ende f\u00fcr das Bernburger Talenteteams zu Buche. Das reichte immerhin dazu, nicht als Letzter nach Hause zu fahren.<\/p>\n<hr>\n<p><strong><span style=\"text-decoration: underline;\">13.01.2018 4.Bernburger Genossenschafts-Cup<\/span><\/strong><br>\nBeginn: <strong>13:30 Uhr<\/strong>&nbsp; Anreise: 12:45 &#8211; Sporthalle &#8222;Eichenweg&#8220;<br>\n<a href=\"http:\/\/einheit-bernburg.de\/content\/wp-content\/uploads\/2018\/12\/Plakat_Hallenturniere_2019_E1-C1-E2-D1_rot.jpg\"><noscript><img decoding=\"async\" class=\"alignnone size-medium wp-image-16687\" src=\"http:\/\/einheit-bernburg.de\/content\/wp-content\/uploads\/2018\/12\/Plakat_Hallenturniere_2019_E1-C1-E2-D1_rot-212x300.jpg\" alt width=\"212\" height=\"300\" srcset=\"https:\/\/einheit-bernburg.de\/content\/wp-content\/uploads\/2018\/12\/Plakat_Hallenturniere_2019_E1-C1-E2-D1_rot-212x300.jpg 212w, https:\/\/einheit-bernburg.de\/content\/wp-content\/uploads\/2018\/12\/Plakat_Hallenturniere_2019_E1-C1-E2-D1_rot-768x1086.jpg 768w, https:\/\/einheit-bernburg.de\/content\/wp-content\/uploads\/2018\/12\/Plakat_Hallenturniere_2019_E1-C1-E2-D1_rot-724x1024.jpg 724w, https:\/\/einheit-bernburg.de\/content\/wp-content\/uploads\/2018\/12\/Plakat_Hallenturniere_2019_E1-C1-E2-D1_rot.jpg 919w\" sizes=\"(max-width: 212px) 100vw, 212px\"><\/noscript><img decoding=\"async\" class=\"alignnone size-medium wp-image-16687 lazyload\" src=\"data:image\/svg+xml,%3Csvg%20xmlns%3D%22http%3A%2F%2Fwww.w3.org%2F2000%2Fsvg%22%20viewBox%3D%220%200%20212%20300%22%3E%3C%2Fsvg%3E\" alt width=\"212\" height=\"300\" srcset=\"data:image\/svg+xml,%3Csvg%20xmlns%3D%22http%3A%2F%2Fwww.w3.org%2F2000%2Fsvg%22%20viewBox%3D%220%200%20212%20300%22%3E%3C%2Fsvg%3E 212w\" sizes=\"(max-width: 212px) 100vw, 212px\" data-srcset=\"https:\/\/einheit-bernburg.de\/content\/wp-content\/uploads\/2018\/12\/Plakat_Hallenturniere_2019_E1-C1-E2-D1_rot-212x300.jpg 212w, https:\/\/einheit-bernburg.de\/content\/wp-content\/uploads\/2018\/12\/Plakat_Hallenturniere_2019_E1-C1-E2-D1_rot-768x1086.jpg 768w, https:\/\/einheit-bernburg.de\/content\/wp-content\/uploads\/2018\/12\/Plakat_Hallenturniere_2019_E1-C1-E2-D1_rot-724x1024.jpg 724w, https:\/\/einheit-bernburg.de\/content\/wp-content\/uploads\/2018\/12\/Plakat_Hallenturniere_2019_E1-C1-E2-D1_rot.jpg 919w\" data-src=\"http:\/\/einheit-bernburg.de\/content\/wp-content\/uploads\/2018\/12\/Plakat_Hallenturniere_2019_E1-C1-E2-D1_rot-212x300.jpg\"><\/a><br>\n<a href=\"http:\/\/einheit-bernburg.de\/content\/wp-content\/uploads\/2018\/12\/Ausschreibung-D1-Junioren_13-01-19.pdf\">Ausschreibung<\/a> u. <a href=\"http:\/\/einheit-bernburg.de\/content\/wp-content\/uploads\/2019\/01\/Ergebnisse_D1-Junioren.pdf\">Ergebnis\u00fcbersicht<\/a><\/p>\n<p><strong>5. und 8.Platz f\u00fcr unser geteiltes Talenteliga-Team im starken Starterfeld<\/strong><br>\nDa der FC Eintracht K\u00f6then in Anhalt-Bitterfeld Hallenkreismeister wurde und zur HLM &#8211; Vorrunde antreten musste, sollte der CFC Germania 03 den Startplatz der Eintracht bei unserem Genossenschafts-Cup einnehmen. Doch der CFC sagte am Samstagabend ab, sodass unser Talenteliga Team vom Trainer gesplittet wurde und nun mit zwei Mannschaften antrat.<br>\nDie Askania-Jungs spielten vor 70 zahlenden Zuschauern im Rahmen ihrer M\u00f6glichkeiten und waren sehr bem\u00fcht. Letztlich mussten sie aber den geringen Wechselm\u00f6glichkeiten und dem damit verbundenen Kr\u00e4fteverschlei\u00df Tribut zollen. Trotzdem erreichte das erste Team einen guten 5.Platz ein und die zweite Mannschaft wurde zwar Letzter, entt\u00e4uschte aber keinesfalls. Eine prima Rolle spielte auch Maxine Podstawka, die in beiden Mannschaften des Gastgebers durchspielte und von den Trainern zur Besten Torh\u00fcterin gew\u00e4hlt wurde.<br>\nIm Finale, dieses von allen Manschaften sehr fair gef\u00fchrten Turniers, welches auf einem guten technischen und spielerischen Niveau stand, bezwang der VfL Halle 96 den SV Arminia&#8217;53 Magdeburg und das kleine Finale um Platz 3 entschied die U11 des 1.FC Magdeburg gegen die Mannschaft des JFV Sandersdorf-Thalheim f\u00fcr sich.<\/p>\n<div><strong>Kader TVA I:<\/strong><br>\nMaxine Podstawka, Mihai Sidorov, Finn Becker (3), Linus Fahland, Tyler, Kumbu (5), Elias Beck (4)<\/div>\n<div><strong>Kader TVA II:<\/strong><br>\nMaxine Podstawka, Paul Jansen, Hannes Lutze, Niklas Bergmann (1), Jonny Donath (2), Maurice Lorenz<\/div>\n<div><\/div>\n<div><strong>Bester Spieler:<\/strong> Jeremy K\u00f6ppe (VfL <span class=\"cmp_parsed_location\" data-ce-class=\"Locations\" data-cmp_parsed_location_name=\"Halle\" data-cmp_parsed_location_other=\"3\" data-cmp_parsed_location_weather=\"K15202000\">Halle<\/span>, 2 Stimmen)<\/div>\n<div><strong>Bester Torh\u00fcter:<\/strong> Maxine Podstwaka (TVA, 3 Stimmen)<\/div>\n<div><strong>Bester Torsch\u00fctze:<\/strong> Sebatian <span class=\"cmp_parsed_location\" data-ce-class=\"Locations\" data-cmp_parsed_location_name=\"Pohl\" data-cmp_parsed_location_other=\"0\" data-cmp_parsed_location_weather=\"K07141111\">Pohl<\/span> (VfL <span class=\"cmp_parsed_location\" data-ce-class=\"Locations\" data-cmp_parsed_location_name=\"Halle\" data-cmp_parsed_location_other=\"3\" data-cmp_parsed_location_weather=\"K15202000\">Halle<\/span>, 7 Tore)<\/div>\n<hr>\n<hr>\n<p><span style=\"text-decoration: underline;\"><strong>11.11.2018 10.ST Talenteliga S\u00fcd<\/strong><\/span><br>\nFC Gr\u00fcn-Wei\u00df Piesteritz &#8211; TV Askania Bernburg <strong>1:5 (0:3)<\/strong><\/p>\n<hr>\n<p><span style=\"text-decoration: underline;\"><strong>04.11.2018 9.ST Talenteliga S\u00fcd<\/strong><\/span><br>\nTV Askania Bernburg &#8211; VfL Halle 96 <strong>0:4 (0:1)<\/strong><\/p>\n<hr>\n<p>28.10.2018 8.ST Talenteliga S\u00fcd<br>\nTV Askania Bernburg &#8211; JFV Wei\u00dfenfels U13 <strong>0:7 (0:3)<\/strong><\/p>\n<hr>\n<p><span style=\"text-decoration: underline;\"><strong>21.10.2018 7.ST Talenteliga S\u00fcd<\/strong><\/span><br>\nSV Dessau 05 &#8211; TV Askania Bernburg <strong>0:0<\/strong><\/p>\n<hr>\n<p><span style=\"text-decoration: underline;\"><strong>30.09.2018 6.ST Talenteliga S\u00fcd<\/strong><\/span><br>\nTV Askania Bernburg &#8211; Hallescher FC U13&nbsp; <strong>0:10 (0:5)<\/strong><\/p>\n<hr>\n<p><span style=\"text-decoration: underline;\"><strong>23.09.2018 5.ST Talenteliga S\u00fcd<\/strong><\/span><br>\nVfB IMO Merseburg U13 &#8211; TV Askania Bernburg <strong>8:2 (1:1 \/ 2:2 \/ 6:0)<\/strong><\/p>\n<p><strong>Zwei prima Halbzeiten und gro\u00dfe Moral unserer Jungs<\/strong><br>\nVon Anbeginn setzten uns die Merseburger in unserer H\u00e4lfte unter Druck. Unser Team dagegen war auf Konter aus, was dann auch klappte. Ein Ball in die Tiefe auf Johnny Donath, der dann auf Niklas Bergmann quer legt und es stand 0:1 (19.). Leider bekamen wir kurz vor Ende der ersten Halbzeit den Ausgleich (23.).<br>\nDie zweite Halbzeit glich der ersten &#8211; hohes Pressing der Gastgeber, doch wieder steht die Abwehr gut und kann gemeinsam mit unserem gut aufgelegten Torwart Philipp Smandek so manche Chance vereiteln. Der erste Angriff unserer Mannschaft f\u00fchrte dann zum erneuten F\u00fchrungstreffer. Maurice Lorenz hatte zum 1:2 (43.) abgestaubt. Leider kassierten wir wieder, fast mit dem Abpfiff dieser Halbzeit, den 2:2 Ausgleich (50.).<br>\nSchade, dieses gute Ergebnis konnten wir leider nicht halten und mussten in der dritten H\u00e4lfte noch weitere Treffer bis zum deutlichen 8:2 f\u00fcr den Gastgeber hinnehmen.<br>\nAber ein dickes Lob an unsere Mannschaft, die sehr spielergeschw\u00e4cht nach Merseburg gereist war und eine tolle Mannschaftsleistung bot, sowie starke Moral bewies.<\/p>\n<p><strong>Mannschaftsaufstellung<\/strong><br>\nP. Smandek, C. Henze, F. Becker, J. Donath, N. Bergmann, E. Beck, F. Eisfeld, M. Lorenz, M. Podstawka, B. P\u00e4tz, P. Jansen<\/p>\n<hr>\n<p><span style=\"text-decoration: underline;\"><strong>Landespokal 2.Runde<\/strong><\/span><\/p>\n<p><span style=\"text-decoration: underline;\">Sonntag, <strong>09.09.2018&nbsp;<\/strong> Ansto\u00df: <strong>11:00 Uhr<\/strong><\/span><br>\nVfB 1906 Sangerhausen &#8211; TV Askania Bernburg <strong>12:0<\/strong><\/p>\n<hr>\n<p><span style=\"text-decoration: underline;\"><strong>26.08.2018 2.ST Talenteliga S\u00fcd &#8211; <\/strong>1.ST war TVA spielfrei<\/span><br>\nAnsto\u00df: <strong>10:00 Uhr<\/strong><br>\nTV Askania Bernburg &#8211; JFV Sandersdorf-Thalheim <strong>2:8 (2:3)<\/strong><\/p>\n<hr>\n<p><span style=\"text-decoration: underline;\"><strong>Landespokal 1.Runde<\/strong><\/span><\/p>\n<p><span style=\"text-decoration: underline;\">Sonntag, <strong>12.08.2018&nbsp;<\/strong> Ansto\u00df: <strong>11:00 Uhr<\/strong><\/span><br>\nTuS Kochstedt &#8211; TV Askania Bernburg <strong>0:5 (0:2)<\/strong><\/p>\n<hr>\n<p><span style=\"text-decoration: underline;\"><strong>Testspiele<\/strong><\/span><\/p>\n<p><span style=\"text-decoration: underline;\"><strong>08.08.2018&nbsp; Ansto\u00df: 11:00 Uhr<\/strong> <\/span><br>\nTV Askania Bernburg &#8211; SV Fortuna Magdeburg <strong>keine Ergebnismeldung<\/strong><\/p>\n<hr>\n","protected":false},"excerpt":{"rendered":"<p>TV Askania Bernburg Verbands-Talentliga S\u00fcd &#8211; 2018\/19 Hinten v. links: Christian Podstawka (TR), Mihai Sidorov, Fritz Eisfeld, Colin Henze, Johnny Donath, Torsten Walkewitz (Co-TR) Vorn v. links: Maurice Lorenz, Hannes Lutze, Philip Smandek, Finn Becker, Maxine Podstawka, Moritz F\u00fctz, Nicklas Bergmann Es fehlen: Tyler Kumbu, Elias Beck &nbsp;Kader u. Zielstellung \u00b4Spielplan u. Tabelle Talenteliga &#8211; [&hellip;]<\/p>\n","protected":false},"author":3,"featured_media":0,"parent":19140,"menu_order":6,"comment_status":"closed","ping_status":"closed","template":"","meta":{"footnotes":""},"_links":{"self":[{"href":"https:\/\/einheit-bernburg.de\/content\/index.php?rest_route=\/wp\/v2\/pages\/19742"}],"collection":[{"href":"https:\/\/einheit-bernburg.de\/content\/index.php?rest_route=\/wp\/v2\/pages"}],"about":[{"href":"https:\/\/einheit-bernburg.de\/content\/index.php?rest_route=\/wp\/v2\/types\/page"}],"author":[{"embeddable":true,"href":"https:\/\/einheit-bernburg.de\/content\/index.php?rest_route=\/wp\/v2\/users\/3"}],"replies":[{"embeddable":true,"href":"https:\/\/einheit-bernburg.de\/content\/index.php?rest_route=%2Fwp%2Fv2%2Fcomments&post=19742"}],"version-history":[{"count":2,"href":"https:\/\/einheit-bernburg.de\/content\/index.php?rest_route=\/wp\/v2\/pages\/19742\/revisions"}],"predecessor-version":[{"id":19895,"href":"https:\/\/einheit-bernburg.de\/content\/index.php?rest_route=\/wp\/v2\/pages\/19742\/revisions\/19895"}],"up":[{"embeddable":true,"href":"https:\/\/einheit-bernburg.de\/content\/index.php?rest_route=\/wp\/v2\/pages\/19140"}],"wp:attachment":[{"href":"https:\/\/einheit-bernburg.de\/content\/index.php?rest_route=%2Fwp%2Fv2%2Fmedia&parent=19742"}],"curies":[{"name":"wp","href":"https:\/\/api.w.org\/{rel}","templated":true}]}}