{"id":19782,"date":"2019-08-07T10:56:53","date_gmt":"2019-08-07T08:56:53","guid":{"rendered":"http:\/\/einheit-bernburg.de\/content\/?page_id=19782"},"modified":"2019-08-07T10:56:53","modified_gmt":"2019-08-07T08:56:53","slug":"kader-u-zielstellung-d1-junioren","status":"publish","type":"page","link":"https:\/\/einheit-bernburg.de\/content\/?page_id=19782","title":{"rendered":"Archiv Kader u. Zielstellung D1-Junioren 2018\/19"},"content":{"rendered":"<h1>TV Askania Bernburg<\/h1>\n<h3>Verbands-Talentliga S\u00fcd \u2013 2018\/19<\/h3>\n<p>Die Talenteligamannschaft der KOOP geht nun in ihre f\u00fcnfte Saison. Und wieder muss ein neuer Kader zusammen gestellt werden, woran immer noch gearbeitet wird.<br \/>\nIn der vergangenen Saison ben\u00f6tigte das Team von Trainer Christian Podstawka <a href=\"https:\/\/www.fupa.net\/spieler\/christian-podstawka-92712.html\"><em>(<\/em>mehr)<\/a> eine lange Findungsphase und so mussten die Jungs mit der &#8222;Roten Laterne&#8220; zum Abschluss der Sonderspielrunde Staffel S\u00fcd leben. Damit reichte es f\u00fcr die Mannschaft im 2018 Fr\u00fchjahr f\u00fcr die Platzierungsrunde ab Platz 11, gemeinsam mit den ab Platz 7 platzierten Mannschaften der beiden Hinrunden der Staffeln S\u00fcd und Nord. Hier spielten die Bernburger Jungs eine gute Rolle, wobei beachtliche Fortschritte gegen\u00fcber dem Herbst 2017 nachgewiesen werden konnten.<br \/>\nNat\u00fcrlich ist es nicht so einfach, jedes Jahr ein neues Talenteliga &#8211; Team zu schmieden und den Anspruch hat aber unsere KOOP.<br \/>\nW\u00fcnschen wir diesem neu aufzustellenden Team f\u00fcr das neue Spieljahr alles Gute und viel Erfolg!<\/p>\n<hr \/>\n<div class=\"su-table su-table-alternate\">\n<table>\n<tbody>\n<tr>\n<td style=\"width: 25%\"><strong>Ansprechpartner<\/strong><\/td>\n<td>Markus Becker (Jugendleiter &#8211; Askania) Mobil: 0160 \/ 973 796 29<\/p>\n<p>Lothar Kral (Sportlicher Leiter &#8211; Einheit)<br \/>\nTel.: 03471 \/ 311868, Mobil: 0177 \/ 939 42 32<\/td>\n<\/tr>\n<tr>\n<td style=\"width: 25%\"><strong>Trainingszeit<\/strong><\/td>\n<td>Dienstag u. Donnerstag 17:00 &#8211; 18:30 Uhr Askania &#8211; Sportplatz<\/td>\n<\/tr>\n<tr>\n<td style=\"width: 25%\"><strong>Kunstrasen<br \/>\n<\/strong><\/td>\n<td>selbe Zeit o. evtl. wegen M\u00e4nnertraining 16:30 Uhr &#8211; 18:00 Uhr<\/td>\n<\/tr>\n<tr>\n<td style=\"width: 25%\"><strong>Hallentraining<br \/>\n<\/strong><\/td>\n<td>Donnerstag\u00a0 17:00 &#8211; 18:00 Uhr Sporthalle &#8222;Eichenweg&#8220; ab 15.11.<\/td>\n<\/tr>\n<tr>\n<td style=\"width: 25%\"><strong>Trainer<\/strong><\/td>\n<td>Christian Podstawka \u00a0\u00a0\u00a0\u00a0\u00a0\u00a0 Mobil: 0157 &#8211; 387 756 29<\/td>\n<\/tr>\n<tr>\n<td style=\"width: 25%\"><strong>Co &#8211; Trainer<\/strong><\/td>\n<td>Torten Walkewitz\u00a0\u00a0\u00a0\u00a0\u00a0\u00a0\u00a0\u00a0\u00a0\u00a0\u00a0\u00a0\u00a0 Mobil: 0177 &#8211; 334 31 62<\/td>\n<\/tr>\n<tr>\n<td style=\"width: 25%\"><strong>Zielstellung<\/strong><\/td>\n<td>Die individuellen F\u00e4higkeiten der Spieler ausbauen und f\u00f6rdern<\/td>\n<\/tr>\n<\/tbody>\n<\/table>\n<\/div>\n<hr \/>\n<h3>Kader<\/h3>\n\n<table id=\"tablepress-55\" class=\"tablepress tablepress-id-55\">\n<thead>\n<tr class=\"row-1 odd\">\n\t<th class=\"column-1\">Name<\/th><th class=\"column-2\">Vorname<\/th><th class=\"column-3\">Jahrgang<\/th><th class=\"column-4\">Vereinszugeh\u00f6rigkeit<\/th><th class=\"column-5\"><\/th><th class=\"column-6\"><\/th><th class=\"column-7\"><\/th><th class=\"column-8\"><\/th>\n<\/tr>\n<\/thead>\n<tbody>\n<tr class=\"row-2 even\">\n\t<td class=\"column-1\">Beck<\/td><td class=\"column-2\">Elias<\/td><td class=\"column-3\">2007<\/td><td class=\"column-4\">Einheit<\/td><td class=\"column-5\"><\/td><td class=\"column-6\"><\/td><td class=\"column-7\"><\/td><td class=\"column-8\"><\/td>\n<\/tr>\n<tr class=\"row-3 odd\">\n\t<td class=\"column-1\">Becker<\/td><td class=\"column-2\">Finn<\/td><td class=\"column-3\">2007<\/td><td class=\"column-4\">Askania<\/td><td class=\"column-5\"><\/td><td class=\"column-6\"><\/td><td class=\"column-7\"><\/td><td class=\"column-8\"><\/td>\n<\/tr>\n<tr class=\"row-4 even\">\n\t<td class=\"column-1\">Bergmann<\/td><td class=\"column-2\">Niklas<\/td><td class=\"column-3\">2007<\/td><td class=\"column-4\">Askania<\/td><td class=\"column-5\"><\/td><td class=\"column-6\"><\/td><td class=\"column-7\"><\/td><td class=\"column-8\"><\/td>\n<\/tr>\n<tr class=\"row-5 odd\">\n\t<td class=\"column-1\">Donath<\/td><td class=\"column-2\">Johnny<\/td><td class=\"column-3\">2007<\/td><td class=\"column-4\">Askania<\/td><td class=\"column-5\"><\/td><td class=\"column-6\"><\/td><td class=\"column-7\"><\/td><td class=\"column-8\"><\/td>\n<\/tr>\n<tr class=\"row-6 even\">\n\t<td class=\"column-1\">Eisfeld<\/td><td class=\"column-2\">Fritz<\/td><td class=\"column-3\">2006<\/td><td class=\"column-4\">Askania<\/td><td class=\"column-5\"><\/td><td class=\"column-6\"><\/td><td class=\"column-7\"><\/td><td class=\"column-8\"><\/td>\n<\/tr>\n<tr class=\"row-7 odd\">\n\t<td class=\"column-1\">Kumbu<\/td><td class=\"column-2\">Taxlor<\/td><td class=\"column-3\">2007<\/td><td class=\"column-4\">Askania<\/td><td class=\"column-5\"><\/td><td class=\"column-6\"><\/td><td class=\"column-7\"><\/td><td class=\"column-8\"><\/td>\n<\/tr>\n<tr class=\"row-8 even\">\n\t<td class=\"column-1\">Lange<br \/>\n\t<br \/>\n\t<\/td><td class=\"column-2\">Franz<\/td><td class=\"column-3\">2006<\/td><td class=\"column-4\">Askania<\/td><td class=\"column-5\"><\/td><td class=\"column-6\"><\/td><td class=\"column-7\"><\/td><td class=\"column-8\"><\/td>\n<\/tr>\n<tr class=\"row-9 odd\">\n\t<td class=\"column-1\">Lutze<\/td><td class=\"column-2\">Hannes<\/td><td class=\"column-3\">2006<\/td><td class=\"column-4\">Askania<\/td><td class=\"column-5\"><\/td><td class=\"column-6\"><\/td><td class=\"column-7\"><\/td><td class=\"column-8\"><\/td>\n<\/tr>\n<tr class=\"row-10 even\">\n\t<td class=\"column-1\">Miehtig<\/td><td class=\"column-2\">John Marco<\/td><td class=\"column-3\">2006<\/td><td class=\"column-4\">Askania<\/td><td class=\"column-5\"><\/td><td class=\"column-6\"><\/td><td class=\"column-7\"><\/td><td class=\"column-8\"><\/td>\n<\/tr>\n<tr class=\"row-11 odd\">\n\t<td class=\"column-1\">Sidorov<\/td><td class=\"column-2\">Mihai Alexandru<\/td><td class=\"column-3\">2007<\/td><td class=\"column-4\">Askania<\/td><td class=\"column-5\"><\/td><td class=\"column-6\"><\/td><td class=\"column-7\"><\/td><td class=\"column-8\"><\/td>\n<\/tr>\n<tr class=\"row-12 even\">\n\t<td class=\"column-1\"><\/td><td class=\"column-2\"><\/td><td class=\"column-3\"><\/td><td class=\"column-4\"><\/td><td class=\"column-5\"><\/td><td class=\"column-6\"><\/td><td class=\"column-7\"><\/td><td class=\"column-8\"><\/td>\n<\/tr>\n<tr class=\"row-13 odd\">\n\t<td class=\"column-1\">F\u00fctz<\/td><td class=\"column-2\">Martin<\/td><td class=\"column-3\">2008<\/td><td class=\"column-4\">Einheit<\/td><td class=\"column-5\"><\/td><td class=\"column-6\"><\/td><td class=\"column-7\"><\/td><td class=\"column-8\"><\/td>\n<\/tr>\n<tr class=\"row-14 even\">\n\t<td class=\"column-1\">Lorenz<\/td><td class=\"column-2\">Maurice<\/td><td class=\"column-3\">2008<\/td><td class=\"column-4\">Einheit<\/td><td class=\"column-5\"><\/td><td class=\"column-6\"><\/td><td class=\"column-7\"><\/td><td class=\"column-8\"><\/td>\n<\/tr>\n<tr class=\"row-15 odd\">\n\t<td class=\"column-1\"><\/td><td class=\"column-2\"><\/td><td class=\"column-3\"><\/td><td class=\"column-4\"><\/td><td class=\"column-5\"><\/td><td class=\"column-6\"><\/td><td class=\"column-7\"><\/td><td class=\"column-8\"><\/td>\n<\/tr>\n<tr class=\"row-16 even\">\n\t<td class=\"column-1\"><\/td><td class=\"column-2\"><\/td><td class=\"column-3\"><\/td><td class=\"column-4\"><\/td><td class=\"column-5\"><\/td><td class=\"column-6\"><\/td><td class=\"column-7\"><\/td><td class=\"column-8\"><\/td>\n<\/tr>\n<\/tbody>\n<\/table>\n\n","protected":false},"excerpt":{"rendered":"<p>TV Askania Bernburg Verbands-Talentliga S\u00fcd \u2013 2018\/19 Die Talenteligamannschaft der KOOP geht nun in ihre f\u00fcnfte Saison. Und wieder muss ein neuer Kader zusammen gestellt werden, woran immer noch gearbeitet wird. In der vergangenen Saison ben\u00f6tigte das Team von Trainer Christian Podstawka (mehr) eine lange Findungsphase und so mussten die Jungs mit der &#8222;Roten Laterne&#8220; [&hellip;]<\/p>\n","protected":false},"author":3,"featured_media":0,"parent":19742,"menu_order":0,"comment_status":"closed","ping_status":"closed","template":"","meta":{"footnotes":""},"_links":{"self":[{"href":"https:\/\/einheit-bernburg.de\/content\/index.php?rest_route=\/wp\/v2\/pages\/19782"}],"collection":[{"href":"https:\/\/einheit-bernburg.de\/content\/index.php?rest_route=\/wp\/v2\/pages"}],"about":[{"href":"https:\/\/einheit-bernburg.de\/content\/index.php?rest_route=\/wp\/v2\/types\/page"}],"author":[{"embeddable":true,"href":"https:\/\/einheit-bernburg.de\/content\/index.php?rest_route=\/wp\/v2\/users\/3"}],"replies":[{"embeddable":true,"href":"https:\/\/einheit-bernburg.de\/content\/index.php?rest_route=%2Fwp%2Fv2%2Fcomments&post=19782"}],"version-history":[{"count":1,"href":"https:\/\/einheit-bernburg.de\/content\/index.php?rest_route=\/wp\/v2\/pages\/19782\/revisions"}],"predecessor-version":[{"id":19783,"href":"https:\/\/einheit-bernburg.de\/content\/index.php?rest_route=\/wp\/v2\/pages\/19782\/revisions\/19783"}],"up":[{"embeddable":true,"href":"https:\/\/einheit-bernburg.de\/content\/index.php?rest_route=\/wp\/v2\/pages\/19742"}],"wp:attachment":[{"href":"https:\/\/einheit-bernburg.de\/content\/index.php?rest_route=%2Fwp%2Fv2%2Fmedia&parent=19782"}],"curies":[{"name":"wp","href":"https:\/\/api.w.org\/{rel}","templated":true}]}}