{"id":19833,"date":"2019-08-07T10:56:45","date_gmt":"2019-08-07T08:56:45","guid":{"rendered":"http:\/\/einheit-bernburg.de\/content\/?page_id=19833"},"modified":"2019-08-07T10:56:45","modified_gmt":"2019-08-07T08:56:45","slug":"kader-u-zielstellung-e2-junioren","status":"publish","type":"page","link":"https:\/\/einheit-bernburg.de\/content\/?page_id=19833","title":{"rendered":"Archiv Kader u. Zielstellung D2-Junioren 2018\/19"},"content":{"rendered":"<h1 class=\"aufm\">Spg. Askania Bernburg II.\/Einheit Bernburg II.<\/h1>\n<h3>1. Kreisklasse Staffel 1 \u2013 2018\/19<\/h3>\n<p>Dirk Hellmann und Matthias Hobusch gehen in ihr zweites Jahr als Trainer mit dieser Mannschaft. Im letzten Spieljahr lief f\u00fcr sie ganz sicher nicht alles wunschgem\u00e4\u00df. Dieses erfolgsverw\u00f6hnte Team der letzten Jahre hatte doch erhebliche Probleme damit, dass es nun einige Leistungstr\u00e4ger an des Talenteliga-Team der KOOP abtreten musste. Diesen Verlust hat es nicht wirklich verkraftet und dr\u00fcckte sich zunehmend in schw\u00e4cheren Leistungen aus.<br \/>\nAuch in diesem Jahr gibt man mit Hannes Lutze wieder einen Spieler an die Talenteliga ab und dazu kommen noch einige Abmeldungen von Jungs, die entweder den Verein wechseln oder dem Fu\u00dfballsport ade sagen.<br \/>\nSo ist der Kader auf im Moment 10 Spieler geschrumpft und sollte sp\u00e4testens nach den Sommerferien noch durch den einen oder anderen Spieler aus der KOOP erweitert werden.<br \/>\nEs wird f\u00fcr die Trainer mit ihrer Mannschaft im neuen Spieljahr nicht leicht, aber wir w\u00fcnschen dem Kollektiv trotzdem wieder Erfolg und einen positiven Trend.<\/p>\n<hr \/>\n<div class=\"su-table su-table-alternate\">\n<table>\n<tbody>\n<tr>\n<td style=\"width: 25%\"><strong>Ansprechpartner<\/strong><\/td>\n<td>Markus Becker (Jugendleiter &#8211; Askania) Mobil: 0160 \/ 973 796 29<\/p>\n<p>Lothar Kral (Sportlicher Leiter &#8211; Einheit)<br \/>\nTel.: 03471 \/ 311868, Mobil: 0177 \/ 939 42 32<\/td>\n<\/tr>\n<tr>\n<td style=\"width: 25%\"><strong>Trainingszeit<\/strong><\/td>\n<td>Dienstag\u00a0\u00a0\u00a0\u00a0\u00a0\u00a0\u00a0\u00a0\u00a0 17:00 Uhr &#8211; 18:30 Uhr Askania &#8211; Sportplatz<\/p>\n<p>Donnerstag \u00a0\u00a0\u00a0 17:00 Uhr &#8211; 18:30 Uhr Askania &#8211; Sportplatz<\/td>\n<\/tr>\n<tr>\n<td style=\"width: 25%\"><strong>Hallentraining<br \/>\n<\/strong><\/td>\n<td>Freitag\u00a0 17:00 Uhr &#8211; 18.00 Uhr Sporthalle &#8222;T\u00f6pferwiese&#8220; ab 02.11. m\u00f6gl.<\/td>\n<\/tr>\n<tr>\n<td style=\"width: 25%\"><strong>Kunstrasen<br \/>\n<\/strong><\/td>\n<td>Dienstag u. Donnerstag 17:00 Uhr &#8211; 18:30 Uhr<br \/>\nevtl. wegen M\u00e4nnertraining von 16:30 Uhr &#8211; 18:00 Uhr<\/td>\n<\/tr>\n<tr>\n<td style=\"width: 25%\"><strong>Trainer<\/strong><\/td>\n<td>Matthias Hobusch \u00a0\u00a0\u00a0\u00a0\u00a0\u00a0\u00a0\u00a0\u00a0\u00a0\u00a0\u00a0 Mobil: 0178 &#8211; 212 77 04<\/p>\n<p>Dirk Hellmann \u00a0\u00a0\u00a0\u00a0\u00a0\u00a0\u00a0\u00a0\u00a0\u00a0\u00a0\u00a0\u00a0\u00a0\u00a0\u00a0\u00a0\u00a0\u00a0 Mobil: 0178 &#8211; 682 78 03<\/td>\n<\/tr>\n<tr>\n<td style=\"width: 25%\"><strong>Co &#8211; Trainer<\/strong><\/td>\n<td><\/td>\n<\/tr>\n<tr>\n<td style=\"width: 25%\"><strong>Zielstellung<\/strong><\/td>\n<td><\/td>\n<\/tr>\n<\/tbody>\n<\/table>\n<\/div>\n<hr \/>\n<h3>Kader<\/h3>\n\n<table id=\"tablepress-56\" class=\"tablepress tablepress-id-56\">\n<thead>\n<tr class=\"row-1 odd\">\n\t<th class=\"column-1\">Name<\/th><th class=\"column-2\">Vorname<\/th><th class=\"column-3\">Jahrgang<\/th><th class=\"column-4\">Herkunft<\/th><th class=\"column-5\"><\/th><th class=\"column-6\"><\/th><th class=\"column-7\"><\/th><th class=\"column-8\"><\/th><th class=\"column-9\"><\/th>\n<\/tr>\n<\/thead>\n<tbody>\n<tr class=\"row-2 even\">\n\t<td class=\"column-1\">B\u00f6hlert <\/td><td class=\"column-2\">Fynn<\/td><td class=\"column-3\">2006<\/td><td class=\"column-4\">1.FSV Nienburg \/  SV Einheit<\/td><td class=\"column-5\"><\/td><td class=\"column-6\"><\/td><td class=\"column-7\"><\/td><td class=\"column-8\"><\/td><td class=\"column-9\"><\/td>\n<\/tr>\n<tr class=\"row-3 odd\">\n\t<td class=\"column-1\">Conrad<\/td><td class=\"column-2\">Anton<\/td><td class=\"column-3\">2006<\/td><td class=\"column-4\">1.FSV Nienburg \/ SV Einheit<\/td><td class=\"column-5\"><\/td><td class=\"column-6\"><\/td><td class=\"column-7\"><\/td><td class=\"column-8\"><\/td><td class=\"column-9\"><\/td>\n<\/tr>\n<tr class=\"row-4 even\">\n\t<td class=\"column-1\">Groschopp<\/td><td class=\"column-2\">Timmy<\/td><td class=\"column-3\">2006<\/td><td class=\"column-4\">SV Einheit<\/td><td class=\"column-5\"><\/td><td class=\"column-6\"><\/td><td class=\"column-7\"><\/td><td class=\"column-8\"><\/td><td class=\"column-9\"><\/td>\n<\/tr>\n<tr class=\"row-5 odd\">\n\t<td class=\"column-1\">G\u00fcnther<\/td><td class=\"column-2\">Timo<\/td><td class=\"column-3\">2006<\/td><td class=\"column-4\">TV Askania<\/td><td class=\"column-5\"><\/td><td class=\"column-6\"><\/td><td class=\"column-7\"><\/td><td class=\"column-8\"><\/td><td class=\"column-9\"><\/td>\n<\/tr>\n<tr class=\"row-6 even\">\n\t<td class=\"column-1\">Hellmann<\/td><td class=\"column-2\">Florian<\/td><td class=\"column-3\">2006<\/td><td class=\"column-4\">TV Askania<\/td><td class=\"column-5\"><\/td><td class=\"column-6\"><\/td><td class=\"column-7\"><\/td><td class=\"column-8\"><\/td><td class=\"column-9\"><\/td>\n<\/tr>\n<tr class=\"row-7 odd\">\n\t<td class=\"column-1\">Hobusch<\/td><td class=\"column-2\">Erik<\/td><td class=\"column-3\">2006<\/td><td class=\"column-4\">TV Askania<\/td><td class=\"column-5\"><\/td><td class=\"column-6\"><\/td><td class=\"column-7\"><\/td><td class=\"column-8\"><\/td><td class=\"column-9\"><\/td>\n<\/tr>\n<tr class=\"row-8 even\">\n\t<td class=\"column-1\">Jansen<\/td><td class=\"column-2\">Paul<\/td><td class=\"column-3\">2006<\/td><td class=\"column-4\">TV Askania<\/td><td class=\"column-5\"><\/td><td class=\"column-6\"><\/td><td class=\"column-7\"><\/td><td class=\"column-8\"><\/td><td class=\"column-9\"><\/td>\n<\/tr>\n<tr class=\"row-9 odd\">\n\t<td class=\"column-1\">Jendrczok<\/td><td class=\"column-2\">Noah<\/td><td class=\"column-3\">2006<\/td><td class=\"column-4\">TV Askania<\/td><td class=\"column-5\"><\/td><td class=\"column-6\"><\/td><td class=\"column-7\"><\/td><td class=\"column-8\"><\/td><td class=\"column-9\"><\/td>\n<\/tr>\n<tr class=\"row-10 even\">\n\t<td class=\"column-1\">Kropf<\/td><td class=\"column-2\">Gino Maurice<\/td><td class=\"column-3\">2006<\/td><td class=\"column-4\">SV Einheit<\/td><td class=\"column-5\"><\/td><td class=\"column-6\"><\/td><td class=\"column-7\"><\/td><td class=\"column-8\"><\/td><td class=\"column-9\"><\/td>\n<\/tr>\n<tr class=\"row-11 odd\">\n\t<td class=\"column-1\">P\u00e4tz<\/td><td class=\"column-2\">Bruno<\/td><td class=\"column-3\">2006<\/td><td class=\"column-4\">TV Askania<\/td><td class=\"column-5\"><\/td><td class=\"column-6\"><\/td><td class=\"column-7\"><\/td><td class=\"column-8\"><\/td><td class=\"column-9\"><\/td>\n<\/tr>\n<tr class=\"row-12 even\">\n\t<td class=\"column-1\">Schmidt<\/td><td class=\"column-2\">Maurice<\/td><td class=\"column-3\">2007<\/td><td class=\"column-4\">TV Askania<\/td><td class=\"column-5\"><\/td><td class=\"column-6\"><\/td><td class=\"column-7\"><\/td><td class=\"column-8\"><\/td><td class=\"column-9\"><\/td>\n<\/tr>\n<tr class=\"row-13 odd\">\n\t<td class=\"column-1\">Schneider<\/td><td class=\"column-2\">Jeremy<\/td><td class=\"column-3\">2007<\/td><td class=\"column-4\">TV Askania<\/td><td class=\"column-5\"><\/td><td class=\"column-6\"><\/td><td class=\"column-7\"><\/td><td class=\"column-8\"><\/td><td class=\"column-9\"><\/td>\n<\/tr>\n<tr class=\"row-14 even\">\n\t<td class=\"column-1\">Schoon<\/td><td class=\"column-2\">Leonardo<\/td><td class=\"column-3\">2006<\/td><td class=\"column-4\">TV Askania<\/td><td class=\"column-5\"><\/td><td class=\"column-6\"><\/td><td class=\"column-7\"><\/td><td class=\"column-8\"><\/td><td class=\"column-9\"><\/td>\n<\/tr>\n<tr class=\"row-15 odd\">\n\t<td class=\"column-1\">Triebel<\/td><td class=\"column-2\">Erik<\/td><td class=\"column-3\">2006<\/td><td class=\"column-4\">SV Einheit<\/td><td class=\"column-5\"><\/td><td class=\"column-6\"><\/td><td class=\"column-7\"><\/td><td class=\"column-8\"><\/td><td class=\"column-9\"><\/td>\n<\/tr>\n<tr class=\"row-16 even\">\n\t<td class=\"column-1\"><\/td><td class=\"column-2\"><\/td><td class=\"column-3\"><\/td><td class=\"column-4\"><\/td><td class=\"column-5\"><\/td><td class=\"column-6\"><\/td><td class=\"column-7\"><\/td><td class=\"column-8\"><\/td><td class=\"column-9\"><\/td>\n<\/tr>\n<\/tbody>\n<\/table>\n\n","protected":false},"excerpt":{"rendered":"<p>Spg. Askania Bernburg II.\/Einheit Bernburg II. 1. Kreisklasse Staffel 1 \u2013 2018\/19 Dirk Hellmann und Matthias Hobusch gehen in ihr zweites Jahr als Trainer mit dieser Mannschaft. Im letzten Spieljahr lief f\u00fcr sie ganz sicher nicht alles wunschgem\u00e4\u00df. Dieses erfolgsverw\u00f6hnte Team der letzten Jahre hatte doch erhebliche Probleme damit, dass es nun einige Leistungstr\u00e4ger an [&hellip;]<\/p>\n","protected":false},"author":3,"featured_media":0,"parent":19784,"menu_order":0,"comment_status":"closed","ping_status":"closed","template":"","meta":{"footnotes":""},"_links":{"self":[{"href":"https:\/\/einheit-bernburg.de\/content\/index.php?rest_route=\/wp\/v2\/pages\/19833"}],"collection":[{"href":"https:\/\/einheit-bernburg.de\/content\/index.php?rest_route=\/wp\/v2\/pages"}],"about":[{"href":"https:\/\/einheit-bernburg.de\/content\/index.php?rest_route=\/wp\/v2\/types\/page"}],"author":[{"embeddable":true,"href":"https:\/\/einheit-bernburg.de\/content\/index.php?rest_route=\/wp\/v2\/users\/3"}],"replies":[{"embeddable":true,"href":"https:\/\/einheit-bernburg.de\/content\/index.php?rest_route=%2Fwp%2Fv2%2Fcomments&post=19833"}],"version-history":[{"count":1,"href":"https:\/\/einheit-bernburg.de\/content\/index.php?rest_route=\/wp\/v2\/pages\/19833\/revisions"}],"predecessor-version":[{"id":19835,"href":"https:\/\/einheit-bernburg.de\/content\/index.php?rest_route=\/wp\/v2\/pages\/19833\/revisions\/19835"}],"up":[{"embeddable":true,"href":"https:\/\/einheit-bernburg.de\/content\/index.php?rest_route=\/wp\/v2\/pages\/19784"}],"wp:attachment":[{"href":"https:\/\/einheit-bernburg.de\/content\/index.php?rest_route=%2Fwp%2Fv2%2Fmedia&parent=19833"}],"curies":[{"name":"wp","href":"https:\/\/api.w.org\/{rel}","templated":true}]}}