{"id":19890,"date":"2019-08-07T10:56:35","date_gmt":"2019-08-07T08:56:35","guid":{"rendered":"http:\/\/einheit-bernburg.de\/content\/?page_id=19890"},"modified":"2019-08-07T10:56:35","modified_gmt":"2019-08-07T08:56:35","slug":"kader-u-zielstellung-e1-junioren","status":"publish","type":"page","link":"https:\/\/einheit-bernburg.de\/content\/?page_id=19890","title":{"rendered":"Archiv Kader u. Zielstellung D3-Junioren 2018\/19"},"content":{"rendered":"<h1 class=\"aufm\">SV Einheit Bernburg<\/h1>\n<h3>1. Kreisklasse Staffel 2 \u2013 2018\/19<\/h3>\n<p>Da es sich bei den letzj\u00e4hrigen D3 &#8211; Junioren um fast ausschlie\u00dflich eine Jahrgangsmannschaft des \u00e4lteren Jahrgangs handelte, die nun bei den C &#8211; Junioren auf dem Gro\u00dffeld ihr Debut gibt, besteht das neue Kollektiv dieser D3 &#8211; Junioren zum gro\u00dfen Teil aus den E1 &#8211; Junioren des vergangenen Spieljahres und ist, bis auf wenige Ausnahmen, wieder ein Jahrgangsteam.<br \/>\nBei den E &#8211; Junioren hatte der damalige Trainer mit dieser Mannschaft hohe und eigentlich auch gerechtfertigte Erwartungen, schlummert in diesen Jungs doch eine Menge Potential und das zeigten sie schon in der Vergangenheit. Leider konnten sie das nur allzuselten abrufen, wobei sicherlich auch die Faktoren Trainingsdisziplin und Zuverl\u00e4ssigkeit eine mitentscheidende Rolle spielten. Vielleicht hatte sich auch die Arbeit ihres Extrainers etwas abgenutzt, denn er betreute die Jungs von den G-Junioren an, sprich 5 Jahre. So r\u00fcckten die eigenen Erwartungen doch in die Ferne.<br \/>\nDas soll nun in dieser Saisong anders werden. Der Mannschaft wurde eine sehr ambitionierte Trainerriege zur Seite gestellt. Marcel Lehmann, als &#8222;Cheftrainer&#8220; und Extorwart der 1.Herren, Christoph Vatthauer, als <strong>der<\/strong> Torj\u00e4ger im Salzlandkreis und Daniel Sonntag, ebenfalls ehemaliger hochkar\u00e4tiger Mittelfeldspieler der 1.Herren des SVE, sollten mit ihrer Erfahrung in der Lage sein, aus diesen talentierten jungen Fu\u00dfballern ein leistungsstarkes Kollektiv zu formen. Sie sollten allerdings bei allem Engagement nicht \u00fcberpacen und nicht vergessen, dass es sich um den j\u00fcngeren D-Jahrgang handelt, der auch Zeit zum Lernen braucht.<br \/>\nMan darf gespannt sein wie das funktionieren wird und wir w\u00fcnschen dem gesamten Kollektiv eine gute und positive Entwicklung!<\/p>\n<hr \/>\n<div class=\"su-table su-table-alternate\">\n<table style=\"width: 710.25px\">\n<tbody>\n<tr>\n<td style=\"width: 176.25px\"><strong>Ansprechpartner<\/strong><\/td>\n<td style=\"width: 534px\">Lothar Kral (Sportlicher Leiter)<br \/>\nTel.: 03471 \/ 311868, Mobil: 0177 \/ 939 42 32<br \/>\nMarkus Becker (Jugendleiter &#8211; Askania) Mobil: 0160 \/ 973 796 29<\/td>\n<\/tr>\n<tr>\n<td style=\"width: 176.25px\"><strong>Trainingszeit<\/strong><\/td>\n<td style=\"width: 534px\">Mittwoch u. Freitag\u00a0 16:30 Uhr &#8211; 18:00 Uhr Einheit &#8211; Sportplatz<\/td>\n<\/tr>\n<tr>\n<td style=\"width: 176.25px\"><strong>Hallentraining 1<br \/>\n<\/strong><\/td>\n<td style=\"width: 534px\">Montag\u00a0\u00a0\u00a0\u00a0 17:00 Uhr &#8211; 18:30 Uhr Halle &#8222;T\u00f6pferwiese&#8220; ab 22.10. m\u00f6gl.<\/td>\n<\/tr>\n<tr>\n<td style=\"width: 176.25px\"><strong>Hallentraining 2<br \/>\n<\/strong><\/td>\n<td style=\"width: 534px\">Mittwoch\u00a0 16:00 Uhr &#8211; 17:00 Uhr Bruno-Hinz-Halle ab 24.10. m\u00f6gl.<\/td>\n<\/tr>\n<tr>\n<td style=\"width: 176.25px\"><strong>Kunstrasen<br \/>\n<\/strong><\/td>\n<td style=\"width: 534px\">Mittwoch\u00a0\u00a0\u00a0\u00a0\u00a0\u00a0\u00a0\u00a0\u00a0\u00a0\u00a0 16:30 Uhr &#8211; 18:00 Uhr m\u00f6glich<\/td>\n<\/tr>\n<tr>\n<td style=\"width: 176.25px\"><strong>Trainer<\/strong><\/td>\n<td style=\"width: 534px\">Marcel Lehmann \u00a0\u00a0\u00a0\u00a0\u00a0\u00a0\u00a0\u00a0\u00a0\u00a0\u00a0\u00a0\u00a0 Mobil: 0177 \/ 521 47 26<br \/>\nChristoph Vatthauer \u00a0\u00a0\u00a0\u00a0\u00a0\u00a0\u00a0 Mobil: 0178 \/ 834 27 95<\/td>\n<\/tr>\n<tr>\n<td style=\"width: 176.25px\"><strong>Co &#8211; Trainer<br \/>\n<\/strong><\/td>\n<td style=\"width: 534px\">Daniel Sonntag\u00a0\u00a0\u00a0\u00a0\u00a0\u00a0\u00a0\u00a0\u00a0\u00a0\u00a0\u00a0\u00a0\u00a0\u00a0\u00a0\u00a0\u00a0 Mobil: 0151 \/ 116 230 06<\/td>\n<\/tr>\n<tr>\n<td style=\"width: 176.25px\"><strong>Betreuer<\/strong><\/td>\n<td style=\"width: 534px\">Enrico Schaaf\u00a0\u00a0\u00a0\u00a0\u00a0\u00a0\u00a0\u00a0\u00a0\u00a0\u00a0\u00a0\u00a0\u00a0\u00a0\u00a0\u00a0\u00a0\u00a0\u00a0 Mobil: 0152 \/ 557 499 45<\/td>\n<\/tr>\n<tr>\n<td style=\"width: 176.25px\"><strong>Zielstellung<\/strong><\/td>\n<td style=\"width: 534px\">Qualifikation zur Kreisoberliga<\/td>\n<\/tr>\n<\/tbody>\n<\/table>\n<\/div>\n<hr \/>\n<h3>Kader<\/h3>\n\n<table id=\"tablepress-57\" class=\"tablepress tablepress-id-57\">\n<thead>\n<tr class=\"row-1 odd\">\n\t<th class=\"column-1\">Name<\/th><th class=\"column-2\">Vorname<\/th><th class=\"column-3\">Jahrgang<\/th><th class=\"column-4\">Herkunft<\/th><th class=\"column-5\"><\/th><th class=\"column-6\"><\/th><th class=\"column-7\"><\/th><th class=\"column-8\"><\/th>\n<\/tr>\n<\/thead>\n<tbody>\n<tr class=\"row-2 even\">\n\t<td class=\"column-1\">Matthias<\/td><td class=\"column-2\">Phillip<\/td><td class=\"column-3\">2006<\/td><td class=\"column-4\">SV Einheit<\/td><td class=\"column-5\"><\/td><td class=\"column-6\"><\/td><td class=\"column-7\"><\/td><td class=\"column-8\"><\/td>\n<\/tr>\n<tr class=\"row-3 odd\">\n\t<td class=\"column-1\">Stolz<\/td><td class=\"column-2\">Jan Malte<\/td><td class=\"column-3\">2006<\/td><td class=\"column-4\">SV Einheit<\/td><td class=\"column-5\"><\/td><td class=\"column-6\"><\/td><td class=\"column-7\"><\/td><td class=\"column-8\"><\/td>\n<\/tr>\n<tr class=\"row-4 even\">\n\t<td class=\"column-1\">Hauschild<\/td><td class=\"column-2\">Kevin<\/td><td class=\"column-3\">2006<\/td><td class=\"column-4\">SV Einheit<\/td><td class=\"column-5\"><\/td><td class=\"column-6\"><\/td><td class=\"column-7\"><\/td><td class=\"column-8\"><\/td>\n<\/tr>\n<tr class=\"row-5 odd\">\n\t<td class=\"column-1\"><\/td><td class=\"column-2\"><\/td><td class=\"column-3\"><\/td><td class=\"column-4\"><\/td><td class=\"column-5\"><\/td><td class=\"column-6\"><\/td><td class=\"column-7\"><\/td><td class=\"column-8\"><\/td>\n<\/tr>\n<tr class=\"row-6 even\">\n\t<td class=\"column-1\">Gemende<\/td><td class=\"column-2\">Felix<\/td><td class=\"column-3\">2007<\/td><td class=\"column-4\">SV Einheit<\/td><td class=\"column-5\"><\/td><td class=\"column-6\"><\/td><td class=\"column-7\"><\/td><td class=\"column-8\"><\/td>\n<\/tr>\n<tr class=\"row-7 odd\">\n\t<td class=\"column-1\">Hammermann<\/td><td class=\"column-2\">Theodor Albert<\/td><td class=\"column-3\">2007<\/td><td class=\"column-4\">SV Einheit<\/td><td class=\"column-5\"><\/td><td class=\"column-6\"><\/td><td class=\"column-7\"><\/td><td class=\"column-8\"><\/td>\n<\/tr>\n<tr class=\"row-8 even\">\n\t<td class=\"column-1\">Henze<\/td><td class=\"column-2\">Lucas<\/td><td class=\"column-3\">2007<\/td><td class=\"column-4\">TV Askania<\/td><td class=\"column-5\"><\/td><td class=\"column-6\"><\/td><td class=\"column-7\"><\/td><td class=\"column-8\"><\/td>\n<\/tr>\n<tr class=\"row-9 odd\">\n\t<td class=\"column-1\">Henze<\/td><td class=\"column-2\">Florian<\/td><td class=\"column-3\">2007<\/td><td class=\"column-4\">SV Einheit<\/td><td class=\"column-5\"><\/td><td class=\"column-6\"><\/td><td class=\"column-7\"><\/td><td class=\"column-8\"><\/td>\n<\/tr>\n<tr class=\"row-10 even\">\n\t<td class=\"column-1\">Kupka<\/td><td class=\"column-2\">Nevio<\/td><td class=\"column-3\">2007<\/td><td class=\"column-4\">SV Einheit<\/td><td class=\"column-5\"><\/td><td class=\"column-6\"><\/td><td class=\"column-7\"><\/td><td class=\"column-8\"><\/td>\n<\/tr>\n<tr class=\"row-11 odd\">\n\t<td class=\"column-1\">M\u00fcller<\/td><td class=\"column-2\">Jakob<\/td><td class=\"column-3\">2007<\/td><td class=\"column-4\">SV Einheit<\/td><td class=\"column-5\"><\/td><td class=\"column-6\"><\/td><td class=\"column-7\"><\/td><td class=\"column-8\"><\/td>\n<\/tr>\n<tr class=\"row-12 even\">\n\t<td class=\"column-1\">M\u00fcller<\/td><td class=\"column-2\">Timon<\/td><td class=\"column-3\">2007<\/td><td class=\"column-4\">SV Einheit<\/td><td class=\"column-5\"><\/td><td class=\"column-6\"><\/td><td class=\"column-7\"><\/td><td class=\"column-8\"><\/td>\n<\/tr>\n<tr class=\"row-13 odd\">\n\t<td class=\"column-1\">M\u00fcller<\/td><td class=\"column-2\">Vincent<\/td><td class=\"column-3\">2007<\/td><td class=\"column-4\">SV Einheit<\/td><td class=\"column-5\"><\/td><td class=\"column-6\"><\/td><td class=\"column-7\"><\/td><td class=\"column-8\"><\/td>\n<\/tr>\n<tr class=\"row-14 even\">\n\t<td class=\"column-1\">P\u00fclicher<\/td><td class=\"column-2\">Niklas<\/td><td class=\"column-3\">2007<\/td><td class=\"column-4\">SV Einheit<\/td><td class=\"column-5\"><\/td><td class=\"column-6\"><\/td><td class=\"column-7\"><\/td><td class=\"column-8\"><\/td>\n<\/tr>\n<tr class=\"row-15 odd\">\n\t<td class=\"column-1\">Richter<\/td><td class=\"column-2\">Janne Till<\/td><td class=\"column-3\">2007<\/td><td class=\"column-4\">SV Einheit<\/td><td class=\"column-5\"><\/td><td class=\"column-6\"><\/td><td class=\"column-7\"><\/td><td class=\"column-8\"><\/td>\n<\/tr>\n<tr class=\"row-16 even\">\n\t<td class=\"column-1\">Schaaf<\/td><td class=\"column-2\">Dennis<\/td><td class=\"column-3\">2007<\/td><td class=\"column-4\">SV Einheit<\/td><td class=\"column-5\"><\/td><td class=\"column-6\"><\/td><td class=\"column-7\"><\/td><td class=\"column-8\"><\/td>\n<\/tr>\n<tr class=\"row-17 odd\">\n\t<td class=\"column-1\">Schoon<\/td><td class=\"column-2\">Christian<\/td><td class=\"column-3\">2007<\/td><td class=\"column-4\">SV Einheit <\/td><td class=\"column-5\"><\/td><td class=\"column-6\"><\/td><td class=\"column-7\"><\/td><td class=\"column-8\"><\/td>\n<\/tr>\n<tr class=\"row-18 even\">\n\t<td class=\"column-1\"><\/td><td class=\"column-2\"><\/td><td class=\"column-3\"><\/td><td class=\"column-4\"><\/td><td class=\"column-5\"><\/td><td class=\"column-6\"><\/td><td class=\"column-7\"><\/td><td class=\"column-8\"><\/td>\n<\/tr>\n<tr class=\"row-19 odd\">\n\t<td class=\"column-1\">Heute <\/td><td class=\"column-2\">Paolo-Moris<\/td><td class=\"column-3\">2008<\/td><td class=\"column-4\">SV Einheit<\/td><td class=\"column-5\"><\/td><td class=\"column-6\"><\/td><td class=\"column-7\"><\/td><td class=\"column-8\"><\/td>\n<\/tr>\n<tr class=\"row-20 even\">\n\t<td class=\"column-1\">Krug<\/td><td class=\"column-2\">Yves Jason<\/td><td class=\"column-3\">2008<\/td><td class=\"column-4\">SV Einheit<\/td><td class=\"column-5\"><\/td><td class=\"column-6\"><\/td><td class=\"column-7\"><\/td><td class=\"column-8\"><\/td>\n<\/tr>\n<\/tbody>\n<\/table>\n\n","protected":false},"excerpt":{"rendered":"<p>SV Einheit Bernburg 1. Kreisklasse Staffel 2 \u2013 2018\/19 Da es sich bei den letzj\u00e4hrigen D3 &#8211; Junioren um fast ausschlie\u00dflich eine Jahrgangsmannschaft des \u00e4lteren Jahrgangs handelte, die nun bei den C &#8211; Junioren auf dem Gro\u00dffeld ihr Debut gibt, besteht das neue Kollektiv dieser D3 &#8211; Junioren zum gro\u00dfen Teil aus den E1 &#8211; [&hellip;]<\/p>\n","protected":false},"author":3,"featured_media":0,"parent":19836,"menu_order":0,"comment_status":"closed","ping_status":"closed","template":"","meta":{"footnotes":""},"_links":{"self":[{"href":"https:\/\/einheit-bernburg.de\/content\/index.php?rest_route=\/wp\/v2\/pages\/19890"}],"collection":[{"href":"https:\/\/einheit-bernburg.de\/content\/index.php?rest_route=\/wp\/v2\/pages"}],"about":[{"href":"https:\/\/einheit-bernburg.de\/content\/index.php?rest_route=\/wp\/v2\/types\/page"}],"author":[{"embeddable":true,"href":"https:\/\/einheit-bernburg.de\/content\/index.php?rest_route=\/wp\/v2\/users\/3"}],"replies":[{"embeddable":true,"href":"https:\/\/einheit-bernburg.de\/content\/index.php?rest_route=%2Fwp%2Fv2%2Fcomments&post=19890"}],"version-history":[{"count":1,"href":"https:\/\/einheit-bernburg.de\/content\/index.php?rest_route=\/wp\/v2\/pages\/19890\/revisions"}],"predecessor-version":[{"id":19891,"href":"https:\/\/einheit-bernburg.de\/content\/index.php?rest_route=\/wp\/v2\/pages\/19890\/revisions\/19891"}],"up":[{"embeddable":true,"href":"https:\/\/einheit-bernburg.de\/content\/index.php?rest_route=\/wp\/v2\/pages\/19836"}],"wp:attachment":[{"href":"https:\/\/einheit-bernburg.de\/content\/index.php?rest_route=%2Fwp%2Fv2%2Fmedia&parent=19890"}],"curies":[{"name":"wp","href":"https:\/\/api.w.org\/{rel}","templated":true}]}}