{"id":19972,"date":"2019-08-07T13:29:15","date_gmt":"2019-08-07T11:29:15","guid":{"rendered":"http:\/\/einheit-bernburg.de\/content\/?page_id=19972"},"modified":"2019-08-07T13:29:15","modified_gmt":"2019-08-07T11:29:15","slug":"kader-u-zielstellung-g-junioren-sv-einheit-bernburg","status":"publish","type":"page","link":"https:\/\/einheit-bernburg.de\/content\/?page_id=19972","title":{"rendered":"Archiv Kader u. Zielstellung F1 \u2013 Junioren 2018\/19"},"content":{"rendered":"<h1 class=\"aufm\">Spg. Askania Bernburg \/ Einheit Bernburg II.<\/h1>\n<h3 class=\"aufm\">Fair &#8211; Play Liga 2018 \/ 19<\/h3>\n<p>Die aktuellen F1 &#8211; Junioren der KOOP spielen in dieser Saison unter dem namen TV Askania Bernburg bestehen im Kern aus den vorj\u00e4hrigen F1- Junioren, die nun \u00e4lterer Jahrgang in dieser Altersklasse sind. Dazu kommen einige letztj\u00e4hrlichen G &#8211; Junioren des TV Askania. Sieben Spieler des ehemals 20 Spieler umfassenden Kaders wechseln altersbedingt ein Altersklasse h\u00f6her. Mit ausged\u00fcnntem kader hat die Mannschaft in diesem Jahr die M\u00f6glichkeit sich vielleicht noch besser zu entwickeln, weil die Kinder nun auch mehr Einsatzzeiten bekommen k\u00f6nnen.<br \/>\n<em>Wir w\u00fcnschen den Trainern mit ihrem Kollektiv eine erfolgreiche Saison.<br \/>\n<\/em><\/p>\n<div class=\"su-table su-table-alternate\">\n<table>\n<tbody>\n<tr>\n<td><strong>Ansprechpartner<\/strong><\/td>\n<td>Markus Becker (Jugendleiter &#8211; Askania) Mobil: 0160 &#8211; 973 796 29<\/td>\n<\/tr>\n<tr>\n<td><strong>Trainingszeit<\/strong><\/td>\n<td>Montag\u00a0\u00a0\u00a0\u00a0\u00a0 16:30 Uhr &#8211; 18:00 Uhr Askania &#8211; Sportplatz<\/p>\n<p>Mittwoch\u00a0 16:30 Uhr &#8211; 18:00 Uhr Askania &#8211; Sportplatz<\/td>\n<\/tr>\n<tr>\n<td><strong>Hallentraining<br \/>\n<\/strong><\/td>\n<td>Mittwoch\u00a0\u00a0 15:30 Uhr &#8211; 16:30 Uhr Sporthalle Eichenweg ab 24.10. m\u00f6gl.<\/p>\n<p>Freitag\u00a0\u00a0\u00a0\u00a0\u00a0\u00a0 15:00 Uhr &#8211; 16:30 Uhr Sporthalle Eichenweg ab 26.10. m\u00f6gl.<\/td>\n<\/tr>\n<tr>\n<td><strong>Kunstrasen<\/strong><\/td>\n<td>Montag\u00a0\u00a0\u00a0\u00a0\u00a0 16:30 Uhr &#8211; 18:00 Uhr<\/td>\n<\/tr>\n<tr>\n<td><strong>Trainer<\/strong><\/td>\n<td>Roland Golembowski\u00a0 Mobil: 0151 \/ 219 086 49<\/td>\n<\/tr>\n<tr>\n<td><strong>Betreuer<\/strong><\/td>\n<td><\/td>\n<\/tr>\n<tr>\n<td><strong>Zielstellung<\/strong><\/td>\n<td>Fair-Play Liga \/ Spiele ohne Wertung, trotzdem will man sich weiter entwickeln.<\/td>\n<\/tr>\n<\/tbody>\n<\/table>\n<\/div>\n<hr \/>\n<h3>Kader<\/h3>\n\n<table id=\"tablepress-60\" class=\"tablepress tablepress-id-60\">\n<thead>\n<tr class=\"row-1 odd\">\n\t<th class=\"column-1\">Name<\/th><th class=\"column-2\">Vorname<\/th><th class=\"column-3\">Jahrgang<\/th><th class=\"column-4\">Herkunft<\/th><th class=\"column-5\"><\/th><th class=\"column-6\"><\/th><th class=\"column-7\"><\/th><th class=\"column-8\"><\/th>\n<\/tr>\n<\/thead>\n<tbody>\n<tr class=\"row-2 even\">\n\t<td class=\"column-1\">Bohlmann<\/td><td class=\"column-2\">Noah<\/td><td class=\"column-3\">2010<\/td><td class=\"column-4\">TV Askania<\/td><td class=\"column-5\"><\/td><td class=\"column-6\"><\/td><td class=\"column-7\"><\/td><td class=\"column-8\"><\/td>\n<\/tr>\n<tr class=\"row-3 odd\">\n\t<td class=\"column-1\">Fiedler<\/td><td class=\"column-2\">Lukas<\/td><td class=\"column-3\">2010<\/td><td class=\"column-4\">TV Askania<\/td><td class=\"column-5\"><\/td><td class=\"column-6\"><\/td><td class=\"column-7\"><\/td><td class=\"column-8\"><\/td>\n<\/tr>\n<tr class=\"row-4 even\">\n\t<td class=\"column-1\">Golembowski<\/td><td class=\"column-2\">Christoph<\/td><td class=\"column-3\">2010<\/td><td class=\"column-4\">TV Askania<\/td><td class=\"column-5\"><\/td><td class=\"column-6\"><\/td><td class=\"column-7\"><\/td><td class=\"column-8\"><\/td>\n<\/tr>\n<tr class=\"row-5 odd\">\n\t<td class=\"column-1\">Heller<\/td><td class=\"column-2\">Arne<\/td><td class=\"column-3\">2010<\/td><td class=\"column-4\">TV Askania<\/td><td class=\"column-5\"><\/td><td class=\"column-6\"><\/td><td class=\"column-7\"><\/td><td class=\"column-8\"><\/td>\n<\/tr>\n<tr class=\"row-6 even\">\n\t<td class=\"column-1\">J\u00e4nsch<\/td><td class=\"column-2\">Paul<\/td><td class=\"column-3\">2010<\/td><td class=\"column-4\">TV Askania<\/td><td class=\"column-5\"><\/td><td class=\"column-6\"><\/td><td class=\"column-7\"><\/td><td class=\"column-8\"><\/td>\n<\/tr>\n<tr class=\"row-7 odd\">\n\t<td class=\"column-1\">Keuthen<\/td><td class=\"column-2\">Lenox<\/td><td class=\"column-3\">2010<\/td><td class=\"column-4\">TV Askania<\/td><td class=\"column-5\"><\/td><td class=\"column-6\"><\/td><td class=\"column-7\"><\/td><td class=\"column-8\"><\/td>\n<\/tr>\n<tr class=\"row-8 even\">\n\t<td class=\"column-1\">Sonnenburg<\/td><td class=\"column-2\">Paul<\/td><td class=\"column-3\">2010<\/td><td class=\"column-4\">TV Askania<\/td><td class=\"column-5\"><\/td><td class=\"column-6\"><\/td><td class=\"column-7\"><\/td><td class=\"column-8\"><\/td>\n<\/tr>\n<tr class=\"row-9 odd\">\n\t<td class=\"column-1\">Szlack<\/td><td class=\"column-2\">Jonas<\/td><td class=\"column-3\">2010<\/td><td class=\"column-4\">TV Askania<\/td><td class=\"column-5\"><\/td><td class=\"column-6\"><\/td><td class=\"column-7\"><\/td><td class=\"column-8\"><\/td>\n<\/tr>\n<tr class=\"row-10 even\">\n\t<td class=\"column-1\">Wirth<\/td><td class=\"column-2\">Tim Luca<\/td><td class=\"column-3\">2010<\/td><td class=\"column-4\">TV Askania<\/td><td class=\"column-5\"><\/td><td class=\"column-6\"><\/td><td class=\"column-7\"><\/td><td class=\"column-8\"><\/td>\n<\/tr>\n<tr class=\"row-11 odd\">\n\t<td class=\"column-1\"><\/td><td class=\"column-2\"><\/td><td class=\"column-3\"><\/td><td class=\"column-4\"><\/td><td class=\"column-5\"><\/td><td class=\"column-6\"><\/td><td class=\"column-7\"><\/td><td class=\"column-8\"><\/td>\n<\/tr>\n<tr class=\"row-12 even\">\n\t<td class=\"column-1\">H\u00e4dermann<\/td><td class=\"column-2\">Robert<\/td><td class=\"column-3\">2011<\/td><td class=\"column-4\">TV Askania<\/td><td class=\"column-5\"><\/td><td class=\"column-6\"><\/td><td class=\"column-7\"><\/td><td class=\"column-8\"><\/td>\n<\/tr>\n<tr class=\"row-13 odd\">\n\t<td class=\"column-1\">Schmidt<\/td><td class=\"column-2\">Luca Noel<\/td><td class=\"column-3\">2011<\/td><td class=\"column-4\">TV Askania<\/td><td class=\"column-5\"><\/td><td class=\"column-6\"><\/td><td class=\"column-7\"><\/td><td class=\"column-8\"><\/td>\n<\/tr>\n<tr class=\"row-14 even\">\n\t<td class=\"column-1\"><\/td><td class=\"column-2\"><\/td><td class=\"column-3\"><\/td><td class=\"column-4\"><\/td><td class=\"column-5\"><\/td><td class=\"column-6\"><\/td><td class=\"column-7\"><\/td><td class=\"column-8\"><\/td>\n<\/tr>\n<tr class=\"row-15 odd\">\n\t<td class=\"column-1\"><\/td><td class=\"column-2\"><\/td><td class=\"column-3\"><\/td><td class=\"column-4\"><\/td><td class=\"column-5\"><\/td><td class=\"column-6\"><\/td><td class=\"column-7\"><\/td><td class=\"column-8\"><\/td>\n<\/tr>\n<tr class=\"row-16 even\">\n\t<td class=\"column-1\">Sasse <\/td><td class=\"column-2\">Oscar<\/td><td class=\"column-3\">2012<\/td><td class=\"column-4\">TV Askania<\/td><td class=\"column-5\"><\/td><td class=\"column-6\"><\/td><td class=\"column-7\"><\/td><td class=\"column-8\"><\/td>\n<\/tr>\n<\/tbody>\n<\/table>\n\n","protected":false},"excerpt":{"rendered":"<p>Spg. Askania Bernburg \/ Einheit Bernburg II. Fair &#8211; Play Liga 2018 \/ 19 Die aktuellen F1 &#8211; Junioren der KOOP spielen in dieser Saison unter dem namen TV Askania Bernburg bestehen im Kern aus den vorj\u00e4hrigen F1- Junioren, die nun \u00e4lterer Jahrgang in dieser Altersklasse sind. Dazu kommen einige letztj\u00e4hrlichen G &#8211; Junioren des [&hellip;]<\/p>\n","protected":false},"author":3,"featured_media":0,"parent":19921,"menu_order":0,"comment_status":"closed","ping_status":"closed","template":"","meta":{"footnotes":""},"_links":{"self":[{"href":"https:\/\/einheit-bernburg.de\/content\/index.php?rest_route=\/wp\/v2\/pages\/19972"}],"collection":[{"href":"https:\/\/einheit-bernburg.de\/content\/index.php?rest_route=\/wp\/v2\/pages"}],"about":[{"href":"https:\/\/einheit-bernburg.de\/content\/index.php?rest_route=\/wp\/v2\/types\/page"}],"author":[{"embeddable":true,"href":"https:\/\/einheit-bernburg.de\/content\/index.php?rest_route=\/wp\/v2\/users\/3"}],"replies":[{"embeddable":true,"href":"https:\/\/einheit-bernburg.de\/content\/index.php?rest_route=%2Fwp%2Fv2%2Fcomments&post=19972"}],"version-history":[{"count":1,"href":"https:\/\/einheit-bernburg.de\/content\/index.php?rest_route=\/wp\/v2\/pages\/19972\/revisions"}],"predecessor-version":[{"id":19973,"href":"https:\/\/einheit-bernburg.de\/content\/index.php?rest_route=\/wp\/v2\/pages\/19972\/revisions\/19973"}],"up":[{"embeddable":true,"href":"https:\/\/einheit-bernburg.de\/content\/index.php?rest_route=\/wp\/v2\/pages\/19921"}],"wp:attachment":[{"href":"https:\/\/einheit-bernburg.de\/content\/index.php?rest_route=%2Fwp%2Fv2%2Fmedia&parent=19972"}],"curies":[{"name":"wp","href":"https:\/\/api.w.org\/{rel}","templated":true}]}}