{"id":20031,"date":"2019-08-07T13:33:32","date_gmt":"2019-08-07T11:33:32","guid":{"rendered":"http:\/\/einheit-bernburg.de\/content\/?page_id=20031"},"modified":"2020-10-26T12:34:34","modified_gmt":"2020-10-26T11:34:34","slug":"kader-u-zielstellung-g-junioren-sv-einheit-bernburg","status":"publish","type":"page","link":"https:\/\/einheit-bernburg.de\/content\/?page_id=20031","title":{"rendered":"Kader u. Zielstellung G-Junioren 2019\/20"},"content":{"rendered":"<h1 class=\"aufm\">SV Einheit Bernburg<\/h1>\n<h3>Bambini Fair-Play &#8211; Liga 2020\/21<\/h3>\n<p>Der SV Einheit Bernburg kann in dieser Altersklasse auf eine gro\u00dfe Tradition zur\u00fcckblicken. Hier werden die Kinder spielerisch, auch mit kleinen Gesellschaftsspielen, an den Fu\u00dfballsport herangef\u00fchrt. Das gelang unseren jeweiligen \u00dcbungsleitern in den ganzen Jahren meist hervorragend. In diesem Jahr ist nun alles sehr viel schwieriger, bedingt durch die Corona-Pandie. Dadurch fand in der ersten H\u00e4lfte 2020 ab M\u00e4rz monatelang kein Training mehr statt und so blieben auch die Anmeldungen f\u00fcr Schnuppertrainings in dieser Altersklasse aus.<br \/>\nNun soll ein neuer Versuch gestartet werden, eine neue Bambini Truppe (G-Junioren) aufzubauen. Inzwischen sind schon 8 Kinder dabei. Und aus der Erfahrung wei\u00df man beim SV Einheit &#8211; Ist der Anfang gemacht, kommen auch wieder neue interessierte Kinder dazu. Inzwischen hat sich auch beim SV Einheit eine Hoffnung erf\u00fcllt. Lothar Kral hat sich dazu entschlossen, den Einheitkindern als Trainer zur Verf\u00fcgung zu stellen. Und vielleicht findet er in absehbarer Zeit sogar noch Unterst\u00fctzung aus dem Elternkreis.<br \/>\n<em>Wir w\u00fcnschen dem Trainer viel Erfolg beim Aufbau dieser Bambinimannschaft!<br \/>\n<strong>Aktuell beteiligt sich die Trainingsgruppe noch nicht am Spielbetrieb der Fair-Play-Liga. Sie soll zun\u00e4chst im Training erste Erfahrungen sammeln.<\/strong><br \/>\n<\/em><\/p>\n<hr \/>\n<div class=\"su-table su-table-alternate\">\n<table style=\"width: 731px\">\n<tbody>\n<tr>\n<td style=\"width: 234px\"><strong>Ansprechpartner<\/strong><\/td>\n<td style=\"width: 497px\">Lothar Kral (Sportlicher Leiter)<br \/>\nTel.: 03471 \/ 311868, Mobil: 0162 \/ 435 66 23<\/td>\n<\/tr>\n<tr>\n<td style=\"width: 234px\"><strong>Trainingszeiten<\/strong><\/td>\n<td style=\"width: 497px\">Montag u. Mittwoch 16:30 Uhr &#8211; 18:00 Uhr Einheit-Sportplatz<\/td>\n<\/tr>\n<tr>\n<td style=\"width: 234px\"><strong>Hallentraining<\/strong><\/td>\n<td style=\"width: 497px\">Mittwoch 17 &#8211; 18 Uhr Sporthalle &#8222;Goetheschule&#8220;<br \/>\nab 14.10.2019 &#8211; 25.03.2019<\/td>\n<\/tr>\n<tr>\n<td style=\"width: 234px\"><strong>Trainer Einheit<br \/>\n<\/strong><\/td>\n<td style=\"width: 497px\">Lothar Kral \u00a0 \u00a0 \u00a0 \u00a0 \u00a0 \u00a0 \u00a0 \u00a0 \u00a0\u00a0\u00a0\u00a0 Mobil: 0162 \/ 435 66 23<\/td>\n<\/tr>\n<tr>\n<td style=\"width: 234px\"><strong>Co &#8211; Trainer Einheit<br \/>\n<\/strong><\/td>\n<td style=\"width: 497px\"><span lang=\"EN-US\">\u00a0<\/span><\/td>\n<\/tr>\n<tr>\n<td style=\"width: 234px\"><strong>Mannschaftsbetreuer <\/strong>(-in)<strong><br \/>\n<\/strong><\/td>\n<td style=\"width: 497px\"><\/td>\n<\/tr>\n<tr>\n<td style=\"width: 234px\"><strong>Zielstellung<\/strong><\/td>\n<td style=\"width: 497px\">Den Kindern spielrisch das Fu\u00dfballspielen vermitteln, wobei jederzeit der Spa\u00df im Vordergrund stehen soll und muss.<\/td>\n<\/tr>\n<\/tbody>\n<\/table>\n<\/div>\n<hr \/>\n<h3>Kader<\/h3>\n\n<table id=\"tablepress-62\" class=\"tablepress tablepress-id-62\" aria-describedby=\"tablepress-62-description\">\n<thead>\n<tr class=\"row-1 odd\">\n\t<th class=\"column-1\">Name<\/th><th class=\"column-2\">Vorname<\/th><th class=\"column-3\">Jahrgang<\/th><th class=\"column-4\">Herkunft<\/th><th class=\"column-5\"><\/th><th class=\"column-6\"><\/th><th class=\"column-7\"><\/th><th class=\"column-8\"><\/th>\n<\/tr>\n<\/thead>\n<tbody>\n<tr class=\"row-2 even\">\n\t<td class=\"column-1\">Ballerstein<\/td><td class=\"column-2\">Leander<\/td><td class=\"column-3\">2014<\/td><td class=\"column-4\">SV Einheit <\/td><td class=\"column-5\"><\/td><td class=\"column-6\"><\/td><td class=\"column-7\"><\/td><td class=\"column-8\"><\/td>\n<\/tr>\n<tr class=\"row-3 odd\">\n\t<td class=\"column-1\">Becker<\/td><td class=\"column-2\">Lenny<\/td><td class=\"column-3\">2014<\/td><td class=\"column-4\">SV Einheit<\/td><td class=\"column-5\"><\/td><td class=\"column-6\"><\/td><td class=\"column-7\"><\/td><td class=\"column-8\"><\/td>\n<\/tr>\n<tr class=\"row-4 even\">\n\t<td class=\"column-1\">Bestehorn<\/td><td class=\"column-2\">Artur<\/td><td class=\"column-3\">2015<\/td><td class=\"column-4\">SV Einheit<\/td><td class=\"column-5\"><\/td><td class=\"column-6\"><\/td><td class=\"column-7\"><\/td><td class=\"column-8\"><\/td>\n<\/tr>\n<tr class=\"row-5 odd\">\n\t<td class=\"column-1\">Brauns<\/td><td class=\"column-2\">Bennet<\/td><td class=\"column-3\">2014<\/td><td class=\"column-4\">SV Einheit<\/td><td class=\"column-5\"><\/td><td class=\"column-6\"><\/td><td class=\"column-7\"><\/td><td class=\"column-8\"><\/td>\n<\/tr>\n<tr class=\"row-6 even\">\n\t<td class=\"column-1\">Erich<\/td><td class=\"column-2\">Ruben<\/td><td class=\"column-3\">2014<\/td><td class=\"column-4\">SV Einheit<\/td><td class=\"column-5\"><\/td><td class=\"column-6\"><\/td><td class=\"column-7\"><\/td><td class=\"column-8\"><\/td>\n<\/tr>\n<tr class=\"row-7 odd\">\n\t<td class=\"column-1\">Herhe Caspar<\/td><td class=\"column-2\">Jan<\/td><td class=\"column-3\">2014<\/td><td class=\"column-4\">SV Einheit<\/td><td class=\"column-5\"><\/td><td class=\"column-6\"><\/td><td class=\"column-7\"><\/td><td class=\"column-8\"><\/td>\n<\/tr>\n<tr class=\"row-8 even\">\n\t<td class=\"column-1\">Popp<\/td><td class=\"column-2\">Jerome<\/td><td class=\"column-3\">2014<\/td><td class=\"column-4\">SV Einheit<\/td><td class=\"column-5\"><\/td><td class=\"column-6\"><\/td><td class=\"column-7\"><\/td><td class=\"column-8\"><\/td>\n<\/tr>\n<tr class=\"row-9 odd\">\n\t<td class=\"column-1\">Seewald<\/td><td class=\"column-2\">Dominik<\/td><td class=\"column-3\">2014<\/td><td class=\"column-4\">SV Einheit<\/td><td class=\"column-5\"><\/td><td class=\"column-6\"><\/td><td class=\"column-7\"><\/td><td class=\"column-8\"><\/td>\n<\/tr>\n<tr class=\"row-10 even\">\n\t<td class=\"column-1\">Teichmann<\/td><td class=\"column-2\">Hendrik<\/td><td class=\"column-3\">2014<\/td><td class=\"column-4\">SV Einheit<\/td><td class=\"column-5\"><\/td><td class=\"column-6\"><\/td><td class=\"column-7\"><\/td><td class=\"column-8\"><\/td>\n<\/tr>\n<tr class=\"row-11 odd\">\n\t<td class=\"column-1\">Melnychuk<\/td><td class=\"column-2\">Taras<\/td><td class=\"column-3\">2014<\/td><td class=\"column-4\">SV Einheit<\/td><td class=\"column-5\"><\/td><td class=\"column-6\"><\/td><td class=\"column-7\"><\/td><td class=\"column-8\"><\/td>\n<\/tr>\n<tr class=\"row-12 even\">\n\t<td class=\"column-1\"><\/td><td class=\"column-2\"><\/td><td class=\"column-3\"><\/td><td class=\"column-4\"><\/td><td class=\"column-5\"><\/td><td class=\"column-6\"><\/td><td class=\"column-7\"><\/td><td class=\"column-8\"><\/td>\n<\/tr>\n<tr class=\"row-13 odd\">\n\t<td class=\"column-1\">Schade<\/td><td class=\"column-2\">Linus Finn<\/td><td class=\"column-3\">2016<\/td><td class=\"column-4\">SV Einheit in Lauerstellung<\/td><td class=\"column-5\"><\/td><td class=\"column-6\"><\/td><td class=\"column-7\"><\/td><td class=\"column-8\"><\/td>\n<\/tr>\n<tr class=\"row-14 even\">\n\t<td class=\"column-1\">Sperlich<\/td><td class=\"column-2\">Karl Friedrich<\/td><td class=\"column-3\">2016<\/td><td class=\"column-4\">SV Einheit in Lauerstellung<\/td><td class=\"column-5\"><\/td><td class=\"column-6\"><\/td><td class=\"column-7\"><\/td><td class=\"column-8\"><\/td>\n<\/tr>\n<\/tbody>\n<\/table>\n<span id=\"tablepress-62-description\" class=\"tablepress-table-description tablepress-table-description-id-62\"><\/span>\n\n","protected":false},"excerpt":{"rendered":"<p>SV Einheit Bernburg Bambini Fair-Play &#8211; Liga 2020\/21 Der SV Einheit Bernburg kann in dieser Altersklasse auf eine gro\u00dfe Tradition zur\u00fcckblicken. Hier werden die Kinder spielerisch, auch mit kleinen Gesellschaftsspielen, an den Fu\u00dfballsport herangef\u00fchrt. Das gelang unseren jeweiligen \u00dcbungsleitern in den ganzen Jahren meist hervorragend. In diesem Jahr ist nun alles sehr viel schwieriger, bedingt [&hellip;]<\/p>\n","protected":false},"author":3,"featured_media":0,"parent":19978,"menu_order":0,"comment_status":"closed","ping_status":"closed","template":"","meta":{"footnotes":""},"_links":{"self":[{"href":"https:\/\/einheit-bernburg.de\/content\/index.php?rest_route=\/wp\/v2\/pages\/20031"}],"collection":[{"href":"https:\/\/einheit-bernburg.de\/content\/index.php?rest_route=\/wp\/v2\/pages"}],"about":[{"href":"https:\/\/einheit-bernburg.de\/content\/index.php?rest_route=\/wp\/v2\/types\/page"}],"author":[{"embeddable":true,"href":"https:\/\/einheit-bernburg.de\/content\/index.php?rest_route=\/wp\/v2\/users\/3"}],"replies":[{"embeddable":true,"href":"https:\/\/einheit-bernburg.de\/content\/index.php?rest_route=%2Fwp%2Fv2%2Fcomments&post=20031"}],"version-history":[{"count":31,"href":"https:\/\/einheit-bernburg.de\/content\/index.php?rest_route=\/wp\/v2\/pages\/20031\/revisions"}],"predecessor-version":[{"id":25581,"href":"https:\/\/einheit-bernburg.de\/content\/index.php?rest_route=\/wp\/v2\/pages\/20031\/revisions\/25581"}],"up":[{"embeddable":true,"href":"https:\/\/einheit-bernburg.de\/content\/index.php?rest_route=\/wp\/v2\/pages\/19978"}],"wp:attachment":[{"href":"https:\/\/einheit-bernburg.de\/content\/index.php?rest_route=%2Fwp%2Fv2%2Fmedia&parent=20031"}],"curies":[{"name":"wp","href":"https:\/\/api.w.org\/{rel}","templated":true}]}}