{"id":20212,"date":"2019-08-09T08:56:07","date_gmt":"2019-08-09T06:56:07","guid":{"rendered":"http:\/\/einheit-bernburg.de\/content\/?page_id=20212"},"modified":"2019-08-09T08:56:07","modified_gmt":"2019-08-09T06:56:07","slug":"kader-u-zielstellung-f2-junioren","status":"publish","type":"page","link":"https:\/\/einheit-bernburg.de\/content\/?page_id=20212","title":{"rendered":"Archiv Kader u. Zielstellung E2-Junioren 2018\/19"},"content":{"rendered":"<h1 class=\"aufm\">Spg. Einheit Bernburg II.\/Askania Bernburg<\/h1>\n<h3>Kreisklasse Staffel 1 &#8211; 2018\/19<\/h3>\n<p>Diese Mannschaft spielt seit einigen Jahren fast unver\u00e4ndert zusammen. Unter der bew\u00e4hrten und kompetenten Anleitung ihrer Trainer Mathias Lorenz und Martin Weile verf\u00fcgt das Team bereits \u00fcber ein beachtliches Leistungsverm\u00f6gen, sowohl im technischen, aber auch im taktischen Bereich. Viele sch\u00f6ne Erfolge in den letzten Jahren sind Zeugnis daf\u00fcr.<br \/>\nAuch in der abgelaufenen Saison, als komplett j\u00fcngerer Jahrgang, sorgte die Mannschaft schon f\u00fcr einige Ausrufezeichen. Als Dritter in der Vorrundenstaffel erreicht das Team einen sehr guten 8.Platz in der Kreismeisterschaft unter \u00fcber 20 Mannschaften. Dieses Ergebnis will das Kollektiv in diesem Jahr nat\u00fcrlich toppen und den Kampf um den Titel anstreben. Und das ist ein durchaus realistisches Ziel f\u00fcr diese Jungs.<br \/>\nAu\u00dferdem standen die Jungs im Kreispokal-Halbfinale und erreichten bei der Mini-WM des KFV einen starken 5.Platz.<br \/>\nDa es im Rahmen der KOOP, vor allem aus Mangel an \u00dcbungsleitern, in dieser Saison nur zwei statt drei E-Juniorenteams, wie in den Jahren zuvor gibt, werden die beiden Trainer auch noch einige j\u00fcngere Spieler, die aus den F &#8211; Junioren des TV Askania aufr\u00fccken, in die Mannschaft integrieren m\u00fcssen. Und da einige Spieler dieser Mannschaft auch hin und wieder im Talenteliga-Team eingesetzt werden sollen, mussten deren Spielerp\u00e4sse umgeschrieben werden.<br \/>\nVer\u00e4nderungen im Team zieht das nur dahin gehend nach sich, dass die Mannschaft in der aktuellen Saison\u00a0 unter dem Namen Spg. Einheit Bernburg II.\/Askania Bernburg auflaufen wird und im Rahmen der KOOP die E2 &#8211; Junioren bleibt.<br \/>\n<strong>Wir w\u00fcnschen dem gesamten Team viel Erfolg f\u00fcr das neue Spieljahr!<\/strong><\/p>\n<hr \/>\n<div class=\"su-table su-table-alternate\">\n<table>\n<tbody>\n<tr>\n<td style=\"width: 25%\"><strong>Ansprechpartner<\/strong><\/td>\n<td>Lothar Kral (Sportlicher Leiter &#8211; Einheit)<br \/>\nTel.: 03471 \/ 311868, Mobil: 0177 \/ 939 42 32<br \/>\nMarkus Becker (Jugendleiter &#8211; Askania) Mobil: 0160 \/ 973 796 29<\/td>\n<\/tr>\n<tr>\n<td style=\"width: 25%\"><strong>Trainingszeit<\/strong><\/td>\n<td>Dienstag\u00a0\u00a0\u00a0\u00a0\u00a0\u00a0 16:30 Uhr &#8211; 18:00 Uhr Einheit &#8211; Sportplatz<br \/>\nDonnerstag\u00a0 16:00 Uhr &#8211; 17:30 Uhr Einheit &#8211; Sportplatz<\/td>\n<\/tr>\n<tr>\n<td style=\"width: 25%\"><strong>Hallentraining<br \/>\n<\/strong><\/td>\n<td>Freitag\u00a0\u00a0\u00a0\u00a0\u00a0\u00a0\u00a0\u00a0\u00a0\u00a0 15:30 Uhr &#8211; 18:00 Uhr Bruno-Hinz-Sporthalle ab 26.10. m\u00f6gl.<\/td>\n<\/tr>\n<tr>\n<td style=\"width: 25%\"><strong>Kunstrasen<br \/>\n<\/strong><\/td>\n<td>Montag\u00a0\u00a0\u00a0\u00a0\u00a0\u00a0\u00a0\u00a0 16:30 Uhr &#8211; 18:00 Uhr<br \/>\nggf. auch Mittw. o. Freitag parallel zur D3 bzw E1 auf einer H\u00e4lfte m\u00f6gl.<\/td>\n<\/tr>\n<tr>\n<td style=\"width: 25%\"><strong>Trainer<\/strong><\/td>\n<td>Mathias Lorenz\u00a0\u00a0\u00a0\u00a0\u00a0\u00a0\u00a0\u00a0\u00a0 Mobil: 0173 \/ 561 26 37<\/p>\n<p>Martin Weile\u00a0\u00a0\u00a0\u00a0\u00a0\u00a0\u00a0\u00a0\u00a0\u00a0\u00a0\u00a0\u00a0\u00a0 Mobil: 0177 \/ 777 19 62<\/p>\n<p>Martin F\u00fctz\u00a0\u00a0\u00a0\u00a0\u00a0\u00a0\u00a0\u00a0\u00a0\u00a0\u00a0\u00a0\u00a0\u00a0\u00a0\u00a0 Mobil: 0162 \/ 626 43 26<\/td>\n<\/tr>\n<tr>\n<td style=\"width: 25%\"><strong>\u00d6ffentlichkeitsarbeit<\/strong><\/td>\n<td>Jana Hartenstein<\/td>\n<\/tr>\n<tr>\n<td style=\"width: 25%\"><strong>Zielstellung<\/strong><\/td>\n<td>Eine Medaille bei der Kreismeisterschaft<\/td>\n<\/tr>\n<\/tbody>\n<\/table>\n<\/div>\n<hr \/>\n<h3>Kader<\/h3>\n\n<table id=\"tablepress-59\" class=\"tablepress tablepress-id-59\">\n<thead>\n<tr class=\"row-1 odd\">\n\t<th class=\"column-1\">Name<\/th><th class=\"column-2\">Vorname<\/th><th class=\"column-3\">Jahrgang<\/th><th class=\"column-4\">Herkunft<\/th><th class=\"column-5\"><\/th><th class=\"column-6\"><\/th><th class=\"column-7\"><\/th><th class=\"column-8\"><\/th><th class=\"column-9\"><\/th>\n<\/tr>\n<\/thead>\n<tbody>\n<tr class=\"row-2 even\">\n\t<td class=\"column-1\">Drefs<\/td><td class=\"column-2\">Leonard<\/td><td class=\"column-3\">2008<\/td><td class=\"column-4\">SV Einheit<\/td><td class=\"column-5\"><\/td><td class=\"column-6\"><\/td><td class=\"column-7\"><\/td><td class=\"column-8\"><\/td><td class=\"column-9\"><\/td>\n<\/tr>\n<tr class=\"row-3 odd\">\n\t<td class=\"column-1\">Fahland<\/td><td class=\"column-2\">Linus Wilhelm<\/td><td class=\"column-3\">2008<\/td><td class=\"column-4\">TV Askania <\/td><td class=\"column-5\"><\/td><td class=\"column-6\"><\/td><td class=\"column-7\"><\/td><td class=\"column-8\"><\/td><td class=\"column-9\"><\/td>\n<\/tr>\n<tr class=\"row-4 even\">\n\t<td class=\"column-1\">F\u00fctz<\/td><td class=\"column-2\">Moritz<\/td><td class=\"column-3\">2008<\/td><td class=\"column-4\">SV Einheit <\/td><td class=\"column-5\"><\/td><td class=\"column-6\"><\/td><td class=\"column-7\"><\/td><td class=\"column-8\"><\/td><td class=\"column-9\"><\/td>\n<\/tr>\n<tr class=\"row-5 odd\">\n\t<td class=\"column-1\">G\u00fcnther<\/td><td class=\"column-2\">Julius<\/td><td class=\"column-3\">2009<\/td><td class=\"column-4\">SV Einheit<\/td><td class=\"column-5\"><\/td><td class=\"column-6\"><\/td><td class=\"column-7\"><\/td><td class=\"column-8\"><\/td><td class=\"column-9\"><\/td>\n<\/tr>\n<tr class=\"row-6 even\">\n\t<td class=\"column-1\">Kersten<\/td><td class=\"column-2\">Hannes<\/td><td class=\"column-3\">2008<\/td><td class=\"column-4\">SV Einheit<\/td><td class=\"column-5\"><\/td><td class=\"column-6\"><\/td><td class=\"column-7\"><\/td><td class=\"column-8\"><\/td><td class=\"column-9\"><\/td>\n<\/tr>\n<tr class=\"row-7 odd\">\n\t<td class=\"column-1\">Kohl<\/td><td class=\"column-2\">William<\/td><td class=\"column-3\">2008<\/td><td class=\"column-4\">SV Einheit<\/td><td class=\"column-5\"><\/td><td class=\"column-6\"><\/td><td class=\"column-7\"><\/td><td class=\"column-8\"><\/td><td class=\"column-9\"><\/td>\n<\/tr>\n<tr class=\"row-8 even\">\n\t<td class=\"column-1\">Kommritz<\/td><td class=\"column-2\">Bennit<\/td><td class=\"column-3\">2008<\/td><td class=\"column-4\">SV Einheit<\/td><td class=\"column-5\"><\/td><td class=\"column-6\"><\/td><td class=\"column-7\"><\/td><td class=\"column-8\"><\/td><td class=\"column-9\"><\/td>\n<\/tr>\n<tr class=\"row-9 odd\">\n\t<td class=\"column-1\">Lorenz<\/td><td class=\"column-2\">Maurice<\/td><td class=\"column-3\">2008<\/td><td class=\"column-4\">SV Einheit<\/td><td class=\"column-5\"><\/td><td class=\"column-6\"><\/td><td class=\"column-7\"><\/td><td class=\"column-8\"><\/td><td class=\"column-9\"><\/td>\n<\/tr>\n<tr class=\"row-10 even\">\n\t<td class=\"column-1\">Malz<\/td><td class=\"column-2\">Lenny Paul<\/td><td class=\"column-3\">2008<\/td><td class=\"column-4\">SV Einheit<\/td><td class=\"column-5\"><\/td><td class=\"column-6\"><\/td><td class=\"column-7\"><\/td><td class=\"column-8\"><\/td><td class=\"column-9\"><\/td>\n<\/tr>\n<tr class=\"row-11 odd\">\n\t<td class=\"column-1\">Scheffler <\/td><td class=\"column-2\">Rocco<\/td><td class=\"column-3\">2009<\/td><td class=\"column-4\">TV Askania<\/td><td class=\"column-5\"><\/td><td class=\"column-6\"><\/td><td class=\"column-7\"><\/td><td class=\"column-8\"><\/td><td class=\"column-9\"><\/td>\n<\/tr>\n<tr class=\"row-12 even\">\n\t<td class=\"column-1\">Schneider<\/td><td class=\"column-2\">Paulus Max<\/td><td class=\"column-3\">2008<\/td><td class=\"column-4\">SV Einheit<\/td><td class=\"column-5\"><\/td><td class=\"column-6\"><\/td><td class=\"column-7\"><\/td><td class=\"column-8\"><\/td><td class=\"column-9\"><\/td>\n<\/tr>\n<tr class=\"row-13 odd\">\n\t<td class=\"column-1\"><\/td><td class=\"column-2\"><\/td><td class=\"column-3\"><\/td><td class=\"column-4\"><\/td><td class=\"column-5\"><\/td><td class=\"column-6\"><\/td><td class=\"column-7\"><\/td><td class=\"column-8\"><\/td><td class=\"column-9\"><\/td>\n<\/tr>\n<tr class=\"row-14 even\">\n\t<td class=\"column-1\">Oehmcke<\/td><td class=\"column-2\">Tim Alexander<\/td><td class=\"column-3\">2009<\/td><td class=\"column-4\">TV Askania<\/td><td class=\"column-5\"><\/td><td class=\"column-6\"><\/td><td class=\"column-7\"><\/td><td class=\"column-8\"><\/td><td class=\"column-9\"><\/td>\n<\/tr>\n<tr class=\"row-15 odd\">\n\t<td class=\"column-1\">Hainz<\/td><td class=\"column-2\">Hannes<\/td><td class=\"column-3\">2009<\/td><td class=\"column-4\">TV Askania<\/td><td class=\"column-5\"><\/td><td class=\"column-6\"><\/td><td class=\"column-7\"><\/td><td class=\"column-8\"><\/td><td class=\"column-9\"><\/td>\n<\/tr>\n<tr class=\"row-16 even\">\n\t<td class=\"column-1\">Eyyubov<\/td><td class=\"column-2\">Ayaz<\/td><td class=\"column-3\">2009<\/td><td class=\"column-4\">TV Askania<\/td><td class=\"column-5\"><\/td><td class=\"column-6\"><\/td><td class=\"column-7\"><\/td><td class=\"column-8\"><\/td><td class=\"column-9\"><\/td>\n<\/tr>\n<\/tbody>\n<\/table>\n\n","protected":false},"excerpt":{"rendered":"<p>Spg. Einheit Bernburg II.\/Askania Bernburg Kreisklasse Staffel 1 &#8211; 2018\/19 Diese Mannschaft spielt seit einigen Jahren fast unver\u00e4ndert zusammen. Unter der bew\u00e4hrten und kompetenten Anleitung ihrer Trainer Mathias Lorenz und Martin Weile verf\u00fcgt das Team bereits \u00fcber ein beachtliches Leistungsverm\u00f6gen, sowohl im technischen, aber auch im taktischen Bereich. Viele sch\u00f6ne Erfolge in den letzten Jahren [&hellip;]<\/p>\n","protected":false},"author":3,"featured_media":0,"parent":20160,"menu_order":0,"comment_status":"closed","ping_status":"closed","template":"","meta":{"footnotes":""},"_links":{"self":[{"href":"https:\/\/einheit-bernburg.de\/content\/index.php?rest_route=\/wp\/v2\/pages\/20212"}],"collection":[{"href":"https:\/\/einheit-bernburg.de\/content\/index.php?rest_route=\/wp\/v2\/pages"}],"about":[{"href":"https:\/\/einheit-bernburg.de\/content\/index.php?rest_route=\/wp\/v2\/types\/page"}],"author":[{"embeddable":true,"href":"https:\/\/einheit-bernburg.de\/content\/index.php?rest_route=\/wp\/v2\/users\/3"}],"replies":[{"embeddable":true,"href":"https:\/\/einheit-bernburg.de\/content\/index.php?rest_route=%2Fwp%2Fv2%2Fcomments&post=20212"}],"version-history":[{"count":1,"href":"https:\/\/einheit-bernburg.de\/content\/index.php?rest_route=\/wp\/v2\/pages\/20212\/revisions"}],"predecessor-version":[{"id":20213,"href":"https:\/\/einheit-bernburg.de\/content\/index.php?rest_route=\/wp\/v2\/pages\/20212\/revisions\/20213"}],"up":[{"embeddable":true,"href":"https:\/\/einheit-bernburg.de\/content\/index.php?rest_route=\/wp\/v2\/pages\/20160"}],"wp:attachment":[{"href":"https:\/\/einheit-bernburg.de\/content\/index.php?rest_route=%2Fwp%2Fv2%2Fmedia&parent=20212"}],"curies":[{"name":"wp","href":"https:\/\/api.w.org\/{rel}","templated":true}]}}