{"id":2163,"date":"2016-02-12T10:47:38","date_gmt":"2016-02-12T09:47:38","guid":{"rendered":"http:\/\/einheit-bernburg.de\/content\/?page_id=2163"},"modified":"2026-01-26T20:26:57","modified_gmt":"2026-01-26T19:26:57","slug":"mitgliedsbeitraege","status":"publish","type":"page","link":"https:\/\/einheit-bernburg.de\/content\/?page_id=2163","title":{"rendered":"Mitgliedsbeitr\u00e4ge"},"content":{"rendered":"<h1 class=\"aufm\">Informationen zur Beitragszahlung<\/h1>\n<h3>Die Mitgliedsbeitr\u00e4ge f\u00fcr das 1.Halbjahr 2026 sind f\u00e4llig!<\/h3>\n<p>Die Beitragszahlung ist durch \u00dcberweisung auf das Vereinskonto der Salzlandparkasse unter Nennung des Spielernamens zu t\u00e4tigen oder per SEPA-Mandat durch den Verein einziehen zu lassen.<span id=\"page3R_mcid6\" class=\"markedContent\"><\/span><\/p>\n<hr \/>\n<p><b>Mit dem 01.01.2026 ist eine neue <a href=\"https:\/\/einheit-bernburg.de\/content\/wp-content\/uploads\/2026\/01\/Beitragsordnung-ab-01.01.2026.pdf\">Beitragsordnung<\/a> in Kraft getreten. Es m\u00f6glich, per Bankeinzug zu zahlen. Die meisten Mitglieder machen von dieser M\u00f6glichkeit Gebrauch. Das hei\u00dft aber nicht, dass alle anderen Vereinsmitglieder ihren Beitrag erst irgendwann bezahlen. Sie sind genauso in der Bringepflicht. Es gilt zu bedenken, dass sie sonst auch nicht versichert sind.<\/b> <strong>Deshalb erging vom Vorstand des SV Einheit Bernburg per 05.08.2015 folgender Beschluss:<\/strong><\/p>\n<p><i>Aktive Mitglieder, die ihren Mitgliedsbeitrag incl. Versicherung f\u00fcr das jeweilige <strong>1.Halbjahr bis zum 15.03. <\/strong>und f\u00fcr das jeweilige <strong>2.Halbjahr bis zum 15.09.<\/strong> nicht einzahlen, werden vom Verein bis zur vollst\u00e4ndigen Zahlung f\u00fcr den Trainings &#8211; und Wettspielbetrieb gesperrt!<\/i><\/p>\n<hr \/>\n<p>Zahlungsempf\u00e4nger: SV Einheit Bernburg<br \/>\nKreditinstitut: Salzlandsparkasse<br \/>\nBLZ: 80055500<br \/>\nKto.Nr.: 350021449<br \/>\nBIC: NOLADE21SES<br \/>\nIBAN: DE75 8005 5500 0350 0214 49<\/p>\n<hr \/>\n<p>Der Beitrag kann halbj\u00e4hrlich oder j\u00e4hrlich gezahlt werden. Haben Sie Fragen? &#8211; Sprechen Sie uns an!<\/p>\n<p><a href=\"https:\/\/einheit-bernburg.de\/content\/wp-content\/uploads\/2026\/01\/Beitragsordnung-ab-01.01.2026.pdf\">Beitragsordnung ab 01.01.2026<\/a><\/p>\n","protected":false},"excerpt":{"rendered":"<p>Informationen zur Beitragszahlung Die Mitgliedsbeitr\u00e4ge f\u00fcr das 1.Halbjahr 2026 sind f\u00e4llig! Die Beitragszahlung ist durch \u00dcberweisung auf das Vereinskonto der Salzlandparkasse unter Nennung des Spielernamens zu t\u00e4tigen oder per SEPA-Mandat durch den Verein einziehen zu lassen. Mit dem 01.01.2026 ist eine neue Beitragsordnung in Kraft getreten. Es m\u00f6glich, per Bankeinzug zu zahlen. Die meisten Mitglieder [&hellip;]<\/p>\n","protected":false},"author":3,"featured_media":0,"parent":17,"menu_order":3,"comment_status":"closed","ping_status":"closed","template":"","meta":{"footnotes":""},"_links":{"self":[{"href":"https:\/\/einheit-bernburg.de\/content\/index.php?rest_route=\/wp\/v2\/pages\/2163"}],"collection":[{"href":"https:\/\/einheit-bernburg.de\/content\/index.php?rest_route=\/wp\/v2\/pages"}],"about":[{"href":"https:\/\/einheit-bernburg.de\/content\/index.php?rest_route=\/wp\/v2\/types\/page"}],"author":[{"embeddable":true,"href":"https:\/\/einheit-bernburg.de\/content\/index.php?rest_route=\/wp\/v2\/users\/3"}],"replies":[{"embeddable":true,"href":"https:\/\/einheit-bernburg.de\/content\/index.php?rest_route=%2Fwp%2Fv2%2Fcomments&post=2163"}],"version-history":[{"count":32,"href":"https:\/\/einheit-bernburg.de\/content\/index.php?rest_route=\/wp\/v2\/pages\/2163\/revisions"}],"predecessor-version":[{"id":44308,"href":"https:\/\/einheit-bernburg.de\/content\/index.php?rest_route=\/wp\/v2\/pages\/2163\/revisions\/44308"}],"up":[{"embeddable":true,"href":"https:\/\/einheit-bernburg.de\/content\/index.php?rest_route=\/wp\/v2\/pages\/17"}],"wp:attachment":[{"href":"https:\/\/einheit-bernburg.de\/content\/index.php?rest_route=%2Fwp%2Fv2%2Fmedia&parent=2163"}],"curies":[{"name":"wp","href":"https:\/\/api.w.org\/{rel}","templated":true}]}}