{"id":23148,"date":"2020-07-06T10:37:07","date_gmt":"2020-07-06T08:37:07","guid":{"rendered":"http:\/\/einheit-bernburg.de\/content\/?page_id=23148"},"modified":"2020-07-06T10:37:34","modified_gmt":"2020-07-06T08:37:34","slug":"2-herren","status":"publish","type":"page","link":"https:\/\/einheit-bernburg.de\/content\/?page_id=23148","title":{"rendered":"Archiv 2. Herren 2019\/20"},"content":{"rendered":"<div class=\"content\">\n<h1 class=\"aufm\">SV Einheit Bernburg II.<\/h1>\n<h3 class=\"aufm\">1.Kreisklasse&nbsp; &#8211; 2019\/20<\/h3>\n<p><a href=\"http:\/\/einheit-bernburg.de\/content\/wp-content\/uploads\/2018\/09\/2.Herren-2018-19-2.jpg\"><noscript><img decoding=\"async\" class=\"alignnone wp-image-15501 size-full\" src=\"http:\/\/einheit-bernburg.de\/content\/wp-content\/uploads\/2018\/09\/2.Herren-2018-19-2.jpg\" alt width=\"1400\" height=\"947\" srcset=\"https:\/\/einheit-bernburg.de\/content\/wp-content\/uploads\/2018\/09\/2.Herren-2018-19-2.jpg 1400w, https:\/\/einheit-bernburg.de\/content\/wp-content\/uploads\/2018\/09\/2.Herren-2018-19-2-300x203.jpg 300w, https:\/\/einheit-bernburg.de\/content\/wp-content\/uploads\/2018\/09\/2.Herren-2018-19-2-768x519.jpg 768w, https:\/\/einheit-bernburg.de\/content\/wp-content\/uploads\/2018\/09\/2.Herren-2018-19-2-1024x693.jpg 1024w, https:\/\/einheit-bernburg.de\/content\/wp-content\/uploads\/2018\/09\/2.Herren-2018-19-2-1080x731.jpg 1080w\" sizes=\"(max-width: 1400px) 100vw, 1400px\"><\/noscript><img decoding=\"async\" class=\"alignnone wp-image-15501 size-full lazyload\" src=\"data:image\/svg+xml,%3Csvg%20xmlns%3D%22http%3A%2F%2Fwww.w3.org%2F2000%2Fsvg%22%20viewBox%3D%220%200%201400%20947%22%3E%3C%2Fsvg%3E\" alt width=\"1400\" height=\"947\" srcset=\"data:image\/svg+xml,%3Csvg%20xmlns%3D%22http%3A%2F%2Fwww.w3.org%2F2000%2Fsvg%22%20viewBox%3D%220%200%201400%20947%22%3E%3C%2Fsvg%3E 1400w\" sizes=\"(max-width: 1400px) 100vw, 1400px\" data-srcset=\"https:\/\/einheit-bernburg.de\/content\/wp-content\/uploads\/2018\/09\/2.Herren-2018-19-2.jpg 1400w, https:\/\/einheit-bernburg.de\/content\/wp-content\/uploads\/2018\/09\/2.Herren-2018-19-2-300x203.jpg 300w, https:\/\/einheit-bernburg.de\/content\/wp-content\/uploads\/2018\/09\/2.Herren-2018-19-2-768x519.jpg 768w, https:\/\/einheit-bernburg.de\/content\/wp-content\/uploads\/2018\/09\/2.Herren-2018-19-2-1024x693.jpg 1024w, https:\/\/einheit-bernburg.de\/content\/wp-content\/uploads\/2018\/09\/2.Herren-2018-19-2-1080x731.jpg 1080w\" data-src=\"http:\/\/einheit-bernburg.de\/content\/wp-content\/uploads\/2018\/09\/2.Herren-2018-19-2.jpg\"><\/a><br>\n<strong>Hintere Reihe v.l.:<\/strong><br>\nJonas Souschek, Steve Sluschny, Roland Busch, Matthias Beckmann, Eric Meyer, Andy Schmidt, Henry Kinzuraschwili<br>\n<strong>Mittelreihe v.l.:<\/strong><br>\nMarcel Wiedensee (Co-TR), Thomas Sp\u00f6rl (BT), Karl Thiele, Charles Okubire, Steffen Eggert, Ren\u00e9 Voigt, Patrick Zappe, Marc Wiltner, Alexander Nielsen (TR), Thomas Souschek (Pr\u00e4sident)<br>\n<strong>Sitzend v.l.:<\/strong><br>\nBj\u00f6rn Jethon, Nico Bleicher, Leroy Kupka, Robert Bahn, Robert Beck, Philipp Mehrholz, Julien Zipfel, Sebastian Meder, Michael Apel<\/p>\n<p><strong>Es fehlen:<\/strong><br>\nSebastian Engelke, Marcel Merkel, Sven Neumann<\/p>\n<p><strong>Ein aktuelles Mannschaftsfoto folgt.<\/strong><\/p>\n<\/div>\n<div class=\"content\">\n<hr>\n<p><a class=\"submenu\" href=\"http:\/\/einheit-bernburg.de\/content\/?page_id=23264\"><noscript><img decoding=\"async\" src=\"http:\/\/einheit-bernburg.de\/off\/images\/redsys\/link.gif\" alt border=\"0\"><\/noscript><img decoding=\"async\" src=\"data:image\/gif;base64,R0lGODlhAQABAIAAAAAAAP\/\/\/yH5BAEAAAAALAAAAAABAAEAAAIBRAA7\" alt border=\"0\" data-src=\"http:\/\/einheit-bernburg.de\/off\/images\/redsys\/link.gif\" class=\" lazyload\">&nbsp;Kader u. Zielstellung<\/a><\/p>\n<p><a class=\"submenu\" href=\"http:\/\/einheit-bernburg.de\/content\/?page_id=233\"><noscript><img decoding=\"async\" src=\"http:\/\/einheit-bernburg.de\/off\/images\/redsys\/link.gif\" alt border=\"0\"><\/noscript><img decoding=\"async\" src=\"data:image\/gif;base64,R0lGODlhAQABAIAAAAAAAP\/\/\/yH5BAEAAAAALAAAAAABAAEAAAIBRAA7\" alt border=\"0\" data-src=\"http:\/\/einheit-bernburg.de\/off\/images\/redsys\/link.gif\" class=\" lazyload\"><\/a> <a href=\"http:\/\/www.fussball.de\/spieltagsuebersicht\/1-kreisklasse-staffel-1-kreis-salzland-1kreisklasse-herren-saison1920-sachsen-anhalt\/-\/staffel\/026HQ3D9FC00000IVS5489B4VULJ3M9I-G#!\/\">Spielplan u. Tabelle 2019\/20 1.Kreisklasse<\/a><\/p>\n<p><strong>\u00dcber die abgelaufene Saison 2018\/19 kann man sich ausf\u00fchrlich im Archiv informieren<\/strong><\/p>\n<\/div>\n<hr>\n<h1 class=\"content\">News u. Spielberichte<\/h1>\n<hr>\n<p><span style=\"text-decoration: underline;\"><strong>07.03.2020 10.ST 1.Kreisklasse (Nachholspiel)<\/strong><\/span><br>\nTSV 1887 Neundorf\/Anhalt &#8211; SV Einheit Bernburg II. <strong>1:4 (0:3) <\/strong><em><a href=\"http:\/\/einheit-bernburg.de\/content\/wp-content\/uploads\/2020\/03\/Pressebericht2-640064064.pdf\">(Statistik)<\/a><br>\n<a href=\"http:\/\/einheit-bernburg.de\/content\/wp-content\/uploads\/2020\/03\/10.jpg\"><noscript><img decoding=\"async\" class=\"alignnone wp-image-22771\" src=\"http:\/\/einheit-bernburg.de\/content\/wp-content\/uploads\/2020\/03\/10-300x249.jpg\" alt width=\"208\" height=\"173\" srcset=\"https:\/\/einheit-bernburg.de\/content\/wp-content\/uploads\/2020\/03\/10-300x249.jpg 300w, https:\/\/einheit-bernburg.de\/content\/wp-content\/uploads\/2020\/03\/10.jpg 577w\" sizes=\"(max-width: 208px) 100vw, 208px\"><\/noscript><img decoding=\"async\" class=\"alignnone wp-image-22771 lazyload\" src=\"data:image\/svg+xml,%3Csvg%20xmlns%3D%22http%3A%2F%2Fwww.w3.org%2F2000%2Fsvg%22%20viewBox%3D%220%200%20208%20173%22%3E%3C%2Fsvg%3E\" alt width=\"208\" height=\"173\" srcset=\"data:image\/svg+xml,%3Csvg%20xmlns%3D%22http%3A%2F%2Fwww.w3.org%2F2000%2Fsvg%22%20viewBox%3D%220%200%20208%20173%22%3E%3C%2Fsvg%3E 208w\" sizes=\"(max-width: 208px) 100vw, 208px\" data-srcset=\"https:\/\/einheit-bernburg.de\/content\/wp-content\/uploads\/2020\/03\/10-300x249.jpg 300w, https:\/\/einheit-bernburg.de\/content\/wp-content\/uploads\/2020\/03\/10.jpg 577w\" data-src=\"http:\/\/einheit-bernburg.de\/content\/wp-content\/uploads\/2020\/03\/10-300x249.jpg\"><\/a><\/em><\/p>\n<hr>\n<p><span style=\"text-decoration: underline;\"><strong>29.03.2020 17.ST 1.Kreisklasse<\/strong><\/span><br>\nFSV Rot-Wei\u00df Alsleben II. &#8211; SV Einheit Bernburg II. <strong>1:1 (0:0)<br>\n<\/strong><\/p>\n<hr>\n<p><span style=\"text-decoration: underline;\"><strong>22.02.2020 16.ST 1.Kreisklasse<\/strong><\/span><br>\nSV Einheit Bernburg II. &#8211; Saxononia 1920 Gatersleben <strong>abgesagt<\/strong><\/p>\n<hr>\n<p><span style=\"text-decoration: underline;\"><strong>16.02.2020 15.ST 1.Kreisklasse<\/strong><\/span><br>\nSV Sportlust 1928 Gr\u00f6na &#8211; SV Einheit Bernburg II. <strong>1:4 (0:2)<\/strong><\/p>\n<hr>\n<p><span style=\"text-decoration: underline;\"><strong>09.02.2020 14.ST 1.Kreisklasse<\/strong><\/span><br>\nSV Einheit Bernburg II. &#8211; SG Wolmirsleben II\/Unseburg II\/Egeln II <strong>1:2 (1:2) <\/strong><em><a href=\"http:\/\/einheit-bernburg.de\/content\/wp-content\/uploads\/2020\/02\/2.-14.ST_.pdf\">(Statistik)<\/a><\/em><\/p>\n<hr>\n<p><span style=\"text-decoration: underline;\"><strong>30.11.2019 13.ST 1.Kreisklasse<\/strong><\/span><br>\nSV Einheit Bernburg &#8211; SG Warmsdorf \/ G\u00fcsten <strong>1:1 (0:0) <\/strong><a href=\"http:\/\/einheit-bernburg.de\/content\/wp-content\/uploads\/2019\/11\/Pressebericht2-640064087.pdf\"><em>(Statistik)<\/em><\/a><\/p>\n<hr>\n<p><span style=\"text-decoration: underline;\"><strong>16.11.2019 12.ST 1.Kreisklasse<\/strong><\/span><br>\nSV Rotation Aschersleben &#8211; SV Einheit Bernburg II. <strong>3:0 (1:0)<\/strong><em> <a href=\"http:\/\/einheit-bernburg.de\/content\/wp-content\/uploads\/2019\/11\/2-1.pdf\">(Statistik)<\/a><\/em><\/p>\n<hr>\n<p><span style=\"text-decoration: underline;\"><strong>09.11.2019 11.ST&nbsp; 1.Kreisklasse<\/strong><\/span><br>\nSV Einheit Bernburg &#8211; SV Jahn Gerbitz <strong>1:2 (0:1)&nbsp; <\/strong><em><a href=\"http:\/\/einheit-bernburg.de\/content\/wp-content\/uploads\/2019\/11\/2.pdf\">(Statistik)<\/a><\/em><\/p>\n<hr>\n<p><span style=\"text-decoration: underline;\"><strong>26.10.2019 9.ST&nbsp; 1.Kreisklasse<\/strong><\/span><br>\nSV Einheit Bernburg &#8211; SG Lok Sch\u00f6nebeck <strong>0:1 (0.0) <\/strong><a href=\"http:\/\/einheit-bernburg.de\/content\/wp-content\/uploads\/2019\/10\/Pressebericht2-640064059.pdf\"><em>(Statistik)<\/em><\/a><\/p>\n<hr>\n<p><span style=\"text-decoration: underline;\"><strong>19.10.2019 8.ST 1.Kreisklasse<\/strong><\/span><br>\nSV Einheit Bernburg &#8211; Froser SV Anhalt 07 <strong>2:4 (1:1) <\/strong><em><a href=\"http:\/\/einheit-bernburg.de\/content\/wp-content\/uploads\/2019\/10\/Pressebericht2-640064052.pdf\">(Statistik)<\/a><\/em><\/p>\n<hr>\n<p><span style=\"text-decoration: underline;\"><strong>05.10.2019 7.ST 1.Kreisklasse<br>\n<\/strong><\/span>SG G\/W Beesenlaublingen &#8211; SV Einheit Bernburg <strong>2:1 (1:0)<\/strong> <em><a href=\"http:\/\/einheit-bernburg.de\/content\/wp-content\/uploads\/2018\/05\/Pressebericht2-640064046.pdf\">(Statistik)<\/a><\/em><\/p>\n<div class=\"page\" title=\"Page 1\">\n<div class=\"section\">\n<div class=\"layoutArea\">\n<div class=\"column\">\n<hr>\n<\/div>\n<\/div>\n<\/div>\n<\/div>\n<p><span style=\"text-decoration: underline;\"><strong>03.10.2019 6.ST 1.Kreisklasse (Nachholspiel)<\/strong><\/span><br>\nSV Einheit Bernburg &#8211; SG Biere \/F\u00f6rderstedt II. <strong>3:0 (2:0)<\/strong> <em><a href=\"http:\/\/einheit-bernburg.de\/content\/wp-content\/uploads\/2018\/05\/Pressebericht2-640064038.pdf\">(Statistik)<\/a><\/em><\/p>\n<hr>\n<p><span style=\"text-decoration: underline;\"><strong>21.09.2019 5.ST 1.Kreisklasse<\/strong><\/span><br>\nTSV Blau-Wei\u00df 49 Eggersdorf &#8211; SV Einheit Bernburg II. <strong>5:1 (1:1) <\/strong><em><a href=\"http:\/\/www.fussball.de\/mgc.newsdetail\/-\/article-uuid\/028EJGV52O000000VS5489B5VTE3VKVN#!\/\">(Spielbericht) <\/a><a href=\"http:\/\/einheit-bernburg.de\/content\/wp-content\/uploads\/2019\/09\/Pressebericht2-640064034.pdf\">(Statistik)<\/a><\/em><\/p>\n<hr>\n<p><span style=\"text-decoration: underline;\"><strong>14.09.2019 4.ST 1.Kreisklasse<br>\n<\/strong><\/span>SV Einheit Bernburg II. &#8211; FSV Rot-Wei\u00df Alsleben II.&nbsp;<strong>1:1 (1:0)<\/strong> <a href=\"http:\/\/einheit-bernburg.de\/content\/wp-content\/uploads\/2019\/09\/2.pdf\"><em>(Statistik)<\/em><\/a><br>\n<a href=\"http:\/\/einheit-bernburg.de\/content\/wp-content\/uploads\/2019\/09\/Spielszene-Einheit-II.-Alsleben-II..jpg\"><noscript><img decoding=\"async\" class=\"alignnone size-medium wp-image-20771\" src=\"http:\/\/einheit-bernburg.de\/content\/wp-content\/uploads\/2019\/09\/Spielszene-Einheit-II.-Alsleben-II.-300x170.jpg\" alt width=\"300\" height=\"170\" srcset=\"https:\/\/einheit-bernburg.de\/content\/wp-content\/uploads\/2019\/09\/Spielszene-Einheit-II.-Alsleben-II.-300x170.jpg 300w, https:\/\/einheit-bernburg.de\/content\/wp-content\/uploads\/2019\/09\/Spielszene-Einheit-II.-Alsleben-II.-768x435.jpg 768w, https:\/\/einheit-bernburg.de\/content\/wp-content\/uploads\/2019\/09\/Spielszene-Einheit-II.-Alsleben-II.-1024x581.jpg 1024w, https:\/\/einheit-bernburg.de\/content\/wp-content\/uploads\/2019\/09\/Spielszene-Einheit-II.-Alsleben-II.-1080x612.jpg 1080w, https:\/\/einheit-bernburg.de\/content\/wp-content\/uploads\/2019\/09\/Spielszene-Einheit-II.-Alsleben-II..jpg 1300w\" sizes=\"(max-width: 300px) 100vw, 300px\"><\/noscript><img decoding=\"async\" class=\"alignnone size-medium wp-image-20771 lazyload\" src=\"data:image\/svg+xml,%3Csvg%20xmlns%3D%22http%3A%2F%2Fwww.w3.org%2F2000%2Fsvg%22%20viewBox%3D%220%200%20300%20170%22%3E%3C%2Fsvg%3E\" alt width=\"300\" height=\"170\" srcset=\"data:image\/svg+xml,%3Csvg%20xmlns%3D%22http%3A%2F%2Fwww.w3.org%2F2000%2Fsvg%22%20viewBox%3D%220%200%20300%20170%22%3E%3C%2Fsvg%3E 300w\" sizes=\"(max-width: 300px) 100vw, 300px\" data-srcset=\"https:\/\/einheit-bernburg.de\/content\/wp-content\/uploads\/2019\/09\/Spielszene-Einheit-II.-Alsleben-II.-300x170.jpg 300w, https:\/\/einheit-bernburg.de\/content\/wp-content\/uploads\/2019\/09\/Spielszene-Einheit-II.-Alsleben-II.-768x435.jpg 768w, https:\/\/einheit-bernburg.de\/content\/wp-content\/uploads\/2019\/09\/Spielszene-Einheit-II.-Alsleben-II.-1024x581.jpg 1024w, https:\/\/einheit-bernburg.de\/content\/wp-content\/uploads\/2019\/09\/Spielszene-Einheit-II.-Alsleben-II.-1080x612.jpg 1080w, https:\/\/einheit-bernburg.de\/content\/wp-content\/uploads\/2019\/09\/Spielszene-Einheit-II.-Alsleben-II..jpg 1300w\" data-src=\"http:\/\/einheit-bernburg.de\/content\/wp-content\/uploads\/2019\/09\/Spielszene-Einheit-II.-Alsleben-II.-300x170.jpg\"><\/a><\/p>\n<p><strong>Einheitreserve vergibt Sieg buchst\u00e4blich in letzter Sekunde<\/strong><br>\nDie Zweite des FSV Rot-Wei\u00df Alsleben wurde vor dem Spiel durch Lothar Kral vom KFV Salzland mit dem FairPlay Pokal f\u00fcr die vergangene Saison in der 2.Kreisklasse ausgezeichnet.<br>\nDanach wurde bei besten Bedingungen, der Platz passte und das Wetter auch, Fu\u00dfball gespielt. Die Einheitreserve begann dieses Spiel gegen Aufsteiger und Spitzenreiter Alsleben engagiert und furios. Bereits nach f\u00fcnf Minuten versenkte Jonas Souschek das Spielobjekt zur 1:0 F\u00fchrung. Auch in der Folge blieben die &#8222;Einheiter Jungs&#8220; das spielbestimmende Team, doch ein weiterer Treffer gelang den Bernburgern nicht. Und mit zunehmender Spielzeit kamen auch die mit Routiniers gespickten Alsleber besser ins Spiel und erlangten Ausgeglichenheit, sodass sich nun ein verteiltes Spiel, vorallem zwischen den Strafr\u00e4umen entwickelte. In der 2.Halbzeit forcierten die G\u00e4ste ihre Bem\u00fchungen um den Ausgleich, bei denen nun die \u00e4lteren Spieler ihre Erfahrung ausspielten. Sie kamen so auch zu Torchancen &#8211; ein Treffer gelang ihnen allerdings nicht. Auf der anderen Seite boten die G\u00e4ste den Einheitspielern gro\u00dfe Freir\u00e4ume zum Konterspiel an. Dieses war auch oftmals recht gut angelegt und wurde mit Tempo vorgetragen. Aber auch den Platzherren gelang der zweite Treffer nicht, um vielleicht den Sack zuzumachen. Als Charles Okubire in der 80.Spielminute im Mittelfeld, nach einem zu unkontrollierten Tackling von hinten, berechtigt die rote Karte sah, war das das Signal f\u00fcr die Alsleber zu einem vehementen Endspurt. Man setzte sich nun am Strafraum fest und erarbeitete sich Freist\u00f6\u00dfe und Eckb\u00e4lle. Doch mit Gl\u00fcck und Geschick hielten die Bernburger ihr Tor sauber, bis zur 3.Minute der Nachspielzeit.&nbsp; Nach einer Flanke von rechts war Eric Meyer zur Stelle, um zu kl\u00e4ren. Doch sein Kopfball landete zum Schrecken der Gastgeber im eigenen Tor. Schade, in letzter Sekunde so zu verlieren, denn danach war sofort Schluss, ist sehr bitter, aber passiert halt immer wieder beim Fu\u00dfball. Deshalb Eric &#8222;Kopf hoch&#8220; und weiter geht&#8217;s.<br>\nLetztendlich muss man feststellen, dass sich beide Kontrahenten am Ende leistungsgerecht remis trennten, weil Einheit in den letzten 20 Minuten auch nicht mehr gen\u00fcgend in das Spiel investieren konnte und den G\u00e4sten das Feld \u00fcberlie\u00df.<\/p>\n<hr>\n<p><strong><span style=\"text-decoration: underline;\">07.09.2019 2.Runde Kreisklassenpokal &#8211; Wiedermal fr\u00fches Aus der &#8222;Zwee&#8220;<\/span> <\/strong><br>\nSG Biere \/\u200bF\u00f6rderstedt II.&nbsp; &#8211;&nbsp; SV Einheit Bernburg II. <strong>5:4 n.V. <\/strong>(3:3 (2:0) n. reg. Spielzeit)<br>\n<em><a href=\"http:\/\/einheit-bernburg.de\/content\/wp-content\/uploads\/2019\/09\/Pressebericht2-740008038.pdf\">(Statistik)<\/a><\/em><br>\n<em><a href=\"http:\/\/www.fussball.de\/spieltagsuebersicht\/kreisklassenpokal-kreis-salzland-kreispokal-herren-saison1920-sachsen-anhalt\/-\/staffel\/027EB19KE8000000VS5489B3VUOI54T7-C#!\/\">(Alle Spiele 2.Runde)<\/a><\/em><\/p>\n<hr>\n<p><span style=\"text-decoration: underline;\"><strong>31.08.2019&nbsp; 3.ST 1.Kreisklasse<\/strong><\/span><br>\nSV Saxonia 1920 Gatersleben &#8211; SV Einheit Bernburg II. <strong>1:2 (1:2)<\/strong><em> <a href=\"http:\/\/einheit-bernburg.de\/content\/wp-content\/uploads\/2019\/09\/Pressebericht2-640064016.pdf\">(Statistik)<\/a><\/em><\/p>\n<hr>\n<p><span style=\"text-decoration: underline;\"><strong>24.08.2019&nbsp; 2.ST 1.Kreisklasse<\/strong><\/span><br>\nSV Einheit Bernburg II. &#8211; SV Sportlust 1928 Gr\u00f6na <strong>7:1 (4:1)<\/strong> <em><a href=\"http:\/\/einheit-bernburg.de\/content\/wp-content\/uploads\/2019\/08\/Pressebericht2-640064010.pdf\">(Statistik)<\/a><\/em><\/p>\n<p><strong>Einheitkantersieg &#8211; Charles Okubire erzielt 5 Tore<\/strong><br>\nDie Einheitreserve beeindruckte vor allem in der ersten Halbzeit mit starkem Lauf &#8211; und Passspiel. Vor allem Nico Spach gl\u00e4nzte mit guter \u00dcbersicht. So setzte er seine Mitspieler immer wieder hervorragend in Szene. Auch Charles Okubire profitierte davon bei seinem lupenreinen Hattrick zwischen der 10. und 15.Minute. Nach der Pause verflachte das Einheitspiel etwas. Trotzdem reichte es zu weiteren drei Einheittreffern, wobei Okubire zum Abschluss noch einmal ein Doppelschlag zu seinen Toren 4 und 5 gelang. Alles in allem eine runde Einheitleistung gegen allerdings eine schwache Gr\u00f6naer Mannschaft.<\/p>\n<hr>\n<p><span style=\"text-decoration: underline;\"><strong>17.08.2019&nbsp; 1.ST 1.Kreisklasse<\/strong><\/span><br>\nSG Wolmirsleben II\/Unseburg II\/Egeln II &#8211; SV Einheit Bernburg II. <strong>3:1 (1:0) <\/strong><a href=\"http:\/\/einheit-bernburg.de\/content\/wp-content\/uploads\/2019\/08\/Pressebericht2-640064004.pdf\"><em>(Statistik)<\/em><\/a><\/p>\n<p><strong>Verdiente Niederlage, aber es war mehr drin<\/strong><br>\nErster Spieltag erste Niederlage&nbsp; &#8211; sicherlich unn\u00f6tig. H\u00e4lfte eins zwischen beiden Teams verlief ausgeglichen. Die erste klare Chance hatte aber die Einheitreserve durch Jonas Souschek, der aber den 46j\u00e4hrigen Torwartroutinier der Gastgeber nicht \u00fcberwinden konnte. Im weiteren Spielverlauf gab es wenig H\u00f6hepunkte. Als aber Jose Mundt kurz vor der Pause auf der linken Seite geschickt wurde, konnte&nbsp; ihn Karl Thiele im Strafraum nur mit einem Fouspiel stoppen &#8211; berechtigter Strafsto\u00df, den Daniel Gilz sicher zur Gastgeberf\u00fchrung verwandelte.<br>\nNach dem Seitenwechsel kam Charles Okubire f\u00fcr Michael Apel ins Spiel und damit wurden die Bernburger Aktionen etwas druckvoller. In der 53.Spielminute entschied der insgesamt gute Schiedsrichter Steven K\u00f6the, nach Handspiel im Strafraum, auf ebenso berechtigten Strafsto\u00df f\u00fcr die G\u00e4ste. Philipp Mehrholz lie\u00df sich die Chance zum Ausgleich nicht nehmen und lie\u00df Torwart Steffen Sopha keine Abwehrm\u00f6glichkeit. Dieses 1:1 ging zu diesem Zeitpunkt auch in Ordnung und es schien so, als ob die Saalest\u00e4dter noch mehr erreichen k\u00f6nnten. Aber man spielte zwar in der ersten H\u00e4lfte der zweiten Halbzeit etwas zielstrebiger, der Zug zum Tor fehlte jedoch. Mit zunehmender Spielzeit stachen die Au\u00dfen der Gastgeber mehr und sorgten f\u00fcr einige Torgefahr, wobei Robert Beck mit einigen guten Reflexen seine Mannschaft im Spiel hielt. Vor allem \u00fcber links kam Mundt mit viel Tempo und als er in der 86.Spielminute zum Solo antrat, hatte am Ende auch Beck keine Chance &#8211; 2:1. Trotzdem versuchte sich die Einheitreserve weiter an einer Resultatsverbesserung, konnte aber den Torwart der Platzherren nicht pr\u00fcfen. Zum Schluss gewann Mundt an der Mittellinie gegen Sebastian Meder noch einen Zweikampf und erzielte mit weiten Flugball den 3:1 Endstand.<br>\nAm Ende siegten die Gastgeber auf Grund klarer Chancenvorteile verdient.<\/p>\n<hr>\n<p><span style=\"text-decoration: underline;\"><strong>Ausscheidungsrunde &#8211; Kreisklassenpokal 2019\/20<\/strong><\/span><br>\n<strong>10.08.2019<\/strong> Ansto\u00df: <strong>15:00 Uhr<\/strong><br>\nWSG 10 Sch\u00f6nebeck &#8211; SV Einheit Bernburg II. <strong>0:3 (0:0) <\/strong><em><a href=\"http:\/\/einheit-bernburg.de\/content\/wp-content\/uploads\/2019\/08\/Pressebericht2-740008028.pdf\">(Statistik)<\/a><\/em><br>\n<em><a href=\"http:\/\/www.fussball.de\/spieltagsuebersicht\/kreisklassenpokal-kreis-salzland-kreispokal-herren-saison1920-sachsen-anhalt\/-\/staffel\/027EB19KE8000000VS5489B3VUOI54T7-C#!\/\">(Alle Spiele &#8211; Ausscheidungsrunde)<\/a><\/em><\/p>\n<hr>\n<h3><span style=\"text-decoration: underline;\">Testspiele &#8211; Sommer 2019<\/span><\/h3>\n<p>Nach dem etwas gl\u00fccklichen Verbleib unserer 2.Herren in der 1.Kreisklasse, die ab dem neuen Spieljahr 2019\/20 eingleisig f\u00e4hrt, gilt es nun nach der Sommerpause die Mannschaft entsprechend auf die neue Situation vorzubereiten. Erste Testspiele wurden bereits vereinbart.<\/p>\n<p><strong>13.07.2019&nbsp;<\/strong> Beginn: <strong>10:00 Uhr<\/strong> in Gerbitz (Kleinfeld &#8211; Turnier) <strong>abgesagt <\/strong>(SVE II. keine Spieler) \ud83d\ude41<br>\n<strong>20.07.2019<\/strong> Ansto\u00df: <strong>15:00<\/strong> <strong>Uhr<\/strong> TSV 1887 Neundorf\/Anhalt &#8211; SV Einheit Bernburg II. <strong>0:4 (0:2)<br>\n<\/strong><em><a href=\"http:\/\/einheit-bernburg.de\/content\/wp-content\/uploads\/2019\/07\/Pressebericht2-840008001.pdf\">(Statistik)<\/a><\/em><br>\n<strong>27.07.2019<\/strong> Ansto\u00df:&nbsp; <strong>15:00 Uhr<\/strong> SSV Gr\u00fcn-Wei\u00df Schadeleben &#8211; SV Einheit Bernburg II. (S<strong>VE II. abgesagt<\/strong>) \ud83d\ude41<br>\n<strong>03.08.2019<\/strong> Ansto\u00df: <strong>15:00 Uhr<\/strong> SV Einheit Bernburg II. &#8211; SV Sportlust Gr\u00f6na <strong>3:1 (1:1)<\/strong><\/p>\n<hr>\n<hr>\n","protected":false},"excerpt":{"rendered":"<p>SV Einheit Bernburg II. 1.Kreisklasse&nbsp; &#8211; 2019\/20 Hintere Reihe v.l.: Jonas Souschek, Steve Sluschny, Roland Busch, Matthias Beckmann, Eric Meyer, Andy Schmidt, Henry Kinzuraschwili Mittelreihe v.l.: Marcel Wiedensee (Co-TR), Thomas Sp\u00f6rl (BT), Karl Thiele, Charles Okubire, Steffen Eggert, Ren\u00e9 Voigt, Patrick Zappe, Marc Wiltner, Alexander Nielsen (TR), Thomas Souschek (Pr\u00e4sident) Sitzend v.l.: Bj\u00f6rn Jethon, Nico [&hellip;]<\/p>\n","protected":false},"author":3,"featured_media":0,"parent":22967,"menu_order":1,"comment_status":"closed","ping_status":"open","template":"","meta":{"footnotes":""},"_links":{"self":[{"href":"https:\/\/einheit-bernburg.de\/content\/index.php?rest_route=\/wp\/v2\/pages\/23148"}],"collection":[{"href":"https:\/\/einheit-bernburg.de\/content\/index.php?rest_route=\/wp\/v2\/pages"}],"about":[{"href":"https:\/\/einheit-bernburg.de\/content\/index.php?rest_route=\/wp\/v2\/types\/page"}],"author":[{"embeddable":true,"href":"https:\/\/einheit-bernburg.de\/content\/index.php?rest_route=\/wp\/v2\/users\/3"}],"replies":[{"embeddable":true,"href":"https:\/\/einheit-bernburg.de\/content\/index.php?rest_route=%2Fwp%2Fv2%2Fcomments&post=23148"}],"version-history":[{"count":2,"href":"https:\/\/einheit-bernburg.de\/content\/index.php?rest_route=\/wp\/v2\/pages\/23148\/revisions"}],"predecessor-version":[{"id":23267,"href":"https:\/\/einheit-bernburg.de\/content\/index.php?rest_route=\/wp\/v2\/pages\/23148\/revisions\/23267"}],"up":[{"embeddable":true,"href":"https:\/\/einheit-bernburg.de\/content\/index.php?rest_route=\/wp\/v2\/pages\/22967"}],"wp:attachment":[{"href":"https:\/\/einheit-bernburg.de\/content\/index.php?rest_route=%2Fwp%2Fv2%2Fmedia&parent=23148"}],"curies":[{"name":"wp","href":"https:\/\/api.w.org\/{rel}","templated":true}]}}