{"id":232,"date":"2015-09-14T11:00:29","date_gmt":"2015-09-14T10:00:29","guid":{"rendered":"http:\/\/einheit-bernburg.de\/content\/?page_id=232"},"modified":"2026-03-22T17:51:25","modified_gmt":"2026-03-22T16:51:25","slug":"kader-u-zielstellung","status":"publish","type":"page","link":"https:\/\/einheit-bernburg.de\/content\/?page_id=232","title":{"rendered":"Kader u. Zielstellung 1. Herren"},"content":{"rendered":"<table style=\"height: 1335px; width: 95.8398%;\" border=\"0\" width=\"872\" cellspacing=\"2\" cellpadding=\"0\">\n<tbody>\n<tr style=\"height: 489px;\">\n<td style=\"width: 100%; height: 489px;\" align=\"left\" valign=\"top\">\n<div class=\"content\">\n<h1 class=\"aufm\">SV Einheit Bernburg<\/h1>\n<h3 class=\"aufm\">Landesklasse &#8211; 2025\/26<\/h3>\n<p>Unsere 1.Herren war in der zur\u00fcckliegenden Saison der Staffel 5 der Landesklasse (Raum Halle u. Umgebung) zugeordnet worden. Hier wurde ein gepflegter technischer Fu\u00dfball gespielt. F\u00fcr unsere M\u00e4nner dauerte es bis zum letzten Saisondrittel, ehe sie sich endlich in dieser Staffel aklimatisiert hatten. Das schafften sie aber noch rechtzeitig um den Abstiegspllatz, den sie einige Wochen inne hatten, wieder zu verlassen &#8211; also am Ende, Saisonziel &#8222;Klassenerhalt&#8220; erreicht. Trotzdem \u00fcberlegte man, ob man aufgrund einiger wichtiger Abg\u00e4nge in dieser Spielkasse verbleibt. In einer Aussprache, Mannschaft \/ Trainer \/ Vereinsvorstand, kamen alle Beteiligten aber zu 100% zu dem Schluss &#8211; &#8222;Wir erhalten die Liga&#8220; und gehen nicht freiwillig zur\u00fcck in die Salzlandliga. Viel zu aufopferungsvoll hatte das Team in der Schlussphase der Meisterschaft auch daf\u00fcr gek\u00e4mpft.<br>\nIm neuen Spieljahr spielt unsere Mannschaft nun in der Landesklasse 3 (vorwiegend Harzstaffel). Die Vermutung, hier wird wieder etwas anders Fussball gespielt &#8211; etwas k\u00f6rperbetonter. Naja, unser Team geht diese neue Herausforderung an, trotz des Verlustes einiger wichtiger Spieler. Man will in Zukunft noch mehr auf den eigenen Nachwuchs bauen. Auch im Trainerteam gibt es&nbsp; Ver\u00e4nderungen. W\u00e4hrend Marcel Lehmann als Cheftrainer erhalten bleibt, hat Mathias M\u00fcller, als bisheriger Co-Trainer das Team verlassen und widment sich nun voll seiner neuen Aufgabe im Verein als Vereinsvorsitzender. Danke nochmal an Mathias M\u00fcller, f\u00fcr die jahrelange gewissenhafte und zuverl\u00e4ssige Arbeit in dieser Funktion.<br>\nInzwischen gab es ind er 11.Kalenderwoche einen Trainerwechsel &#8211; mehr dazu unter Abg\u00e4nge. Gleichzeitig blickt der SV Einheit Bernburg mit Zuversicht nach vorn und ist \u00fcberzeugt, mit dem neuen Trainer Nils Wendel frische Impulse zu setzen, um die sportlichen Ziele in der laufenden Saison weiterhin engagiert zu verfolgen. Unterst\u00fctzt wird er zuk\u00fcnftig Matthias von Helbig als Co-Trainer, wann immer er es mit seinem Beruf in Einklang bringen kann.<br>\nWir w\u00fcnschen dem gesamten Kollektiv eine positive Weiterentwicklung und eine weitestgehend verletzungsfreie und erfolgreiche Saison 2025\/26!<\/p>\n<\/div>\n<\/td>\n<\/tr>\n<tr style=\"height: 562px;\">\n<td style=\"width: 100%; height: 562px;\" align=\"left\" valign=\"top\">\n<div class=\"content\">\n<p>&nbsp;<\/p>\n<div class=\"su-table su-table-alternate\">\n<table style=\"width: 72.5687%;height: 312px\">\n<tbody>\n<tr style=\"height: 48px\">\n<td style=\"width: 27.9376%;height: 48px\"><strong>Ansprechpartner<\/strong><\/td>\n<td style=\"width: 70.5965%;height: 48px\">Norbert Lehmann (Sportlicher Leiter Herrenbereich)<br>\nMobil: 0172 \/ 938 88 89<\/td>\n<\/tr>\n<tr style=\"height: 48px\">\n<td style=\"width: 27.9376%;height: 48px\"><strong>Trainingszeiten<\/strong><\/td>\n<td style=\"width: 70.5965%;height: 48px\">Dienstag 18:30 Uhr &#8211; 20:00 Uhr (Einheit-Sportplatz)<br>\nDonnerstag 18:30 Uhr &#8211; 20:00 Uhr (Einheit-Sportplatz)<\/td>\n<\/tr>\n<tr>\n<td style=\"width: 27.9376%\"><strong>&nbsp;<\/strong><\/td>\n<td style=\"width: 70.5965%\"><strong>Winter<\/strong><\/td>\n<\/tr>\n<tr style=\"height: 48px\">\n<td style=\"width: 27.9376%;height: 48px\"><strong>Hallentraining<br>\n<\/strong><\/td>\n<td style=\"width: 70.5965%;height: 48px\">Donnerstag&nbsp; 19:00 &#8211; 20:30 Uhr Sporthalle &#8222;T\u00f6pferwiese&#8220;<br>\nab 27.11.2025 bis 05.02.2026<\/td>\n<\/tr>\n<tr style=\"height: 24px\">\n<td style=\"width: 27.9376%;height: 24px\"><strong>Kunstrasen<br>\n<\/strong><\/td>\n<td style=\"width: 70.5965%;height: 24px\">Di, 18:45 Uhr &#8211; 20:15 Uhr<br>\nDo, 18:30 Uhr &#8211; 20.00 Uhr<\/td>\n<\/tr>\n<tr style=\"height: 24px\">\n<td style=\"width: 27.9376%;height: 24px\"><strong><a href=\"https:\/\/einheit-bernburg.de\/content\/wp-content\/uploads\/2026\/03\/Wendel-Nils.jpg\"><noscript><img decoding=\"async\" class=\"alignnone wp-image-44775\" src=\"https:\/\/einheit-bernburg.de\/content\/wp-content\/uploads\/2026\/03\/Wendel-Nils-239x300.jpg\" alt width=\"59\" height=\"74\" srcset=\"https:\/\/einheit-bernburg.de\/content\/wp-content\/uploads\/2026\/03\/Wendel-Nils-239x300.jpg 239w, https:\/\/einheit-bernburg.de\/content\/wp-content\/uploads\/2026\/03\/Wendel-Nils.jpg 398w\" sizes=\"(max-width: 59px) 100vw, 59px\"><\/noscript><img decoding=\"async\" class=\"alignnone wp-image-44775 lazyload\" src=\"data:image\/svg+xml,%3Csvg%20xmlns%3D%22http%3A%2F%2Fwww.w3.org%2F2000%2Fsvg%22%20viewBox%3D%220%200%2059%2074%22%3E%3C%2Fsvg%3E\" alt width=\"59\" height=\"74\" srcset=\"data:image\/svg+xml,%3Csvg%20xmlns%3D%22http%3A%2F%2Fwww.w3.org%2F2000%2Fsvg%22%20viewBox%3D%220%200%2059%2074%22%3E%3C%2Fsvg%3E 59w\" sizes=\"(max-width: 59px) 100vw, 59px\" data-srcset=\"https:\/\/einheit-bernburg.de\/content\/wp-content\/uploads\/2026\/03\/Wendel-Nils-239x300.jpg 239w, https:\/\/einheit-bernburg.de\/content\/wp-content\/uploads\/2026\/03\/Wendel-Nils.jpg 398w\" data-src=\"https:\/\/einheit-bernburg.de\/content\/wp-content\/uploads\/2026\/03\/Wendel-Nils-239x300.jpg\"><\/a>&nbsp;Trainer<\/strong><\/td>\n<td style=\"width: 70.5965%;height: 24px\">Nils Wendel&nbsp; &nbsp; &nbsp; &nbsp; &nbsp; &nbsp; &nbsp; &nbsp; &nbsp;Mobil: 0178 \/ 685 46 00<\/td>\n<\/tr>\n<tr style=\"height: 24px\">\n<td style=\"width: 27.9376%;height: 24px\"><strong><a href=\"https:\/\/einheit-bernburg.de\/content\/wp-content\/uploads\/2026\/03\/Helbig-Matthias.jpeg\"><noscript><img decoding=\"async\" class=\"alignnone wp-image-44849\" src=\"https:\/\/einheit-bernburg.de\/content\/wp-content\/uploads\/2026\/03\/Helbig-Matthias-231x300.jpeg\" alt width=\"59\" height=\"76\" srcset=\"https:\/\/einheit-bernburg.de\/content\/wp-content\/uploads\/2026\/03\/Helbig-Matthias-231x300.jpeg 231w, https:\/\/einheit-bernburg.de\/content\/wp-content\/uploads\/2026\/03\/Helbig-Matthias-789x1024.jpeg 789w, https:\/\/einheit-bernburg.de\/content\/wp-content\/uploads\/2026\/03\/Helbig-Matthias-768x997.jpeg 768w, https:\/\/einheit-bernburg.de\/content\/wp-content\/uploads\/2026\/03\/Helbig-Matthias-1183x1536.jpeg 1183w, https:\/\/einheit-bernburg.de\/content\/wp-content\/uploads\/2026\/03\/Helbig-Matthias-1577x2048.jpeg 1577w, https:\/\/einheit-bernburg.de\/content\/wp-content\/uploads\/2026\/03\/Helbig-Matthias-1080x1402.jpeg 1080w, https:\/\/einheit-bernburg.de\/content\/wp-content\/uploads\/2026\/03\/Helbig-Matthias.jpeg 1879w\" sizes=\"(max-width: 59px) 100vw, 59px\"><\/noscript><img decoding=\"async\" class=\"alignnone wp-image-44849 lazyload\" src=\"data:image\/svg+xml,%3Csvg%20xmlns%3D%22http%3A%2F%2Fwww.w3.org%2F2000%2Fsvg%22%20viewBox%3D%220%200%2059%2076%22%3E%3C%2Fsvg%3E\" alt width=\"59\" height=\"76\" srcset=\"data:image\/svg+xml,%3Csvg%20xmlns%3D%22http%3A%2F%2Fwww.w3.org%2F2000%2Fsvg%22%20viewBox%3D%220%200%2059%2076%22%3E%3C%2Fsvg%3E 59w\" sizes=\"(max-width: 59px) 100vw, 59px\" data-srcset=\"https:\/\/einheit-bernburg.de\/content\/wp-content\/uploads\/2026\/03\/Helbig-Matthias-231x300.jpeg 231w, https:\/\/einheit-bernburg.de\/content\/wp-content\/uploads\/2026\/03\/Helbig-Matthias-789x1024.jpeg 789w, https:\/\/einheit-bernburg.de\/content\/wp-content\/uploads\/2026\/03\/Helbig-Matthias-768x997.jpeg 768w, https:\/\/einheit-bernburg.de\/content\/wp-content\/uploads\/2026\/03\/Helbig-Matthias-1183x1536.jpeg 1183w, https:\/\/einheit-bernburg.de\/content\/wp-content\/uploads\/2026\/03\/Helbig-Matthias-1577x2048.jpeg 1577w, https:\/\/einheit-bernburg.de\/content\/wp-content\/uploads\/2026\/03\/Helbig-Matthias-1080x1402.jpeg 1080w, https:\/\/einheit-bernburg.de\/content\/wp-content\/uploads\/2026\/03\/Helbig-Matthias.jpeg 1879w\" data-src=\"https:\/\/einheit-bernburg.de\/content\/wp-content\/uploads\/2026\/03\/Helbig-Matthias-231x300.jpeg\"><\/a>&nbsp;Co-Trainer<\/strong><\/td>\n<td style=\"width: 70.5965%;height: 24px\">Matthias Helbig<\/td>\n<\/tr>\n<tr>\n<td style=\"width: 27.9376%\"><strong>Co-Trainer\/ Betreuer<\/strong><\/td>\n<td style=\"width: 70.5965%\"><\/td>\n<\/tr>\n<tr style=\"height: 48px\">\n<td style=\"width: 27.9376%;height: 48px\"><strong>Physiotherapeutin<\/strong><\/td>\n<td style=\"width: 70.5965%;height: 48px\">Nicole Lutze<\/td>\n<\/tr>\n<tr style=\"height: 24px\">\n<td style=\"width: 27.9376%;height: 24px\"><strong>Zielstellung<\/strong><\/td>\n<td style=\"width: 70.5965%;height: 24px\">Klassenerhalt<\/td>\n<\/tr>\n<\/tbody>\n<\/table>\n<\/div>\n<\/div>\n<p>&nbsp;<\/p><\/td>\n<\/tr>\n<tr style=\"height: 284px;\">\n<td style=\"width: 100%; height: 284px;\" align=\"left\" valign=\"top\">\n<div class=\"content\">\n<h3>Kader<\/h3>\n\n<table id=\"tablepress-138\" class=\"tablepress tablepress-id-138\">\n<thead>\n<tr class=\"row-1 odd\">\n\t<th class=\"column-1\">Name<\/th><th class=\"column-2\">Vorname<\/th><th class=\"column-3\">Jahrgang<\/th><th class=\"column-4\">Zug\u00e4nge (woher)<\/th>\n<\/tr>\n<\/thead>\n<tbody>\n<tr class=\"row-2 even\">\n\t<td class=\"column-1\">Beck<\/td><td class=\"column-2\">Robert<\/td><td class=\"column-3\">1996<\/td><td class=\"column-4\">ETW - SVE 2.Herren  <\/td>\n<\/tr>\n<tr class=\"row-3 odd\">\n\t<td class=\"column-1\">Apel<\/td><td class=\"column-2\">Tim<\/td><td class=\"column-3\">2000<\/td><td class=\"column-4\"><\/td>\n<\/tr>\n<tr class=\"row-4 even\">\n\t<td class=\"column-1\">D\u00f6lle<\/td><td class=\"column-2\">Arndt Endres<\/td><td class=\"column-3\">2001<\/td><td class=\"column-4\"><\/td>\n<\/tr>\n<tr class=\"row-5 odd\">\n\t<td class=\"column-1\">Ehrich<\/td><td class=\"column-2\">Jannis<\/td><td class=\"column-3\">2005<\/td><td class=\"column-4\"><\/td>\n<\/tr>\n<tr class=\"row-6 even\">\n\t<td class=\"column-1\">Fischer<\/td><td class=\"column-2\">Sebastian<\/td><td class=\"column-3\">2001<\/td><td class=\"column-4\"><\/td>\n<\/tr>\n<tr class=\"row-7 odd\">\n\t<td class=\"column-1\">Haiduk<\/td><td class=\"column-2\">Denys<\/td><td class=\"column-3\">1984<\/td><td class=\"column-4\">2.Herren<\/td>\n<\/tr>\n<tr class=\"row-8 even\">\n\t<td class=\"column-1\">K\u00e4ding<\/td><td class=\"column-2\">Eric<\/td><td class=\"column-3\">1995<\/td><td class=\"column-4\"><\/td>\n<\/tr>\n<tr class=\"row-9 odd\">\n\t<td class=\"column-1\">Kre\u00df<\/td><td class=\"column-2\">Hannes<\/td><td class=\"column-3\">2002<\/td><td class=\"column-4\"><\/td>\n<\/tr>\n<tr class=\"row-10 even\">\n\t<td class=\"column-1\">Krug<\/td><td class=\"column-2\">Mathias<\/td><td class=\"column-3\">1988<\/td><td class=\"column-4\"><\/td>\n<\/tr>\n<tr class=\"row-11 odd\">\n\t<td class=\"column-1\">Kr\u00fcger<\/td><td class=\"column-2\">Dennis<\/td><td class=\"column-3\">1993<\/td><td class=\"column-4\"><\/td>\n<\/tr>\n<tr class=\"row-12 even\">\n\t<td class=\"column-1\">Kuhn<\/td><td class=\"column-2\">Benjamin<\/td><td class=\"column-3\">1988<\/td><td class=\"column-4\"><\/td>\n<\/tr>\n<tr class=\"row-13 odd\">\n\t<td class=\"column-1\">Pundzin<\/td><td class=\"column-2\">Igor<\/td><td class=\"column-3\">1998<\/td><td class=\"column-4\">S.D. Croatia Berlin<\/td>\n<\/tr>\n<tr class=\"row-14 even\">\n\t<td class=\"column-1\">Salehzada<\/td><td class=\"column-2\">Wais<\/td><td class=\"column-3\">2000<\/td><td class=\"column-4\"><\/td>\n<\/tr>\n<tr class=\"row-15 odd\">\n\t<td class=\"column-1\">Schaaf<\/td><td class=\"column-2\">Dennis<\/td><td class=\"column-3\">2007<\/td><td class=\"column-4\">A - Junioren<\/td>\n<\/tr>\n<tr class=\"row-16 even\">\n\t<td class=\"column-1\">Schule<\/td><td class=\"column-2\">Marco<\/td><td class=\"column-3\">1986<\/td><td class=\"column-4\"><\/td>\n<\/tr>\n<tr class=\"row-17 odd\">\n\t<td class=\"column-1\">Schwarz<\/td><td class=\"column-2\">Mario <\/td><td class=\"column-3\">2001<\/td><td class=\"column-4\"><\/td>\n<\/tr>\n<tr class=\"row-18 even\">\n\t<td class=\"column-1\">Shami<\/td><td class=\"column-2\">Mohamad<\/td><td class=\"column-3\">1999<\/td><td class=\"column-4\"><\/td>\n<\/tr>\n<tr class=\"row-19 odd\">\n\t<td class=\"column-1\">Teutloff<\/td><td class=\"column-2\">Maik<\/td><td class=\"column-3\">1990<\/td><td class=\"column-4\"><\/td>\n<\/tr>\n<tr class=\"row-20 even\">\n\t<td class=\"column-1\">Walcer<\/td><td class=\"column-2\">Niklas<\/td><td class=\"column-3\">2000<\/td><td class=\"column-4\"><\/td>\n<\/tr>\n<tr class=\"row-21 odd\">\n\t<td class=\"column-1\">Walter<\/td><td class=\"column-2\">Tim<\/td><td class=\"column-3\">2000<\/td><td class=\"column-4\"><\/td>\n<\/tr>\n<tr class=\"row-22 even\">\n\t<td class=\"column-1\">Wendel<\/td><td class=\"column-2\">Nils<\/td><td class=\"column-3\">1994<\/td><td class=\"column-4\">CFC Germania 03<\/td>\n<\/tr>\n<\/tbody>\n<\/table>\n\n<h3>Zug\u00e4nge<\/h3>\n<p>Denys Haiduk (SVE II.), Igor Pundzin (Crotatia Berlin), Nils Wendel (CFC Germania 03)<\/p>\n<h3>Abg\u00e4nge<\/h3>\n<p>Niclas Dolg, Charles Okubire (beide ESV Lok G\u00fcsten), Sebastian Spinn (SV Sportlust Gr\u00f6na), Benedikt Holze (SC Bernburg II.),&nbsp; Mick Eisner, Tobias Westphal (SG Neuborna 62), Julian Steckhahn, Matthias Helbig, Jonas Habenreich&nbsp; (SG Neuborna 62), Dennis Kr\u00fcger (unbekannt),<\/p>\n<div class><b class><u class>Trainerwechsel bei der 1. M\u00e4nnermannschaft<\/u><\/b><\/div>\n<div class>Der&nbsp;<span class=\"align-baseline inline entity-underline cursor-pointer hover:entity-accent\">SV Einheit Bernburg<\/span>&nbsp;hat sich dazu entschieden, auf der Trainerposition der 1. Mannschaft eine Ver\u00e4nderung vorzunehmen.<\/div>\n<div class>Der Verein bedankt sich bei Marcel Lehmann ausdr\u00fccklich f\u00fcr sein Engagement, seine geleistete Arbeit und seinen Einsatz f\u00fcr die Mannschaft und den Verein. Mit Marcel wurde vor 3 Jahren der Aufstieg in die Landeskasse perfekt gemacht, sowie in den letzten beiden Spielzeiten und der Klassenerhalt geschafft! Wir w\u00fcnschen ihm f\u00fcr die private und sportliche Zukunft alles Gute und weiterhin viel Erfolg.<br>\nAuch der zwischenzeitliche Co-Trainer Matthias K\u00fcrschner hat die Mannschaft verlassen. Auch ihm danken wir f\u00fcr seinen Einsatz und w\u00fcnschen wir f\u00fcr die Zukunft alles Gute.<\/div>\n<\/div>\n<\/td>\n<\/tr>\n<\/tbody>\n<\/table>\n<p>&nbsp;<\/p>\n","protected":false},"excerpt":{"rendered":"<p>SV Einheit Bernburg Landesklasse &#8211; 2025\/26 Unsere 1.Herren war in der zur\u00fcckliegenden Saison der Staffel 5 der Landesklasse (Raum Halle u. Umgebung) zugeordnet worden. Hier wurde ein gepflegter technischer Fu\u00dfball gespielt. F\u00fcr unsere M\u00e4nner dauerte es bis zum letzten Saisondrittel, ehe sie sich endlich in dieser Staffel aklimatisiert hatten. Das schafften sie aber noch rechtzeitig [&hellip;]<\/p>\n","protected":false},"author":3,"featured_media":0,"parent":31747,"menu_order":0,"comment_status":"closed","ping_status":"closed","template":"","meta":{"footnotes":""},"_links":{"self":[{"href":"https:\/\/einheit-bernburg.de\/content\/index.php?rest_route=\/wp\/v2\/pages\/232"}],"collection":[{"href":"https:\/\/einheit-bernburg.de\/content\/index.php?rest_route=\/wp\/v2\/pages"}],"about":[{"href":"https:\/\/einheit-bernburg.de\/content\/index.php?rest_route=\/wp\/v2\/types\/page"}],"author":[{"embeddable":true,"href":"https:\/\/einheit-bernburg.de\/content\/index.php?rest_route=\/wp\/v2\/users\/3"}],"replies":[{"embeddable":true,"href":"https:\/\/einheit-bernburg.de\/content\/index.php?rest_route=%2Fwp%2Fv2%2Fcomments&post=232"}],"version-history":[{"count":116,"href":"https:\/\/einheit-bernburg.de\/content\/index.php?rest_route=\/wp\/v2\/pages\/232\/revisions"}],"predecessor-version":[{"id":44876,"href":"https:\/\/einheit-bernburg.de\/content\/index.php?rest_route=\/wp\/v2\/pages\/232\/revisions\/44876"}],"up":[{"embeddable":true,"href":"https:\/\/einheit-bernburg.de\/content\/index.php?rest_route=\/wp\/v2\/pages\/31747"}],"wp:attachment":[{"href":"https:\/\/einheit-bernburg.de\/content\/index.php?rest_route=%2Fwp%2Fv2%2Fmedia&parent=232"}],"curies":[{"name":"wp","href":"https:\/\/api.w.org\/{rel}","templated":true}]}}