{"id":233,"date":"2015-09-15T09:36:31","date_gmt":"2015-09-15T08:36:31","guid":{"rendered":"http:\/\/einheit-bernburg.de\/content\/?page_id=233"},"modified":"2026-02-17T18:25:49","modified_gmt":"2026-02-17T17:25:49","slug":"kader-u-zielstellung","status":"publish","type":"page","link":"https:\/\/einheit-bernburg.de\/content\/?page_id=233","title":{"rendered":"Kader u. Zielstellung 2. Herren"},"content":{"rendered":"<h1>SV Einheit Bernburg II<\/h1>\n<h3>1. Kreisklasse\u00a0 2025\/26<\/h3>\n<p>Die Mannschaft landete in der letzten Saison mit Platz 7 und 40 erreichten Punkten einen guten Mittelfeldplatz, konnte aber nicht an die beiden vorangegangenen Spieljahre ankn\u00fcpfen. Daf\u00fcr war man zu unbest\u00e4ndig. Dieses Spieljahr soll das mit verj\u00fcngtem Kader (Spieler, die aus den A-Junioren hochr\u00fccken) und dem neuem ehrgeizigem Trainergespann, Ricardo Kupka und Thortsen Rehfeld) wieder anders werden.<br \/>\n<strong>Wir w\u00fcnschen\u00a0 dem Kollektiv viel Erfolg f\u00fcr die neue Saison!<\/strong><\/p>\n<hr \/>\n<div class=\"su-table su-table-alternate\">\n<table style=\"width: 54.9109%;height: 306px\">\n<tbody>\n<tr style=\"height: 120px\">\n<td style=\"width: 28.6497%;height: 120px\"><strong>Ansprechpartner<\/strong><\/td>\n<td style=\"height: 120px;width: 83.0469%\">Norbert Lehmann (Vermittler Herrenbereich)<br \/>\nMobil: 0172 \/ 938 88 89<\/td>\n<\/tr>\n<tr style=\"height: 24px\">\n<td style=\"width: 28.6497%;height: 24px\"><strong>Trainingszeiten<\/strong><\/td>\n<td style=\"height: 24px;width: 83.0469%\">Montag u. Mittwoch 18:30 &#8211; 20:00 Uhr (Einheit-Sportplatz)<\/td>\n<\/tr>\n<tr style=\"height: 24px\">\n<td style=\"width: 28.6497%;height: 24px\"><strong>\u00a0<\/strong><\/td>\n<td style=\"height: 24px;width: 83.0469%\"><strong>Winter<\/strong><strong><br \/>\n<\/strong><\/td>\n<\/tr>\n<tr>\n<td style=\"width: 28.6497%\"><strong>Kunstrasen<\/strong><\/td>\n<td style=\"width: 83.0469%\">Mo, 18:00 Uhr &#8211; 19:00 Uhr<br \/>\nMi, 19:00 Uhr &#8211; 20:30 Uhr<\/td>\n<\/tr>\n<tr style=\"height: 48px\">\n<td style=\"width: 28.6497%;height: 48px\"><strong>Hallentraining<br \/>\n<\/strong><\/td>\n<td style=\"height: 48px;width: 83.0469%\">Mittwoch, 19:00 Uhr &#8211; 20:30 Uhr Sporthalle T\u00f6pferwiese<br \/>\n26.11.2025 &#8211; 25.02.2026<\/td>\n<\/tr>\n<tr style=\"height: 24px\">\n<td style=\"width: 28.6497%;height: 24px\"><strong>Trainer<\/strong><\/td>\n<td style=\"height: 24px;width: 83.0469%\">Ricardo Kupka\u00a0 \u00a0 \u00a0 &#8211; Mobil: 01525 &#8211; 580 36 19<\/td>\n<\/tr>\n<tr style=\"height: 18px\">\n<td style=\"width: 28.6497%;height: 18px\"><strong>Trainer<br \/>\n<\/strong><\/td>\n<td style=\"height: 18px;width: 83.0469%\">Thorsten Rehfeld\u00a0 &#8211; Mobil: 01577 &#8211; 373 87 12<\/td>\n<\/tr>\n<tr style=\"height: 24px\">\n<td style=\"width: 28.6497%;height: 24px\"><strong>Betreuer<\/strong><\/td>\n<td style=\"height: 24px;width: 83.0469%\"><\/td>\n<\/tr>\n<tr style=\"height: 24px\">\n<td style=\"width: 28.6497%;height: 24px\"><strong>Zielstellung<\/strong><\/td>\n<td style=\"height: 24px;width: 83.0469%\">Ein Platz im vorderen Mittelfeld<\/td>\n<\/tr>\n<\/tbody>\n<\/table>\n<\/div>\n<hr \/>\n<h3>Kader<\/h3>\n\n<table id=\"tablepress-139\" class=\"tablepress tablepress-id-139\">\n<thead>\n<tr class=\"row-1 odd\">\n\t<th class=\"column-1\">Name<\/th><th class=\"column-2\">Vorname<\/th><th class=\"column-3\">Jahrgang<\/th><th class=\"column-4\">Zug\u00e4nge (woher)<\/th>\n<\/tr>\n<\/thead>\n<tbody>\n<tr class=\"row-2 even\">\n\t<td class=\"column-1\">Einheit<\/td><td class=\"column-2\"><\/td><td class=\"column-3\"><\/td><td class=\"column-4\"><\/td>\n<\/tr>\n<tr class=\"row-3 odd\">\n\t<td class=\"column-1\">Beck<\/td><td class=\"column-2\">Robert<\/td><td class=\"column-3\">1996<\/td><td class=\"column-4\"><\/td>\n<\/tr>\n<tr class=\"row-4 even\">\n\t<td class=\"column-1\">Doley<\/td><td class=\"column-2\">Leon<\/td><td class=\"column-3\">2006<\/td><td class=\"column-4\">SVE A-Jun.<\/td>\n<\/tr>\n<tr class=\"row-5 odd\">\n\t<td class=\"column-1\">Engelke<\/td><td class=\"column-2\">Sebastian<\/td><td class=\"column-3\">1983<\/td><td class=\"column-4\"><\/td>\n<\/tr>\n<tr class=\"row-6 even\">\n\t<td class=\"column-1\">Erdmann<\/td><td class=\"column-2\">Bastian Matthias<\/td><td class=\"column-3\">2006<\/td><td class=\"column-4\">SC Bernburg<\/td>\n<\/tr>\n<tr class=\"row-7 odd\">\n\t<td class=\"column-1\">Haiduk<\/td><td class=\"column-2\">Denys<\/td><td class=\"column-3\">1984<\/td><td class=\"column-4\">Ukraine<\/td>\n<\/tr>\n<tr class=\"row-8 even\">\n\t<td class=\"column-1\">Hauschild<\/td><td class=\"column-2\">Kevin<\/td><td class=\"column-3\">2006<\/td><td class=\"column-4\">SVE reaktiviert<\/td>\n<\/tr>\n<tr class=\"row-9 odd\">\n\t<td class=\"column-1\">Hellmann<\/td><td class=\"column-2\">Florian<\/td><td class=\"column-3\">2006<\/td><td class=\"column-4\">SVE A-Jun.<\/td>\n<\/tr>\n<tr class=\"row-10 even\">\n\t<td class=\"column-1\">Henke<\/td><td class=\"column-2\">Maximilian Frank<\/td><td class=\"column-3\">1998<\/td><td class=\"column-4\"><\/td>\n<\/tr>\n<tr class=\"row-11 odd\">\n\t<td class=\"column-1\">Henze<\/td><td class=\"column-2\">Peter<\/td><td class=\"column-3\">1983<\/td><td class=\"column-4\"><\/td>\n<\/tr>\n<tr class=\"row-12 even\">\n\t<td class=\"column-1\">Hoffmann<\/td><td class=\"column-2\">Nico<\/td><td class=\"column-3\">2993<\/td><td class=\"column-4\">Sportlust Gr\u00f6na<\/td>\n<\/tr>\n<tr class=\"row-13 odd\">\n\t<td class=\"column-1\">Homri<\/td><td class=\"column-2\">Amin<\/td><td class=\"column-3\">2002<\/td><td class=\"column-4\"><\/td>\n<\/tr>\n<tr class=\"row-14 even\">\n\t<td class=\"column-1\">Homri<\/td><td class=\"column-2\">Habib<\/td><td class=\"column-3\">1994<\/td><td class=\"column-4\"><\/td>\n<\/tr>\n<tr class=\"row-15 odd\">\n\t<td class=\"column-1\">Ilgenstein<\/td><td class=\"column-2\">Lukas<\/td><td class=\"column-3\">2004<\/td><td class=\"column-4\"><\/td>\n<\/tr>\n<tr class=\"row-16 even\">\n\t<td class=\"column-1\">Kupka <\/td><td class=\"column-2\">Leroy<\/td><td class=\"column-3\">1997<\/td><td class=\"column-4\"><\/td>\n<\/tr>\n<tr class=\"row-17 odd\">\n\t<td class=\"column-1\">Landgrabe<\/td><td class=\"column-2\">Christian<\/td><td class=\"column-3\">1987<\/td><td class=\"column-4\"><\/td>\n<\/tr>\n<tr class=\"row-18 even\">\n\t<td class=\"column-1\">Kupka<\/td><td class=\"column-2\">Ricardo<\/td><td class=\"column-3\">1989<\/td><td class=\"column-4\"><\/td>\n<\/tr>\n<tr class=\"row-19 odd\">\n\t<td class=\"column-1\">Lill<\/td><td class=\"column-2\">Julien<\/td><td class=\"column-3\">2006<\/td><td class=\"column-4\">SVE A-Jun<\/td>\n<\/tr>\n<tr class=\"row-20 even\">\n\t<td class=\"column-1\">Mehrholz<\/td><td class=\"column-2\">Philipp<\/td><td class=\"column-3\">1992<\/td><td class=\"column-4\"><\/td>\n<\/tr>\n<tr class=\"row-21 odd\">\n\t<td class=\"column-1\">Olschinka<\/td><td class=\"column-2\">Max - Jonas<\/td><td class=\"column-3\">2000<\/td><td class=\"column-4\"><\/td>\n<\/tr>\n<tr class=\"row-22 even\">\n\t<td class=\"column-1\">Schon<\/td><td class=\"column-2\">Leonardo<\/td><td class=\"column-3\">2006<\/td><td class=\"column-4\">SVE A-Jun.<\/td>\n<\/tr>\n<tr class=\"row-23 odd\">\n\t<td class=\"column-1\">Schr\u00f6ter<\/td><td class=\"column-2\">Oliver<\/td><td class=\"column-3\">2004<\/td><td class=\"column-4\"><\/td>\n<\/tr>\n<tr class=\"row-24 even\">\n\t<td class=\"column-1\">Shami<\/td><td class=\"column-2\">Nael<\/td><td class=\"column-3\">1995<\/td><td class=\"column-4\"><\/td>\n<\/tr>\n<tr class=\"row-25 odd\">\n\t<td class=\"column-1\">Souschek<\/td><td class=\"column-2\">Jonas<\/td><td class=\"column-3\">1997<\/td><td class=\"column-4\"><\/td>\n<\/tr>\n<tr class=\"row-26 even\">\n\t<td class=\"column-1\">Thiele<\/td><td class=\"column-2\">Karl<\/td><td class=\"column-3\">1994<\/td><td class=\"column-4\"><\/td>\n<\/tr>\n<tr class=\"row-27 odd\">\n\t<td class=\"column-1\">Voigt<\/td><td class=\"column-2\">Ren\u00e9<\/td><td class=\"column-3\">1986<\/td><td class=\"column-4\"><\/td>\n<\/tr>\n<tr class=\"row-28 even\">\n\t<td class=\"column-1\"><\/td><td class=\"column-2\"><\/td><td class=\"column-3\"><\/td><td class=\"column-4\"><\/td>\n<\/tr>\n<\/tbody>\n<\/table>\n\n<p><span style=\"text-decoration: underline;\"><strong>Zug\u00e4nge:<\/strong><\/span><strong><br \/>\n<\/strong>Leon Doley, Florian Hellmann, Julien Lill, Leonardo Schoon (alle SVE A-Jun.), Bastian Erdmann (SC Bernburg), Kevin Hauschild (reaktiviert)<strong><br \/>\n<\/strong><br \/>\n<span style=\"text-decoration: underline;\"><strong>Abg\u00e4nge:<\/strong><\/span><br \/>\nBenedikt Holze, Raouf Mazouz (beide SC Bernburg II.), Tom Reinhard (unbekannt), Sebastian Spinn (Gr\u00f6na), Charles Okubire (Lok G\u00fcsten), Arman Kalashyan (SC Bernburg), Michael Apel, Nico Spach<\/p>\n","protected":false},"excerpt":{"rendered":"<p>SV Einheit Bernburg II 1. Kreisklasse\u00a0 2025\/26 Die Mannschaft landete in der letzten Saison mit Platz 7 und 40 erreichten Punkten einen guten Mittelfeldplatz, konnte aber nicht an die beiden vorangegangenen Spieljahre ankn\u00fcpfen. Daf\u00fcr war man zu unbest\u00e4ndig. Dieses Spieljahr soll das mit verj\u00fcngtem Kader (Spieler, die aus den A-Junioren hochr\u00fccken) und dem neuem ehrgeizigem [&hellip;]<\/p>\n","protected":false},"author":3,"featured_media":0,"parent":19,"menu_order":0,"comment_status":"closed","ping_status":"closed","template":"","meta":{"footnotes":""},"_links":{"self":[{"href":"https:\/\/einheit-bernburg.de\/content\/index.php?rest_route=\/wp\/v2\/pages\/233"}],"collection":[{"href":"https:\/\/einheit-bernburg.de\/content\/index.php?rest_route=\/wp\/v2\/pages"}],"about":[{"href":"https:\/\/einheit-bernburg.de\/content\/index.php?rest_route=\/wp\/v2\/types\/page"}],"author":[{"embeddable":true,"href":"https:\/\/einheit-bernburg.de\/content\/index.php?rest_route=\/wp\/v2\/users\/3"}],"replies":[{"embeddable":true,"href":"https:\/\/einheit-bernburg.de\/content\/index.php?rest_route=%2Fwp%2Fv2%2Fcomments&post=233"}],"version-history":[{"count":78,"href":"https:\/\/einheit-bernburg.de\/content\/index.php?rest_route=\/wp\/v2\/pages\/233\/revisions"}],"predecessor-version":[{"id":44513,"href":"https:\/\/einheit-bernburg.de\/content\/index.php?rest_route=\/wp\/v2\/pages\/233\/revisions\/44513"}],"up":[{"embeddable":true,"href":"https:\/\/einheit-bernburg.de\/content\/index.php?rest_route=\/wp\/v2\/pages\/19"}],"wp:attachment":[{"href":"https:\/\/einheit-bernburg.de\/content\/index.php?rest_route=%2Fwp%2Fv2%2Fmedia&parent=233"}],"curies":[{"name":"wp","href":"https:\/\/api.w.org\/{rel}","templated":true}]}}