{"id":23311,"date":"2020-07-08T10:52:58","date_gmt":"2020-07-08T08:52:58","guid":{"rendered":"http:\/\/einheit-bernburg.de\/content\/?page_id=23311"},"modified":"2020-07-08T10:53:19","modified_gmt":"2020-07-08T08:53:19","slug":"a-junioren","status":"publish","type":"page","link":"https:\/\/einheit-bernburg.de\/content\/?page_id=23311","title":{"rendered":"Archiv A-Junioren 2019\/20"},"content":{"rendered":"<div class=\"content\">\n<h1 class=\"aufm\">Spg. Askania Bernburg\/Einheit Bernburg<\/h1>\n<h3 class=\"aufm\">Landesliga Staffel 2 &#8211; 2019\/20<\/h3>\n<p><a href=\"http:\/\/einheit-bernburg.de\/content\/wp-content\/uploads\/2019\/09\/A-Junioren-Askania-Einheit-2019-20.jpeg\"><noscript><img decoding=\"async\" class=\"alignnone wp-image-20880 size-full\" src=\"http:\/\/einheit-bernburg.de\/content\/wp-content\/uploads\/2019\/09\/A-Junioren-Askania-Einheit-2019-20.jpeg\" alt width=\"2000\" height=\"1333\" srcset=\"https:\/\/einheit-bernburg.de\/content\/wp-content\/uploads\/2019\/09\/A-Junioren-Askania-Einheit-2019-20.jpeg 2000w, https:\/\/einheit-bernburg.de\/content\/wp-content\/uploads\/2019\/09\/A-Junioren-Askania-Einheit-2019-20-300x200.jpeg 300w, https:\/\/einheit-bernburg.de\/content\/wp-content\/uploads\/2019\/09\/A-Junioren-Askania-Einheit-2019-20-768x512.jpeg 768w, https:\/\/einheit-bernburg.de\/content\/wp-content\/uploads\/2019\/09\/A-Junioren-Askania-Einheit-2019-20-1024x682.jpeg 1024w, https:\/\/einheit-bernburg.de\/content\/wp-content\/uploads\/2019\/09\/A-Junioren-Askania-Einheit-2019-20-1080x720.jpeg 1080w\" sizes=\"(max-width: 2000px) 100vw, 2000px\"><\/noscript><img decoding=\"async\" class=\"alignnone wp-image-20880 size-full lazyload\" src=\"data:image\/svg+xml,%3Csvg%20xmlns%3D%22http%3A%2F%2Fwww.w3.org%2F2000%2Fsvg%22%20viewBox%3D%220%200%202000%201333%22%3E%3C%2Fsvg%3E\" alt width=\"2000\" height=\"1333\" srcset=\"data:image\/svg+xml,%3Csvg%20xmlns%3D%22http%3A%2F%2Fwww.w3.org%2F2000%2Fsvg%22%20viewBox%3D%220%200%202000%201333%22%3E%3C%2Fsvg%3E 2000w\" sizes=\"(max-width: 2000px) 100vw, 2000px\" data-srcset=\"https:\/\/einheit-bernburg.de\/content\/wp-content\/uploads\/2019\/09\/A-Junioren-Askania-Einheit-2019-20.jpeg 2000w, https:\/\/einheit-bernburg.de\/content\/wp-content\/uploads\/2019\/09\/A-Junioren-Askania-Einheit-2019-20-300x200.jpeg 300w, https:\/\/einheit-bernburg.de\/content\/wp-content\/uploads\/2019\/09\/A-Junioren-Askania-Einheit-2019-20-768x512.jpeg 768w, https:\/\/einheit-bernburg.de\/content\/wp-content\/uploads\/2019\/09\/A-Junioren-Askania-Einheit-2019-20-1024x682.jpeg 1024w, https:\/\/einheit-bernburg.de\/content\/wp-content\/uploads\/2019\/09\/A-Junioren-Askania-Einheit-2019-20-1080x720.jpeg 1080w\" data-src=\"http:\/\/einheit-bernburg.de\/content\/wp-content\/uploads\/2019\/09\/A-Junioren-Askania-Einheit-2019-20.jpeg\"><\/a><\/p>\n<div>Hinten v.l.: Bennet Weigel, Anton Bauermeister, Felix G\u00fcnther, Joris Heine, Arved Muhlack<\/div>\n<div>Mitte v.l.:<br>\nMarkus Becker (TR), Niklas Tausch, Nils Fahland, Jamie D\u00f6ring, Niklas Meixner, Tim Ebeling, Ousmane Diallo, Yannis Zenker, Frank Schinke (Co-TR)<\/div>\n<div>Vorn v.l.: Steven Christmann, Hannes Kre\u00df, Pascal Wedding, Tim <span class=\"cmp_parsed_location\" data-cmp_parsed_location_name=\"Schmalenberg\" data-cmp_parsed_location_weather=\"K07340044\" data-cmp_parsed_location_other=\"0\" data-ce-class=\"Locations\">Schmalenberg<\/span>, <span title=\"Azeez Kuforiji | Spielrecht bei Askania Bernburg\">Azeez Kuforiji<\/span><\/div>\n<div><\/div>\n<div>Es fehlen: Arman Kalashyan, Justin Hegewald, Moritz Hecht<\/div>\n<\/div>\n<hr>\n<p><a class=\"submenu\" href=\"http:\/\/einheit-bernburg.de\/content\/?page_id=23360\" target=\"_blank\" rel=\"noopener noreferrer\"><noscript><img decoding=\"async\" src=\"http:\/\/einheit-bernburg.de\/off\/images\/redsys\/link.gif\" alt border=\"0\"><\/noscript><img decoding=\"async\" src=\"data:image\/gif;base64,R0lGODlhAQABAIAAAAAAAP\/\/\/yH5BAEAAAAALAAAAAABAAEAAAIBRAA7\" alt border=\"0\" data-src=\"http:\/\/einheit-bernburg.de\/off\/images\/redsys\/link.gif\" class=\" lazyload\">&nbsp;Kader u. Zielstellung<\/a><\/p>\n<p><a class=\"submenu\" href=\"http:\/\/www.fussball.de\/spieltagsuebersicht\/landesliga-a-jun-staffel-6-sachsen-anhalt-a-junioren-landesliga-a-junioren-saison1516-sachsen-anhalt\/-\/staffel\/01OPP4VDC8000001VV0AG813VSIPV1RQ-G#!\/section\/stage\" target=\"_blank\" rel=\"noopener noreferrer\"><noscript><img decoding=\"async\" src=\"http:\/\/einheit-bernburg.de\/off\/images\/redsys\/link.gif\" alt border=\"0\"><\/noscript><img decoding=\"async\" src=\"data:image\/gif;base64,R0lGODlhAQABAIAAAAAAAP\/\/\/yH5BAEAAAAALAAAAAABAAEAAAIBRAA7\" alt border=\"0\" data-src=\"http:\/\/einheit-bernburg.de\/off\/images\/redsys\/link.gif\" class=\" lazyload\"><\/a> <a href=\"http:\/\/www.fussball.de\/spieltagsuebersicht\/a-junioren-landesliga-st-2-sachsen-anhalt-a-junioren-landesliga-a-junioren-saison1920-sachsen-anhalt\/-\/staffel\/027MVQ5FM0000004VS5489B4VTN1DS1I-G#!\/\">Spielplan u. Tabelle Landesliga St.2<\/a><\/p>\n<p><a class=\"submenu\" href=\"http:\/\/www.fussball.de\/spieltagsuebersicht\/landesliga-a-jun-staffel-6-sachsen-anhalt-a-junioren-landesliga-a-junioren-saison1516-sachsen-anhalt\/-\/staffel\/01OPP4VDC8000001VV0AG813VSIPV1RQ-G#!\/section\/stage\" target=\"_blank\" rel=\"noopener noreferrer\"><noscript><img decoding=\"async\" src=\"http:\/\/einheit-bernburg.de\/off\/images\/redsys\/link.gif\" alt border=\"0\"><\/noscript><img decoding=\"async\" src=\"data:image\/gif;base64,R0lGODlhAQABAIAAAAAAAP\/\/\/yH5BAEAAAAALAAAAAABAAEAAAIBRAA7\" alt border=\"0\" data-src=\"http:\/\/einheit-bernburg.de\/off\/images\/redsys\/link.gif\" class=\" lazyload\"><\/a> <a href=\"http:\/\/einheit-bernburg.de\/content\/wp-content\/uploads\/2019\/07\/RTP-NW-2019-05-08_Junioren_2019_20.pdf\">RTP-NW (Land) 2019\/20<\/a><\/p>\n<p><strong>\u00dcber die abgelaufene Saison 2018\/19 kann man sich ausf\u00fchrlich im Archiv informieren<\/strong>.<\/p>\n<hr>\n<h1>News u. Spielberichte<\/h1>\n<hr>\n<h3><span style=\"text-decoration: underline;\">Punktspiele Landesliga St.2<\/span><\/h3>\n<p><em>Da diese Mannschaft leider keine Spielberichte bzw. Kurzinformationen zu ihren Spielen liefert, halten wir es zuk\u00fcnftig f\u00fcr ausreichend, wenn man sich \u00fcber den Link oben, &#8222;Spielplan u. Tabelle&#8220;, \u00fcber die aktuellen Spiele informieren kann.<\/em><\/p>\n<hr>\n<p><span style=\"text-decoration: underline;\"><strong>Testspiele<\/strong><\/span><\/p>\n<p><strong>15.02.2020 <\/strong>11:00 Uhr Spg. Askania-Einheit Bernburg &#8211; Magdeburger SV B\u00f6rde<strong><br>\n05.02.2020 <\/strong>18:30 Uhr Spg. Askania-Einheit Bernburg &#8211; SV Einheit Bernburg (1Herren) <strong>1:2 (0:0)<br>\n<\/strong><\/p>\n<hr>\n<p><strong>05.01.2020: Hallenturnier in Barbleben<\/strong><br>\n<a href=\"http:\/\/einheit-bernburg.de\/content\/wp-content\/uploads\/2020\/01\/A-Jun.-1.Pl-HT-Barleben-05.01.20.jpg\"><noscript><img decoding=\"async\" class=\"alignnone wp-image-21855 size-full\" src=\"http:\/\/einheit-bernburg.de\/content\/wp-content\/uploads\/2020\/01\/A-Jun.-1.Pl-HT-Barleben-05.01.20.jpg\" alt width=\"1300\" height=\"731\" srcset=\"https:\/\/einheit-bernburg.de\/content\/wp-content\/uploads\/2020\/01\/A-Jun.-1.Pl-HT-Barleben-05.01.20.jpg 1300w, https:\/\/einheit-bernburg.de\/content\/wp-content\/uploads\/2020\/01\/A-Jun.-1.Pl-HT-Barleben-05.01.20-300x169.jpg 300w, https:\/\/einheit-bernburg.de\/content\/wp-content\/uploads\/2020\/01\/A-Jun.-1.Pl-HT-Barleben-05.01.20-768x432.jpg 768w, https:\/\/einheit-bernburg.de\/content\/wp-content\/uploads\/2020\/01\/A-Jun.-1.Pl-HT-Barleben-05.01.20-1024x576.jpg 1024w, https:\/\/einheit-bernburg.de\/content\/wp-content\/uploads\/2020\/01\/A-Jun.-1.Pl-HT-Barleben-05.01.20-1080x607.jpg 1080w\" sizes=\"(max-width: 1300px) 100vw, 1300px\"><\/noscript><img decoding=\"async\" class=\"alignnone wp-image-21855 size-full lazyload\" src=\"data:image\/svg+xml,%3Csvg%20xmlns%3D%22http%3A%2F%2Fwww.w3.org%2F2000%2Fsvg%22%20viewBox%3D%220%200%201300%20731%22%3E%3C%2Fsvg%3E\" alt width=\"1300\" height=\"731\" srcset=\"data:image\/svg+xml,%3Csvg%20xmlns%3D%22http%3A%2F%2Fwww.w3.org%2F2000%2Fsvg%22%20viewBox%3D%220%200%201300%20731%22%3E%3C%2Fsvg%3E 1300w\" sizes=\"(max-width: 1300px) 100vw, 1300px\" data-srcset=\"https:\/\/einheit-bernburg.de\/content\/wp-content\/uploads\/2020\/01\/A-Jun.-1.Pl-HT-Barleben-05.01.20.jpg 1300w, https:\/\/einheit-bernburg.de\/content\/wp-content\/uploads\/2020\/01\/A-Jun.-1.Pl-HT-Barleben-05.01.20-300x169.jpg 300w, https:\/\/einheit-bernburg.de\/content\/wp-content\/uploads\/2020\/01\/A-Jun.-1.Pl-HT-Barleben-05.01.20-768x432.jpg 768w, https:\/\/einheit-bernburg.de\/content\/wp-content\/uploads\/2020\/01\/A-Jun.-1.Pl-HT-Barleben-05.01.20-1024x576.jpg 1024w, https:\/\/einheit-bernburg.de\/content\/wp-content\/uploads\/2020\/01\/A-Jun.-1.Pl-HT-Barleben-05.01.20-1080x607.jpg 1080w\" data-src=\"http:\/\/einheit-bernburg.de\/content\/wp-content\/uploads\/2020\/01\/A-Jun.-1.Pl-HT-Barleben-05.01.20.jpg\"><\/a><br>\n<strong>A &#8211; Junioren der KOOP sichern sich den Siegerpokal<\/strong><\/p>\n<hr>\n<p><span style=\"text-decoration: underline;\"><strong>27.10.2019 7.Spieltag<\/strong><\/span><br>\nSG Askania Bernburg\/Einheit Bernburg &#8211; SV Germania Neinstedt <strong>3:2 (1:2)<\/strong><\/p>\n<p><span style=\"text-decoration: underline;\"><strong>20.10.2019 6.Spieltag<\/strong><\/span><br>\nSG Harz &#8211; Ilsenburg &#8211; SG Askania Bernburg\/Einheit Bernburg <strong>8:3 (5:1)<\/strong><\/p>\n<p><span style=\"text-decoration: underline;\"><strong>27.09.2019 5.Spieltag<\/strong><\/span><br>\nSG Askania Bernburg\/Einheit Bernburg &#8211; SV 09 Sta\u00dffurt <strong>2:1 (1:1)<\/strong><\/p>\n<p><span style=\"text-decoration: underline;\"><strong>22.09.2019&nbsp; 4.Spieltag<\/strong><\/span><br>\nSV Langenstein &#8211; SG Askania Bernburg\/Einheit Bernburg <strong>2:3 (1:1)<\/strong><\/p>\n<p><span style=\"text-decoration: underline;\"><strong>08.09.2019&nbsp; 3.Spieltag<\/strong><\/span><br>\nSG Askania Bernburg\/Einheit Bernburg &#8211; Harsleber SV Germania <strong>5:0 (3:0)<\/strong><\/p>\n<p><span style=\"text-decoration: underline;\"><strong>01.09.2019&nbsp; 2.Spieltag<\/strong><\/span><br>\nSV Germania Gernrode &#8211; SG Askania Bernburg\/Einheit Bernburg <strong>3:2 (3:0)<\/strong><\/p>\n<p><span style=\"text-decoration: underline;\"><strong>25.08.2019&nbsp; 1.Spieltag<\/strong><\/span><br>\nSG Askania Bernburg\/Einheit Bernburg &#8211; Germania Wernigerode <strong>6:2 (3:1)<\/strong><\/p>\n<hr>\n<p><strong>15.09.2019 Kreispokal &#8211; Finalturnier in Neugattersleben &#8211; 2.Platz<br>\n<\/strong><a href=\"http:\/\/einheit-bernburg.de\/content\/wp-content\/uploads\/2019\/09\/IMG-20190915-WA0007.jpg\"><noscript><img decoding=\"async\" class=\"alignnone size-medium wp-image-20789\" src=\"http:\/\/einheit-bernburg.de\/content\/wp-content\/uploads\/2019\/09\/IMG-20190915-WA0007-300x149.jpg\" alt width=\"300\" height=\"149\" srcset=\"https:\/\/einheit-bernburg.de\/content\/wp-content\/uploads\/2019\/09\/IMG-20190915-WA0007-300x149.jpg 300w, https:\/\/einheit-bernburg.de\/content\/wp-content\/uploads\/2019\/09\/IMG-20190915-WA0007-768x383.jpg 768w, https:\/\/einheit-bernburg.de\/content\/wp-content\/uploads\/2019\/09\/IMG-20190915-WA0007-1024x510.jpg 1024w, https:\/\/einheit-bernburg.de\/content\/wp-content\/uploads\/2019\/09\/IMG-20190915-WA0007-1080x538.jpg 1080w, https:\/\/einheit-bernburg.de\/content\/wp-content\/uploads\/2019\/09\/IMG-20190915-WA0007.jpg 1600w\" sizes=\"(max-width: 300px) 100vw, 300px\"><\/noscript><img decoding=\"async\" class=\"alignnone size-medium wp-image-20789 lazyload\" src=\"data:image\/svg+xml,%3Csvg%20xmlns%3D%22http%3A%2F%2Fwww.w3.org%2F2000%2Fsvg%22%20viewBox%3D%220%200%20300%20149%22%3E%3C%2Fsvg%3E\" alt width=\"300\" height=\"149\" srcset=\"data:image\/svg+xml,%3Csvg%20xmlns%3D%22http%3A%2F%2Fwww.w3.org%2F2000%2Fsvg%22%20viewBox%3D%220%200%20300%20149%22%3E%3C%2Fsvg%3E 300w\" sizes=\"(max-width: 300px) 100vw, 300px\" data-srcset=\"https:\/\/einheit-bernburg.de\/content\/wp-content\/uploads\/2019\/09\/IMG-20190915-WA0007-300x149.jpg 300w, https:\/\/einheit-bernburg.de\/content\/wp-content\/uploads\/2019\/09\/IMG-20190915-WA0007-768x383.jpg 768w, https:\/\/einheit-bernburg.de\/content\/wp-content\/uploads\/2019\/09\/IMG-20190915-WA0007-1024x510.jpg 1024w, https:\/\/einheit-bernburg.de\/content\/wp-content\/uploads\/2019\/09\/IMG-20190915-WA0007-1080x538.jpg 1080w, https:\/\/einheit-bernburg.de\/content\/wp-content\/uploads\/2019\/09\/IMG-20190915-WA0007.jpg 1600w\" data-src=\"http:\/\/einheit-bernburg.de\/content\/wp-content\/uploads\/2019\/09\/IMG-20190915-WA0007-300x149.jpg\"><\/a>&nbsp; Die beteiligten Mannschaften<\/p>\n<p>Bericht zum A &#8211; Junioren Pokalturnier<br>\n<strong>Sta\u00dffurt sichert sich den Kreispokal vor unserem KOOP &#8211; Team<br>\n<\/strong><em>(hla).<\/em> Da nur drei Mannschaften der A-Junioren f\u00fcr den Kreispokal spielberechtigt waren, hatte sich der KFV Fu\u00dfball Salzland zur Siegerermittlung f\u00fcr ein Turnier entschieden. So hatten alle drei Teams Wettbewerbsgleichheit und jeweils zwei Spiele \u00fcber 2x 30 Minuten. Am Ende gab es sicherlich beim Siegerteam bessere Mienen, als bei den platzierten Mannschaften.<br>\nEtwa 70 Zuschauer auf der Sportanlage in Neugattersleben brauchten ihr Kommen bei bestem Fu\u00dfballwetter nicht zu bereuen und wurden auch noch mit 28 Toren belohnt.<br>\nDa im Vorfeld die SG Atzendorf\/Welsleben sicherlich nur Au\u00dfenseiterchancen auf den Titel hatte, hatte das Er\u00f6ffnungsspiel schon eine echte Brisanz. Mit der fr\u00fchen F\u00fchrung im R\u00fccken zeigte die 09-Spieler eine gute Leistung. Sie wirkten in der Zweikampff\u00fchrung, Ballsicherheit und auch im Zusammenspiel st\u00e4rker. Sie nutzten dazu mit gutem technischem und raumgreifendem Spiel ihre fu\u00dfballerischen Vorteile, kamen so nur selten in Gefahr und waren nach dem zweiten Treffer endg\u00fcltig auf der Siegerstra\u00dfe.<br>\nDie beiden nachfolgenden Spiele waren \u00fcber weite Strecken eine recht einseitige Angelegenheit der Siegermannschaften. Zwar waren die Akteure aus Atzendorf und Welsleben immer bem\u00fcht, doch es fehlte ihnen einfach an Qualit\u00e4t gegen\u00fcber ihren Gegenspielern. Zudem stellte die SG auch noch das j\u00fcngste und in dieser Altersklasse unerfahrenste Team. Dazu kam im Match gegen die Kreisst\u00e4dter noch der Kr\u00e4fteverschlei\u00df, weil sie hintereinander ihre Spiele austragen mussten. Die Askkania\/Einheit-Spieler zeigten im Schlussmatch aber auch gute Leistung in der finalen Angriffszone.<br>\nAm Ende war es sicherlich eine gelungene Veranstaltung von etwas Neuem und k\u00f6nnte ein Zukunftsmodell werden, wenn sich die Mannschaftszahl nicht grundlegend wieder erh\u00f6ht.<\/p>\n<p><strong>SV 09 Sta\u00dffurt \u2013 SG Askania\/Einheit Bernburg 3:1 (1:0)<br>\n<\/strong>Tore: 1:0, 2:0 Paul Zimmermann (12., 47.), 3:0 Nick Arendt (54.), 3:1 Steven Christmann (60.); SR: Falko Karls (Neugattersleben)<\/p>\n<p><strong>SV 09 Sta\u00dffurt \u2013 SG Atzendorf\/Welsleben 9:1 (5:0)<br>\n<\/strong>Tore: 1:0 Amon van Linthout (2.), 2:0 Paul Zimmermann (7.), 3:0 Amon van Lithout (11.), 4:0 Max Neumann (17.), 5:0 Florian G\u00fcnther (26.), 6:0 Amon van Linthout (41.), 6:1 Nick Eisner (46.), 7:1 Torben Z\u00f6ger (52.), 8:1 Amon van Linthout (57.), 9:1 Dominique Kunze (59.); SR: Torsten Priefer (Neundorf)<\/p>\n<p><strong>SG Askania\/Einheit Bernburg \u2013 SG Atzendorf\/Welsleben 14:0 (7:0)<br>\n<\/strong>Tore: 1:0 Nils Erik Fahland (3.), 2:0, 3:0 Tim Ebeling (4., 6.), 4:0 Steven Chrismann (9.), 5:0 Nils Erik Fahland (17.), 6:0 Steven Christmann (21.), 7:0 Tim Ebeling (27.), 8:0 Hannes Kress (42.), 9:0 Steven Christmann (43.), 10:0 Bennet Weigelt (47.), 11:0 Hannes Kress (50.), 12:0 Bennet Weigelt (54.), 13:0 Hannes Kress (56.), 14:0 Moritz Hecht (59.); SR: Marius N\u00fcrnberg (Schneidlingen)<br>\n<a href=\"http:\/\/einheit-bernburg.de\/content\/wp-content\/uploads\/2019\/09\/Pokalturnier-A.pdf\">(Ausschreibung)<\/a>&nbsp; u. <a href=\"http:\/\/www.fussball.de\/spieltag\/runde-1-kreis-salzland-a-junioren-kreispokal-a-junioren-saison1920-sachsen-anhalt\/-\/staffel\/028475H9E0000000VS5489B4VVBOB3G2-R#!\/section\/matches\">(Ergebnis\u00fcbersicht)<\/a><\/p>\n<hr>\n<h3><span style=\"text-decoration: underline;\">Tespiele:<\/span><\/h3>\n<p><span style=\"text-decoration: underline;\"><strong>11.08.2019&nbsp; Ansto\u00df: 13:00 Uhr<\/strong><\/span><br>\nUnion 1861 Sch\u00f6nebeck &#8211; SG Askania Bernburg\/Einheit Bernburg <strong>3:2 (0:1) <\/strong><a href=\"http:\/\/einheit-bernburg.de\/content\/wp-content\/uploads\/2019\/08\/Pressebericht2-840011045-1.pdf\"><em>(Statistik)<\/em><\/a><\/p>\n","protected":false},"excerpt":{"rendered":"<p>Spg. Askania Bernburg\/Einheit Bernburg Landesliga Staffel 2 &#8211; 2019\/20 Hinten v.l.: Bennet Weigel, Anton Bauermeister, Felix G\u00fcnther, Joris Heine, Arved Muhlack Mitte v.l.: Markus Becker (TR), Niklas Tausch, Nils Fahland, Jamie D\u00f6ring, Niklas Meixner, Tim Ebeling, Ousmane Diallo, Yannis Zenker, Frank Schinke (Co-TR) Vorn v.l.: Steven Christmann, Hannes Kre\u00df, Pascal Wedding, Tim Schmalenberg, Azeez Kuforiji [&hellip;]<\/p>\n","protected":false},"author":3,"featured_media":0,"parent":22967,"menu_order":2,"comment_status":"closed","ping_status":"open","template":"","meta":{"footnotes":""},"_links":{"self":[{"href":"https:\/\/einheit-bernburg.de\/content\/index.php?rest_route=\/wp\/v2\/pages\/23311"}],"collection":[{"href":"https:\/\/einheit-bernburg.de\/content\/index.php?rest_route=\/wp\/v2\/pages"}],"about":[{"href":"https:\/\/einheit-bernburg.de\/content\/index.php?rest_route=\/wp\/v2\/types\/page"}],"author":[{"embeddable":true,"href":"https:\/\/einheit-bernburg.de\/content\/index.php?rest_route=\/wp\/v2\/users\/3"}],"replies":[{"embeddable":true,"href":"https:\/\/einheit-bernburg.de\/content\/index.php?rest_route=%2Fwp%2Fv2%2Fcomments&post=23311"}],"version-history":[{"count":2,"href":"https:\/\/einheit-bernburg.de\/content\/index.php?rest_route=\/wp\/v2\/pages\/23311\/revisions"}],"predecessor-version":[{"id":23363,"href":"https:\/\/einheit-bernburg.de\/content\/index.php?rest_route=\/wp\/v2\/pages\/23311\/revisions\/23363"}],"up":[{"embeddable":true,"href":"https:\/\/einheit-bernburg.de\/content\/index.php?rest_route=\/wp\/v2\/pages\/22967"}],"wp:attachment":[{"href":"https:\/\/einheit-bernburg.de\/content\/index.php?rest_route=%2Fwp%2Fv2%2Fmedia&parent=23311"}],"curies":[{"name":"wp","href":"https:\/\/api.w.org\/{rel}","templated":true}]}}