{"id":23441,"date":"2020-07-08T10:59:53","date_gmt":"2020-07-08T08:59:53","guid":{"rendered":"http:\/\/einheit-bernburg.de\/content\/?page_id=23441"},"modified":"2020-07-08T10:59:53","modified_gmt":"2020-07-08T08:59:53","slug":"kader-u-zielstellung-b1-junioren","status":"publish","type":"page","link":"https:\/\/einheit-bernburg.de\/content\/?page_id=23441","title":{"rendered":"Archiv Kader u. Zielstellung B-Junioren 2019\/20"},"content":{"rendered":"<h1 class=\"aufm\">Spg. Askania Bernburg\/Einheit Bernburg<\/h1>\n<h3>Landesliga Staffel 2 &#8211; 2019\/20<\/h3>\n<p>Die B &#8211; Junioren der KOOP Askania-Einheit Bernburg k\u00f6nnen auf eine sehr erfolgreiche zur\u00fcckliegende Saison zur\u00fcckblicken. Neben einem starken 4.Platz in der Landesliga Staffel 2, wurden sie auch noch Hallenkreismeister und Kreispokalsieger. Dazu unterst\u00fctzten sie Woche f\u00fcr Woche auch noch die Landesliga A-Junioren der KOOP, um deren Spielbetrieb aufrecht zu erhalten.<br \/>\nAuch in dieser Saison werden sie wieder eine gute Rolle spielen, allerdings unter neuer F\u00fchrung. Da Trainer Christoph Stephan, dem wir f\u00fcr seine sehr gute Arbeit danken, neue Aufgaben \u00fcbernehmen m\u00f6chte, \u00fcbernimmt mit <strong>Roland Busch<\/strong> und <strong>Steffen Grasshoff<\/strong> ein Trainergespann die Mannschaft.<br \/>\nWir w\u00fcnschen dem gesamten Kollektiv eine erfolgreiche Saison 2019\/20.<\/p>\n<hr \/>\n<div class=\"su-table su-table-alternate\">\n<table style=\"width: 651.5px\">\n<tbody>\n<tr>\n<td style=\"width: 161.5px\"><strong>Ansprechpartner<\/strong><\/td>\n<td style=\"width: 490px\">Markus Becker (Jugendleiter &#8211; Askania) Mobil: 0160 \/ 973 796 29<\/p>\n<p>Lothar Kral (Sportlicher Leiter &#8211; Einheit)<br \/>\nTel.: 03471 \/ 311868, Mobil: 0162 \/ 435 66 23<\/td>\n<\/tr>\n<tr>\n<td style=\"width: 161.5px\"><strong>Trainingszeit<\/strong><\/td>\n<td style=\"width: 490px\">Mittwoch u. Freitag 17:00 &#8211; 18:30 Uhr Askania &#8211; Sportplatz<\/td>\n<\/tr>\n<tr>\n<td style=\"width: 161.5px\"><strong>Hallentraining<br \/>\n<\/strong><\/td>\n<td style=\"width: 490px\"><\/td>\n<\/tr>\n<tr>\n<td style=\"width: 161.5px\"><strong>Kunstrasen<br \/>\n<\/strong><\/td>\n<td style=\"width: 490px\"><\/td>\n<\/tr>\n<tr>\n<td style=\"width: 161.5px\"><strong>Trainer<\/strong><\/td>\n<td style=\"width: 490px\">Roland Busch \u00a0 \u00a0 \u00a0 \u00a0 \u00a0\u00a0\u00a0\u00a0\u00a0\u00a0\u00a0\u00a0\u00a0\u00a0\u00a0 Mobil: <span class=\"cmp_parsed_phone\" data-cmp_parsed_phone=\"+491706589029\" data-ce-class=\"Phones\">0177 \/ 811 30 02<br \/>\n<\/span><\/td>\n<\/tr>\n<tr>\n<td style=\"width: 161.5px\"><strong>Trainer<\/strong><\/td>\n<td style=\"width: 490px\">Steffen Grasshoff \u00a0\u00a0\u00a0\u00a0\u00a0\u00a0\u00a0\u00a0\u00a0\u00a0\u00a0\u00a0\u00a0 Mobil: 0157 \/ 536 248 72<\/td>\n<\/tr>\n<tr>\n<td style=\"width: 161.5px\"><strong>Betreuer<\/strong><\/td>\n<td style=\"width: 490px\"><\/td>\n<\/tr>\n<tr>\n<td style=\"width: 161.5px\"><strong>Zielstellung<\/strong><\/td>\n<td style=\"width: 490px\">Attraktiver freudef\u00f6rdernder Fu\u00dfball<\/td>\n<\/tr>\n<\/tbody>\n<\/table>\n<\/div>\n<hr \/>\n<h3>Kader<\/h3>\n\n<table id=\"tablepress-69\" class=\"tablepress tablepress-id-69\">\n<thead>\n<tr class=\"row-1 odd\">\n\t<th class=\"column-1\">Name<\/th><th class=\"column-2\">Vorname<\/th><th class=\"column-3\">Jahrgang<\/th><th class=\"column-4\">Vereinszugeh\u00f6rigkeit<\/th><th class=\"column-5\"><\/th><th class=\"column-6\"><\/th><th class=\"column-7\"><\/th><th class=\"column-8\"><\/th>\n<\/tr>\n<\/thead>\n<tbody>\n<tr class=\"row-2 even\">\n\t<td class=\"column-1\">Podstawka<\/td><td class=\"column-2\">Niklas<\/td><td class=\"column-3\">2003<\/td><td class=\"column-4\">TV Askania Bernburg<\/td><td class=\"column-5\"><\/td><td class=\"column-6\"><\/td><td class=\"column-7\"><\/td><td class=\"column-8\"><\/td>\n<\/tr>\n<tr class=\"row-3 odd\">\n\t<td class=\"column-1\"><\/td><td class=\"column-2\"><\/td><td class=\"column-3\"><\/td><td class=\"column-4\"><\/td><td class=\"column-5\"><\/td><td class=\"column-6\"><\/td><td class=\"column-7\"><\/td><td class=\"column-8\"><\/td>\n<\/tr>\n<tr class=\"row-4 even\">\n\t<td class=\"column-1\">Bindszus<\/td><td class=\"column-2\">Luca<\/td><td class=\"column-3\">2004<\/td><td class=\"column-4\">TV Askania Bernburg<\/td><td class=\"column-5\"><\/td><td class=\"column-6\"><\/td><td class=\"column-7\"><\/td><td class=\"column-8\"><\/td>\n<\/tr>\n<tr class=\"row-5 odd\">\n\t<td class=\"column-1\">Jaenicke<\/td><td class=\"column-2\">Finn Aric<\/td><td class=\"column-3\">2004<\/td><td class=\"column-4\">TV Askania Bernburg<\/td><td class=\"column-5\"><\/td><td class=\"column-6\"><\/td><td class=\"column-7\"><\/td><td class=\"column-8\"><\/td>\n<\/tr>\n<tr class=\"row-6 even\">\n\t<td class=\"column-1\">Kaiser<\/td><td class=\"column-2\">Justin<\/td><td class=\"column-3\">2005<\/td><td class=\"column-4\">TV Askania Bernburg<\/td><td class=\"column-5\"><\/td><td class=\"column-6\"><\/td><td class=\"column-7\"><\/td><td class=\"column-8\"><\/td>\n<\/tr>\n<tr class=\"row-7 odd\">\n\t<td class=\"column-1\">Krishteyn<\/td><td class=\"column-2\">Arthur<\/td><td class=\"column-3\">2004<\/td><td class=\"column-4\">TV Askania Bernburg<\/td><td class=\"column-5\"><\/td><td class=\"column-6\"><\/td><td class=\"column-7\"><\/td><td class=\"column-8\"><\/td>\n<\/tr>\n<tr class=\"row-8 even\">\n\t<td class=\"column-1\">Lange<\/td><td class=\"column-2\">Justin Maurice<\/td><td class=\"column-3\">2004<\/td><td class=\"column-4\">TV Askania Bernburg<\/td><td class=\"column-5\"><\/td><td class=\"column-6\"><\/td><td class=\"column-7\"><\/td><td class=\"column-8\"><\/td>\n<\/tr>\n<tr class=\"row-9 odd\">\n\t<td class=\"column-1\">Lange<\/td><td class=\"column-2\">Franz<\/td><td class=\"column-3\">2006<\/td><td class=\"column-4\">TV Askania Bernburg<\/td><td class=\"column-5\"><\/td><td class=\"column-6\"><\/td><td class=\"column-7\"><\/td><td class=\"column-8\"><\/td>\n<\/tr>\n<tr class=\"row-10 even\">\n\t<td class=\"column-1\">Marx<\/td><td class=\"column-2\">Jonas<\/td><td class=\"column-3\">2004<\/td><td class=\"column-4\">TV Askania Bernburg<\/td><td class=\"column-5\"><\/td><td class=\"column-6\"><\/td><td class=\"column-7\"><\/td><td class=\"column-8\"><\/td>\n<\/tr>\n<tr class=\"row-11 odd\">\n\t<td class=\"column-1\">M\u00fcller<\/td><td class=\"column-2\">Justin<\/td><td class=\"column-3\">2004<\/td><td class=\"column-4\">TV Askania Bernburg<\/td><td class=\"column-5\"><\/td><td class=\"column-6\"><\/td><td class=\"column-7\"><\/td><td class=\"column-8\"><\/td>\n<\/tr>\n<tr class=\"row-12 even\">\n\t<td class=\"column-1\">Rosenburg<\/td><td class=\"column-2\">Lucas<\/td><td class=\"column-3\">2004<\/td><td class=\"column-4\">TV Askania Bernburg<\/td><td class=\"column-5\"><\/td><td class=\"column-6\"><\/td><td class=\"column-7\"><\/td><td class=\"column-8\"><\/td>\n<\/tr>\n<tr class=\"row-13 odd\">\n\t<td class=\"column-1\">Tolias<\/td><td class=\"column-2\">Ioannis<\/td><td class=\"column-3\">2004<\/td><td class=\"column-4\">TV Askania Bernburg<\/td><td class=\"column-5\"><\/td><td class=\"column-6\"><\/td><td class=\"column-7\"><\/td><td class=\"column-8\"><\/td>\n<\/tr>\n<tr class=\"row-14 even\">\n\t<td class=\"column-1\">Tolias <\/td><td class=\"column-2\">Nikolaos<\/td><td class=\"column-3\">2004<\/td><td class=\"column-4\">TV Askania Bernburg<\/td><td class=\"column-5\"><\/td><td class=\"column-6\"><\/td><td class=\"column-7\"><\/td><td class=\"column-8\"><\/td>\n<\/tr>\n<tr class=\"row-15 odd\">\n\t<td class=\"column-1\"><\/td><td class=\"column-2\"><\/td><td class=\"column-3\"><\/td><td class=\"column-4\"><\/td><td class=\"column-5\"><\/td><td class=\"column-6\"><\/td><td class=\"column-7\"><\/td><td class=\"column-8\"><\/td>\n<\/tr>\n<tr class=\"row-16 even\">\n\t<td class=\"column-1\">Heller<\/td><td class=\"column-2\">Eric<\/td><td class=\"column-3\">2004<\/td><td class=\"column-4\">TV Askania Bernburg<\/td><td class=\"column-5\"><\/td><td class=\"column-6\"><\/td><td class=\"column-7\"><\/td><td class=\"column-8\"><\/td>\n<\/tr>\n<tr class=\"row-17 odd\">\n\t<td class=\"column-1\">Hensel<\/td><td class=\"column-2\">Dylan<\/td><td class=\"column-3\">2004<\/td><td class=\"column-4\">SV Einheit Bernburg<\/td><td class=\"column-5\"><\/td><td class=\"column-6\"><\/td><td class=\"column-7\"><\/td><td class=\"column-8\"><\/td>\n<\/tr>\n<tr class=\"row-18 even\">\n\t<td class=\"column-1\">Herold<\/td><td class=\"column-2\">Tom Vincent<\/td><td class=\"column-3\">2004<\/td><td class=\"column-4\">SV Einheit Bernburg<\/td><td class=\"column-5\"><\/td><td class=\"column-6\"><\/td><td class=\"column-7\"><\/td><td class=\"column-8\"><\/td>\n<\/tr>\n<tr class=\"row-19 odd\">\n\t<td class=\"column-1\">Ilgenstein <\/td><td class=\"column-2\">Lukas<\/td><td class=\"column-3\">2004<\/td><td class=\"column-4\">SV Einheit Bernburg<\/td><td class=\"column-5\"><\/td><td class=\"column-6\"><\/td><td class=\"column-7\"><\/td><td class=\"column-8\"><\/td>\n<\/tr>\n<tr class=\"row-20 even\">\n\t<td class=\"column-1\">Kalashyan<\/td><td class=\"column-2\">Rafik<\/td><td class=\"column-3\">2004<\/td><td class=\"column-4\">SV Einheit Bernburg<\/td><td class=\"column-5\"><\/td><td class=\"column-6\"><\/td><td class=\"column-7\"><\/td><td class=\"column-8\"><\/td>\n<\/tr>\n<tr class=\"row-21 odd\">\n\t<td class=\"column-1\">Kumar<\/td><td class=\"column-2\">Alies Bijesh<\/td><td class=\"column-3\">2004<\/td><td class=\"column-4\">SV Einheit Bernburg<\/td><td class=\"column-5\"><\/td><td class=\"column-6\"><\/td><td class=\"column-7\"><\/td><td class=\"column-8\"><\/td>\n<\/tr>\n<tr class=\"row-22 even\">\n\t<td class=\"column-1\">Matthias <\/td><td class=\"column-2\">Nils<\/td><td class=\"column-3\">2004<\/td><td class=\"column-4\">SV Einheit Bernburg<\/td><td class=\"column-5\"><\/td><td class=\"column-6\"><\/td><td class=\"column-7\"><\/td><td class=\"column-8\"><\/td>\n<\/tr>\n<tr class=\"row-23 odd\">\n\t<td class=\"column-1\">M\u00fcller<\/td><td class=\"column-2\">Justin<\/td><td class=\"column-3\">2004<\/td><td class=\"column-4\">TV Askania Bernburg<\/td><td class=\"column-5\"><\/td><td class=\"column-6\"><\/td><td class=\"column-7\"><\/td><td class=\"column-8\"><\/td>\n<\/tr>\n<\/tbody>\n<\/table>\n\n","protected":false},"excerpt":{"rendered":"<p>Spg. Askania Bernburg\/Einheit Bernburg Landesliga Staffel 2 &#8211; 2019\/20 Die B &#8211; Junioren der KOOP Askania-Einheit Bernburg k\u00f6nnen auf eine sehr erfolgreiche zur\u00fcckliegende Saison zur\u00fcckblicken. Neben einem starken 4.Platz in der Landesliga Staffel 2, wurden sie auch noch Hallenkreismeister und Kreispokalsieger. Dazu unterst\u00fctzten sie Woche f\u00fcr Woche auch noch die Landesliga A-Junioren der KOOP, um [&hellip;]<\/p>\n","protected":false},"author":3,"featured_media":0,"parent":23374,"menu_order":0,"comment_status":"closed","ping_status":"closed","template":"","meta":{"footnotes":""},"_links":{"self":[{"href":"https:\/\/einheit-bernburg.de\/content\/index.php?rest_route=\/wp\/v2\/pages\/23441"}],"collection":[{"href":"https:\/\/einheit-bernburg.de\/content\/index.php?rest_route=\/wp\/v2\/pages"}],"about":[{"href":"https:\/\/einheit-bernburg.de\/content\/index.php?rest_route=\/wp\/v2\/types\/page"}],"author":[{"embeddable":true,"href":"https:\/\/einheit-bernburg.de\/content\/index.php?rest_route=\/wp\/v2\/users\/3"}],"replies":[{"embeddable":true,"href":"https:\/\/einheit-bernburg.de\/content\/index.php?rest_route=%2Fwp%2Fv2%2Fcomments&post=23441"}],"version-history":[{"count":1,"href":"https:\/\/einheit-bernburg.de\/content\/index.php?rest_route=\/wp\/v2\/pages\/23441\/revisions"}],"predecessor-version":[{"id":23442,"href":"https:\/\/einheit-bernburg.de\/content\/index.php?rest_route=\/wp\/v2\/pages\/23441\/revisions\/23442"}],"up":[{"embeddable":true,"href":"https:\/\/einheit-bernburg.de\/content\/index.php?rest_route=\/wp\/v2\/pages\/23374"}],"wp:attachment":[{"href":"https:\/\/einheit-bernburg.de\/content\/index.php?rest_route=%2Fwp%2Fv2%2Fmedia&parent=23441"}],"curies":[{"name":"wp","href":"https:\/\/api.w.org\/{rel}","templated":true}]}}