{"id":24192,"date":"2020-08-04T11:15:46","date_gmt":"2020-08-04T09:15:46","guid":{"rendered":"http:\/\/einheit-bernburg.de\/content\/?page_id=24192"},"modified":"2020-08-04T11:15:46","modified_gmt":"2020-08-04T09:15:46","slug":"kader-u-zielstellung-g-junioren-sv-einheit-bernburg","status":"publish","type":"page","link":"https:\/\/einheit-bernburg.de\/content\/?page_id=24192","title":{"rendered":"Archiv Kader u. Zielstellung F \u2013 Junioren 2019\/20"},"content":{"rendered":"<h1 class=\"aufm\">SV Einheit Bernburg<\/h1>\n<h3 class=\"aufm\">Fair &#8211; Play Liga 2019 \/ 20<\/h3>\n<p>Die KOOP stellt in diesem Jahr nur ein F &#8211; Juniorenteam. Dieses besteht haupts\u00e4chlich aus Spielern der letztj\u00e4hrigen F2 &#8211; Junioren (SV Einheit Bernburg) und es sto\u00dfen einige Spieler aus dem Bambiniteam des letzten Jahres hinzu, w\u00e4hrend einige Spieler diese Altersklasse Richtung E-Junioren verlassen haben. Die Mannschaft stellt einen ausgewogenen, aber auch gro\u00dfen Kader dar und es wird in der Kunst der Trainer liegen, wie sie alle Spieler in zufriedenstellendem Ma\u00dfe einsetzen werden. Jetzt, mit vielen Spielern des \u00e4lteren Jahrgangs best\u00fcckt, sollte die Mannschaft einen leistungsm\u00e4\u00dfigen Sprung vollziehen, wobei trotzdem Freude und Spa\u00df weiter im Vordergrund stehen werden.<br \/>\n<strong>Wir w\u00fcnschen den Trainern mit ihrem Kollektiv eine erfolgreiche Saison.<\/strong><\/p>\n<div class=\"su-table su-table-alternate\">\n<table>\n<tbody>\n<tr>\n<td><strong>Ansprechpartner<\/strong><\/td>\n<td>Lothar Kral (Sportlicher Leiter-Einheit) Mobil: 0162 &#8211; 435 66 23<br \/>\nMarkus Becker (Jugendleiter &#8211; Askania) Mobil: 0160 &#8211; 973 796 29<\/td>\n<\/tr>\n<tr>\n<td><strong>Trainingszeit<\/strong><\/td>\n<td>Montag\u00a0 u. Donnerstag \u00a0\u00a0 17:30 Uhr &#8211; 18:30 Uhr Einheit &#8211; Sportplatz<\/td>\n<\/tr>\n<tr>\n<td><strong>Hallentraining<br \/>\n<\/strong><\/td>\n<td><\/td>\n<\/tr>\n<tr>\n<td><strong>Kunstrasen<\/strong><\/td>\n<td><\/td>\n<\/tr>\n<tr>\n<td><strong>Trainer<\/strong><\/td>\n<td>Jonas Souschek: \u00a0\u00a0\u00a0\u00a0\u00a0\u00a0\u00a0\u00a0\u00a0 Mobil: 0163 &#8211; 201 21 56<br \/>\nMarc Wiltner: \u00a0\u00a0\u00a0\u00a0\u00a0\u00a0\u00a0\u00a0\u00a0\u00a0\u00a0\u00a0\u00a0\u00a0 Mobil: 0157 &#8211; 582 300 65<\/td>\n<\/tr>\n<tr>\n<td><strong>Co &#8211; Trainer<br \/>\n<\/strong><\/td>\n<td>Mathias Angermann:\u00a0\u00a0 Mobil: 0170 &#8211; 333 19 01<\/td>\n<\/tr>\n<tr>\n<td><strong>Zielstellung<\/strong><\/td>\n<td>Fair-Play Liga \/ Spiele ohne Wertung, trotzdem will man sich weiter entwickeln.<\/td>\n<\/tr>\n<\/tbody>\n<\/table>\n<\/div>\n<hr \/>\n<h3>Kader<\/h3>\n\n<table id=\"tablepress-75\" class=\"tablepress tablepress-id-75\">\n<thead>\n<tr class=\"row-1 odd\">\n\t<th class=\"column-1\">Name<\/th><th class=\"column-2\">Vorname<\/th><th class=\"column-3\">Jahrgang<\/th><th class=\"column-4\">Herkunft<\/th><th class=\"column-5\"><\/th><th class=\"column-6\"><\/th><th class=\"column-7\"><\/th><th class=\"column-8\"><\/th>\n<\/tr>\n<\/thead>\n<tbody>\n<tr class=\"row-2 even\">\n\t<td class=\"column-1\">Barchend<\/td><td class=\"column-2\">Niklas<\/td><td class=\"column-3\">2012<\/td><td class=\"column-4\">Einheit<\/td><td class=\"column-5\"><\/td><td class=\"column-6\"><\/td><td class=\"column-7\"><\/td><td class=\"column-8\"><\/td>\n<\/tr>\n<tr class=\"row-3 odd\">\n\t<td class=\"column-1\">Borkowski<\/td><td class=\"column-2\">Leon<\/td><td class=\"column-3\">2012<\/td><td class=\"column-4\">Einheit<\/td><td class=\"column-5\"><\/td><td class=\"column-6\"><\/td><td class=\"column-7\"><\/td><td class=\"column-8\"><\/td>\n<\/tr>\n<tr class=\"row-4 even\">\n\t<td class=\"column-1\">Brehme<\/td><td class=\"column-2\">Johannes<\/td><td class=\"column-3\">2012<\/td><td class=\"column-4\">Einheit<\/td><td class=\"column-5\"><\/td><td class=\"column-6\"><\/td><td class=\"column-7\"><\/td><td class=\"column-8\"><\/td>\n<\/tr>\n<tr class=\"row-5 odd\">\n\t<td class=\"column-1\">Hartenstein<\/td><td class=\"column-2\">Lukas<\/td><td class=\"column-3\">2012<\/td><td class=\"column-4\">Einheit<\/td><td class=\"column-5\"><\/td><td class=\"column-6\"><\/td><td class=\"column-7\"><\/td><td class=\"column-8\"><\/td>\n<\/tr>\n<tr class=\"row-6 even\">\n\t<td class=\"column-1\">Fischmann<\/td><td class=\"column-2\">Nils<\/td><td class=\"column-3\">2012<\/td><td class=\"column-4\">Einheit<\/td><td class=\"column-5\"><\/td><td class=\"column-6\"><\/td><td class=\"column-7\"><\/td><td class=\"column-8\"><\/td>\n<\/tr>\n<tr class=\"row-7 odd\">\n\t<td class=\"column-1\"><\/td><td class=\"column-2\"><\/td><td class=\"column-3\"><\/td><td class=\"column-4\"><\/td><td class=\"column-5\"><\/td><td class=\"column-6\"><\/td><td class=\"column-7\"><\/td><td class=\"column-8\"><\/td>\n<\/tr>\n<tr class=\"row-8 even\">\n\t<td class=\"column-1\">Angermann<\/td><td class=\"column-2\">Max Elias<\/td><td class=\"column-3\">2011<\/td><td class=\"column-4\">Einheit<\/td><td class=\"column-5\"><\/td><td class=\"column-6\"><\/td><td class=\"column-7\"><\/td><td class=\"column-8\"><\/td>\n<\/tr>\n<tr class=\"row-9 odd\">\n\t<td class=\"column-1\">Bestehorn<\/td><td class=\"column-2\">Aaron<\/td><td class=\"column-3\">2011<\/td><td class=\"column-4\">Einheit<\/td><td class=\"column-5\"><\/td><td class=\"column-6\"><\/td><td class=\"column-7\"><\/td><td class=\"column-8\"><\/td>\n<\/tr>\n<tr class=\"row-10 even\">\n\t<td class=\"column-1\">Hecht<\/td><td class=\"column-2\">Philipp<\/td><td class=\"column-3\">2011<\/td><td class=\"column-4\">Askania<\/td><td class=\"column-5\"><\/td><td class=\"column-6\"><\/td><td class=\"column-7\"><\/td><td class=\"column-8\"><\/td>\n<\/tr>\n<tr class=\"row-11 odd\">\n\t<td class=\"column-1\">Janek <\/td><td class=\"column-2\">Finja Minette<\/td><td class=\"column-3\">2011<\/td><td class=\"column-4\">Einheit<\/td><td class=\"column-5\"><\/td><td class=\"column-6\"><\/td><td class=\"column-7\"><\/td><td class=\"column-8\"><\/td>\n<\/tr>\n<tr class=\"row-12 even\">\n\t<td class=\"column-1\">Korn <\/td><td class=\"column-2\">Laurin<\/td><td class=\"column-3\">2011<\/td><td class=\"column-4\">Einheit<\/td><td class=\"column-5\"><\/td><td class=\"column-6\"><\/td><td class=\"column-7\"><\/td><td class=\"column-8\"><\/td>\n<\/tr>\n<tr class=\"row-13 odd\">\n\t<td class=\"column-1\">Krug<\/td><td class=\"column-2\">Lionel Mathias<\/td><td class=\"column-3\">2011<\/td><td class=\"column-4\">Einheit<\/td><td class=\"column-5\"><\/td><td class=\"column-6\"><\/td><td class=\"column-7\"><\/td><td class=\"column-8\"><\/td>\n<\/tr>\n<tr class=\"row-14 even\">\n\t<td class=\"column-1\">Kurbneshi<\/td><td class=\"column-2\">Adrian<\/td><td class=\"column-3\">2011<\/td><td class=\"column-4\">Einheit<\/td><td class=\"column-5\"><\/td><td class=\"column-6\"><\/td><td class=\"column-7\"><\/td><td class=\"column-8\"><\/td>\n<\/tr>\n<tr class=\"row-15 odd\">\n\t<td class=\"column-1\">M\u00fcller<\/td><td class=\"column-2\">Toni<\/td><td class=\"column-3\">2011<\/td><td class=\"column-4\">Einheit<\/td><td class=\"column-5\"><\/td><td class=\"column-6\"><\/td><td class=\"column-7\"><\/td><td class=\"column-8\"><\/td>\n<\/tr>\n<tr class=\"row-16 even\">\n\t<td class=\"column-1\">Schrader<\/td><td class=\"column-2\">Hugo<\/td><td class=\"column-3\">2011<\/td><td class=\"column-4\">Einheit<\/td><td class=\"column-5\"><\/td><td class=\"column-6\"><\/td><td class=\"column-7\"><\/td><td class=\"column-8\"><\/td>\n<\/tr>\n<tr class=\"row-17 odd\">\n\t<td class=\"column-1\">Schulz<\/td><td class=\"column-2\">Max<\/td><td class=\"column-3\">2011<\/td><td class=\"column-4\">Einheit<\/td><td class=\"column-5\"><\/td><td class=\"column-6\"><\/td><td class=\"column-7\"><\/td><td class=\"column-8\"><\/td>\n<\/tr>\n<tr class=\"row-18 even\">\n\t<td class=\"column-1\">Schwarz<\/td><td class=\"column-2\">Nico<\/td><td class=\"column-3\">2011<\/td><td class=\"column-4\">Einheit<\/td><td class=\"column-5\"><\/td><td class=\"column-6\"><\/td><td class=\"column-7\"><\/td><td class=\"column-8\"><\/td>\n<\/tr>\n<tr class=\"row-19 odd\">\n\t<td class=\"column-1\">Sluschny<\/td><td class=\"column-2\">Jason Ryan<\/td><td class=\"column-3\">2011<\/td><td class=\"column-4\">Einheit<\/td><td class=\"column-5\"><\/td><td class=\"column-6\"><\/td><td class=\"column-7\"><\/td><td class=\"column-8\"><\/td>\n<\/tr>\n<tr class=\"row-20 even\">\n\t<td class=\"column-1\">Stutz<\/td><td class=\"column-2\">Oliver Jack<\/td><td class=\"column-3\">2011<\/td><td class=\"column-4\">Einheit<\/td><td class=\"column-5\"><\/td><td class=\"column-6\"><\/td><td class=\"column-7\"><\/td><td class=\"column-8\"><\/td>\n<\/tr>\n<\/tbody>\n<\/table>\n\n","protected":false},"excerpt":{"rendered":"<p>SV Einheit Bernburg Fair &#8211; Play Liga 2019 \/ 20 Die KOOP stellt in diesem Jahr nur ein F &#8211; Juniorenteam. Dieses besteht haupts\u00e4chlich aus Spielern der letztj\u00e4hrigen F2 &#8211; Junioren (SV Einheit Bernburg) und es sto\u00dfen einige Spieler aus dem Bambiniteam des letzten Jahres hinzu, w\u00e4hrend einige Spieler diese Altersklasse Richtung E-Junioren verlassen haben. [&hellip;]<\/p>\n","protected":false},"author":3,"featured_media":0,"parent":24124,"menu_order":0,"comment_status":"closed","ping_status":"closed","template":"","meta":{"footnotes":""},"_links":{"self":[{"href":"https:\/\/einheit-bernburg.de\/content\/index.php?rest_route=\/wp\/v2\/pages\/24192"}],"collection":[{"href":"https:\/\/einheit-bernburg.de\/content\/index.php?rest_route=\/wp\/v2\/pages"}],"about":[{"href":"https:\/\/einheit-bernburg.de\/content\/index.php?rest_route=\/wp\/v2\/types\/page"}],"author":[{"embeddable":true,"href":"https:\/\/einheit-bernburg.de\/content\/index.php?rest_route=\/wp\/v2\/users\/3"}],"replies":[{"embeddable":true,"href":"https:\/\/einheit-bernburg.de\/content\/index.php?rest_route=%2Fwp%2Fv2%2Fcomments&post=24192"}],"version-history":[{"count":1,"href":"https:\/\/einheit-bernburg.de\/content\/index.php?rest_route=\/wp\/v2\/pages\/24192\/revisions"}],"predecessor-version":[{"id":24193,"href":"https:\/\/einheit-bernburg.de\/content\/index.php?rest_route=\/wp\/v2\/pages\/24192\/revisions\/24193"}],"up":[{"embeddable":true,"href":"https:\/\/einheit-bernburg.de\/content\/index.php?rest_route=\/wp\/v2\/pages\/24124"}],"wp:attachment":[{"href":"https:\/\/einheit-bernburg.de\/content\/index.php?rest_route=%2Fwp%2Fv2%2Fmedia&parent=24192"}],"curies":[{"name":"wp","href":"https:\/\/api.w.org\/{rel}","templated":true}]}}