{"id":24262,"date":"2020-08-04T11:18:53","date_gmt":"2020-08-04T09:18:53","guid":{"rendered":"http:\/\/einheit-bernburg.de\/content\/?page_id=24262"},"modified":"2020-08-04T11:18:53","modified_gmt":"2020-08-04T09:18:53","slug":"kader-u-zielstellung-g-junioren-sv-einheit-bernburg","status":"publish","type":"page","link":"https:\/\/einheit-bernburg.de\/content\/?page_id=24262","title":{"rendered":"Archiv Kader u. Zielstellung G-Junioren 2019\/20"},"content":{"rendered":"<h1 class=\"aufm\">SV Einheit Bernburg<\/h1>\n<h3>Bambini Fair-Play &#8211; Liga 2019\/20<\/h3>\n<p>Der SV Einheit Bernburg kann in dieser Altersklasse auf eine gro\u00dfe Tradition zur\u00fcckblicken. Hier werden die Kindern spielerisch, auch mit kleinen Gesellschaftsspielen, an den Fu\u00dfballsport herangef\u00fchrt. Das gelang unseren jeweiligen \u00dcbungsleitern, bis auf wenige Ausnahmen, in den ganzen Jahren meist hervorragend. So auch im letzten Spieljahr unter dem\u00a0 schon erfahrenen Trainer Maik M\u00fcller. Nachdem die Mannschaft neu aufgebaut werden musste, waren nat\u00fcrlich Anfangsprobleme da und Geduld gefragt. Diese Geduld zahlte sich schlie\u00dflich, wie in fr\u00fcheren Jahren aus und f\u00fchrte dazu, dass das inzwischen gefestigte Kollektiv zu achtbaren Leistungen fand und zum Saisonende hin mit den Spitzenteams mithalten konnte. Sehr geholfen hat dem Trainer auch die tolle Mitarbeit von einigen Vatis. Dankesch\u00f6n daf\u00fcr &#8211; vielleicht klappt das in dieser Saison auch wieder.<br \/>\nAuf alle F\u00e4lle sind wir zuversichtlich, dass die Kinder unter dieser bew\u00e4hrten F\u00fchrung\u00a0 auch in diesem Spieljahr jede Menge Spa\u00df haben und sich positiv entwickeln werden.<br \/>\nDazu w\u00fcnschen wir dem Trainer, sowie seinem Kollektiv viel Erfolg und vor allem Freude und Spa\u00df!<\/p>\n<hr \/>\n<div class=\"su-table su-table-alternate\">\n<table>\n<tbody>\n<tr>\n<td style=\"width: 25%\"><strong>Ansprechpartner<\/strong><\/td>\n<td>Lothar Kral (Sportlicher Leiter)<\/p>\n<p>Tel.: 03471 \/ 311868, Mobil: 0177 \/ 939 42 32<\/td>\n<\/tr>\n<tr>\n<td style=\"width: 25%\"><strong>Trainingszeit<\/strong><\/td>\n<td>Montag u. Mittwoch 16:30 Uhr \u2013 18:00 Uhr Einheit &#8211; Sportplatz<\/td>\n<\/tr>\n<tr>\n<td style=\"width: 25%\"><strong>Hallentraining<\/strong><\/td>\n<td>Dienstag 16 &#8211; 17 Uhr u. 17 &#8211; 18 Uhr Sporthalle &#8222;Goetheschule&#8220;<br \/>\njeweils ab 15.10.2018 &#8211; 25.03.2019<\/td>\n<\/tr>\n<tr>\n<td style=\"width: 25%\"><strong>Trainer<\/strong><\/td>\n<td>Maik M\u00fcller \u00a0 \u00a0 \u00a0 \u00a0 \u00a0 \u00a0 \u00a0 \u00a0\u00a0\u00a0\u00a0 Mobil: 0174 \/ 320 70 71<\/td>\n<\/tr>\n<tr>\n<td style=\"width: 25%\"><strong>Co &#8211; Trainer<br \/>\n<\/strong><\/td>\n<td><\/td>\n<\/tr>\n<tr>\n<td style=\"width: 25%\"><strong>Mannschaftsleiter<\/strong><\/td>\n<td><\/td>\n<\/tr>\n<tr>\n<td style=\"width: 25%\"><strong>Zielstellung<\/strong><\/td>\n<td>Den Kindern spielrisch das Fu\u00dfballspielen vermitteln, wobei jederzeit der Spa\u00df im Vordergrund stehen soll und muss.<\/td>\n<\/tr>\n<\/tbody>\n<\/table>\n<\/div>\n<hr \/>\n<h3>Kader<\/h3>\n\n<table id=\"tablepress-76\" class=\"tablepress tablepress-id-76\" aria-describedby=\"tablepress-76-description\">\n<thead>\n<tr class=\"row-1 odd\">\n\t<th class=\"column-1\">Name<\/th><th class=\"column-2\">Vorname<\/th><th class=\"column-3\">Jahrgang<\/th><th class=\"column-4\">Herkunft<\/th><th class=\"column-5\"><\/th><th class=\"column-6\"><\/th><th class=\"column-7\"><\/th><th class=\"column-8\"><\/th>\n<\/tr>\n<\/thead>\n<tbody>\n<tr class=\"row-2 even\">\n\t<td class=\"column-1\">Ballerstein<\/td><td class=\"column-2\">Leander<\/td><td class=\"column-3\">2014<\/td><td class=\"column-4\">SV Einheit <\/td><td class=\"column-5\"><\/td><td class=\"column-6\"><\/td><td class=\"column-7\"><\/td><td class=\"column-8\"><\/td>\n<\/tr>\n<tr class=\"row-3 odd\">\n\t<td class=\"column-1\"><\/td><td class=\"column-2\"><\/td><td class=\"column-3\"><\/td><td class=\"column-4\"><\/td><td class=\"column-5\"><\/td><td class=\"column-6\"><\/td><td class=\"column-7\"><\/td><td class=\"column-8\"><\/td>\n<\/tr>\n<tr class=\"row-4 even\">\n\t<td class=\"column-1\">Br\u00fcning<\/td><td class=\"column-2\">Jonas<\/td><td class=\"column-3\">2013<\/td><td class=\"column-4\">SV Einheit<\/td><td class=\"column-5\"><\/td><td class=\"column-6\"><\/td><td class=\"column-7\"><\/td><td class=\"column-8\"><\/td>\n<\/tr>\n<tr class=\"row-5 odd\">\n\t<td class=\"column-1\">Buju<\/td><td class=\"column-2\">Christian Patrick<\/td><td class=\"column-3\">2013<\/td><td class=\"column-4\">SV Einheit<\/td><td class=\"column-5\"><\/td><td class=\"column-6\"><\/td><td class=\"column-7\"><\/td><td class=\"column-8\"><\/td>\n<\/tr>\n<tr class=\"row-6 even\">\n\t<td class=\"column-1\">Grauenhorst<\/td><td class=\"column-2\">Oskar<\/td><td class=\"column-3\">2013<\/td><td class=\"column-4\">SV Einheit <\/td><td class=\"column-5\"><\/td><td class=\"column-6\"><\/td><td class=\"column-7\"><\/td><td class=\"column-8\"><\/td>\n<\/tr>\n<tr class=\"row-7 odd\">\n\t<td class=\"column-1\">Ho<\/td><td class=\"column-2\">Gia Bao<\/td><td class=\"column-3\">2013<\/td><td class=\"column-4\">SV Einheit<\/td><td class=\"column-5\"><\/td><td class=\"column-6\"><\/td><td class=\"column-7\"><\/td><td class=\"column-8\"><\/td>\n<\/tr>\n<tr class=\"row-8 even\">\n\t<td class=\"column-1\">Kirchhof<\/td><td class=\"column-2\">Theo<\/td><td class=\"column-3\">2013<\/td><td class=\"column-4\">SV Einheit<\/td><td class=\"column-5\"><\/td><td class=\"column-6\"><\/td><td class=\"column-7\"><\/td><td class=\"column-8\"><\/td>\n<\/tr>\n<tr class=\"row-9 odd\">\n\t<td class=\"column-1\">Maa\u00df<\/td><td class=\"column-2\">Bastian<\/td><td class=\"column-3\">2013<\/td><td class=\"column-4\">SV Einheit<\/td><td class=\"column-5\"><\/td><td class=\"column-6\"><\/td><td class=\"column-7\"><\/td><td class=\"column-8\"><\/td>\n<\/tr>\n<tr class=\"row-10 even\">\n\t<td class=\"column-1\">M\u00fcller<\/td><td class=\"column-2\">Raphael<\/td><td class=\"column-3\">2013<\/td><td class=\"column-4\">SV Einheit<\/td><td class=\"column-5\"><\/td><td class=\"column-6\"><\/td><td class=\"column-7\"><\/td><td class=\"column-8\"><\/td>\n<\/tr>\n<tr class=\"row-11 odd\">\n\t<td class=\"column-1\">Read<\/td><td class=\"column-2\">Atallah<\/td><td class=\"column-3\">2013<\/td><td class=\"column-4\">SV Einheit<\/td><td class=\"column-5\"><\/td><td class=\"column-6\"><\/td><td class=\"column-7\"><\/td><td class=\"column-8\"><\/td>\n<\/tr>\n<tr class=\"row-12 even\">\n\t<td class=\"column-1\">Sch\u00f6nberner<\/td><td class=\"column-2\">Lucas<\/td><td class=\"column-3\">2013<\/td><td class=\"column-4\">SV Einheit<\/td><td class=\"column-5\"><\/td><td class=\"column-6\"><\/td><td class=\"column-7\"><\/td><td class=\"column-8\"><\/td>\n<\/tr>\n<tr class=\"row-13 odd\">\n\t<td class=\"column-1\"><\/td><td class=\"column-2\"><\/td><td class=\"column-3\"><\/td><td class=\"column-4\"><\/td><td class=\"column-5\"><\/td><td class=\"column-6\"><\/td><td class=\"column-7\"><\/td><td class=\"column-8\"><\/td>\n<\/tr>\n<\/tbody>\n<\/table>\n<span id=\"tablepress-76-description\" class=\"tablepress-table-description tablepress-table-description-id-76\"><\/span>\n\n","protected":false},"excerpt":{"rendered":"<p>SV Einheit Bernburg Bambini Fair-Play &#8211; Liga 2019\/20 Der SV Einheit Bernburg kann in dieser Altersklasse auf eine gro\u00dfe Tradition zur\u00fcckblicken. Hier werden die Kindern spielerisch, auch mit kleinen Gesellschaftsspielen, an den Fu\u00dfballsport herangef\u00fchrt. Das gelang unseren jeweiligen \u00dcbungsleitern, bis auf wenige Ausnahmen, in den ganzen Jahren meist hervorragend. So auch im letzten Spieljahr unter [&hellip;]<\/p>\n","protected":false},"author":3,"featured_media":0,"parent":24196,"menu_order":0,"comment_status":"closed","ping_status":"closed","template":"","meta":{"footnotes":""},"_links":{"self":[{"href":"https:\/\/einheit-bernburg.de\/content\/index.php?rest_route=\/wp\/v2\/pages\/24262"}],"collection":[{"href":"https:\/\/einheit-bernburg.de\/content\/index.php?rest_route=\/wp\/v2\/pages"}],"about":[{"href":"https:\/\/einheit-bernburg.de\/content\/index.php?rest_route=\/wp\/v2\/types\/page"}],"author":[{"embeddable":true,"href":"https:\/\/einheit-bernburg.de\/content\/index.php?rest_route=\/wp\/v2\/users\/3"}],"replies":[{"embeddable":true,"href":"https:\/\/einheit-bernburg.de\/content\/index.php?rest_route=%2Fwp%2Fv2%2Fcomments&post=24262"}],"version-history":[{"count":1,"href":"https:\/\/einheit-bernburg.de\/content\/index.php?rest_route=\/wp\/v2\/pages\/24262\/revisions"}],"predecessor-version":[{"id":24263,"href":"https:\/\/einheit-bernburg.de\/content\/index.php?rest_route=\/wp\/v2\/pages\/24262\/revisions\/24263"}],"up":[{"embeddable":true,"href":"https:\/\/einheit-bernburg.de\/content\/index.php?rest_route=\/wp\/v2\/pages\/24196"}],"wp:attachment":[{"href":"https:\/\/einheit-bernburg.de\/content\/index.php?rest_route=%2Fwp%2Fv2%2Fmedia&parent=24262"}],"curies":[{"name":"wp","href":"https:\/\/api.w.org\/{rel}","templated":true}]}}