{"id":24796,"date":"2020-09-08T10:19:19","date_gmt":"2020-09-08T08:19:19","guid":{"rendered":"http:\/\/einheit-bernburg.de\/content\/?page_id=24796"},"modified":"2021-07-05T10:56:49","modified_gmt":"2021-07-05T08:56:49","slug":"g-junioren-sv-einheit-bernburg-2","status":"publish","type":"page","link":"https:\/\/einheit-bernburg.de\/content\/?page_id=24796","title":{"rendered":"Archiv G1-Junioren 2020\/21"},"content":{"rendered":"<h1 class=\"aufm\">TV Askania Bernburg<\/h1>\n<h3 class=\"aufm\">Fair &#8211; Play Liga 2020\/21<br>\n<a href=\"http:\/\/einheit-bernburg.de\/content\/wp-content\/uploads\/2020\/09\/G-Jun.-Askania-1-1.jpg\"><noscript><img decoding=\"async\" class=\"alignnone wp-image-24925 size-full\" src=\"http:\/\/einheit-bernburg.de\/content\/wp-content\/uploads\/2020\/09\/G-Jun.-Askania-1-1.jpg\" alt width=\"1300\" height=\"821\" srcset=\"https:\/\/einheit-bernburg.de\/content\/wp-content\/uploads\/2020\/09\/G-Jun.-Askania-1-1.jpg 1300w, https:\/\/einheit-bernburg.de\/content\/wp-content\/uploads\/2020\/09\/G-Jun.-Askania-1-1-300x189.jpg 300w, https:\/\/einheit-bernburg.de\/content\/wp-content\/uploads\/2020\/09\/G-Jun.-Askania-1-1-768x485.jpg 768w, https:\/\/einheit-bernburg.de\/content\/wp-content\/uploads\/2020\/09\/G-Jun.-Askania-1-1-1024x647.jpg 1024w, https:\/\/einheit-bernburg.de\/content\/wp-content\/uploads\/2020\/09\/G-Jun.-Askania-1-1-1080x682.jpg 1080w\" sizes=\"(max-width: 1300px) 100vw, 1300px\"><\/noscript><img decoding=\"async\" class=\"alignnone wp-image-24925 size-full lazyload\" src=\"data:image\/svg+xml,%3Csvg%20xmlns%3D%22http%3A%2F%2Fwww.w3.org%2F2000%2Fsvg%22%20viewBox%3D%220%200%201300%20821%22%3E%3C%2Fsvg%3E\" alt width=\"1300\" height=\"821\" srcset=\"data:image\/svg+xml,%3Csvg%20xmlns%3D%22http%3A%2F%2Fwww.w3.org%2F2000%2Fsvg%22%20viewBox%3D%220%200%201300%20821%22%3E%3C%2Fsvg%3E 1300w\" sizes=\"(max-width: 1300px) 100vw, 1300px\" data-srcset=\"https:\/\/einheit-bernburg.de\/content\/wp-content\/uploads\/2020\/09\/G-Jun.-Askania-1-1.jpg 1300w, https:\/\/einheit-bernburg.de\/content\/wp-content\/uploads\/2020\/09\/G-Jun.-Askania-1-1-300x189.jpg 300w, https:\/\/einheit-bernburg.de\/content\/wp-content\/uploads\/2020\/09\/G-Jun.-Askania-1-1-768x485.jpg 768w, https:\/\/einheit-bernburg.de\/content\/wp-content\/uploads\/2020\/09\/G-Jun.-Askania-1-1-1024x647.jpg 1024w, https:\/\/einheit-bernburg.de\/content\/wp-content\/uploads\/2020\/09\/G-Jun.-Askania-1-1-1080x682.jpg 1080w\" data-src=\"http:\/\/einheit-bernburg.de\/content\/wp-content\/uploads\/2020\/09\/G-Jun.-Askania-1-1.jpg\"><\/a><\/h3>\n<div>\n<hr>\n<\/div>\n<div>\n<p><a class=\"submenu\" href=\"http:\/\/einheit-bernburg.de\/content\/?page_id=24868\" target=\"_blank\" rel=\"noopener noreferrer\"><noscript><img decoding=\"async\" class src=\"http:\/\/einheit-bernburg.de\/off\/images\/redsys\/link.gif\" alt border=\"0\"><\/noscript><img decoding=\"async\" class=\" lazyload\" src=\"data:image\/gif;base64,R0lGODlhAQABAIAAAAAAAP\/\/\/yH5BAEAAAAALAAAAAABAAEAAAIBRAA7\" alt border=\"0\" data-src=\"http:\/\/einheit-bernburg.de\/off\/images\/redsys\/link.gif\"><\/a>&nbsp;<a href=\"https:\/\/einheit-bernburg.de\/content\/?page_id=24868\" target=\"_blank\" rel=\"noopener\">Kader u. Zielstellung<\/a><\/p>\n<p><a class=\"submenu\" href=\"http:\/\/einheit-bernburg.de\/content\/?page_id=20031\" target=\"_blank\" rel=\"noopener noreferrer\"><noscript><img decoding=\"async\" class src=\"http:\/\/einheit-bernburg.de\/off\/images\/redsys\/link.gif\" alt border=\"0\"><\/noscript><img decoding=\"async\" class=\" lazyload\" src=\"data:image\/gif;base64,R0lGODlhAQABAIAAAAAAAP\/\/\/yH5BAEAAAAALAAAAAABAAEAAAIBRAA7\" alt border=\"0\" data-src=\"http:\/\/einheit-bernburg.de\/off\/images\/redsys\/link.gif\"><\/a> <a href=\"http:\/\/einheit-bernburg.de\/content\/wp-content\/uploads\/2020\/09\/Spielplan-Herbstrunde-2-2.pdf\"><strong>Spielplan Sommer\/Herbst 2020<\/strong><\/a><\/p>\n<p><noscript><img decoding=\"async\" src=\"http:\/\/einheit-bernburg.de\/off\/images\/redsys\/link.gif\" alt border=\"0\"><\/noscript><img decoding=\"async\" src=\"data:image\/gif;base64,R0lGODlhAQABAIAAAAAAAP\/\/\/yH5BAEAAAAALAAAAAABAAEAAAIBRAA7\" alt border=\"0\" data-src=\"http:\/\/einheit-bernburg.de\/off\/images\/redsys\/link.gif\" class=\" lazyload\"> <a href=\"http:\/\/einheit-bernburg.de\/content\/wp-content\/uploads\/2020\/09\/Spielbetrieb-G-Junioren-Ausschreibung-RTP-11.09.20-1.pdf\">Spielbetrieb G-Junioren Ausschreibung RTP- Stand: 22.09.2020<\/a><\/p>\n<p><noscript><img decoding=\"async\" src=\"http:\/\/einheit-bernburg.de\/off\/images\/redsys\/link.gif\" alt border=\"0\"><\/noscript><img decoding=\"async\" src=\"data:image\/gif;base64,R0lGODlhAQABAIAAAAAAAP\/\/\/yH5BAEAAAAALAAAAAABAAEAAAIBRAA7\" alt border=\"0\" data-src=\"http:\/\/einheit-bernburg.de\/off\/images\/redsys\/link.gif\" class=\" lazyload\"><a href=\"http:\/\/einheit-bernburg.de\/content\/wp-content\/uploads\/2020\/07\/RTP-NW-Kreis-1.pdf\"> RTP-NW (Salzlandkreis) 2020\/21<\/a><\/p>\n<p><strong>\u00dcber die abgelaufene G &#8211; Saison 2019\/20 kann man sich ausf\u00fchrlich im Archiv informieren<\/strong>.<\/p>\n<hr>\n<p><strong>Die Fair-Play Liga (Alles, was man wissen sollte)<\/strong><br>\n<a href=\"http:\/\/einheit-bernburg.de\/content\/wp-content\/uploads\/2016\/07\/0002.jpg\"><noscript><img decoding=\"async\" class=\"alignnone size-medium wp-image-9171\" src=\"http:\/\/einheit-bernburg.de\/content\/wp-content\/uploads\/2016\/07\/0002-300x212.jpg\" alt width=\"300\" height=\"212\" srcset=\"https:\/\/einheit-bernburg.de\/content\/wp-content\/uploads\/2016\/07\/0002-300x212.jpg 300w, https:\/\/einheit-bernburg.de\/content\/wp-content\/uploads\/2016\/07\/0002-768x543.jpg 768w, https:\/\/einheit-bernburg.de\/content\/wp-content\/uploads\/2016\/07\/0002-1024x724.jpg 1024w, https:\/\/einheit-bernburg.de\/content\/wp-content\/uploads\/2016\/07\/0002-1080x763.jpg 1080w, https:\/\/einheit-bernburg.de\/content\/wp-content\/uploads\/2016\/07\/0002.jpg 1200w\" sizes=\"(max-width: 300px) 100vw, 300px\"><\/noscript><img decoding=\"async\" class=\"alignnone size-medium wp-image-9171 lazyload\" src=\"data:image\/svg+xml,%3Csvg%20xmlns%3D%22http%3A%2F%2Fwww.w3.org%2F2000%2Fsvg%22%20viewBox%3D%220%200%20300%20212%22%3E%3C%2Fsvg%3E\" alt width=\"300\" height=\"212\" srcset=\"data:image\/svg+xml,%3Csvg%20xmlns%3D%22http%3A%2F%2Fwww.w3.org%2F2000%2Fsvg%22%20viewBox%3D%220%200%20300%20212%22%3E%3C%2Fsvg%3E 300w\" sizes=\"(max-width: 300px) 100vw, 300px\" data-srcset=\"https:\/\/einheit-bernburg.de\/content\/wp-content\/uploads\/2016\/07\/0002-300x212.jpg 300w, https:\/\/einheit-bernburg.de\/content\/wp-content\/uploads\/2016\/07\/0002-768x543.jpg 768w, https:\/\/einheit-bernburg.de\/content\/wp-content\/uploads\/2016\/07\/0002-1024x724.jpg 1024w, https:\/\/einheit-bernburg.de\/content\/wp-content\/uploads\/2016\/07\/0002-1080x763.jpg 1080w, https:\/\/einheit-bernburg.de\/content\/wp-content\/uploads\/2016\/07\/0002.jpg 1200w\" data-src=\"http:\/\/einheit-bernburg.de\/content\/wp-content\/uploads\/2016\/07\/0002-300x212.jpg\"><\/a> <a href=\"http:\/\/einheit-bernburg.de\/content\/wp-content\/uploads\/2016\/07\/0001.jpg\"><noscript><img decoding=\"async\" class=\"alignnone size-medium wp-image-9172\" src=\"http:\/\/einheit-bernburg.de\/content\/wp-content\/uploads\/2016\/07\/0001-300x212.jpg\" alt width=\"300\" height=\"212\" srcset=\"https:\/\/einheit-bernburg.de\/content\/wp-content\/uploads\/2016\/07\/0001-300x212.jpg 300w, https:\/\/einheit-bernburg.de\/content\/wp-content\/uploads\/2016\/07\/0001-768x543.jpg 768w, https:\/\/einheit-bernburg.de\/content\/wp-content\/uploads\/2016\/07\/0001-1024x724.jpg 1024w, https:\/\/einheit-bernburg.de\/content\/wp-content\/uploads\/2016\/07\/0001-1080x763.jpg 1080w, https:\/\/einheit-bernburg.de\/content\/wp-content\/uploads\/2016\/07\/0001.jpg 1200w\" sizes=\"(max-width: 300px) 100vw, 300px\"><\/noscript><img decoding=\"async\" class=\"alignnone size-medium wp-image-9172 lazyload\" src=\"data:image\/svg+xml,%3Csvg%20xmlns%3D%22http%3A%2F%2Fwww.w3.org%2F2000%2Fsvg%22%20viewBox%3D%220%200%20300%20212%22%3E%3C%2Fsvg%3E\" alt width=\"300\" height=\"212\" srcset=\"data:image\/svg+xml,%3Csvg%20xmlns%3D%22http%3A%2F%2Fwww.w3.org%2F2000%2Fsvg%22%20viewBox%3D%220%200%20300%20212%22%3E%3C%2Fsvg%3E 300w\" sizes=\"(max-width: 300px) 100vw, 300px\" data-srcset=\"https:\/\/einheit-bernburg.de\/content\/wp-content\/uploads\/2016\/07\/0001-300x212.jpg 300w, https:\/\/einheit-bernburg.de\/content\/wp-content\/uploads\/2016\/07\/0001-768x543.jpg 768w, https:\/\/einheit-bernburg.de\/content\/wp-content\/uploads\/2016\/07\/0001-1024x724.jpg 1024w, https:\/\/einheit-bernburg.de\/content\/wp-content\/uploads\/2016\/07\/0001-1080x763.jpg 1080w, https:\/\/einheit-bernburg.de\/content\/wp-content\/uploads\/2016\/07\/0001.jpg 1200w\" data-src=\"http:\/\/einheit-bernburg.de\/content\/wp-content\/uploads\/2016\/07\/0001-300x212.jpg\"><\/a><br>\n<em>(Fotos zum Vergr\u00f6\u00dfern anklicken)<br>\n<a href=\"http:\/\/einheit-bernburg.de\/content\/wp-content\/uploads\/2018\/07\/Das-Spielfeld-G-Junioren.pdf\">Das Spielfeld &#8211; G-Junioren<\/a><\/em><\/p>\n<hr>\n<h1 class=\"content\">News u. Spielberichte<\/h1>\n<hr>\n<\/div>\n<p><span style=\"text-decoration: underline;\"><strong>24.10.2020 Kleines Fu\u00dfballturnier beim TV Askania Bernburg<\/strong><\/span><br>\nBeginn: <strong>10:00 Uhr&nbsp;<\/strong> Spielort: <strong>Askania-Sportplatz<\/strong> \u2013 Krumbholzallee &#8211; <strong>abgesagt<\/strong><\/p>\n<hr>\n<p><span style=\"text-decoration: underline;\"><strong>10.10.2020 &#8211; 5.Turnierrunde Fair Play &#8211; Liga bei der SG Neuborna 62<br>\n<\/strong><\/span>Zum Abschluss der Herbstturnierserie in Neuborna zeigten sich die Askaniakicker etwas verbessert gegen\u00fcber dem Freundschaftsspiel beim SV Einheit. Vor allem in der Raumaufteilung waren die Kinder geordneter aufgestellt. Aber es war auch nicht zu \u00fcbersehen, dass die Mannschaften der TSG Calbe und der SG B\u00f6rde-Hakel spielerisch schon etwas weiter sind und auch starke Einzelspieler in ihren Reihen haben. Gegen diese beiden Teams gab es dann auch Niederlagen und gegen das Gastgeberteam ein Remis.<\/p>\n<hr>\n<p><span style=\"text-decoration: underline;\"><strong>07.10.2020 Testspiel gegen die Kicker vom TSV Einheit Bernburg<\/strong><\/span><br>\nDie neu gegr\u00fcndeten G &#8211; Junioren des SV Einheit haben sich die Kicker des TV Askania zu ihrem ersten einem Freundschaftsspiel eingeladen. P\u00fcnktlich waren die Askaniakicker zu diesem Vergleich angereist, allerdings ohne ihren vierfachen Torsch\u00fctzen vom Turnier am letzten Wochende und einige weitere Spieler. Aber das war f\u00fcr Trainer Markus Becker auch die Gelegenheit, Kindern die M\u00f6glichkeit zu geben zu spielen, die sonst noch nicht so oft eingesetzt werden. Insgesamt hatten aber die Einheitkicker, vor allem mit ihrer Startaufstellung den besseren Tag erwischt und zwei von den drei Spielabschnitten f\u00fcr sich entschieden (2:0 \/ 3:1). Im zweiten Drittel trennten sich beide Teams torlos.<br>\nAuf jeden Fall hatten alle Kinder ihren Spa\u00df an diesem Nachmittag, der sich auch in viel Laufbereitschaft, Einsatz, aber auch Lernwillen ausdr\u00fcckte.<\/p>\n<p>Eventuell findet dann eine Woche sp\u00e4ter zur gleichen Zeit ein R\u00fcckspiel statt, dann auf dem Askania-Sportplatz<\/p>\n<hr>\n<p><span style=\"text-decoration: underline;\"><strong>03.10.2020 &#8211;<\/strong> <strong>4.Turnierrunde Fair Play &#8211; Liga beim<\/strong> <strong>SSV Eintracht Winningen<\/strong><\/span><br>\nBeginn: <strong>09:30 Uhr<\/strong><\/p>\n<hr>\n<p><strong><span style=\"text-decoration: underline;\">26.09.2020 3.Turnierrunde Fair Play &#8211; Liga beim TV Askania Bernburg<\/span><br>\n<\/strong>Beginn: <strong>11:00 Uhr<\/strong><\/p>\n<p>Bisher liegen keine Informationen vom Heimturnier des TVA vor<\/p>\n<hr>\n<p><strong>12.09.2020 &#8211; 2.Turnierrunde Fair Play &#8211; Liga beim SV Schwarz-Gelb Bernburg<br>\n<a href=\"http:\/\/einheit-bernburg.de\/content\/wp-content\/uploads\/2020\/09\/2-Turn.-bei-S-G-Bbg.-12.9.-2.jpg\"><noscript><img decoding=\"async\" class=\"alignnone size-medium wp-image-25023\" src=\"http:\/\/einheit-bernburg.de\/content\/wp-content\/uploads\/2020\/09\/2-Turn.-bei-S-G-Bbg.-12.9.-2-300x225.jpg\" alt width=\"300\" height=\"225\" srcset=\"https:\/\/einheit-bernburg.de\/content\/wp-content\/uploads\/2020\/09\/2-Turn.-bei-S-G-Bbg.-12.9.-2-300x225.jpg 300w, https:\/\/einheit-bernburg.de\/content\/wp-content\/uploads\/2020\/09\/2-Turn.-bei-S-G-Bbg.-12.9.-2-768x576.jpg 768w, https:\/\/einheit-bernburg.de\/content\/wp-content\/uploads\/2020\/09\/2-Turn.-bei-S-G-Bbg.-12.9.-2-1024x768.jpg 1024w, https:\/\/einheit-bernburg.de\/content\/wp-content\/uploads\/2020\/09\/2-Turn.-bei-S-G-Bbg.-12.9.-2-1080x810.jpg 1080w, https:\/\/einheit-bernburg.de\/content\/wp-content\/uploads\/2020\/09\/2-Turn.-bei-S-G-Bbg.-12.9.-2.jpg 1300w\" sizes=\"(max-width: 300px) 100vw, 300px\"><\/noscript><img decoding=\"async\" class=\"alignnone size-medium wp-image-25023 lazyload\" src=\"data:image\/svg+xml,%3Csvg%20xmlns%3D%22http%3A%2F%2Fwww.w3.org%2F2000%2Fsvg%22%20viewBox%3D%220%200%20300%20225%22%3E%3C%2Fsvg%3E\" alt width=\"300\" height=\"225\" srcset=\"data:image\/svg+xml,%3Csvg%20xmlns%3D%22http%3A%2F%2Fwww.w3.org%2F2000%2Fsvg%22%20viewBox%3D%220%200%20300%20225%22%3E%3C%2Fsvg%3E 300w\" sizes=\"(max-width: 300px) 100vw, 300px\" data-srcset=\"https:\/\/einheit-bernburg.de\/content\/wp-content\/uploads\/2020\/09\/2-Turn.-bei-S-G-Bbg.-12.9.-2-300x225.jpg 300w, https:\/\/einheit-bernburg.de\/content\/wp-content\/uploads\/2020\/09\/2-Turn.-bei-S-G-Bbg.-12.9.-2-768x576.jpg 768w, https:\/\/einheit-bernburg.de\/content\/wp-content\/uploads\/2020\/09\/2-Turn.-bei-S-G-Bbg.-12.9.-2-1024x768.jpg 1024w, https:\/\/einheit-bernburg.de\/content\/wp-content\/uploads\/2020\/09\/2-Turn.-bei-S-G-Bbg.-12.9.-2-1080x810.jpg 1080w, https:\/\/einheit-bernburg.de\/content\/wp-content\/uploads\/2020\/09\/2-Turn.-bei-S-G-Bbg.-12.9.-2.jpg 1300w\" data-src=\"http:\/\/einheit-bernburg.de\/content\/wp-content\/uploads\/2020\/09\/2-Turn.-bei-S-G-Bbg.-12.9.-2-300x225.jpg\"><\/a> Die Askania-Kids bei Schwarz-Gelb<br>\n<\/strong><\/p>\n<div><em>(Kurzbericht)<\/em><br>\nIn der zweiten KFV-Turnierrunde trafen wir auf FSV Rot-Wei\u00df <span class=\"cmp_parsed_location\" data-cmp_parsed_location_name=\"Alsleben\" data-cmp_parsed_location_weather=\"K15153002\" data-cmp_parsed_location_other=\"0\" data-ce-class=\"Locations\">Alsleben<\/span> und den Gastgeber SV Schwarz-Gelb Bernburg. Bereits im ersten Spiel gegen Schwarz-Gelb <span class=\"cmp_parsed_location\" data-cmp_parsed_location_name=\"Bernburg\" data-cmp_parsed_location_weather=\"K15153006\" data-cmp_parsed_location_other=\"0\" data-ce-class=\"Locations\">Bernburg<\/span> konnten wir unser erstes Erfolgserlebnis einfahren, in dem wir unser erstes Tor in der noch jungen Saison 2020\/21 durch unseren j\u00fcngsten Spieler Lukas (gerade mal 4 Jahre alt!) bejubeln konnten und somit haben wir ein verdientes 1:1 gegen Schwarz-Gelb errungen. Das R\u00fcckspiel verloren wir zwar mit 1:0, hatten aber etliche Chancen das Spielergebnis anders zu gestalten. In den Spielen gegen FSV Rot-Wei\u00df <span class=\"cmp_parsed_location\" data-cmp_parsed_location_name=\"Alsleben\" data-cmp_parsed_location_weather=\"K15153002\" data-cmp_parsed_location_other=\"0\" data-ce-class=\"Locations\">Alsleben<\/span>, bei denen sogar in einzelnen Situationen gutes Zusammenspiel zwischen den Mitspielern erkennbar war, merkte man noch, dass bei unserem Team viel Arbeit anliegt und wir noch einige Zeit ben\u00f6tigen, um in solchen Spielen auch v\u00f6llig konkurrenzf\u00e4hig zu sein. Ein gro\u00dfes Lob geht aber in diesen beiden Spielen gegen <span class=\"cmp_parsed_location\" data-cmp_parsed_location_name=\"Alsleben\" data-cmp_parsed_location_weather=\"K15153002\" data-cmp_parsed_location_other=\"0\" data-ce-class=\"Locations\">Alsleben<\/span> an unsere Torh\u00fcter, die viele Gro\u00dfchancen des Gegners parierten. Endstand war am Ende 0:2 und 0:3.<\/div>\n<div><\/div>\n<div>Zum Schluss blieb die gro\u00dfe Freude \u00fcber das erste Saisontor und mit Blick auf die n\u00e4chste Runde ist der Trainer \u00fcberzeugt, sogar den ersten Sieg auf heimischen Rasen einzufahren. \ud83d\ude42<\/div>\n<div><\/div>\n<div>Noch ein paar Impressionen<br>\n<a href=\"http:\/\/einheit-bernburg.de\/content\/wp-content\/uploads\/2020\/09\/4-7.jpg\"><noscript><img decoding=\"async\" class=\"alignnone wp-image-25024 size-thumbnail\" src=\"http:\/\/einheit-bernburg.de\/content\/wp-content\/uploads\/2020\/09\/4-7-150x150.jpg\" alt width=\"150\" height=\"150\"><\/noscript><img decoding=\"async\" class=\"alignnone wp-image-25024 size-thumbnail lazyload\" src=\"data:image\/svg+xml,%3Csvg%20xmlns%3D%22http%3A%2F%2Fwww.w3.org%2F2000%2Fsvg%22%20viewBox%3D%220%200%20150%20150%22%3E%3C%2Fsvg%3E\" alt width=\"150\" height=\"150\" data-src=\"http:\/\/einheit-bernburg.de\/content\/wp-content\/uploads\/2020\/09\/4-7-150x150.jpg\"> <\/a><a href=\"http:\/\/einheit-bernburg.de\/content\/wp-content\/uploads\/2020\/09\/2-Turn.-bei-S-G-Bbg.-12.9.-5.jpg\"><noscript><img decoding=\"async\" class=\"alignnone wp-image-25025 size-thumbnail\" src=\"http:\/\/einheit-bernburg.de\/content\/wp-content\/uploads\/2020\/09\/2-Turn.-bei-S-G-Bbg.-12.9.-5-150x150.jpg\" alt width=\"150\" height=\"150\"><\/noscript><img decoding=\"async\" class=\"alignnone wp-image-25025 size-thumbnail lazyload\" src=\"data:image\/svg+xml,%3Csvg%20xmlns%3D%22http%3A%2F%2Fwww.w3.org%2F2000%2Fsvg%22%20viewBox%3D%220%200%20150%20150%22%3E%3C%2Fsvg%3E\" alt width=\"150\" height=\"150\" data-src=\"http:\/\/einheit-bernburg.de\/content\/wp-content\/uploads\/2020\/09\/2-Turn.-bei-S-G-Bbg.-12.9.-5-150x150.jpg\"> <\/a><a href=\"http:\/\/einheit-bernburg.de\/content\/wp-content\/uploads\/2020\/09\/2-Turn.-bei-S-G-Bbg.-12.9.-3.jpg\"><noscript><img decoding=\"async\" class=\"alignnone wp-image-25026 size-thumbnail\" src=\"http:\/\/einheit-bernburg.de\/content\/wp-content\/uploads\/2020\/09\/2-Turn.-bei-S-G-Bbg.-12.9.-3-150x150.jpg\" alt width=\"150\" height=\"150\"><\/noscript><img decoding=\"async\" class=\"alignnone wp-image-25026 size-thumbnail lazyload\" src=\"data:image\/svg+xml,%3Csvg%20xmlns%3D%22http%3A%2F%2Fwww.w3.org%2F2000%2Fsvg%22%20viewBox%3D%220%200%20150%20150%22%3E%3C%2Fsvg%3E\" alt width=\"150\" height=\"150\" data-src=\"http:\/\/einheit-bernburg.de\/content\/wp-content\/uploads\/2020\/09\/2-Turn.-bei-S-G-Bbg.-12.9.-3-150x150.jpg\"> <\/a><a href=\"http:\/\/einheit-bernburg.de\/content\/wp-content\/uploads\/2020\/09\/2-Turn.-bei-S-G-Bbg.-12.9.-1.jpg\"><noscript><img decoding=\"async\" class=\"wp-image-25027 size-thumbnail\" src=\"http:\/\/einheit-bernburg.de\/content\/wp-content\/uploads\/2020\/09\/2-Turn.-bei-S-G-Bbg.-12.9.-1-150x150.jpg\" alt width=\"150\" height=\"150\"><\/noscript><img decoding=\"async\" class=\"wp-image-25027 size-thumbnail lazyload\" src=\"data:image\/svg+xml,%3Csvg%20xmlns%3D%22http%3A%2F%2Fwww.w3.org%2F2000%2Fsvg%22%20viewBox%3D%220%200%20150%20150%22%3E%3C%2Fsvg%3E\" alt width=\"150\" height=\"150\" data-src=\"http:\/\/einheit-bernburg.de\/content\/wp-content\/uploads\/2020\/09\/2-Turn.-bei-S-G-Bbg.-12.9.-1-150x150.jpg\"><\/a><br>\n<em>Turnierer\u00f6ffnung &#8211; Vor dem Spiel &#8211; Pause &#8211; Abschlussbild<\/em><\/div>\n<hr>\n<p><strong>05.09.2020 &#8211; 1.Turnierrunde Fair Play &#8211; Liga beim SV Eintracht Blau-Gelb Pei\u00dfen<\/strong><br>\n<a href=\"http:\/\/einheit-bernburg.de\/content\/wp-content\/uploads\/2020\/09\/G-Jun.-Askania-2.jpg\"><noscript><img decoding=\"async\" class=\"alignnone wp-image-24927 size-thumbnail\" src=\"http:\/\/einheit-bernburg.de\/content\/wp-content\/uploads\/2020\/09\/G-Jun.-Askania-2-150x150.jpg\" alt width=\"150\" height=\"150\"><\/noscript><img decoding=\"async\" class=\"alignnone wp-image-24927 size-thumbnail lazyload\" src=\"data:image\/svg+xml,%3Csvg%20xmlns%3D%22http%3A%2F%2Fwww.w3.org%2F2000%2Fsvg%22%20viewBox%3D%220%200%20150%20150%22%3E%3C%2Fsvg%3E\" alt width=\"150\" height=\"150\" data-src=\"http:\/\/einheit-bernburg.de\/content\/wp-content\/uploads\/2020\/09\/G-Jun.-Askania-2-150x150.jpg\"> <\/a><a href=\"http:\/\/einheit-bernburg.de\/content\/wp-content\/uploads\/2020\/09\/G-Jun.-Askania-3.jpg\"><noscript><img decoding=\"async\" class=\"alignnone wp-image-24928 size-thumbnail\" src=\"http:\/\/einheit-bernburg.de\/content\/wp-content\/uploads\/2020\/09\/G-Jun.-Askania-3-150x150.jpg\" alt width=\"150\" height=\"150\"><\/noscript><img decoding=\"async\" class=\"alignnone wp-image-24928 size-thumbnail lazyload\" src=\"data:image\/svg+xml,%3Csvg%20xmlns%3D%22http%3A%2F%2Fwww.w3.org%2F2000%2Fsvg%22%20viewBox%3D%220%200%20150%20150%22%3E%3C%2Fsvg%3E\" alt width=\"150\" height=\"150\" data-src=\"http:\/\/einheit-bernburg.de\/content\/wp-content\/uploads\/2020\/09\/G-Jun.-Askania-3-150x150.jpg\"> <\/a><a href=\"http:\/\/einheit-bernburg.de\/content\/wp-content\/uploads\/2020\/09\/G-Jun.-Askania-4.jpg\"><noscript><img decoding=\"async\" class=\"alignnone wp-image-24929 size-thumbnail\" src=\"http:\/\/einheit-bernburg.de\/content\/wp-content\/uploads\/2020\/09\/G-Jun.-Askania-4-150x150.jpg\" alt width=\"150\" height=\"150\"><\/noscript><img decoding=\"async\" class=\"alignnone wp-image-24929 size-thumbnail lazyload\" src=\"data:image\/svg+xml,%3Csvg%20xmlns%3D%22http%3A%2F%2Fwww.w3.org%2F2000%2Fsvg%22%20viewBox%3D%220%200%20150%20150%22%3E%3C%2Fsvg%3E\" alt width=\"150\" height=\"150\" data-src=\"http:\/\/einheit-bernburg.de\/content\/wp-content\/uploads\/2020\/09\/G-Jun.-Askania-4-150x150.jpg\"><\/a><br>\nErstmals waren die j\u00fcngsten Askania-Kicker bei der Fair Play-Liga dabei. Die Gegner hie\u00dfen Eintracht Pei\u00dfen; SV Pl\u00f6tzkau,&nbsp; Rot\/Wei\u00df Gro\u00df Rosenburg, wobei man gegen Gro\u00df Rosenburg ein torlose Unentschieden erk\u00e4mpfte. Gegen die Kids aus Pei\u00dfen hie\u00df es 0:2 nach guter Leistung und gegen Pl\u00f6tzkau unterlagen sie 0:4, wobei der vierfache Pl\u00f6tzkauer Torsch\u00fctze den Unterschied ausmachte.<br>\nWichtig die Kinder hatten Spa\u00df und werden in jedem Turnier dazu lernen.<\/p>\n","protected":false},"excerpt":{"rendered":"<p>TV Askania Bernburg Fair &#8211; Play Liga 2020\/21 &nbsp;Kader u. Zielstellung Spielplan Sommer\/Herbst 2020 Spielbetrieb G-Junioren Ausschreibung RTP- Stand: 22.09.2020 RTP-NW (Salzlandkreis) 2020\/21 \u00dcber die abgelaufene G &#8211; Saison 2019\/20 kann man sich ausf\u00fchrlich im Archiv informieren. Die Fair-Play Liga (Alles, was man wissen sollte) (Fotos zum Vergr\u00f6\u00dfern anklicken) Das Spielfeld &#8211; G-Junioren News u. [&hellip;]<\/p>\n","protected":false},"author":3,"featured_media":0,"parent":26310,"menu_order":12,"comment_status":"closed","ping_status":"closed","template":"","meta":{"footnotes":""},"_links":{"self":[{"href":"https:\/\/einheit-bernburg.de\/content\/index.php?rest_route=\/wp\/v2\/pages\/24796"}],"collection":[{"href":"https:\/\/einheit-bernburg.de\/content\/index.php?rest_route=\/wp\/v2\/pages"}],"about":[{"href":"https:\/\/einheit-bernburg.de\/content\/index.php?rest_route=\/wp\/v2\/types\/page"}],"author":[{"embeddable":true,"href":"https:\/\/einheit-bernburg.de\/content\/index.php?rest_route=\/wp\/v2\/users\/3"}],"replies":[{"embeddable":true,"href":"https:\/\/einheit-bernburg.de\/content\/index.php?rest_route=%2Fwp%2Fv2%2Fcomments&post=24796"}],"version-history":[{"count":24,"href":"https:\/\/einheit-bernburg.de\/content\/index.php?rest_route=\/wp\/v2\/pages\/24796\/revisions"}],"predecessor-version":[{"id":26691,"href":"https:\/\/einheit-bernburg.de\/content\/index.php?rest_route=\/wp\/v2\/pages\/24796\/revisions\/26691"}],"up":[{"embeddable":true,"href":"https:\/\/einheit-bernburg.de\/content\/index.php?rest_route=\/wp\/v2\/pages\/26310"}],"wp:attachment":[{"href":"https:\/\/einheit-bernburg.de\/content\/index.php?rest_route=%2Fwp%2Fv2%2Fmedia&parent=24796"}],"curies":[{"name":"wp","href":"https:\/\/api.w.org\/{rel}","templated":true}]}}