{"id":25,"date":"2015-08-09T16:02:00","date_gmt":"2015-08-09T15:02:00","guid":{"rendered":"http:\/\/einheit-bernburg.de\/wordpress\/?page_id=25"},"modified":"2026-02-10T12:29:41","modified_gmt":"2026-02-10T11:29:41","slug":"fanartikel","status":"publish","type":"page","link":"https:\/\/einheit-bernburg.de\/content\/?page_id=25","title":{"rendered":"Fanartikel"},"content":{"rendered":"<p>Holen Sie sich jetzt die&nbsp;<a href=\"https:\/\/team.jako.com\/de-de\/team\/sv_einheit_bernburg\/?item_source=30400\" target=\"_blank\" rel=\"noopener\">Fanartikel<\/a> des SV Einheit Bernburg. Mit dem Kauf der Artikel k\u00f6nnen Sie den Verein tatkr\u00e4ftig unterst\u00fctzen. Hier ist bestimmt f\u00fcr jeden Fan etwas Passendes dabei.<\/p>\n<p><a href=\"http:\/\/einheit-bernburg.de\/content\/wp-content\/uploads\/2017\/07\/Einheit_IMG_5546.jpg\"><noscript><img decoding=\"async\" class=\"alignnone size-medium wp-image-7962\" src=\"http:\/\/einheit-bernburg.de\/content\/wp-content\/uploads\/2017\/07\/Einheit_IMG_5546-300x200.jpg\" alt width=\"300\" height=\"200\" srcset=\"https:\/\/einheit-bernburg.de\/content\/wp-content\/uploads\/2017\/07\/Einheit_IMG_5546-300x200.jpg 300w, https:\/\/einheit-bernburg.de\/content\/wp-content\/uploads\/2017\/07\/Einheit_IMG_5546-768x512.jpg 768w, https:\/\/einheit-bernburg.de\/content\/wp-content\/uploads\/2017\/07\/Einheit_IMG_5546-1024x682.jpg 1024w, https:\/\/einheit-bernburg.de\/content\/wp-content\/uploads\/2017\/07\/Einheit_IMG_5546-1080x720.jpg 1080w, https:\/\/einheit-bernburg.de\/content\/wp-content\/uploads\/2017\/07\/Einheit_IMG_5546.jpg 2000w\" sizes=\"(max-width: 300px) 100vw, 300px\"><\/noscript><img decoding=\"async\" class=\"alignnone size-medium wp-image-7962 lazyload\" src=\"data:image\/svg+xml,%3Csvg%20xmlns%3D%22http%3A%2F%2Fwww.w3.org%2F2000%2Fsvg%22%20viewBox%3D%220%200%20300%20200%22%3E%3C%2Fsvg%3E\" alt width=\"300\" height=\"200\" srcset=\"data:image\/svg+xml,%3Csvg%20xmlns%3D%22http%3A%2F%2Fwww.w3.org%2F2000%2Fsvg%22%20viewBox%3D%220%200%20300%20200%22%3E%3C%2Fsvg%3E 300w\" sizes=\"(max-width: 300px) 100vw, 300px\" data-srcset=\"https:\/\/einheit-bernburg.de\/content\/wp-content\/uploads\/2017\/07\/Einheit_IMG_5546-300x200.jpg 300w, https:\/\/einheit-bernburg.de\/content\/wp-content\/uploads\/2017\/07\/Einheit_IMG_5546-768x512.jpg 768w, https:\/\/einheit-bernburg.de\/content\/wp-content\/uploads\/2017\/07\/Einheit_IMG_5546-1024x682.jpg 1024w, https:\/\/einheit-bernburg.de\/content\/wp-content\/uploads\/2017\/07\/Einheit_IMG_5546-1080x720.jpg 1080w, https:\/\/einheit-bernburg.de\/content\/wp-content\/uploads\/2017\/07\/Einheit_IMG_5546.jpg 2000w\" data-src=\"http:\/\/einheit-bernburg.de\/content\/wp-content\/uploads\/2017\/07\/Einheit_IMG_5546-300x200.jpg\">&nbsp;&nbsp;<\/a><a href=\"http:\/\/einheit-bernburg.de\/content\/wp-content\/uploads\/2017\/07\/Einheit_IMG_5545.jpg\"><noscript><img decoding=\"async\" class=\"alignnone size-medium wp-image-7961\" src=\"http:\/\/einheit-bernburg.de\/content\/wp-content\/uploads\/2017\/07\/Einheit_IMG_5545-300x200.jpg\" alt width=\"300\" height=\"200\" srcset=\"https:\/\/einheit-bernburg.de\/content\/wp-content\/uploads\/2017\/07\/Einheit_IMG_5545-300x200.jpg 300w, https:\/\/einheit-bernburg.de\/content\/wp-content\/uploads\/2017\/07\/Einheit_IMG_5545-768x512.jpg 768w, https:\/\/einheit-bernburg.de\/content\/wp-content\/uploads\/2017\/07\/Einheit_IMG_5545-1024x683.jpg 1024w, https:\/\/einheit-bernburg.de\/content\/wp-content\/uploads\/2017\/07\/Einheit_IMG_5545-1080x720.jpg 1080w, https:\/\/einheit-bernburg.de\/content\/wp-content\/uploads\/2017\/07\/Einheit_IMG_5545.jpg 2000w\" sizes=\"(max-width: 300px) 100vw, 300px\"><\/noscript><img decoding=\"async\" class=\"alignnone size-medium wp-image-7961 lazyload\" src=\"data:image\/svg+xml,%3Csvg%20xmlns%3D%22http%3A%2F%2Fwww.w3.org%2F2000%2Fsvg%22%20viewBox%3D%220%200%20300%20200%22%3E%3C%2Fsvg%3E\" alt width=\"300\" height=\"200\" srcset=\"data:image\/svg+xml,%3Csvg%20xmlns%3D%22http%3A%2F%2Fwww.w3.org%2F2000%2Fsvg%22%20viewBox%3D%220%200%20300%20200%22%3E%3C%2Fsvg%3E 300w\" sizes=\"(max-width: 300px) 100vw, 300px\" data-srcset=\"https:\/\/einheit-bernburg.de\/content\/wp-content\/uploads\/2017\/07\/Einheit_IMG_5545-300x200.jpg 300w, https:\/\/einheit-bernburg.de\/content\/wp-content\/uploads\/2017\/07\/Einheit_IMG_5545-768x512.jpg 768w, https:\/\/einheit-bernburg.de\/content\/wp-content\/uploads\/2017\/07\/Einheit_IMG_5545-1024x683.jpg 1024w, https:\/\/einheit-bernburg.de\/content\/wp-content\/uploads\/2017\/07\/Einheit_IMG_5545-1080x720.jpg 1080w, https:\/\/einheit-bernburg.de\/content\/wp-content\/uploads\/2017\/07\/Einheit_IMG_5545.jpg 2000w\" data-src=\"http:\/\/einheit-bernburg.de\/content\/wp-content\/uploads\/2017\/07\/Einheit_IMG_5545-300x200.jpg\"><br>\n<\/a><strong>SV Einheit &#8211; Tasse 8,50 \u20ac<\/strong><\/p>\n<p><a href=\"http:\/\/einheit-bernburg.de\/content\/wp-content\/uploads\/2017\/07\/Einheit_IMG_5536.jpg\"><noscript><img decoding=\"async\" class=\"alignnone size-medium wp-image-7959\" src=\"http:\/\/einheit-bernburg.de\/content\/wp-content\/uploads\/2017\/07\/Einheit_IMG_5536-300x200.jpg\" alt width=\"300\" height=\"200\" srcset=\"https:\/\/einheit-bernburg.de\/content\/wp-content\/uploads\/2017\/07\/Einheit_IMG_5536-300x200.jpg 300w, https:\/\/einheit-bernburg.de\/content\/wp-content\/uploads\/2017\/07\/Einheit_IMG_5536-768x512.jpg 768w, https:\/\/einheit-bernburg.de\/content\/wp-content\/uploads\/2017\/07\/Einheit_IMG_5536-1024x682.jpg 1024w, https:\/\/einheit-bernburg.de\/content\/wp-content\/uploads\/2017\/07\/Einheit_IMG_5536-1080x720.jpg 1080w, https:\/\/einheit-bernburg.de\/content\/wp-content\/uploads\/2017\/07\/Einheit_IMG_5536.jpg 2000w\" sizes=\"(max-width: 300px) 100vw, 300px\"><\/noscript><img decoding=\"async\" class=\"alignnone size-medium wp-image-7959 lazyload\" src=\"data:image\/svg+xml,%3Csvg%20xmlns%3D%22http%3A%2F%2Fwww.w3.org%2F2000%2Fsvg%22%20viewBox%3D%220%200%20300%20200%22%3E%3C%2Fsvg%3E\" alt width=\"300\" height=\"200\" srcset=\"data:image\/svg+xml,%3Csvg%20xmlns%3D%22http%3A%2F%2Fwww.w3.org%2F2000%2Fsvg%22%20viewBox%3D%220%200%20300%20200%22%3E%3C%2Fsvg%3E 300w\" sizes=\"(max-width: 300px) 100vw, 300px\" data-srcset=\"https:\/\/einheit-bernburg.de\/content\/wp-content\/uploads\/2017\/07\/Einheit_IMG_5536-300x200.jpg 300w, https:\/\/einheit-bernburg.de\/content\/wp-content\/uploads\/2017\/07\/Einheit_IMG_5536-768x512.jpg 768w, https:\/\/einheit-bernburg.de\/content\/wp-content\/uploads\/2017\/07\/Einheit_IMG_5536-1024x682.jpg 1024w, https:\/\/einheit-bernburg.de\/content\/wp-content\/uploads\/2017\/07\/Einheit_IMG_5536-1080x720.jpg 1080w, https:\/\/einheit-bernburg.de\/content\/wp-content\/uploads\/2017\/07\/Einheit_IMG_5536.jpg 2000w\" data-src=\"http:\/\/einheit-bernburg.de\/content\/wp-content\/uploads\/2017\/07\/Einheit_IMG_5536-300x200.jpg\">&nbsp; <\/a><a href=\"http:\/\/einheit-bernburg.de\/content\/wp-content\/uploads\/2017\/07\/Einheit_IMG_5539.jpg\"><noscript><img decoding=\"async\" class=\"alignnone size-medium wp-image-7960\" src=\"http:\/\/einheit-bernburg.de\/content\/wp-content\/uploads\/2017\/07\/Einheit_IMG_5539-300x200.jpg\" alt width=\"300\" height=\"200\" srcset=\"https:\/\/einheit-bernburg.de\/content\/wp-content\/uploads\/2017\/07\/Einheit_IMG_5539-300x200.jpg 300w, https:\/\/einheit-bernburg.de\/content\/wp-content\/uploads\/2017\/07\/Einheit_IMG_5539-768x512.jpg 768w, https:\/\/einheit-bernburg.de\/content\/wp-content\/uploads\/2017\/07\/Einheit_IMG_5539-1024x682.jpg 1024w, https:\/\/einheit-bernburg.de\/content\/wp-content\/uploads\/2017\/07\/Einheit_IMG_5539-1080x720.jpg 1080w, https:\/\/einheit-bernburg.de\/content\/wp-content\/uploads\/2017\/07\/Einheit_IMG_5539.jpg 2000w\" sizes=\"(max-width: 300px) 100vw, 300px\"><\/noscript><img decoding=\"async\" class=\"alignnone size-medium wp-image-7960 lazyload\" src=\"data:image\/svg+xml,%3Csvg%20xmlns%3D%22http%3A%2F%2Fwww.w3.org%2F2000%2Fsvg%22%20viewBox%3D%220%200%20300%20200%22%3E%3C%2Fsvg%3E\" alt width=\"300\" height=\"200\" srcset=\"data:image\/svg+xml,%3Csvg%20xmlns%3D%22http%3A%2F%2Fwww.w3.org%2F2000%2Fsvg%22%20viewBox%3D%220%200%20300%20200%22%3E%3C%2Fsvg%3E 300w\" sizes=\"(max-width: 300px) 100vw, 300px\" data-srcset=\"https:\/\/einheit-bernburg.de\/content\/wp-content\/uploads\/2017\/07\/Einheit_IMG_5539-300x200.jpg 300w, https:\/\/einheit-bernburg.de\/content\/wp-content\/uploads\/2017\/07\/Einheit_IMG_5539-768x512.jpg 768w, https:\/\/einheit-bernburg.de\/content\/wp-content\/uploads\/2017\/07\/Einheit_IMG_5539-1024x682.jpg 1024w, https:\/\/einheit-bernburg.de\/content\/wp-content\/uploads\/2017\/07\/Einheit_IMG_5539-1080x720.jpg 1080w, https:\/\/einheit-bernburg.de\/content\/wp-content\/uploads\/2017\/07\/Einheit_IMG_5539.jpg 2000w\" data-src=\"http:\/\/einheit-bernburg.de\/content\/wp-content\/uploads\/2017\/07\/Einheit_IMG_5539-300x200.jpg\"><\/a><br>\n<strong> SV Einheit-Basecap <em>(rot\/schwarz)<\/em>: 10,00<\/strong> <strong>\u20ac&nbsp; \/&nbsp;&nbsp; SV Einheit &#8211; Basecap <em>(rot)<\/em>: 10,00 \u20ac<\/strong><br>\n<em>(r\/s zur Zeit nicht verf\u00fcgbar)<\/em><\/p>\n<p><a href=\"http:\/\/einheit-bernburg.de\/content\/wp-content\/uploads\/2017\/07\/Einheit_IMG_5548.jpg\"><noscript><img decoding=\"async\" class=\"alignnone size-medium wp-image-7963\" src=\"http:\/\/einheit-bernburg.de\/content\/wp-content\/uploads\/2017\/07\/Einheit_IMG_5548-200x300.jpg\" alt width=\"200\" height=\"300\" srcset=\"https:\/\/einheit-bernburg.de\/content\/wp-content\/uploads\/2017\/07\/Einheit_IMG_5548-200x300.jpg 200w, https:\/\/einheit-bernburg.de\/content\/wp-content\/uploads\/2017\/07\/Einheit_IMG_5548-768x1151.jpg 768w, https:\/\/einheit-bernburg.de\/content\/wp-content\/uploads\/2017\/07\/Einheit_IMG_5548-683x1024.jpg 683w, https:\/\/einheit-bernburg.de\/content\/wp-content\/uploads\/2017\/07\/Einheit_IMG_5548-1080x1619.jpg 1080w, https:\/\/einheit-bernburg.de\/content\/wp-content\/uploads\/2017\/07\/Einheit_IMG_5548.jpg 1334w\" sizes=\"(max-width: 200px) 100vw, 200px\"><\/noscript><img decoding=\"async\" class=\"alignnone size-medium wp-image-7963 lazyload\" src=\"data:image\/svg+xml,%3Csvg%20xmlns%3D%22http%3A%2F%2Fwww.w3.org%2F2000%2Fsvg%22%20viewBox%3D%220%200%20200%20300%22%3E%3C%2Fsvg%3E\" alt width=\"200\" height=\"300\" srcset=\"data:image\/svg+xml,%3Csvg%20xmlns%3D%22http%3A%2F%2Fwww.w3.org%2F2000%2Fsvg%22%20viewBox%3D%220%200%20200%20300%22%3E%3C%2Fsvg%3E 200w\" sizes=\"(max-width: 200px) 100vw, 200px\" data-srcset=\"https:\/\/einheit-bernburg.de\/content\/wp-content\/uploads\/2017\/07\/Einheit_IMG_5548-200x300.jpg 200w, https:\/\/einheit-bernburg.de\/content\/wp-content\/uploads\/2017\/07\/Einheit_IMG_5548-768x1151.jpg 768w, https:\/\/einheit-bernburg.de\/content\/wp-content\/uploads\/2017\/07\/Einheit_IMG_5548-683x1024.jpg 683w, https:\/\/einheit-bernburg.de\/content\/wp-content\/uploads\/2017\/07\/Einheit_IMG_5548-1080x1619.jpg 1080w, https:\/\/einheit-bernburg.de\/content\/wp-content\/uploads\/2017\/07\/Einheit_IMG_5548.jpg 1334w\" data-src=\"http:\/\/einheit-bernburg.de\/content\/wp-content\/uploads\/2017\/07\/Einheit_IMG_5548-200x300.jpg\"><\/a><br>\n<strong> SV Einheit &#8211; Wimpel <em>(3-eckig \/ 40 cm x 28 cm)<\/em>: 12,00 \u20ac<\/strong><\/p>\n<p><a href=\"http:\/\/einheit-bernburg.de\/content\/wp-content\/uploads\/2017\/07\/Einheit_IMG_5550.jpg\"><noscript><img decoding=\"async\" class=\"alignnone size-medium wp-image-7964\" src=\"http:\/\/einheit-bernburg.de\/content\/wp-content\/uploads\/2017\/07\/Einheit_IMG_5550-200x300.jpg\" alt width=\"200\" height=\"300\" srcset=\"https:\/\/einheit-bernburg.de\/content\/wp-content\/uploads\/2017\/07\/Einheit_IMG_5550-200x300.jpg 200w, https:\/\/einheit-bernburg.de\/content\/wp-content\/uploads\/2017\/07\/Einheit_IMG_5550-768x1151.jpg 768w, https:\/\/einheit-bernburg.de\/content\/wp-content\/uploads\/2017\/07\/Einheit_IMG_5550-683x1024.jpg 683w, https:\/\/einheit-bernburg.de\/content\/wp-content\/uploads\/2017\/07\/Einheit_IMG_5550-1080x1619.jpg 1080w, https:\/\/einheit-bernburg.de\/content\/wp-content\/uploads\/2017\/07\/Einheit_IMG_5550.jpg 1334w\" sizes=\"(max-width: 200px) 100vw, 200px\"><\/noscript><img decoding=\"async\" class=\"alignnone size-medium wp-image-7964 lazyload\" src=\"data:image\/svg+xml,%3Csvg%20xmlns%3D%22http%3A%2F%2Fwww.w3.org%2F2000%2Fsvg%22%20viewBox%3D%220%200%20200%20300%22%3E%3C%2Fsvg%3E\" alt width=\"200\" height=\"300\" srcset=\"data:image\/svg+xml,%3Csvg%20xmlns%3D%22http%3A%2F%2Fwww.w3.org%2F2000%2Fsvg%22%20viewBox%3D%220%200%20200%20300%22%3E%3C%2Fsvg%3E 200w\" sizes=\"(max-width: 200px) 100vw, 200px\" data-srcset=\"https:\/\/einheit-bernburg.de\/content\/wp-content\/uploads\/2017\/07\/Einheit_IMG_5550-200x300.jpg 200w, https:\/\/einheit-bernburg.de\/content\/wp-content\/uploads\/2017\/07\/Einheit_IMG_5550-768x1151.jpg 768w, https:\/\/einheit-bernburg.de\/content\/wp-content\/uploads\/2017\/07\/Einheit_IMG_5550-683x1024.jpg 683w, https:\/\/einheit-bernburg.de\/content\/wp-content\/uploads\/2017\/07\/Einheit_IMG_5550-1080x1619.jpg 1080w, https:\/\/einheit-bernburg.de\/content\/wp-content\/uploads\/2017\/07\/Einheit_IMG_5550.jpg 1334w\" data-src=\"http:\/\/einheit-bernburg.de\/content\/wp-content\/uploads\/2017\/07\/Einheit_IMG_5550-200x300.jpg\"><\/a><br>\n<strong>SV Einheit &#8211; Wimpel <em>(5-eckig \/ 27 cm x 23 cm)<\/em>: 10,00 \u20ac<br>\n<a href=\"http:\/\/einheit-bernburg.de\/content\/wp-content\/uploads\/2018\/05\/Einheit_Kinderfanschal.jpg\"><noscript><img decoding=\"async\" class=\"alignnone size-medium wp-image-12566\" src=\"http:\/\/einheit-bernburg.de\/content\/wp-content\/uploads\/2018\/05\/Einheit_Kinderfanschal-200x300.jpg\" alt width=\"200\" height=\"300\" srcset=\"https:\/\/einheit-bernburg.de\/content\/wp-content\/uploads\/2018\/05\/Einheit_Kinderfanschal-200x300.jpg 200w, https:\/\/einheit-bernburg.de\/content\/wp-content\/uploads\/2018\/05\/Einheit_Kinderfanschal-768x1152.jpg 768w, https:\/\/einheit-bernburg.de\/content\/wp-content\/uploads\/2018\/05\/Einheit_Kinderfanschal-683x1024.jpg 683w, https:\/\/einheit-bernburg.de\/content\/wp-content\/uploads\/2018\/05\/Einheit_Kinderfanschal-1080x1620.jpg 1080w, https:\/\/einheit-bernburg.de\/content\/wp-content\/uploads\/2018\/05\/Einheit_Kinderfanschal.jpg 2000w\" sizes=\"(max-width: 200px) 100vw, 200px\"><\/noscript><img decoding=\"async\" class=\"alignnone size-medium wp-image-12566 lazyload\" src=\"data:image\/svg+xml,%3Csvg%20xmlns%3D%22http%3A%2F%2Fwww.w3.org%2F2000%2Fsvg%22%20viewBox%3D%220%200%20200%20300%22%3E%3C%2Fsvg%3E\" alt width=\"200\" height=\"300\" srcset=\"data:image\/svg+xml,%3Csvg%20xmlns%3D%22http%3A%2F%2Fwww.w3.org%2F2000%2Fsvg%22%20viewBox%3D%220%200%20200%20300%22%3E%3C%2Fsvg%3E 200w\" sizes=\"(max-width: 200px) 100vw, 200px\" data-srcset=\"https:\/\/einheit-bernburg.de\/content\/wp-content\/uploads\/2018\/05\/Einheit_Kinderfanschal-200x300.jpg 200w, https:\/\/einheit-bernburg.de\/content\/wp-content\/uploads\/2018\/05\/Einheit_Kinderfanschal-768x1152.jpg 768w, https:\/\/einheit-bernburg.de\/content\/wp-content\/uploads\/2018\/05\/Einheit_Kinderfanschal-683x1024.jpg 683w, https:\/\/einheit-bernburg.de\/content\/wp-content\/uploads\/2018\/05\/Einheit_Kinderfanschal-1080x1620.jpg 1080w, https:\/\/einheit-bernburg.de\/content\/wp-content\/uploads\/2018\/05\/Einheit_Kinderfanschal.jpg 2000w\" data-src=\"http:\/\/einheit-bernburg.de\/content\/wp-content\/uploads\/2018\/05\/Einheit_Kinderfanschal-200x300.jpg\"><\/a> <a href=\"http:\/\/einheit-bernburg.de\/content\/wp-content\/uploads\/2018\/05\/Einheit_Kinderfanschal-2-Kopie.jpg\"><noscript><img decoding=\"async\" class=\"alignnone size-medium wp-image-12567\" src=\"http:\/\/einheit-bernburg.de\/content\/wp-content\/uploads\/2018\/05\/Einheit_Kinderfanschal-2-Kopie-300x200.jpg\" alt width=\"300\" height=\"200\" srcset=\"https:\/\/einheit-bernburg.de\/content\/wp-content\/uploads\/2018\/05\/Einheit_Kinderfanschal-2-Kopie-300x200.jpg 300w, https:\/\/einheit-bernburg.de\/content\/wp-content\/uploads\/2018\/05\/Einheit_Kinderfanschal-2-Kopie-768x512.jpg 768w, https:\/\/einheit-bernburg.de\/content\/wp-content\/uploads\/2018\/05\/Einheit_Kinderfanschal-2-Kopie-1024x682.jpg 1024w, https:\/\/einheit-bernburg.de\/content\/wp-content\/uploads\/2018\/05\/Einheit_Kinderfanschal-2-Kopie-1080x719.jpg 1080w, https:\/\/einheit-bernburg.de\/content\/wp-content\/uploads\/2018\/05\/Einheit_Kinderfanschal-2-Kopie.jpg 1300w\" sizes=\"(max-width: 300px) 100vw, 300px\"><\/noscript><img decoding=\"async\" class=\"alignnone size-medium wp-image-12567 lazyload\" src=\"data:image\/svg+xml,%3Csvg%20xmlns%3D%22http%3A%2F%2Fwww.w3.org%2F2000%2Fsvg%22%20viewBox%3D%220%200%20300%20200%22%3E%3C%2Fsvg%3E\" alt width=\"300\" height=\"200\" srcset=\"data:image\/svg+xml,%3Csvg%20xmlns%3D%22http%3A%2F%2Fwww.w3.org%2F2000%2Fsvg%22%20viewBox%3D%220%200%20300%20200%22%3E%3C%2Fsvg%3E 300w\" sizes=\"(max-width: 300px) 100vw, 300px\" data-srcset=\"https:\/\/einheit-bernburg.de\/content\/wp-content\/uploads\/2018\/05\/Einheit_Kinderfanschal-2-Kopie-300x200.jpg 300w, https:\/\/einheit-bernburg.de\/content\/wp-content\/uploads\/2018\/05\/Einheit_Kinderfanschal-2-Kopie-768x512.jpg 768w, https:\/\/einheit-bernburg.de\/content\/wp-content\/uploads\/2018\/05\/Einheit_Kinderfanschal-2-Kopie-1024x682.jpg 1024w, https:\/\/einheit-bernburg.de\/content\/wp-content\/uploads\/2018\/05\/Einheit_Kinderfanschal-2-Kopie-1080x719.jpg 1080w, https:\/\/einheit-bernburg.de\/content\/wp-content\/uploads\/2018\/05\/Einheit_Kinderfanschal-2-Kopie.jpg 1300w\" data-src=\"http:\/\/einheit-bernburg.de\/content\/wp-content\/uploads\/2018\/05\/Einheit_Kinderfanschal-2-Kopie-300x200.jpg\"><\/a><br>\nSV Einheit &#8211; Kinder &#8211; Fanschal <em>(14 cm x 110 cm)<\/em>: 12,50 \u20ac<br>\n<a href=\"http:\/\/einheit-bernburg.de\/content\/wp-content\/uploads\/2018\/05\/Einheit_Klassischer-Fanschal-Kopie.jpg\"><noscript><img decoding=\"async\" class=\"alignnone size-medium wp-image-12568\" src=\"http:\/\/einheit-bernburg.de\/content\/wp-content\/uploads\/2018\/05\/Einheit_Klassischer-Fanschal-Kopie-200x300.jpg\" alt width=\"200\" height=\"300\" srcset=\"https:\/\/einheit-bernburg.de\/content\/wp-content\/uploads\/2018\/05\/Einheit_Klassischer-Fanschal-Kopie-200x300.jpg 200w, https:\/\/einheit-bernburg.de\/content\/wp-content\/uploads\/2018\/05\/Einheit_Klassischer-Fanschal-Kopie-768x1153.jpg 768w, https:\/\/einheit-bernburg.de\/content\/wp-content\/uploads\/2018\/05\/Einheit_Klassischer-Fanschal-Kopie-682x1024.jpg 682w, https:\/\/einheit-bernburg.de\/content\/wp-content\/uploads\/2018\/05\/Einheit_Klassischer-Fanschal-Kopie.jpg 866w\" sizes=\"(max-width: 200px) 100vw, 200px\"><\/noscript><img decoding=\"async\" class=\"alignnone size-medium wp-image-12568 lazyload\" src=\"data:image\/svg+xml,%3Csvg%20xmlns%3D%22http%3A%2F%2Fwww.w3.org%2F2000%2Fsvg%22%20viewBox%3D%220%200%20200%20300%22%3E%3C%2Fsvg%3E\" alt width=\"200\" height=\"300\" srcset=\"data:image\/svg+xml,%3Csvg%20xmlns%3D%22http%3A%2F%2Fwww.w3.org%2F2000%2Fsvg%22%20viewBox%3D%220%200%20200%20300%22%3E%3C%2Fsvg%3E 200w\" sizes=\"(max-width: 200px) 100vw, 200px\" data-srcset=\"https:\/\/einheit-bernburg.de\/content\/wp-content\/uploads\/2018\/05\/Einheit_Klassischer-Fanschal-Kopie-200x300.jpg 200w, https:\/\/einheit-bernburg.de\/content\/wp-content\/uploads\/2018\/05\/Einheit_Klassischer-Fanschal-Kopie-768x1153.jpg 768w, https:\/\/einheit-bernburg.de\/content\/wp-content\/uploads\/2018\/05\/Einheit_Klassischer-Fanschal-Kopie-682x1024.jpg 682w, https:\/\/einheit-bernburg.de\/content\/wp-content\/uploads\/2018\/05\/Einheit_Klassischer-Fanschal-Kopie.jpg 866w\" data-src=\"http:\/\/einheit-bernburg.de\/content\/wp-content\/uploads\/2018\/05\/Einheit_Klassischer-Fanschal-Kopie-200x300.jpg\"><\/a><br>\nSV Einheit &#8211; Klassischer Fanschal <em>(155 cm x 18 cm)<\/em>: 15,00 \u20ac<br>\n<a href=\"http:\/\/einheit-bernburg.de\/content\/wp-content\/uploads\/2018\/05\/Einheit_Freundscaftswimpel-mit-1.FC-Lok-Leipzig-Kopie.jpg\"><noscript><img decoding=\"async\" class=\"alignnone size-medium wp-image-12569\" src=\"http:\/\/einheit-bernburg.de\/content\/wp-content\/uploads\/2018\/05\/Einheit_Freundscaftswimpel-mit-1.FC-Lok-Leipzig-Kopie-200x300.jpg\" alt width=\"200\" height=\"300\" srcset=\"https:\/\/einheit-bernburg.de\/content\/wp-content\/uploads\/2018\/05\/Einheit_Freundscaftswimpel-mit-1.FC-Lok-Leipzig-Kopie-200x300.jpg 200w, https:\/\/einheit-bernburg.de\/content\/wp-content\/uploads\/2018\/05\/Einheit_Freundscaftswimpel-mit-1.FC-Lok-Leipzig-Kopie-768x1153.jpg 768w, https:\/\/einheit-bernburg.de\/content\/wp-content\/uploads\/2018\/05\/Einheit_Freundscaftswimpel-mit-1.FC-Lok-Leipzig-Kopie-682x1024.jpg 682w, https:\/\/einheit-bernburg.de\/content\/wp-content\/uploads\/2018\/05\/Einheit_Freundscaftswimpel-mit-1.FC-Lok-Leipzig-Kopie.jpg 866w\" sizes=\"(max-width: 200px) 100vw, 200px\"><\/noscript><img decoding=\"async\" class=\"alignnone size-medium wp-image-12569 lazyload\" src=\"data:image\/svg+xml,%3Csvg%20xmlns%3D%22http%3A%2F%2Fwww.w3.org%2F2000%2Fsvg%22%20viewBox%3D%220%200%20200%20300%22%3E%3C%2Fsvg%3E\" alt width=\"200\" height=\"300\" srcset=\"data:image\/svg+xml,%3Csvg%20xmlns%3D%22http%3A%2F%2Fwww.w3.org%2F2000%2Fsvg%22%20viewBox%3D%220%200%20200%20300%22%3E%3C%2Fsvg%3E 200w\" sizes=\"(max-width: 200px) 100vw, 200px\" data-srcset=\"https:\/\/einheit-bernburg.de\/content\/wp-content\/uploads\/2018\/05\/Einheit_Freundscaftswimpel-mit-1.FC-Lok-Leipzig-Kopie-200x300.jpg 200w, https:\/\/einheit-bernburg.de\/content\/wp-content\/uploads\/2018\/05\/Einheit_Freundscaftswimpel-mit-1.FC-Lok-Leipzig-Kopie-768x1153.jpg 768w, https:\/\/einheit-bernburg.de\/content\/wp-content\/uploads\/2018\/05\/Einheit_Freundscaftswimpel-mit-1.FC-Lok-Leipzig-Kopie-682x1024.jpg 682w, https:\/\/einheit-bernburg.de\/content\/wp-content\/uploads\/2018\/05\/Einheit_Freundscaftswimpel-mit-1.FC-Lok-Leipzig-Kopie.jpg 866w\" data-src=\"http:\/\/einheit-bernburg.de\/content\/wp-content\/uploads\/2018\/05\/Einheit_Freundscaftswimpel-mit-1.FC-Lok-Leipzig-Kopie-200x300.jpg\"><\/a><br>\nWimpel (Gr\u00f6\u00dfe 40cm x 28cm):<br>\n<\/strong>Freudschaftsspiel SV Einheit &#8211; 1.FC Lok Leipzig am 11.07.201<strong>7<br>\nPreis: 13,00 \u20ac<\/strong><\/p>\n<p><a href=\"https:\/\/einheit-bernburg.de\/content\/wp-content\/uploads\/2024\/06\/Handtuch.jpg\"><noscript><img decoding=\"async\" class=\"alignnone size-medium wp-image-37483\" src=\"https:\/\/einheit-bernburg.de\/content\/wp-content\/uploads\/2024\/06\/Handtuch-146x300.jpg\" alt width=\"146\" height=\"300\" srcset=\"https:\/\/einheit-bernburg.de\/content\/wp-content\/uploads\/2024\/06\/Handtuch-146x300.jpg 146w, https:\/\/einheit-bernburg.de\/content\/wp-content\/uploads\/2024\/06\/Handtuch.jpg 334w\" sizes=\"(max-width: 146px) 100vw, 146px\"><\/noscript><img decoding=\"async\" class=\"alignnone size-medium wp-image-37483 lazyload\" src=\"data:image\/svg+xml,%3Csvg%20xmlns%3D%22http%3A%2F%2Fwww.w3.org%2F2000%2Fsvg%22%20viewBox%3D%220%200%20146%20300%22%3E%3C%2Fsvg%3E\" alt width=\"146\" height=\"300\" srcset=\"data:image\/svg+xml,%3Csvg%20xmlns%3D%22http%3A%2F%2Fwww.w3.org%2F2000%2Fsvg%22%20viewBox%3D%220%200%20146%20300%22%3E%3C%2Fsvg%3E 146w\" sizes=\"(max-width: 146px) 100vw, 146px\" data-srcset=\"https:\/\/einheit-bernburg.de\/content\/wp-content\/uploads\/2024\/06\/Handtuch-146x300.jpg 146w, https:\/\/einheit-bernburg.de\/content\/wp-content\/uploads\/2024\/06\/Handtuch.jpg 334w\" data-src=\"https:\/\/einheit-bernburg.de\/content\/wp-content\/uploads\/2024\/06\/Handtuch-146x300.jpg\"><\/a><br>\n<strong>Handtuch (Gr\u00f6\u00dfe )<\/strong> einseitig bedruckt, R\u00fcckseite wei\u00df (Frottee)<br>\n<strong>Preis: 20,00 \u20ac<\/strong><\/p>\n<p>Bei Interesse, nehmen sie bitte <a href=\"mailto:einheit.bernburg@gmail.com\">Kontakt<\/a> mit uns auf.<\/p>\n","protected":false},"excerpt":{"rendered":"<p>Holen Sie sich jetzt die&nbsp;Fanartikel des SV Einheit Bernburg. Mit dem Kauf der Artikel k\u00f6nnen Sie den Verein tatkr\u00e4ftig unterst\u00fctzen. Hier ist bestimmt f\u00fcr jeden Fan etwas Passendes dabei. &nbsp;&nbsp; SV Einheit &#8211; Tasse 8,50 \u20ac &nbsp; SV Einheit-Basecap (rot\/schwarz): 10,00 \u20ac&nbsp; \/&nbsp;&nbsp; SV Einheit &#8211; Basecap (rot): 10,00 \u20ac (r\/s zur Zeit nicht verf\u00fcgbar) [&hellip;]<\/p>\n","protected":false},"author":1,"featured_media":0,"parent":0,"menu_order":7,"comment_status":"closed","ping_status":"open","template":"","meta":{"footnotes":""},"_links":{"self":[{"href":"https:\/\/einheit-bernburg.de\/content\/index.php?rest_route=\/wp\/v2\/pages\/25"}],"collection":[{"href":"https:\/\/einheit-bernburg.de\/content\/index.php?rest_route=\/wp\/v2\/pages"}],"about":[{"href":"https:\/\/einheit-bernburg.de\/content\/index.php?rest_route=\/wp\/v2\/types\/page"}],"author":[{"embeddable":true,"href":"https:\/\/einheit-bernburg.de\/content\/index.php?rest_route=\/wp\/v2\/users\/1"}],"replies":[{"embeddable":true,"href":"https:\/\/einheit-bernburg.de\/content\/index.php?rest_route=%2Fwp%2Fv2%2Fcomments&post=25"}],"version-history":[{"count":21,"href":"https:\/\/einheit-bernburg.de\/content\/index.php?rest_route=\/wp\/v2\/pages\/25\/revisions"}],"predecessor-version":[{"id":44445,"href":"https:\/\/einheit-bernburg.de\/content\/index.php?rest_route=\/wp\/v2\/pages\/25\/revisions\/44445"}],"wp:attachment":[{"href":"https:\/\/einheit-bernburg.de\/content\/index.php?rest_route=%2Fwp%2Fv2%2Fmedia&parent=25"}],"curies":[{"name":"wp","href":"https:\/\/api.w.org\/{rel}","templated":true}]}}