{"id":2641,"date":"2016-04-13T10:30:21","date_gmt":"2016-04-13T09:30:21","guid":{"rendered":"http:\/\/einheit-bernburg.de\/content\/?page_id=2641"},"modified":"2026-04-02T01:26:10","modified_gmt":"2026-04-01T23:26:10","slug":"schiedsrichter","status":"publish","type":"page","link":"https:\/\/einheit-bernburg.de\/content\/?page_id=2641","title":{"rendered":"Schiedsrichter"},"content":{"rendered":"<h2><strong>Wir suchen dringend Schiedsrichter!!<\/strong><\/h2>\n<p><em><strong><a href=\"http:\/\/einheit-bernburg.de\/content\/wp-content\/uploads\/2016\/04\/Flyer-Einheit.pdf\">Flyer SV Einheit &#8211; Was bieten wir?!<\/a><\/strong><\/em><\/p>\n<p>Schiedsrichter werden immer gebraucht. Ohne sie funktioniert unser Sport nicht. Weitere Interessenten, die Freude daran haben, Spiele zu leiten und sich ganz nebenbei noch ein paar EURO Taschengeld dazu verdienen m\u00f6chten, k\u00f6nnen uns einfach ansprechen, entweder unter der Email &#8211; Adresse des Schiedsrichterausschusses <strong><em>sr-ausschuss@kfv-salzlandkreis.de<\/em><\/strong> des KFV Fu\u00dfball Salzland oder in unserem Verein bei<br><strong>Lothar Kral <\/strong>unter<strong> 03471 \/ 311 868 <\/strong>o.<strong> 0162 \/ 435 66 23<\/strong><br>oder per<strong> Email <\/strong>an<strong>: <\/strong>lothar-kral@t-online.de<\/p>\n<p>Bei Interesse folgenden Antrag ausf\u00fcllen und an die genannten Email Adresssen senden.<br><em><a href=\"http:\/\/einheit-bernburg.de\/content\/wp-content\/uploads\/2016\/04\/Antrag-SR-Ausbildung.pdf\">Antrag-SR-Ausbildung<\/a><\/em><\/p>\n<p><strong>Eventuelle Fragen k\u00f6nnen auch gerichtet werden an:<\/strong><br>Daniel Otto, SR-Obmann: Mobil: 0151 &#8211; 20102179 \/ E-Mail: d.otto@kfv-salzlandkreis.de<br><span id=\"OBJ_PREFIX_DWT53_ZmEmailObjectHandler\" class=\"Object\" role=\"link\"><span id=\"OBJ_PREFIX_DWT54_ZmEmailObjectHandler\" class=\"Object\" role=\"link\"><span id=\"OBJ_PREFIX_DWT62_ZmEmailObjectHandler\" class=\"Object\" role=\"link\">oder an sr-ausschuss@kfv-salzlandkreis.de<\/span><\/span><\/span><\/p>\n<hr>\n<h2>Unsere Schiedsrichter<\/h2>\n<hr>\n<table style=\"width: 94.377%; height: 535px;\">\n<tbody>\n<tr style=\"height: 24px;\">\n<td style=\"width: 189.338%; height: 24px;\" colspan=\"2\"><strong>Valentin Vincent M\u00fcller&nbsp; &nbsp; &nbsp; &nbsp; &nbsp; &nbsp; &nbsp; &nbsp; &nbsp; &nbsp; &nbsp; &nbsp; &nbsp; &nbsp; &nbsp; &nbsp; &nbsp; &nbsp; Jahrgang: 2005<\/strong><\/td>\n<\/tr>\n<tr style=\"height: 306.867px;\">\n<td style=\"width: 34.5238%; height: 230px;\"><a href=\"https:\/\/einheit-bernburg.de\/content\/wp-content\/uploads\/2024\/10\/Mueller-Vincent-Valentin.jpg\"><noscript><img decoding=\"async\" class=\"alignnone  wp-image-38745\" src=\"https:\/\/einheit-bernburg.de\/content\/wp-content\/uploads\/2024\/10\/Mueller-Vincent-Valentin-226x300.jpg\" alt width=\"155\" height=\"206\" srcset=\"https:\/\/einheit-bernburg.de\/content\/wp-content\/uploads\/2024\/10\/Mueller-Vincent-Valentin-226x300.jpg 226w, https:\/\/einheit-bernburg.de\/content\/wp-content\/uploads\/2024\/10\/Mueller-Vincent-Valentin.jpg 376w\" sizes=\"(max-width: 155px) 100vw, 155px\"><\/noscript><img decoding=\"async\" class=\"alignnone  wp-image-38745 lazyload\" src=\"data:image\/svg+xml,%3Csvg%20xmlns%3D%22http%3A%2F%2Fwww.w3.org%2F2000%2Fsvg%22%20viewBox%3D%220%200%20155%20206%22%3E%3C%2Fsvg%3E\" alt width=\"155\" height=\"206\" srcset=\"data:image\/svg+xml,%3Csvg%20xmlns%3D%22http%3A%2F%2Fwww.w3.org%2F2000%2Fsvg%22%20viewBox%3D%220%200%20155%20206%22%3E%3C%2Fsvg%3E 155w\" sizes=\"(max-width: 155px) 100vw, 155px\" data-srcset=\"https:\/\/einheit-bernburg.de\/content\/wp-content\/uploads\/2024\/10\/Mueller-Vincent-Valentin-226x300.jpg 226w, https:\/\/einheit-bernburg.de\/content\/wp-content\/uploads\/2024\/10\/Mueller-Vincent-Valentin.jpg 376w\" data-src=\"https:\/\/einheit-bernburg.de\/content\/wp-content\/uploads\/2024\/10\/Mueller-Vincent-Valentin-226x300.jpg\"><\/a><\/td>\n<td style=\"width: 154.814%; height: 230px;\">\n<p><strong>Verein:<\/strong> SV Einheit Bernburg seit 2022<br><strong>Schiedsrichter seit:<\/strong> 15.Februar 2021<br><strong>Spieler:<\/strong> &nbsp; &#8212;-<br><strong>Telefon: <\/strong>034721 &#8211; 599 942<br><strong>Mobil:<\/strong>&nbsp;&nbsp;&nbsp;&nbsp;&nbsp;&nbsp; 0176 &#8211; 223 028 40<\/p>\n<\/td>\n<\/tr>\n<tr style=\"height: 24px;\">\n<td style=\"width: 189.338%; height: 24px;\" colspan=\"2\"><strong>Marcel Sindermann&nbsp; &nbsp; &nbsp; &nbsp; &nbsp; &nbsp; &nbsp; &nbsp; &nbsp; &nbsp; &nbsp; &nbsp; &nbsp; &nbsp; &nbsp; &nbsp; &nbsp; &nbsp; &nbsp; &nbsp; &nbsp; &nbsp; Jahrgang: 1976<\/strong><\/td>\n<\/tr>\n<tr style=\"height: 306px;\">\n<td style=\"width: 34.5238%; height: 257px;\"><a href=\"https:\/\/einheit-bernburg.de\/content\/wp-content\/uploads\/2025\/07\/Marcel-Sindermann.jpg\"><noscript><img decoding=\"async\" class=\"alignnone  wp-image-41776\" src=\"https:\/\/einheit-bernburg.de\/content\/wp-content\/uploads\/2025\/07\/Marcel-Sindermann-204x300.jpg\" alt width=\"159\" height=\"234\" srcset=\"https:\/\/einheit-bernburg.de\/content\/wp-content\/uploads\/2025\/07\/Marcel-Sindermann-204x300.jpg 204w, https:\/\/einheit-bernburg.de\/content\/wp-content\/uploads\/2025\/07\/Marcel-Sindermann-697x1024.jpg 697w, https:\/\/einheit-bernburg.de\/content\/wp-content\/uploads\/2025\/07\/Marcel-Sindermann-768x1129.jpg 768w, https:\/\/einheit-bernburg.de\/content\/wp-content\/uploads\/2025\/07\/Marcel-Sindermann.jpg 1043w\" sizes=\"(max-width: 159px) 100vw, 159px\"><\/noscript><img decoding=\"async\" class=\"alignnone  wp-image-41776 lazyload\" src=\"data:image\/svg+xml,%3Csvg%20xmlns%3D%22http%3A%2F%2Fwww.w3.org%2F2000%2Fsvg%22%20viewBox%3D%220%200%20159%20234%22%3E%3C%2Fsvg%3E\" alt width=\"159\" height=\"234\" srcset=\"data:image\/svg+xml,%3Csvg%20xmlns%3D%22http%3A%2F%2Fwww.w3.org%2F2000%2Fsvg%22%20viewBox%3D%220%200%20159%20234%22%3E%3C%2Fsvg%3E 159w\" sizes=\"(max-width: 159px) 100vw, 159px\" data-srcset=\"https:\/\/einheit-bernburg.de\/content\/wp-content\/uploads\/2025\/07\/Marcel-Sindermann-204x300.jpg 204w, https:\/\/einheit-bernburg.de\/content\/wp-content\/uploads\/2025\/07\/Marcel-Sindermann-697x1024.jpg 697w, https:\/\/einheit-bernburg.de\/content\/wp-content\/uploads\/2025\/07\/Marcel-Sindermann-768x1129.jpg 768w, https:\/\/einheit-bernburg.de\/content\/wp-content\/uploads\/2025\/07\/Marcel-Sindermann.jpg 1043w\" data-src=\"https:\/\/einheit-bernburg.de\/content\/wp-content\/uploads\/2025\/07\/Marcel-Sindermann-204x300.jpg\"><\/a><\/td>\n<td style=\"width: 154.814%; height: 257px;\">\n<p><strong>Verein:<\/strong> SV Einheit Bernburg <strong>Schiedsrichter seit:<\/strong> 2015<br><strong>Ziel:<\/strong> SR in der Salzlandliga<br><strong>Mobil<\/strong>: 0174 &#8211; 230 92 43<\/p>\n<p><strong>Spieler: <\/strong>fr\u00fcher bei HW Magdeburg u.&nbsp;<br>Eintracht Gro\u00dfdalzig (Sachsen) aktiv<\/p>\n<p>Der geb\u00fcrtige Bernburger lebte 25 Jahre in Leipzig u. hat 2 Kinder. Seit 2025 ist erwieder in Bernburg wohnhaft.<\/p>\n<\/td>\n<\/tr>\n<\/tbody>\n<\/table>\n<table style=\"width: 94.4667%;\">\n<tbody>\n<tr>\n<td style=\"width: 190.364%;\" colspan=\"2\"><strong>Uwe Gr\u00e4tz&nbsp; &nbsp; &nbsp; &nbsp; &nbsp; &nbsp; &nbsp; &nbsp; &nbsp; &nbsp; &nbsp; &nbsp; &nbsp; &nbsp; &nbsp; &nbsp; &nbsp; &nbsp; &nbsp; &nbsp; &nbsp; &nbsp; &nbsp; &nbsp; &nbsp; &nbsp; &nbsp; &nbsp; &nbsp; &nbsp; &nbsp; &nbsp; Jahrgang: 1943<\/strong><\/td>\n<\/tr>\n<tr>\n<td style=\"width: 34.4978%;\"><a href=\"https:\/\/einheit-bernburg.de\/content\/wp-content\/uploads\/2025\/07\/Uwe-Graetz.jpg\"><noscript><img decoding=\"async\" class=\"alignnone  wp-image-41785\" src=\"https:\/\/einheit-bernburg.de\/content\/wp-content\/uploads\/2025\/07\/Uwe-Graetz-225x300.jpg\" alt width=\"165\" height=\"220\" srcset=\"https:\/\/einheit-bernburg.de\/content\/wp-content\/uploads\/2025\/07\/Uwe-Graetz-225x300.jpg 225w, https:\/\/einheit-bernburg.de\/content\/wp-content\/uploads\/2025\/07\/Uwe-Graetz.jpg 375w\" sizes=\"(max-width: 165px) 100vw, 165px\"><\/noscript><img decoding=\"async\" class=\"alignnone  wp-image-41785 lazyload\" src=\"data:image\/svg+xml,%3Csvg%20xmlns%3D%22http%3A%2F%2Fwww.w3.org%2F2000%2Fsvg%22%20viewBox%3D%220%200%20165%20220%22%3E%3C%2Fsvg%3E\" alt width=\"165\" height=\"220\" srcset=\"data:image\/svg+xml,%3Csvg%20xmlns%3D%22http%3A%2F%2Fwww.w3.org%2F2000%2Fsvg%22%20viewBox%3D%220%200%20165%20220%22%3E%3C%2Fsvg%3E 165w\" sizes=\"(max-width: 165px) 100vw, 165px\" data-srcset=\"https:\/\/einheit-bernburg.de\/content\/wp-content\/uploads\/2025\/07\/Uwe-Graetz-225x300.jpg 225w, https:\/\/einheit-bernburg.de\/content\/wp-content\/uploads\/2025\/07\/Uwe-Graetz.jpg 375w\" data-src=\"https:\/\/einheit-bernburg.de\/content\/wp-content\/uploads\/2025\/07\/Uwe-Graetz-225x300.jpg\"><\/a><\/td>\n<td style=\"width: 155.866%;\">\n<p><strong>Verein:<\/strong> SV Einheit Bernburg <br><strong>Schiedsrichter seit:<\/strong> 01.08.1968<br><strong>Ziel:<\/strong> nur noch SR-Assistent<br><strong>Mobil<\/strong>: 0171 &#8211; 377 04 15<br><strong>Spieler: <\/strong>in jungen Jahren aktiv<\/p>\n<p>Sp\u00e4ter war Uwe aktiv als Trainer, Jugendleiter u. Sektionsleiter Fu\u00dfball beim SV Blau-Wei\u00df K\u00f6nnern<br>Dekoriert mit der EN des DFV der DDR u. des FSA in GOLD<\/p>\n<\/td>\n<\/tr>\n<\/tbody>\n<\/table>\n<table style=\"width: 94.4902%; height: 336px;\">\n<tbody>\n<tr style=\"height: 24px;\">\n<td style=\"width: 34.5366%; height: 24px;\"><strong>Elias Torsten Neumeister<\/strong><\/td>\n<td style=\"width: 111.693%; height: 24px;\"><strong>Jahrgang: <\/strong><span class=\"dfb-label\">2011<\/span><\/td>\n<\/tr>\n<tr style=\"height: 256px;\">\n<td style=\"width: 34.5366%; height: 241px;\"><a href=\"https:\/\/einheit-bernburg.de\/content\/wp-content\/uploads\/2025\/07\/1000134492.jpg\"><noscript><img decoding=\"async\" class=\"alignnone  wp-image-41795\" src=\"https:\/\/einheit-bernburg.de\/content\/wp-content\/uploads\/2025\/07\/1000134492.jpg\" alt width=\"169\" height=\"204\"><\/noscript><img decoding=\"async\" class=\"alignnone  wp-image-41795 lazyload\" src=\"data:image\/svg+xml,%3Csvg%20xmlns%3D%22http%3A%2F%2Fwww.w3.org%2F2000%2Fsvg%22%20viewBox%3D%220%200%20169%20204%22%3E%3C%2Fsvg%3E\" alt width=\"169\" height=\"204\" data-src=\"https:\/\/einheit-bernburg.de\/content\/wp-content\/uploads\/2025\/07\/1000134492.jpg\"><\/a><\/td>\n<td style=\"width: 111.693%; height: 241px;\">\n<p><strong>Verein:<\/strong> SV Einheit Bernburg <br><strong>Schiedsrichter seit:<\/strong> Januar 2024<br><strong>Ziel:<\/strong>&nbsp;<br><strong>Mobil<\/strong>: 01573 &#8211; 276 50 33<br><strong>Spieler: <\/strong>C-Jun. Warmsdorfer SV<\/p>\n<p>Elias ist wohnhaft in G\u00fcsten und erwarb seine SR-Lizenz \u00fcber den VfL Ilberstedt.<br>In unserem Verein fand er ab Juli 2025 eine neue Heimat.<\/p>\n<\/td>\n<\/tr>\n<tr style=\"height: 30px;\">\n<td style=\"width: 34.5366%; height: 15px;\"><strong>Fabian Leidel<\/strong><\/td>\n<td style=\"width: 111.693%; height: 15px;\">\n<p><strong>Jahrgang: <\/strong>2004<\/p>\n<\/td>\n<\/tr>\n<tr style=\"height: 56px;\">\n<td style=\"width: 34.5366%; height: 56px;\"><a href=\"https:\/\/einheit-bernburg.de\/content\/wp-content\/uploads\/2026\/04\/Leidel-Fabian.jpg\"><noscript><img decoding=\"async\" class=\"alignnone  wp-image-44980\" src=\"https:\/\/einheit-bernburg.de\/content\/wp-content\/uploads\/2026\/04\/Leidel-Fabian-222x300.jpg\" alt width=\"169\" height=\"228\" srcset=\"https:\/\/einheit-bernburg.de\/content\/wp-content\/uploads\/2026\/04\/Leidel-Fabian-222x300.jpg 222w, https:\/\/einheit-bernburg.de\/content\/wp-content\/uploads\/2026\/04\/Leidel-Fabian.jpg 370w\" sizes=\"(max-width: 169px) 100vw, 169px\"><\/noscript><img decoding=\"async\" class=\"alignnone  wp-image-44980 lazyload\" src=\"data:image\/svg+xml,%3Csvg%20xmlns%3D%22http%3A%2F%2Fwww.w3.org%2F2000%2Fsvg%22%20viewBox%3D%220%200%20169%20228%22%3E%3C%2Fsvg%3E\" alt width=\"169\" height=\"228\" srcset=\"data:image\/svg+xml,%3Csvg%20xmlns%3D%22http%3A%2F%2Fwww.w3.org%2F2000%2Fsvg%22%20viewBox%3D%220%200%20169%20228%22%3E%3C%2Fsvg%3E 169w\" sizes=\"(max-width: 169px) 100vw, 169px\" data-srcset=\"https:\/\/einheit-bernburg.de\/content\/wp-content\/uploads\/2026\/04\/Leidel-Fabian-222x300.jpg 222w, https:\/\/einheit-bernburg.de\/content\/wp-content\/uploads\/2026\/04\/Leidel-Fabian.jpg 370w\" data-src=\"https:\/\/einheit-bernburg.de\/content\/wp-content\/uploads\/2026\/04\/Leidel-Fabian-222x300.jpg\"><\/a><\/td>\n<td style=\"width: 111.693%; height: 56px;\">\n<p><strong>Verein:<\/strong> SV Einheit Bernburg<br><strong>Schiedsrichter seit:<\/strong> Januar 2026<br><strong>Ziel:<br>Mobil:<\/strong><br><strong>Spieler:<\/strong> SV Einheit Bernburg<br><br>Fabian wohnt in Nienburg und erwarb seine SR-Lizenz im Januar 2026. Er schlo\u00df sich dem SV Einheit im Februar 2026 an und wird auch ab Mai als Spieler aktiv sein.<\/p>\n<\/td>\n<\/tr>\n<\/tbody>\n<\/table>\n<p>&nbsp;<\/p>\n<hr>\n<p><\/p>\n<p><span style=\"color: #0000ff;\">Leider ist der Sportfreund Vincent M\u00fcller nicht mehr aktiv &#8211; z\u00e4hlt aber als sehr gutes Beispiel, f\u00fcr einen Entschluss Jugendlicher oder auch Erwachsener, Schiedsrichter zu werden!<\/span><br><a href=\"http:\/\/einheit-bernburg.de\/content\/wp-content\/uploads\/2019\/01\/0001-2.jpg\"><noscript><img decoding=\"async\" class=\"alignnone size-medium wp-image-16805\" src=\"http:\/\/einheit-bernburg.de\/content\/wp-content\/uploads\/2019\/01\/0001-2-300x212.jpg\" alt width=\"262\" height=\"185\" srcset=\"https:\/\/einheit-bernburg.de\/content\/wp-content\/uploads\/2019\/01\/0001-2-300x212.jpg 300w, https:\/\/einheit-bernburg.de\/content\/wp-content\/uploads\/2019\/01\/0001-2-768x542.jpg 768w, https:\/\/einheit-bernburg.de\/content\/wp-content\/uploads\/2019\/01\/0001-2.jpg 800w\" sizes=\"(max-width: 262px) 100vw, 262px\"><\/noscript><img decoding=\"async\" class=\"alignnone size-medium wp-image-16805 lazyload\" src=\"data:image\/svg+xml,%3Csvg%20xmlns%3D%22http%3A%2F%2Fwww.w3.org%2F2000%2Fsvg%22%20viewBox%3D%220%200%20262%20185%22%3E%3C%2Fsvg%3E\" alt width=\"262\" height=\"185\" srcset=\"data:image\/svg+xml,%3Csvg%20xmlns%3D%22http%3A%2F%2Fwww.w3.org%2F2000%2Fsvg%22%20viewBox%3D%220%200%20262%20185%22%3E%3C%2Fsvg%3E 262w\" sizes=\"(max-width: 262px) 100vw, 262px\" data-srcset=\"https:\/\/einheit-bernburg.de\/content\/wp-content\/uploads\/2019\/01\/0001-2-300x212.jpg 300w, https:\/\/einheit-bernburg.de\/content\/wp-content\/uploads\/2019\/01\/0001-2-768x542.jpg 768w, https:\/\/einheit-bernburg.de\/content\/wp-content\/uploads\/2019\/01\/0001-2.jpg 800w\" data-src=\"http:\/\/einheit-bernburg.de\/content\/wp-content\/uploads\/2019\/01\/0001-2-300x212.jpg\"> <\/a><a href=\"http:\/\/einheit-bernburg.de\/content\/wp-content\/uploads\/2019\/01\/D-Jun.-Einheit-201819-2.jpg\"><noscript><img decoding=\"async\" class=\"alignnone size-full wp-image-16803\" src=\"http:\/\/einheit-bernburg.de\/content\/wp-content\/uploads\/2019\/01\/D-Jun.-Einheit-201819-2.jpg\" alt width=\"137\" height=\"184\"><\/noscript><img decoding=\"async\" class=\"alignnone size-full wp-image-16803 lazyload\" src=\"data:image\/svg+xml,%3Csvg%20xmlns%3D%22http%3A%2F%2Fwww.w3.org%2F2000%2Fsvg%22%20viewBox%3D%220%200%20137%20184%22%3E%3C%2Fsvg%3E\" alt width=\"137\" height=\"184\" data-src=\"http:\/\/einheit-bernburg.de\/content\/wp-content\/uploads\/2019\/01\/D-Jun.-Einheit-201819-2.jpg\"> <\/a><a href=\"http:\/\/einheit-bernburg.de\/content\/wp-content\/uploads\/2019\/02\/IMG-20190215-WA0000.jpg\"><noscript><img decoding=\"async\" class=\"alignnone size-medium wp-image-17521\" src=\"http:\/\/einheit-bernburg.de\/content\/wp-content\/uploads\/2019\/02\/IMG-20190215-WA0000-300x209.jpg\" alt width=\"263\" height=\"184\" srcset=\"https:\/\/einheit-bernburg.de\/content\/wp-content\/uploads\/2019\/02\/IMG-20190215-WA0000-300x209.jpg 300w, https:\/\/einheit-bernburg.de\/content\/wp-content\/uploads\/2019\/02\/IMG-20190215-WA0000-768x535.jpg 768w, https:\/\/einheit-bernburg.de\/content\/wp-content\/uploads\/2019\/02\/IMG-20190215-WA0000-1024x714.jpg 1024w, https:\/\/einheit-bernburg.de\/content\/wp-content\/uploads\/2019\/02\/IMG-20190215-WA0000-1080x753.jpg 1080w, https:\/\/einheit-bernburg.de\/content\/wp-content\/uploads\/2019\/02\/IMG-20190215-WA0000.jpg 1089w\" sizes=\"(max-width: 263px) 100vw, 263px\"><\/noscript><img decoding=\"async\" class=\"alignnone size-medium wp-image-17521 lazyload\" src=\"data:image\/svg+xml,%3Csvg%20xmlns%3D%22http%3A%2F%2Fwww.w3.org%2F2000%2Fsvg%22%20viewBox%3D%220%200%20263%20184%22%3E%3C%2Fsvg%3E\" alt width=\"263\" height=\"184\" srcset=\"data:image\/svg+xml,%3Csvg%20xmlns%3D%22http%3A%2F%2Fwww.w3.org%2F2000%2Fsvg%22%20viewBox%3D%220%200%20263%20184%22%3E%3C%2Fsvg%3E 263w\" sizes=\"(max-width: 263px) 100vw, 263px\" data-srcset=\"https:\/\/einheit-bernburg.de\/content\/wp-content\/uploads\/2019\/02\/IMG-20190215-WA0000-300x209.jpg 300w, https:\/\/einheit-bernburg.de\/content\/wp-content\/uploads\/2019\/02\/IMG-20190215-WA0000-768x535.jpg 768w, https:\/\/einheit-bernburg.de\/content\/wp-content\/uploads\/2019\/02\/IMG-20190215-WA0000-1024x714.jpg 1024w, https:\/\/einheit-bernburg.de\/content\/wp-content\/uploads\/2019\/02\/IMG-20190215-WA0000-1080x753.jpg 1080w, https:\/\/einheit-bernburg.de\/content\/wp-content\/uploads\/2019\/02\/IMG-20190215-WA0000.jpg 1089w\" data-src=\"http:\/\/einheit-bernburg.de\/content\/wp-content\/uploads\/2019\/02\/IMG-20190215-WA0000-300x209.jpg\"><\/a><br><a href=\"http:\/\/einheit-bernburg.de\/content\/wp-content\/uploads\/2019\/03\/Vincent-M\u00fcller.pdf\"><strong>Vincent M\u00fcller<\/strong> (in der MZ- hier)<\/a> ,von den D-Junioren des SV Einheit, noch keine 12 Jahr alt, hat diese Pr\u00fcfung zum Erwerb der Schiedsrichter-Lizenz mit 58 von 60 m\u00f6glichen Punkten als Lehrgangsbester (<strong>!!<\/strong>) erfolgreich bestanden. Herzlichen Gl\u00fcckwunsch Vincent!<\/p>\n<p><\/p>\n<p><\/p>\n<p><\/p>","protected":false},"excerpt":{"rendered":"<p>Wir suchen dringend Schiedsrichter!! Flyer SV Einheit &#8211; Was bieten wir?! Schiedsrichter werden immer gebraucht. Ohne sie funktioniert unser Sport nicht. Weitere Interessenten, die Freude daran haben, Spiele zu leiten und sich ganz nebenbei noch ein paar EURO Taschengeld dazu verdienen m\u00f6chten, k\u00f6nnen uns einfach ansprechen, entweder unter der Email &#8211; Adresse des Schiedsrichterausschusses sr-ausschuss@kfv-salzlandkreis.de [&hellip;]<\/p>\n","protected":false},"author":3,"featured_media":0,"parent":27,"menu_order":1,"comment_status":"closed","ping_status":"closed","template":"","meta":{"footnotes":""},"_links":{"self":[{"href":"https:\/\/einheit-bernburg.de\/content\/index.php?rest_route=\/wp\/v2\/pages\/2641"}],"collection":[{"href":"https:\/\/einheit-bernburg.de\/content\/index.php?rest_route=\/wp\/v2\/pages"}],"about":[{"href":"https:\/\/einheit-bernburg.de\/content\/index.php?rest_route=\/wp\/v2\/types\/page"}],"author":[{"embeddable":true,"href":"https:\/\/einheit-bernburg.de\/content\/index.php?rest_route=\/wp\/v2\/users\/3"}],"replies":[{"embeddable":true,"href":"https:\/\/einheit-bernburg.de\/content\/index.php?rest_route=%2Fwp%2Fv2%2Fcomments&post=2641"}],"version-history":[{"count":62,"href":"https:\/\/einheit-bernburg.de\/content\/index.php?rest_route=\/wp\/v2\/pages\/2641\/revisions"}],"predecessor-version":[{"id":44982,"href":"https:\/\/einheit-bernburg.de\/content\/index.php?rest_route=\/wp\/v2\/pages\/2641\/revisions\/44982"}],"up":[{"embeddable":true,"href":"https:\/\/einheit-bernburg.de\/content\/index.php?rest_route=\/wp\/v2\/pages\/27"}],"wp:attachment":[{"href":"https:\/\/einheit-bernburg.de\/content\/index.php?rest_route=%2Fwp%2Fv2%2Fmedia&parent=2641"}],"curies":[{"name":"wp","href":"https:\/\/api.w.org\/{rel}","templated":true}]}}