{"id":26493,"date":"2021-06-29T15:10:30","date_gmt":"2021-06-29T13:10:30","guid":{"rendered":"https:\/\/einheit-bernburg.de\/content\/?page_id=26493"},"modified":"2021-06-29T15:10:48","modified_gmt":"2021-06-29T13:10:48","slug":"d3-junioren","status":"publish","type":"page","link":"https:\/\/einheit-bernburg.de\/content\/?page_id=26493","title":{"rendered":"Archiv B2-Junioren 2020\/21"},"content":{"rendered":"<h1 class=\"aufm\">Spg. Schwarz-Gelb \/Einheit \/Askania Bernburg II.<\/h1>\n<h3 class=\"aufm\">Kreisoberliga 2020\/21<\/h3>\n<p><a href=\"http:\/\/einheit-bernburg.de\/content\/wp-content\/uploads\/2020\/09\/B2-2020-21_Schw.-Gelb-Einheit-Askania-II..jpeg\"><noscript><img decoding=\"async\" class=\"alignnone wp-image-24604 size-large\" src=\"http:\/\/einheit-bernburg.de\/content\/wp-content\/uploads\/2020\/09\/B2-2020-21_Schw.-Gelb-Einheit-Askania-II.-1024x693.jpeg\" alt width=\"1024\" height=\"693\" srcset=\"https:\/\/einheit-bernburg.de\/content\/wp-content\/uploads\/2020\/09\/B2-2020-21_Schw.-Gelb-Einheit-Askania-II.-1024x693.jpeg 1024w, https:\/\/einheit-bernburg.de\/content\/wp-content\/uploads\/2020\/09\/B2-2020-21_Schw.-Gelb-Einheit-Askania-II.-300x203.jpeg 300w, https:\/\/einheit-bernburg.de\/content\/wp-content\/uploads\/2020\/09\/B2-2020-21_Schw.-Gelb-Einheit-Askania-II.-768x520.jpeg 768w, https:\/\/einheit-bernburg.de\/content\/wp-content\/uploads\/2020\/09\/B2-2020-21_Schw.-Gelb-Einheit-Askania-II.-1080x731.jpeg 1080w\" sizes=\"(max-width: 1024px) 100vw, 1024px\"><\/noscript><img decoding=\"async\" class=\"alignnone wp-image-24604 size-large lazyload\" src=\"data:image\/svg+xml,%3Csvg%20xmlns%3D%22http%3A%2F%2Fwww.w3.org%2F2000%2Fsvg%22%20viewBox%3D%220%200%201024%20693%22%3E%3C%2Fsvg%3E\" alt width=\"1024\" height=\"693\" srcset=\"data:image\/svg+xml,%3Csvg%20xmlns%3D%22http%3A%2F%2Fwww.w3.org%2F2000%2Fsvg%22%20viewBox%3D%220%200%201024%20693%22%3E%3C%2Fsvg%3E 1024w\" sizes=\"(max-width: 1024px) 100vw, 1024px\" data-srcset=\"https:\/\/einheit-bernburg.de\/content\/wp-content\/uploads\/2020\/09\/B2-2020-21_Schw.-Gelb-Einheit-Askania-II.-1024x693.jpeg 1024w, https:\/\/einheit-bernburg.de\/content\/wp-content\/uploads\/2020\/09\/B2-2020-21_Schw.-Gelb-Einheit-Askania-II.-300x203.jpeg 300w, https:\/\/einheit-bernburg.de\/content\/wp-content\/uploads\/2020\/09\/B2-2020-21_Schw.-Gelb-Einheit-Askania-II.-768x520.jpeg 768w, https:\/\/einheit-bernburg.de\/content\/wp-content\/uploads\/2020\/09\/B2-2020-21_Schw.-Gelb-Einheit-Askania-II.-1080x731.jpeg 1080w\" data-src=\"http:\/\/einheit-bernburg.de\/content\/wp-content\/uploads\/2020\/09\/B2-2020-21_Schw.-Gelb-Einheit-Askania-II.-1024x693.jpeg\"><\/a><\/p>\n<hr>\n<p><a class=\"submenu\" href=\"http:\/\/einheit-bernburg.de\/content\/?page_id=23620\" target=\"_blank\" rel=\"noopener noreferrer\"><noscript><img decoding=\"async\" src=\"http:\/\/einheit-bernburg.de\/off\/images\/redsys\/link.gif\" alt border=\"0\"><\/noscript><img decoding=\"async\" src=\"data:image\/gif;base64,R0lGODlhAQABAIAAAAAAAP\/\/\/yH5BAEAAAAALAAAAAABAAEAAAIBRAA7\" alt border=\"0\" data-src=\"http:\/\/einheit-bernburg.de\/off\/images\/redsys\/link.gif\" class=\" lazyload\"><\/a>&nbsp;<a href=\"https:\/\/einheit-bernburg.de\/content\/?page_id=26513\" target=\"_blank\" rel=\"noopener\">Kader u. Zielstellung<\/a><\/p>\n<p><a class=\"submenu\" href=\"http:\/\/www.fussball.de\/spieltagsuebersicht\/landesliga-a-jun-staffel-6-sachsen-anhalt-a-junioren-landesliga-a-junioren-saison1516-sachsen-anhalt\/-\/staffel\/01OPP4VDC8000001VV0AG813VSIPV1RQ-G#!\/section\/stage\" target=\"_blank\" rel=\"noopener noreferrer\"><noscript><img decoding=\"async\" src=\"http:\/\/einheit-bernburg.de\/off\/images\/redsys\/link.gif\" alt border=\"0\"><\/noscript><img decoding=\"async\" src=\"data:image\/gif;base64,R0lGODlhAQABAIAAAAAAAP\/\/\/yH5BAEAAAAALAAAAAABAAEAAAIBRAA7\" alt border=\"0\" data-src=\"http:\/\/einheit-bernburg.de\/off\/images\/redsys\/link.gif\" class=\" lazyload\"><\/a> <a href=\"http:\/\/www.fussball.de\/spieltagsuebersicht\/kreisoberliga-b-junioren-slk-kreis-salzland-b-junioren-1kreisklasse-b-junioren-saison2021-sachsen-anhalt\/-\/staffel\/02B70G9CKO000009VS5489B4VS5CUV73-G#!\/\">Spielplan u. Tabelle<\/a><\/p>\n<p><a class=\"submenu\" href=\"http:\/\/www.fussball.de\/spieltagsuebersicht\/landesliga-a-jun-staffel-6-sachsen-anhalt-a-junioren-landesliga-a-junioren-saison1516-sachsen-anhalt\/-\/staffel\/01OPP4VDC8000001VV0AG813VSIPV1RQ-G#!\/section\/stage\" target=\"_blank\" rel=\"noopener noreferrer\"><noscript><img decoding=\"async\" src=\"http:\/\/einheit-bernburg.de\/off\/images\/redsys\/link.gif\" alt border=\"0\"><\/noscript><img decoding=\"async\" src=\"data:image\/gif;base64,R0lGODlhAQABAIAAAAAAAP\/\/\/yH5BAEAAAAALAAAAAABAAEAAAIBRAA7\" alt border=\"0\" data-src=\"http:\/\/einheit-bernburg.de\/off\/images\/redsys\/link.gif\" class=\" lazyload\"><\/a> <a href=\"http:\/\/einheit-bernburg.de\/content\/wp-content\/uploads\/2020\/07\/RTP-NW-Kreis-1.pdf\">RTP- Salzlandkreis 2020\/21<\/a> <a class=\"submenu\" href=\"http:\/\/www.fussball.de\/spieltagsuebersicht\/landesliga-a-jun-staffel-6-sachsen-anhalt-a-junioren-landesliga-a-junioren-saison1516-sachsen-anhalt\/-\/staffel\/01OPP4VDC8000001VV0AG813VSIPV1RQ-G#!\/section\/stage\" target=\"_blank\" rel=\"noopener noreferrer\"><noscript><img decoding=\"async\" src=\"http:\/\/einheit-bernburg.de\/off\/images\/redsys\/link.gif\" alt border=\"0\"><\/noscript><img decoding=\"async\" src=\"data:image\/gif;base64,R0lGODlhAQABAIAAAAAAAP\/\/\/yH5BAEAAAAALAAAAAABAAEAAAIBRAA7\" alt border=\"0\" data-src=\"http:\/\/einheit-bernburg.de\/off\/images\/redsys\/link.gif\" class=\" lazyload\"><\/a> <a href=\"http:\/\/einheit-bernburg.de\/content\/wp-content\/uploads\/2020\/07\/20-07-27_RTP-2020-2021-Junioren-2.pdf\">RTP Land 2020\/21<\/a><\/p>\n<p><strong>\u00dcber die abgelaufene Saison 2019\/20 kann man sich ausf\u00fchrlich im Archiv informieren<\/strong>.<\/p>\n<hr>\n<h1 class=\"aufm\">News u. Spielberichte<\/h1>\n<hr>\n<p><span style=\"text-decoration: underline;\"><strong>31.10.2020 <\/strong>Ansto\u00df:<strong> 10:30 Uhr &#8211; 7.ST &#8211; Kreisoberliga<\/strong><\/span><br>\nSG Schwarz.Gelb \/ Einheit \/ Askania Bernburg II. &#8211; <span class=\"dfb-label\">TSV G\/W Kl. M\u00fchlingen\/Z.<\/span><\/p>\n<hr>\n<p><span style=\"text-decoration: underline;\"><strong>25.10.2020 &#8211; Kreispokal 2020\/21 &#8211; 1.Runde<\/strong><\/span><br>\nSV 08 Baalberge &#8211; Spg. Schwarz-Gelb\/ Einheit\/Askania II. Bernburg <strong>4:1 (1:0)<\/strong><\/p>\n<hr>\n<p><span style=\"text-decoration: underline;\"><strong><span style=\"color: #ff0000; text-decoration: underline;\">Neu:<\/span> 07.11.2020 <\/strong>Ansto\u00df:<strong> 11:00 Uhr &#8211; 6.ST &#8211; Kreisoberliga<\/strong><\/span><br>\nSG Gatersleben\/Seeland &#8211; SG Schwarz.Gelb \/ Einheit \/ Askania Bernburg II.<\/p>\n<hr>\n<p><span style=\"text-decoration: underline;\"><strong>02.10.2020<\/strong> <strong>&#8211;<\/strong> <strong>5<\/strong><\/span><strong><span style=\"text-decoration: underline;\">.ST &#8211; Kreisoberliga<\/span><br>\n<\/strong>Spielort: Sparkassen-Arena \/ Kunstrasenplatz<br>\nSpg. Schwarz-Gelb\/ Einheit\/Askania Bernburg II. &#8211; SV 08 Baalberge <strong>2:5 (1:4)<\/strong><\/p>\n<hr>\n<p><span style=\"text-decoration: underline;\"><strong>27.09.2020 &#8211; 4.ST &#8211; Kreisoberliga<\/strong><\/span><br>\nSG Schneidlingen-Cochstedt &#8211; Spg. Schwarz-Gelb\/ Einheit\/Askania II. Bernburg <strong>4:0 (2:0)<\/strong><\/p>\n<hr>\n<p><span style=\"text-decoration: underline;\"><strong>20.09.2020 &#8211;<\/strong> <strong>3<\/strong><\/span><strong><span style=\"text-decoration: underline;\">.ST &#8211; Kreisoberliga<\/span><\/strong><br>\nTSV G\/W Kl. M\u00fchlingen\/Z. II. &#8211; Spg. Schwarz-Gelb\/ Einheit\/Askania Bernburg II. <strong>abgesetzt<\/strong><\/p>\n<hr>\n<p><span style=\"text-decoration: underline;\"><strong>13.09.2020<\/strong> &#8211;&nbsp; <strong>2.ST &#8211; Kreisoberliga <\/strong>in Roschwitz<\/span><br>\nSG Schwarz.Gelb \/ Einheit \/ Askania Bernburg II. &#8211; SV 90 St. Georg Hecklingen <strong>1:0 (1:0)<br>\n<\/strong><\/p>\n<p>Nach unserem ersten Spieltag gegen Rotation <span class=\"cmp_parsed_location\" data-cmp_parsed_location_name=\"Aschersleben\" data-cmp_parsed_location_weather=\"K15352002\" data-cmp_parsed_location_other=\"0\" data-ce-class=\"Locations\">Aschersleben<\/span> (0:7) wussten wir, was uns in der Altersklasse der B Junioren erwarten w\u00fcrde. Gegen St. Georg <span class=\"cmp_parsed_location\" data-cmp_parsed_location_name=\"Hecklingen\" data-cmp_parsed_location_weather=\"K15352018\" data-cmp_parsed_location_other=\"0\" data-ce-class=\"Locations\">Hecklingen<\/span>, die wir am zweiten Spieltag empfingen, w\u00fcrden wir auf einen robusten Gegner treffen, gegen den wir bereits in der letzten Saison recht deutlich verloren hatten. <span class=\"cmp_parsed_date\" data-cmp_parsed_date=\"2020-09-13\" data-ce-class=\"Dates\">Heute<\/span> waren wir allerdings besser vorbereitet und vor allem mit einem fu\u00dfballerisch st\u00e4rkeren Kader vertreten. Dies zeigte sich auch auf dem Platz. In der Anfangsphase hatten wir mehr Ballbesitz und konnten das Spiel recht ausgeglichen gestalten. Ein gef\u00e4hrlich getretener Freisto\u00df von Erik Heller rutschte unter dem gegnerischen Keeper ca. 15 Minuten nach Spielbeginn ins Tor und sorgte so f\u00fcr unsere F\u00fchrung. Jetzt machte <span class=\"cmp_parsed_location\" data-cmp_parsed_location_name=\"Hecklingen\" data-cmp_parsed_location_weather=\"K15352018\" data-cmp_parsed_location_other=\"0\" data-ce-class=\"Locations\">Hecklingen<\/span> mehr Druck und hatte mit 2-3 Spielern in ihren Reihen durchaus die Qualit\u00e4t, den Ausgleich zu erzielen. Es sollte ihnen zum Gl\u00fcck zum einen aufgrund einer guten Mannschaftsleistung und zum anderen aufgrund guter Einzelleistungen von unseren Spielern, die mitunter in h\u00f6chster Not noch kl\u00e4ren konnten, nicht gelingen .<br>\nEin Kompliment auch an unsere beiden Torleute, die den denkbar knappen Vorsprung ohne Gegentreffer \u00fcber die Zeit brachten.<\/p>\n<p>Eine bittere Pille war die rote Karte gegen unseren Innenverteidiger Benedikt, der sich nach einem groben Foulspiel gegen ihn auf eine Rangelei einlie\u00df, da m\u00fcssen wir noch lernen, unsere Emotionen besser in den Griff zu kriegen. Insgesamt gibt es technisch und taktisch noch viel zu tun. Ein erster kleiner Erfolg f\u00fcr unser bisheriges Trainingsengagement hat sich aber, so denken wir als Trainerstab, <span class=\"cmp_parsed_date\" data-cmp_parsed_date=\"2020-09-13\" data-ce-class=\"Dates\">heute<\/span> eingestellt. Weiter so Jungs&#8230;&#8230;denn Trainingsflei\u00df und Disziplin sind im Fu\u00dfball die Erfolgsgaranten&#8230;..<\/p>\n<p><strong>Kader:<\/strong> Lukas Ilgenstein, Max Masurek, Erik Heller (1Tor), Jannis Ehrich, Jonas Habenreich, Luca Hensel, Max <span class=\"cmp_parsed_location\" data-cmp_parsed_location_name=\"K\u00f6nitz\" data-cmp_parsed_location_weather=\"K16073043\" data-cmp_parsed_location_other=\"0\" data-ce-class=\"Locations\">K\u00f6nitz<\/span>, Nils Kersten, Ouday Kanash, Julien Lill, Alies Kumar, Moritz Hammermann, Torben Kathe, Leon Doley, Nico Bauer, Benedikt Holze<\/p>\n<hr>\n<p><span style=\"text-decoration: underline;\"><strong>05.09.2020<\/strong>&nbsp; <strong>1.ST &#8211; Kreisoberliga<\/strong><\/span><br>\nSV Rotation Aschersleben &#8211; SG Schwarz.Gelb \/ Einheit \/ Askania Bernburg II. <strong>7:0 (5:0)<\/strong><\/p>\n<hr>\n<p><strong>Testspiel:<\/strong><\/p>\n<p><strong>21.08.2020<\/strong>&nbsp; Ansto\u00df: <strong>17:30 Uhr<\/strong> Einheit &#8211; Sportplatz<br>\nSG Schwarz.Gelb \/ Einheit \/ Askania Bernburg II. &#8211; TSG Calbe <strong>1:8 (0:6)<\/strong><\/p>\n<hr>\n<p>&nbsp;<\/p>\n","protected":false},"excerpt":{"rendered":"<p>Spg. Schwarz-Gelb \/Einheit \/Askania Bernburg II. Kreisoberliga 2020\/21 &nbsp;Kader u. Zielstellung Spielplan u. Tabelle RTP- Salzlandkreis 2020\/21 RTP Land 2020\/21 \u00dcber die abgelaufene Saison 2019\/20 kann man sich ausf\u00fchrlich im Archiv informieren. News u. Spielberichte 31.10.2020 Ansto\u00df: 10:30 Uhr &#8211; 7.ST &#8211; Kreisoberliga SG Schwarz.Gelb \/ Einheit \/ Askania Bernburg II. &#8211; TSV G\/W Kl. [&hellip;]<\/p>\n","protected":false},"author":3,"featured_media":0,"parent":26310,"menu_order":4,"comment_status":"closed","ping_status":"closed","template":"","meta":{"footnotes":""},"_links":{"self":[{"href":"https:\/\/einheit-bernburg.de\/content\/index.php?rest_route=\/wp\/v2\/pages\/26493"}],"collection":[{"href":"https:\/\/einheit-bernburg.de\/content\/index.php?rest_route=\/wp\/v2\/pages"}],"about":[{"href":"https:\/\/einheit-bernburg.de\/content\/index.php?rest_route=\/wp\/v2\/types\/page"}],"author":[{"embeddable":true,"href":"https:\/\/einheit-bernburg.de\/content\/index.php?rest_route=\/wp\/v2\/users\/3"}],"replies":[{"embeddable":true,"href":"https:\/\/einheit-bernburg.de\/content\/index.php?rest_route=%2Fwp%2Fv2%2Fcomments&post=26493"}],"version-history":[{"count":2,"href":"https:\/\/einheit-bernburg.de\/content\/index.php?rest_route=\/wp\/v2\/pages\/26493\/revisions"}],"predecessor-version":[{"id":26516,"href":"https:\/\/einheit-bernburg.de\/content\/index.php?rest_route=\/wp\/v2\/pages\/26493\/revisions\/26516"}],"up":[{"embeddable":true,"href":"https:\/\/einheit-bernburg.de\/content\/index.php?rest_route=\/wp\/v2\/pages\/26310"}],"wp:attachment":[{"href":"https:\/\/einheit-bernburg.de\/content\/index.php?rest_route=%2Fwp%2Fv2%2Fmedia&parent=26493"}],"curies":[{"name":"wp","href":"https:\/\/api.w.org\/{rel}","templated":true}]}}