{"id":26513,"date":"2021-06-29T15:10:27","date_gmt":"2021-06-29T13:10:27","guid":{"rendered":"https:\/\/einheit-bernburg.de\/content\/?page_id=26513"},"modified":"2021-06-29T15:10:27","modified_gmt":"2021-06-29T13:10:27","slug":"kader-u-zielstellung-d3-junioren","status":"publish","type":"page","link":"https:\/\/einheit-bernburg.de\/content\/?page_id=26513","title":{"rendered":"Archiv Kader u. Zielstellung B2-Junioren 2020\/21"},"content":{"rendered":"<h1 class=\"aufm\">Spg. Schwarz-Gelb BBG\/ Einheit \/ Askania II.<\/h1>\n<h3>Kreisoberliga \u2013 2020\/21<\/h3>\n<p>Die B2 &#8211; Junioren der KOOP werden f\u00fcr diese Spielzeit mit dem SV Schwarz-Gelb Bernburg um einen dritten Spielpartner erweitert. Das ist ein Novom im Bernburger Nachwuchsfu\u00dfball und man darf darauf gespannt sein, wie sich diese Dreierspielgemeinschaft entwickeln und die Zusammenarbeit klappen wird. Zu dieser Mannschaft sto\u00dfen au\u00dferdem noch Spieler mit Zweitspielrecht vom FSV Rot-Wei\u00df Alsleben.<br \/>\nJedenfalls wird das Team mit den Trainern Andreas Kre\u00df (Einheit) und Markus Becker (Askania) von gen\u00fcgend Kompetenz gef\u00fchrt werden. Schwarz-Gelb Bernburg wird der tragende Verein dieser SG sein.<br \/>\nDem gesamten Kollektiv w\u00fcnschen wir einen erfolgreichen Saisonverlauf.<\/p>\n<hr \/>\n<div class=\"su-table su-table-alternate\">\n<table style=\"height: 344px;width: 704px\" width=\"702\">\n<tbody>\n<tr>\n<td style=\"width: 173px\"><strong>Ansprechpartner<\/strong><\/td>\n<td style=\"width: 531px\">Thomas Lehmann (Jug.-Leiter &#8211; Schw.-Gelb) Mobil: 0176 \/ 93 199 466<br \/>\nLothar Kral (Sportlicher Leiter &#8211; Einheit)<br \/>\nTel.: 03471 \/ 311868, Mobil: 0162 \/ 435 66 23<br \/>\nMarkus Becker (Jugendleiter &#8211; Askania) Mobil: 0160 \/ 973 796 29<\/td>\n<\/tr>\n<tr>\n<td style=\"width: 173px\"><strong>Trainingszeit<\/strong><\/td>\n<td style=\"width: 531px\">Montag,\u00a0\u00a0\u00a0 17:30 Uhr \u2013 19:00 Uhr\u00a0 Schwarz-Gelb Sportplatz<br \/>\nMittwoch, 17:00 Uhr \u2013 18:30 Uhr Einheit-Sportplatz<\/td>\n<\/tr>\n<tr>\n<td style=\"width: 173px\"><strong>\u00a0<\/strong><\/td>\n<td style=\"width: 531px\"><strong>Winter<\/strong><\/td>\n<\/tr>\n<tr>\n<td style=\"width: 173px\"><strong>Hallentraining<br \/>\n<\/strong><\/td>\n<td style=\"width: 531px\">Donnerstag 17:00 Uhr &#8211; 19:00 Uhr Halle &#8222;T\u00f6pferwiese&#8220;<br \/>\nab 01.12.2020<\/td>\n<\/tr>\n<tr>\n<td style=\"width: 173px\"><strong>Kunstrasen<br \/>\n<\/strong><\/td>\n<td style=\"width: 531px\">Mittwoch 17:30 Uhr &#8211; 18:30 Uhr\u00a0 ab 28.10.2020<\/td>\n<\/tr>\n<tr>\n<td style=\"width: 173px\"><strong>Trainer<\/strong><\/td>\n<td style=\"width: 531px\">Markus Becker\u00a0\u00a0\u00a0\u00a0\u00a0\u00a0\u00a0\u00a0\u00a0 Mobil: 0160 \/ 973 796 29<\/td>\n<\/tr>\n<tr>\n<td style=\"width: 173px\"><strong>Co-Trainer<br \/>\n<\/strong><\/td>\n<td style=\"width: 531px\">Andreas Kre\u00df \u00a0 \u00a0 \u00a0 \u00a0 \u00a0\u00a0 Mobil: 0157 \/ 878 029 30<\/td>\n<\/tr>\n<tr>\n<td style=\"width: 173px\"><strong>Betreuer<\/strong><\/td>\n<td style=\"width: 531px\">Thomas Lehmann\u00a0\u00a0\u00a0 Mobil: 0176 \/ 93 199 466<\/td>\n<\/tr>\n<tr>\n<td style=\"width: 173px\"><strong>Zielstellung<\/strong><\/td>\n<td style=\"width: 531px\"><\/td>\n<\/tr>\n<\/tbody>\n<\/table>\n<\/div>\n<hr \/>\n<h3>Kader<\/h3>\n\n<table id=\"tablepress-85\" class=\"tablepress tablepress-id-85\">\n<thead>\n<tr class=\"row-1 odd\">\n\t<th class=\"column-1\">Name<\/th><th class=\"column-2\">Vorname<\/th><th class=\"column-3\">Jahrgang<\/th><th class=\"column-4\">Vereinszugeh\u00f6rigkeit<\/th><th class=\"column-5\"><\/th><th class=\"column-6\"><\/th><th class=\"column-7\"><\/th><th class=\"column-8\"><\/th>\n<\/tr>\n<\/thead>\n<tbody>\n<tr class=\"row-2 even\">\n\t<td class=\"column-1\">Bijesh Kumar<\/td><td class=\"column-2\">Alies <\/td><td class=\"column-3\">2004<\/td><td class=\"column-4\">SV Einheit Bernburg<\/td><td class=\"column-5\"><\/td><td class=\"column-6\"><\/td><td class=\"column-7\"><\/td><td class=\"column-8\"><\/td>\n<\/tr>\n<tr class=\"row-3 odd\">\n\t<td class=\"column-1\">Heller<\/td><td class=\"column-2\">Eric<\/td><td class=\"column-3\">2004<\/td><td class=\"column-4\">TV Askania Bernburg<\/td><td class=\"column-5\"><\/td><td class=\"column-6\"><\/td><td class=\"column-7\"><\/td><td class=\"column-8\"><\/td>\n<\/tr>\n<tr class=\"row-4 even\">\n\t<td class=\"column-1\">Ilgenstein <\/td><td class=\"column-2\">Lukas<\/td><td class=\"column-3\">2004<\/td><td class=\"column-4\">SV Einheit Bernburg<\/td><td class=\"column-5\"><\/td><td class=\"column-6\"><\/td><td class=\"column-7\"><\/td><td class=\"column-8\"><\/td>\n<\/tr>\n<tr class=\"row-5 odd\">\n\t<td class=\"column-1\">Kalashyan<\/td><td class=\"column-2\">Rafik<\/td><td class=\"column-3\">2004<\/td><td class=\"column-4\">SV Einheit Bernburg<\/td><td class=\"column-5\"><\/td><td class=\"column-6\"><\/td><td class=\"column-7\"><\/td><td class=\"column-8\"><\/td>\n<\/tr>\n<tr class=\"row-6 even\">\n\t<td class=\"column-1\">Ehrich<\/td><td class=\"column-2\">Jannis<\/td><td class=\"column-3\">2005<\/td><td class=\"column-4\">SV Einheit Bernburg<\/td><td class=\"column-5\"><\/td><td class=\"column-6\"><\/td><td class=\"column-7\"><\/td><td class=\"column-8\"><\/td>\n<\/tr>\n<tr class=\"row-7 odd\">\n\t<td class=\"column-1\">Habenreich<\/td><td class=\"column-2\">Jonas<\/td><td class=\"column-3\">2005<\/td><td class=\"column-4\">SV Einheit Bernburg<\/td><td class=\"column-5\"><\/td><td class=\"column-6\"><\/td><td class=\"column-7\"><\/td><td class=\"column-8\"><\/td>\n<\/tr>\n<tr class=\"row-8 even\">\n\t<td class=\"column-1\">Hammermann<\/td><td class=\"column-2\">Moritz Emanuel<\/td><td class=\"column-3\">2005<\/td><td class=\"column-4\">SV Einheit Bernburg<\/td><td class=\"column-5\"><\/td><td class=\"column-6\"><\/td><td class=\"column-7\"><\/td><td class=\"column-8\"><\/td>\n<\/tr>\n<tr class=\"row-9 odd\">\n\t<td class=\"column-1\">Hensel<\/td><td class=\"column-2\">Jan Luca<\/td><td class=\"column-3\">2005<\/td><td class=\"column-4\">SV Einheit Bernburg<\/td><td class=\"column-5\"><\/td><td class=\"column-6\"><\/td><td class=\"column-7\"><\/td><td class=\"column-8\"><\/td>\n<\/tr>\n<tr class=\"row-10 even\">\n\t<td class=\"column-1\">Holze<\/td><td class=\"column-2\">Benedikt<\/td><td class=\"column-3\">2005<\/td><td class=\"column-4\">SV Einheit Bernburg<\/td><td class=\"column-5\"><\/td><td class=\"column-6\"><\/td><td class=\"column-7\"><\/td><td class=\"column-8\"><\/td>\n<\/tr>\n<tr class=\"row-11 odd\">\n\t<td class=\"column-1\">Kanhash<\/td><td class=\"column-2\">Ouday<\/td><td class=\"column-3\">2005<\/td><td class=\"column-4\">SV Einheit Bernburg<\/td><td class=\"column-5\"><\/td><td class=\"column-6\"><\/td><td class=\"column-7\"><\/td><td class=\"column-8\"><\/td>\n<\/tr>\n<tr class=\"row-12 even\">\n\t<td class=\"column-1\">Masurek<\/td><td class=\"column-2\">Max<\/td><td class=\"column-3\">2005<\/td><td class=\"column-4\">GS 1.FSV Nienburg<\/td><td class=\"column-5\"><\/td><td class=\"column-6\"><\/td><td class=\"column-7\"><\/td><td class=\"column-8\"><\/td>\n<\/tr>\n<tr class=\"row-13 odd\">\n\t<td class=\"column-1\">Reinke<\/td><td class=\"column-2\">Maximilian<\/td><td class=\"column-3\">2005<\/td><td class=\"column-4\">SV Einheit Bernburg<\/td><td class=\"column-5\"><\/td><td class=\"column-6\"><\/td><td class=\"column-7\"><\/td><td class=\"column-8\"><\/td>\n<\/tr>\n<tr class=\"row-14 even\">\n\t<td class=\"column-1\"><\/td><td class=\"column-2\"><\/td><td class=\"column-3\"><\/td><td class=\"column-4\"><\/td><td class=\"column-5\"><\/td><td class=\"column-6\"><\/td><td class=\"column-7\"><\/td><td class=\"column-8\"><\/td>\n<\/tr>\n<tr class=\"row-15 odd\">\n\t<td class=\"column-1\">Baum<\/td><td class=\"column-2\">Erik<\/td><td class=\"column-3\">2005<\/td><td class=\"column-4\">SV Schwarz-Gelb BBG<\/td><td class=\"column-5\"><\/td><td class=\"column-6\"><\/td><td class=\"column-7\"><\/td><td class=\"column-8\"><\/td>\n<\/tr>\n<tr class=\"row-16 even\">\n\t<td class=\"column-1\">Doley Leon<\/td><td class=\"column-2\">Leon<\/td><td class=\"column-3\">2006<\/td><td class=\"column-4\">SV Schwarz-Gelb BBG<\/td><td class=\"column-5\"><\/td><td class=\"column-6\"><\/td><td class=\"column-7\"><\/td><td class=\"column-8\"><\/td>\n<\/tr>\n<tr class=\"row-17 odd\">\n\t<td class=\"column-1\">Hungler<\/td><td class=\"column-2\">Paul<\/td><td class=\"column-3\">2006<\/td><td class=\"column-4\">SV Schwarz-Gelb BBG<\/td><td class=\"column-5\"><\/td><td class=\"column-6\"><\/td><td class=\"column-7\"><\/td><td class=\"column-8\"><\/td>\n<\/tr>\n<tr class=\"row-18 even\">\n\t<td class=\"column-1\">Kathe<\/td><td class=\"column-2\">Torben<\/td><td class=\"column-3\">2006<\/td><td class=\"column-4\">SV Schwarz-Gelb BBG<\/td><td class=\"column-5\"><\/td><td class=\"column-6\"><\/td><td class=\"column-7\"><\/td><td class=\"column-8\"><\/td>\n<\/tr>\n<tr class=\"row-19 odd\">\n\t<td class=\"column-1\">Kersten <\/td><td class=\"column-2\">Nils<\/td><td class=\"column-3\">2006<\/td><td class=\"column-4\">SV Schwarz-Gelb BBG<\/td><td class=\"column-5\"><\/td><td class=\"column-6\"><\/td><td class=\"column-7\"><\/td><td class=\"column-8\"><\/td>\n<\/tr>\n<tr class=\"row-20 even\">\n\t<td class=\"column-1\">K\u00f6nitz<\/td><td class=\"column-2\">Maximilian<\/td><td class=\"column-3\">2006<\/td><td class=\"column-4\">SV Schwarz-Gelb BBG<\/td><td class=\"column-5\"><\/td><td class=\"column-6\"><\/td><td class=\"column-7\"><\/td><td class=\"column-8\"><\/td>\n<\/tr>\n<tr class=\"row-21 odd\">\n\t<td class=\"column-1\">Lill<\/td><td class=\"column-2\">Julien<\/td><td class=\"column-3\">2006<\/td><td class=\"column-4\">SV Schwarz-Gelb BBG<\/td><td class=\"column-5\"><\/td><td class=\"column-6\"><\/td><td class=\"column-7\"><\/td><td class=\"column-8\"><\/td>\n<\/tr>\n<tr class=\"row-22 even\">\n\t<td class=\"column-1\">Stolz<\/td><td class=\"column-2\">Jan - Malte<\/td><td class=\"column-3\">2006<\/td><td class=\"column-4\">SV Schwarz-Gelb BBG<\/td><td class=\"column-5\"><\/td><td class=\"column-6\"><\/td><td class=\"column-7\"><\/td><td class=\"column-8\"><\/td>\n<\/tr>\n<tr class=\"row-23 odd\">\n\t<td class=\"column-1\"><\/td><td class=\"column-2\"><\/td><td class=\"column-3\"><\/td><td class=\"column-4\"><\/td><td class=\"column-5\"><\/td><td class=\"column-6\"><\/td><td class=\"column-7\"><\/td><td class=\"column-8\"><\/td>\n<\/tr>\n<tr class=\"row-24 even\">\n\t<td class=\"column-1\"><\/td><td class=\"column-2\"><\/td><td class=\"column-3\"><\/td><td class=\"column-4\"><\/td><td class=\"column-5\"><\/td><td class=\"column-6\"><\/td><td class=\"column-7\"><\/td><td class=\"column-8\"><\/td>\n<\/tr>\n<\/tbody>\n<\/table>\n\n","protected":false},"excerpt":{"rendered":"<p>Spg. Schwarz-Gelb BBG\/ Einheit \/ Askania II. Kreisoberliga \u2013 2020\/21 Die B2 &#8211; Junioren der KOOP werden f\u00fcr diese Spielzeit mit dem SV Schwarz-Gelb Bernburg um einen dritten Spielpartner erweitert. Das ist ein Novom im Bernburger Nachwuchsfu\u00dfball und man darf darauf gespannt sein, wie sich diese Dreierspielgemeinschaft entwickeln und die Zusammenarbeit klappen wird. Zu dieser [&hellip;]<\/p>\n","protected":false},"author":3,"featured_media":0,"parent":26493,"menu_order":0,"comment_status":"closed","ping_status":"closed","template":"","meta":{"footnotes":""},"_links":{"self":[{"href":"https:\/\/einheit-bernburg.de\/content\/index.php?rest_route=\/wp\/v2\/pages\/26513"}],"collection":[{"href":"https:\/\/einheit-bernburg.de\/content\/index.php?rest_route=\/wp\/v2\/pages"}],"about":[{"href":"https:\/\/einheit-bernburg.de\/content\/index.php?rest_route=\/wp\/v2\/types\/page"}],"author":[{"embeddable":true,"href":"https:\/\/einheit-bernburg.de\/content\/index.php?rest_route=\/wp\/v2\/users\/3"}],"replies":[{"embeddable":true,"href":"https:\/\/einheit-bernburg.de\/content\/index.php?rest_route=%2Fwp%2Fv2%2Fcomments&post=26513"}],"version-history":[{"count":1,"href":"https:\/\/einheit-bernburg.de\/content\/index.php?rest_route=\/wp\/v2\/pages\/26513\/revisions"}],"predecessor-version":[{"id":26514,"href":"https:\/\/einheit-bernburg.de\/content\/index.php?rest_route=\/wp\/v2\/pages\/26513\/revisions\/26514"}],"up":[{"embeddable":true,"href":"https:\/\/einheit-bernburg.de\/content\/index.php?rest_route=\/wp\/v2\/pages\/26493"}],"wp:attachment":[{"href":"https:\/\/einheit-bernburg.de\/content\/index.php?rest_route=%2Fwp%2Fv2%2Fmedia&parent=26513"}],"curies":[{"name":"wp","href":"https:\/\/api.w.org\/{rel}","templated":true}]}}