{"id":26523,"date":"2021-06-30T08:19:23","date_gmt":"2021-06-30T06:19:23","guid":{"rendered":"https:\/\/einheit-bernburg.de\/content\/?page_id=26523"},"modified":"2021-06-30T08:19:41","modified_gmt":"2021-06-30T06:19:41","slug":"d3-junioren-2","status":"publish","type":"page","link":"https:\/\/einheit-bernburg.de\/content\/?page_id=26523","title":{"rendered":"Archiv C2-Junioren 2020\/21"},"content":{"rendered":"<h1 class=\"aufm\">Spg. Einheit Bernburg \/ Askania Bernburg II.<\/h1>\n<h3 class=\"aufm\">Kreisoberliga 2020\/21<\/h3>\n<p><a href=\"http:\/\/einheit-bernburg.de\/content\/wp-content\/uploads\/2020\/09\/C2-202021-Einheit-Askania-II..jpeg\"><noscript><img decoding=\"async\" class=\"alignnone wp-image-24629 size-large\" src=\"http:\/\/einheit-bernburg.de\/content\/wp-content\/uploads\/2020\/09\/C2-202021-Einheit-Askania-II.-1024x693.jpeg\" alt width=\"1024\" height=\"693\" srcset=\"https:\/\/einheit-bernburg.de\/content\/wp-content\/uploads\/2020\/09\/C2-202021-Einheit-Askania-II.-1024x693.jpeg 1024w, https:\/\/einheit-bernburg.de\/content\/wp-content\/uploads\/2020\/09\/C2-202021-Einheit-Askania-II.-300x203.jpeg 300w, https:\/\/einheit-bernburg.de\/content\/wp-content\/uploads\/2020\/09\/C2-202021-Einheit-Askania-II.-768x520.jpeg 768w, https:\/\/einheit-bernburg.de\/content\/wp-content\/uploads\/2020\/09\/C2-202021-Einheit-Askania-II.-1080x731.jpeg 1080w\" sizes=\"(max-width: 1024px) 100vw, 1024px\"><\/noscript><img decoding=\"async\" class=\"alignnone wp-image-24629 size-large lazyload\" src=\"data:image\/svg+xml,%3Csvg%20xmlns%3D%22http%3A%2F%2Fwww.w3.org%2F2000%2Fsvg%22%20viewBox%3D%220%200%201024%20693%22%3E%3C%2Fsvg%3E\" alt width=\"1024\" height=\"693\" srcset=\"data:image\/svg+xml,%3Csvg%20xmlns%3D%22http%3A%2F%2Fwww.w3.org%2F2000%2Fsvg%22%20viewBox%3D%220%200%201024%20693%22%3E%3C%2Fsvg%3E 1024w\" sizes=\"(max-width: 1024px) 100vw, 1024px\" data-srcset=\"https:\/\/einheit-bernburg.de\/content\/wp-content\/uploads\/2020\/09\/C2-202021-Einheit-Askania-II.-1024x693.jpeg 1024w, https:\/\/einheit-bernburg.de\/content\/wp-content\/uploads\/2020\/09\/C2-202021-Einheit-Askania-II.-300x203.jpeg 300w, https:\/\/einheit-bernburg.de\/content\/wp-content\/uploads\/2020\/09\/C2-202021-Einheit-Askania-II.-768x520.jpeg 768w, https:\/\/einheit-bernburg.de\/content\/wp-content\/uploads\/2020\/09\/C2-202021-Einheit-Askania-II.-1080x731.jpeg 1080w\" data-src=\"http:\/\/einheit-bernburg.de\/content\/wp-content\/uploads\/2020\/09\/C2-202021-Einheit-Askania-II.-1024x693.jpeg\"><\/a><\/p>\n<p>Hinten v.l.: Lucas Henze, Yves Jason Krug, Nevio Kupka, Dennis Schaaf, Jakob M\u00fcller<\/p>\n<p>Mitte v.l.:<br>\nEnrico Schaaf (Mannschaftsbetreuer), Christoph Vatthauer (TR), Gino M. Kropf, Leon Niklas Ellermann, Janne Till Richter, Timon M\u00fcller, Peter Henze (Co-TR)<\/p>\n<p>Vorn v.l.:<br>\nPhillip Matthias, Niklas P\u00fclicher, Felix Gemende (TW), Christian Schoon, Theodor A. Hammermann<\/p>\n<hr>\n<p><a class=\"submenu\" href=\"http:\/\/einheit-bernburg.de\/content\/?page_id=557\" target=\"_blank\" rel=\"noopener noreferrer\"><noscript><img decoding=\"async\" src=\"http:\/\/einheit-bernburg.de\/off\/images\/redsys\/link.gif\" alt border=\"0\"><\/noscript><img decoding=\"async\" src=\"data:image\/gif;base64,R0lGODlhAQABAIAAAAAAAP\/\/\/yH5BAEAAAAALAAAAAABAAEAAAIBRAA7\" alt border=\"0\" data-src=\"http:\/\/einheit-bernburg.de\/off\/images\/redsys\/link.gif\" class=\" lazyload\"><\/a>&nbsp;<a href=\"https:\/\/einheit-bernburg.de\/content\/?page_id=26537\" target=\"_blank\" rel=\"noopener\">Kader u. Zielstellung<\/a><\/p>\n<p><a class=\"submenu\" href=\"http:\/\/www.fussball.de\/spieltagsuebersicht\/landesliga-a-jun-staffel-6-sachsen-anhalt-a-junioren-landesliga-a-junioren-saison1516-sachsen-anhalt\/-\/staffel\/01OPP4VDC8000001VV0AG813VSIPV1RQ-G#!\/section\/stage\" target=\"_blank\" rel=\"noopener noreferrer\"><noscript><img decoding=\"async\" src=\"http:\/\/einheit-bernburg.de\/off\/images\/redsys\/link.gif\" alt border=\"0\"><\/noscript><img decoding=\"async\" src=\"data:image\/gif;base64,R0lGODlhAQABAIAAAAAAAP\/\/\/yH5BAEAAAAALAAAAAABAAEAAAIBRAA7\" alt border=\"0\" data-src=\"http:\/\/einheit-bernburg.de\/off\/images\/redsys\/link.gif\" class=\" lazyload\"><\/a> <a href=\"http:\/\/www.fussball.de\/spieltagsuebersicht\/kreisoberliga-c-junioren-slk-1-kreis-salzland-c-junioren-1kreisklasse-c-junioren-saison2021-sachsen-anhalt\/-\/staffel\/02B70GAID4000009VS5489B4VS5CUV73-G#!\/\">Spielplan und Tabelle<\/a><\/p>\n<p><a class=\"submenu\" href=\"http:\/\/www.fussball.de\/spieltagsuebersicht\/landesliga-a-jun-staffel-6-sachsen-anhalt-a-junioren-landesliga-a-junioren-saison1516-sachsen-anhalt\/-\/staffel\/01OPP4VDC8000001VV0AG813VSIPV1RQ-G#!\/section\/stage\" target=\"_blank\" rel=\"noopener noreferrer\"><noscript><img decoding=\"async\" src=\"http:\/\/einheit-bernburg.de\/off\/images\/redsys\/link.gif\" alt border=\"0\"><\/noscript><img decoding=\"async\" src=\"data:image\/gif;base64,R0lGODlhAQABAIAAAAAAAP\/\/\/yH5BAEAAAAALAAAAAABAAEAAAIBRAA7\" alt border=\"0\" data-src=\"http:\/\/einheit-bernburg.de\/off\/images\/redsys\/link.gif\" class=\" lazyload\"><\/a> <a href=\"http:\/\/einheit-bernburg.de\/content\/wp-content\/uploads\/2020\/07\/RTP-NW-Kreis-1.pdf\">RTP-NW (Salzlandkreis) 2020\/21<\/a> <noscript><img decoding=\"async\" src=\"http:\/\/einheit-bernburg.de\/off\/images\/redsys\/link.gif\" alt border=\"0\"><\/noscript><img decoding=\"async\" src=\"data:image\/gif;base64,R0lGODlhAQABAIAAAAAAAP\/\/\/yH5BAEAAAAALAAAAAABAAEAAAIBRAA7\" alt border=\"0\" data-src=\"http:\/\/einheit-bernburg.de\/off\/images\/redsys\/link.gif\" class=\" lazyload\"> <a href=\"http:\/\/einheit-bernburg.de\/content\/wp-content\/uploads\/2020\/07\/20-07-27_RTP-2020-2021-Junioren-2.pdf\">RTP-NW (Land) 2020\/21<\/a><\/p>\n<p><strong>\u00dcber die abgelaufene Saison 2019\/20 kann man sich ausf\u00fchrlich im Archiv informieren<\/strong>.<\/p>\n<hr>\n<h1 class=\"aufm\">News u. Spielberichte<\/h1>\n<hr>\n<p><span style=\"text-decoration: underline;\"><strong>10.10.2020 <\/strong><strong>&#8211; 6.ST Kreisoberliga<\/strong><\/span><br>\nSG Schneidlingen\/Cochstedt &#8211; SG Einheit Bernburg\/Askania Bernburg II. <strong>3:2 (3:0)<\/strong><\/p>\n<hr>\n<p><strong><u>03.10.20<\/u><\/strong><strong><u><b>20<\/b><\/u><\/strong><u><b> <\/b><\/u><strong><u><b> &#8211;<\/b><\/u><\/strong><u><b> 5<\/b><\/u><strong><u>.ST Kreis<\/u><\/strong><strong><u><b>oberliga<br>\n<\/b><\/u><\/strong>SG Einheit Bernburg\/Askania Bernburg II. &#8211; SV Rotation Aschersleben <strong>0:8 (0:3)<\/strong><\/p>\n<p><strong>Spitzenreiter deckt Gastgeberdefizite schonungslos auf<\/strong><br>\nUnsere Jungs hatten in diesem Spiel dem Spitzenreiter wenig entgegenzusetzen. Sie spielten zwar zwischen den Strafr\u00e4umen gef\u00e4llig mit, waren aber im Angriff ohne Durchsetzungsverm\u00f6gen und konnten die B\u00e4lle nicht festmachen. Das f\u00fchrte st\u00e4ndig zu unn\u00f6tigen Ballverlusten und dadurch zum schnellen Umkehrspiel der G\u00e4ste, wobei sie mit ihren schnellen Angreifern die Gastgeberdefensive ziemlich alt aussehen lie\u00dfen. So entsprangen die Tore immer wieder aus solchen Situationen oder es wurde nur unsauber gekl\u00e4rt, sodass dann der zweite Ball sa\u00df. Wenn auch der eine oder andere Treffer aus abseitsverd\u00e4chtiger Position fiel &#8211; ist auch nicht leicht f\u00fcr den Schiedsrichter, auch wenn man sich von ihm eine h\u00f6here Laufbereitschaft gew\u00fcnscht h\u00e4tte &#8211; geht der klare Aschersleber Sieg voll in Ordnung.<\/p>\n<hr>\n<p><strong><u>26.09.20<\/u><\/strong><strong><u><b>20 <\/b><\/u><\/strong><strong><u><b> &#8211;<\/b><\/u><\/strong><u><b> 4<\/b><\/u><strong><u>.ST Kreis<\/u><\/strong><strong><u><b>oberliga<br>\n<\/b><\/u><\/strong>SG Einheit Bernburg\/Askania Bernburg II. &#8211; TSG Calbe <strong>1:2 (0:1)<\/strong><\/p>\n<p><strong>Trotz knapper Niederlage, Leistungssteigerung un\u00fcbersehbar<\/strong><br>\nBeide Mannschften hatten vor dem Spiel jeweils einen Sieg zu Buch stehen und gingen damit als Tabellennachbarn in das Spiel. Entsprechend ausgeglichen verlief die Begegnung auch. Beide Mannschaften vergaben in Halbzeit eins etliche gute Torchancen, wobei die Torh\u00fcter mit guten Leistungen ihr Tor sauber halten konnten. Unmittelbar vor dem Halbzeitpfiff war aber Felix Gemende im Einheittor doch chancenlos und musste das 0:1 hinnehmen.<br>\nNeu motiviert kamen die Gastgeber, die eine deutliche Leistungssteigerung zu den letzten beiden vorangegangenen Spielen nachwiesen, in die zweite H\u00e4lfte zur\u00fcck. Und sie erarbeiteten sich einige hochkar\u00e4tige Einschussm\u00f6glichkeiten. Der Ausgleich war eigentlch l\u00e4ngst f\u00e4llig, aber Abschlussschw\u00e4chen oder der G\u00e4stekeeper konnten diesen verhindern. So kam es, wie es dann oft beim Fu\u00dfball so ist. Calbeneser Konter &#8211; 0:2 (51.).<br>\nDoch die Platzherren lie\u00dfen sich nicht entmutigen, dr\u00e4ngten vehement mit einem regelrechten Sturmlauf auf eine Resultatsverbesserung und in 66.Spielminute belohnten sie sich dann endlich auch. Leon Ellermann war nach einer Ecke zur Stelle und dr\u00fcckte den Ball zum l\u00e4ngst verdienten Anschlusstreffer \u00fcber die Linie. In den letzten Minuten versuchten die Bernburger nochmal alles. Mehrfach mussten die G\u00e4ste aus Calbe den Ball von der Linie schlagen, um Ausgleich zu verhinden. Am Ende hatten sie gro\u00dfes Gl\u00fcck und konnten ihren zweiten Dreier mit nachhause nehmen.<br>\nDen Bernburger Jungs sei gesagt, Ihr habt heute ein prima Spiel gemacht, macht weiter so. Mit dem Kampfgeist, dieser Moral und auch dieser Disziplin seid Ihr auf dem richtigen Weg. Eine echte Verst\u00e4rkung f\u00fcr die Mannschaft stellte der von der C1 zur Verf\u00fcgung gestellte Nicklas Bergmann dar &#8211; ein Dank auch nochmal in diese Richtung &#8211; absolut unn\u00f6tig der verbale und sehr emotionale Ausrutscher nach dem Abpfiff durch den Bernburger Mannschaftskapit\u00e4n -\u00e4rgern ja und das muss auch sein, <strong>aber nicht so!!!<\/strong><\/p>\n<hr>\n<p><strong><u>19.09.20<\/u><\/strong><strong><u><b>20 &#8211;<\/b><\/u><\/strong><u><b> <\/b><\/u><strong><u> 3.ST Kreis<\/u><\/strong><strong><u><b>oberliga<br>\n<\/b><\/u><\/strong>SG Einheit Bernburg\/Askania Bernburg II. &#8211; MTV Welsleben 1887 <strong>3:6 (2:3)<\/strong><\/p>\n<p><b>Zu viele einfache Gegentore<br>\n<\/b>Am 3. Spieltag trafen wir auf zu Hause auf den MTV Welsleben. Nach der entt\u00e4uschenden Leistung in Egeln hofften wir&nbsp; als Trainerteam dass unsere Jungs an die Leistung vom Nienburg-Spiel ankn\u00fcpfen k\u00f6nnten. Und es fing auch super an. Mit dem ersten Angriff konnte sich Nevio durchsetzen und er er vollendete ins lange Eck. Das war nat\u00fcrlich ein Auftakt nach Ma\u00df und wenn Nevio nicht 5 Minuten sp\u00e4ter den Ball mit dem Kopf als unn\u00f6tigerweise mit der Hand ins Tor gebracht h\u00e4tte, wer wei\u00df wie es gelaufen w\u00e4re. So gab es noch die gelbe Karte dazu. Kurz darauf glich Welsleben durch einen direkt verwandelten Freisto\u00df aus. Der Ball war aber durchaus haltbar, wenn Felix sich nicht klein gemacht h\u00e4tte und so der Ball \u00fcber seine H\u00e4nde rutschte. Jetzt wurde der Gast st\u00e4rker und es wurde zweimal unsere Abwehr ausgespielt, allerdings mindestens einmal aus abseitsverd\u00e4chtiger Position, und schon stand es nach 20 Minuten 1:3. Kurz vor der Pause bekamen wir einen Freisto\u00df zugesprochen und Yves verwandelte zum Anschlusstreffer. Die Hoffnung auf den Ausgleich wurde aber Sekunden nach dem Anpfiff zur 2. Halbzeit wieder zunichte gemacht, als Yves und Niklas sich nicht einig waren und der Gegenspieler frei auf unser Tor lief und verwandelte. Auch das 2:5 war leider ein Geschenk unserer Abwehr, als der Ball ohne Bedr\u00e4ngnis einem Welslebener Spieler am Strafraum in die F\u00fc\u00dfe gespielt wurde und der keine M\u00fche hatte zu vollenden. Unsere Jungs gaben aber nicht auf und wieder nach einem Freisto\u00df konnte dieses Mal Janne aus Nahdistanz verk\u00fcrzen. Doch mit dem 3:6 in der 64. Minute war dann das Spiel entschieden. Dabei sah unsere Viererkette leider wieder nicht gut aus, als sie sich zu einfach ausspielen lie\u00df.<\/p>\n<p>Fazit: Nach einem sehr guten Start, nach dem es durchaus 2:0 h\u00e4tte stehen k\u00f6nnen, wurden zu einfache Gegentore zugelassen. So ist es dann schwierig ein Spiel erfolgreich zu gestalten. Es ist nat\u00fcrlich ein Lernprozess, da ja unser Kader gr\u00f6\u00dftenteils der j\u00fcngere Jahrgang ist, aber auch heute war durchaus mehr drin. Auf jeden Fall war aber, aus k\u00e4mpferischer Hinsicht, trotzdem eine Steigerung zum Spiel in Egeln zu erkennen.<\/p>\n<p><strong>Kader:<br>\n<\/strong><strong>Felix Gemende (TW), Phillip Matthias, <\/strong>Yves Krug, Niklas P\u00fclicher, Julien Lill, Theodor Hammermann, Dennis Schaaf (C), Lucas Henze, Gino Kropf, Janne Richter, <strong>Nevio Kupka<\/strong>, Leon Ellermann, Malte Stolz<\/p>\n<p><b>Torfolge<\/b> 1:0 Nevio (2.), 1:1, 1:2, 1:3 (7., 12., 20.), 2:3 Yves (35.), 2:4, 2:5 (36., 45.) 3:5 Janne (55.), 3:6 (64.)<\/p>\n<hr>\n<p><strong><u>12.09.20<\/u><\/strong><strong><u><b>20 &#8211;&nbsp;<\/b><\/u><\/strong><strong><u> 2.ST Kreis<\/u><\/strong><strong><u><b>oberliga<br>\n<\/b><\/u><\/strong>Egelner SV Germania &#8211; SG Einheit Bernburg\/Askania Bernburg II. <strong>7:2 (3:1)<\/strong><b><\/b><u><b><\/b><\/u><\/p>\n<hr>\n<p><strong><u>05.09.20<\/u><\/strong><strong><u><b>20 &#8211;<\/b><\/u><\/strong><strong><u> 1.ST Kreis<\/u><\/strong><strong><u><b>oberliga<\/b><\/u><\/strong><br>\nSG Einheit Bernburg\/Askania Bernburg II. \u2013 1. FSV Nienburg <strong>3:2 (1:1)<\/strong><\/p>\n<p><b>Start auf Gro\u00dffeld nach gutem Spiel gegl\u00fcckt<br>\n<\/b>Am 1. Spieltag trafen wir auf unseren alten bekannten Gegner aus Nienburg. F\u00fcr unsere Mannschaft war es \u00fcberhaupt das erste Spiel auf Gro\u00dffeld, da ja bekanntlich der Test gegen Aschersleben ausfallen musste. In den ersten Minuten merkte man dann auch den Jungs die Nervosit\u00e4t an. Nienburg hatte mehr vom Spiel, und versuchte immer wieder mit langen B\u00e4llen hinter unsere Abwehrreihe zu kommen. Einmal klappte das dann auch und nach ungl\u00fccklichem Abwehrversuch von Dennis gab es Elfmeter f\u00fcr Nienburg. Jonas Merker lie\u00df sich die Chance nicht entgehen und verwandelte sicher f\u00fcr die G\u00e4ste. Bei unserem Team wollte im Spiel nach vorn noch nicht viel gelingen. Zu oft wurden die Zweik\u00e4mpfe im Angriff verloren. Dann gab es aber nach sch\u00f6ner Einzelleistung von Nevio eine Riesenchance, doch der Ball rollte am rechten Pfosten vorbei. Kurz danach hatten wir gro\u00dfes Gl\u00fcck das nicht das 0:2 fiel, als durch einen vert\u00e4ndelten Ball zwischen Felix und der Abwehr, das leere Tor nicht getroffen wurde. Dann lief schon die Nachspielzeit der 1. Halbzeit, als Dennis an der Mittellinie noch einmal einen Freisto\u00df heraus geholt hatte. Der Ball von Yves kam direkt vor das Tor der Nienburger, Nevio konnte seinem Gegenspieler entwischen und erzielte per Kopf den viel umjubelten Ausgleich. Das schien dann auch die Wende im Spiel zu sein, denn ab da \u00fcbernahmen unsere Jungs das Zepter. Jetzt klappte auch spielerisch viel mehr und Nienburg geriet zunehmend unter Druck. Es gab jetzt einige Ecken und eine davon schlug Theo gef\u00e4hrlich auf das Tor der G\u00e4ste, denen beim Abwehrversuch am kurzen Pfosten dann ein Eigentor unterlief. Jetzt klappte fast alles, die Abwehr stand sicher und als Leon dann mit einer Bogenlampe den Torwart der Nienburger \u00fcberraschte, stand es sogar 3:1. Chancen f\u00fcr ein noch h\u00f6heres Resultat waren vorhanden, wie als Nevio sich klasse an der Au\u00dfenlinie den Ball erk\u00e4mpfte, aber dann selbst abschloss und das Au\u00dfennetz traf, anstatt die drei freien Mitspieler im Strafraum zu sehen. Aber es kann ja noch nicht alles klappen. Trotzdem wurde es dadurch noch einmal gef\u00e4hrlich, als Nienburg 5 Minuten vor dem Ende nach einem Eckball den Anschlusstreffer erzielte. In den letzten Minuten hatten aber die G\u00e4ste, durch gro\u00dfen k\u00e4mpferischen Einsatz des gesamten Teams, keine nennenswerte Torchance mehr. Nach dem Schlusspfiff war dann der Jubel unserer Mannschaft riesig. Der erste Sieg auf Gro\u00dffeld war eingefahren.<\/p>\n<p>Fazit: In der ersten Halbzeit merkte man vielen Spielern die Nervosit\u00e4t noch an, dass erste mal auf Gro\u00dffeld zu spielen. Nach dem Ausgleich machten die Jungs dann aber ein gutes Spiel und es war ein verdienter Sieg gegen einen starken Gegner. Es war eine sehr gute k\u00e4mpferische Leistung der gesamten Mannschaft, in der Nevio noch herausragte. Ein Riesenkompliment daf\u00fcr von uns Trainern. Weiter so.<\/p>\n<p><strong>Kader:<br>\n<\/strong><strong>Felix Gemende (TW), Phillip Matthias, <\/strong>Yves Krug, Niklas P\u00fclicher, Christian Schoon, Dennis Schaaf (C), Timon M\u00fcller, Lucas Henze, Gino Kropf, Janne Richter, <strong>Nevio Kupka<\/strong>, Theodor Hammermann, Jakob M\u00fcller, Leon Ellermann<\/p>\n<p><b>Torfolge<\/b> 0:1 (10.) Elfmeter, 1:1 Nevio (35.), 2:1 Eigentor (45.), 3:1 Leon (52.), 3:2 (65.)<\/p>\n<hr>\n<p><strong>Testspiel:<\/strong><\/p>\n<p><span style=\"text-decoration: underline;\">Mittwoch, 26.08.2020&nbsp; Ansto\u00df: 18:00 Uhr <strong>&#8211; Wegen Coronafall bei Rotation abgesagt<br>\n<\/strong><\/span>Spielort: Stadion Aschersleben Pl.2, Wilslebener Str. 1, 06449 Aschersleben (Kunstrasenplatz)<br>\nSV Rotation Aschersleben &#8211; SG Einheit Bernburg\/Askania Bernburg II.<\/p>\n<hr>\n<p>&nbsp;<\/p>\n","protected":false},"excerpt":{"rendered":"<p>Spg. Einheit Bernburg \/ Askania Bernburg II. Kreisoberliga 2020\/21 Hinten v.l.: Lucas Henze, Yves Jason Krug, Nevio Kupka, Dennis Schaaf, Jakob M\u00fcller Mitte v.l.: Enrico Schaaf (Mannschaftsbetreuer), Christoph Vatthauer (TR), Gino M. Kropf, Leon Niklas Ellermann, Janne Till Richter, Timon M\u00fcller, Peter Henze (Co-TR) Vorn v.l.: Phillip Matthias, Niklas P\u00fclicher, Felix Gemende (TW), Christian Schoon, [&hellip;]<\/p>\n","protected":false},"author":3,"featured_media":0,"parent":26310,"menu_order":6,"comment_status":"closed","ping_status":"closed","template":"","meta":{"footnotes":""},"_links":{"self":[{"href":"https:\/\/einheit-bernburg.de\/content\/index.php?rest_route=\/wp\/v2\/pages\/26523"}],"collection":[{"href":"https:\/\/einheit-bernburg.de\/content\/index.php?rest_route=\/wp\/v2\/pages"}],"about":[{"href":"https:\/\/einheit-bernburg.de\/content\/index.php?rest_route=\/wp\/v2\/types\/page"}],"author":[{"embeddable":true,"href":"https:\/\/einheit-bernburg.de\/content\/index.php?rest_route=\/wp\/v2\/users\/3"}],"replies":[{"embeddable":true,"href":"https:\/\/einheit-bernburg.de\/content\/index.php?rest_route=%2Fwp%2Fv2%2Fcomments&post=26523"}],"version-history":[{"count":2,"href":"https:\/\/einheit-bernburg.de\/content\/index.php?rest_route=\/wp\/v2\/pages\/26523\/revisions"}],"predecessor-version":[{"id":26540,"href":"https:\/\/einheit-bernburg.de\/content\/index.php?rest_route=\/wp\/v2\/pages\/26523\/revisions\/26540"}],"up":[{"embeddable":true,"href":"https:\/\/einheit-bernburg.de\/content\/index.php?rest_route=\/wp\/v2\/pages\/26310"}],"wp:attachment":[{"href":"https:\/\/einheit-bernburg.de\/content\/index.php?rest_route=%2Fwp%2Fv2%2Fmedia&parent=26523"}],"curies":[{"name":"wp","href":"https:\/\/api.w.org\/{rel}","templated":true}]}}