{"id":26565,"date":"2021-06-30T08:29:26","date_gmt":"2021-06-30T06:29:26","guid":{"rendered":"https:\/\/einheit-bernburg.de\/content\/?page_id=26565"},"modified":"2021-06-30T08:29:26","modified_gmt":"2021-06-30T06:29:26","slug":"kader-u-zielstellung-e2-junioren","status":"publish","type":"page","link":"https:\/\/einheit-bernburg.de\/content\/?page_id=26565","title":{"rendered":"Archiv Kader u. Zielstellung D2-Junioren 2020\/21"},"content":{"rendered":"<h1 class=\"aufm\">SV Einheit Bernburg II.<\/h1>\n<h3>1. Kreisklasse Staffel 1 \u2013 2020\/21<\/h3>\n<p>Diese Mannschaft erh\u00e4lt in diesem Jahr ein v\u00f6llig neues Gesicht, da das Vorjahresteam komplett altersm\u00e4\u00dfig in die C &#8211; Junioren wechselt. Es r\u00fccken die Jungs der letztj\u00e4hrigen E1 nach, was gleichzeitig bedeutet, dass auch einige Spieler, die noch bei den E-Junioren spielen k\u00f6nnten, eine Altersklasse h\u00f6her r\u00fccken. Weiterhin hat man sich kurzfristig mit dem FSV Rot-Wei\u00df Alsleben arangiert, der auch einige Spieler zur Verf\u00fcgung stellt, die ein Zweitspielrecht erhalten. Unter der F\u00fchrung ihres Vorjahrestrainers Jens Hammermann und mit noch einigen Spieler der D3 des Vorjahres sollen sich diese Jungs weiter entwickeln. Personalnot sollte mit diesem Kader ausgeschlossen sein.<br \/>\nWir hoffen auf eine gute Zusammenarbeit mit den Alslebern und w\u00fcnschen dem gesamten Kollektiv viel Erfolg!<\/p>\n<hr \/>\n<div class=\"su-table su-table-alternate\">\n<table style=\"width: 636px\">\n<tbody>\n<tr>\n<td style=\"width: 158px\"><strong>Ansprechpartner<\/strong><\/td>\n<td style=\"width: 478px\">Lothar Kral (Sportlicher Leiter &#8211; Einheit)<br \/>\nTel.: 03471 \/ 311868\u00a0\u00a0 Mobil: 0162 \/ 435 66 23<br \/>\nMarkus Becker (Jugendleiter &#8211; Askania) Mobil: 0160 \/ 973 796 29<br \/>\nEike K\u00f6her (Jugendleiter &#8211; Alsleben) Mobil: 0157 \/ 302 21 51<\/td>\n<\/tr>\n<tr>\n<td style=\"width: 158px\"><strong>Trainingszeit<\/strong><\/td>\n<td style=\"width: 478px\">Dienstag u. Freitag\u00a0 16:30 Uhr &#8211; 18:00 Uhr Einheit &#8211; Sportplatz<\/td>\n<\/tr>\n<tr>\n<td style=\"width: 158px\"><strong>\u00a0<\/strong><\/td>\n<td style=\"width: 478px\"><strong>Winter<\/strong><\/td>\n<\/tr>\n<tr>\n<td style=\"width: 158px\"><strong>Hallentraining<br \/>\n<\/strong><\/td>\n<td style=\"width: 478px\">Montag 16:00 Uhr &#8211; 17:30 Uhr Halle &#8222;T\u00f6pferwiese&#8220;<br \/>\n26.10.2020 &#8211; 15.03.2021<\/td>\n<\/tr>\n<tr>\n<td style=\"width: 158px\"><strong>Kunstrasen<br \/>\n<\/strong><\/td>\n<td style=\"width: 478px\">Donnerstag 17:00 Uhr &#8211; 18:00 Uhr<\/td>\n<\/tr>\n<tr>\n<td style=\"width: 158px\"><strong>Trainer<\/strong><\/td>\n<td style=\"width: 478px\">Jens Hammermann\u00a0\u00a0\u00a0\u00a0\u00a0\u00a0\u00a0\u00a0\u00a0\u00a0 Mobil: 0178 \/ 549 79 58<\/td>\n<\/tr>\n<tr>\n<td style=\"width: 158px\"><strong>Co &#8211; Trainer<\/strong><\/td>\n<td style=\"width: 478px\">Oliver Zabel\u00a0\u00a0\u00a0\u00a0\u00a0\u00a0\u00a0\u00a0\u00a0\u00a0\u00a0\u00a0\u00a0\u00a0\u00a0\u00a0\u00a0\u00a0\u00a0\u00a0\u00a0\u00a0\u00a0\u00a0 Mobil: 0177 \/ 564 23 78<\/td>\n<\/tr>\n<tr>\n<td style=\"width: 158px\"><strong>Betreuer<br \/>\n<\/strong><\/td>\n<td style=\"width: 478px\"><\/td>\n<\/tr>\n<tr>\n<td style=\"width: 158px\"><strong>Zielstellung<\/strong><\/td>\n<td style=\"width: 478px\"><\/td>\n<\/tr>\n<\/tbody>\n<\/table>\n<\/div>\n<hr \/>\n<h3>Kader<\/h3>\n\n<table id=\"tablepress-87\" class=\"tablepress tablepress-id-87\">\n<thead>\n<tr class=\"row-1 odd\">\n\t<th class=\"column-1\">Name<\/th><th class=\"column-2\">Vorname<\/th><th class=\"column-3\">Jahrgang<\/th><th class=\"column-4\">Herkunft<\/th><th class=\"column-5\"><\/th><th class=\"column-6\"><\/th><th class=\"column-7\"><\/th><th class=\"column-8\"><\/th><th class=\"column-9\"><\/th>\n<\/tr>\n<\/thead>\n<tbody>\n<tr class=\"row-2 even\">\n\t<td class=\"column-1\">Hein <\/td><td class=\"column-2\">Dennis Connor<\/td><td class=\"column-3\">2008<\/td><td class=\"column-4\">Einheit<\/td><td class=\"column-5\"><\/td><td class=\"column-6\"><\/td><td class=\"column-7\"><\/td><td class=\"column-8\"><\/td><td class=\"column-9\"><\/td>\n<\/tr>\n<tr class=\"row-3 odd\">\n\t<td class=\"column-1\">Ochsendorf<\/td><td class=\"column-2\">Nico Sven<\/td><td class=\"column-3\">2008<\/td><td class=\"column-4\">Einheit<\/td><td class=\"column-5\"><\/td><td class=\"column-6\"><\/td><td class=\"column-7\"><\/td><td class=\"column-8\"><\/td><td class=\"column-9\"><\/td>\n<\/tr>\n<tr class=\"row-4 even\">\n\t<td class=\"column-1\"><\/td><td class=\"column-2\"><\/td><td class=\"column-3\"><\/td><td class=\"column-4\"><\/td><td class=\"column-5\"><\/td><td class=\"column-6\"><\/td><td class=\"column-7\"><\/td><td class=\"column-8\"><\/td><td class=\"column-9\"><\/td>\n<\/tr>\n<tr class=\"row-5 odd\">\n\t<td class=\"column-1\">Demir<\/td><td class=\"column-2\">Janik Joel<\/td><td class=\"column-3\">2009<\/td><td class=\"column-4\">Einheit<\/td><td class=\"column-5\"><\/td><td class=\"column-6\"><\/td><td class=\"column-7\"><\/td><td class=\"column-8\"><\/td><td class=\"column-9\"><\/td>\n<\/tr>\n<tr class=\"row-6 even\">\n\t<td class=\"column-1\">Karambadzakis<\/td><td class=\"column-2\">Jonas<\/td><td class=\"column-3\">2009<\/td><td class=\"column-4\">Askania<\/td><td class=\"column-5\"><\/td><td class=\"column-6\"><\/td><td class=\"column-7\"><\/td><td class=\"column-8\"><\/td><td class=\"column-9\"><\/td>\n<\/tr>\n<tr class=\"row-7 odd\">\n\t<td class=\"column-1\">Littig<\/td><td class=\"column-2\">Luca<\/td><td class=\"column-3\">2009<\/td><td class=\"column-4\">Einheit<\/td><td class=\"column-5\"><\/td><td class=\"column-6\"><\/td><td class=\"column-7\"><\/td><td class=\"column-8\"><\/td><td class=\"column-9\"><\/td>\n<\/tr>\n<tr class=\"row-8 even\">\n\t<td class=\"column-1\">Wiedensse<\/td><td class=\"column-2\">Erik<\/td><td class=\"column-3\">2009<\/td><td class=\"column-4\">Einheit<\/td><td class=\"column-5\"><\/td><td class=\"column-6\"><\/td><td class=\"column-7\"><\/td><td class=\"column-8\"><\/td><td class=\"column-9\"><\/td>\n<\/tr>\n<tr class=\"row-9 odd\">\n\t<td class=\"column-1\">Zabel<\/td><td class=\"column-2\">Lenny<\/td><td class=\"column-3\">2009<\/td><td class=\"column-4\">Einheit<\/td><td class=\"column-5\"><\/td><td class=\"column-6\"><\/td><td class=\"column-7\"><\/td><td class=\"column-8\"><\/td><td class=\"column-9\"><\/td>\n<\/tr>\n<tr class=\"row-10 even\">\n\t<td class=\"column-1\"><\/td><td class=\"column-2\"><\/td><td class=\"column-3\"><\/td><td class=\"column-4\"><\/td><td class=\"column-5\"><\/td><td class=\"column-6\"><\/td><td class=\"column-7\"><\/td><td class=\"column-8\"><\/td><td class=\"column-9\"><\/td>\n<\/tr>\n<tr class=\"row-11 odd\">\n\t<td class=\"column-1\">Bartel <\/td><td class=\"column-2\">Maurice<\/td><td class=\"column-3\">2010<\/td><td class=\"column-4\">Einheit<\/td><td class=\"column-5\"><\/td><td class=\"column-6\"><\/td><td class=\"column-7\"><\/td><td class=\"column-8\"><\/td><td class=\"column-9\"><\/td>\n<\/tr>\n<tr class=\"row-12 even\">\n\t<td class=\"column-1\">Hammermann<\/td><td class=\"column-2\">Franz<\/td><td class=\"column-3\">2010<\/td><td class=\"column-4\">Einheit<\/td><td class=\"column-5\"><\/td><td class=\"column-6\"><\/td><td class=\"column-7\"><\/td><td class=\"column-8\"><\/td><td class=\"column-9\"><\/td>\n<\/tr>\n<tr class=\"row-13 odd\">\n\t<td class=\"column-1\">Luckau<\/td><td class=\"column-2\">Damian Anthony<\/td><td class=\"column-3\">2010<\/td><td class=\"column-4\">Einheit<\/td><td class=\"column-5\"><\/td><td class=\"column-6\"><\/td><td class=\"column-7\"><\/td><td class=\"column-8\"><\/td><td class=\"column-9\"><\/td>\n<\/tr>\n<tr class=\"row-14 even\">\n\t<td class=\"column-1\"><\/td><td class=\"column-2\"><\/td><td class=\"column-3\"><\/td><td class=\"column-4\"><\/td><td class=\"column-5\"><\/td><td class=\"column-6\"><\/td><td class=\"column-7\"><\/td><td class=\"column-8\"><\/td><td class=\"column-9\"><\/td>\n<\/tr>\n<tr class=\"row-15 odd\">\n\t<td class=\"column-1\">Gastspieler<\/td><td class=\"column-2\"><\/td><td class=\"column-3\"><\/td><td class=\"column-4\"><\/td><td class=\"column-5\"><\/td><td class=\"column-6\"><\/td><td class=\"column-7\"><\/td><td class=\"column-8\"><\/td><td class=\"column-9\"><\/td>\n<\/tr>\n<tr class=\"row-16 even\">\n\t<td class=\"column-1\">Dockhorn<\/td><td class=\"column-2\">Eike<\/td><td class=\"column-3\">2009<\/td><td class=\"column-4\">Zweitspielrecht<br \/>\nFSV Rot-Wei\u00df Alsleben<\/td><td class=\"column-5\"><\/td><td class=\"column-6\"><\/td><td class=\"column-7\"><\/td><td class=\"column-8\"><\/td><td class=\"column-9\"><\/td>\n<\/tr>\n<tr class=\"row-17 odd\">\n\t<td class=\"column-1\">Gruner<\/td><td class=\"column-2\">Jamie<\/td><td class=\"column-3\">2009<\/td><td class=\"column-4\">Zweitspielrecht<br \/>\nFSV Rot-Wei\u00df Alsleben<\/td><td class=\"column-5\"><\/td><td class=\"column-6\"><\/td><td class=\"column-7\"><\/td><td class=\"column-8\"><\/td><td class=\"column-9\"><\/td>\n<\/tr>\n<tr class=\"row-18 even\">\n\t<td class=\"column-1\">Rieger<\/td><td class=\"column-2\">Hannes<\/td><td class=\"column-3\">2009<\/td><td class=\"column-4\">Zweitspielrecht<br \/>\nFSV Rot-Wei\u00df Alsleben<\/td><td class=\"column-5\"><\/td><td class=\"column-6\"><\/td><td class=\"column-7\"><\/td><td class=\"column-8\"><\/td><td class=\"column-9\"><\/td>\n<\/tr>\n<tr class=\"row-19 odd\">\n\t<td class=\"column-1\">Zorn<\/td><td class=\"column-2\">Leonard<\/td><td class=\"column-3\">2009<\/td><td class=\"column-4\">Zweitspielrecht<br \/>\nFSV Rot-Wei\u00df Alsleben<\/td><td class=\"column-5\"><\/td><td class=\"column-6\"><\/td><td class=\"column-7\"><\/td><td class=\"column-8\"><\/td><td class=\"column-9\"><\/td>\n<\/tr>\n<\/tbody>\n<\/table>\n\n","protected":false},"excerpt":{"rendered":"<p>SV Einheit Bernburg II. 1. Kreisklasse Staffel 1 \u2013 2020\/21 Diese Mannschaft erh\u00e4lt in diesem Jahr ein v\u00f6llig neues Gesicht, da das Vorjahresteam komplett altersm\u00e4\u00dfig in die C &#8211; Junioren wechselt. Es r\u00fccken die Jungs der letztj\u00e4hrigen E1 nach, was gleichzeitig bedeutet, dass auch einige Spieler, die noch bei den E-Junioren spielen k\u00f6nnten, eine Altersklasse [&hellip;]<\/p>\n","protected":false},"author":3,"featured_media":0,"parent":26545,"menu_order":0,"comment_status":"closed","ping_status":"closed","template":"","meta":{"footnotes":""},"_links":{"self":[{"href":"https:\/\/einheit-bernburg.de\/content\/index.php?rest_route=\/wp\/v2\/pages\/26565"}],"collection":[{"href":"https:\/\/einheit-bernburg.de\/content\/index.php?rest_route=\/wp\/v2\/pages"}],"about":[{"href":"https:\/\/einheit-bernburg.de\/content\/index.php?rest_route=\/wp\/v2\/types\/page"}],"author":[{"embeddable":true,"href":"https:\/\/einheit-bernburg.de\/content\/index.php?rest_route=\/wp\/v2\/users\/3"}],"replies":[{"embeddable":true,"href":"https:\/\/einheit-bernburg.de\/content\/index.php?rest_route=%2Fwp%2Fv2%2Fcomments&post=26565"}],"version-history":[{"count":1,"href":"https:\/\/einheit-bernburg.de\/content\/index.php?rest_route=\/wp\/v2\/pages\/26565\/revisions"}],"predecessor-version":[{"id":26567,"href":"https:\/\/einheit-bernburg.de\/content\/index.php?rest_route=\/wp\/v2\/pages\/26565\/revisions\/26567"}],"up":[{"embeddable":true,"href":"https:\/\/einheit-bernburg.de\/content\/index.php?rest_route=\/wp\/v2\/pages\/26545"}],"wp:attachment":[{"href":"https:\/\/einheit-bernburg.de\/content\/index.php?rest_route=%2Fwp%2Fv2%2Fmedia&parent=26565"}],"curies":[{"name":"wp","href":"https:\/\/api.w.org\/{rel}","templated":true}]}}