{"id":26687,"date":"2021-07-05T10:55:31","date_gmt":"2021-07-05T08:55:31","guid":{"rendered":"https:\/\/einheit-bernburg.de\/content\/?page_id=26687"},"modified":"2021-07-05T10:55:31","modified_gmt":"2021-07-05T08:55:31","slug":"kader-u-zielstellung-g-junioren-sv-einheit-bernburg","status":"publish","type":"page","link":"https:\/\/einheit-bernburg.de\/content\/?page_id=26687","title":{"rendered":"Archiv Kader u. Zielstellung G2-Junioren 2020\/21"},"content":{"rendered":"<h1 class=\"aufm\">SV Einheit Bernburg<\/h1>\n<h3>Bambini Fair-Play &#8211; Liga 2020\/21<\/h3>\n<p>Der SV Einheit Bernburg kann in dieser Altersklasse auf eine gro\u00dfe Tradition zur\u00fcckblicken. Hier werden die Kinder spielerisch, auch mit kleinen Gesellschaftsspielen, an den Fu\u00dfballsport herangef\u00fchrt. Das gelang unseren jeweiligen \u00dcbungsleitern, bis auf wenige Ausnahmen, in den ganzen Jahren meist hervorragend. So auch im letzten Spieljahr unter dem\u00a0 schon erfahrenen Trainer Maik M\u00fcller. Diese Kinder sind nun, bis auf drei Ausnahmen, altersm\u00e4\u00dfig in die n\u00e4chsth\u00f6here Altersklasse zu den F-Junioren gewechselt.<\/p>\n<p>Also steht f\u00fcr die aktuelle Saison wieder ein Neuaufbau an. Diesen anzugehen hat sich mit Lothar Kral ein alter Bekannter als \u00dcbungsleiter bereit erkl\u00e4rt. Nach einer anf\u00e4nglichen gro\u00dfen Fluktation an Kindern die am Fu\u00dfballspielen schnupperten, hat sich im Laufe der Saison, trotz aller Unwegsamkeiten die Corona mit sich brachte, ein stabiler, zuverl\u00e4ssiger Kader entwickelt, der inzwischen 12 bis 13 Spieler umfasst.<\/p>\n<p>Und auch die Hoffnung, dass der inzwischen in die Jahre gekommene Trainer durch Vatis unterst\u00fctzt wird, hat sich erf\u00fcllt und bestens bew\u00e4hrt. Daf\u00fcr danken wir Dustin Popp und Dirk Seewald sehr, die sehr engagiert im Rahmen ihrer M\u00f6glichkeiten unterst\u00fctzend dabei sind.<\/p>\n<p>Auf alle F\u00e4lle sind wir zuversichtlich, dass die Kinder unter dieser bew\u00e4hrten F\u00fchrung\u00a0 auch in diesem Spieljahr jede Menge Spa\u00df haben und sich positiv entwickeln werden.<br \/>\nDazu w\u00fcnschen wir dem Trainer, sowie seinem Kollektiv viel Erfolg und vor allem Freude und Spa\u00df!<\/p>\n<hr \/>\n<div class=\"su-table su-table-alternate\">\n<table style=\"width: 89.658%\">\n<tbody>\n<tr>\n<td style=\"width: 25%\"><strong>Ansprechpartner<\/strong><\/td>\n<td style=\"width: 74.084%\">Lothar Kral (Sportlicher Leiter)<\/p>\n<p>Tel.: 03471 \/ 311868, Mobil: 0162 \/ 453 66 23<\/td>\n<\/tr>\n<tr>\n<td style=\"width: 25%\"><strong>Trainingszeit<\/strong><\/td>\n<td style=\"width: 74.084%\">Montag u. Mittwoch 16:30 Uhr \u2013 18:00 Uhr Einheit &#8211; Sportplatz<\/td>\n<\/tr>\n<tr>\n<td style=\"width: 25%\"><strong>Hallentraining<\/strong><\/td>\n<td style=\"width: 74.084%\">Mittwoch 17 &#8211; 18 Uhr Sporthalle &#8222;Goetheschule&#8220;<\/td>\n<\/tr>\n<tr>\n<td style=\"width: 25%\"><strong>Trainer<\/strong><\/td>\n<td style=\"width: 74.084%\">Lothar Kral \u00a0 \u00a0 \u00a0 \u00a0 \u00a0 \u00a0 \u00a0 \u00a0\u00a0\u00a0\u00a0 Mobil: 0162 \/ 435 66 23<\/td>\n<\/tr>\n<tr>\n<td style=\"width: 25%\"><strong>Co &#8211; Trainer<br \/>\n<\/strong><\/td>\n<td style=\"width: 74.084%\">Dustin Popp u. Dirk Seewald<\/td>\n<\/tr>\n<tr>\n<td style=\"width: 25%\"><strong>Mannschaftsleiter<\/strong><\/td>\n<td style=\"width: 74.084%\"><\/td>\n<\/tr>\n<tr>\n<td style=\"width: 25%\"><strong>Zielstellung<\/strong><\/td>\n<td style=\"width: 74.084%\">Den Kindern spielrisch das Fu\u00dfballspielen vermitteln, wobei jederzeit der Spa\u00df im Vordergrund stehen soll und muss.<\/td>\n<\/tr>\n<\/tbody>\n<\/table>\n<\/div>\n<hr \/>\n<h3>Kader<\/h3>\n\n<table id=\"tablepress-90\" class=\"tablepress tablepress-id-90\" aria-describedby=\"tablepress-90-description\">\n<thead>\n<tr class=\"row-1 odd\">\n\t<th class=\"column-1\">Name<\/th><th class=\"column-2\">Vorname<\/th><th class=\"column-3\">Jahrgang<\/th><th class=\"column-4\">Herkunft<\/th><th class=\"column-5\"><\/th><th class=\"column-6\"><\/th><th class=\"column-7\"><\/th><th class=\"column-8\"><\/th>\n<\/tr>\n<\/thead>\n<tbody>\n<tr class=\"row-2 even\">\n\t<td class=\"column-1\">Ballerstein<\/td><td class=\"column-2\">Leander<\/td><td class=\"column-3\">2014<\/td><td class=\"column-4\">SV Einheit <\/td><td class=\"column-5\"><\/td><td class=\"column-6\"><\/td><td class=\"column-7\"><\/td><td class=\"column-8\"><\/td>\n<\/tr>\n<tr class=\"row-3 odd\">\n\t<td class=\"column-1\">Becker<\/td><td class=\"column-2\">Lenny<\/td><td class=\"column-3\">2014<\/td><td class=\"column-4\">SV Einheit<\/td><td class=\"column-5\"><\/td><td class=\"column-6\"><\/td><td class=\"column-7\"><\/td><td class=\"column-8\"><\/td>\n<\/tr>\n<tr class=\"row-4 even\">\n\t<td class=\"column-1\">Bestehorn<\/td><td class=\"column-2\">Artur<\/td><td class=\"column-3\">2015<\/td><td class=\"column-4\">SV Einheit<\/td><td class=\"column-5\"><\/td><td class=\"column-6\"><\/td><td class=\"column-7\"><\/td><td class=\"column-8\"><\/td>\n<\/tr>\n<tr class=\"row-5 odd\">\n\t<td class=\"column-1\">Brauns<\/td><td class=\"column-2\">Bennet<\/td><td class=\"column-3\">2014<\/td><td class=\"column-4\">SV Einheit<\/td><td class=\"column-5\"><\/td><td class=\"column-6\"><\/td><td class=\"column-7\"><\/td><td class=\"column-8\"><\/td>\n<\/tr>\n<tr class=\"row-6 even\">\n\t<td class=\"column-1\">Erich<\/td><td class=\"column-2\">Ruben<\/td><td class=\"column-3\">2014<\/td><td class=\"column-4\">SV Einheit<\/td><td class=\"column-5\"><\/td><td class=\"column-6\"><\/td><td class=\"column-7\"><\/td><td class=\"column-8\"><\/td>\n<\/tr>\n<tr class=\"row-7 odd\">\n\t<td class=\"column-1\">Idris<\/td><td class=\"column-2\">Hesham<\/td><td class=\"column-3\">2015<\/td><td class=\"column-4\">SV Einheit<\/td><td class=\"column-5\"><\/td><td class=\"column-6\"><\/td><td class=\"column-7\"><\/td><td class=\"column-8\"><\/td>\n<\/tr>\n<tr class=\"row-8 even\">\n\t<td class=\"column-1\">Friesen<\/td><td class=\"column-2\">Noah<\/td><td class=\"column-3\">2016<\/td><td class=\"column-4\">Schnuppertraining<\/td><td class=\"column-5\"><\/td><td class=\"column-6\"><\/td><td class=\"column-7\"><\/td><td class=\"column-8\"><\/td>\n<\/tr>\n<tr class=\"row-9 odd\">\n\t<td class=\"column-1\">G\u00f6rdens<\/td><td class=\"column-2\">Leon<\/td><td class=\"column-3\">2015<\/td><td class=\"column-4\">SV Einheit<\/td><td class=\"column-5\"><\/td><td class=\"column-6\"><\/td><td class=\"column-7\"><\/td><td class=\"column-8\"><\/td>\n<\/tr>\n<tr class=\"row-10 even\">\n\t<td class=\"column-1\">Hohn<\/td><td class=\"column-2\">Malte<\/td><td class=\"column-3\">2014<\/td><td class=\"column-4\">Schnuppertraining<\/td><td class=\"column-5\"><\/td><td class=\"column-6\"><\/td><td class=\"column-7\"><\/td><td class=\"column-8\"><\/td>\n<\/tr>\n<tr class=\"row-11 odd\">\n\t<td class=\"column-1\">Maiwald<\/td><td class=\"column-2\">Oliver<\/td><td class=\"column-3\">2015<\/td><td class=\"column-4\">Auf Probe<\/td><td class=\"column-5\"><\/td><td class=\"column-6\"><\/td><td class=\"column-7\"><\/td><td class=\"column-8\"><\/td>\n<\/tr>\n<tr class=\"row-12 even\">\n\t<td class=\"column-1\">Melnychuk<\/td><td class=\"column-2\">Taras<\/td><td class=\"column-3\">2014<\/td><td class=\"column-4\">SV Einheit<\/td><td class=\"column-5\"><\/td><td class=\"column-6\"><\/td><td class=\"column-7\"><\/td><td class=\"column-8\"><\/td>\n<\/tr>\n<tr class=\"row-13 odd\">\n\t<td class=\"column-1\">Popp<\/td><td class=\"column-2\">Jerome<\/td><td class=\"column-3\">2014<\/td><td class=\"column-4\">SV Einheit<\/td><td class=\"column-5\"><\/td><td class=\"column-6\"><\/td><td class=\"column-7\"><\/td><td class=\"column-8\"><\/td>\n<\/tr>\n<tr class=\"row-14 even\">\n\t<td class=\"column-1\">P\u00fclicher<\/td><td class=\"column-2\">Klara<\/td><td class=\"column-3\">2013<\/td><td class=\"column-4\">Schnuppertraining<\/td><td class=\"column-5\"><\/td><td class=\"column-6\"><\/td><td class=\"column-7\"><\/td><td class=\"column-8\"><\/td>\n<\/tr>\n<tr class=\"row-15 odd\">\n\t<td class=\"column-1\">Seewald<\/td><td class=\"column-2\">Dominik<\/td><td class=\"column-3\">2014<\/td><td class=\"column-4\">SV Einheit<\/td><td class=\"column-5\"><\/td><td class=\"column-6\"><\/td><td class=\"column-7\"><\/td><td class=\"column-8\"><\/td>\n<\/tr>\n<tr class=\"row-16 even\">\n\t<td class=\"column-1\">Teichmann<\/td><td class=\"column-2\">Hendrik<\/td><td class=\"column-3\">2014<\/td><td class=\"column-4\">SV Einheit<\/td><td class=\"column-5\"><\/td><td class=\"column-6\"><\/td><td class=\"column-7\"><\/td><td class=\"column-8\"><\/td>\n<\/tr>\n<tr class=\"row-17 odd\">\n\t<td class=\"column-1\"><\/td><td class=\"column-2\"><\/td><td class=\"column-3\"><\/td><td class=\"column-4\"><\/td><td class=\"column-5\"><\/td><td class=\"column-6\"><\/td><td class=\"column-7\"><\/td><td class=\"column-8\"><\/td>\n<\/tr>\n<tr class=\"row-18 even\">\n\t<td class=\"column-1\">Schade <\/td><td class=\"column-2\">Linus Finn<\/td><td class=\"column-3\">2016<\/td><td class=\"column-4\">SV Einheit - in Lauerstellung<\/td><td class=\"column-5\"><\/td><td class=\"column-6\"><\/td><td class=\"column-7\"><\/td><td class=\"column-8\"><\/td>\n<\/tr>\n<tr class=\"row-19 odd\">\n\t<td class=\"column-1\">Sperlich<\/td><td class=\"column-2\">Karl Friedrich<\/td><td class=\"column-3\">2016<\/td><td class=\"column-4\">SV Einheit - in Lauerstellung<\/td><td class=\"column-5\"><\/td><td class=\"column-6\"><\/td><td class=\"column-7\"><\/td><td class=\"column-8\"><\/td>\n<\/tr>\n<tr class=\"row-20 even\">\n\t<td class=\"column-1\"><\/td><td class=\"column-2\"><\/td><td class=\"column-3\"><\/td><td class=\"column-4\"><\/td><td class=\"column-5\"><\/td><td class=\"column-6\"><\/td><td class=\"column-7\"><\/td><td class=\"column-8\"><\/td>\n<\/tr>\n<\/tbody>\n<\/table>\n<span id=\"tablepress-90-description\" class=\"tablepress-table-description tablepress-table-description-id-90\"><\/span>\n\n","protected":false},"excerpt":{"rendered":"<p>SV Einheit Bernburg Bambini Fair-Play &#8211; Liga 2020\/21 Der SV Einheit Bernburg kann in dieser Altersklasse auf eine gro\u00dfe Tradition zur\u00fcckblicken. Hier werden die Kinder spielerisch, auch mit kleinen Gesellschaftsspielen, an den Fu\u00dfballsport herangef\u00fchrt. Das gelang unseren jeweiligen \u00dcbungsleitern, bis auf wenige Ausnahmen, in den ganzen Jahren meist hervorragend. So auch im letzten Spieljahr unter [&hellip;]<\/p>\n","protected":false},"author":3,"featured_media":0,"parent":26675,"menu_order":0,"comment_status":"closed","ping_status":"closed","template":"","meta":{"footnotes":""},"_links":{"self":[{"href":"https:\/\/einheit-bernburg.de\/content\/index.php?rest_route=\/wp\/v2\/pages\/26687"}],"collection":[{"href":"https:\/\/einheit-bernburg.de\/content\/index.php?rest_route=\/wp\/v2\/pages"}],"about":[{"href":"https:\/\/einheit-bernburg.de\/content\/index.php?rest_route=\/wp\/v2\/types\/page"}],"author":[{"embeddable":true,"href":"https:\/\/einheit-bernburg.de\/content\/index.php?rest_route=\/wp\/v2\/users\/3"}],"replies":[{"embeddable":true,"href":"https:\/\/einheit-bernburg.de\/content\/index.php?rest_route=%2Fwp%2Fv2%2Fcomments&post=26687"}],"version-history":[{"count":1,"href":"https:\/\/einheit-bernburg.de\/content\/index.php?rest_route=\/wp\/v2\/pages\/26687\/revisions"}],"predecessor-version":[{"id":26688,"href":"https:\/\/einheit-bernburg.de\/content\/index.php?rest_route=\/wp\/v2\/pages\/26687\/revisions\/26688"}],"up":[{"embeddable":true,"href":"https:\/\/einheit-bernburg.de\/content\/index.php?rest_route=\/wp\/v2\/pages\/26675"}],"wp:attachment":[{"href":"https:\/\/einheit-bernburg.de\/content\/index.php?rest_route=%2Fwp%2Fv2%2Fmedia&parent=26687"}],"curies":[{"name":"wp","href":"https:\/\/api.w.org\/{rel}","templated":true}]}}