{"id":26707,"date":"2021-07-05T11:01:25","date_gmt":"2021-07-05T09:01:25","guid":{"rendered":"https:\/\/einheit-bernburg.de\/content\/?page_id=26707"},"modified":"2021-07-05T11:01:25","modified_gmt":"2021-07-05T09:01:25","slug":"kader-u-zielstellung-g-junioren-sv-einheit-bernburg","status":"publish","type":"page","link":"https:\/\/einheit-bernburg.de\/content\/?page_id=26707","title":{"rendered":"Archiv Kader u. Zielstellung F \u2013 Junioren 2020\/21"},"content":{"rendered":"<h1 class=\"aufm\">SV Einheit Bernburg<\/h1>\n<h3 class=\"aufm\">Fair &#8211; Play Liga 2020 \/ 21<\/h3>\n<p>Die KOOP stellt in diesem Jahr erneut nur ein F &#8211; Juniorenteam. Dieses Team besteht haupts\u00e4chlich aus Spielern der letztj\u00e4hrigen G &#8211; Junioren (SV Einheit Bernburg) und aus der vorj\u00e4hrigen F-Junioren &#8211; Mannschaft bleiben noch drei Spieler \u00fcbrig. Die Kinder haben\u00a0 in den letzten beiden Spielzeiten eine sehr gute Entwicklung genommen und werden unter bew\u00e4hrter F\u00fchrung auch in diesem Jahr ihren Mann stehen, auch wenn sie vorwiegend der j\u00fcngere Jahrgang dieser Altersklasse sind.<br \/>\n<strong>Wir w\u00fcnschen den Trainern mit ihrem Kollektiv eine erfolgreiche Saison.<\/strong><\/p>\n<div class=\"su-table su-table-alternate\">\n<table>\n<tbody>\n<tr>\n<td><strong>Ansprechpartner<\/strong><\/td>\n<td>Lothar Kral (Sportlicher Leiter-Einheit) Mobil: 0162 &#8211; 435 66 23<br \/>\nMarkus Becker (Jugendleiter &#8211; Askania) Mobil: 0160 &#8211; 973 796 29<\/td>\n<\/tr>\n<tr>\n<td><strong>Trainingszeit<\/strong><\/td>\n<td>Montag\u00a0 u. Mittwoch \u00a0\u00a0 16:30 Uhr &#8211; 18:00 Uhr Einheit &#8211; Sportplatz<\/td>\n<\/tr>\n<tr>\n<td><strong>Hallentraining<br \/>\n<\/strong><\/td>\n<td>Dienstag 16:00 Uhr &#8211; 18:00 Uhr Sporthalle Goetheschule<br \/>\nab 13.10.2020 bis 24.03.2021<span style=\"color: #00000a\"><br \/>\n<\/span><\/td>\n<\/tr>\n<tr>\n<td><strong>Kunstrasen<\/strong><\/td>\n<td><\/td>\n<\/tr>\n<tr>\n<td><strong>Trainer<\/strong><\/td>\n<td>Maik M\u00fcller\u00a0\u00a0\u00a0\u00a0\u00a0\u00a0\u00a0\u00a0\u00a0\u00a0\u00a0\u00a0\u00a0\u00a0\u00a0\u00a0\u00a0\u00a0\u00a0 Mobil: 0174 \/ 320 70 71<\/td>\n<\/tr>\n<tr>\n<td><strong>Co &#8211; Trainer<br \/>\n<\/strong><\/td>\n<td><span lang=\"EN-US\">Henrik Br\u00fcning\u00a0\u00a0\u00a0\u00a0\u00a0\u00a0\u00a0\u00a0\u00a0\u00a0\u00a0\u00a0\u00a0 Mobil: 0173 \/ 72 84 900<\/span><\/td>\n<\/tr>\n<tr>\n<td><strong>Co &#8211; Trainer<\/strong><\/td>\n<td><span lang=\"EN-US\">Vincent M\u00fcller<br \/>\n<\/span><\/td>\n<\/tr>\n<tr>\n<td><strong>Zielstellung<\/strong><\/td>\n<td>Fair-Play Liga \/ Spiele ohne Wertung, trotzdem will man sich weiter entwickeln.<\/td>\n<\/tr>\n<\/tbody>\n<\/table>\n<\/div>\n<hr \/>\n<h3>Kader<\/h3>\n\n<table id=\"tablepress-89\" class=\"tablepress tablepress-id-89\">\n<thead>\n<tr class=\"row-1 odd\">\n\t<th class=\"column-1\">Name<\/th><th class=\"column-2\">Vorname<\/th><th class=\"column-3\">Jahrgang<\/th><th class=\"column-4\">Herkunft<\/th><th class=\"column-5\"><\/th><th class=\"column-6\"><\/th><th class=\"column-7\"><\/th><th class=\"column-8\"><\/th>\n<\/tr>\n<\/thead>\n<tbody>\n<tr class=\"row-2 even\">\n\t<td class=\"column-1\">Brehme<\/td><td class=\"column-2\">Johannes<\/td><td class=\"column-3\">2012<\/td><td class=\"column-4\">Einheit<\/td><td class=\"column-5\"><\/td><td class=\"column-6\"><\/td><td class=\"column-7\"><\/td><td class=\"column-8\"><\/td>\n<\/tr>\n<tr class=\"row-3 odd\">\n\t<td class=\"column-1\">Hartenstein<\/td><td class=\"column-2\">Lukas<\/td><td class=\"column-3\">2012<\/td><td class=\"column-4\">Einheit<\/td><td class=\"column-5\"><\/td><td class=\"column-6\"><\/td><td class=\"column-7\"><\/td><td class=\"column-8\"><\/td>\n<\/tr>\n<tr class=\"row-4 even\">\n\t<td class=\"column-1\">Fischmann<\/td><td class=\"column-2\">Nils<\/td><td class=\"column-3\">2012<\/td><td class=\"column-4\">Einheit<\/td><td class=\"column-5\"><\/td><td class=\"column-6\"><\/td><td class=\"column-7\"><\/td><td class=\"column-8\"><\/td>\n<\/tr>\n<tr class=\"row-5 odd\">\n\t<td class=\"column-1\">Janek<\/td><td class=\"column-2\">Finja Minette<\/td><td class=\"column-3\">2011<\/td><td class=\"column-4\">Einheit<\/td><td class=\"column-5\"><\/td><td class=\"column-6\"><\/td><td class=\"column-7\"><\/td><td class=\"column-8\"><\/td>\n<\/tr>\n<tr class=\"row-6 even\">\n\t<td class=\"column-1\"><\/td><td class=\"column-2\"><\/td><td class=\"column-3\"><\/td><td class=\"column-4\"><\/td><td class=\"column-5\"><\/td><td class=\"column-6\"><\/td><td class=\"column-7\"><\/td><td class=\"column-8\"><\/td>\n<\/tr>\n<tr class=\"row-7 odd\">\n\t<td class=\"column-1\">Atalah<\/td><td class=\"column-2\">Read<\/td><td class=\"column-3\">2013<\/td><td class=\"column-4\">Einheit<\/td><td class=\"column-5\"><\/td><td class=\"column-6\"><\/td><td class=\"column-7\"><\/td><td class=\"column-8\"><\/td>\n<\/tr>\n<tr class=\"row-8 even\">\n\t<td class=\"column-1\">Br\u00fcning<\/td><td class=\"column-2\">Jonas<\/td><td class=\"column-3\">2013<\/td><td class=\"column-4\">Einheit<\/td><td class=\"column-5\"><\/td><td class=\"column-6\"><\/td><td class=\"column-7\"><\/td><td class=\"column-8\"><\/td>\n<\/tr>\n<tr class=\"row-9 odd\">\n\t<td class=\"column-1\">Grauenhorst<\/td><td class=\"column-2\">Oscar<\/td><td class=\"column-3\">2013<\/td><td class=\"column-4\">Einheit<\/td><td class=\"column-5\"><\/td><td class=\"column-6\"><\/td><td class=\"column-7\"><\/td><td class=\"column-8\"><\/td>\n<\/tr>\n<tr class=\"row-10 even\">\n\t<td class=\"column-1\">Ho<\/td><td class=\"column-2\">Gia Bao<\/td><td class=\"column-3\">2013<\/td><td class=\"column-4\">Einheit<\/td><td class=\"column-5\"><\/td><td class=\"column-6\"><\/td><td class=\"column-7\"><\/td><td class=\"column-8\"><\/td>\n<\/tr>\n<tr class=\"row-11 odd\">\n\t<td class=\"column-1\">Kirchof<\/td><td class=\"column-2\">Theo<\/td><td class=\"column-3\">2013<\/td><td class=\"column-4\">Einheit<\/td><td class=\"column-5\"><\/td><td class=\"column-6\"><\/td><td class=\"column-7\"><\/td><td class=\"column-8\"><\/td>\n<\/tr>\n<tr class=\"row-12 even\">\n\t<td class=\"column-1\">Maa\u00df<\/td><td class=\"column-2\">Bastian<\/td><td class=\"column-3\">2013<\/td><td class=\"column-4\">Einheit<\/td><td class=\"column-5\"><\/td><td class=\"column-6\"><\/td><td class=\"column-7\"><\/td><td class=\"column-8\"><\/td>\n<\/tr>\n<tr class=\"row-13 odd\">\n\t<td class=\"column-1\">M\u00fcller<\/td><td class=\"column-2\">Raphael<\/td><td class=\"column-3\">2013<\/td><td class=\"column-4\">Einheit<\/td><td class=\"column-5\"><\/td><td class=\"column-6\"><\/td><td class=\"column-7\"><\/td><td class=\"column-8\"><\/td>\n<\/tr>\n<tr class=\"row-14 even\">\n\t<td class=\"column-1\">Schreier<\/td><td class=\"column-2\">Timon<\/td><td class=\"column-3\">2013<\/td><td class=\"column-4\">Einheit<\/td><td class=\"column-5\"><\/td><td class=\"column-6\"><\/td><td class=\"column-7\"><\/td><td class=\"column-8\"><\/td>\n<\/tr>\n<tr class=\"row-15 odd\">\n\t<td class=\"column-1\"><\/td><td class=\"column-2\"><\/td><td class=\"column-3\"><\/td><td class=\"column-4\"><\/td><td class=\"column-5\"><\/td><td class=\"column-6\"><\/td><td class=\"column-7\"><\/td><td class=\"column-8\"><\/td>\n<\/tr>\n<\/tbody>\n<\/table>\n\n","protected":false},"excerpt":{"rendered":"<p>SV Einheit Bernburg Fair &#8211; Play Liga 2020 \/ 21 Die KOOP stellt in diesem Jahr erneut nur ein F &#8211; Juniorenteam. Dieses Team besteht haupts\u00e4chlich aus Spielern der letztj\u00e4hrigen G &#8211; Junioren (SV Einheit Bernburg) und aus der vorj\u00e4hrigen F-Junioren &#8211; Mannschaft bleiben noch drei Spieler \u00fcbrig. Die Kinder haben\u00a0 in den letzten beiden [&hellip;]<\/p>\n","protected":false},"author":3,"featured_media":0,"parent":26695,"menu_order":0,"comment_status":"closed","ping_status":"closed","template":"","meta":{"footnotes":""},"_links":{"self":[{"href":"https:\/\/einheit-bernburg.de\/content\/index.php?rest_route=\/wp\/v2\/pages\/26707"}],"collection":[{"href":"https:\/\/einheit-bernburg.de\/content\/index.php?rest_route=\/wp\/v2\/pages"}],"about":[{"href":"https:\/\/einheit-bernburg.de\/content\/index.php?rest_route=\/wp\/v2\/types\/page"}],"author":[{"embeddable":true,"href":"https:\/\/einheit-bernburg.de\/content\/index.php?rest_route=\/wp\/v2\/users\/3"}],"replies":[{"embeddable":true,"href":"https:\/\/einheit-bernburg.de\/content\/index.php?rest_route=%2Fwp%2Fv2%2Fcomments&post=26707"}],"version-history":[{"count":1,"href":"https:\/\/einheit-bernburg.de\/content\/index.php?rest_route=\/wp\/v2\/pages\/26707\/revisions"}],"predecessor-version":[{"id":26708,"href":"https:\/\/einheit-bernburg.de\/content\/index.php?rest_route=\/wp\/v2\/pages\/26707\/revisions\/26708"}],"up":[{"embeddable":true,"href":"https:\/\/einheit-bernburg.de\/content\/index.php?rest_route=\/wp\/v2\/pages\/26695"}],"wp:attachment":[{"href":"https:\/\/einheit-bernburg.de\/content\/index.php?rest_route=%2Fwp%2Fv2%2Fmedia&parent=26707"}],"curies":[{"name":"wp","href":"https:\/\/api.w.org\/{rel}","templated":true}]}}