{"id":26739,"date":"2021-07-05T11:08:32","date_gmt":"2021-07-05T09:08:32","guid":{"rendered":"https:\/\/einheit-bernburg.de\/content\/?page_id=26739"},"modified":"2022-07-20T14:36:41","modified_gmt":"2022-07-20T12:36:41","slug":"kader-u-zielstellung-g-junioren-sv-einheit-bernburg","status":"publish","type":"page","link":"https:\/\/einheit-bernburg.de\/content\/?page_id=26739","title":{"rendered":"Archiv Kader u. Zielstellung F \u2013 Junioren Team C 2021\/22"},"content":{"rendered":"<h1 class=\"aufm\">Spg. Einheit Bernburg-Eintracht Pei\u00dfen Team C<\/h1>\n<h3 class=\"aufm\">Fair &#8211; Play Liga 2021 \/ 22<\/h3>\n<p>Der eine oder andere mag sich wundern. Einheit Bernburg-Eintracht Pei\u00dfen eine Spielgemeinschaft? Ja, die Sportfreunde aus Pei\u00dfen sind an den SV Einheit herangetreten mit der Bitte in den unteren Altersklassen zusammenzuarbeiten. Nach sehr positiven Gespr\u00e4chen haben wir diesem Vorhaben zugestimmt. Danach wird die SG drei Mannschaften haben, die sich Team A, Team B und Team C. In der Zusammensetzung der Mannschaften n\u00e4ndert sich nichts. Nur wenn in einer der drei Mannschaften am Spieltag Not am Mann ist, ist man dadurch in der Lage, sich gegenseitig zu helfen. Die Hilfe ist auf keinen Fall zum Zweck der Leistungssteigerung eines Teams gedacht, sondern ausschlie\u00dflich dazu, an allen Spieltagen spielf\u00e4hige Teams an den Start zu bringen.<br \/>\nBei <strong>Einheit-Pei\u00dfen Team C<\/strong> handelt es sich um die Eintacht-Kicker aus Pei\u00dfen, bisher haupts\u00e4chlich des Jahrgangs 2014. Aktuell sind es bisher nur 6 Spieler, die im Moment ganz sicher von Unterst\u00fctzung des SV Einheit profitieren\u00a0 und so ihren Spielbetrieb absichern k\u00f6nnten.<br \/>\n<strong>Wir w\u00fcnschen den Trainern mit ihrem Kollektiv eine erfolgreiche Saison.<\/strong><\/p>\n<div class=\"su-table su-table-alternate\">\n<table style=\"width: 78.0468%\">\n<tbody>\n<tr>\n<td style=\"width: 23.5132%\"><strong>Ansprechpartner<\/strong><\/td>\n<td style=\"width: 75.3804%\">Lothar Kral (Sportlicher Leiter-Einheit) Mobil: 0162 &#8211; 435 66 23<br \/>\nPhilipp Krebs (Jugendleiter &#8211; Pei\u00dfen)\u00a0\u00a0\u00a0\u00a0\u00a0 Mobil: 0173 &#8211; 695 11 50<\/td>\n<\/tr>\n<tr>\n<td style=\"width: 23.5132%\"><strong>Trainingszeit<\/strong><\/td>\n<td style=\"width: 75.3804%\">Montag, 16:30 Uhr &#8211; 18:00 Uhr\u00a0 Einheit-Sportplatz Bernburg<br \/>\nFreitag,\u00a0 16:30 Uhr &#8211; 17:45 Uhr \u00a0 Sportplatz in Pei\u00dfen<br \/>\n<span style=\"color: #0000ff\"><em>Die Eintracht-Kinder k\u00f6nnen zus\u00e4tzlich auch Mittwoch ab 16:30 Uhr<br \/>\nauf den <strong>Einheit-Sportplatz<\/strong> zum Training kommen.<\/em><\/span><\/td>\n<\/tr>\n<tr>\n<td style=\"width: 23.5132%\"><strong>Hallentraining<br \/>\n<\/strong><\/td>\n<td style=\"width: 75.3804%\"><span style=\"color: #00000a\">\u00a0<\/span><\/td>\n<\/tr>\n<tr>\n<td style=\"width: 23.5132%\"><strong>Kunstrasen<\/strong><\/td>\n<td style=\"width: 75.3804%\"><\/td>\n<\/tr>\n<tr>\n<td style=\"width: 23.5132%\"><strong>Trainer<\/strong><\/td>\n<td style=\"width: 75.3804%\">Stephan R\u00fchlicke Mobil: 0163 \/ 554 49 39<br \/>\nMatthias Leidel\u00a0\u00a0 Telfon: 034721 \/ 41048\u00a0 I\u00a0 Mobil: 0176 \/ 223 028 40<\/td>\n<\/tr>\n<tr>\n<td style=\"width: 23.5132%\"><strong>Co &#8211; Trainer<br \/>\n<\/strong><\/td>\n<td style=\"width: 75.3804%\"><\/td>\n<\/tr>\n<tr>\n<td style=\"width: 23.5132%\"><strong>Betreuer<\/strong><\/td>\n<td style=\"width: 75.3804%\"><span lang=\"EN-US\">\u00a0<\/span><\/td>\n<\/tr>\n<tr>\n<td style=\"width: 23.5132%\"><strong>Zielstellung<\/strong><\/td>\n<td style=\"width: 75.3804%\">Fair-Play Liga \/ Spiele ohne Wertung, trotzdem will man sich weiter entwickeln. Spa\u00dfhaben soll weiterhin im Vordergrund stehen!<\/td>\n<\/tr>\n<\/tbody>\n<\/table>\n<\/div>\n<hr \/>\n<h3>Kader<\/h3>\n\n<table id=\"tablepress-101\" class=\"tablepress tablepress-id-101\">\n<thead>\n<tr class=\"row-1 odd\">\n\t<th class=\"column-1\">Name<\/th><th class=\"column-2\">Vorname<\/th><th class=\"column-3\">Jahrgang<\/th><th class=\"column-4\">Herkunft<\/th><th class=\"column-5\"><\/th><th class=\"column-6\"><\/th><th class=\"column-7\"><\/th><th class=\"column-8\"><\/th>\n<\/tr>\n<\/thead>\n<tbody>\n<tr class=\"row-2 even\">\n\t<td class=\"column-1\">Elskamp<\/td><td class=\"column-2\">Montes<\/td><td class=\"column-3\">2014<\/td><td class=\"column-4\">Eintracht<\/td><td class=\"column-5\"><\/td><td class=\"column-6\"><\/td><td class=\"column-7\"><\/td><td class=\"column-8\"><\/td>\n<\/tr>\n<tr class=\"row-3 odd\">\n\t<td class=\"column-1\">Fromm<\/td><td class=\"column-2\">Nils<\/td><td class=\"column-3\">2014<\/td><td class=\"column-4\">Eintracht<\/td><td class=\"column-5\"><\/td><td class=\"column-6\"><\/td><td class=\"column-7\"><\/td><td class=\"column-8\"><\/td>\n<\/tr>\n<tr class=\"row-4 even\">\n\t<td class=\"column-1\">Helbig ?<\/td><td class=\"column-2\">Klaas<\/td><td class=\"column-3\">2014<\/td><td class=\"column-4\">Eintracht<\/td><td class=\"column-5\"><\/td><td class=\"column-6\"><\/td><td class=\"column-7\"><\/td><td class=\"column-8\"><\/td>\n<\/tr>\n<tr class=\"row-5 odd\">\n\t<td class=\"column-1\">Pega<\/td><td class=\"column-2\">Max<\/td><td class=\"column-3\">2014<\/td><td class=\"column-4\">Eintracht<\/td><td class=\"column-5\"><\/td><td class=\"column-6\"><\/td><td class=\"column-7\"><\/td><td class=\"column-8\"><\/td>\n<\/tr>\n<tr class=\"row-6 even\">\n\t<td class=\"column-1\">Ru\u00df<\/td><td class=\"column-2\">Alexander<\/td><td class=\"column-3\">2014<\/td><td class=\"column-4\">Eintracht<\/td><td class=\"column-5\"><\/td><td class=\"column-6\"><\/td><td class=\"column-7\"><\/td><td class=\"column-8\"><\/td>\n<\/tr>\n<tr class=\"row-7 odd\">\n\t<td class=\"column-1\">Schwarz<\/td><td class=\"column-2\">Oskar<\/td><td class=\"column-3\">2014<\/td><td class=\"column-4\">Eintracht<\/td><td class=\"column-5\"><\/td><td class=\"column-6\"><\/td><td class=\"column-7\"><\/td><td class=\"column-8\"><\/td>\n<\/tr>\n<tr class=\"row-8 even\">\n\t<td class=\"column-1\">Maier<\/td><td class=\"column-2\">Paul<\/td><td class=\"column-3\">2014<\/td><td class=\"column-4\">Eintracht noch nicht gemeldet<\/td><td class=\"column-5\"><\/td><td class=\"column-6\"><\/td><td class=\"column-7\"><\/td><td class=\"column-8\"><\/td>\n<\/tr>\n<tr class=\"row-9 odd\">\n\t<td class=\"column-1\"><\/td><td class=\"column-2\"><\/td><td class=\"column-3\"><\/td><td class=\"column-4\"><\/td><td class=\"column-5\"><\/td><td class=\"column-6\"><\/td><td class=\"column-7\"><\/td><td class=\"column-8\"><\/td>\n<\/tr>\n<tr class=\"row-10 even\">\n\t<td class=\"column-1\">B\u00f6rner<\/td><td class=\"column-2\">Till<\/td><td class=\"column-3\">2015<\/td><td class=\"column-4\">Eintracht<\/td><td class=\"column-5\"><\/td><td class=\"column-6\"><\/td><td class=\"column-7\"><\/td><td class=\"column-8\"><\/td>\n<\/tr>\n<tr class=\"row-11 odd\">\n\t<td class=\"column-1\">Meixner<\/td><td class=\"column-2\">Iven<\/td><td class=\"column-3\">2015<\/td><td class=\"column-4\">Eintracht<\/td><td class=\"column-5\"><\/td><td class=\"column-6\"><\/td><td class=\"column-7\"><\/td><td class=\"column-8\"><\/td>\n<\/tr>\n<tr class=\"row-12 even\">\n\t<td class=\"column-1\">Nowak<\/td><td class=\"column-2\">Michel<\/td><td class=\"column-3\">2015<\/td><td class=\"column-4\">Eintracht<\/td><td class=\"column-5\"><\/td><td class=\"column-6\"><\/td><td class=\"column-7\"><\/td><td class=\"column-8\"><\/td>\n<\/tr>\n<\/tbody>\n<\/table>\n\n","protected":false},"excerpt":{"rendered":"<p>Spg. Einheit Bernburg-Eintracht Pei\u00dfen Team C Fair &#8211; Play Liga 2021 \/ 22 Der eine oder andere mag sich wundern. Einheit Bernburg-Eintracht Pei\u00dfen eine Spielgemeinschaft? Ja, die Sportfreunde aus Pei\u00dfen sind an den SV Einheit herangetreten mit der Bitte in den unteren Altersklassen zusammenzuarbeiten. Nach sehr positiven Gespr\u00e4chen haben wir diesem Vorhaben zugestimmt. Danach wird [&hellip;]<\/p>\n","protected":false},"author":3,"featured_media":0,"parent":26725,"menu_order":0,"comment_status":"closed","ping_status":"closed","template":"","meta":{"footnotes":""},"_links":{"self":[{"href":"https:\/\/einheit-bernburg.de\/content\/index.php?rest_route=\/wp\/v2\/pages\/26739"}],"collection":[{"href":"https:\/\/einheit-bernburg.de\/content\/index.php?rest_route=\/wp\/v2\/pages"}],"about":[{"href":"https:\/\/einheit-bernburg.de\/content\/index.php?rest_route=\/wp\/v2\/types\/page"}],"author":[{"embeddable":true,"href":"https:\/\/einheit-bernburg.de\/content\/index.php?rest_route=\/wp\/v2\/users\/3"}],"replies":[{"embeddable":true,"href":"https:\/\/einheit-bernburg.de\/content\/index.php?rest_route=%2Fwp%2Fv2%2Fcomments&post=26739"}],"version-history":[{"count":13,"href":"https:\/\/einheit-bernburg.de\/content\/index.php?rest_route=\/wp\/v2\/pages\/26739\/revisions"}],"predecessor-version":[{"id":30420,"href":"https:\/\/einheit-bernburg.de\/content\/index.php?rest_route=\/wp\/v2\/pages\/26739\/revisions\/30420"}],"up":[{"embeddable":true,"href":"https:\/\/einheit-bernburg.de\/content\/index.php?rest_route=\/wp\/v2\/pages\/26725"}],"wp:attachment":[{"href":"https:\/\/einheit-bernburg.de\/content\/index.php?rest_route=%2Fwp%2Fv2%2Fmedia&parent=26739"}],"curies":[{"name":"wp","href":"https:\/\/api.w.org\/{rel}","templated":true}]}}