{"id":29,"date":"2015-08-30T22:24:58","date_gmt":"2015-08-30T21:24:58","guid":{"rendered":"http:\/\/einheit-bernburg.de\/wordpress\/?page_id=29"},"modified":"2021-06-29T14:52:03","modified_gmt":"2021-06-29T12:52:03","slug":"a-junioren","status":"publish","type":"page","link":"https:\/\/einheit-bernburg.de\/content\/?page_id=29","title":{"rendered":"Archiv A-Junioren 2020\/21"},"content":{"rendered":"<div class=\"content\">\n<h1 class=\"aufm\">Spg. Askania Bernburg\/Einheit Bernburg<\/h1>\n<h3 class=\"aufm\">Landesliga Staffel 6 &#8211; 2020\/21<\/h3>\n<p><a href=\"http:\/\/einheit-bernburg.de\/content\/wp-content\/uploads\/2020\/09\/A-Jun.-2020-21-Askania-Einheit.jpeg\"><noscript><img decoding=\"async\" class=\"alignnone wp-image-24626 size-large\" src=\"http:\/\/einheit-bernburg.de\/content\/wp-content\/uploads\/2020\/09\/A-Jun.-2020-21-Askania-Einheit-1024x683.jpeg\" alt width=\"1024\" height=\"683\" srcset=\"https:\/\/einheit-bernburg.de\/content\/wp-content\/uploads\/2020\/09\/A-Jun.-2020-21-Askania-Einheit-1024x683.jpeg 1024w, https:\/\/einheit-bernburg.de\/content\/wp-content\/uploads\/2020\/09\/A-Jun.-2020-21-Askania-Einheit-300x200.jpeg 300w, https:\/\/einheit-bernburg.de\/content\/wp-content\/uploads\/2020\/09\/A-Jun.-2020-21-Askania-Einheit-768x512.jpeg 768w, https:\/\/einheit-bernburg.de\/content\/wp-content\/uploads\/2020\/09\/A-Jun.-2020-21-Askania-Einheit-1080x720.jpeg 1080w\" sizes=\"(max-width: 1024px) 100vw, 1024px\"><\/noscript><img decoding=\"async\" class=\"alignnone wp-image-24626 size-large lazyload\" src=\"data:image\/svg+xml,%3Csvg%20xmlns%3D%22http%3A%2F%2Fwww.w3.org%2F2000%2Fsvg%22%20viewBox%3D%220%200%201024%20683%22%3E%3C%2Fsvg%3E\" alt width=\"1024\" height=\"683\" srcset=\"data:image\/svg+xml,%3Csvg%20xmlns%3D%22http%3A%2F%2Fwww.w3.org%2F2000%2Fsvg%22%20viewBox%3D%220%200%201024%20683%22%3E%3C%2Fsvg%3E 1024w\" sizes=\"(max-width: 1024px) 100vw, 1024px\" data-srcset=\"https:\/\/einheit-bernburg.de\/content\/wp-content\/uploads\/2020\/09\/A-Jun.-2020-21-Askania-Einheit-1024x683.jpeg 1024w, https:\/\/einheit-bernburg.de\/content\/wp-content\/uploads\/2020\/09\/A-Jun.-2020-21-Askania-Einheit-300x200.jpeg 300w, https:\/\/einheit-bernburg.de\/content\/wp-content\/uploads\/2020\/09\/A-Jun.-2020-21-Askania-Einheit-768x512.jpeg 768w, https:\/\/einheit-bernburg.de\/content\/wp-content\/uploads\/2020\/09\/A-Jun.-2020-21-Askania-Einheit-1080x720.jpeg 1080w\" data-src=\"http:\/\/einheit-bernburg.de\/content\/wp-content\/uploads\/2020\/09\/A-Jun.-2020-21-Askania-Einheit-1024x683.jpeg\"><\/a><\/p>\n<p>Hinten v.l.: Jamie D\u00f6ring, Arved Muhlack, Hannes Gruschetzki<br>\nMitte v.l.:<br>\nChristian Podstawka (TR), Niklas Tausch, Anton Bauermeister, Joris Heine, Niklas Podstawka, Niklas Meixner<br>\nVorn v.l.: Justin Hegewald, Yannis Zenker, Pascal Wedding, Tim Ebeling, Nils Fahland<\/p>\n<p>Auf dem Foto fehlen:<br>\nFelix G\u00fcnther, Ken H\u00e4nschen, Arman Kalashyan, Hannes Kre\u00df, Bennet Weigel,<br>\nFrank Schinke (Co-TR)<\/p>\n<\/div>\n<hr>\n<p><a class=\"submenu\" href=\"http:\/\/einheit-bernburg.de\/content\/?page_id=355\" target=\"_blank\" rel=\"noopener noreferrer\"><noscript><img decoding=\"async\" src=\"http:\/\/einheit-bernburg.de\/off\/images\/redsys\/link.gif\" alt border=\"0\"><\/noscript><img decoding=\"async\" src=\"data:image\/gif;base64,R0lGODlhAQABAIAAAAAAAP\/\/\/yH5BAEAAAAALAAAAAABAAEAAAIBRAA7\" alt border=\"0\" data-src=\"http:\/\/einheit-bernburg.de\/off\/images\/redsys\/link.gif\" class=\" lazyload\"><\/a>&nbsp;<a href=\"https:\/\/einheit-bernburg.de\/content\/?page_id=355\" target=\"_blank\" rel=\"noopener\">Kader u. Zielstellung<\/a><\/p>\n<p><a class=\"submenu\" href=\"http:\/\/www.fussball.de\/spieltagsuebersicht\/landesliga-a-jun-staffel-6-sachsen-anhalt-a-junioren-landesliga-a-junioren-saison1516-sachsen-anhalt\/-\/staffel\/01OPP4VDC8000001VV0AG813VSIPV1RQ-G#!\/section\/stage\" target=\"_blank\" rel=\"noopener noreferrer\"><noscript><img decoding=\"async\" src=\"http:\/\/einheit-bernburg.de\/off\/images\/redsys\/link.gif\" alt border=\"0\"><\/noscript><img decoding=\"async\" src=\"data:image\/gif;base64,R0lGODlhAQABAIAAAAAAAP\/\/\/yH5BAEAAAAALAAAAAABAAEAAAIBRAA7\" alt border=\"0\" data-src=\"http:\/\/einheit-bernburg.de\/off\/images\/redsys\/link.gif\" class=\" lazyload\"><\/a> <a href=\"http:\/\/www.fussball.de\/spieltagsuebersicht\/a-junioren-landesliga-st-6-sachsen-anhalt-a-junioren-landesliga-a-junioren-saison2021-sachsen-anhalt\/-\/staffel\/02BHUCEVE8000004VS5489B4VUBEGM7L-G#!\/\">Spielplan u. Tabelle LL&nbsp; St.6<\/a><\/p>\n<p><a class=\"submenu\" href=\"http:\/\/www.fussball.de\/spieltagsuebersicht\/landesliga-a-jun-staffel-6-sachsen-anhalt-a-junioren-landesliga-a-junioren-saison1516-sachsen-anhalt\/-\/staffel\/01OPP4VDC8000001VV0AG813VSIPV1RQ-G#!\/section\/stage\" target=\"_blank\" rel=\"noopener noreferrer\"><noscript><img decoding=\"async\" src=\"http:\/\/einheit-bernburg.de\/off\/images\/redsys\/link.gif\" alt border=\"0\"><\/noscript><img decoding=\"async\" src=\"data:image\/gif;base64,R0lGODlhAQABAIAAAAAAAP\/\/\/yH5BAEAAAAALAAAAAABAAEAAAIBRAA7\" alt border=\"0\" data-src=\"http:\/\/einheit-bernburg.de\/off\/images\/redsys\/link.gif\" class=\" lazyload\"><\/a> <a href=\"http:\/\/einheit-bernburg.de\/content\/wp-content\/uploads\/2020\/07\/20-07-27_RTP-2020-2021-Junioren-2.pdf\">RTP-NW (Land) 2020\/21<\/a>&nbsp; <a class=\"submenu\" href=\"http:\/\/www.fussball.de\/spieltagsuebersicht\/landesliga-a-jun-staffel-6-sachsen-anhalt-a-junioren-landesliga-a-junioren-saison1516-sachsen-anhalt\/-\/staffel\/01OPP4VDC8000001VV0AG813VSIPV1RQ-G#!\/section\/stage\" target=\"_blank\" rel=\"noopener noreferrer\"><noscript><img decoding=\"async\" src=\"http:\/\/einheit-bernburg.de\/off\/images\/redsys\/link.gif\" alt border=\"0\"><\/noscript><img decoding=\"async\" src=\"data:image\/gif;base64,R0lGODlhAQABAIAAAAAAAP\/\/\/yH5BAEAAAAALAAAAAABAAEAAAIBRAA7\" alt border=\"0\" data-src=\"http:\/\/einheit-bernburg.de\/off\/images\/redsys\/link.gif\" class=\" lazyload\"><\/a> <a href=\"http:\/\/einheit-bernburg.de\/content\/wp-content\/uploads\/2020\/07\/RTP-NW-Kreis.pdf\">RTP-NW (Salzlandkreis) 2020\/21<\/a><\/p>\n<p><strong>\u00dcber die abgelaufene Saison 2019\/20 kann man sich ausf\u00fchrlich im Archiv informieren<\/strong>.<\/p>\n<hr>\n<h1>News u. Spielberichte<\/h1>\n<hr>\n<p><strong>Testspiel<\/strong><\/p>\n<p><span style=\"text-decoration: underline;\"><strong>27.06.2021<\/strong> Ansto\u00df: <\/span><strong><span style=\"text-decoration: underline;\">10:30 Uhr<\/span>&nbsp;<\/strong><br>\nSG Askania\/ Einheit Berburg &#8211; Magdeburger SV B\u00f6rde <strong>6:2 (4:1)<\/strong><br>\n<em>Dies war letzte Spiel einer Mannschaft der KOOP Askania\/Einheit Bernburg, die nach 11 gemeinsamen Jahren zum 30.06.2021 beendet wird.<\/em><\/p>\n<hr>\n<p><span style=\"color: #ff0000;\"><strong>Die Saison 2020\/21 wurde auf Grund der Corona-Pandemie erneut abgebrochen!<\/strong><\/span><\/p>\n<hr>\n<p><span style=\"text-decoration: underline;\"><strong>25.10.2020 <\/strong>Ansto\u00df: <strong>11:00 Uhr &#8211; Kreispokal<\/strong><\/span><br>\nUnion 1861 Sch\u00f6nebeck &#8211; SG Askania \/ Einheit Berburg<\/p>\n<hr>\n<p><span style=\"text-decoration: underline;\"><strong>11.10.2020 Ansto\u00df: 13:30 Uhr &#8211; 6.ST Landesliga St.6<\/strong><\/span><br>\nSG Askania\/ Einheit Berburg &#8211; Union 1861 Sch\u00f6nebeck U19<\/p>\n<hr>\n<p><span style=\"text-decoration: underline;\"><strong>04.10.2020&nbsp; <\/strong>Ansto\u00df:<strong> 13:00 Uhr 5.ST<\/strong> <\/span><strong><span style=\"text-decoration: underline;\">Landesliga St.6<\/span><br>\n<\/strong>SV 09 Sta\u00dffurt &#8211; SG Askania\/ Einheit Berburg <strong>4:5 (3:3) <\/strong><a href=\"http:\/\/einheit-bernburg.de\/content\/wp-content\/uploads\/2020\/10\/Pressebericht2-640156025-1.pdf\"><em>(Statistik)<\/em><\/a><br>\n<em><a href=\"http:\/\/www.fussball.de\/mgc.newsdetail\/-\/article-uuid\/02C8IBUES4000000VS5489B5VSS7766I#!\/\">(Kurzbericht &#8211; Fu\u00dfball.de)<\/a><\/em><\/p>\n<hr>\n<p><span style=\"text-decoration: underline;\"><strong>27.09.2020&nbsp; <\/strong>Ansto\u00df:<strong> 13:00 Uhr 4.ST<\/strong> <\/span><strong><span style=\"text-decoration: underline;\">Landesliga St.6<\/span><br>\n<\/strong>JSG Einheit Schlenze &#8211; SG Askania\/ Einheit Berburg <strong>0:2 (0:0) <\/strong><em><a href=\"http:\/\/einheit-bernburg.de\/content\/wp-content\/uploads\/2020\/09\/3.pdf\">(Statistik)<\/a><\/em><\/p>\n<hr>\n<p><span style=\"text-decoration: underline;\"><strong>18.09.2020 &#8211;<\/strong><strong> 3.ST<\/strong> <\/span><strong><span style=\"text-decoration: underline;\">Landesliga St.6<\/span><br>\n<\/strong>SG Askania\/ Einheit Berburg &#8211; FC Hettstedt <strong>5:1 (2:1) <\/strong><em><a href=\"http:\/\/einheit-bernburg.de\/content\/wp-content\/uploads\/2020\/09\/Pressebericht2-640156016-1.pdf\">(Statistik)<\/a><\/em><\/p>\n<p><strong>Anfangs schwer erarbeitet, aber am Ende auch in der H\u00f6he verdienter Sieg<\/strong><br>\nIn einem zun\u00e4chst recht ausgeglichenem Spiel konnte das KOOP &#8211; Team nach knapp 20 Minuten durch einem Treffer von Nils Fahlend, der den Torwart ausgeguckt hatte, in F\u00fchrung gehen. Doch die G\u00e4ste aus dem S\u00fcdharz steckten keinesfalls auf und versuchten zu antworten. Das ihnen der Ausgleichstreffer erst einamal verwehrt blieb, hatten die Platzherrren ihrem Keeper Pascal Wedding zu verdanken, der zwei, drei gl\u00e4nzende Paraden zeigen musste. Jamie D\u00f6ring gelang f\u00fcnf&nbsp; Minuten vor dem Pausenpfiff die Erh\u00f6hung auf 2:0. Einer sch\u00f6nen Seitenverlagerung \u00fcber die rechte Seite, folgte hierbei eine gl\u00e4nzende Vorarbeit von Nils Fahland , der den Ball an der Auslinie erlief und sich gl\u00e4nzend gegen einen Abwehrspieler behauptete und mit seinem Pass den Torsch\u00fctzen bediente. Der zog einfach ab und erwischte den Gastgeberkeeper, etwas gl\u00fccklich, durch die &#8222;Hosentr\u00e4ger&#8220; zum 2:0 . Der Anschlusstreffer der Hettstedter kurz danach war zwar verdient, aber wie sich sp\u00e4ter herausstellen sollte, letztlich nur Makulatur.<br>\nIn der zweiten Spielh\u00e4lfte erh\u00f6hte Bernburgs Tim Ebeling, sofort nach Wiederanpfiff, auf 3:1 und damit nahm die Bernburger \u00dcberlegenheit auch weiter deutlich zu. Mit einem Doppelschlag in der 64. und 66.Spielminuten und damit seinen Treffern 2 und 3 besorgte D\u00f6ring den verdienten 5:1 Endstand.<\/p>\n<hr>\n<p><span style=\"text-decoration: underline;\"><strong>11.09.2020 &#8211; <\/strong><strong>2.ST<\/strong> <strong>Landesliga St.6<br>\n<\/strong><\/span>SG Wimmelburg\/MSV Eisleben\/Emseloh &#8211; SG Askania\/ Einheit Berburg <strong>3:3 (1:1) <\/strong><em><a href=\"http:\/\/einheit-bernburg.de\/content\/wp-content\/uploads\/2020\/09\/Pressebericht2-640156007-1.pdf\">(Statistik)<\/a><\/em><\/p>\n<hr>\n<p><span style=\"text-decoration: underline;\"><strong>03.09.2020 &#8211; 1.ST Landesliga St.6 &#8211; Einheiplatz<\/strong><\/span><br>\nSG Askania \/ Einheit Berburg &#8211; TSG Calbe <strong>7:0 (4:0)<\/strong><\/p>\n<hr>\n<p><strong>Testspiele:<\/strong><\/p>\n<p><span style=\"text-decoration: underline;\"><strong>23.08.2020<\/strong> Ansto\u00df: <strong>10:30 Uhr<\/strong> Askania-Sportplatz<\/span><br>\nSG Askania \/ Einheit Berburg &#8211; MSV B\u00f6rde Magdeburg <strong>5:5 (2:3) <\/strong><em><a href=\"http:\/\/einheit-bernburg.de\/content\/wp-content\/uploads\/2020\/08\/A.pdf\">(Statistik)<\/a><\/em><strong><br>\n<\/strong><\/p>\n<p><span style=\"text-decoration: underline;\"><strong>16.08.2020<\/strong>&nbsp; Ansto\u00df: <strong>11:00 Uhr<\/strong> Einheit- Sportplatz<\/span><br>\nSG Askania \/ Einheit Berburg &#8211; SV Fortuna Magdeburg (B-Junioren) <strong>4:2 (2:1) <\/strong><em><a href=\"http:\/\/einheit-bernburg.de\/content\/wp-content\/uploads\/2020\/08\/A2.pdf\">(Statistik)<\/a><\/em><strong><br>\n<\/strong><\/p>\n<hr>\n<p>&nbsp;<\/p>\n","protected":false},"excerpt":{"rendered":"<p>Spg. Askania Bernburg\/Einheit Bernburg Landesliga Staffel 6 &#8211; 2020\/21 Hinten v.l.: Jamie D\u00f6ring, Arved Muhlack, Hannes Gruschetzki Mitte v.l.: Christian Podstawka (TR), Niklas Tausch, Anton Bauermeister, Joris Heine, Niklas Podstawka, Niklas Meixner Vorn v.l.: Justin Hegewald, Yannis Zenker, Pascal Wedding, Tim Ebeling, Nils Fahland Auf dem Foto fehlen: Felix G\u00fcnther, Ken H\u00e4nschen, Arman Kalashyan, Hannes [&hellip;]<\/p>\n","protected":false},"author":1,"featured_media":0,"parent":26310,"menu_order":2,"comment_status":"closed","ping_status":"open","template":"","meta":{"footnotes":""},"_links":{"self":[{"href":"https:\/\/einheit-bernburg.de\/content\/index.php?rest_route=\/wp\/v2\/pages\/29"}],"collection":[{"href":"https:\/\/einheit-bernburg.de\/content\/index.php?rest_route=\/wp\/v2\/pages"}],"about":[{"href":"https:\/\/einheit-bernburg.de\/content\/index.php?rest_route=\/wp\/v2\/types\/page"}],"author":[{"embeddable":true,"href":"https:\/\/einheit-bernburg.de\/content\/index.php?rest_route=\/wp\/v2\/users\/1"}],"replies":[{"embeddable":true,"href":"https:\/\/einheit-bernburg.de\/content\/index.php?rest_route=%2Fwp%2Fv2%2Fcomments&post=29"}],"version-history":[{"count":287,"href":"https:\/\/einheit-bernburg.de\/content\/index.php?rest_route=\/wp\/v2\/pages\/29\/revisions"}],"predecessor-version":[{"id":26489,"href":"https:\/\/einheit-bernburg.de\/content\/index.php?rest_route=\/wp\/v2\/pages\/29\/revisions\/26489"}],"up":[{"embeddable":true,"href":"https:\/\/einheit-bernburg.de\/content\/index.php?rest_route=\/wp\/v2\/pages\/26310"}],"wp:attachment":[{"href":"https:\/\/einheit-bernburg.de\/content\/index.php?rest_route=%2Fwp%2Fv2%2Fmedia&parent=29"}],"curies":[{"name":"wp","href":"https:\/\/api.w.org\/{rel}","templated":true}]}}