{"id":30341,"date":"2022-07-18T15:22:26","date_gmt":"2022-07-18T13:22:26","guid":{"rendered":"https:\/\/einheit-bernburg.de\/content\/?page_id=30341"},"modified":"2022-07-18T15:22:26","modified_gmt":"2022-07-18T13:22:26","slug":"kader-u-zielstellung","status":"publish","type":"page","link":"https:\/\/einheit-bernburg.de\/content\/?page_id=30341","title":{"rendered":"Archiv Kader u. Zielstellung 2. Herren 2021\/22"},"content":{"rendered":"<h1>Ssg. Einheit Bernburg II.\/Sportlust Gr\u00f6na<\/h1>\n<h3>1. Kreisklasse\u00a0 2021\/22<\/h3>\n<p><strong>Ein aktueller Einleitungstext folgt nach R\u00fccksprache mit den Verantwortlichen beider Vereine.<\/strong><\/p>\n<hr \/>\n<div class=\"su-table su-table-alternate\">\n<table>\n<tbody>\n<tr>\n<td style=\"width: 25%\"><strong>Ansprechpartner<\/strong><\/td>\n<td>Lothar Kral (Sportlicher Leiter &#8211; Einheit)<br \/>\nTel.: 03471\/311868, Mobil: 0162 \/ 435 66 23<br \/>\nKlaus Skoniezcny (Vorstand Gr\u00f6na)<br \/>\nTel.: 0471\/318537, Mobil: 0162\/868 90 23<br \/>\nTobias Block (Gr\u00f6na) Mobil: 0163\/895 94 77<\/td>\n<\/tr>\n<tr>\n<td style=\"width: 25%\"><strong>Trainingszeiten<\/strong><\/td>\n<td>Montag u. Donnerstag 18:30 &#8211; 20:00 Uhr (Sportpl. Gr\u00f6na)<\/td>\n<\/tr>\n<tr>\n<td style=\"width: 25%\"><strong>\u00a0<\/strong><\/td>\n<td><strong>Winter<\/strong><\/td>\n<\/tr>\n<tr>\n<td style=\"width: 25%\"><strong>Hallentraining<br \/>\n<\/strong><\/td>\n<td>Dienstag\u00a0 18:30 &#8211; 20:00 Uhr Sporthalle &#8222;T\u00f6pferwiese&#8220;<br \/>\nausgesetzt zun\u00e4chst bis 11.01.2022<\/td>\n<\/tr>\n<tr>\n<td style=\"width: 25%\"><strong>Trainer<\/strong><\/td>\n<td>G\u00fcnter Ernst \u00a0\u00a0\u00a0\u00a0 Mobil: 0162 \/ 402 33 47 (z. Zt. erkrankt)<\/td>\n<\/tr>\n<tr>\n<td style=\"width: 25%\"><strong>Interimstrainer<\/strong><\/td>\n<td>Marc Wiltner\u00a0\u00a0\u00a0\u00a0\u00a0 Mobil: 0157 \/ 582 300 65<\/td>\n<\/tr>\n<tr>\n<td style=\"width: 25%\"><strong>Betreuer<\/strong><\/td>\n<td>Jan Christoph Niebhagen<\/td>\n<\/tr>\n<tr>\n<td style=\"width: 25%\"><strong>Zielstellung<\/strong><\/td>\n<td>Klassenerhalt zuerst, dann wird man sehen&#8230;.<\/td>\n<\/tr>\n<\/tbody>\n<\/table>\n<\/div>\n<hr \/>\n<h3>Kader<\/h3>\n\n<table id=\"tablepress-95\" class=\"tablepress tablepress-id-95\">\n<thead>\n<tr class=\"row-1 odd\">\n\t<th class=\"column-1\">Lfd.Nr.<\/th><th class=\"column-2\">Name<\/th><th class=\"column-3\">Vorname<\/th><th class=\"column-4\">Jahrgang<\/th><th class=\"column-5\">Zug\u00e4nge (woher)<\/th>\n<\/tr>\n<\/thead>\n<tbody>\n<tr class=\"row-2 even\">\n\t<td class=\"column-1\">1<\/td><td class=\"column-2\">Apel<\/td><td class=\"column-3\">Michael<\/td><td class=\"column-4\">1990<\/td><td class=\"column-5\"><\/td>\n<\/tr>\n<tr class=\"row-3 odd\">\n\t<td class=\"column-1\">2<\/td><td class=\"column-2\">Beck<\/td><td class=\"column-3\">Robert<\/td><td class=\"column-4\">1996<\/td><td class=\"column-5\"><\/td>\n<\/tr>\n<tr class=\"row-4 even\">\n\t<td class=\"column-1\">3<\/td><td class=\"column-2\">Beckmann<\/td><td class=\"column-3\">Mathias<\/td><td class=\"column-4\">1988<\/td><td class=\"column-5\"><\/td>\n<\/tr>\n<tr class=\"row-5 odd\">\n\t<td class=\"column-1\">4<\/td><td class=\"column-2\">Busch<\/td><td class=\"column-3\">Roland<\/td><td class=\"column-4\">1980<\/td><td class=\"column-5\"><\/td>\n<\/tr>\n<tr class=\"row-6 even\">\n\t<td class=\"column-1\">5<\/td><td class=\"column-2\">Diallo<\/td><td class=\"column-3\">Ousmane<\/td><td class=\"column-4\">2001<\/td><td class=\"column-5\"><\/td>\n<\/tr>\n<tr class=\"row-7 odd\">\n\t<td class=\"column-1\">6<\/td><td class=\"column-2\">Eggert<\/td><td class=\"column-3\">Steffen<\/td><td class=\"column-4\">1970<\/td><td class=\"column-5\"><\/td>\n<\/tr>\n<tr class=\"row-8 even\">\n\t<td class=\"column-1\">7<\/td><td class=\"column-2\">Engelke<\/td><td class=\"column-3\">Sebastian<\/td><td class=\"column-4\">1983<\/td><td class=\"column-5\"><\/td>\n<\/tr>\n<tr class=\"row-9 odd\">\n\t<td class=\"column-1\">8<\/td><td class=\"column-2\">Kinzuraschwili<\/td><td class=\"column-3\">Henry<\/td><td class=\"column-4\">1991<\/td><td class=\"column-5\"><\/td>\n<\/tr>\n<tr class=\"row-10 even\">\n\t<td class=\"column-1\">9<\/td><td class=\"column-2\">Kupka <\/td><td class=\"column-3\">Leroy<\/td><td class=\"column-4\">1997<\/td><td class=\"column-5\"><\/td>\n<\/tr>\n<tr class=\"row-11 odd\">\n\t<td class=\"column-1\">10<\/td><td class=\"column-2\">Landgrabe<\/td><td class=\"column-3\">Christian<\/td><td class=\"column-4\">1987<\/td><td class=\"column-5\"><\/td>\n<\/tr>\n<tr class=\"row-12 even\">\n\t<td class=\"column-1\"><\/td><td class=\"column-2\">Langer<\/td><td class=\"column-3\">Phillip<\/td><td class=\"column-4\">1995<\/td><td class=\"column-5\">Altenburger SG 1928<\/td>\n<\/tr>\n<tr class=\"row-13 odd\">\n\t<td class=\"column-1\">11<\/td><td class=\"column-2\">Mehrholz<\/td><td class=\"column-3\">Philipp<\/td><td class=\"column-4\">1992<\/td><td class=\"column-5\"><\/td>\n<\/tr>\n<tr class=\"row-14 even\">\n\t<td class=\"column-1\">12<\/td><td class=\"column-2\">Merkel<\/td><td class=\"column-3\">Marcel<\/td><td class=\"column-4\">1986<\/td><td class=\"column-5\"><\/td>\n<\/tr>\n<tr class=\"row-15 odd\">\n\t<td class=\"column-1\">13<\/td><td class=\"column-2\">Meyer<\/td><td class=\"column-3\">Eric<\/td><td class=\"column-4\">1992<\/td><td class=\"column-5\"><\/td>\n<\/tr>\n<tr class=\"row-16 even\">\n\t<td class=\"column-1\">14<\/td><td class=\"column-2\">Neumann<\/td><td class=\"column-3\">Sven<\/td><td class=\"column-4\">1996<\/td><td class=\"column-5\"><\/td>\n<\/tr>\n<tr class=\"row-17 odd\">\n\t<td class=\"column-1\">15<\/td><td class=\"column-2\">Okubire<\/td><td class=\"column-3\">Charles<\/td><td class=\"column-4\">1995<\/td><td class=\"column-5\"><\/td>\n<\/tr>\n<tr class=\"row-18 even\">\n\t<td class=\"column-1\">16<\/td><td class=\"column-2\">Printz<\/td><td class=\"column-3\">Falco<\/td><td class=\"column-4\">1989<\/td><td class=\"column-5\">reaktiviert<\/td>\n<\/tr>\n<tr class=\"row-19 odd\">\n\t<td class=\"column-1\">17<\/td><td class=\"column-2\">Schmidt<\/td><td class=\"column-3\">Andy<\/td><td class=\"column-4\">1992<\/td><td class=\"column-5\"><\/td>\n<\/tr>\n<tr class=\"row-20 even\">\n\t<td class=\"column-1\">18<\/td><td class=\"column-2\">Shami<\/td><td class=\"column-3\">Nael<\/td><td class=\"column-4\">1995<\/td><td class=\"column-5\">Syrien<\/td>\n<\/tr>\n<tr class=\"row-21 odd\">\n\t<td class=\"column-1\">19<\/td><td class=\"column-2\">Schock<\/td><td class=\"column-3\">Kevin<\/td><td class=\"column-4\">1986<\/td><td class=\"column-5\">SV 08 Baalberge<\/td>\n<\/tr>\n<tr class=\"row-22 even\">\n\t<td class=\"column-1\">20<\/td><td class=\"column-2\">Souschek<\/td><td class=\"column-3\">Jonas<\/td><td class=\"column-4\">1997<\/td><td class=\"column-5\"><\/td>\n<\/tr>\n<tr class=\"row-23 odd\">\n\t<td class=\"column-1\">21<\/td><td class=\"column-2\">Spach<\/td><td class=\"column-3\">Michael<\/td><td class=\"column-4\">1972<\/td><td class=\"column-5\"><\/td>\n<\/tr>\n<tr class=\"row-24 even\">\n\t<td class=\"column-1\">22<\/td><td class=\"column-2\">Spach<\/td><td class=\"column-3\">Nico<\/td><td class=\"column-4\">1995<\/td><td class=\"column-5\"><\/td>\n<\/tr>\n<tr class=\"row-25 odd\">\n\t<td class=\"column-1\">23<\/td><td class=\"column-2\">Thiele<\/td><td class=\"column-3\">Karl<\/td><td class=\"column-4\">1994<\/td><td class=\"column-5\"><\/td>\n<\/tr>\n<tr class=\"row-26 even\">\n\t<td class=\"column-1\">24<\/td><td class=\"column-2\">Voigt<\/td><td class=\"column-3\">Ren\u00e9<\/td><td class=\"column-4\">1986<\/td><td class=\"column-5\"><\/td>\n<\/tr>\n<tr class=\"row-27 odd\">\n\t<td class=\"column-1\">25<\/td><td class=\"column-2\">Wieczorek<\/td><td class=\"column-3\">Michael<\/td><td class=\"column-4\">1984<\/td><td class=\"column-5\"><\/td>\n<\/tr>\n<tr class=\"row-28 even\">\n\t<td class=\"column-1\">26<\/td><td class=\"column-2\">Zimmermann<\/td><td class=\"column-3\">Leon<\/td><td class=\"column-4\">2001<\/td><td class=\"column-5\">reaktiviert<\/td>\n<\/tr>\n<tr class=\"row-29 odd\">\n\t<td class=\"column-1\">27<\/td><td class=\"column-2\">Zipfel<\/td><td class=\"column-3\">Julien<\/td><td class=\"column-4\">1994<\/td><td class=\"column-5\"><\/td>\n<\/tr>\n<tr class=\"row-30 even\">\n\t<td class=\"column-1\"><\/td><td class=\"column-2\"><\/td><td class=\"column-3\"><\/td><td class=\"column-4\"><\/td><td class=\"column-5\"><\/td>\n<\/tr>\n<tr class=\"row-31 odd\">\n\t<td class=\"column-1\"><\/td><td class=\"column-2\">RESERVE<\/td><td class=\"column-3\"><\/td><td class=\"column-4\"><\/td><td class=\"column-5\"><\/td>\n<\/tr>\n<tr class=\"row-32 even\">\n\t<td class=\"column-1\">28<\/td><td class=\"column-2\">Lehmann<\/td><td class=\"column-3\">Marcel<\/td><td class=\"column-4\">1988<\/td><td class=\"column-5\"><\/td>\n<\/tr>\n<\/tbody>\n<\/table>\n\n<p><span style=\"text-decoration: underline;\"><strong>Zug\u00e4nge:<\/strong><\/span><br \/>\nNael Shami (Syrien), Kevin Schock (SV 08 Baalberge), Phillip Langer (Altenburger SG 28)<\/p>\n<p><span style=\"text-decoration: underline;\"><strong>Abg\u00e4nge:<\/strong><\/span><br \/>\nAndreas Schwarz (FSV Eiche Pobzig), Robert Bahn, Charles Okubire (beide 1.M\u00e4.)<\/p>\n","protected":false},"excerpt":{"rendered":"<p>Ssg. Einheit Bernburg II.\/Sportlust Gr\u00f6na 1. Kreisklasse\u00a0 2021\/22 Ein aktueller Einleitungstext folgt nach R\u00fccksprache mit den Verantwortlichen beider Vereine. Kader Zug\u00e4nge: Nael Shami (Syrien), Kevin Schock (SV 08 Baalberge), Phillip Langer (Altenburger SG 28) Abg\u00e4nge: Andreas Schwarz (FSV Eiche Pobzig), Robert Bahn, Charles Okubire (beide 1.M\u00e4.)<\/p>\n","protected":false},"author":3,"featured_media":0,"parent":30340,"menu_order":0,"comment_status":"closed","ping_status":"closed","template":"","meta":{"footnotes":""},"_links":{"self":[{"href":"https:\/\/einheit-bernburg.de\/content\/index.php?rest_route=\/wp\/v2\/pages\/30341"}],"collection":[{"href":"https:\/\/einheit-bernburg.de\/content\/index.php?rest_route=\/wp\/v2\/pages"}],"about":[{"href":"https:\/\/einheit-bernburg.de\/content\/index.php?rest_route=\/wp\/v2\/types\/page"}],"author":[{"embeddable":true,"href":"https:\/\/einheit-bernburg.de\/content\/index.php?rest_route=\/wp\/v2\/users\/3"}],"replies":[{"embeddable":true,"href":"https:\/\/einheit-bernburg.de\/content\/index.php?rest_route=%2Fwp%2Fv2%2Fcomments&post=30341"}],"version-history":[{"count":1,"href":"https:\/\/einheit-bernburg.de\/content\/index.php?rest_route=\/wp\/v2\/pages\/30341\/revisions"}],"predecessor-version":[{"id":30342,"href":"https:\/\/einheit-bernburg.de\/content\/index.php?rest_route=\/wp\/v2\/pages\/30341\/revisions\/30342"}],"up":[{"embeddable":true,"href":"https:\/\/einheit-bernburg.de\/content\/index.php?rest_route=\/wp\/v2\/pages\/30340"}],"wp:attachment":[{"href":"https:\/\/einheit-bernburg.de\/content\/index.php?rest_route=%2Fwp%2Fv2%2Fmedia&parent=30341"}],"curies":[{"name":"wp","href":"https:\/\/api.w.org\/{rel}","templated":true}]}}