{"id":30352,"date":"2022-07-20T08:21:12","date_gmt":"2022-07-20T06:21:12","guid":{"rendered":"https:\/\/einheit-bernburg.de\/content\/?page_id=30352"},"modified":"2022-07-20T08:21:12","modified_gmt":"2022-07-20T06:21:12","slug":"kader-u-zielstellung-d3-junioren","status":"publish","type":"page","link":"https:\/\/einheit-bernburg.de\/content\/?page_id=30352","title":{"rendered":"Archiv Kader u. Zielstellung B-Junioren 2021\/22"},"content":{"rendered":"<h1 class=\"aufm\">SV Einheit Bernburg<\/h1>\n<h3>Kreisoberliga \u2013 2021\/22<\/h3>\n<p>Die 11j\u00e4hrige Kooperation Askania-Einheit Bernburg wurde mit der Gr\u00fcndung des SC Bernburg beendet. Somit treten die B &#8211; Junioren wieder als eigenst\u00e4ndige Mannschaft des SV Einheit Bernburg an. Um daraus entstandenen quantitativen Engp\u00e4ssen im Kader entgegenzuwirken f\u00fcgen wir einen Teil des \u00e4lteren C-Junioren Jahrganges und der beim SV Einheit verblieben B &#8211; Junioren zu einem B\/C &#8211; Junioren-Team zusammen. Da meisten Jungs beider Alterklassen schon viele Jahre beim SV Einheit dem Ball nachjagen und zum gro\u00dfen Teil technisch entsprechend gut ausgebildet sind, haben wir die Hoffnung, dass sich dieses Team unter bew\u00e4hrten Trainern zu einer Einheit zusammenfinden wird.<br \/>\nDazu w\u00fcnschen wir dem gesamten Kollektiv viel Erfolg!<\/p>\n<hr \/>\n<div class=\"su-table su-table-alternate\">\n<table style=\"height: 344px;width: 704px\" width=\"702\">\n<tbody>\n<tr>\n<td style=\"width: 173px\"><strong>Ansprechpartner<\/strong><\/td>\n<td style=\"width: 531px\">Lothar Kral (Sportlicher Leiter &#8211; Einheit)<br \/>\nTel.: 03471 \/ 311868, Mobil: 0162 \/ 435 66 23<\/td>\n<\/tr>\n<tr>\n<td style=\"width: 173px\"><strong>Trainingszeit<\/strong><\/td>\n<td style=\"width: 531px\">Montag,\u00a0\u00a0\u00a0 16:30 Uhr \u2013 18:00 Uhr\u00a0 Einheit-Sportplatz<br \/>\nMittwoch, 16:30 Uhr \u2013 18:00 Uhr Einheit-Sportplatz<\/td>\n<\/tr>\n<tr>\n<td style=\"width: 173px\"><strong> Winter<\/strong><\/td>\n<td style=\"width: 531px\"><\/td>\n<\/tr>\n<tr>\n<td style=\"width: 173px\"><strong>Hallentraining<br \/>\n<\/strong><\/td>\n<td style=\"width: 531px\">Donnerstag 18:00 Uhr &#8211; 19:30 Uhr Halle &#8222;Eichenweg&#8220;<br \/>\nab 02.12.2021<\/td>\n<\/tr>\n<tr>\n<td style=\"width: 173px\"><strong>Kunstrasen<br \/>\n<\/strong><\/td>\n<td style=\"width: 531px\"><\/td>\n<\/tr>\n<tr>\n<td style=\"width: 173px\"><strong>Trainer<\/strong><\/td>\n<td style=\"width: 531px\">Andreas Kre\u00df \u00a0 \u00a0 \u00a0 \u00a0 \u00a0\u00a0 Mobil: 0157 \/ 878 029 30<\/td>\n<\/tr>\n<tr>\n<td style=\"width: 173px\"><strong>Trainer<br \/>\n<\/strong><\/td>\n<td style=\"width: 531px\">Sebastian Engelke\u00a0\u00a0\u00a0 Mobil: 0163 \/ 251 65 20<\/td>\n<\/tr>\n<tr>\n<td style=\"width: 173px\"><strong>Betreuer<\/strong><\/td>\n<td style=\"width: 531px\"><\/td>\n<\/tr>\n<tr>\n<td style=\"width: 173px\"><strong>Zielstellung<\/strong><\/td>\n<td style=\"width: 531px\"><\/td>\n<\/tr>\n<\/tbody>\n<\/table>\n<\/div>\n<p>Abgang: Gino Maurice Krppf (Umzug)<\/p>\n<hr \/>\n<h3>Kader<\/h3>\n\n<table id=\"tablepress-96\" class=\"tablepress tablepress-id-96\">\n<thead>\n<tr class=\"row-1 odd\">\n\t<th class=\"column-1\">Name<\/th><th class=\"column-2\">Vorname<\/th><th class=\"column-3\">Jahrgang<\/th><th class=\"column-4\">Vereinszugeh\u00f6rigkeit<\/th><th class=\"column-5\"><\/th><th class=\"column-6\"><\/th><th class=\"column-7\"><\/th><th class=\"column-8\"><\/th>\n<\/tr>\n<\/thead>\n<tbody>\n<tr class=\"row-2 even\">\n\t<td class=\"column-1\">Ehrich<\/td><td class=\"column-2\">Jannis<\/td><td class=\"column-3\">2005<\/td><td class=\"column-4\">SV Einheit Bernburg<\/td><td class=\"column-5\"><\/td><td class=\"column-6\"><\/td><td class=\"column-7\"><\/td><td class=\"column-8\"><\/td>\n<\/tr>\n<tr class=\"row-3 odd\">\n\t<td class=\"column-1\">Habenreich<\/td><td class=\"column-2\">Jonas<\/td><td class=\"column-3\">2005<\/td><td class=\"column-4\">SV Einheit Bernburg<\/td><td class=\"column-5\"><\/td><td class=\"column-6\"><\/td><td class=\"column-7\"><\/td><td class=\"column-8\"><\/td>\n<\/tr>\n<tr class=\"row-4 even\">\n\t<td class=\"column-1\">Hammermann<\/td><td class=\"column-2\">Moritz Emanuel<\/td><td class=\"column-3\">2005<\/td><td class=\"column-4\">SV Einheit Bernburg<\/td><td class=\"column-5\"><\/td><td class=\"column-6\"><\/td><td class=\"column-7\"><\/td><td class=\"column-8\"><\/td>\n<\/tr>\n<tr class=\"row-5 odd\">\n\t<td class=\"column-1\">Holze<\/td><td class=\"column-2\">Benedikt<\/td><td class=\"column-3\">2005<\/td><td class=\"column-4\">SV Einheit Bernburg<\/td><td class=\"column-5\"><\/td><td class=\"column-6\"><\/td><td class=\"column-7\"><\/td><td class=\"column-8\"><\/td>\n<\/tr>\n<tr class=\"row-6 even\">\n\t<td class=\"column-1\">Kanhash<\/td><td class=\"column-2\">Ouday<\/td><td class=\"column-3\">2005<\/td><td class=\"column-4\">SV Einheit Bernburg<\/td><td class=\"column-5\"><\/td><td class=\"column-6\"><\/td><td class=\"column-7\"><\/td><td class=\"column-8\"><\/td>\n<\/tr>\n<tr class=\"row-7 odd\">\n\t<td class=\"column-1\">Reinke<\/td><td class=\"column-2\">Maximilian<\/td><td class=\"column-3\">2005<\/td><td class=\"column-4\">SV Einheit Bernburg<\/td><td class=\"column-5\"><\/td><td class=\"column-6\"><\/td><td class=\"column-7\"><\/td><td class=\"column-8\"><\/td>\n<\/tr>\n<tr class=\"row-8 even\">\n\t<td class=\"column-1\">Groschopp<\/td><td class=\"column-2\">Timmy<\/td><td class=\"column-3\">2006<\/td><td class=\"column-4\">SV Einheit Bernburg<\/td><td class=\"column-5\"><\/td><td class=\"column-6\"><\/td><td class=\"column-7\"><\/td><td class=\"column-8\"><\/td>\n<\/tr>\n<tr class=\"row-9 odd\">\n\t<td class=\"column-1\">Matthias<\/td><td class=\"column-2\">Phillip<\/td><td class=\"column-3\">2006<\/td><td class=\"column-4\">SV Einheit Bernburg<\/td><td class=\"column-5\"><\/td><td class=\"column-6\"><\/td><td class=\"column-7\"><\/td><td class=\"column-8\"><\/td>\n<\/tr>\n<tr class=\"row-10 even\">\n\t<td class=\"column-1\">Schoon<\/td><td class=\"column-2\">Leonardo<\/td><td class=\"column-3\">2006<\/td><td class=\"column-4\">SV Einheit Bernburg<\/td><td class=\"column-5\"><\/td><td class=\"column-6\"><\/td><td class=\"column-7\"><\/td><td class=\"column-8\"><\/td>\n<\/tr>\n<tr class=\"row-11 odd\">\n\t<td class=\"column-1\">Stolz<\/td><td class=\"column-2\">Jan - Malte<\/td><td class=\"column-3\">2006<\/td><td class=\"column-4\">SV Einheit Bernburg<\/td><td class=\"column-5\"><\/td><td class=\"column-6\"><\/td><td class=\"column-7\"><\/td><td class=\"column-8\"><\/td>\n<\/tr>\n<tr class=\"row-12 even\">\n\t<td class=\"column-1\">Hammermann<\/td><td class=\"column-2\">Theodor<\/td><td class=\"column-3\">2007<\/td><td class=\"column-4\">SV Einheit Bernburg<\/td><td class=\"column-5\"><\/td><td class=\"column-6\"><\/td><td class=\"column-7\"><\/td><td class=\"column-8\"><\/td>\n<\/tr>\n<tr class=\"row-13 odd\">\n\t<td class=\"column-1\">Henze<\/td><td class=\"column-2\">Lucas<\/td><td class=\"column-3\">2007<\/td><td class=\"column-4\">SV Einheit Bernburg<\/td><td class=\"column-5\"><\/td><td class=\"column-6\"><\/td><td class=\"column-7\"><\/td><td class=\"column-8\"><\/td>\n<\/tr>\n<tr class=\"row-14 even\">\n\t<td class=\"column-1\">Kupka<\/td><td class=\"column-2\">Nevio<\/td><td class=\"column-3\">2007<\/td><td class=\"column-4\">SV Einheit Bernburg<\/td><td class=\"column-5\"><\/td><td class=\"column-6\"><\/td><td class=\"column-7\"><\/td><td class=\"column-8\"><\/td>\n<\/tr>\n<tr class=\"row-15 odd\">\n\t<td class=\"column-1\">M\u00fcller<\/td><td class=\"column-2\">Jakob<\/td><td class=\"column-3\">2007<\/td><td class=\"column-4\">SV Einheit Bernburg<\/td><td class=\"column-5\"><\/td><td class=\"column-6\"><\/td><td class=\"column-7\"><\/td><td class=\"column-8\"><\/td>\n<\/tr>\n<tr class=\"row-16 even\">\n\t<td class=\"column-1\">M\u00fcller<\/td><td class=\"column-2\">Timon<\/td><td class=\"column-3\">2007<\/td><td class=\"column-4\">SV Einheit Bernburg<\/td><td class=\"column-5\"><\/td><td class=\"column-6\"><\/td><td class=\"column-7\"><\/td><td class=\"column-8\"><\/td>\n<\/tr>\n<tr class=\"row-17 odd\">\n\t<td class=\"column-1\">M\u00fcller <\/td><td class=\"column-2\">Valentin Vincent<\/td><td class=\"column-3\">2005<\/td><td class=\"column-4\">GS Eintracht Pei\u00dfen<\/td><td class=\"column-5\"><\/td><td class=\"column-6\"><\/td><td class=\"column-7\"><\/td><td class=\"column-8\"><\/td>\n<\/tr>\n<tr class=\"row-18 even\">\n\t<td class=\"column-1\">M\u00fcller<\/td><td class=\"column-2\">Vincent<\/td><td class=\"column-3\">2007<\/td><td class=\"column-4\">SV Einheit Bernburg<br \/>\nnur als Schiri unterwegs<\/td><td class=\"column-5\"><\/td><td class=\"column-6\"><\/td><td class=\"column-7\"><\/td><td class=\"column-8\"><\/td>\n<\/tr>\n<tr class=\"row-19 odd\">\n\t<td class=\"column-1\">Richter<\/td><td class=\"column-2\">Janne Till<\/td><td class=\"column-3\">2007<\/td><td class=\"column-4\">SV Einheit Bernburg<\/td><td class=\"column-5\"><\/td><td class=\"column-6\"><\/td><td class=\"column-7\"><\/td><td class=\"column-8\"><\/td>\n<\/tr>\n<tr class=\"row-20 even\">\n\t<td class=\"column-1\">Schoon<\/td><td class=\"column-2\">Christian<\/td><td class=\"column-3\">2007<\/td><td class=\"column-4\">SV Einheit Bernburg<\/td><td class=\"column-5\"><\/td><td class=\"column-6\"><\/td><td class=\"column-7\"><\/td><td class=\"column-8\"><\/td>\n<\/tr>\n<\/tbody>\n<\/table>\n\n","protected":false},"excerpt":{"rendered":"<p>SV Einheit Bernburg Kreisoberliga \u2013 2021\/22 Die 11j\u00e4hrige Kooperation Askania-Einheit Bernburg wurde mit der Gr\u00fcndung des SC Bernburg beendet. Somit treten die B &#8211; Junioren wieder als eigenst\u00e4ndige Mannschaft des SV Einheit Bernburg an. Um daraus entstandenen quantitativen Engp\u00e4ssen im Kader entgegenzuwirken f\u00fcgen wir einen Teil des \u00e4lteren C-Junioren Jahrganges und der beim SV Einheit [&hellip;]<\/p>\n","protected":false},"author":3,"featured_media":0,"parent":30351,"menu_order":0,"comment_status":"closed","ping_status":"closed","template":"","meta":{"footnotes":""},"_links":{"self":[{"href":"https:\/\/einheit-bernburg.de\/content\/index.php?rest_route=\/wp\/v2\/pages\/30352"}],"collection":[{"href":"https:\/\/einheit-bernburg.de\/content\/index.php?rest_route=\/wp\/v2\/pages"}],"about":[{"href":"https:\/\/einheit-bernburg.de\/content\/index.php?rest_route=\/wp\/v2\/types\/page"}],"author":[{"embeddable":true,"href":"https:\/\/einheit-bernburg.de\/content\/index.php?rest_route=\/wp\/v2\/users\/3"}],"replies":[{"embeddable":true,"href":"https:\/\/einheit-bernburg.de\/content\/index.php?rest_route=%2Fwp%2Fv2%2Fcomments&post=30352"}],"version-history":[{"count":1,"href":"https:\/\/einheit-bernburg.de\/content\/index.php?rest_route=\/wp\/v2\/pages\/30352\/revisions"}],"predecessor-version":[{"id":30353,"href":"https:\/\/einheit-bernburg.de\/content\/index.php?rest_route=\/wp\/v2\/pages\/30352\/revisions\/30353"}],"up":[{"embeddable":true,"href":"https:\/\/einheit-bernburg.de\/content\/index.php?rest_route=\/wp\/v2\/pages\/30351"}],"wp:attachment":[{"href":"https:\/\/einheit-bernburg.de\/content\/index.php?rest_route=%2Fwp%2Fv2%2Fmedia&parent=30352"}],"curies":[{"name":"wp","href":"https:\/\/api.w.org\/{rel}","templated":true}]}}