{"id":328,"date":"2015-09-23T17:52:39","date_gmt":"2015-09-23T15:52:39","guid":{"rendered":"http:\/\/einheit-bernburg.de\/content\/?page_id=328"},"modified":"2021-06-29T14:54:02","modified_gmt":"2021-06-29T12:54:02","slug":"b1-junioren","status":"publish","type":"page","link":"https:\/\/einheit-bernburg.de\/content\/?page_id=328","title":{"rendered":"Archiv B1-Junioren 2020\/21"},"content":{"rendered":"<h1 class=\"aufm\">TV Askania Bernburg<\/h1>\n<h3 class=\"aufm\">Landesliga Staffel 2 &#8211; 2020\/21<\/h3>\n<p><a href=\"http:\/\/einheit-bernburg.de\/content\/wp-content\/uploads\/2020\/09\/B1-2020-21.jpeg\"><noscript><img decoding=\"async\" class=\"alignnone wp-image-24637 size-large\" src=\"http:\/\/einheit-bernburg.de\/content\/wp-content\/uploads\/2020\/09\/B1-2020-21-1024x683.jpeg\" alt width=\"1024\" height=\"683\" srcset=\"https:\/\/einheit-bernburg.de\/content\/wp-content\/uploads\/2020\/09\/B1-2020-21-1024x683.jpeg 1024w, https:\/\/einheit-bernburg.de\/content\/wp-content\/uploads\/2020\/09\/B1-2020-21-300x200.jpeg 300w, https:\/\/einheit-bernburg.de\/content\/wp-content\/uploads\/2020\/09\/B1-2020-21-768x512.jpeg 768w, https:\/\/einheit-bernburg.de\/content\/wp-content\/uploads\/2020\/09\/B1-2020-21-1080x720.jpeg 1080w\" sizes=\"(max-width: 1024px) 100vw, 1024px\"><\/noscript><img decoding=\"async\" class=\"alignnone wp-image-24637 size-large lazyload\" src=\"data:image\/svg+xml,%3Csvg%20xmlns%3D%22http%3A%2F%2Fwww.w3.org%2F2000%2Fsvg%22%20viewBox%3D%220%200%201024%20683%22%3E%3C%2Fsvg%3E\" alt width=\"1024\" height=\"683\" srcset=\"data:image\/svg+xml,%3Csvg%20xmlns%3D%22http%3A%2F%2Fwww.w3.org%2F2000%2Fsvg%22%20viewBox%3D%220%200%201024%20683%22%3E%3C%2Fsvg%3E 1024w\" sizes=\"(max-width: 1024px) 100vw, 1024px\" data-srcset=\"https:\/\/einheit-bernburg.de\/content\/wp-content\/uploads\/2020\/09\/B1-2020-21-1024x683.jpeg 1024w, https:\/\/einheit-bernburg.de\/content\/wp-content\/uploads\/2020\/09\/B1-2020-21-300x200.jpeg 300w, https:\/\/einheit-bernburg.de\/content\/wp-content\/uploads\/2020\/09\/B1-2020-21-768x512.jpeg 768w, https:\/\/einheit-bernburg.de\/content\/wp-content\/uploads\/2020\/09\/B1-2020-21-1080x720.jpeg 1080w\" data-src=\"http:\/\/einheit-bernburg.de\/content\/wp-content\/uploads\/2020\/09\/B1-2020-21-1024x683.jpeg\"><\/a><\/p>\n<hr>\n<p><a class=\"submenu\" href=\"http:\/\/einheit-bernburg.de\/content\/?page_id=553\" target=\"_blank\" rel=\"noopener noreferrer\"><noscript><img decoding=\"async\" src=\"http:\/\/einheit-bernburg.de\/off\/images\/redsys\/link.gif\" alt border=\"0\"><\/noscript><img decoding=\"async\" src=\"data:image\/gif;base64,R0lGODlhAQABAIAAAAAAAP\/\/\/yH5BAEAAAAALAAAAAABAAEAAAIBRAA7\" alt border=\"0\" data-src=\"http:\/\/einheit-bernburg.de\/off\/images\/redsys\/link.gif\" class=\" lazyload\"><\/a>&nbsp;<a href=\"https:\/\/einheit-bernburg.de\/content\/?page_id=553\" target=\"_blank\" rel=\"noopener\">Kader u. Zielstellung<\/a><\/p>\n<p><a class=\"submenu\" href=\"http:\/\/www.fussball.de\/spieltagsuebersicht\/landesliga-a-jun-staffel-6-sachsen-anhalt-a-junioren-landesliga-a-junioren-saison1516-sachsen-anhalt\/-\/staffel\/01OPP4VDC8000001VV0AG813VSIPV1RQ-G#!\/section\/stage\" target=\"_blank\" rel=\"noopener noreferrer\"><noscript><img decoding=\"async\" src=\"http:\/\/einheit-bernburg.de\/off\/images\/redsys\/link.gif\" alt border=\"0\"><\/noscript><img decoding=\"async\" src=\"data:image\/gif;base64,R0lGODlhAQABAIAAAAAAAP\/\/\/yH5BAEAAAAALAAAAAABAAEAAAIBRAA7\" alt border=\"0\" data-src=\"http:\/\/einheit-bernburg.de\/off\/images\/redsys\/link.gif\" class=\" lazyload\"><\/a> <a href=\"http:\/\/www.fussball.de\/spieltagsuebersicht\/b-junioren-landesliga-st-2-sachsen-anhalt-b-junioren-landesliga-b-junioren-saison2021-sachsen-anhalt\/-\/staffel\/02BG3TGNR4000004VS5489B3VVF7RL35-G#!\/\">Spielplan u. Tabelle LL St.2<\/a><\/p>\n<p><a class=\"submenu\" href=\"http:\/\/www.fussball.de\/spieltagsuebersicht\/landesliga-a-jun-staffel-6-sachsen-anhalt-a-junioren-landesliga-a-junioren-saison1516-sachsen-anhalt\/-\/staffel\/01OPP4VDC8000001VV0AG813VSIPV1RQ-G#!\/section\/stage\" target=\"_blank\" rel=\"noopener noreferrer\"><noscript><img decoding=\"async\" src=\"http:\/\/einheit-bernburg.de\/off\/images\/redsys\/link.gif\" alt border=\"0\"><\/noscript><img decoding=\"async\" src=\"data:image\/gif;base64,R0lGODlhAQABAIAAAAAAAP\/\/\/yH5BAEAAAAALAAAAAABAAEAAAIBRAA7\" alt border=\"0\" data-src=\"http:\/\/einheit-bernburg.de\/off\/images\/redsys\/link.gif\" class=\" lazyload\"><\/a> <a href=\"http:\/\/einheit-bernburg.de\/content\/wp-content\/uploads\/2020\/07\/20-07-27_RTP-2020-2021-Junioren-2.pdf\">RTP-NW (Land) 2020\/21<\/a> &nbsp; <noscript><img decoding=\"async\" class src=\"http:\/\/einheit-bernburg.de\/off\/images\/redsys\/link.gif\" alt border=\"0\"><\/noscript><img decoding=\"async\" class=\" lazyload\" src=\"data:image\/gif;base64,R0lGODlhAQABAIAAAAAAAP\/\/\/yH5BAEAAAAALAAAAAABAAEAAAIBRAA7\" alt border=\"0\" data-src=\"http:\/\/einheit-bernburg.de\/off\/images\/redsys\/link.gif\">&nbsp;<a href=\"http:\/\/einheit-bernburg.de\/content\/wp-content\/uploads\/2020\/07\/RTP-NW-Kreis-1.pdf\">RTP-NW (Salzlandkreis) 2020\/21<\/a><\/p>\n<p><strong>\u00dcber die abgelaufene Saison 2019\/20 kann man sich ausf\u00fchrlich im Archiv informieren.<\/strong><\/p>\n<hr>\n<h1 class=\"aufm\">News u. Spielberichte<\/h1>\n<hr>\n<p><span style=\"text-decoration: underline;\"><strong>01.11.2020 <\/strong>Ansto\u00df:<strong> 11:30 Uhr &#8211; 7.ST Landesliga St.2<\/strong><\/span><br>\nTV Askania Bernburg &#8211; MSC Preu\u00dfen<\/p>\n<hr>\n<p><span style=\"text-decoration: underline;\"><strong>25.10.2020 <\/strong>Ansto\u00df:<strong> 11:00 Uhr &#8211; Kreispokal 1.Runde<\/strong><\/span><br>\nSG Saxonia Gatersleben\/\u200bSC Seeland &#8211; TV Askania&nbsp; Bernburg <strong>4:3 (2:1)<\/strong><\/p>\n<p><strong>Bernburg trotz Aufholjagd im Kreispokal ausgeschieden<\/strong><br>\nAm Sonntag reiste Bernburg ersatzgeschw\u00e4cht durch Verletzungen zu Saxonia Gatersleben f\u00fcr das Kreispokal-Spiel. 6 C-Junioren-Spieler halfen dem durch Verletzungen gebeutelten Kader aus. Saxonia erspielte sich mehr Anteile in der 1.Halbzeit und ging auch zu Beginn mit 1:0 in Front. Bernburg hatte M\u00fche Struktur in sein Spiel zu bekommen. Nach einen Freisto\u00df-Treffer von Gatersleben, bekam Bernburg wenig sp\u00e4ter einen Elfmeter, den Arthur Kryshteyn sicher verwandelte. 2:1 Halbzeitstand. Gatersleben erh\u00f6hte fr\u00fch nach Anpfiff auf 3:1, doch Bernburg k\u00e4mpfte sich wieder ran.Louis Lange verk\u00fcrzte auf 3:2,und kurz vor Schlu\u00df, k\u00f6pfte erneut Arthur Kryshteyn die Bernburger in die Verl\u00e4ngerung. Leider verwandelte Gatersleben einen fragw\u00fcrdigen Elfmeter in der Verl\u00e4ngerung, soda\u00df die Aufholjagd nicht f\u00fcr das Elfmeterschie\u00dfen reichte.<\/p>\n<hr>\n<p><strong>Punktspiele:<\/strong><\/p>\n<p><span style=\"text-decoration: underline;\"><strong>16.10.2020<\/strong><strong> &#8211; 6.ST Landesliga St.2<\/strong><\/span><br>\nMagdeburger SV B\u00f6rde &#8211; TV Askania&nbsp; Bernburg <strong>1:3 (1:1)<\/strong><\/p>\n<div><strong>Bernburg entf\u00fchrt 3 Punkte aus Magdeburg<\/strong><br>\nAm Freitagabend hatte Bernburg sein erstes Flutlichtspiel beim MSV B\u00f6rde Magdeburg in der Saison vor der Brust. Der MSV begann sehr dominant, dr\u00fcckte die Bernburger in ihre H\u00e4lfte und die SG konnte sich nur schwer befreien. So war es eine Frage der Zeit, da\u00df Magdeburg in der 13.Minute f\u00fchrte. Nur einmal hatte Jonas Marx den Ausgleich auf dem Schlappen, scheiterte aber am Torh\u00fcter. Magdeburg blieb druckvoll und wollte seine \u00dcberlegenheit umm\u00fcnzen, aber fanden bei Justin Kaiser ihren Meister. Doch kurz vor dem Pausentee, fiel nach guter Freisto\u00df-Variante der Ausgleich durch Jonas Marx. Ein schmeichelhafter 1:1 Halbzeitstand! Doch Bernburg k\u00e4mpfte sich mit geschlossener Mannschaftsleistung&nbsp; in der 2. H\u00e4lfte mehr und mehr ins Spiel und blieb geduldig. B\u00f6rde konnte nicht mehr so gef\u00e4hrlich werden, wie zu Beginn. Nach gutem Zuspiel von Tyler Kumbu in die Spitze zu Jonas Marx, drehte Bernburg das Spiel zur 2:1 F\u00fchrung. Magdeburgs Willen wurde mit der 3.Bude von Jonas Marx in der 73.Minute gebrochen, und Bernburg schauckelte den Ausw\u00e4rts-Dreier nach Hause.<\/div>\n<hr>\n<p><span style=\"text-decoration: underline;\"><strong>03.10.2020<\/strong> <strong>&#8211;&nbsp;<\/strong> <strong>5.ST Landesliga St.2<\/strong><\/span><br>\nTV Askania&nbsp; Bernburg &#8211; Union 1861 Sch\u00f6nebeck U17 <strong>5:0 (2:0)<\/strong><\/p>\n<p><strong>Bernburg klarer Derbysieger<br>\n<\/strong>Die SG Bernburg ging am 4.Spieltag im Derby gegen Union Sch\u00f6nebeck einem ungef\u00e4hrdeten Sieg entgegen. Trotzdem lie\u00df man wieder einige Torchancen liegen. Jonas Marx scheiterte 2x am Sch\u00f6nebecker Keeper, bevor Niclas Wilhelm entschlossen den Weg zum 1:0 erfolgreich Suchte. Nach einer Ecke parierte Union&#8217;s Torwart noch ein Kopfball von Jonas Marx, bevor dann Nicolaos Tolias zum 2:0 abstaubte. Ungl\u00fccklicher Weise mu\u00dfte Niclas Wilhelm nach zwei Fouls mit Gelb-Rot vom Platz. Somit blieb es beim 2:0 Halbzeitstand. Auch in \u00dcberzahl bekam Sch\u00f6nebeck nichts zustande, soda\u00df Bernburg die R\u00e4ume des aufger\u00fcckten Gegners clever nutzte. Nach starker Vorarbeit durch Philip Schwarze, erh\u00f6hte Jonas Marx auf 3:0, der dann wenig sp\u00e4ter das 4:0 f\u00fcr den eingewechselten Pierre Ohle auflegte. Jonas Marx belohnte sich nochmal mit dem 5:0 Endstand.<\/p>\n<hr>\n<p><span style=\"text-decoration: underline;\"><strong>27.09.2020<\/strong> <strong>&#8211;&nbsp;<\/strong> <strong>4.ST Landesliga St.2<\/strong><\/span><br>\nTV Askania&nbsp; Bernburg &#8211; SG Aufb-Emp Ost Magdeburg\/ Union Heyrothsberge <strong>3:4 (0:1)<\/strong><\/p>\n<p><strong><span class=\"cmp_parsed_location\" data-cmp_parsed_location_name=\"Bernburg\" data-cmp_parsed_location_weather=\"K15153006\" data-cmp_parsed_location_other=\"0\" data-ce-class=\"Locations\">Bernburg<\/span> nach Schlagabtausch ungl\u00fccklicher Verlierer<\/strong><br>\nAm 4.Spieltag erwartete <span class=\"cmp_parsed_location\" data-cmp_parsed_location_name=\"Bernburg\" data-cmp_parsed_location_weather=\"K15153006\" data-cmp_parsed_location_other=\"0\" data-ce-class=\"Locations\">Bernburg<\/span> die Spielgemeinschaft Empor Magdeburg\/Union Heyrothsberge. <span class=\"cmp_parsed_location\" data-cmp_parsed_location_name=\"Magdeburg\" data-cmp_parsed_location_weather=\"K15303000\" data-cmp_parsed_location_other=\"0\" data-ce-class=\"Locations\">Magdeburg<\/span> erspielte sich in der erste H\u00e4lfte ein \u00dcbergewicht und <span class=\"cmp_parsed_location\" data-cmp_parsed_location_name=\"Bernburg\" data-cmp_parsed_location_weather=\"K15153006\" data-cmp_parsed_location_other=\"0\" data-ce-class=\"Locations\">Bernburg<\/span> fand nur schwer Zugriff auf den Gegner. Dadurch ging <span class=\"cmp_parsed_location\" data-cmp_parsed_location_name=\"Magdeburg\" data-cmp_parsed_location_weather=\"K15303000\" data-cmp_parsed_location_other=\"0\" data-ce-class=\"Locations\">Magdeburg<\/span> fr\u00fch mit 1:0 in F\u00fchrung und <span class=\"cmp_parsed_location\" data-cmp_parsed_location_name=\"Bernburg\" data-cmp_parsed_location_weather=\"K15153006\" data-cmp_parsed_location_other=\"0\" data-ce-class=\"Locations\">Bernburg<\/span> kam nur sporadisch in den gegnerischen Strafraum. Jonas Marx rieb sich in der Spitze auf und legte auch eine M\u00f6glichkeit f\u00fcr Nicolaos Tolias auf, der nur den Pfosten traf. Nach der Pause legte <span class=\"cmp_parsed_location\" data-cmp_parsed_location_name=\"Bernburg\" data-cmp_parsed_location_weather=\"K15153006\" data-cmp_parsed_location_other=\"0\" data-ce-class=\"Locations\">Bernburg<\/span> den Respekt ab. Nach einer Ecke dr\u00fcckt Arthur Kryshteyn den Ball zum 1:1 Ausgleich \u00fcber die Linie. Kurz darauf geht Jonas Marx im Alleingang und schob zum 2:1 ein. Doch die F\u00fchrung w\u00e4hrte nicht lang. Nach einem Freisto\u00df fiel der Ausgleich. <span class=\"cmp_parsed_location\" data-cmp_parsed_location_name=\"Bernburg\" data-cmp_parsed_location_weather=\"K15153006\" data-cmp_parsed_location_other=\"0\" data-ce-class=\"Locations\">Bernburg<\/span> blieb trotzdem am Dr\u00fccker und Jonas Marx staubte zur erneuten F\u00fchrung ab. Aber <span class=\"cmp_parsed_location\" data-cmp_parsed_location_name=\"Magdeburg\" data-cmp_parsed_location_weather=\"K15303000\" data-cmp_parsed_location_other=\"0\" data-ce-class=\"Locations\">Magdeburg<\/span> kam wieder zur\u00fcck. Durch zwei fast identische Toren drehte <span class=\"cmp_parsed_location\" data-cmp_parsed_location_name=\"Magdeburg\" data-cmp_parsed_location_weather=\"K15303000\" data-cmp_parsed_location_other=\"0\" data-ce-class=\"Locations\">Magdeburg<\/span> das Spiel zum 3:4 Endstand. Letzlich eine \u00e4rgerliche Niederlage, wobei <span class=\"cmp_parsed_location\" data-cmp_parsed_location_name=\"Magdeburg\" data-cmp_parsed_location_weather=\"K15303000\" data-cmp_parsed_location_other=\"0\" data-ce-class=\"Locations\">Magdeburg<\/span> den gr\u00f6\u00dferen Willen zum Schlu\u00df zeigte.<\/p>\n<hr>\n<p><span style=\"text-decoration: underline;\"><strong>19.09.2020 <\/strong><strong>&#8211;&nbsp;<\/strong> <strong>3.ST Landesliga St.2<\/strong><\/span><br>\nSG Harz-Ilsenburg &#8211; TV Askania&nbsp; Bernburg <strong>3:5 (0:2)<\/strong><\/p>\n<div dir=\"auto\"><span class=\"cmp_parsed_location\" data-cmp_parsed_location_name=\"Bernburg\" data-cmp_parsed_location_weather=\"K15153006\" data-cmp_parsed_location_other=\"0\" data-ce-class=\"Locations\"><strong>Letztendlich ein weiterer ungef\u00e4hrdeter Sieg &#8211; Jonas Marx f\u00fcnffacher Torsch\u00fctze<\/strong><br>\nBernburg<\/span> mu\u00dfte Samstag zur SG Harz-Ilsenburg und konnte einen weiteren Dreier mit nach Hause nehmen. In der erste H\u00e4lfte netzte Jonas Marx nach guten tiefen P\u00e4ssen zweimal ein. Trotz \u00dcberlegenheit schlichen sich hin und wieder Nachl\u00e4ssigkeiten in der Defensive ein, sodass <span class=\"cmp_parsed_location\" data-cmp_parsed_location_name=\"Ilsenburg\" data-cmp_parsed_location_weather=\"K15369016\" data-cmp_parsed_location_other=\"0\" data-ce-class=\"Locations\">die Harzer<\/span> vor der Halbzeit zum 1:2 Anschlu\u00df kamen. <span class=\"cmp_parsed_location\" data-cmp_parsed_location_name=\"Bernburg\" data-cmp_parsed_location_weather=\"K15153006\" data-cmp_parsed_location_other=\"0\" data-ce-class=\"Locations\">Bernburg<\/span> startete in die 2.H\u00e4lfte wieder bissiger, wobei das spielerische Element zu w\u00fcnschen \u00fcbrig lie\u00df. Mit weiteren 3 Toren durch Jonas Marx, konnte <span class=\"cmp_parsed_location\" data-cmp_parsed_location_name=\"Bernburg\" data-cmp_parsed_location_weather=\"K15153006\" data-cmp_parsed_location_other=\"0\" data-ce-class=\"Locations\">Bernburg<\/span> aber fr\u00fch das Spiel f\u00fcr sich entscheiden. <span class=\"cmp_parsed_location\" data-cmp_parsed_location_name=\"Ilsenburg\" data-cmp_parsed_location_weather=\"K15369016\" data-cmp_parsed_location_other=\"0\" data-ce-class=\"Locations\">Die Gastgeber<\/span> konnten zwar durch Einladungen der Bernburger auf 3:5 verk\u00fcrzen, aber der Sieg blieb dann doch ungef\u00e4hrdet.<\/div>\n<hr>\n<p><span style=\"text-decoration: underline;\"><strong>06.09.2020<\/strong> &#8211; <strong>1.ST Landesliga St.2 <\/strong><\/span><br>\nTSG Calbe &#8211; TV Askania&nbsp; Bernburg <strong>0:18 (0:11)<\/strong><\/p>\n<p><strong>Sch\u00fctzenfest&nbsp; zum Start<\/strong><br>\nAskania\/Einheit <span class=\"cmp_parsed_location\" data-cmp_parsed_location_name=\"Bernburg\" data-cmp_parsed_location_weather=\"K15153006\" data-cmp_parsed_location_other=\"0\" data-ce-class=\"Locations\">Bernburg<\/span> gastierte am 1.Spieltag bei der TSG Calbe. Von Beginn an dr\u00fcckte <span class=\"cmp_parsed_location\" data-cmp_parsed_location_name=\"Bernburg\" data-cmp_parsed_location_weather=\"K15153006\" data-cmp_parsed_location_other=\"0\" data-ce-class=\"Locations\">Bernburg<\/span> den Gegner in seine H\u00e4lfte und es wurde ein Spiel auf ein Tor. Wobei Justin Kaiser zweimal zur Stelle war, und seinen Kasten sauber hielt. In einem teilweise munteren Scheibenschie\u00dfen, konnten sich Jonas Marx 9x, Nicolaos Tolias 4x, Justin M\u00fcller 2x, Franz Lange, Luis Riechert und Niklas Sack in die Torsch\u00fctzen-Liste eintragen. Letzlich h\u00e4tte es auch h\u00f6her als 0:18 ausfallen k\u00f6nnen.<\/p>\n<hr>\n<p><span style=\"text-decoration: underline;\"><strong>15.07.2020 Kreispokalfinale &#8211; KOOP-Team siegt<br>\n<\/strong><\/span>SG Askania-Einheit Bernburg &#8211; SV 09 Sta\u00dffurt <strong>3:1 (0:1) <\/strong><em><a href=\"http:\/\/einheit-bernburg.de\/content\/wp-content\/uploads\/2020\/07\/Pressebericht2-740127015-1.pdf\">(Statistik)<\/a><\/em><br>\n<em><a href=\"http:\/\/www.fussball.de\/spieltagsuebersicht\/kreispokal-b-jugend-slk-kreis-salzland-b-junioren-kreispokal-b-junioren-saison1920-sachsen-anhalt\/-\/staffel\/027UFPDM88000000VS5489B3VTDULP9A-C#!\/\">(mehr)<\/a><\/em><br>\n<a href=\"http:\/\/einheit-bernburg.de\/content\/wp-content\/uploads\/2020\/07\/4-1.jpg\"><noscript><img decoding=\"async\" class=\"alignnone wp-image-23720 size-thumbnail\" src=\"http:\/\/einheit-bernburg.de\/content\/wp-content\/uploads\/2020\/07\/4-1-150x150.jpg\" alt width=\"150\" height=\"150\"><\/noscript><img decoding=\"async\" class=\"alignnone wp-image-23720 size-thumbnail lazyload\" src=\"data:image\/svg+xml,%3Csvg%20xmlns%3D%22http%3A%2F%2Fwww.w3.org%2F2000%2Fsvg%22%20viewBox%3D%220%200%20150%20150%22%3E%3C%2Fsvg%3E\" alt width=\"150\" height=\"150\" data-src=\"http:\/\/einheit-bernburg.de\/content\/wp-content\/uploads\/2020\/07\/4-1-150x150.jpg\"> <\/a><a href=\"http:\/\/einheit-bernburg.de\/content\/wp-content\/uploads\/2020\/07\/3-3.jpg\"><noscript><img decoding=\"async\" class=\"alignnone wp-image-23721 size-thumbnail\" src=\"http:\/\/einheit-bernburg.de\/content\/wp-content\/uploads\/2020\/07\/3-3-150x150.jpg\" alt width=\"150\" height=\"150\"><\/noscript><img decoding=\"async\" class=\"alignnone wp-image-23721 size-thumbnail lazyload\" src=\"data:image\/svg+xml,%3Csvg%20xmlns%3D%22http%3A%2F%2Fwww.w3.org%2F2000%2Fsvg%22%20viewBox%3D%220%200%20150%20150%22%3E%3C%2Fsvg%3E\" alt width=\"150\" height=\"150\" data-src=\"http:\/\/einheit-bernburg.de\/content\/wp-content\/uploads\/2020\/07\/3-3-150x150.jpg\"> <\/a><a href=\"http:\/\/einheit-bernburg.de\/content\/wp-content\/uploads\/2020\/07\/1-3.jpg\"><noscript><img decoding=\"async\" class=\"alignnone wp-image-23722 size-thumbnail\" src=\"http:\/\/einheit-bernburg.de\/content\/wp-content\/uploads\/2020\/07\/1-3-150x150.jpg\" alt width=\"150\" height=\"150\"><\/noscript><img decoding=\"async\" class=\"alignnone wp-image-23722 size-thumbnail lazyload\" src=\"data:image\/svg+xml,%3Csvg%20xmlns%3D%22http%3A%2F%2Fwww.w3.org%2F2000%2Fsvg%22%20viewBox%3D%220%200%20150%20150%22%3E%3C%2Fsvg%3E\" alt width=\"150\" height=\"150\" data-src=\"http:\/\/einheit-bernburg.de\/content\/wp-content\/uploads\/2020\/07\/1-3-150x150.jpg\"> <\/a><a href=\"http:\/\/einheit-bernburg.de\/content\/wp-content\/uploads\/2020\/07\/2-2.jpg\"><noscript><img decoding=\"async\" class=\"alignnone wp-image-23723 size-thumbnail\" src=\"http:\/\/einheit-bernburg.de\/content\/wp-content\/uploads\/2020\/07\/2-2-150x150.jpg\" alt width=\"150\" height=\"150\"><\/noscript><img decoding=\"async\" class=\"alignnone wp-image-23723 size-thumbnail lazyload\" src=\"data:image\/svg+xml,%3Csvg%20xmlns%3D%22http%3A%2F%2Fwww.w3.org%2F2000%2Fsvg%22%20viewBox%3D%220%200%20150%20150%22%3E%3C%2Fsvg%3E\" alt width=\"150\" height=\"150\" data-src=\"http:\/\/einheit-bernburg.de\/content\/wp-content\/uploads\/2020\/07\/2-2-150x150.jpg\"><\/a><\/p>\n<p><strong>Kurzbericht<\/strong><br>\nDas Kreispokal-Endspiel musste die SG <span class=\"cmp_parsed_location\" data-cmp_parsed_location_name=\"Bernburg\" data-cmp_parsed_location_weather=\"K15153006\" data-cmp_parsed_location_other=\"0\" data-ce-class=\"Locations\">Bernburg<\/span> in der Heimst\u00e4tte des Gegners in <span class=\"cmp_parsed_location\" data-cmp_parsed_location_name=\"Stassfurt\" data-cmp_parsed_location_weather=\"K15352035\" data-cmp_parsed_location_other=\"0\" data-ce-class=\"Locations\">Stassfurt<\/span> bestreiten. Die erste H\u00e4lfte ging <span class=\"cmp_parsed_location\" data-cmp_parsed_location_name=\"Stassfurt\" data-cmp_parsed_location_weather=\"K15352035\" data-cmp_parsed_location_other=\"0\" data-ce-class=\"Locations\">Stassfurt<\/span> energischer an, und f\u00fchrte auch zurecht mit 1:0 zur Pause. Nach dem Wechsel sch\u00fcttelte <span class=\"cmp_parsed_location\" data-cmp_parsed_location_name=\"Bernburg\" data-cmp_parsed_location_weather=\"K15153006\" data-cmp_parsed_location_other=\"0\" data-ce-class=\"Locations\">Bernburg<\/span> die Nervosit\u00e4t ab, und antwortete mit einem Doppelschlag. Nach Foul an Jonas Marx, verwandelte Arthur Krishteyn sicher den Strafsto\u00df. Kurz danach startete Jonas Marx nach Pass in die Tiefe durch, und schob die Kugel zur F\u00fchrung ein. Bis zum Schlu\u00df blieb es ein umk\u00e4mpftes und spannendes Finale, bis Rafik Kalashyan, mit seinen ersten Ballkontakt nach Einwechslung, den Deckel drauf machte. Mit den 3:1 Pokalerfolg konnte <span class=\"cmp_parsed_location\" data-cmp_parsed_location_name=\"Bernburg\" data-cmp_parsed_location_weather=\"K15153006\" data-cmp_parsed_location_other=\"0\" data-ce-class=\"Locations\">Bernburg<\/span> nach der Corona Krise doch etwas zufrieden sein.<\/p>\n<hr>\n<p>&nbsp;<\/p>\n","protected":false},"excerpt":{"rendered":"<p>TV Askania Bernburg Landesliga Staffel 2 &#8211; 2020\/21 &nbsp;Kader u. Zielstellung Spielplan u. Tabelle LL St.2 RTP-NW (Land) 2020\/21 &nbsp; &nbsp;RTP-NW (Salzlandkreis) 2020\/21 \u00dcber die abgelaufene Saison 2019\/20 kann man sich ausf\u00fchrlich im Archiv informieren. News u. Spielberichte 01.11.2020 Ansto\u00df: 11:30 Uhr &#8211; 7.ST Landesliga St.2 TV Askania Bernburg &#8211; MSC Preu\u00dfen 25.10.2020 Ansto\u00df: 11:00 [&hellip;]<\/p>\n","protected":false},"author":3,"featured_media":0,"parent":26310,"menu_order":3,"comment_status":"closed","ping_status":"closed","template":"","meta":{"footnotes":""},"_links":{"self":[{"href":"https:\/\/einheit-bernburg.de\/content\/index.php?rest_route=\/wp\/v2\/pages\/328"}],"collection":[{"href":"https:\/\/einheit-bernburg.de\/content\/index.php?rest_route=\/wp\/v2\/pages"}],"about":[{"href":"https:\/\/einheit-bernburg.de\/content\/index.php?rest_route=\/wp\/v2\/types\/page"}],"author":[{"embeddable":true,"href":"https:\/\/einheit-bernburg.de\/content\/index.php?rest_route=\/wp\/v2\/users\/3"}],"replies":[{"embeddable":true,"href":"https:\/\/einheit-bernburg.de\/content\/index.php?rest_route=%2Fwp%2Fv2%2Fcomments&post=328"}],"version-history":[{"count":324,"href":"https:\/\/einheit-bernburg.de\/content\/index.php?rest_route=\/wp\/v2\/pages\/328\/revisions"}],"predecessor-version":[{"id":26491,"href":"https:\/\/einheit-bernburg.de\/content\/index.php?rest_route=\/wp\/v2\/pages\/328\/revisions\/26491"}],"up":[{"embeddable":true,"href":"https:\/\/einheit-bernburg.de\/content\/index.php?rest_route=\/wp\/v2\/pages\/26310"}],"wp:attachment":[{"href":"https:\/\/einheit-bernburg.de\/content\/index.php?rest_route=%2Fwp%2Fv2%2Fmedia&parent=328"}],"curies":[{"name":"wp","href":"https:\/\/api.w.org\/{rel}","templated":true}]}}