{"id":329,"date":"2015-09-23T17:52:41","date_gmt":"2015-09-23T15:52:41","guid":{"rendered":"http:\/\/einheit-bernburg.de\/content\/?page_id=329"},"modified":"2016-07-29T08:40:06","modified_gmt":"2016-07-29T06:40:06","slug":"b2-junioren","status":"publish","type":"page","link":"https:\/\/einheit-bernburg.de\/content\/?page_id=329","title":{"rendered":"Archiv B2-Junioren 2015\/16"},"content":{"rendered":"<h1 class=\"aufm\">Spg. Askania II.\/Einheit Bernburg<\/h1>\n<h3 class=\"aufm\">1. Kreisklasse &#8211; 2015\/16<\/h3>\n<p><a href=\"http:\/\/einheit-bernburg.de\/content\/wp-content\/uploads\/2015\/09\/B2-Jugend.jpg\"><noscript><img decoding=\"async\" class=\"alignnone wp-image-613 size-full\" src=\"http:\/\/einheit-bernburg.de\/content\/wp-content\/uploads\/2015\/09\/B2-Jugend.jpg\" alt=\"b2-jun-15-16\" width=\"735\" height=\"490\" srcset=\"https:\/\/einheit-bernburg.de\/content\/wp-content\/uploads\/2015\/09\/B2-Jugend.jpg 735w, https:\/\/einheit-bernburg.de\/content\/wp-content\/uploads\/2015\/09\/B2-Jugend-300x200.jpg 300w\" sizes=\"(max-width: 735px) 100vw, 735px\"><\/noscript><img decoding=\"async\" class=\"alignnone wp-image-613 size-full lazyload\" src=\"data:image\/svg+xml,%3Csvg%20xmlns%3D%22http%3A%2F%2Fwww.w3.org%2F2000%2Fsvg%22%20viewBox%3D%220%200%20735%20490%22%3E%3C%2Fsvg%3E\" alt=\"b2-jun-15-16\" width=\"735\" height=\"490\" srcset=\"data:image\/svg+xml,%3Csvg%20xmlns%3D%22http%3A%2F%2Fwww.w3.org%2F2000%2Fsvg%22%20viewBox%3D%220%200%20735%20490%22%3E%3C%2Fsvg%3E 735w\" sizes=\"(max-width: 735px) 100vw, 735px\" data-srcset=\"https:\/\/einheit-bernburg.de\/content\/wp-content\/uploads\/2015\/09\/B2-Jugend.jpg 735w, https:\/\/einheit-bernburg.de\/content\/wp-content\/uploads\/2015\/09\/B2-Jugend-300x200.jpg 300w\" data-src=\"http:\/\/einheit-bernburg.de\/content\/wp-content\/uploads\/2015\/09\/B2-Jugend.jpg\"><\/a><\/p>\n<p>Hinten v.l.: Florian G\u00f6tz, Christian Slotta, Tim Schr\u00f6ter, Tim Apel<\/p>\n<p>Mitte v.l.: Thomas Schr\u00f6ter (Co-TR), Til Nachtigall, Le Tri Hoang, Justin Schynawa<\/p>\n<p>Vorn v.l.: (&#8230;.?), Niklas Dolg, (&#8230;.?), Erik Bertram, Robert Knorre<\/p>\n<hr>\n<p><a class=\"submenu\" href=\"http:\/\/einheit-bernburg.de\/content\/?page_id=554\" target=\"_blank\"><noscript><img decoding=\"async\" src=\"http:\/\/einheit-bernburg.de\/off\/images\/redsys\/link.gif\" alt border=\"0\"><\/noscript><img decoding=\"async\" src=\"data:image\/gif;base64,R0lGODlhAQABAIAAAAAAAP\/\/\/yH5BAEAAAAALAAAAAABAAEAAAIBRAA7\" alt border=\"0\" data-src=\"http:\/\/einheit-bernburg.de\/off\/images\/redsys\/link.gif\" class=\" lazyload\">&nbsp;Kader u. Zielstellung<\/a><\/p>\n<p><a class=\"submenu\" href=\"http:\/\/www.fussball.de\/spieltagsuebersicht\/-\/staffel\/01N9OJ96IK000002VV0AG812VVBRHHQE-G#!\/section\/mediastream\" target=\"_blank\"><noscript><img decoding=\"async\" src=\"http:\/\/einheit-bernburg.de\/off\/images\/redsys\/link.gif\" alt border=\"0\"><\/noscript><img decoding=\"async\" src=\"data:image\/gif;base64,R0lGODlhAQABAIAAAAAAAP\/\/\/yH5BAEAAAAALAAAAAABAAEAAAIBRAA7\" alt border=\"0\" data-src=\"http:\/\/einheit-bernburg.de\/off\/images\/redsys\/link.gif\" class=\" lazyload\">&nbsp;Spielplan u. Tabelle<\/a><\/p>\n<hr>\n<h2>Kreispokal &#8211; Halbfinale:<\/h2>\n<p>Termin: Montag, 28.03.2016&nbsp; Ansto\u00df: 10:00 Uhr<br>\n<strong>SG Askania II. \/ Einheit <span class=\"cmp_parsed_location\" data-ce-class=\"Locations\" data-cmp_parsed_location_name=\"Bernburg\" data-cmp_parsed_location_other=\"0\" data-cmp_parsed_location_weather=\"K15153006\">Bernburg<\/span> &#8211; SV Lok Aschersleben<br>\n<\/strong><em><a href=\"http:\/\/www.fussball.de\/spieltag\/halbfinale-kreis-salzland-b-junioren-kreispokal-b-junioren-saison1516-sachsen-anhalt\/-\/staffel\/01PO92HQIG000003VV0AG813VVM1VT1C-R#!\/section\/stage\">(Zu den Halbfinalspielen)<\/a><strong><br>\n<\/strong><\/em><\/p>\n<hr>\n<h2>Testspiele:<\/h2>\n<p><strong>28:02:2016<\/strong> SpG Askania II.\/Einheit Bernburg &#8211; Paschlewwer SV <strong>1:3 (1:1)<\/strong><br>\nAnsto\u00df: 09:00 Uhr<\/p>\n<p><strong>20.02.2016<\/strong> SV Edderitz &#8211; SpG Askania II.\/Einheit Bernburg <strong>4:1<\/strong><br>\nAnsto\u00df: 10:00 Uhr<\/p>\n<p><strong>10.02.2016 <\/strong>SG Askania II. \/ Einheit <span class=\"cmp_parsed_location\" data-ce-class=\"Locations\" data-cmp_parsed_location_name=\"Bernburg\" data-cmp_parsed_location_other=\"0\" data-cmp_parsed_location_weather=\"K15153006\">Bernburg &#8211; <\/span>1.SC Blau &#8211; Wei\u00df <span class=\"cmp_parsed_location\" data-ce-class=\"Locations\" data-cmp_parsed_location_name=\"Wulfen\" data-cmp_parsed_location_other=\"0\" data-cmp_parsed_location_weather=\"K15159047\">Wulfen <strong>keine R\u00fcckmeldung<\/strong><br>\nAnsto\u00df: 16:30 Uhr<br>\n<\/span><\/p>\n<hr>\n<h2>Hallenturniere<\/h2>\n<p><u><strong>20.02.2016 Fair Play-Cup 2016 beim SV Lok Aschersleben &#8211; 3.Platz f\u00fcr B2-Junioren<\/strong><\/u><br>\nBeginn: <strong>18:00 Uhr<\/strong>&nbsp; Anreise: 17:15 Uhr<br>\nSpielort: WEMA &#8211; Sporthalle Aschersleben, Magdeburger Str.<\/p>\n<p><em><u>Endstand:<\/u><br>\n<strong>1.<\/strong>Lok Aschersleben I., <strong>2.<\/strong>Warmsdorfer SV, <strong>3.<\/strong>Spg. Askania II.\/Einheit Bernburg<br>\n<strong>4.<\/strong>Motor Halle, <strong>5.<\/strong>Lok Aschersleben II., <strong>6.<\/strong>SV Eintracht Quenstedt,<br>\n<a href=\"http:\/\/einheit-bernburg.de\/content\/wp-content\/uploads\/2015\/09\/Lok-ASK-Spielplan-B2-Jgd.pdf\" rel>Spielplan<\/a><\/em><\/p>\n<p><u><strong>31.01.2016 Turnier des Warmsdorfer SV<\/strong><\/u><br>\nBeginn: <strong>13:00 Uhr<\/strong> Anreise: 12:30 Uhr<br>\nSpielort: WEMA &#8211; Sporthalle Aschersleben, Aschersleben<br>\n<span style=\"color: #0000ff;\"><strong> Keine R\u00fcckmeldung<\/strong><\/span><\/p>\n<p><u><strong>30.01.2016 Limbach &#8211; Cup in Glinde &#8211; 3.Platz f\u00fcr B2 &#8211; Junioren<\/strong><\/u><br>\nVeranstalter: SSV Blau &#8211; Wei\u00df 04 Barby<br>\nBeginn: <strong>13:00 Uhr&nbsp; <\/strong>Anreise: 12:30 Uhr<br>\nSpielort: Sportforum \/ Sporthalle in Glinde<\/p>\n<p><em>Ergebnisse: B2 &#8211; Calbe 0:4; &#8211; Barby 2:2; &#8211; Kleinm\u00fchlingen 4:4<\/em><\/p>\n<p><em><strong>1<\/strong><strong>.<\/strong>TSG Calbe, <strong>2.<\/strong>TSV G\/W Kleinm\u00fchlingen\/Zens, <strong>3.<\/strong>Askania II.\/Einheit, <strong>4.<\/strong>SSV B\/W Barby 04<\/em><\/p>\n<p><u><strong>09.01.2016 Vereinsinternes Hallenturnier des SV Einheit Bernburg &#8211; 6.Platz<\/strong><\/u><br>\nVeranstalter: SV Einheit Bernburg<br>\nBeginn: 10:00 Uhr&nbsp; Anreise: 09:30 Uhr<br>\nSpielort: Sporthalle &#8222;T\u00f6pferwiese<em>&#8222;<\/em><\/p>\n<p><em><a href=\"http:\/\/einheit-bernburg.de\/content\/wp-content\/uploads\/2015\/08\/Vereinsinternes-Turnier.pdf\" rel>Ergebnisse und Endstand<\/a><\/em><\/p>\n<h4><span style=\"text-decoration: underline;\"><strong>Hallenkreismeisterschaft &#8211; Futsal &#8211; 2015\/16&nbsp; &#8211; Sehr guter 4.Platz f\u00fcr B2-Junioren<\/strong><\/span><\/h4>\n<p><u><strong>19.12.2015 Endrunde<\/strong><\/u><br>\nBeginn: <strong>13:00 Uhr<\/strong>&nbsp; Anreise: 12:30 Uhr<br>\nSpielort: Sch\u00f6nebeck, Sporthalle Berliner Stra\u00dfe<\/p>\n<p><em><u>Endstand<\/u><br>\n<strong>1.<\/strong>TV Askania Bernburg, <strong>2.<\/strong>SV Schwarz-Gelb Bernburg, <strong>3.<\/strong>Sch\u00f6nebecker SC, <strong>4.<\/strong>Spg. Askania II.\/Einheit Bernburg<strong>, 5.<\/strong>SV Lok Aschersleben, <strong>6.<\/strong>SV 09 Sta\u00dffurt<br>\n<a href=\"http:\/\/einheit-bernburg.de\/content\/wp-content\/uploads\/2015\/09\/HKM-B_Turnierbericht.pdf\" rel>Turnierbericht (Quelle: www.kfv-salzlandkreis.de)<\/a><\/em><br>\n<em><a href=\"http:\/\/www.fussball.de\/spieltag\/hkm-endrunde-kreis-salzland-b-junioren-kreisturnier-b-junioren-saison1516-sachsen-anhalt\/-\/staffel\/01QIPIVDM4000001VV0AG812VUB14I0N-G#!\/section\/matches\">Ergebnisse u. Tabelle<\/a><\/em><\/p>\n<p><strong><u>12.12.2015 Vorrunde Staffel B<\/u><\/strong><br>\nBeginn: <strong>14:30 Uhr<\/strong>&nbsp; Anreise: 14:00 Uhr<br>\nSpielort: WEMA &#8211; Sporthalle Aschersleben<\/p>\n<p><em><span style=\"text-decoration: underline;\">Teilnehmer:<\/span><br>\nSch\u00f6nebecker SC, SV Schwarz-Gelb Bernburg, SV Lok Aschersleben II, SG Askania II\/Einheit Bernburg,<br>\nSG Seeland\/Winningen<\/em><\/p>\n<p>Die B2 &#8211; Junioren der KOOP qualifizieren sich als Gruppendritter f\u00fcr die Endrunde.<br>\n<a class=\"submenu\" href=\"http:\/\/www.fussball.de\/spieltag\/futsal-hkm-vorrunde-staffel-2-kreis-salzland-b-junioren-kreisturnier-b-junioren-saison1516-sachsen-anhalt\/-\/staffel\/01Q750R0OG000001VV0AG813VVBQEJAP-G#!\/section\/mediastream\" target=\"_blank\"><noscript><img decoding=\"async\" src=\"http:\/\/einheit-bernburg.de\/off\/images\/redsys\/link.gif\" alt border=\"0\"><\/noscript><img decoding=\"async\" src=\"data:image\/gif;base64,R0lGODlhAQABAIAAAAAAAP\/\/\/yH5BAEAAAAALAAAAAABAAEAAAIBRAA7\" alt border=\"0\" data-src=\"http:\/\/einheit-bernburg.de\/off\/images\/redsys\/link.gif\" class=\" lazyload\"> Ergebnisse u. Tabelle<\/a><\/p>\n<hr>\n<h1>News u. Spielberichte<\/h1>\n<p><b><u>Kreispokalspiel 2.Runde:<\/u><\/b><br>\n<b>Termin: Samstag, 17.10.2015 Ansto\u00df: Ansto\u00df: 11:00 Uhr<\/b><br>\n<b>Spg. Askania II.\/Einheit Bernburg &#8211; SG UnseburgTarthun\/Schneilingen 6:1 (1:1)<\/b><\/p>\n<hr>\n<p><b><u>Kreispokalspiel 1.Runde:<\/u><\/b><\/p>\n<p><b>Termin: Sonntag, 30.08.2015 Ansto\u00df: Ansto\u00df: 11:00 Uhr<br>\nSpg. Askania II.\/Einheit Bernburg &#8211; SV 90 St. Georg Hecklingen 2:0 (1:0)<\/b><\/p>\n","protected":false},"excerpt":{"rendered":"<p>Spg. Askania II.\/Einheit Bernburg 1. Kreisklasse &#8211; 2015\/16 Hinten v.l.: Florian G\u00f6tz, Christian Slotta, Tim Schr\u00f6ter, Tim Apel Mitte v.l.: Thomas Schr\u00f6ter (Co-TR), Til Nachtigall, Le Tri Hoang, Justin Schynawa Vorn v.l.: (&#8230;.?), Niklas Dolg, (&#8230;.?), Erik Bertram, Robert Knorre &nbsp;Kader u. Zielstellung &nbsp;Spielplan u. Tabelle Kreispokal &#8211; Halbfinale: Termin: Montag, 28.03.2016&nbsp; Ansto\u00df: 10:00 Uhr [&hellip;]<\/p>\n","protected":false},"author":3,"featured_media":0,"parent":3415,"menu_order":4,"comment_status":"closed","ping_status":"closed","template":"","meta":{"footnotes":""},"_links":{"self":[{"href":"https:\/\/einheit-bernburg.de\/content\/index.php?rest_route=\/wp\/v2\/pages\/329"}],"collection":[{"href":"https:\/\/einheit-bernburg.de\/content\/index.php?rest_route=\/wp\/v2\/pages"}],"about":[{"href":"https:\/\/einheit-bernburg.de\/content\/index.php?rest_route=\/wp\/v2\/types\/page"}],"author":[{"embeddable":true,"href":"https:\/\/einheit-bernburg.de\/content\/index.php?rest_route=\/wp\/v2\/users\/3"}],"replies":[{"embeddable":true,"href":"https:\/\/einheit-bernburg.de\/content\/index.php?rest_route=%2Fwp%2Fv2%2Fcomments&post=329"}],"version-history":[{"count":43,"href":"https:\/\/einheit-bernburg.de\/content\/index.php?rest_route=\/wp\/v2\/pages\/329\/revisions"}],"predecessor-version":[{"id":4019,"href":"https:\/\/einheit-bernburg.de\/content\/index.php?rest_route=\/wp\/v2\/pages\/329\/revisions\/4019"}],"up":[{"embeddable":true,"href":"https:\/\/einheit-bernburg.de\/content\/index.php?rest_route=\/wp\/v2\/pages\/3415"}],"wp:attachment":[{"href":"https:\/\/einheit-bernburg.de\/content\/index.php?rest_route=%2Fwp%2Fv2%2Fmedia&parent=329"}],"curies":[{"name":"wp","href":"https:\/\/api.w.org\/{rel}","templated":true}]}}