{"id":331,"date":"2015-09-24T14:41:06","date_gmt":"2015-09-24T12:41:06","guid":{"rendered":"http:\/\/einheit-bernburg.de\/content\/?page_id=331"},"modified":"2020-09-08T13:38:33","modified_gmt":"2020-09-08T11:38:33","slug":"f2-junioren-2","status":"publish","type":"page","link":"https:\/\/einheit-bernburg.de\/content\/?page_id=331","title":{"rendered":"Archiv E2-Junioren 2019\/20"},"content":{"rendered":"<h1 class=\"aufm\">TV Askania Bernburg<\/h1>\n<h3 class=\"aufm\">1.Kreisklasse Staffel 1 &#8211; 2019\/20<\/h3>\n<p><strong>Es wurde uns leider kein aktuelles Mannschaftsfoto geliefert.<br>\n<\/strong><\/p>\n<hr>\n<p><a class=\"submenu\" href=\"http:\/\/einheit-bernburg.de\/content\/?page_id=561\" target=\"_blank\" rel=\"noopener noreferrer\"><noscript><img decoding=\"async\" src=\"http:\/\/einheit-bernburg.de\/off\/images\/redsys\/link.gif\" alt border=\"0\"><\/noscript><img decoding=\"async\" src=\"data:image\/gif;base64,R0lGODlhAQABAIAAAAAAAP\/\/\/yH5BAEAAAAALAAAAAABAAEAAAIBRAA7\" alt border=\"0\" data-src=\"http:\/\/einheit-bernburg.de\/off\/images\/redsys\/link.gif\" class=\" lazyload\"> Kader u. Zielstellung<\/a><\/p>\n<p><noscript><img decoding=\"async\" src=\"http:\/\/einheit-bernburg.de\/off\/images\/redsys\/link.gif\" alt border=\"0\"><\/noscript><img decoding=\"async\" src=\"data:image\/gif;base64,R0lGODlhAQABAIAAAAAAAP\/\/\/yH5BAEAAAAALAAAAAABAAEAAAIBRAA7\" alt border=\"0\" data-src=\"http:\/\/einheit-bernburg.de\/off\/images\/redsys\/link.gif\" class=\" lazyload\"> <a href=\"http:\/\/www.fussball.de\/spieltagsuebersicht\/1kreisklasse-e-jugend-st-1-kreis-salzland-e-junioren-1kreisklasse-e-junioren-saison1920-sachsen-anhalt\/-\/staffel\/026HQ2QS3G00000CVS5489B4VULJ3M9I-G#!\/\">Spielplan u. Tabelle 1.Kreisklasse&nbsp; St.1<\/a><\/p>\n<p><noscript><img decoding=\"async\" class src=\"http:\/\/einheit-bernburg.de\/off\/images\/redsys\/link.gif\" alt border=\"0\"><\/noscript><img decoding=\"async\" class=\" lazyload\" src=\"data:image\/gif;base64,R0lGODlhAQABAIAAAAAAAP\/\/\/yH5BAEAAAAALAAAAAABAAEAAAIBRAA7\" alt border=\"0\" data-src=\"http:\/\/einheit-bernburg.de\/off\/images\/redsys\/link.gif\"> <a href=\"http:\/\/einheit-bernburg.de\/content\/wp-content\/uploads\/2019\/07\/AH-RTP-NW.pdf\">RTP-NW (Salzlandkreis) 2019\/20<\/a><\/p>\n<p><strong>\u00dcber die abgelaufene Saison 2018\/19 kann man sich ausf\u00fchrlich im Archiv informieren<\/strong>.<\/p>\n<hr>\n<h1>News u. Spielberichte<\/h1>\n<hr>\n<div>\n<p><strong>29.02.2020 Ansto\u00df: 09:30 Uhr<\/strong> TV Askania Bernburg &#8211; SV Einheit Bernburg (Testspiel) <strong>0:5<\/strong><\/p>\n<hr>\n<p><span style=\"text-decoration: underline;\"><strong>16.02.2020 Hallenturnier der SG Neuborna 62<\/strong><\/span><br>\nBeginn: <strong>09:00 Uhr<\/strong>&nbsp; Spielort: Sporthalle &#8222;Eichenweg&#8220;<br>\n<a href=\"http:\/\/einheit-bernburg.de\/content\/wp-content\/uploads\/2020\/02\/E-Junioren-16.02.2020-Neuborna.pdf\"><strong>Teilnehmerliste \/ Spielplan<\/strong><\/a><\/p>\n<hr>\n<p><span style=\"text-decoration: underline;\"><strong>11.01.2020 5.Bernburger Genossenschafts-Cup der E-Junioren<br>\n<\/strong>Barby gewinnt vor Schwarz.Gelb Bernburg und Union Sch\u00f6nebeck &#8211; KOOP Teams 4. u. 7.<br>\n<a href=\"http:\/\/einheit-bernburg.de\/content\/wp-content\/uploads\/2020\/01\/Plakat_Hallenturniere_19-20_E-C1-D2-D1-1.jpg\"><noscript><img decoding=\"async\" class=\"alignnone size-medium wp-image-21817\" src=\"http:\/\/einheit-bernburg.de\/content\/wp-content\/uploads\/2020\/01\/Plakat_Hallenturniere_19-20_E-C1-D2-D1-1-212x300.jpg\" alt width=\"212\" height=\"300\" srcset=\"https:\/\/einheit-bernburg.de\/content\/wp-content\/uploads\/2020\/01\/Plakat_Hallenturniere_19-20_E-C1-D2-D1-1-212x300.jpg 212w, https:\/\/einheit-bernburg.de\/content\/wp-content\/uploads\/2020\/01\/Plakat_Hallenturniere_19-20_E-C1-D2-D1-1-768x1086.jpg 768w, https:\/\/einheit-bernburg.de\/content\/wp-content\/uploads\/2020\/01\/Plakat_Hallenturniere_19-20_E-C1-D2-D1-1-724x1024.jpg 724w, https:\/\/einheit-bernburg.de\/content\/wp-content\/uploads\/2020\/01\/Plakat_Hallenturniere_19-20_E-C1-D2-D1-1.jpg 919w\" sizes=\"(max-width: 212px) 100vw, 212px\"><\/noscript><img decoding=\"async\" class=\"alignnone size-medium wp-image-21817 lazyload\" src=\"data:image\/svg+xml,%3Csvg%20xmlns%3D%22http%3A%2F%2Fwww.w3.org%2F2000%2Fsvg%22%20viewBox%3D%220%200%20212%20300%22%3E%3C%2Fsvg%3E\" alt width=\"212\" height=\"300\" srcset=\"data:image\/svg+xml,%3Csvg%20xmlns%3D%22http%3A%2F%2Fwww.w3.org%2F2000%2Fsvg%22%20viewBox%3D%220%200%20212%20300%22%3E%3C%2Fsvg%3E 212w\" sizes=\"(max-width: 212px) 100vw, 212px\" data-srcset=\"https:\/\/einheit-bernburg.de\/content\/wp-content\/uploads\/2020\/01\/Plakat_Hallenturniere_19-20_E-C1-D2-D1-1-212x300.jpg 212w, https:\/\/einheit-bernburg.de\/content\/wp-content\/uploads\/2020\/01\/Plakat_Hallenturniere_19-20_E-C1-D2-D1-1-768x1086.jpg 768w, https:\/\/einheit-bernburg.de\/content\/wp-content\/uploads\/2020\/01\/Plakat_Hallenturniere_19-20_E-C1-D2-D1-1-724x1024.jpg 724w, https:\/\/einheit-bernburg.de\/content\/wp-content\/uploads\/2020\/01\/Plakat_Hallenturniere_19-20_E-C1-D2-D1-1.jpg 919w\" data-src=\"http:\/\/einheit-bernburg.de\/content\/wp-content\/uploads\/2020\/01\/Plakat_Hallenturniere_19-20_E-C1-D2-D1-1-212x300.jpg\"><\/a><\/span><a href=\"http:\/\/einheit-bernburg.de\/content\/wp-content\/uploads\/2020\/01\/Ausschreibung-E-Junioren_11-01-20.pdf\">Ausschreibung<\/a> u. <span style=\"text-decoration: underline;\"><a href=\"http:\/\/einheit-bernburg.de\/content\/wp-content\/uploads\/2020\/01\/Ergebnisse_E-Junioren.pdf\">Ergebnis\u00fcbersicht<\/a><\/span><br>\n<strong>Bester Spieler:<\/strong> Hannes Trappe (SSV Blau-Wei\u00df <span class=\"cmp_parsed_location\" data-cmp_parsed_location_name=\"Barby\" data-cmp_parsed_location_weather=\"K15367002\" data-cmp_parsed_location_other=\"0\" data-ce-class=\"Locations\">Barby<\/span>, 6 Stimmen)<br>\n<strong>Bester Torsch\u00fctze:<\/strong> Eric Krohe (VfB Borussia <span class=\"cmp_parsed_location\" data-cmp_parsed_location_name=\"G\u00f6rzig\" data-cmp_parsed_location_weather=\"K15159016\" data-cmp_parsed_location_other=\"0\" data-ce-class=\"Locations\">G\u00f6rzig<\/span>, 4 Treffer)<br>\n<strong>Bester Torh\u00fcter:<\/strong> Bastian Linke (SV Schwarz-Gelb <span class=\"cmp_parsed_location\" data-cmp_parsed_location_name=\"Bernburg\" data-cmp_parsed_location_weather=\"K15153006\" data-cmp_parsed_location_other=\"0\" data-ce-class=\"Locations\">Bernburg<\/span>, 3 Stimmen)<\/p>\n<div><span style=\"text-decoration: underline;\">Kader TV Askania <span class=\"cmp_parsed_location\" data-cmp_parsed_location_name=\"Bernburg\" data-cmp_parsed_location_weather=\"K15153006\" data-cmp_parsed_location_other=\"0\" data-ce-class=\"Locations\">Bernburg<\/span>:<\/span><\/div>\n<div>Paul-Emil Sonnenburg, Tim-Luca Wirth, Paul-Lothar J\u00e4nsch, Oscar Sasse, Arne Heller, Vedad Sehic (2), Robert H\u00e4dermann, Luca Schmidt, Lucas Fiedler, Christoph Golembowski<\/div>\n<div><\/div>\n<div>Zuschauer: 67<\/div>\n<hr>\n<h3><span style=\"text-decoration: underline;\">Punktspiele:<\/span><\/h3>\n<p><em>Da von den Spielen dieser Mannschaft keine Kurzberichte geliefert werden, muss f\u00fcr die n\u00f6tigsten Informationen der Link oben (Spielplan u. Tabelle) gen\u00fcgen.<\/em><\/p>\n<p><span style=\"text-decoration: underline;\"><strong>24.08.2019 <\/strong>Ansto\u00df:<\/span><strong><span style=\"text-decoration: underline;\"> 09:30 Uhr \u2013 1.Spieltag 1.Kreisklasse St.1<\/span> <\/strong><br>\nSpg. Baalberge\/Neuborna \u2013 TV Askania Bernburg <strong>8:3 (4:1)<\/strong><\/p>\n<hr>\n<\/div>\n<h3><span style=\"text-decoration: underline;\">Testspiele &#8211; Sommer 2019<\/span><\/h3>\n<p><span style=\"text-decoration: underline;\"><strong>21.08.2019&nbsp;<\/strong> Ansto\u00df: <strong>17:00 Uhr<\/strong><\/span><br>\nTV Askania Bernburg (E2)&nbsp; &#8211;&nbsp; SV Einheit Bernburg (E1) <strong>5:4 (3:3)<\/strong><\/p>\n<hr>\n<p><em>Von den bisherigen Testspielen der Mannschaft liegen keine Informationen vor.<\/em><\/p>\n","protected":false},"excerpt":{"rendered":"<p>TV Askania Bernburg 1.Kreisklasse Staffel 1 &#8211; 2019\/20 Es wurde uns leider kein aktuelles Mannschaftsfoto geliefert. Kader u. Zielstellung Spielplan u. Tabelle 1.Kreisklasse&nbsp; St.1 RTP-NW (Salzlandkreis) 2019\/20 \u00dcber die abgelaufene Saison 2018\/19 kann man sich ausf\u00fchrlich im Archiv informieren. News u. Spielberichte 29.02.2020 Ansto\u00df: 09:30 Uhr TV Askania Bernburg &#8211; SV Einheit Bernburg (Testspiel) 0:5 [&hellip;]<\/p>\n","protected":false},"author":3,"featured_media":0,"parent":22967,"menu_order":10,"comment_status":"closed","ping_status":"closed","template":"","meta":{"footnotes":""},"_links":{"self":[{"href":"https:\/\/einheit-bernburg.de\/content\/index.php?rest_route=\/wp\/v2\/pages\/331"}],"collection":[{"href":"https:\/\/einheit-bernburg.de\/content\/index.php?rest_route=\/wp\/v2\/pages"}],"about":[{"href":"https:\/\/einheit-bernburg.de\/content\/index.php?rest_route=\/wp\/v2\/types\/page"}],"author":[{"embeddable":true,"href":"https:\/\/einheit-bernburg.de\/content\/index.php?rest_route=\/wp\/v2\/users\/3"}],"replies":[{"embeddable":true,"href":"https:\/\/einheit-bernburg.de\/content\/index.php?rest_route=%2Fwp%2Fv2%2Fcomments&post=331"}],"version-history":[{"count":656,"href":"https:\/\/einheit-bernburg.de\/content\/index.php?rest_route=\/wp\/v2\/pages\/331\/revisions"}],"predecessor-version":[{"id":24912,"href":"https:\/\/einheit-bernburg.de\/content\/index.php?rest_route=\/wp\/v2\/pages\/331\/revisions\/24912"}],"up":[{"embeddable":true,"href":"https:\/\/einheit-bernburg.de\/content\/index.php?rest_route=\/wp\/v2\/pages\/22967"}],"wp:attachment":[{"href":"https:\/\/einheit-bernburg.de\/content\/index.php?rest_route=%2Fwp%2Fv2%2Fmedia&parent=331"}],"curies":[{"name":"wp","href":"https:\/\/api.w.org\/{rel}","templated":true}]}}