{"id":3438,"date":"2016-07-21T14:04:36","date_gmt":"2016-07-21T12:04:36","guid":{"rendered":"http:\/\/einheit-bernburg.de\/content\/?page_id=3438"},"modified":"2016-07-21T14:08:20","modified_gmt":"2016-07-21T12:08:20","slug":"archiv-2-herren-201516","status":"publish","type":"page","link":"https:\/\/einheit-bernburg.de\/content\/?page_id=3438","title":{"rendered":"Archiv 2. Herren 2015\/16"},"content":{"rendered":"<div class=\"content\">\n<h1 class=\"aufm\">SV Einheit Bernburg II.<\/h1>\n<h3 class=\"aufm\">1.Kreisklasse Staffel 2 &#8211; 2015\/16<\/h3>\n<p><a href=\"http:\/\/einheit-bernburg.de\/content\/wp-content\/uploads\/2015\/08\/2-Maenner.jpg\"><noscript><img decoding=\"async\" class=\"alignnone size-full wp-image-608\" src=\"http:\/\/einheit-bernburg.de\/content\/wp-content\/uploads\/2015\/08\/2-Maenner.jpg\" alt=\"2-maenner-15-16\" width=\"735\" height=\"490\" srcset=\"https:\/\/einheit-bernburg.de\/content\/wp-content\/uploads\/2015\/08\/2-Maenner.jpg 735w, https:\/\/einheit-bernburg.de\/content\/wp-content\/uploads\/2015\/08\/2-Maenner-300x200.jpg 300w\" sizes=\"(max-width: 735px) 100vw, 735px\"><\/noscript><img decoding=\"async\" class=\"alignnone size-full wp-image-608 lazyload\" src=\"data:image\/svg+xml,%3Csvg%20xmlns%3D%22http%3A%2F%2Fwww.w3.org%2F2000%2Fsvg%22%20viewBox%3D%220%200%20735%20490%22%3E%3C%2Fsvg%3E\" alt=\"2-maenner-15-16\" width=\"735\" height=\"490\" srcset=\"data:image\/svg+xml,%3Csvg%20xmlns%3D%22http%3A%2F%2Fwww.w3.org%2F2000%2Fsvg%22%20viewBox%3D%220%200%20735%20490%22%3E%3C%2Fsvg%3E 735w\" sizes=\"(max-width: 735px) 100vw, 735px\" data-srcset=\"https:\/\/einheit-bernburg.de\/content\/wp-content\/uploads\/2015\/08\/2-Maenner.jpg 735w, https:\/\/einheit-bernburg.de\/content\/wp-content\/uploads\/2015\/08\/2-Maenner-300x200.jpg 300w\" data-src=\"http:\/\/einheit-bernburg.de\/content\/wp-content\/uploads\/2015\/08\/2-Maenner.jpg\"><\/a><br>\n<u>hinten v.l.:<\/u> Andy Schmidt, Philipp Mehrholz, Eric Mayer, Daniel B\u00f6hm<br>\n<span style=\"text-decoration: underline;\">m<\/span><u>itte v.l.:<\/u> Marc R\u00f6diger, Mitchell Beyreuther, Uwe B\u00f6hm, Ren\u00e9 Voigt, Ricardo Apel, Sebastian Engelke, Simon Kirchhoff<br>\n<span style=\"text-decoration: underline;\">v<\/span><u>orne v.l.:<\/u> Stefan Goldhorn, Robert. Beck, Henry Kinzuraschwili, Julien Zipfel<\/p>\n<hr>\n<p><a class=\"submenu\" href=\"http:\/\/einheit-bernburg.de\/content\/?page_id=3440\"><noscript><img decoding=\"async\" src=\"http:\/\/einheit-bernburg.de\/off\/images\/redsys\/link.gif\" alt border=\"0\"><\/noscript><img decoding=\"async\" src=\"data:image\/gif;base64,R0lGODlhAQABAIAAAAAAAP\/\/\/yH5BAEAAAAALAAAAAABAAEAAAIBRAA7\" alt border=\"0\" data-src=\"http:\/\/einheit-bernburg.de\/off\/images\/redsys\/link.gif\" class=\" lazyload\">&nbsp;Kader u. Zielstellung<\/a><\/p>\n<\/div>\n<div class=\"content\">\n<div class=\"content\">\n<p><a class=\"submenu\" href=\"http:\/\/www.fussball.de\/spieltagsuebersicht\/-\/staffel\/01N9OIV2U8000001VV0AG812VVBRHHQE-G#!\/section\/mediastream\" target=\"_new\"><noscript><img decoding=\"async\" src=\"http:\/\/einheit-bernburg.de\/off\/images\/redsys\/link.gif\" alt border=\"0\"><\/noscript><img decoding=\"async\" src=\"data:image\/gif;base64,R0lGODlhAQABAIAAAAAAAP\/\/\/yH5BAEAAAAALAAAAAABAAEAAAIBRAA7\" alt border=\"0\" data-src=\"http:\/\/einheit-bernburg.de\/off\/images\/redsys\/link.gif\" class=\" lazyload\">&nbsp;Spielplan u. Tabelle 1.Kreisklasse Staffel 2<\/a><\/p>\n<\/div>\n<\/div>\n<hr>\n<h1 class=\"content\">News u. Spielberichte<\/h1>\n<hr>\n<h2>Vorbereitung auf die Saison 2016\/17<\/h2>\n<p>Es tut sich etwas bei unserer Zweiten. Der neue Trainer hei\u00dft Hans &#8211; Dieter Bunk. Eine erste Zusammenkunft mit Spielern der Zweiten hat am Donnerstagabend&nbsp; (14.07.16) stattgefunden. Es ging um grundlegende Sachen. Eine weitere Zusammenkunft mit Spielern, Sportlicher Leitung und Trainer wird am Samstag, dem 16.07.2016 18:00 Uhr auf dem Einheitsportplatz stattfinden.<br>\nVorab wurde schon einmal beschlossen, dass man w\u00f6chentlich zweimal trainieren will. Dienstag und Donnerstag jeweils 18:30 Uhr, wobei Donnerstag der Haupttrainingstag sein soll.<br>\nAuch Vorbereitungsspiele sind bereits in Planung.<\/p>\n<p><strong><span style=\"color: #ff0000;\">Trainingsstart: Dienstag, 19.07.2016<\/span><br>\n<\/strong><\/p>\n<p><span style=\"text-decoration: underline;\"><strong>Vorbereitungsspiele:<\/strong><\/span><\/p>\n<p>23.07.2016 14:00 Uhr SV Einheit Bernburg II. &#8211; TV Askania Bernburg III.<br>\n<em>(Scheidet Einheit I. am Freitag im Sparkassen-Cup aus wird daraus ein Dreier &#8211; Blitzturnier)<\/em><br>\n31.07.2016 14:00 Uhr SV Einheit Bernburg II. &#8211; SV Gr\u00fcn &#8211; Wei\u00df Beesenlaublingen<br>\n13.08.2016 14:00 Uhr SV Einheit Bernburg II. &#8211; BSV Eickendorf<\/p>\n<p><span style=\"text-decoration: underline;\"><strong>16.07.2016 Kreisklassenpokal 2016\/17 (1.Runde) ausgelost<\/strong><\/span><\/p>\n<p>Im Kreisklassenpokal (20.\/21.08.2016) muss unsere 2.Herren bei der Zweiten des SV Wacker Felgeleben antreten.<\/p>\n<hr>\n<p><u><strong>Hallenturnier in K\u00f6then &#8211; 5.Platz f\u00fcr unsere Zweite<\/strong><\/u><br>\nVeranstalter:&nbsp; CFC Germania 03 K\u00f6then II.<br>\nTermin: 13.02.2016<br>\nBeginn: 18:00 Uhr&nbsp; Anreise: 17:30 Uhr&nbsp; Ende ca. 21:00 Uhr<br>\nSpielort: Hahnemann &#8211; Sporthalle, K\u00f6then<\/p>\n<p><em>Ergebnisse des SVE:<br>\nSVE &#8211; Schw.-Gelb II. 0:1, &#8211; CFC 0:2, &#8211; Wulfen 0:3, &#8211; Rodleben 4:0, &#8211; C\u00f6rmigk 1:2<\/em><\/p>\n<p><em>Team:<\/em><br>\n<em>R. Beck, R. u. M. Beyreuther, D. Kral, S. Engelke, R. Kupka, S. Meder, S. Sperlich<\/em><\/p>\n<p><em><u>Endstand:<\/u><br>\n<strong>1.<\/strong>CFC Germania 03 II, <strong>2.<\/strong>Sportfreunde C\u00f6rmigk<strong>, 3.<\/strong>SV Schwarz-Gelb Bernburg II, <strong>4.<\/strong>SV Wulfen II,&nbsp;&nbsp;&nbsp;&nbsp;&nbsp; <strong>5.<\/strong>SV Einheit Bernburg II,&nbsp;<strong>6.<\/strong> SV Chemie Rodleben II<br>\n<\/em><\/p>\n<p><u><strong>Hallenturnier beim TuS Bebitz 1927 &#8211; 4.Platz f\u00fcr SVE II.<\/strong><\/u><br>\nVeranstalter: TuS Bebitz 1927<br>\nTermin: 31.01.2016<br>\nBeginn: 12:00 Uhr&nbsp; Anreise: ab 11:15 Uhr<br>\nSpielort: Sporthalle am Schulzentrum in K\u00f6nnern<\/p>\n<p><u><em>Ergebnisse des SVE<\/em><\/u><br>\n<em>SVE &#8211; Trebnitz\/Bebitz 1:0, &#8211; SV 1926 Rothenburg 1:2, &#8211; Bebitz II 0:0, &#8211; Kleinpaschleben II. 1:1<\/em><\/p>\n<p><em><u>Endstand:<\/u><\/em><br>\n<em><strong>1.<\/strong>Rothenburg, <strong>2.<\/strong>Kleinpaschleben, <strong>3.<\/strong>Trebnitz\/Bebitz, <strong>4.<\/strong>SVE, <strong>5.<\/strong>Bebitz II<\/em><\/p>\n","protected":false},"excerpt":{"rendered":"<p>SV Einheit Bernburg II. 1.Kreisklasse Staffel 2 &#8211; 2015\/16 hinten v.l.: Andy Schmidt, Philipp Mehrholz, Eric Mayer, Daniel B\u00f6hm mitte v.l.: Marc R\u00f6diger, Mitchell Beyreuther, Uwe B\u00f6hm, Ren\u00e9 Voigt, Ricardo Apel, Sebastian Engelke, Simon Kirchhoff vorne v.l.: Stefan Goldhorn, Robert. Beck, Henry Kinzuraschwili, Julien Zipfel &nbsp;Kader u. Zielstellung &nbsp;Spielplan u. Tabelle 1.Kreisklasse Staffel 2 News [&hellip;]<\/p>\n","protected":false},"author":3,"featured_media":0,"parent":3415,"menu_order":1,"comment_status":"closed","ping_status":"open","template":"","meta":{"footnotes":""},"_links":{"self":[{"href":"https:\/\/einheit-bernburg.de\/content\/index.php?rest_route=\/wp\/v2\/pages\/3438"}],"collection":[{"href":"https:\/\/einheit-bernburg.de\/content\/index.php?rest_route=\/wp\/v2\/pages"}],"about":[{"href":"https:\/\/einheit-bernburg.de\/content\/index.php?rest_route=\/wp\/v2\/types\/page"}],"author":[{"embeddable":true,"href":"https:\/\/einheit-bernburg.de\/content\/index.php?rest_route=\/wp\/v2\/users\/3"}],"replies":[{"embeddable":true,"href":"https:\/\/einheit-bernburg.de\/content\/index.php?rest_route=%2Fwp%2Fv2%2Fcomments&post=3438"}],"version-history":[{"count":2,"href":"https:\/\/einheit-bernburg.de\/content\/index.php?rest_route=\/wp\/v2\/pages\/3438\/revisions"}],"predecessor-version":[{"id":3445,"href":"https:\/\/einheit-bernburg.de\/content\/index.php?rest_route=\/wp\/v2\/pages\/3438\/revisions\/3445"}],"up":[{"embeddable":true,"href":"https:\/\/einheit-bernburg.de\/content\/index.php?rest_route=\/wp\/v2\/pages\/3415"}],"wp:attachment":[{"href":"https:\/\/einheit-bernburg.de\/content\/index.php?rest_route=%2Fwp%2Fv2%2Fmedia&parent=3438"}],"curies":[{"name":"wp","href":"https:\/\/api.w.org\/{rel}","templated":true}]}}