{"id":34380,"date":"2023-08-23T08:34:15","date_gmt":"2023-08-23T06:34:15","guid":{"rendered":"https:\/\/einheit-bernburg.de\/content\/?page_id=34380"},"modified":"2023-08-23T08:34:15","modified_gmt":"2023-08-23T06:34:15","slug":"kader-u-zielstellung","status":"publish","type":"page","link":"https:\/\/einheit-bernburg.de\/content\/?page_id=34380","title":{"rendered":"Archiv Kader u. Zielstellung 1. Herren 2022\/23"},"content":{"rendered":"<table style=\"height: 1275px;\" border=\"0\" width=\"872\" cellspacing=\"2\" cellpadding=\"0\">\n<tbody>\n<tr>\n<td style=\"width: 863.533px;\" align=\"left\" valign=\"top\">\n<div class=\"content\">\n<h1 class=\"aufm\">SV Einheit Bernburg<\/h1>\n<h3 class=\"aufm\">Salzlandliga &#8211; 2022\/23<\/h3>\n<p>Die Mannschaft\u00a0 hat in der zur\u00fcckliegenden Saison den Wechsel des Cheftrainers erfolgreich vollzogen. Allerdings startete das Team recht bescheiden und fand sich zun\u00e4chst \u00fcberraschend in unteren Tabellenregionen wieder. Ein starke R\u00fcckrunde katapultierte die Mannschaft dann zwischenzeitlich auf Rang zwei in der Tabelle und man hegte sogar noch Hoffnungen, an den souver\u00e4nen Spitzenreiter und letztlich auch verdienten Kreismeister heranzukommen. Doch durch zwei Niederlagen in den letzten beiden Punktspielen kam man am Ende auf Platz 5 ein. Das war letztlich insgesamt in Ordnung, es war aber wohl mehr drin.<br \/>\nF\u00fcr die neue Saison hegt man im Einheitlager wieder neue Begehrlichkeiten, schlie\u00dflich hat man einige Neuzug\u00e4nge und hofft nun vor allem im offensiven Bereich auf die zueletzt fehlende Effektivit\u00e4t. Schafft man es dieses bisherige Manko abzustellen, sollte man wieder zum Favoritenkreis der Salzlandliga geh\u00f6ren.<br \/>\nWir w\u00fcnschen dem gesamten Kollektiv eine weitestgehend verletzungsfreie und erfolgreiche Saison 2022\/23!<\/p>\n<\/div>\n<\/td>\n<\/tr>\n<tr>\n<td style=\"width: 863.533px;\" align=\"left\" valign=\"top\">\n<div class=\"content\">\n<p>&nbsp;<\/p>\n<div class=\"su-table su-table-alternate\">\n<table style=\"width: 72.5687%\">\n<tbody>\n<tr>\n<td style=\"width: 25%\"><strong>Ansprechpartner<\/strong><\/td>\n<td style=\"width: 73.5341%\">Norbert Lehmann (Vermittler Herrenbereich)<br \/>\nMobil: 0177 \/ 867 08 08<\/td>\n<\/tr>\n<tr>\n<td style=\"width: 25%\"><strong>Trainingszeiten<\/strong><\/td>\n<td style=\"width: 73.5341%\">Dienstag 18:30 Uhr &#8211; 19:30 Uhr (Einheit-Sportplatz)<br \/>\nDonnerstag 18:30 Uhr &#8211; 19:30 Uhr (Einheit-Sportplatz)<\/td>\n<\/tr>\n<tr>\n<td style=\"width: 25%\"><strong>\u00a0<\/strong><\/td>\n<td style=\"width: 73.5341%\"><strong>Winter<\/strong><br \/>\nTraining auch auf dem Sportplatz in Gr\u00f6na m\u00f6glich<strong><br \/>\n<\/strong><\/td>\n<\/tr>\n<tr>\n<td style=\"width: 25%\"><strong>Hallentraining<br \/>\n<\/strong><\/td>\n<td style=\"width: 73.5341%\">Donnerstag\u00a0 18:30 &#8211; 20:00 Uhr Sporthalle &#8222;T\u00f6pferwiese&#8220;<br \/>\nab 03.11.2022 bis 23.02.2022<\/td>\n<\/tr>\n<tr>\n<td style=\"width: 25%\"><strong>Kunstrasen<br \/>\n<\/strong><\/td>\n<td style=\"width: 73.5341%\"><\/td>\n<\/tr>\n<tr>\n<td style=\"width: 25%\"><strong>Trainer<\/strong><\/td>\n<td style=\"width: 73.5341%\">Marcel Lehmann\u00a0\u00a0 Mobil: 0178 \/ 40 73 826<\/td>\n<\/tr>\n<tr>\n<td style=\"width: 25%\"><strong>Co-Trainer<\/strong><\/td>\n<td style=\"width: 73.5341%\">Mathias M\u00fcller\u00a0\u00a0\u00a0\u00a0\u00a0 Mobil: 0173 \/ 296 61 82<\/td>\n<\/tr>\n<tr>\n<td style=\"width: 25%\"><strong>Betreuerin\/<\/strong><br \/>\n<strong>Physiotherapeutin<\/strong><\/td>\n<td style=\"width: 73.5341%\">Nicole Lutze<\/td>\n<\/tr>\n<tr>\n<td style=\"width: 25%\"><strong>Zielstellung<\/strong><\/td>\n<td style=\"width: 73.5341%\"><\/td>\n<\/tr>\n<\/tbody>\n<\/table>\n<\/div>\n<\/div>\n<p>&nbsp;<\/td>\n<\/tr>\n<tr>\n<td style=\"width: 863.533px;\" align=\"left\" valign=\"top\">\n<div class=\"content\">\n<h3>Kader<\/h3>\n\n<table id=\"tablepress-104\" class=\"tablepress tablepress-id-104\">\n<thead>\n<tr class=\"row-1 odd\">\n\t<th class=\"column-1\">Lfd.Nr.<\/th><th class=\"column-2\">Name<\/th><th class=\"column-3\">Vorname<\/th><th class=\"column-4\">Jahrgang<\/th><th class=\"column-5\">Zug\u00e4nge (woher)<\/th>\n<\/tr>\n<\/thead>\n<tbody>\n<tr class=\"row-2 even\">\n\t<td class=\"column-1\">1<\/td><td class=\"column-2\">Apel<\/td><td class=\"column-3\">Tim<\/td><td class=\"column-4\">2000<\/td><td class=\"column-5\"><\/td>\n<\/tr>\n<tr class=\"row-3 odd\">\n\t<td class=\"column-1\">2<\/td><td class=\"column-2\">Bahn<\/td><td class=\"column-3\">Robert<\/td><td class=\"column-4\">1998<\/td><td class=\"column-5\">SVE 2.Herren<\/td>\n<\/tr>\n<tr class=\"row-4 even\">\n\t<td class=\"column-1\">3<\/td><td class=\"column-2\">Beck<\/td><td class=\"column-3\">Robert<\/td><td class=\"column-4\">1996<\/td><td class=\"column-5\">ETW - SVE 2.Herren  <\/td>\n<\/tr>\n<tr class=\"row-5 odd\">\n\t<td class=\"column-1\">4<\/td><td class=\"column-2\">Bertram<\/td><td class=\"column-3\">Erik<\/td><td class=\"column-4\">2000<\/td><td class=\"column-5\"><\/td>\n<\/tr>\n<tr class=\"row-6 even\">\n\t<td class=\"column-1\">5<\/td><td class=\"column-2\">Bettinger<\/td><td class=\"column-3\">Bj\u00f6rn<\/td><td class=\"column-4\">1985<\/td><td class=\"column-5\"><\/td>\n<\/tr>\n<tr class=\"row-7 odd\">\n\t<td class=\"column-1\">6<\/td><td class=\"column-2\">Dolg<\/td><td class=\"column-3\">Niclas<\/td><td class=\"column-4\">2000<\/td><td class=\"column-5\">Warmsdorfer SV<\/td>\n<\/tr>\n<tr class=\"row-8 even\">\n\t<td class=\"column-1\">7<\/td><td class=\"column-2\">Hahn<\/td><td class=\"column-3\">Eric<\/td><td class=\"column-4\">1999<\/td><td class=\"column-5\"><\/td>\n<\/tr>\n<tr class=\"row-9 odd\">\n\t<td class=\"column-1\">9<\/td><td class=\"column-2\">Helbig<\/td><td class=\"column-3\">Matthias<\/td><td class=\"column-4\">1986<\/td><td class=\"column-5\"><\/td>\n<\/tr>\n<tr class=\"row-10 even\">\n\t<td class=\"column-1\">10<\/td><td class=\"column-2\">K\u00e4ding<\/td><td class=\"column-3\">Eric<\/td><td class=\"column-4\">1995<\/td><td class=\"column-5\"><\/td>\n<\/tr>\n<tr class=\"row-11 odd\">\n\t<td class=\"column-1\">11<\/td><td class=\"column-2\">Kre\u00df<\/td><td class=\"column-3\">Hannes<\/td><td class=\"column-4\">2002<\/td><td class=\"column-5\">SV 09 Sta\u00dffurt<\/td>\n<\/tr>\n<tr class=\"row-12 even\">\n\t<td class=\"column-1\">12<\/td><td class=\"column-2\">Krug<\/td><td class=\"column-3\">Mathias<\/td><td class=\"column-4\">1988<\/td><td class=\"column-5\"><\/td>\n<\/tr>\n<tr class=\"row-13 odd\">\n\t<td class=\"column-1\">13<\/td><td class=\"column-2\">Kuhn<\/td><td class=\"column-3\">Benjamin<\/td><td class=\"column-4\">1988<\/td><td class=\"column-5\"><\/td>\n<\/tr>\n<tr class=\"row-14 even\">\n\t<td class=\"column-1\">14<\/td><td class=\"column-2\">M\u00fcller<\/td><td class=\"column-3\">Denny<\/td><td class=\"column-4\">1988<\/td><td class=\"column-5\"><\/td>\n<\/tr>\n<tr class=\"row-15 odd\">\n\t<td class=\"column-1\">15<\/td><td class=\"column-2\">Nachtigall<\/td><td class=\"column-3\">Til<\/td><td class=\"column-4\">2000<\/td><td class=\"column-5\">Warmsdorfer SV<\/td>\n<\/tr>\n<tr class=\"row-16 even\">\n\t<td class=\"column-1\">16<\/td><td class=\"column-2\">Nietschmann<\/td><td class=\"column-3\">Nils<\/td><td class=\"column-4\">1999<\/td><td class=\"column-5\"><\/td>\n<\/tr>\n<tr class=\"row-17 odd\">\n\t<td class=\"column-1\">17<\/td><td class=\"column-2\">Okubire<\/td><td class=\"column-3\">Charles<\/td><td class=\"column-4\">1995<\/td><td class=\"column-5\"><\/td>\n<\/tr>\n<tr class=\"row-18 even\">\n\t<td class=\"column-1\">18<\/td><td class=\"column-2\">Salehzada<\/td><td class=\"column-3\">Wais<\/td><td class=\"column-4\">2000<\/td><td class=\"column-5\"><\/td>\n<\/tr>\n<tr class=\"row-19 odd\">\n\t<td class=\"column-1\">19<\/td><td class=\"column-2\">Schule<\/td><td class=\"column-3\">Marco<\/td><td class=\"column-4\">1986<\/td><td class=\"column-5\"><\/td>\n<\/tr>\n<tr class=\"row-20 even\">\n\t<td class=\"column-1\">20<\/td><td class=\"column-2\">Schwarz<\/td><td class=\"column-3\">Mario <\/td><td class=\"column-4\">2001<\/td><td class=\"column-5\"><\/td>\n<\/tr>\n<tr class=\"row-21 odd\">\n\t<td class=\"column-1\">21<\/td><td class=\"column-2\">Shami<\/td><td class=\"column-3\">Mohamad<\/td><td class=\"column-4\">1999<\/td><td class=\"column-5\"><\/td>\n<\/tr>\n<tr class=\"row-22 even\">\n\t<td class=\"column-1\">22<\/td><td class=\"column-2\">Souschek<\/td><td class=\"column-3\">Jonas<\/td><td class=\"column-4\">1997<\/td><td class=\"column-5\"><\/td>\n<\/tr>\n<tr class=\"row-23 odd\">\n\t<td class=\"column-1\">23<\/td><td class=\"column-2\">Steckhahn<\/td><td class=\"column-3\">Julian<\/td><td class=\"column-4\">1993<\/td><td class=\"column-5\">VfL Ilberstedt<\/td>\n<\/tr>\n<tr class=\"row-24 even\">\n\t<td class=\"column-1\">24<\/td><td class=\"column-2\">Teutloff<\/td><td class=\"column-3\">Maik<\/td><td class=\"column-4\">1990<\/td><td class=\"column-5\">SV F\u00f6rderstedt<\/td>\n<\/tr>\n<tr class=\"row-25 odd\">\n\t<td class=\"column-1\">25<\/td><td class=\"column-2\">Thol<\/td><td class=\"column-3\">Stefan<\/td><td class=\"column-4\">1987<\/td><td class=\"column-5\"><\/td>\n<\/tr>\n<tr class=\"row-26 even\">\n\t<td class=\"column-1\">26<\/td><td class=\"column-2\">Walcer<\/td><td class=\"column-3\">Niklas<\/td><td class=\"column-4\">2000<\/td><td class=\"column-5\"><\/td>\n<\/tr>\n<tr class=\"row-27 odd\">\n\t<td class=\"column-1\">27<\/td><td class=\"column-2\">Wendel<\/td><td class=\"column-3\">Nils<\/td><td class=\"column-4\">1996<\/td><td class=\"column-5\"><\/td>\n<\/tr>\n<tr class=\"row-28 even\">\n\t<td class=\"column-1\">28<\/td><td class=\"column-2\">Westphal<\/td><td class=\"column-3\">Tobias<\/td><td class=\"column-4\">2001<\/td><td class=\"column-5\"><\/td>\n<\/tr>\n<tr class=\"row-29 odd\">\n\t<td class=\"column-1\">29<\/td><td class=\"column-2\">Wiedensee<\/td><td class=\"column-3\">Matthias<\/td><td class=\"column-4\">1982<\/td><td class=\"column-5\"><\/td>\n<\/tr>\n<\/tbody>\n<\/table>\n\n<h3>Zug\u00e4nge<\/h3>\n<p>Niclas Dolg (Warmsdorfer SV), Moritz Hecht (SC Bernburg), Hannes Kre\u00df (SV 09 Sta\u00dffurt), Julian Steckhahn (VfL Ilberstedt), Til Nachtigall (Warmsdorfer SV)<\/p>\n<h3>Abg\u00e4nge<\/h3>\n<p>Vincent Luthe (unbekannt), Steven Christmann (SV Pl\u00f6tzkau 1921), Raouf Mazouz (BSC Biendorf), Sulayman Manneh (unbekannt), Moritz Hecht (SC Bernburg)<\/p>\n<\/div>\n<\/td>\n<\/tr>\n<\/tbody>\n<\/table>\n<p>&nbsp;<\/p>\n","protected":false},"excerpt":{"rendered":"<p>SV Einheit Bernburg Salzlandliga &#8211; 2022\/23 Die Mannschaft\u00a0 hat in der zur\u00fcckliegenden Saison den Wechsel des Cheftrainers erfolgreich vollzogen. Allerdings startete das Team recht bescheiden und fand sich zun\u00e4chst \u00fcberraschend in unteren Tabellenregionen wieder. Ein starke R\u00fcckrunde katapultierte die Mannschaft dann zwischenzeitlich auf Rang zwei in der Tabelle und man hegte sogar noch Hoffnungen, an [&hellip;]<\/p>\n","protected":false},"author":3,"featured_media":0,"parent":34375,"menu_order":0,"comment_status":"closed","ping_status":"closed","template":"","meta":{"footnotes":""},"_links":{"self":[{"href":"https:\/\/einheit-bernburg.de\/content\/index.php?rest_route=\/wp\/v2\/pages\/34380"}],"collection":[{"href":"https:\/\/einheit-bernburg.de\/content\/index.php?rest_route=\/wp\/v2\/pages"}],"about":[{"href":"https:\/\/einheit-bernburg.de\/content\/index.php?rest_route=\/wp\/v2\/types\/page"}],"author":[{"embeddable":true,"href":"https:\/\/einheit-bernburg.de\/content\/index.php?rest_route=\/wp\/v2\/users\/3"}],"replies":[{"embeddable":true,"href":"https:\/\/einheit-bernburg.de\/content\/index.php?rest_route=%2Fwp%2Fv2%2Fcomments&post=34380"}],"version-history":[{"count":1,"href":"https:\/\/einheit-bernburg.de\/content\/index.php?rest_route=\/wp\/v2\/pages\/34380\/revisions"}],"predecessor-version":[{"id":34381,"href":"https:\/\/einheit-bernburg.de\/content\/index.php?rest_route=\/wp\/v2\/pages\/34380\/revisions\/34381"}],"up":[{"embeddable":true,"href":"https:\/\/einheit-bernburg.de\/content\/index.php?rest_route=\/wp\/v2\/pages\/34375"}],"wp:attachment":[{"href":"https:\/\/einheit-bernburg.de\/content\/index.php?rest_route=%2Fwp%2Fv2%2Fmedia&parent=34380"}],"curies":[{"name":"wp","href":"https:\/\/api.w.org\/{rel}","templated":true}]}}