{"id":34401,"date":"2023-08-23T08:56:59","date_gmt":"2023-08-23T06:56:59","guid":{"rendered":"https:\/\/einheit-bernburg.de\/content\/?page_id=34401"},"modified":"2023-08-23T08:56:59","modified_gmt":"2023-08-23T06:56:59","slug":"kader-u-zielstellung-d3-junioren","status":"publish","type":"page","link":"https:\/\/einheit-bernburg.de\/content\/?page_id=34401","title":{"rendered":"Archiv Kader u. Zielstellung A-Junioren 2022\/23"},"content":{"rendered":"<h1 class=\"aufm\">SV Einheit Bernburg<\/h1>\n<h3>Landesliga \u2013 2022\/23 &#8211; Staffel 6<\/h3>\n<p>Die Mannschaft setzt sich zusammen aus B &#8211; u. A &#8211; Junioren Spielern, wobei fast alle Spieler in der zur\u00fcckliegenden Saison schon als eine gemischte B &#8211; Jugend auf Kreisebene am Start waren. Die A &#8211; Junioren im Bereich des FSA spielen, aus Spieler &#8211; u. Mannschaftsmangel in den Kreisfachverb\u00e4nden, grunds\u00e4tzlich auf Landesebene. Dieser Schritt wird nun nicht einfach f\u00fcr unsere Jungs, ist aber unumg\u00e4nglich, wenn man sie weiter im Spielbetrieb halten will. Hoffen wir, dass sie sich trotzdem und unter neuer F\u00fchrung auch in dieser Altersklasse weiter entwickeln k\u00f6nnen.<br \/>\nCo-Trainer Sebastian Engelke zieht sich aus famili\u00e4ren und beruflichen Gr\u00fcnden von seiner Funktion zur\u00fcck und wird danken ihm f\u00fcr seinen bisherige Arbeit. F\u00fcr die Position des verantwortlichen Trainers konnten wir Thomas Schr\u00f6ter (C &#8211; Lizenz) gewinnen, der von Andreas Kre\u00df (B &#8211; Lizenz) als zweiten Trainer unterst\u00fctzt wird. Gen\u00fcgend fachliche Kompetenz ist also garantiert.<\/p>\n<hr \/>\n<div class=\"su-table su-table-alternate\">\n<table style=\"height: 344px;width: 704px\" width=\"702\">\n<tbody>\n<tr>\n<td style=\"width: 173px\"><strong>Ansprechpartner<\/strong><\/td>\n<td style=\"width: 531px\">Lothar Kral (Jugendleiter)<br \/>\nTel.: 03471 \/ 311868, Mobil: 0162 \/ 435 66 23<\/td>\n<\/tr>\n<tr>\n<td style=\"width: 173px\"><strong>Trainingszeit<\/strong><\/td>\n<td style=\"width: 531px\">Montag,\u00a0\u00a0\u00a0 16:30 Uhr \u2013 18:00 Uhr\u00a0 Einheit-Sportplatz<br \/>\nMittwoch, 16:30 Uhr \u2013 18:00 Uhr Einheit-Sportplatz<\/td>\n<\/tr>\n<tr>\n<td style=\"width: 173px\"><strong> Winter<\/strong><\/td>\n<td style=\"width: 531px\"><\/td>\n<\/tr>\n<tr>\n<td style=\"width: 173px\"><strong>Hallentraining<br \/>\n<\/strong><\/td>\n<td style=\"width: 531px\"><\/td>\n<\/tr>\n<tr>\n<td style=\"width: 173px\"><strong>Kunstrasen<br \/>\n<\/strong><\/td>\n<td style=\"width: 531px\"><\/td>\n<\/tr>\n<tr>\n<td style=\"width: 173px\"><strong>Trainer<\/strong><\/td>\n<td style=\"width: 531px\">Thomas Schr\u00f6ter\u00a0\u00a0\u00a0\u00a0 Mobil: 0170 \/ 939 02 38<\/td>\n<\/tr>\n<tr>\n<td style=\"width: 173px\"><strong>Trainer<br \/>\n<\/strong><\/td>\n<td style=\"width: 531px\">Andreas Kre\u00df \u00a0 \u00a0 \u00a0 \u00a0 \u00a0\u00a0 Mobil: 0157 \/ 878 029 30<\/td>\n<\/tr>\n<tr>\n<td style=\"width: 173px\"><strong>Betreuer<\/strong><\/td>\n<td style=\"width: 531px\"><\/td>\n<\/tr>\n<tr>\n<td style=\"width: 173px\"><strong>Zielstellung<\/strong><\/td>\n<td style=\"width: 531px\"><\/td>\n<\/tr>\n<\/tbody>\n<\/table>\n<\/div>\n<hr \/>\n<h3>Kader<\/h3>\n\n<table id=\"tablepress-106\" class=\"tablepress tablepress-id-106\">\n<thead>\n<tr class=\"row-1 odd\">\n\t<th class=\"column-1\">Name<\/th><th class=\"column-2\">Vorname<\/th><th class=\"column-3\">Jahrgang<\/th><th class=\"column-4\">Vereinszugeh\u00f6rigkeit<\/th><th class=\"column-5\"><\/th><th class=\"column-6\"><\/th><th class=\"column-7\"><\/th><th class=\"column-8\"><\/th>\n<\/tr>\n<\/thead>\n<tbody>\n<tr class=\"row-2 even\">\n\t<td class=\"column-1\">Ilgenstein<\/td><td class=\"column-2\">Lukas<\/td><td class=\"column-3\">2004<\/td><td class=\"column-4\">SV Einheit Bernburg<\/td><td class=\"column-5\"><\/td><td class=\"column-6\"><\/td><td class=\"column-7\"><\/td><td class=\"column-8\"><\/td>\n<\/tr>\n<tr class=\"row-3 odd\">\n\t<td class=\"column-1\">Leidel<\/td><td class=\"column-2\">Fabian<\/td><td class=\"column-3\">2004<\/td><td class=\"column-4\">GS Pei\u00dfen<\/td><td class=\"column-5\"><\/td><td class=\"column-6\"><\/td><td class=\"column-7\"><\/td><td class=\"column-8\"><\/td>\n<\/tr>\n<tr class=\"row-4 even\">\n\t<td class=\"column-1\">Adugna Beri<\/td><td class=\"column-2\">Signi<\/td><td class=\"column-3\">2005<\/td><td class=\"column-4\">SV Einheit Bernburg \/ \u00c4thiopien<\/td><td class=\"column-5\"><\/td><td class=\"column-6\"><\/td><td class=\"column-7\"><\/td><td class=\"column-8\"><\/td>\n<\/tr>\n<tr class=\"row-5 odd\">\n\t<td class=\"column-1\">Ehrich<\/td><td class=\"column-2\">Jannis<\/td><td class=\"column-3\">2005<\/td><td class=\"column-4\">SV Einheit Bernburg<\/td><td class=\"column-5\"><\/td><td class=\"column-6\"><\/td><td class=\"column-7\"><\/td><td class=\"column-8\"><\/td>\n<\/tr>\n<tr class=\"row-6 even\">\n\t<td class=\"column-1\">Franzelius<\/td><td class=\"column-2\">Florian<\/td><td class=\"column-3\">2005<\/td><td class=\"column-4\">SV Einheit Bernburg<\/td><td class=\"column-5\"><\/td><td class=\"column-6\"><\/td><td class=\"column-7\"><\/td><td class=\"column-8\"><\/td>\n<\/tr>\n<tr class=\"row-7 odd\">\n\t<td class=\"column-1\">Habenreich<\/td><td class=\"column-2\">Jonas<\/td><td class=\"column-3\">2005<\/td><td class=\"column-4\">SV Einheit Bernburg<\/td><td class=\"column-5\"><\/td><td class=\"column-6\"><\/td><td class=\"column-7\"><\/td><td class=\"column-8\"><\/td>\n<\/tr>\n<tr class=\"row-8 even\">\n\t<td class=\"column-1\">Hammermann<\/td><td class=\"column-2\">Moritz Emanuel<\/td><td class=\"column-3\">2005<\/td><td class=\"column-4\">SV Einheit Bernburg<\/td><td class=\"column-5\"><\/td><td class=\"column-6\"><\/td><td class=\"column-7\"><\/td><td class=\"column-8\"><\/td>\n<\/tr>\n<tr class=\"row-9 odd\">\n\t<td class=\"column-1\">Holze<\/td><td class=\"column-2\">Benedikt<\/td><td class=\"column-3\">2005<\/td><td class=\"column-4\">SV Einheit Bernburg<\/td><td class=\"column-5\"><\/td><td class=\"column-6\"><\/td><td class=\"column-7\"><\/td><td class=\"column-8\"><\/td>\n<\/tr>\n<tr class=\"row-10 even\">\n\t<td class=\"column-1\">Kononov<\/td><td class=\"column-2\">Ilia<\/td><td class=\"column-3\">2005<\/td><td class=\"column-4\">SV Einheit Bernburg I Ukraine<\/td><td class=\"column-5\"><\/td><td class=\"column-6\"><\/td><td class=\"column-7\"><\/td><td class=\"column-8\"><\/td>\n<\/tr>\n<tr class=\"row-11 odd\">\n\t<td class=\"column-1\">M\u00fcller <\/td><td class=\"column-2\">Valentin Vincent<\/td><td class=\"column-3\">2005<\/td><td class=\"column-4\">SV Einheit Bernburg<\/td><td class=\"column-5\"><\/td><td class=\"column-6\"><\/td><td class=\"column-7\"><\/td><td class=\"column-8\"><\/td>\n<\/tr>\n<tr class=\"row-12 even\">\n\t<td class=\"column-1\">Reinke<\/td><td class=\"column-2\">Maximilian<\/td><td class=\"column-3\">2005<\/td><td class=\"column-4\">SV Einheit Bernburg<\/td><td class=\"column-5\"><\/td><td class=\"column-6\"><\/td><td class=\"column-7\"><\/td><td class=\"column-8\"><\/td>\n<\/tr>\n<tr class=\"row-13 odd\">\n\t<td class=\"column-1\">Dimovic<\/td><td class=\"column-2\">Jovica<\/td><td class=\"column-3\">2006<\/td><td class=\"column-4\">SV Einheit Bernburg \/ Ungarn<\/td><td class=\"column-5\"><\/td><td class=\"column-6\"><\/td><td class=\"column-7\"><\/td><td class=\"column-8\"><\/td>\n<\/tr>\n<tr class=\"row-14 even\">\n\t<td class=\"column-1\">Matthias<\/td><td class=\"column-2\">Phillip<\/td><td class=\"column-3\">2006<\/td><td class=\"column-4\">SV Einheit Bernburg<\/td><td class=\"column-5\"><\/td><td class=\"column-6\"><\/td><td class=\"column-7\"><\/td><td class=\"column-8\"><\/td>\n<\/tr>\n<tr class=\"row-15 odd\">\n\t<td class=\"column-1\">Schoon<\/td><td class=\"column-2\">Leonardo<\/td><td class=\"column-3\">2006<\/td><td class=\"column-4\">SV Einheit Bernburg<\/td><td class=\"column-5\"><\/td><td class=\"column-6\"><\/td><td class=\"column-7\"><\/td><td class=\"column-8\"><\/td>\n<\/tr>\n<tr class=\"row-16 even\">\n\t<td class=\"column-1\">Stolz<\/td><td class=\"column-2\">Jan - Malte<\/td><td class=\"column-3\">2006<\/td><td class=\"column-4\">SV Einheit Bernburg<\/td><td class=\"column-5\"><\/td><td class=\"column-6\"><\/td><td class=\"column-7\"><\/td><td class=\"column-8\"><\/td>\n<\/tr>\n<tr class=\"row-17 odd\">\n\t<td class=\"column-1\">Hammermann<\/td><td class=\"column-2\">Theodor<\/td><td class=\"column-3\">2007<\/td><td class=\"column-4\">SV Einheit Bernburg<\/td><td class=\"column-5\"><\/td><td class=\"column-6\"><\/td><td class=\"column-7\"><\/td><td class=\"column-8\"><\/td>\n<\/tr>\n<tr class=\"row-18 even\">\n\t<td class=\"column-1\">Kupka<\/td><td class=\"column-2\">Nevio<\/td><td class=\"column-3\">2007<\/td><td class=\"column-4\">SV Einheit Bernburg<\/td><td class=\"column-5\"><\/td><td class=\"column-6\"><\/td><td class=\"column-7\"><\/td><td class=\"column-8\"><\/td>\n<\/tr>\n<tr class=\"row-19 odd\">\n\t<td class=\"column-1\">M\u00fcller<\/td><td class=\"column-2\">Jakob<\/td><td class=\"column-3\">2007<\/td><td class=\"column-4\">SV Einheit Bernburg<\/td><td class=\"column-5\"><\/td><td class=\"column-6\"><\/td><td class=\"column-7\"><\/td><td class=\"column-8\"><\/td>\n<\/tr>\n<tr class=\"row-20 even\">\n\t<td class=\"column-1\">M\u00fcller<\/td><td class=\"column-2\">Timon<\/td><td class=\"column-3\">2007<\/td><td class=\"column-4\">SV Einheit Bernburg<\/td><td class=\"column-5\"><\/td><td class=\"column-6\"><\/td><td class=\"column-7\"><\/td><td class=\"column-8\"><\/td>\n<\/tr>\n<tr class=\"row-21 odd\">\n\t<td class=\"column-1\">Richter<\/td><td class=\"column-2\">Janne Till<\/td><td class=\"column-3\">2007<\/td><td class=\"column-4\">SV Einheit Bernburg<\/td><td class=\"column-5\"><\/td><td class=\"column-6\"><\/td><td class=\"column-7\"><\/td><td class=\"column-8\"><\/td>\n<\/tr>\n<tr class=\"row-22 even\">\n\t<td class=\"column-1\">Schoon<\/td><td class=\"column-2\">Christian<\/td><td class=\"column-3\">2007<\/td><td class=\"column-4\">SV Einheit Bernburg<\/td><td class=\"column-5\"><\/td><td class=\"column-6\"><\/td><td class=\"column-7\"><\/td><td class=\"column-8\"><\/td>\n<\/tr>\n<\/tbody>\n<\/table>\n\n","protected":false},"excerpt":{"rendered":"<p>SV Einheit Bernburg Landesliga \u2013 2022\/23 &#8211; Staffel 6 Die Mannschaft setzt sich zusammen aus B &#8211; u. A &#8211; Junioren Spielern, wobei fast alle Spieler in der zur\u00fcckliegenden Saison schon als eine gemischte B &#8211; Jugend auf Kreisebene am Start waren. Die A &#8211; Junioren im Bereich des FSA spielen, aus Spieler &#8211; u. [&hellip;]<\/p>\n","protected":false},"author":3,"featured_media":0,"parent":34399,"menu_order":0,"comment_status":"closed","ping_status":"closed","template":"","meta":{"footnotes":""},"_links":{"self":[{"href":"https:\/\/einheit-bernburg.de\/content\/index.php?rest_route=\/wp\/v2\/pages\/34401"}],"collection":[{"href":"https:\/\/einheit-bernburg.de\/content\/index.php?rest_route=\/wp\/v2\/pages"}],"about":[{"href":"https:\/\/einheit-bernburg.de\/content\/index.php?rest_route=\/wp\/v2\/types\/page"}],"author":[{"embeddable":true,"href":"https:\/\/einheit-bernburg.de\/content\/index.php?rest_route=\/wp\/v2\/users\/3"}],"replies":[{"embeddable":true,"href":"https:\/\/einheit-bernburg.de\/content\/index.php?rest_route=%2Fwp%2Fv2%2Fcomments&post=34401"}],"version-history":[{"count":1,"href":"https:\/\/einheit-bernburg.de\/content\/index.php?rest_route=\/wp\/v2\/pages\/34401\/revisions"}],"predecessor-version":[{"id":34402,"href":"https:\/\/einheit-bernburg.de\/content\/index.php?rest_route=\/wp\/v2\/pages\/34401\/revisions\/34402"}],"up":[{"embeddable":true,"href":"https:\/\/einheit-bernburg.de\/content\/index.php?rest_route=\/wp\/v2\/pages\/34399"}],"wp:attachment":[{"href":"https:\/\/einheit-bernburg.de\/content\/index.php?rest_route=%2Fwp%2Fv2%2Fmedia&parent=34401"}],"curies":[{"name":"wp","href":"https:\/\/api.w.org\/{rel}","templated":true}]}}