{"id":34430,"date":"2023-08-23T10:46:41","date_gmt":"2023-08-23T08:46:41","guid":{"rendered":"https:\/\/einheit-bernburg.de\/content\/?page_id=34430"},"modified":"2026-04-11T13:10:43","modified_gmt":"2026-04-11T11:10:43","slug":"d3-junioren-2-2-3","status":"publish","type":"page","link":"https:\/\/einheit-bernburg.de\/content\/?page_id=34430","title":{"rendered":"C-Junioren"},"content":{"rendered":"<h1 class=\"aufm\">SV Einheit Bernburg<\/h1>\n<h3 class=\"aufm\">Kreisoberliga 2025\/26<\/h3>\n<p><a href=\"https:\/\/einheit-bernburg.de\/content\/wp-content\/uploads\/2025\/09\/014-25_C-Junioren.jpg\"><noscript><img decoding=\"async\" class=\"alignnone wp-image-42886 size-full\" src=\"https:\/\/einheit-bernburg.de\/content\/wp-content\/uploads\/2025\/09\/014-25_C-Junioren.jpg\" alt width=\"1500\" height=\"1000\" srcset=\"https:\/\/einheit-bernburg.de\/content\/wp-content\/uploads\/2025\/09\/014-25_C-Junioren.jpg 1500w, https:\/\/einheit-bernburg.de\/content\/wp-content\/uploads\/2025\/09\/014-25_C-Junioren-300x200.jpg 300w, https:\/\/einheit-bernburg.de\/content\/wp-content\/uploads\/2025\/09\/014-25_C-Junioren-1024x683.jpg 1024w, https:\/\/einheit-bernburg.de\/content\/wp-content\/uploads\/2025\/09\/014-25_C-Junioren-768x512.jpg 768w, https:\/\/einheit-bernburg.de\/content\/wp-content\/uploads\/2025\/09\/014-25_C-Junioren-1080x720.jpg 1080w\" sizes=\"(max-width: 1500px) 100vw, 1500px\"><\/noscript><img decoding=\"async\" class=\"alignnone wp-image-42886 size-full lazyload\" src=\"data:image\/svg+xml,%3Csvg%20xmlns%3D%22http%3A%2F%2Fwww.w3.org%2F2000%2Fsvg%22%20viewBox%3D%220%200%201500%201000%22%3E%3C%2Fsvg%3E\" alt width=\"1500\" height=\"1000\" srcset=\"data:image\/svg+xml,%3Csvg%20xmlns%3D%22http%3A%2F%2Fwww.w3.org%2F2000%2Fsvg%22%20viewBox%3D%220%200%201500%201000%22%3E%3C%2Fsvg%3E 1500w\" sizes=\"(max-width: 1500px) 100vw, 1500px\" data-srcset=\"https:\/\/einheit-bernburg.de\/content\/wp-content\/uploads\/2025\/09\/014-25_C-Junioren.jpg 1500w, https:\/\/einheit-bernburg.de\/content\/wp-content\/uploads\/2025\/09\/014-25_C-Junioren-300x200.jpg 300w, https:\/\/einheit-bernburg.de\/content\/wp-content\/uploads\/2025\/09\/014-25_C-Junioren-1024x683.jpg 1024w, https:\/\/einheit-bernburg.de\/content\/wp-content\/uploads\/2025\/09\/014-25_C-Junioren-768x512.jpg 768w, https:\/\/einheit-bernburg.de\/content\/wp-content\/uploads\/2025\/09\/014-25_C-Junioren-1080x720.jpg 1080w\" data-src=\"https:\/\/einheit-bernburg.de\/content\/wp-content\/uploads\/2025\/09\/014-25_C-Junioren.jpg\"><\/a><\/p>\n<p>Hinten v. l.<br>\nMohamad Osman, Bamadou Traore, Louis Knorscheidt, Paul Werg, Laurin Korn, Samim Danish<br>\nMitte v. l.<br>\nChristian M\u00fcller (TR), Pepe Merker, Julius Noth, Toni M\u00fcller, Pepe Weinert, Max Angermann, Hannes Duft, Cedric Halle, Thomas G\u00fcldenpfennig (Co-TR)<br>\nVorn v. l.<br>\nLara Knorscheidt, Raphael Noth, Felix Dahnisch, Ben Mierswa, Linus Conrad, Jason Sluschny, Elias Fischer, Felix Timplan, Lukas Hartenstein, Deizi Tila<\/p>\n<p><strong>\u00dcber die abgelaufene Saison 2024\/25 kann man sich ausf\u00fchrlich im Archiv unter C1 &#8211; Jun. informieren<\/strong>.<\/p>\n<hr>\n<p><a class=\"submenu\" href=\"http:\/\/einheit-bernburg.de\/content\/?page_id=557\" target=\"_blank\" rel=\"noopener noreferrer\"><noscript><img decoding=\"async\" src=\"http:\/\/einheit-bernburg.de\/off\/images\/redsys\/link.gif\" alt border=\"0\"><\/noscript><img decoding=\"async\" src=\"data:image\/gif;base64,R0lGODlhAQABAIAAAAAAAP\/\/\/yH5BAEAAAAALAAAAAABAAEAAAIBRAA7\" alt border=\"0\" data-src=\"http:\/\/einheit-bernburg.de\/off\/images\/redsys\/link.gif\" class=\" lazyload\"><\/a> <a href=\"https:\/\/einheit-bernburg.de\/content\/?page_id=34432\" target=\"_blank\" rel=\"noopener\">Kader u. Zielstellung<\/a><\/p>\n<p><a class=\"submenu\" href=\"http:\/\/www.fussball.de\/spieltagsuebersicht\/landesliga-a-jun-staffel-6-sachsen-anhalt-a-junioren-landesliga-a-junioren-saison1516-sachsen-anhalt\/-\/staffel\/01OPP4VDC8000001VV0AG813VSIPV1RQ-G#!\/section\/stage\" target=\"_blank\" rel=\"noopener noreferrer\"><noscript><img decoding=\"async\" src=\"http:\/\/einheit-bernburg.de\/off\/images\/redsys\/link.gif\" alt border=\"0\"><\/noscript><img decoding=\"async\" src=\"data:image\/gif;base64,R0lGODlhAQABAIAAAAAAAP\/\/\/yH5BAEAAAAALAAAAAABAAEAAAIBRAA7\" alt border=\"0\" data-src=\"http:\/\/einheit-bernburg.de\/off\/images\/redsys\/link.gif\" class=\" lazyload\"><\/a> <strong><a href=\"https:\/\/www.fussball.de\/spieltagsuebersicht\/kreisoberliga-c-junioren-slk-1-kreis-salzland-c-junioren-1kreisklasse-c-junioren-saison2526-sachsen-anhalt\/-\/staffel\/02T4M4V3UC000009VS5489BTVS0H8J6B-G#!\/\">Spielplan &#8211; Tabelle<\/a><\/strong><\/p>\n<p><a class=\"submenu\" href=\"http:\/\/www.fussball.de\/spieltagsuebersicht\/landesliga-a-jun-staffel-6-sachsen-anhalt-a-junioren-landesliga-a-junioren-saison1516-sachsen-anhalt\/-\/staffel\/01OPP4VDC8000001VV0AG813VSIPV1RQ-G#!\/section\/stage\" target=\"_blank\" rel=\"noopener noreferrer\"><noscript><img decoding=\"async\" src=\"http:\/\/einheit-bernburg.de\/off\/images\/redsys\/link.gif\" alt border=\"0\"><\/noscript><img decoding=\"async\" src=\"data:image\/gif;base64,R0lGODlhAQABAIAAAAAAAP\/\/\/yH5BAEAAAAALAAAAAABAAEAAAIBRAA7\" alt border=\"0\" data-src=\"http:\/\/einheit-bernburg.de\/off\/images\/redsys\/link.gif\" class=\" lazyload\"><\/a> <a href=\"https:\/\/einheit-bernburg.de\/content\/wp-content\/uploads\/2025\/07\/RTP-NW-Kreis-2025-2026-1.pdf\">RTP-NW-Kreis-2025-26<\/a> &nbsp; <a class=\"submenu\" href=\"http:\/\/einheit-bernburg.de\/content\/?page_id=557\" target=\"_blank\" rel=\"noopener noreferrer\"><noscript><img decoding=\"async\" src=\"http:\/\/einheit-bernburg.de\/off\/images\/redsys\/link.gif\" alt border=\"0\"><\/noscript><img decoding=\"async\" src=\"data:image\/gif;base64,R0lGODlhAQABAIAAAAAAAP\/\/\/yH5BAEAAAAALAAAAAABAAEAAAIBRAA7\" alt border=\"0\" data-src=\"http:\/\/einheit-bernburg.de\/off\/images\/redsys\/link.gif\" class=\" lazyload\"><\/a> <a href=\"https:\/\/einheit-bernburg.de\/content\/wp-content\/uploads\/2025\/07\/Ausschreibung-Herren-NW-SR-2025-2026.pdf\">Ausschreibung Herren NW SR 2025-26<\/a><\/p>\n<hr>\n<h1 class=\"aufm\">News u. Spielberichte<\/h1>\n<hr>\n<h3>Kreisoberliga<\/h3>\n<p><span style=\"text-decoration: underline;\"><strong>11.04.2026<\/strong>&nbsp;Ansto\u00df: <strong>11:00 Uhr <\/strong>&#8211; 18.ST in Alsleben<\/span><br>\nSG Einheit Bernburg-RW Alsleben &#8211; Union 1861 Sch\u00f6nebeck U15 II.&nbsp;<strong>2:8 (0:3)<\/strong><\/p>\n<hr>\n<p><span style=\"text-decoration: underline;\"><strong>06.04.2026<\/strong>&nbsp;Ansto\u00df: <strong>11:00 Uhr <\/strong>&#8211; 15.ST &#8211; Nachholspiel<\/span><br>\nSV Warthe Hakeborn &#8211; SG Einheit Bernburg-RW Alsleben&nbsp;<strong>6:0 (2:0)<\/strong><\/p>\n<hr>\n<p><span style=\"text-decoration: underline;\"><strong>21.03.2026<\/strong>&nbsp;Ansto\u00df: <strong>11:00 Uhr <\/strong>&#8211; 11.ST &#8211; Nachholspiel<\/span><br>\nSSV Blau-Wei\u00df Barby &#8211; SG Einheit Bernburg-RW Alsleben&nbsp;<strong>6:1<\/strong> (<strong>5:0)<\/strong><\/p>\n<hr>\n<p><span style=\"text-decoration: underline;\"><strong>15.03.2026<\/strong>&nbsp;Ansto\u00df: <strong>11:00 Uhr <\/strong>&#8211; 17.ST in Alsleben<\/span><br>\nSG Einheit Bernburg-RW Alsleben &#8211; SV Pl\u00f6tzkau 1921 II. \/ Ilberstedt&nbsp;<strong>3:2 (1:1)<\/strong><\/p>\n<hr>\n<p><span style=\"text-decoration: underline;\"><strong>11.03.2026<\/strong>&nbsp;Ansto\u00df: <strong>17:30 Uhr <\/strong>&#8211; 14.ST (Nachholspiel in Alsleben)<\/span><br>\nSG Einheit Bernburg-RW Alsleben -SG Baalberge\/Poley <strong>0:3 (0:2)<\/strong><\/p>\n<hr>\n<p><span style=\"text-decoration: underline;\"><strong>07.03.2026<\/strong>&nbsp;Ansto\u00df: <strong>11:00 Uhr <\/strong>&#8211; 16.ST<\/span><br>\nSG Einheit Bernburg-RW Alsleben &#8211; TSV Blau-Wei\u00df 49 Eggersdorf&nbsp; <strong>2:3 (1:0)&nbsp;&nbsp;<\/strong><\/p>\n<hr>\n<p><span style=\"text-decoration: underline;\"><strong>04.03.2026<\/strong>&nbsp;Ansto\u00df: <strong>17:30 Uhr <\/strong>&#8211; 11.ST &#8211; Nachholspiel<\/span><br>\nSG Calbe\/ Barby U14 &#8211; SG Einheit Bernburg-RW Alsleben <strong>abgesetzt<\/strong><\/p>\n<hr>\n<p><span style=\"text-decoration: underline;\"><strong>01.03.2026<\/strong>&nbsp;Ansto\u00df: <strong>11:00 Uhr <\/strong>&#8211; 15.ST<\/span><br>\nSV Warthe Hakeborn &#8211; SG Einheit Bernburg-RW Alsleben <strong>abgesetzt<\/strong><\/p>\n<hr>\n<h3>Hallenkreismeisterschaft 2025\/26 u. evtl. Hallenturniere<\/h3>\n<p><span style=\"text-decoration: underline;\"><strong>Samstag,<\/strong> <strong>24.01.2026:<\/strong> <strong>Zillisch-Cup<\/strong> des <strong>FC Stahl Aken<\/strong><\/span><br>\nBeginn: <strong>14:00 Uhr&nbsp;<\/strong> Spielort: Sporthalle Burgstra\u00dfe, 06385 Aken<br>\n<a href=\"https:\/\/einheit-bernburg.de\/content\/wp-content\/uploads\/2026\/01\/C-Jun.-3.Pl_.-HT-in-Aken-24.1.26.jpg\"><noscript><img decoding=\"async\" class=\"alignnone size-medium wp-image-44275\" src=\"https:\/\/einheit-bernburg.de\/content\/wp-content\/uploads\/2026\/01\/C-Jun.-3.Pl_.-HT-in-Aken-24.1.26-300x169.jpg\" alt width=\"300\" height=\"169\" srcset=\"https:\/\/einheit-bernburg.de\/content\/wp-content\/uploads\/2026\/01\/C-Jun.-3.Pl_.-HT-in-Aken-24.1.26-300x169.jpg 300w, https:\/\/einheit-bernburg.de\/content\/wp-content\/uploads\/2026\/01\/C-Jun.-3.Pl_.-HT-in-Aken-24.1.26-1024x575.jpg 1024w, https:\/\/einheit-bernburg.de\/content\/wp-content\/uploads\/2026\/01\/C-Jun.-3.Pl_.-HT-in-Aken-24.1.26-768x432.jpg 768w, https:\/\/einheit-bernburg.de\/content\/wp-content\/uploads\/2026\/01\/C-Jun.-3.Pl_.-HT-in-Aken-24.1.26-1080x607.jpg 1080w, https:\/\/einheit-bernburg.de\/content\/wp-content\/uploads\/2026\/01\/C-Jun.-3.Pl_.-HT-in-Aken-24.1.26.jpg 1500w\" sizes=\"(max-width: 300px) 100vw, 300px\"><\/noscript><img decoding=\"async\" class=\"alignnone size-medium wp-image-44275 lazyload\" src=\"data:image\/svg+xml,%3Csvg%20xmlns%3D%22http%3A%2F%2Fwww.w3.org%2F2000%2Fsvg%22%20viewBox%3D%220%200%20300%20169%22%3E%3C%2Fsvg%3E\" alt width=\"300\" height=\"169\" srcset=\"data:image\/svg+xml,%3Csvg%20xmlns%3D%22http%3A%2F%2Fwww.w3.org%2F2000%2Fsvg%22%20viewBox%3D%220%200%20300%20169%22%3E%3C%2Fsvg%3E 300w\" sizes=\"(max-width: 300px) 100vw, 300px\" data-srcset=\"https:\/\/einheit-bernburg.de\/content\/wp-content\/uploads\/2026\/01\/C-Jun.-3.Pl_.-HT-in-Aken-24.1.26-300x169.jpg 300w, https:\/\/einheit-bernburg.de\/content\/wp-content\/uploads\/2026\/01\/C-Jun.-3.Pl_.-HT-in-Aken-24.1.26-1024x575.jpg 1024w, https:\/\/einheit-bernburg.de\/content\/wp-content\/uploads\/2026\/01\/C-Jun.-3.Pl_.-HT-in-Aken-24.1.26-768x432.jpg 768w, https:\/\/einheit-bernburg.de\/content\/wp-content\/uploads\/2026\/01\/C-Jun.-3.Pl_.-HT-in-Aken-24.1.26-1080x607.jpg 1080w, https:\/\/einheit-bernburg.de\/content\/wp-content\/uploads\/2026\/01\/C-Jun.-3.Pl_.-HT-in-Aken-24.1.26.jpg 1500w\" data-src=\"https:\/\/einheit-bernburg.de\/content\/wp-content\/uploads\/2026\/01\/C-Jun.-3.Pl_.-HT-in-Aken-24.1.26-300x169.jpg\"><\/a><br>\n<em>Ein guter 3.Platz f\u00fcr unsere SG in Aken. Deizi Tila (Bildmitte) wurde als beste Spielerin ihres Teams geehrt.<\/em><\/p>\n<p><strong>Endstand:<\/strong><br>\n<strong>1.<\/strong>SG Aken\/Wulfen, <strong>2.<\/strong>TSV Einheit Lindenthal, <strong>3.<\/strong>SG Einheit\/Alsleben, <strong>4.<\/strong>Paschlewwer SV,&nbsp;<strong>5.<\/strong>SV G\u00f6lzau<br>\n<em><a href=\"https:\/\/einheit-bernburg.de\/content\/wp-content\/uploads\/2026\/01\/Ergebnisspiegel.pdf\">(Ergebnisspiegel)<\/a><\/em><\/p>\n<hr>\n<p><span style=\"text-decoration: underline;\"><strong>Samstag, 13.12.2025:<\/strong> HKM &#8211; <strong>Vorrunde<\/strong> Staffel <strong>3<\/strong><\/span><br>\nBeginn: <strong>08:45 Uhr<\/strong> Anreise: ab 08:00 Uhr <strong>Spielort:<\/strong> Sporthalle &#8222;Eichenweg&#8220;<\/p>\n<p><strong>Teilnehmer:<\/strong><br>\nSG B\u00f6rde-Hakel, SV W\/U\/T, Union 1861 Sch\u00f6nebeck, SG Einheit\/Alsleben<br>\n<a href=\"https:\/\/www.fussball.de\/spieltagsuebersicht\/hallenturnier-kreis-salzland-c-junioren-hallen-kreisturnier-c-junioren-saison2526-sachsen-anhalt\/-\/staffel\/02UCLR1HIO000000VS5489BSVSU8GBO7-C#!\/\">(Spielplan u. Tabelle)<\/a>&nbsp; &nbsp; &nbsp; &nbsp; <a href=\"https:\/\/einheit-bernburg.de\/content\/wp-content\/uploads\/2025\/11\/Ausschreibung-C-HKM-2025-2026.pdf\">Ausschreibung<\/a><\/p>\n<hr>\n<h3>Kreisoberliga<\/h3>\n<p><span style=\"text-decoration: underline;\"><strong>06.12.2025<\/strong> Ansto\u00df: <strong>10:00 Uhr <\/strong>&#8211; 13.ST<\/span><br>\nSC Bernburg II. &#8211; SG Einheit Bernburg-RW Alsleben&nbsp;<strong>4:1 (2:1)<\/strong><\/p>\n<hr>\n<p><span style=\"text-decoration: underline;\"><strong>09.11.2025<\/strong> Ansto\u00df: <strong>11:00 Uhr<\/strong> &#8211; 10.ST<\/span><br>\nSG Einheit Bernburg-RW Alsleben &#8211; SV W.U.T.&nbsp;<strong> 1:5 (1:2)<\/strong><\/p>\n<hr>\n<p><span style=\"text-decoration: underline;\"><strong>02.11.2025<\/strong> Ansto\u00df: <strong>11:00 Uhr<\/strong> &#8211; 9.ST<\/span><br>\nMTV 1887 Welsleben &#8211; SG Einheit Bernburg-RW Alsleben&nbsp;<strong>4:0 (3:0)<\/strong><\/p>\n<hr>\n<p><span style=\"text-decoration: underline;\"><strong>25.10.2025<\/strong> Ansto\u00df: <strong>11:00 Uhr<\/strong> &#8211; 8.ST&nbsp;<\/span><br>\nSG Einheit Bernburg-RW Alsleben &#8211; SV 90 St. Georg Hecklingen\/TSV Neundorf&nbsp;<strong>3:5 (0:1)<\/strong><\/p>\n<hr>\n<p><span style=\"text-decoration: underline;\"><strong>27.08.2025<\/strong> Ansto\u00df: <strong>11:00 Uhr<\/strong> &#8211; 6.ST<\/span><br>\nSG Einheit Bernburg-RW Alsleben&nbsp; \u2013&nbsp; SV Lok Aschersleben&nbsp;<strong>1:3 (1:2)<\/strong><\/p>\n<hr>\n<p><span style=\"text-decoration: underline;\"><strong>24.09.2025<\/strong> Ansto\u00df: <strong>17:30 Uhr<\/strong> &#8211; 3.ST &#8211; Nachholspiel<\/span><br>\nTSV Blau-Wei\u00df 49 Eggersdorf &#8211; SG Einheit Bernburg-RW Alsleben&nbsp;<strong>5:2 (2:2)<\/strong><\/p>\n<hr>\n<p><span style=\"text-decoration: underline;\"><strong>21.09.2025<\/strong> Ansto\u00df: <strong>11:00 Uhr<\/strong> &#8211; 5.ST<\/span><br>\nUnion 1861 Sch\u00f6nebeck U15 II. \u2013 SG Einheit Bernburg-RW Alsleben&nbsp;<strong>6:6 (3:2)<\/strong><\/p>\n<hr>\n<p><span style=\"text-decoration: underline;\"><strong>14.09.2025<\/strong> Ansto\u00df: <strong>11:00 Uhr<\/strong> &#8211; 4.ST<\/span><br>\nSV Pl\u00f6tzkau 1921 II.\/Ilberstedt &#8211; SG Einheit Bernburg-RW Alsleben&nbsp;<strong>2:2 (0:2)<\/strong><\/p>\n<hr>\n<p><span style=\"text-decoration: underline;\"><strong>30.08.2025<\/strong> Ansto\u00df: <strong>11:00 Uhr<\/strong> &#8211; Kreispokal in Alslebe<\/span>n<br>\nSG Einheit Bernburg-RW Alsleben&nbsp; \u2013&nbsp; Union 1861 Sch\u00f6nebeck U15&nbsp;<strong>1:9 (0:5)<\/strong><\/p>\n<hr>\n<p><span style=\"text-decoration: underline;\"><strong>23.08.2025<\/strong> Ansto\u00df: <strong>11:00 Uhr<\/strong> &#8211; 2.ST<\/span><br>\nSG Einheit Bernburg-RW Alsleben &#8211; SV Warthe Hakeborn&nbsp;<strong>1:12 (0:7)<\/strong><\/p>\n<hr>\n<p><span style=\"text-decoration: underline;\"><strong>16.08.2025<\/strong> Ansto\u00df: <strong>11:00 Uhr<\/strong> &#8211; 1.ST<\/span><br>\nSG Baalberge\/Poley &#8211; SG Einheit Bernburg-RW Alsleben&nbsp;<strong>8:4 (1:4) <\/strong>(A &#8211; M \/ KOL)<\/p>\n<p><em>Impressionen eines Spiels mit zwei Gesichtern<\/em><br>\n<a href=\"https:\/\/einheit-bernburg.de\/content\/wp-content\/uploads\/2025\/08\/6-1.jpg\"><noscript><img decoding=\"async\" class=\"alignnone size-medium wp-image-42542\" src=\"https:\/\/einheit-bernburg.de\/content\/wp-content\/uploads\/2025\/08\/6-1-300x137.jpg\" alt width=\"300\" height=\"137\" srcset=\"https:\/\/einheit-bernburg.de\/content\/wp-content\/uploads\/2025\/08\/6-1-300x137.jpg 300w, https:\/\/einheit-bernburg.de\/content\/wp-content\/uploads\/2025\/08\/6-1-1024x469.jpg 1024w, https:\/\/einheit-bernburg.de\/content\/wp-content\/uploads\/2025\/08\/6-1-768x352.jpg 768w, https:\/\/einheit-bernburg.de\/content\/wp-content\/uploads\/2025\/08\/6-1-1080x495.jpg 1080w, https:\/\/einheit-bernburg.de\/content\/wp-content\/uploads\/2025\/08\/6-1.jpg 1382w\" sizes=\"(max-width: 300px) 100vw, 300px\"><\/noscript><img decoding=\"async\" class=\"alignnone size-medium wp-image-42542 lazyload\" src=\"data:image\/svg+xml,%3Csvg%20xmlns%3D%22http%3A%2F%2Fwww.w3.org%2F2000%2Fsvg%22%20viewBox%3D%220%200%20300%20137%22%3E%3C%2Fsvg%3E\" alt width=\"300\" height=\"137\" srcset=\"data:image\/svg+xml,%3Csvg%20xmlns%3D%22http%3A%2F%2Fwww.w3.org%2F2000%2Fsvg%22%20viewBox%3D%220%200%20300%20137%22%3E%3C%2Fsvg%3E 300w\" sizes=\"(max-width: 300px) 100vw, 300px\" data-srcset=\"https:\/\/einheit-bernburg.de\/content\/wp-content\/uploads\/2025\/08\/6-1-300x137.jpg 300w, https:\/\/einheit-bernburg.de\/content\/wp-content\/uploads\/2025\/08\/6-1-1024x469.jpg 1024w, https:\/\/einheit-bernburg.de\/content\/wp-content\/uploads\/2025\/08\/6-1-768x352.jpg 768w, https:\/\/einheit-bernburg.de\/content\/wp-content\/uploads\/2025\/08\/6-1-1080x495.jpg 1080w, https:\/\/einheit-bernburg.de\/content\/wp-content\/uploads\/2025\/08\/6-1.jpg 1382w\" data-src=\"https:\/\/einheit-bernburg.de\/content\/wp-content\/uploads\/2025\/08\/6-1-300x137.jpg\"><\/a> <a href=\"https:\/\/einheit-bernburg.de\/content\/wp-content\/uploads\/2025\/08\/5.jpg\"><noscript><img decoding=\"async\" class=\"alignnone wp-image-42543 \" src=\"https:\/\/einheit-bernburg.de\/content\/wp-content\/uploads\/2025\/08\/5-150x150.jpg\" alt width=\"137\" height=\"137\"><\/noscript><img decoding=\"async\" class=\"alignnone wp-image-42543  lazyload\" src=\"data:image\/svg+xml,%3Csvg%20xmlns%3D%22http%3A%2F%2Fwww.w3.org%2F2000%2Fsvg%22%20viewBox%3D%220%200%20137%20137%22%3E%3C%2Fsvg%3E\" alt width=\"137\" height=\"137\" data-src=\"https:\/\/einheit-bernburg.de\/content\/wp-content\/uploads\/2025\/08\/5-150x150.jpg\"> <\/a><a href=\"https:\/\/einheit-bernburg.de\/content\/wp-content\/uploads\/2025\/08\/2-3.jpg\"><noscript><img decoding=\"async\" class=\"alignnone wp-image-42544 \" src=\"https:\/\/einheit-bernburg.de\/content\/wp-content\/uploads\/2025\/08\/2-3-150x150.jpg\" alt width=\"137\" height=\"137\"><\/noscript><img decoding=\"async\" class=\"alignnone wp-image-42544  lazyload\" src=\"data:image\/svg+xml,%3Csvg%20xmlns%3D%22http%3A%2F%2Fwww.w3.org%2F2000%2Fsvg%22%20viewBox%3D%220%200%20137%20137%22%3E%3C%2Fsvg%3E\" alt width=\"137\" height=\"137\" data-src=\"https:\/\/einheit-bernburg.de\/content\/wp-content\/uploads\/2025\/08\/2-3-150x150.jpg\"><\/a><\/p>\n<p><a href=\"https:\/\/einheit-bernburg.de\/content\/wp-content\/uploads\/2025\/08\/3-3.jpg\"><noscript><img decoding=\"async\" class=\"alignnone wp-image-42545 \" src=\"https:\/\/einheit-bernburg.de\/content\/wp-content\/uploads\/2025\/08\/3-3-150x150.jpg\" alt width=\"141\" height=\"141\"><\/noscript><img decoding=\"async\" class=\"alignnone wp-image-42545  lazyload\" src=\"data:image\/svg+xml,%3Csvg%20xmlns%3D%22http%3A%2F%2Fwww.w3.org%2F2000%2Fsvg%22%20viewBox%3D%220%200%20141%20141%22%3E%3C%2Fsvg%3E\" alt width=\"141\" height=\"141\" data-src=\"https:\/\/einheit-bernburg.de\/content\/wp-content\/uploads\/2025\/08\/3-3-150x150.jpg\"> <\/a><a href=\"https:\/\/einheit-bernburg.de\/content\/wp-content\/uploads\/2025\/08\/1-4.jpg\"><noscript><img decoding=\"async\" class=\"alignnone size-medium wp-image-42546\" src=\"https:\/\/einheit-bernburg.de\/content\/wp-content\/uploads\/2025\/08\/1-4-300x66.jpg\" alt width=\"300\" height=\"66\" srcset=\"https:\/\/einheit-bernburg.de\/content\/wp-content\/uploads\/2025\/08\/1-4-300x66.jpg 300w, https:\/\/einheit-bernburg.de\/content\/wp-content\/uploads\/2025\/08\/1-4-1024x225.jpg 1024w, https:\/\/einheit-bernburg.de\/content\/wp-content\/uploads\/2025\/08\/1-4-768x169.jpg 768w, https:\/\/einheit-bernburg.de\/content\/wp-content\/uploads\/2025\/08\/1-4-1080x237.jpg 1080w, https:\/\/einheit-bernburg.de\/content\/wp-content\/uploads\/2025\/08\/1-4.jpg 1492w\" sizes=\"(max-width: 300px) 100vw, 300px\"><\/noscript><img decoding=\"async\" class=\"alignnone size-medium wp-image-42546 lazyload\" src=\"data:image\/svg+xml,%3Csvg%20xmlns%3D%22http%3A%2F%2Fwww.w3.org%2F2000%2Fsvg%22%20viewBox%3D%220%200%20300%2066%22%3E%3C%2Fsvg%3E\" alt width=\"300\" height=\"66\" srcset=\"data:image\/svg+xml,%3Csvg%20xmlns%3D%22http%3A%2F%2Fwww.w3.org%2F2000%2Fsvg%22%20viewBox%3D%220%200%20300%2066%22%3E%3C%2Fsvg%3E 300w\" sizes=\"(max-width: 300px) 100vw, 300px\" data-srcset=\"https:\/\/einheit-bernburg.de\/content\/wp-content\/uploads\/2025\/08\/1-4-300x66.jpg 300w, https:\/\/einheit-bernburg.de\/content\/wp-content\/uploads\/2025\/08\/1-4-1024x225.jpg 1024w, https:\/\/einheit-bernburg.de\/content\/wp-content\/uploads\/2025\/08\/1-4-768x169.jpg 768w, https:\/\/einheit-bernburg.de\/content\/wp-content\/uploads\/2025\/08\/1-4-1080x237.jpg 1080w, https:\/\/einheit-bernburg.de\/content\/wp-content\/uploads\/2025\/08\/1-4.jpg 1492w\" data-src=\"https:\/\/einheit-bernburg.de\/content\/wp-content\/uploads\/2025\/08\/1-4-300x66.jpg\"><\/a><a href=\"https:\/\/einheit-bernburg.de\/content\/wp-content\/uploads\/2025\/08\/7.jpg\"> <noscript><img decoding=\"async\" class=\"alignnone wp-image-42547 \" src=\"https:\/\/einheit-bernburg.de\/content\/wp-content\/uploads\/2025\/08\/7-150x150.jpg\" alt width=\"135\" height=\"135\"><\/noscript><img decoding=\"async\" class=\"alignnone wp-image-42547  lazyload\" src=\"data:image\/svg+xml,%3Csvg%20xmlns%3D%22http%3A%2F%2Fwww.w3.org%2F2000%2Fsvg%22%20viewBox%3D%220%200%20135%20135%22%3E%3C%2Fsvg%3E\" alt width=\"135\" height=\"135\" data-src=\"https:\/\/einheit-bernburg.de\/content\/wp-content\/uploads\/2025\/08\/7-150x150.jpg\"><\/a><\/p>\n<hr>\n<p><span style=\"text-decoration: underline;\"><strong>23.08.2025<\/strong> Ansto\u00df: <strong>11:00 Uhr<\/strong>&nbsp;<\/span><br>\nSG Einheit Bernburg-RW Alsleben&nbsp; \u2013&nbsp; <span class=\"text-break\">SV Warthe Hakeborn<\/span> (H &#8211; M \/ KOL)<\/p>\n<hr>\n<p><strong>Kreispokal ausgelost:<\/strong><\/p>\n<p><span style=\"text-decoration: underline;\"><strong>30.08.2025<\/strong> Ansto\u00df: <strong>12:00 Uhr<\/strong>&nbsp;<\/span><br>\nSG Einheit Bernburg-RW Alsleben&nbsp; \u2013&nbsp; Union Sch\u00f6nebeck U15<br>\n<em><a href=\"https:\/\/www.fussball.de\/spieltagsuebersicht\/kreispokal-c-jugend-slk-kreis-salzland-c-junioren-kreispokal-c-junioren-saison2526-sachsen-anhalt\/-\/staffel\/02TVD0N8I0000000VS5489BUVT4DR8KJ-C#!\/\">(Alle Spiele)<\/a><\/em><\/p>\n","protected":false},"excerpt":{"rendered":"<p>SV Einheit Bernburg Kreisoberliga 2025\/26 Hinten v. l. Mohamad Osman, Bamadou Traore, Louis Knorscheidt, Paul Werg, Laurin Korn, Samim Danish Mitte v. l. Christian M\u00fcller (TR), Pepe Merker, Julius Noth, Toni M\u00fcller, Pepe Weinert, Max Angermann, Hannes Duft, Cedric Halle, Thomas G\u00fcldenpfennig (Co-TR) Vorn v. l. Lara Knorscheidt, Raphael Noth, Felix Dahnisch, Ben Mierswa, Linus [&hellip;]<\/p>\n","protected":false},"author":3,"featured_media":0,"parent":15,"menu_order":7,"comment_status":"closed","ping_status":"closed","template":"","meta":{"footnotes":""},"_links":{"self":[{"href":"https:\/\/einheit-bernburg.de\/content\/index.php?rest_route=\/wp\/v2\/pages\/34430"}],"collection":[{"href":"https:\/\/einheit-bernburg.de\/content\/index.php?rest_route=\/wp\/v2\/pages"}],"about":[{"href":"https:\/\/einheit-bernburg.de\/content\/index.php?rest_route=\/wp\/v2\/types\/page"}],"author":[{"embeddable":true,"href":"https:\/\/einheit-bernburg.de\/content\/index.php?rest_route=\/wp\/v2\/users\/3"}],"replies":[{"embeddable":true,"href":"https:\/\/einheit-bernburg.de\/content\/index.php?rest_route=%2Fwp%2Fv2%2Fcomments&post=34430"}],"version-history":[{"count":210,"href":"https:\/\/einheit-bernburg.de\/content\/index.php?rest_route=\/wp\/v2\/pages\/34430\/revisions"}],"predecessor-version":[{"id":45074,"href":"https:\/\/einheit-bernburg.de\/content\/index.php?rest_route=\/wp\/v2\/pages\/34430\/revisions\/45074"}],"up":[{"embeddable":true,"href":"https:\/\/einheit-bernburg.de\/content\/index.php?rest_route=\/wp\/v2\/pages\/15"}],"wp:attachment":[{"href":"https:\/\/einheit-bernburg.de\/content\/index.php?rest_route=%2Fwp%2Fv2%2Fmedia&parent=34430"}],"curies":[{"name":"wp","href":"https:\/\/api.w.org\/{rel}","templated":true}]}}