{"id":34432,"date":"2023-08-23T10:46:43","date_gmt":"2023-08-23T08:46:43","guid":{"rendered":"https:\/\/einheit-bernburg.de\/content\/?page_id=34432"},"modified":"2026-01-20T11:47:04","modified_gmt":"2026-01-20T10:47:04","slug":"kader-u-zielstellung-d3-junioren","status":"publish","type":"page","link":"https:\/\/einheit-bernburg.de\/content\/?page_id=34432","title":{"rendered":"Kader u. Zielstellung C-Junioren"},"content":{"rendered":"<h1 class=\"aufm\">SG Einheit Bernburg \/ RW Alsleben<\/h1>\n<h3>Kreisoberliga \u2013 2025\/26<\/h3>\n<p>Diese Mannschaft kam in der zur\u00fcckliegenden Saison als fast komplett j\u00fcngerer C-Junioren Jahrgang auf einem guten 6.Platz ein. Nach dieser Saison ist ein leichter Aderlass zu verzeichnen. Zwei Spieler wechselten zum SV Pl\u00f6tzkau unsere Finja M. Janek zum 1.FC Magdeburg und Nils Fischmann hat sich abgemeldet. Gleichzeitig heuerte der bisherige Trainer Marc Wiltner beim SC Bernburg als Trainer der 2.Herren an.<br \/>\nDieser Umstand sorgte f\u00fcr einige Unruhe, die inzwischen beigelegt ist. Es haben sich mit Christian M\u00fcller, Gernot P\u00fclicher und Simon Kirchhof gen\u00fcgend Sportfreunde gefunden, die mit den Jungs und M\u00e4dels weiter arbeiten wollen. Dazu kommt, dass wir mit dem FSV Rot-Wei\u00df Alsleben in dieser AK eine Spielgemeinschaft eingegangen sind. Daraus ergibt sich eine Win, win Situation, die beiden Partnervereinen hilft. Mit Thomas G\u00fcldenpfennig st\u00f6\u00dft ein Alsleber Trainer zum Staff und der Kader der SG besteht aus komfortablen 20 Spielern und Spielerinnen.<br \/>\nSeit Dezember&#8216; 25 wird das Trainerteam auch noch durch Thomas B\u00f6ttcher (Einheit) verst\u00e4rkt.<br \/>\nWir hoffen auf eine gute, fruchtbringende Zusammenarbeit und w\u00fcnschen dem Kollektiv viel Erfolg.<\/p>\n<hr \/>\n<div class=\"su-table su-table-alternate\">\n<table style=\"height: 292px;width: 632px\" width=\"648\">\n<tbody>\n<tr>\n<td style=\"width: 160px\"><strong>Ansprechpartner<\/strong><\/td>\n<td style=\"width: 472px\">Lothar Kral (Jugendleiter &#8211; Einheit)\u00a0 Mobil: 0162 435 66 23<br \/>\nBj\u00f6rn Schumacher (JL &#8211; Alsleben)\u00a0 \u00a0 \u00a0Mobil: 01512 &#8211; 172 01 90<\/td>\n<\/tr>\n<tr>\n<td style=\"width: 160px\"><strong>Trainingszeiten<\/strong><\/td>\n<td style=\"width: 472px\">Mo, 17:00 Uhr &#8211; 18:30 Uhr Sportplatz Alsleben<br \/>\nMi, 17:00 Uhr &#8211;\u00a0 18:30 Uhr\u00a0 Einheit-Sportplatz<\/td>\n<\/tr>\n<tr>\n<td style=\"width: 160px\"><strong>\u00a0<\/strong><\/td>\n<td style=\"width: 472px\"><strong>Winter<\/strong><\/td>\n<\/tr>\n<tr>\n<td style=\"width: 160px\"><strong>Hallentraining<br \/>\n<\/strong><\/td>\n<td style=\"width: 472px\">Mittwoch: 17:30 Uhr &#8211; 19:00 Uhr Sporthalle T\u00f6pferwiese<br \/>\n19.11.2025 &#8211; 25.02.2026<\/td>\n<\/tr>\n<tr>\n<td style=\"width: 160px\"><strong>Kunstrasen<br \/>\n<\/strong><\/td>\n<td style=\"width: 472px\">Mittwoch: 17:30 Uhr &#8211; 19:00 Uhr<\/td>\n<\/tr>\n<tr>\n<td style=\"width: 160px\"><strong>Trainer<br \/>\n<\/strong><\/td>\n<td style=\"width: 472px\">Gernot P\u00fclicher\u00a0 \u00a0 \u00a0 \u00a0 \u00a0 \u00a0 \u00a0 \u00a0 \u00a0 Mobil: 0173 &#8211; 374 47 02<\/td>\n<\/tr>\n<tr>\n<td style=\"width: 160px\"><strong>Trainer<\/strong><\/td>\n<td style=\"width: 472px\">Thomas B\u00f6ttcher\u00a0 \u00a0 \u00a0 \u00a0 \u00a0 \u00a0 \u00a0 \u00a0 Mobil: 0174 &#8211; 259 65 02<\/td>\n<\/tr>\n<tr>\n<td style=\"width: 160px\"><strong>Trainer<\/strong><\/td>\n<td style=\"width: 472px\">Thomas G\u00fcldenpfennig\u00a0 \u00a0 Mobil: 0160 &#8211; 966 623 84<\/td>\n<\/tr>\n<tr>\n<td style=\"width: 160px\"><strong>Co-Trainer<\/strong><\/td>\n<td style=\"width: 472px\">Christian M\u00fcller\u00a0 \u00a0 \u00a0 \u00a0 \u00a0 \u00a0 \u00a0 \u00a0 \u00a0Mobil: <a class=\"commLink\" title=\"0151-701 927 30\" data-atip=\"commlink::mobile||C|A\" data-commdata=\"{&quot;type&quot;:&quot;mobile&quot;,&quot;number&quot;:&quot;004915170192730&quot;}\" data-l_mouse_cl=\"ServiceCommunication::handleCommLinkClick\">0151 &#8211; 701 927 30<\/a><\/td>\n<\/tr>\n<tr>\n<td style=\"width: 160px\"><strong>Co-Trainer<\/strong><\/td>\n<td style=\"width: 472px\">Simon Kirchhof\u00a0 \u00a0 \u00a0 \u00a0 \u00a0 \u00a0 \u00a0 \u00a0 \u00a0 Mobil: 0177 &#8211; 412 69 85<\/td>\n<\/tr>\n<tr>\n<td style=\"width: 160px\"><strong>Betreuer<\/strong><\/td>\n<td style=\"width: 472px\"><\/td>\n<\/tr>\n<tr>\n<td style=\"width: 160px\"><strong>Zielstellung<\/strong><\/td>\n<td style=\"width: 472px\">Platz im Mittelfeld<\/td>\n<\/tr>\n<\/tbody>\n<\/table>\n<\/div>\n<hr \/>\n<h3>Kader<\/h3>\n\n<table id=\"tablepress-142\" class=\"tablepress tablepress-id-142\">\n<thead>\n<tr class=\"row-1 odd\">\n\t<th class=\"column-1\">Name<\/th><th class=\"column-2\">Vorname<\/th><th class=\"column-3\">Jahrgang<\/th><th class=\"column-4\">Herkunft<\/th><th class=\"column-5\"><\/th><th class=\"column-6\"><\/th><th class=\"column-7\"><\/th><th class=\"column-8\"><\/th><th class=\"column-9\"><\/th>\n<\/tr>\n<\/thead>\n<tbody>\n<tr class=\"row-2 even\">\n\t<td class=\"column-1\">Einheit<\/td><td class=\"column-2\"><\/td><td class=\"column-3\"><\/td><td class=\"column-4\"><\/td><td class=\"column-5\"><\/td><td class=\"column-6\"><\/td><td class=\"column-7\"><\/td><td class=\"column-8\"><\/td><td class=\"column-9\"><\/td>\n<\/tr>\n<tr class=\"row-3 odd\">\n\t<td class=\"column-1\">Angermann<\/td><td class=\"column-2\">Max<\/td><td class=\"column-3\">2011<\/td><td class=\"column-4\">SV Einheit<\/td><td class=\"column-5\"><\/td><td class=\"column-6\"><\/td><td class=\"column-7\"><\/td><td class=\"column-8\"><\/td><td class=\"column-9\"><\/td>\n<\/tr>\n<tr class=\"row-4 even\">\n\t<td class=\"column-1\">Danish<\/td><td class=\"column-2\">Samim<\/td><td class=\"column-3\">2011<\/td><td class=\"column-4\">SV Einheit \/ AFG<\/td><td class=\"column-5\"><\/td><td class=\"column-6\"><\/td><td class=\"column-7\"><\/td><td class=\"column-8\"><\/td><td class=\"column-9\"><\/td>\n<\/tr>\n<tr class=\"row-5 odd\">\n\t<td class=\"column-1\">Janek<\/td><td class=\"column-2\">Finja Minette<\/td><td class=\"column-3\">2011<\/td><td class=\"column-4\">GS 1.FCM<\/td><td class=\"column-5\"><\/td><td class=\"column-6\"><\/td><td class=\"column-7\"><\/td><td class=\"column-8\"><\/td><td class=\"column-9\"><\/td>\n<\/tr>\n<tr class=\"row-6 even\">\n\t<td class=\"column-1\">M\u00fcller<\/td><td class=\"column-2\">Toni<\/td><td class=\"column-3\">2011<\/td><td class=\"column-4\">SV Einheit<\/td><td class=\"column-5\"><\/td><td class=\"column-6\"><\/td><td class=\"column-7\"><\/td><td class=\"column-8\"><\/td><td class=\"column-9\"><\/td>\n<\/tr>\n<tr class=\"row-7 odd\">\n\t<td class=\"column-1\">Tila<\/td><td class=\"column-2\">Deizi<\/td><td class=\"column-3\">2011<\/td><td class=\"column-4\">GS 1.FCM \/ Albanien<\/td><td class=\"column-5\"><\/td><td class=\"column-6\"><\/td><td class=\"column-7\"><\/td><td class=\"column-8\"><\/td><td class=\"column-9\"><\/td>\n<\/tr>\n<tr class=\"row-8 even\">\n\t<td class=\"column-1\">Fischer<\/td><td class=\"column-2\">Elias<\/td><td class=\"column-3\">2012<\/td><td class=\"column-4\">SV Einheit<\/td><td class=\"column-5\"><\/td><td class=\"column-6\"><\/td><td class=\"column-7\"><\/td><td class=\"column-8\"><\/td><td class=\"column-9\"><\/td>\n<\/tr>\n<tr class=\"row-9 odd\">\n\t<td class=\"column-1\">Hartenstein<\/td><td class=\"column-2\">Lukas<\/td><td class=\"column-3\">2012<\/td><td class=\"column-4\">SV Einheit<\/td><td class=\"column-5\"><\/td><td class=\"column-6\"><\/td><td class=\"column-7\"><\/td><td class=\"column-8\"><\/td><td class=\"column-9\"><\/td>\n<\/tr>\n<tr class=\"row-10 even\">\n\t<td class=\"column-1\">Karsta<\/td><td class=\"column-2\">Noah Teuvo<\/td><td class=\"column-3\">2012<\/td><td class=\"column-4\">SV Eintracht Segeberg<\/td><td class=\"column-5\"><\/td><td class=\"column-6\"><\/td><td class=\"column-7\"><\/td><td class=\"column-8\"><\/td><td class=\"column-9\"><\/td>\n<\/tr>\n<tr class=\"row-11 odd\">\n\t<td class=\"column-1\">Osman<\/td><td class=\"column-2\">Mohamad<\/td><td class=\"column-3\">2012<\/td><td class=\"column-4\">SV Einheit<\/td><td class=\"column-5\"><\/td><td class=\"column-6\"><\/td><td class=\"column-7\"><\/td><td class=\"column-8\"><\/td><td class=\"column-9\"><\/td>\n<\/tr>\n<tr class=\"row-12 even\">\n\t<td class=\"column-1\">Plikhtiak<\/td><td class=\"column-2\">Ostap<\/td><td class=\"column-3\">2012<\/td><td class=\"column-4\">SV Einheit \/ UKR<\/td><td class=\"column-5\"><\/td><td class=\"column-6\"><\/td><td class=\"column-7\"><\/td><td class=\"column-8\"><\/td><td class=\"column-9\"><\/td>\n<\/tr>\n<tr class=\"row-13 odd\">\n\t<td class=\"column-1\">Timplan <\/td><td class=\"column-2\">Felix<\/td><td class=\"column-3\">2012<\/td><td class=\"column-4\">SV Einheit<\/td><td class=\"column-5\"><\/td><td class=\"column-6\"><\/td><td class=\"column-7\"><\/td><td class=\"column-8\"><\/td><td class=\"column-9\"><\/td>\n<\/tr>\n<tr class=\"row-14 even\">\n\t<td class=\"column-1\">Werg<\/td><td class=\"column-2\">Paul<\/td><td class=\"column-3\">2012<\/td><td class=\"column-4\">SV Einheit<\/td><td class=\"column-5\"><\/td><td class=\"column-6\"><\/td><td class=\"column-7\"><\/td><td class=\"column-8\"><\/td><td class=\"column-9\"><\/td>\n<\/tr>\n<tr class=\"row-15 odd\">\n\t<td class=\"column-1\">RW Alsleben<\/td><td class=\"column-2\"><\/td><td class=\"column-3\"><\/td><td class=\"column-4\"><\/td><td class=\"column-5\"><\/td><td class=\"column-6\"><\/td><td class=\"column-7\"><\/td><td class=\"column-8\"><\/td><td class=\"column-9\"><\/td>\n<\/tr>\n<tr class=\"row-16 even\">\n\t<td class=\"column-1\">Conrad<\/td><td class=\"column-2\">Linus<\/td><td class=\"column-3\">2012<\/td><td class=\"column-4\">RW Alsleben<\/td><td class=\"column-5\"><\/td><td class=\"column-6\"><\/td><td class=\"column-7\"><\/td><td class=\"column-8\"><\/td><td class=\"column-9\"><\/td>\n<\/tr>\n<tr class=\"row-17 odd\">\n\t<td class=\"column-1\">Duft<\/td><td class=\"column-2\">Hannes<\/td><td class=\"column-3\">2012<\/td><td class=\"column-4\">RW Alsleben<\/td><td class=\"column-5\"><\/td><td class=\"column-6\"><\/td><td class=\"column-7\"><\/td><td class=\"column-8\"><\/td><td class=\"column-9\"><\/td>\n<\/tr>\n<tr class=\"row-18 even\">\n\t<td class=\"column-1\">Gustin<\/td><td class=\"column-2\">Pepe<\/td><td class=\"column-3\">2012<\/td><td class=\"column-4\">RW Alsleben<\/td><td class=\"column-5\"><\/td><td class=\"column-6\"><\/td><td class=\"column-7\"><\/td><td class=\"column-8\"><\/td><td class=\"column-9\"><\/td>\n<\/tr>\n<tr class=\"row-19 odd\">\n\t<td class=\"column-1\">Knorscheidt<\/td><td class=\"column-2\">Louis<\/td><td class=\"column-3\">2012<\/td><td class=\"column-4\">RW Alsleben<\/td><td class=\"column-5\"><\/td><td class=\"column-6\"><\/td><td class=\"column-7\"><\/td><td class=\"column-8\"><\/td><td class=\"column-9\"><\/td>\n<\/tr>\n<tr class=\"row-20 even\">\n\t<td class=\"column-1\">Mierswa<\/td><td class=\"column-2\">Ben<\/td><td class=\"column-3\">2012<\/td><td class=\"column-4\">RW Alsleben<\/td><td class=\"column-5\"><\/td><td class=\"column-6\"><\/td><td class=\"column-7\"><\/td><td class=\"column-8\"><\/td><td class=\"column-9\"><\/td>\n<\/tr>\n<tr class=\"row-21 odd\">\n\t<td class=\"column-1\">Noth<\/td><td class=\"column-2\">Julius<\/td><td class=\"column-3\">2012<\/td><td class=\"column-4\">RW Alsleben<\/td><td class=\"column-5\"><\/td><td class=\"column-6\"><\/td><td class=\"column-7\"><\/td><td class=\"column-8\"><\/td><td class=\"column-9\"><\/td>\n<\/tr>\n<tr class=\"row-22 even\">\n\t<td class=\"column-1\">Noth<\/td><td class=\"column-2\">Rafael<\/td><td class=\"column-3\">2012<\/td><td class=\"column-4\">RW Alsleben<\/td><td class=\"column-5\"><\/td><td class=\"column-6\"><\/td><td class=\"column-7\"><\/td><td class=\"column-8\"><\/td><td class=\"column-9\"><\/td>\n<\/tr>\n<tr class=\"row-23 odd\">\n\t<td class=\"column-1\">Traroe<\/td><td class=\"column-2\">Bamadou<\/td><td class=\"column-3\">2012<\/td><td class=\"column-4\">RW Alsleben<\/td><td class=\"column-5\"><\/td><td class=\"column-6\"><\/td><td class=\"column-7\"><\/td><td class=\"column-8\"><\/td><td class=\"column-9\"><\/td>\n<\/tr>\n<tr class=\"row-24 even\">\n\t<td class=\"column-1\">Halle<\/td><td class=\"column-2\">Cedric<\/td><td class=\"column-3\">2011<\/td><td class=\"column-4\">RW Alsleben<\/td><td class=\"column-5\"><\/td><td class=\"column-6\"><\/td><td class=\"column-7\"><\/td><td class=\"column-8\"><\/td><td class=\"column-9\"><\/td>\n<\/tr>\n<tr class=\"row-25 odd\">\n\t<td class=\"column-1\">Merker<\/td><td class=\"column-2\">Pepe<\/td><td class=\"column-3\">2011<\/td><td class=\"column-4\">RW Alsleben<\/td><td class=\"column-5\"><\/td><td class=\"column-6\"><\/td><td class=\"column-7\"><\/td><td class=\"column-8\"><\/td><td class=\"column-9\"><\/td>\n<\/tr>\n<tr class=\"row-26 even\">\n\t<td class=\"column-1\"><\/td><td class=\"column-2\"><\/td><td class=\"column-3\"><\/td><td class=\"column-4\"><\/td><td class=\"column-5\"><\/td><td class=\"column-6\"><\/td><td class=\"column-7\"><\/td><td class=\"column-8\"><\/td><td class=\"column-9\"><\/td>\n<\/tr>\n<tr class=\"row-27 odd\">\n\t<td class=\"column-1\"><\/td><td class=\"column-2\"><\/td><td class=\"column-3\"><\/td><td class=\"column-4\"><\/td><td class=\"column-5\"><\/td><td class=\"column-6\"><\/td><td class=\"column-7\"><\/td><td class=\"column-8\"><\/td><td class=\"column-9\"><\/td>\n<\/tr>\n<tr class=\"row-28 even\">\n\t<td class=\"column-1\"><\/td><td class=\"column-2\"><\/td><td class=\"column-3\"><\/td><td class=\"column-4\"><\/td><td class=\"column-5\"><\/td><td class=\"column-6\"><\/td><td class=\"column-7\"><\/td><td class=\"column-8\"><\/td><td class=\"column-9\"><\/td>\n<\/tr>\n<\/tbody>\n<\/table>\n\n","protected":false},"excerpt":{"rendered":"<p>SG Einheit Bernburg \/ RW Alsleben Kreisoberliga \u2013 2025\/26 Diese Mannschaft kam in der zur\u00fcckliegenden Saison als fast komplett j\u00fcngerer C-Junioren Jahrgang auf einem guten 6.Platz ein. Nach dieser Saison ist ein leichter Aderlass zu verzeichnen. Zwei Spieler wechselten zum SV Pl\u00f6tzkau unsere Finja M. Janek zum 1.FC Magdeburg und Nils Fischmann hat sich abgemeldet. [&hellip;]<\/p>\n","protected":false},"author":3,"featured_media":0,"parent":34430,"menu_order":0,"comment_status":"closed","ping_status":"closed","template":"","meta":{"footnotes":""},"_links":{"self":[{"href":"https:\/\/einheit-bernburg.de\/content\/index.php?rest_route=\/wp\/v2\/pages\/34432"}],"collection":[{"href":"https:\/\/einheit-bernburg.de\/content\/index.php?rest_route=\/wp\/v2\/pages"}],"about":[{"href":"https:\/\/einheit-bernburg.de\/content\/index.php?rest_route=\/wp\/v2\/types\/page"}],"author":[{"embeddable":true,"href":"https:\/\/einheit-bernburg.de\/content\/index.php?rest_route=\/wp\/v2\/users\/3"}],"replies":[{"embeddable":true,"href":"https:\/\/einheit-bernburg.de\/content\/index.php?rest_route=%2Fwp%2Fv2%2Fcomments&post=34432"}],"version-history":[{"count":22,"href":"https:\/\/einheit-bernburg.de\/content\/index.php?rest_route=\/wp\/v2\/pages\/34432\/revisions"}],"predecessor-version":[{"id":44189,"href":"https:\/\/einheit-bernburg.de\/content\/index.php?rest_route=\/wp\/v2\/pages\/34432\/revisions\/44189"}],"up":[{"embeddable":true,"href":"https:\/\/einheit-bernburg.de\/content\/index.php?rest_route=\/wp\/v2\/pages\/34430"}],"wp:attachment":[{"href":"https:\/\/einheit-bernburg.de\/content\/index.php?rest_route=%2Fwp%2Fv2%2Fmedia&parent=34432"}],"curies":[{"name":"wp","href":"https:\/\/api.w.org\/{rel}","templated":true}]}}