{"id":34487,"date":"2023-08-24T11:24:34","date_gmt":"2023-08-24T09:24:34","guid":{"rendered":"https:\/\/einheit-bernburg.de\/content\/?page_id=34487"},"modified":"2023-08-24T11:24:34","modified_gmt":"2023-08-24T09:24:34","slug":"kader-u-zielstellung-f1-junioren","status":"publish","type":"page","link":"https:\/\/einheit-bernburg.de\/content\/?page_id=34487","title":{"rendered":"Archiv Kader u. Zielstellung E-Junioren 2022\/23"},"content":{"rendered":"<h1 class=\"aufm\">SV Einheit Bernburg<\/h1>\n<h3>1.Kreisklasse St. 4 &#8211; 2022\/23<\/h3>\n<p>Nach einem recht erfolgreichen Spieljahr als \u00e4lterer F &#8211; Junioren Jahrgang in der Fair Play Liga, r\u00fcckt da Team komplett eine Altersklasse h\u00f6her und wird in dieser Saison als vorwiegend j\u00fcngerer Jahrgang der E &#8211; Junioren auflaufen. Nun geht es auf ein wesentlich gr\u00f6\u00dferes Spielfeld und es wird um Meisterschaftspunkte gespielt. Dieses gr\u00f6\u00dfere Spielfeld ist f\u00fcr die Sch\u00fctzlinge von Trainer Maik M\u00fcller kein Neuland mehr, hat man diesbez\u00fcglich doch schon einige Testspiele bestritten.<br \/>\nMaik M\u00fcller hat zur Unterst\u00fctzung seiner Arbeit mit den Kindern inzwischen ein kleines Trainerteam gewinnen k\u00f6nnen, wodurch das Ttraining noch intensiver und gezielter gestaltet werden kann.<br \/>\n<em><strong>W<\/strong><strong>ir w\u00fcnschen dem gesamten Kollektiv\u00a0 f\u00fcr das neue Spieljahr gutes Gelingen und viel Erfolg!<\/strong><\/em><\/p>\n<hr \/>\n<div class=\"su-table su-table-alternate\">\n<table style=\"height: 216px\">\n<tbody>\n<tr style=\"height: 72px\">\n<td style=\"width: 158px;height: 72px\"><strong>Ansprechpartner<\/strong><\/td>\n<td style=\"width: 476px;height: 72px\">Lothar Kral (Jugendleiter)<br \/>\nTel.: 03471 \/ 311868, Mobil: 0162 \/ 435 66 23<\/td>\n<\/tr>\n<tr style=\"height: 24px\">\n<td style=\"width: 158px;height: 24px\"><strong>Trainingszeit<\/strong><\/td>\n<td style=\"width: 476px;height: 24px\">Montag u. Mittwoch\u00a0 16:30 Uhr &#8211; 18:00 Uhr Einheit &#8211; Sportplatz<\/td>\n<\/tr>\n<tr>\n<td style=\"width: 158px\"><strong>\u00a0<\/strong><\/td>\n<td style=\"width: 476px\"><strong>Winter<\/strong><\/td>\n<\/tr>\n<tr style=\"height: 24px\">\n<td style=\"width: 158px;height: 24px\"><strong>Hallentraining<br \/>\n<\/strong><\/td>\n<td style=\"width: 476px;height: 24px\">Montag 16:00 Uhr &#8211; 17:30 Uhr<br \/>\n17.10.22 &#8211; 13.03.23 \/ Sporthalle &#8222;T\u00f6pferwiese&#8220;<\/td>\n<\/tr>\n<tr style=\"height: 24px\">\n<td style=\"width: 158px;height: 24px\"><strong>Kunstrasen<br \/>\n<\/strong><\/td>\n<td style=\"width: 476px;height: 24px\"><\/td>\n<\/tr>\n<tr style=\"height: 24px\">\n<td style=\"width: 158px;height: 24px\"><strong>Trainer<\/strong><\/td>\n<td style=\"width: 476px;height: 24px\">Maik M\u00fcller:\u00a0\u00a0\u00a0\u00a0\u00a0\u00a0\u00a0\u00a0\u00a0\u00a0\u00a0\u00a0 Mobil: 0174 \/ 320 70 71<\/td>\n<\/tr>\n<tr style=\"height: 24px\">\n<td style=\"width: 158px;height: 24px\"><strong>Co &#8211; Trainer<\/strong><\/td>\n<td style=\"width: 476px;height: 24px\"><\/td>\n<\/tr>\n<tr>\n<td style=\"width: 158px\"><strong>Co &#8211; Trainer<br \/>\n<\/strong><\/td>\n<td style=\"width: 476px\"><\/td>\n<\/tr>\n<tr style=\"height: 24px\">\n<td style=\"width: 158px;height: 24px\"><strong>Zielstellung<\/strong><\/td>\n<td style=\"width: 476px;height: 24px\">In der neuen Altersklasse etablieren und eine gute Rolle spielen<\/td>\n<\/tr>\n<\/tbody>\n<\/table>\n<\/div>\n<hr \/>\n<h3>Kader<\/h3>\n\n<table id=\"tablepress-110\" class=\"tablepress tablepress-id-110\">\n<thead>\n<tr class=\"row-1 odd\">\n\t<th class=\"column-1\">Name<\/th><th class=\"column-2\">Vorname<\/th><th class=\"column-3\">Jahrgang<\/th><th class=\"column-4\">Herkunft<\/th>\n<\/tr>\n<\/thead>\n<tbody>\n<tr class=\"row-2 even\">\n\t<td class=\"column-1\">Atallah<\/td><td class=\"column-2\">Read<\/td><td class=\"column-3\">2013<\/td><td class=\"column-4\">SV Einheit<\/td>\n<\/tr>\n<tr class=\"row-3 odd\">\n\t<td class=\"column-1\">Bachmann<\/td><td class=\"column-2\">Tim<\/td><td class=\"column-3\">2013<\/td><td class=\"column-4\">SV Einheit<\/td>\n<\/tr>\n<tr class=\"row-4 even\">\n\t<td class=\"column-1\">Berisha<\/td><td class=\"column-2\">Joel Leonard<\/td><td class=\"column-3\">2013<\/td><td class=\"column-4\">SV Einheit<\/td>\n<\/tr>\n<tr class=\"row-5 odd\">\n\t<td class=\"column-1\">Br\u00fcning<\/td><td class=\"column-2\">Jonas<\/td><td class=\"column-3\">2013<\/td><td class=\"column-4\">SV Einheit<\/td>\n<\/tr>\n<tr class=\"row-6 even\">\n\t<td class=\"column-1\">Falke <\/td><td class=\"column-2\">Dean<\/td><td class=\"column-3\">2013<\/td><td class=\"column-4\">SV Einheit<\/td>\n<\/tr>\n<tr class=\"row-7 odd\">\n\t<td class=\"column-1\">Filmon<\/td><td class=\"column-2\">Riebson<\/td><td class=\"column-3\">2013<\/td><td class=\"column-4\">SV Einheit \/ Eritrea<\/td>\n<\/tr>\n<tr class=\"row-8 even\">\n\t<td class=\"column-1\">Grauenhorst<\/td><td class=\"column-2\">Oscar<\/td><td class=\"column-3\">2013 <\/td><td class=\"column-4\">SV Einheit<\/td>\n<\/tr>\n<tr class=\"row-9 odd\">\n\t<td class=\"column-1\">Ho<\/td><td class=\"column-2\">Gia Bao<\/td><td class=\"column-3\">2013<\/td><td class=\"column-4\">SV Einheit<\/td>\n<\/tr>\n<tr class=\"row-10 even\">\n\t<td class=\"column-1\">Kirchhof<\/td><td class=\"column-2\">Theo<\/td><td class=\"column-3\">2013<\/td><td class=\"column-4\">SV Einheit<\/td>\n<\/tr>\n<tr class=\"row-11 odd\">\n\t<td class=\"column-1\">Maa\u00df<\/td><td class=\"column-2\">Bastian<\/td><td class=\"column-3\">2013<\/td><td class=\"column-4\">SV Einheit<\/td>\n<\/tr>\n<tr class=\"row-12 even\">\n\t<td class=\"column-1\">M\u00fcller<\/td><td class=\"column-2\">Raphael<\/td><td class=\"column-3\">2013<\/td><td class=\"column-4\">SV Einheit<\/td>\n<\/tr>\n<tr class=\"row-13 odd\">\n\t<td class=\"column-1\">Pfau<\/td><td class=\"column-2\">Moritz<\/td><td class=\"column-3\">2013<\/td><td class=\"column-4\">SV Einheit<\/td>\n<\/tr>\n<tr class=\"row-14 even\">\n\t<td class=\"column-1\">Sch\u00f6nberner                          <\/td><td class=\"column-2\">Lucas<\/td><td class=\"column-3\">2013 <\/td><td class=\"column-4\">SV Einheit<\/td>\n<\/tr>\n<tr class=\"row-15 odd\">\n\t<td class=\"column-1\">Schreier<\/td><td class=\"column-2\">Timon<\/td><td class=\"column-3\">2013<\/td><td class=\"column-4\">SV Einheit<\/td>\n<\/tr>\n<tr class=\"row-16 even\">\n\t<td class=\"column-1\">Wenzel<\/td><td class=\"column-2\">Valentin<\/td><td class=\"column-3\">2013<\/td><td class=\"column-4\">SV Einheit<\/td>\n<\/tr>\n<tr class=\"row-17 odd\">\n\t<td class=\"column-1\"><\/td><td class=\"column-2\"><\/td><td class=\"column-3\"><\/td><td class=\"column-4\"><\/td>\n<\/tr>\n<tr class=\"row-18 even\">\n\t<td class=\"column-1\">Akti<\/td><td class=\"column-2\">Berat<\/td><td class=\"column-3\">2012<\/td><td class=\"column-4\">SV Einheit \/ T\u00fcrkei<\/td>\n<\/tr>\n<tr class=\"row-19 odd\">\n\t<td class=\"column-1\">Fischer<\/td><td class=\"column-2\">Elias<\/td><td class=\"column-3\">2012<\/td><td class=\"column-4\">SV Einheit \/ SPVGG Niedersachsen D\u00f6hren e.V.<\/td>\n<\/tr>\n<tr class=\"row-20 even\">\n\t<td class=\"column-1\">Fischmann<\/td><td class=\"column-2\">Nils<\/td><td class=\"column-3\">2012<\/td><td class=\"column-4\">SV Einheit<\/td>\n<\/tr>\n<tr class=\"row-21 odd\">\n\t<td class=\"column-1\">Franke<\/td><td class=\"column-2\">Lennard Christian<\/td><td class=\"column-3\">2012<\/td><td class=\"column-4\">SV Einheit<\/td>\n<\/tr>\n<tr class=\"row-22 even\">\n\t<td class=\"column-1\">Haidari<\/td><td class=\"column-2\">Omid<\/td><td class=\"column-3\">2012<\/td><td class=\"column-4\">SV Einheit \/ Afghanistan<\/td>\n<\/tr>\n<tr class=\"row-23 odd\">\n\t<td class=\"column-1\">Hartenstein<\/td><td class=\"column-2\">Lukas<\/td><td class=\"column-3\">2012<\/td><td class=\"column-4\">SV Einheit<\/td>\n<\/tr>\n<tr class=\"row-24 even\">\n\t<td class=\"column-1\">Osman<\/td><td class=\"column-2\">Mohamad<\/td><td class=\"column-3\">2012<\/td><td class=\"column-4\">SV Einheit \/ Syrien<\/td>\n<\/tr>\n<tr class=\"row-25 odd\">\n\t<td class=\"column-1\">Osterland<\/td><td class=\"column-2\">Aidan<\/td><td class=\"column-3\">2012<\/td><td class=\"column-4\">SV Einheit<\/td>\n<\/tr>\n<tr class=\"row-26 even\">\n\t<td class=\"column-1\">Schiedl<\/td><td class=\"column-2\">Stepan<\/td><td class=\"column-3\">2012<\/td><td class=\"column-4\">SV Einheit<\/td>\n<\/tr>\n<tr class=\"row-27 odd\">\n\t<td class=\"column-1\">Timplan<\/td><td class=\"column-2\">Felix<\/td><td class=\"column-3\">2012<\/td><td class=\"column-4\">SV Einheit<\/td>\n<\/tr>\n<tr class=\"row-28 even\">\n\t<td class=\"column-1\">Werg<\/td><td class=\"column-2\">Paul<\/td><td class=\"column-3\">2012<\/td><td class=\"column-4\">SV Einheit<\/td>\n<\/tr>\n<tr class=\"row-29 odd\">\n\t<td class=\"column-1\"><\/td><td class=\"column-2\"><\/td><td class=\"column-3\"><\/td><td class=\"column-4\"><\/td>\n<\/tr>\n<tr class=\"row-30 even\">\n\t<td class=\"column-1\">Janek<\/td><td class=\"column-2\">Finja Minette<\/td><td class=\"column-3\">2011<\/td><td class=\"column-4\">SV Einheit<\/td>\n<\/tr>\n<tr class=\"row-31 odd\">\n\t<td class=\"column-1\">Tila<\/td><td class=\"column-2\">Deizi<\/td><td class=\"column-3\">2011<\/td><td class=\"column-4\">SV Einheit<\/td>\n<\/tr>\n<tr class=\"row-32 even\">\n\t<td class=\"column-1\"><\/td><td class=\"column-2\"><\/td><td class=\"column-3\"><\/td><td class=\"column-4\"><\/td>\n<\/tr>\n<\/tbody>\n<\/table>\n\n","protected":false},"excerpt":{"rendered":"<p>SV Einheit Bernburg 1.Kreisklasse St. 4 &#8211; 2022\/23 Nach einem recht erfolgreichen Spieljahr als \u00e4lterer F &#8211; Junioren Jahrgang in der Fair Play Liga, r\u00fcckt da Team komplett eine Altersklasse h\u00f6her und wird in dieser Saison als vorwiegend j\u00fcngerer Jahrgang der E &#8211; Junioren auflaufen. Nun geht es auf ein wesentlich gr\u00f6\u00dferes Spielfeld und es [&hellip;]<\/p>\n","protected":false},"author":3,"featured_media":0,"parent":34485,"menu_order":0,"comment_status":"closed","ping_status":"closed","template":"","meta":{"footnotes":""},"_links":{"self":[{"href":"https:\/\/einheit-bernburg.de\/content\/index.php?rest_route=\/wp\/v2\/pages\/34487"}],"collection":[{"href":"https:\/\/einheit-bernburg.de\/content\/index.php?rest_route=\/wp\/v2\/pages"}],"about":[{"href":"https:\/\/einheit-bernburg.de\/content\/index.php?rest_route=\/wp\/v2\/types\/page"}],"author":[{"embeddable":true,"href":"https:\/\/einheit-bernburg.de\/content\/index.php?rest_route=\/wp\/v2\/users\/3"}],"replies":[{"embeddable":true,"href":"https:\/\/einheit-bernburg.de\/content\/index.php?rest_route=%2Fwp%2Fv2%2Fcomments&post=34487"}],"version-history":[{"count":1,"href":"https:\/\/einheit-bernburg.de\/content\/index.php?rest_route=\/wp\/v2\/pages\/34487\/revisions"}],"predecessor-version":[{"id":34488,"href":"https:\/\/einheit-bernburg.de\/content\/index.php?rest_route=\/wp\/v2\/pages\/34487\/revisions\/34488"}],"up":[{"embeddable":true,"href":"https:\/\/einheit-bernburg.de\/content\/index.php?rest_route=\/wp\/v2\/pages\/34485"}],"wp:attachment":[{"href":"https:\/\/einheit-bernburg.de\/content\/index.php?rest_route=%2Fwp%2Fv2%2Fmedia&parent=34487"}],"curies":[{"name":"wp","href":"https:\/\/api.w.org\/{rel}","templated":true}]}}