{"id":34494,"date":"2023-08-24T11:27:53","date_gmt":"2023-08-24T09:27:53","guid":{"rendered":"https:\/\/einheit-bernburg.de\/content\/?page_id=34494"},"modified":"2023-08-24T11:27:53","modified_gmt":"2023-08-24T09:27:53","slug":"kader-u-zielstellung-g-junioren-sv-einheit-bernburg","status":"publish","type":"page","link":"https:\/\/einheit-bernburg.de\/content\/?page_id=34494","title":{"rendered":"Archiv Kader u. Zielstellung F \u2013 Junioren Team A 2022\/23"},"content":{"rendered":"<h1 class=\"aufm\">Spg. Einheit Bernburg-Eintracht Pei\u00dfen Team A<\/h1>\n<h3 class=\"aufm\">Fair &#8211; Play Liga 2022 \/ 23<\/h3>\n<p>In dieser Saison haben wir vor, in dieser Altersklasse einen neuen Weg zu gehen. Alle F &#8211; Junioren Spieler trainieren zumindest in der Zeit des Freilufttrainings gemeinsam. Nach den Trainingstagen werden die Kader f\u00fcr die jeweiligen Teams A und B am Wochenende zu den Turnieren zusammengestellt. Man will damit erreichen, das m\u00f6glichst alle Kinder viel Spielzeit bei den Turnieren bekommen k\u00f6nnen und gleichzeitig auch Trainingsflei\u00df, mannschaftliche Geschlossenheit auch im Zusammenspiel auf dem Platz, sowie Disziplin und P\u00fcnktlichkeit gef\u00f6rdert werden. Und dabei wollen wir nat\u00fcrlich auch darauf achten, dass jederzeit der Spa\u00df am Fu\u00dfballspielen erhalten bleibt.<br \/>\n<strong>Wir w\u00fcnschen den Trainern mit ihren Kollektiven eine erfolgreiche Saison.<\/strong><\/p>\n<div class=\"su-table su-table-alternate\">\n<table style=\"width: 58.348%;height: 360px\">\n<tbody>\n<tr style=\"height: 96px\">\n<td style=\"width: 23.7171%;height: 96px\"><strong>Ansprechpartner<\/strong><\/td>\n<td style=\"width: 75.0347%;height: 96px\"><strong>Lothar Kral<\/strong> (Jugendleiter-Einheit)<br \/>\nFestnetz: 03471 &#8211; 311868, Mobil: 0162 &#8211; 435 66 23<br \/>\n<strong>Phillip Krebs<\/strong> (Jugendleiter &#8211; Eintracht)<br \/>\nMobil: 0173 \/ 695 11 50<\/td>\n<\/tr>\n<tr style=\"height: 48px\">\n<td style=\"width: 23.7171%;height: 48px\"><strong>Trainingszeit<\/strong><\/td>\n<td style=\"width: 75.0347%;height: 48px\">Dienstag\u00a0 16:30 Uhr &#8211; 18:00 Uhr Einheit &#8211; Sportplatz<br \/>\nFreitag\u00a0\u00a0\u00a0\u00a0 16:30 Uhr &#8211; 18:00 Uhr Sportplatz Pei\u00dfen<\/td>\n<\/tr>\n<tr style=\"height: 24px\">\n<td style=\"width: 23.7171%;height: 24px\"><strong>Hallentraining<br \/>\n<\/strong><\/td>\n<td style=\"width: 75.0347%;height: 24px\"><span style=\"color: #00000a\">\u00a0<span style=\"color: #333333\">wird noch teminiert<\/span><br \/>\n<\/span><\/td>\n<\/tr>\n<tr style=\"height: 24px\">\n<td style=\"width: 23.7171%;height: 24px\"><strong>Kunstrasen<\/strong><\/td>\n<td style=\"width: 75.0347%;height: 24px\"><\/td>\n<\/tr>\n<tr style=\"height: 24px\">\n<td style=\"width: 23.7171%;height: 24px\"><strong><span style=\"color: #333333\">Trainer Team A<\/span><br \/>\n<\/strong><\/td>\n<td style=\"width: 75.0347%;height: 24px\">Mathias Leidel \u00a0 \u00a0\u00a0\u00a0 Mobil: 0170 &#8211; 722 71 68\u00a0\u00a0 Festnetz: 034721 &#8211; 41048<\/td>\n<\/tr>\n<tr style=\"height: 24px\">\n<td style=\"width: 23.7171%;height: 24px\"><strong>\u00a0\u00a0\u00a0\u00a0\u00a0\u00a0 Co &#8211; Trainer<br \/>\n<\/strong><\/td>\n<td style=\"width: 75.0347%;height: 24px\"><span lang=\"EN-US\">G\u00fcnter Ernst \u00a0\u00a0\u00a0\u00a0\u00a0\u00a0\u00a0\u00a0 Mobil: 0162 &#8211; 402 33 47<br \/>\n<\/span><\/td>\n<\/tr>\n<tr style=\"height: 24px\">\n<td style=\"width: 23.7171%;height: 24px\"><strong>\u00a0\u00a0\u00a0\u00a0\u00a0\u00a0 Co &#8211; Trainer<\/strong><\/td>\n<td style=\"width: 75.0347%;height: 24px\"><span lang=\"EN-US\">Dirk Seewald\u00a0\u00a0\u00a0\u00a0\u00a0\u00a0\u00a0\u00a0\u00a0 Mobil: 0172 &#8211; 365 72 82<br \/>\n<\/span><\/td>\n<\/tr>\n<tr style=\"height: 24px\">\n<td style=\"width: 23.7171%;height: 24px\"><strong>Mannschaftsleiter<br \/>\n<\/strong><\/td>\n<td style=\"width: 75.0347%;height: 24px\"><span lang=\"EN-US\">Lothar Kral\u00a0\u00a0\u00a0\u00a0\u00a0\u00a0\u00a0\u00a0\u00a0\u00a0\u00a0\u00a0 Mobil: 0162 &#8211; 435 66 23<br \/>\n<\/span><\/td>\n<\/tr>\n<tr style=\"height: 48px\">\n<td style=\"width: 23.7171%;height: 48px\"><strong>Zielstellung<\/strong><\/td>\n<td style=\"width: 75.0347%;height: 48px\">Fair-Play Liga \/ Spiele ohne Wertung, sich weiter entwickeln und Spa\u00df haben.<\/td>\n<\/tr>\n<\/tbody>\n<\/table>\n<\/div>\n<hr \/>\n<h3>Kader<\/h3>\n\n<table id=\"tablepress-111\" class=\"tablepress tablepress-id-111\">\n<thead>\n<tr class=\"row-1 odd\">\n\t<th class=\"column-1\">Name<\/th><th class=\"column-2\">Vorname<\/th><th class=\"column-3\">Jahrgang<\/th><th class=\"column-4\">Herkunft<\/th><th class=\"column-5\"><\/th><th class=\"column-6\"><\/th><th class=\"column-7\"><\/th><th class=\"column-8\"><\/th>\n<\/tr>\n<\/thead>\n<tbody>\n<tr class=\"row-2 even\">\n\t<td class=\"column-1\">Ballerstein<\/td><td class=\"column-2\">Leander<\/td><td class=\"column-3\">2014<\/td><td class=\"column-4\">SV Einheit<\/td><td class=\"column-5\"><\/td><td class=\"column-6\"><\/td><td class=\"column-7\"><\/td><td class=\"column-8\"><\/td>\n<\/tr>\n<tr class=\"row-3 odd\">\n\t<td class=\"column-1\">Becker<\/td><td class=\"column-2\">Lenny<\/td><td class=\"column-3\">2014<\/td><td class=\"column-4\">SV Einheit<\/td><td class=\"column-5\"><\/td><td class=\"column-6\"><\/td><td class=\"column-7\"><\/td><td class=\"column-8\"><\/td>\n<\/tr>\n<tr class=\"row-4 even\">\n\t<td class=\"column-1\">Brauns<\/td><td class=\"column-2\">Bennet<\/td><td class=\"column-3\">2014<\/td><td class=\"column-4\"> SV Einheit<\/td><td class=\"column-5\"><\/td><td class=\"column-6\"><\/td><td class=\"column-7\"><\/td><td class=\"column-8\"><\/td>\n<\/tr>\n<tr class=\"row-5 odd\">\n\t<td class=\"column-1\">Ehrich<\/td><td class=\"column-2\">Ruben<\/td><td class=\"column-3\">2014<\/td><td class=\"column-4\">SV Einheit<\/td><td class=\"column-5\"><\/td><td class=\"column-6\"><\/td><td class=\"column-7\"><\/td><td class=\"column-8\"><\/td>\n<\/tr>\n<tr class=\"row-6 even\">\n\t<td class=\"column-1\">Fischer<\/td><td class=\"column-2\">Niklas<\/td><td class=\"column-3\">2014<\/td><td class=\"column-4\">SPVGG Niedersachsen-D\u00f6hlen<\/td><td class=\"column-5\"><\/td><td class=\"column-6\"><\/td><td class=\"column-7\"><\/td><td class=\"column-8\"><\/td>\n<\/tr>\n<tr class=\"row-7 odd\">\n\t<td class=\"column-1\">Herche Gaspar<\/td><td class=\"column-2\">Jan<\/td><td class=\"column-3\">2014<\/td><td class=\"column-4\">SV Einheit<\/td><td class=\"column-5\"><\/td><td class=\"column-6\"><\/td><td class=\"column-7\"><\/td><td class=\"column-8\"><\/td>\n<\/tr>\n<tr class=\"row-8 even\">\n\t<td class=\"column-1\">Kl\u00f6pzig<\/td><td class=\"column-2\">Emil<\/td><td class=\"column-3\">2014<\/td><td class=\"column-4\">SV Einheit<\/td><td class=\"column-5\"><\/td><td class=\"column-6\"><\/td><td class=\"column-7\"><\/td><td class=\"column-8\"><\/td>\n<\/tr>\n<tr class=\"row-9 odd\">\n\t<td class=\"column-1\">Melnychuk<\/td><td class=\"column-2\">Taras<\/td><td class=\"column-3\">2014<\/td><td class=\"column-4\">SV Einheit<\/td><td class=\"column-5\"><\/td><td class=\"column-6\"><\/td><td class=\"column-7\"><\/td><td class=\"column-8\"><\/td>\n<\/tr>\n<tr class=\"row-10 even\">\n\t<td class=\"column-1\">Safi<\/td><td class=\"column-2\">Mohammad Omar<\/td><td class=\"column-3\">2014<\/td><td class=\"column-4\">SV Einheit<\/td><td class=\"column-5\"><\/td><td class=\"column-6\"><\/td><td class=\"column-7\"><\/td><td class=\"column-8\"><\/td>\n<\/tr>\n<tr class=\"row-11 odd\">\n\t<td class=\"column-1\">Schmelzer<\/td><td class=\"column-2\">Davin<\/td><td class=\"column-3\">2014<\/td><td class=\"column-4\">SV Einheit<\/td><td class=\"column-5\"><\/td><td class=\"column-6\"><\/td><td class=\"column-7\"><\/td><td class=\"column-8\"><\/td>\n<\/tr>\n<tr class=\"row-12 even\">\n\t<td class=\"column-1\">Seewald<\/td><td class=\"column-2\">Dominik<\/td><td class=\"column-3\">2014<\/td><td class=\"column-4\">SV Einheit<\/td><td class=\"column-5\"><\/td><td class=\"column-6\"><\/td><td class=\"column-7\"><\/td><td class=\"column-8\"><\/td>\n<\/tr>\n<tr class=\"row-13 odd\">\n\t<td class=\"column-1\">Tila<\/td><td class=\"column-2\">Fernando<\/td><td class=\"column-3\">2014<\/td><td class=\"column-4\">SV Einheit<\/td><td class=\"column-5\"><\/td><td class=\"column-6\"><\/td><td class=\"column-7\"><\/td><td class=\"column-8\"><\/td>\n<\/tr>\n<tr class=\"row-14 even\">\n\t<td class=\"column-1\"><\/td><td class=\"column-2\"><\/td><td class=\"column-3\"><\/td><td class=\"column-4\"><\/td><td class=\"column-5\"><\/td><td class=\"column-6\"><\/td><td class=\"column-7\"><\/td><td class=\"column-8\"><\/td>\n<\/tr>\n<tr class=\"row-15 odd\">\n\t<td class=\"column-1\">Elskamp<\/td><td class=\"column-2\">Montes<\/td><td class=\"column-3\">2014<\/td><td class=\"column-4\">Eintracht Pei\u00dfen<\/td><td class=\"column-5\"><\/td><td class=\"column-6\"><\/td><td class=\"column-7\"><\/td><td class=\"column-8\"><\/td>\n<\/tr>\n<tr class=\"row-16 even\">\n\t<td class=\"column-1\">Pega<\/td><td class=\"column-2\">Max<\/td><td class=\"column-3\">2014<\/td><td class=\"column-4\">Eintracht Pei\u00dfen<\/td><td class=\"column-5\"><\/td><td class=\"column-6\"><\/td><td class=\"column-7\"><\/td><td class=\"column-8\"><\/td>\n<\/tr>\n<tr class=\"row-17 odd\">\n\t<td class=\"column-1\">Ru\u00df<\/td><td class=\"column-2\">Alexander<\/td><td class=\"column-3\">2014<\/td><td class=\"column-4\">Eintracht Pei\u00dfen<\/td><td class=\"column-5\"><\/td><td class=\"column-6\"><\/td><td class=\"column-7\"><\/td><td class=\"column-8\"><\/td>\n<\/tr>\n<tr class=\"row-18 even\">\n\t<td class=\"column-1\">Schwarz <\/td><td class=\"column-2\">Oskar<\/td><td class=\"column-3\">2014<\/td><td class=\"column-4\">Eintracht Pei\u00dfen<\/td><td class=\"column-5\"><\/td><td class=\"column-6\"><\/td><td class=\"column-7\"><\/td><td class=\"column-8\"><\/td>\n<\/tr>\n<tr class=\"row-19 odd\">\n\t<td class=\"column-1\"><\/td><td class=\"column-2\"><\/td><td class=\"column-3\"><\/td><td class=\"column-4\"><\/td><td class=\"column-5\"><\/td><td class=\"column-6\"><\/td><td class=\"column-7\"><\/td><td class=\"column-8\"><\/td>\n<\/tr>\n<tr class=\"row-20 even\">\n\t<td class=\"column-1\">Herold<\/td><td class=\"column-2\">Flynn<\/td><td class=\"column-3\">2015<\/td><td class=\"column-4\">SV Einheit<\/td><td class=\"column-5\"><\/td><td class=\"column-6\"><\/td><td class=\"column-7\"><\/td><td class=\"column-8\"><\/td>\n<\/tr>\n<tr class=\"row-21 odd\">\n\t<td class=\"column-1\">J\u00f6rdens<\/td><td class=\"column-2\">Leon Jason<\/td><td class=\"column-3\">2015<\/td><td class=\"column-4\">SV Einheit<\/td><td class=\"column-5\"><\/td><td class=\"column-6\"><\/td><td class=\"column-7\"><\/td><td class=\"column-8\"><\/td>\n<\/tr>\n<tr class=\"row-22 even\">\n\t<td class=\"column-1\">Maiwald<\/td><td class=\"column-2\">Oliver<\/td><td class=\"column-3\">2015<\/td><td class=\"column-4\">SV Einheit<\/td><td class=\"column-5\"><\/td><td class=\"column-6\"><\/td><td class=\"column-7\"><\/td><td class=\"column-8\"><\/td>\n<\/tr>\n<tr class=\"row-23 odd\">\n\t<td class=\"column-1\"><\/td><td class=\"column-2\"><\/td><td class=\"column-3\"><\/td><td class=\"column-4\"><\/td><td class=\"column-5\"><\/td><td class=\"column-6\"><\/td><td class=\"column-7\"><\/td><td class=\"column-8\"><\/td>\n<\/tr>\n<tr class=\"row-24 even\">\n\t<td class=\"column-1\">B\u00f6rner<\/td><td class=\"column-2\">Till<\/td><td class=\"column-3\">2015<\/td><td class=\"column-4\">Eintracht Pei\u00dfen<\/td><td class=\"column-5\"><\/td><td class=\"column-6\"><\/td><td class=\"column-7\"><\/td><td class=\"column-8\"><\/td>\n<\/tr>\n<tr class=\"row-25 odd\">\n\t<td class=\"column-1\">Brauns<\/td><td class=\"column-2\">Emil<\/td><td class=\"column-3\">2015<\/td><td class=\"column-4\">Eintracht Pei\u00dfen<\/td><td class=\"column-5\"><\/td><td class=\"column-6\"><\/td><td class=\"column-7\"><\/td><td class=\"column-8\"><\/td>\n<\/tr>\n<tr class=\"row-26 even\">\n\t<td class=\"column-1\">Meixner<\/td><td class=\"column-2\">Even<\/td><td class=\"column-3\">2015<\/td><td class=\"column-4\">Eintracht Pei\u00dfen<\/td><td class=\"column-5\"><\/td><td class=\"column-6\"><\/td><td class=\"column-7\"><\/td><td class=\"column-8\"><\/td>\n<\/tr>\n<tr class=\"row-27 odd\">\n\t<td class=\"column-1\">Nowak<\/td><td class=\"column-2\">Michel<\/td><td class=\"column-3\">2015<\/td><td class=\"column-4\">Eintracht Pei\u00dfen<\/td><td class=\"column-5\"><\/td><td class=\"column-6\"><\/td><td class=\"column-7\"><\/td><td class=\"column-8\"><\/td>\n<\/tr>\n<tr class=\"row-28 even\">\n\t<td class=\"column-1\">Redemske<\/td><td class=\"column-2\">Yannik<\/td><td class=\"column-3\">2015<\/td><td class=\"column-4\">Eintracht Pei\u00dfen<\/td><td class=\"column-5\"><\/td><td class=\"column-6\"><\/td><td class=\"column-7\"><\/td><td class=\"column-8\"><\/td>\n<\/tr>\n<\/tbody>\n<\/table>\n\n<p><strong>Zug\u00e4nge:<\/strong><br \/>\nArtur Bestehorn, Flynn Herold, Leon J\u00f6rdens, Oliver Maiwald (alle G-Jun. Einheit)<br \/>\nTill B\u00f6rner, Emil Brauns, Even Meixner, Michel Nowak, Yannik Redemske, (G-Jun. Eintracht),<br \/>\nEmil Kl\u00f6pzig (SG Neuborna 62), Mohammad Omar Safi<\/p>\n<p><strong>Abg\u00e4nge:<\/strong><br \/>\nHesham Idris (SC Bernburg), Klara P\u00fclicher, Alexander Reinke, Artur Bestehorn, Hendrik Teichmannn (Einheit &#8211; z.Zt. nicht aktiv)<br \/>\nNils Fromm, Paul Maier (alle Pei\u00dfen \/ z. Zt. nicht aktiv), Felix Schnitzlein (Gelsenkirchen)<\/p>\n","protected":false},"excerpt":{"rendered":"<p>Spg. Einheit Bernburg-Eintracht Pei\u00dfen Team A Fair &#8211; Play Liga 2022 \/ 23 In dieser Saison haben wir vor, in dieser Altersklasse einen neuen Weg zu gehen. Alle F &#8211; Junioren Spieler trainieren zumindest in der Zeit des Freilufttrainings gemeinsam. Nach den Trainingstagen werden die Kader f\u00fcr die jeweiligen Teams A und B am Wochenende [&hellip;]<\/p>\n","protected":false},"author":3,"featured_media":0,"parent":34492,"menu_order":0,"comment_status":"closed","ping_status":"closed","template":"","meta":{"footnotes":""},"_links":{"self":[{"href":"https:\/\/einheit-bernburg.de\/content\/index.php?rest_route=\/wp\/v2\/pages\/34494"}],"collection":[{"href":"https:\/\/einheit-bernburg.de\/content\/index.php?rest_route=\/wp\/v2\/pages"}],"about":[{"href":"https:\/\/einheit-bernburg.de\/content\/index.php?rest_route=\/wp\/v2\/types\/page"}],"author":[{"embeddable":true,"href":"https:\/\/einheit-bernburg.de\/content\/index.php?rest_route=\/wp\/v2\/users\/3"}],"replies":[{"embeddable":true,"href":"https:\/\/einheit-bernburg.de\/content\/index.php?rest_route=%2Fwp%2Fv2%2Fcomments&post=34494"}],"version-history":[{"count":1,"href":"https:\/\/einheit-bernburg.de\/content\/index.php?rest_route=\/wp\/v2\/pages\/34494\/revisions"}],"predecessor-version":[{"id":34495,"href":"https:\/\/einheit-bernburg.de\/content\/index.php?rest_route=\/wp\/v2\/pages\/34494\/revisions\/34495"}],"up":[{"embeddable":true,"href":"https:\/\/einheit-bernburg.de\/content\/index.php?rest_route=\/wp\/v2\/pages\/34492"}],"wp:attachment":[{"href":"https:\/\/einheit-bernburg.de\/content\/index.php?rest_route=%2Fwp%2Fv2%2Fmedia&parent=34494"}],"curies":[{"name":"wp","href":"https:\/\/api.w.org\/{rel}","templated":true}]}}