{"id":34538,"date":"2023-08-24T13:03:00","date_gmt":"2023-08-24T11:03:00","guid":{"rendered":"https:\/\/einheit-bernburg.de\/content\/?page_id=34538"},"modified":"2023-08-24T13:03:00","modified_gmt":"2023-08-24T11:03:00","slug":"kader-u-zielstellung-g-junioren-sv-einheit-bernburg","status":"publish","type":"page","link":"https:\/\/einheit-bernburg.de\/content\/?page_id=34538","title":{"rendered":"Archiv Kader u. Zielstellung G-Junioren 2022\/23"},"content":{"rendered":"<h1 class=\"aufm\">Spg. Einheit Bernburg-Eintracht B\/G Pei\u00dfen<\/h1>\n<h3>Bambini Fair-Play &#8211; Liga 2022\/23<\/h3>\n<p>Erstmals spielten die Bambinis beider Vereine in der zur\u00fcckliegenden Saison als Spielgemeinschaft zusammen. Das war eine Entscheidung der Verantwortlichen, die sich in jeder Hinsicht bew\u00e4hrt hat. Nach dem Motto &#8222;Gemeinsam sind wir stark!&#8220; hat die Mannschaft, gef\u00fchrt von Staphan R\u00fchlicke (Eintracht Pei\u00dfen) nd Florian Stein (Einheit Bernburg) eine prima Entwicklung genommen. Fu\u00dfballerisch hatte das Team schon einiges zu bieten. Disziplinarisch, was P\u00fcnktlichkeit und Regelm\u00e4\u00dfigkeit betrifft, gibt es noch einige Luft nach oben und das ist nicht nur Trainersache.<br \/>\nLeider scheiden die bisherigen Trainer in der nun gestarteten neuen Saison aus, weil sie mit ihren Kindern in den F-Junioren Bereich wechseln. Das hei\u00dft, <strong>es wird dringend eine neue Mannschaftsf\u00fchrung gesucht &#8211; Trainer \/ Mannschaftsbetreuer.<\/strong> Inzwischen haben sich mit <strong>Matthias Griese<\/strong> und <strong>Frank Huth<\/strong> zumindest zwei Vatis gefunden, die den Trainer beimTraining und bei den Turnieren unterst\u00fctzen.<br \/>\nBis dahin werden die Kinder vom Jugendleiter des SV Einheit <strong>Lothar Kral<\/strong> betreut.<br \/>\n<strong>Wir w\u00fcnschen Euch viel Erfolg bei den zuk\u00fcnftigen Turnieren der FairPlay-Liga!<\/strong><\/p>\n<hr \/>\n<div class=\"su-table su-table-alternate\">\n<table style=\"width: 89.658%\">\n<tbody>\n<tr>\n<td style=\"width: 25%\"><strong>Ansprechpartner<\/strong><\/td>\n<td style=\"width: 74.084%\">Lothar Kral (Jugendleiter &#8211; Einheit))<br \/>\nTel.: 03471 \/ 311868, Mobil: 0162 \/ 435 66 23<br \/>\nPhilipp Krebs (Jugendleiter &#8211; Pei\u00dfen) Mobil: 0173 \/ 695 11 50<\/td>\n<\/tr>\n<tr>\n<td style=\"width: 25%\"><strong>Trainingszeiten<\/strong><\/td>\n<td style=\"width: 74.084%\">Dienstag 16:30 Uhr &#8211; 17:45 Uhr Einheit &#8211; Sportplatz<br \/>\nFreitag 16:30 Uhr &#8211; 17:45 Uhr Sportplatz &#8211; Pei\u00dfen<br \/>\n<span style=\"color: #0000ff\"><em>F\u00fcr Pei\u00dfener u. Bernburger Kinder besteht jederzeit die M\u00f6glichkeit <strong>am jeweiligen Training des Partnervereins<\/strong> teilzunehmen. (Di Einheit \/ Fr Pei\u00dfen)<br \/>\n<\/em><\/span><\/td>\n<\/tr>\n<tr>\n<td style=\"width: 25%\"><strong>Hallentraining<\/strong><\/td>\n<td style=\"width: 74.084%\">Mittwoch: 17:00 Uhr &#8211; 18:00 Uhr Sporthalle Goetheschule<strong><br \/>\n<\/strong>11.10.2022 bis 22.03.2023 <strong><br \/>\n<\/strong><\/td>\n<\/tr>\n<tr>\n<td style=\"width: 25%\"><strong>Trainer<\/strong><\/td>\n<td style=\"width: 74.084%\">Lothar Kral\u00a0 Mobil: 0162 \/ 435 66 23<\/td>\n<\/tr>\n<tr>\n<td style=\"width: 25%\"><strong> Co &#8211; Trainer<\/strong><\/td>\n<td style=\"width: 74.084%\">Matthias Griese u. Frank Huth<\/td>\n<\/tr>\n<tr>\n<td style=\"width: 25%\"><strong>Mannschaftsleiter<\/strong><\/td>\n<td style=\"width: 74.084%\"><\/td>\n<\/tr>\n<tr>\n<td style=\"width: 25%\"><strong>Zielstellung<\/strong><\/td>\n<td style=\"width: 74.084%\">Den Kindern spielerisch das Fu\u00dfballspielen vermitteln, wobei jederzeit der Spa\u00df im Vordergrund stehen soll und muss.<\/td>\n<\/tr>\n<\/tbody>\n<\/table>\n<\/div>\n<hr \/>\n<h3>Kader<\/h3>\n\n<table id=\"tablepress-113\" class=\"tablepress tablepress-id-113\" aria-describedby=\"tablepress-113-description\">\n<thead>\n<tr class=\"row-1 odd\">\n\t<th class=\"column-1\">Name<\/th><th class=\"column-2\">Vorname<\/th><th class=\"column-3\">Jahrgang<\/th><th class=\"column-4\">Herkunft<\/th><th class=\"column-5\"><\/th><th class=\"column-6\"><\/th><th class=\"column-7\"><\/th><th class=\"column-8\"><\/th>\n<\/tr>\n<\/thead>\n<tbody>\n<tr class=\"row-2 even\">\n\t<td class=\"column-1\">Einheit<\/td><td class=\"column-2\"><\/td><td class=\"column-3\"><\/td><td class=\"column-4\"><\/td><td class=\"column-5\"><\/td><td class=\"column-6\"><\/td><td class=\"column-7\"><\/td><td class=\"column-8\"><\/td>\n<\/tr>\n<tr class=\"row-3 odd\">\n\t<td class=\"column-1\">D\u00fcvel<\/td><td class=\"column-2\">Bela Fiete<\/td><td class=\"column-3\">2016<\/td><td class=\"column-4\">SV Einheit<\/td><td class=\"column-5\"><\/td><td class=\"column-6\"><\/td><td class=\"column-7\"><\/td><td class=\"column-8\"><\/td>\n<\/tr>\n<tr class=\"row-4 even\">\n\t<td class=\"column-1\">Empting<\/td><td class=\"column-2\">Michel<\/td><td class=\"column-3\">2017<\/td><td class=\"column-4\">SV Einheit<\/td><td class=\"column-5\"><\/td><td class=\"column-6\"><\/td><td class=\"column-7\"><\/td><td class=\"column-8\"><\/td>\n<\/tr>\n<tr class=\"row-5 odd\">\n\t<td class=\"column-1\">Grill<\/td><td class=\"column-2\">Tom<\/td><td class=\"column-3\">2017<\/td><td class=\"column-4\">SV Einheit<\/td><td class=\"column-5\"><\/td><td class=\"column-6\"><\/td><td class=\"column-7\"><\/td><td class=\"column-8\"><\/td>\n<\/tr>\n<tr class=\"row-6 even\">\n\t<td class=\"column-1\">Herl<\/td><td class=\"column-2\">Wilhelm<\/td><td class=\"column-3\">2017<\/td><td class=\"column-4\">SV Einheit<\/td><td class=\"column-5\"><\/td><td class=\"column-6\"><\/td><td class=\"column-7\"><\/td><td class=\"column-8\"><\/td>\n<\/tr>\n<tr class=\"row-7 odd\">\n\t<td class=\"column-1\">Hirsch<\/td><td class=\"column-2\">Tommy<\/td><td class=\"column-3\">2016<\/td><td class=\"column-4\">SV Einheit<\/td><td class=\"column-5\"><\/td><td class=\"column-6\"><\/td><td class=\"column-7\"><\/td><td class=\"column-8\"><\/td>\n<\/tr>\n<tr class=\"row-8 even\">\n\t<td class=\"column-1\">Krau\u00dfe<\/td><td class=\"column-2\">Colin<\/td><td class=\"column-3\">2017<\/td><td class=\"column-4\">SV Einheit<\/td><td class=\"column-5\"><\/td><td class=\"column-6\"><\/td><td class=\"column-7\"><\/td><td class=\"column-8\"><\/td>\n<\/tr>\n<tr class=\"row-9 odd\">\n\t<td class=\"column-1\">Schade<\/td><td class=\"column-2\">Felix<\/td><td class=\"column-3\">2016<\/td><td class=\"column-4\">SV Einheit<\/td><td class=\"column-5\"><\/td><td class=\"column-6\"><\/td><td class=\"column-7\"><\/td><td class=\"column-8\"><\/td>\n<\/tr>\n<tr class=\"row-10 even\">\n\t<td class=\"column-1\">Sperlich<\/td><td class=\"column-2\">Karl Frederik<\/td><td class=\"column-3\">2016<\/td><td class=\"column-4\">SV Einheit<\/td><td class=\"column-5\"><\/td><td class=\"column-6\"><\/td><td class=\"column-7\"><\/td><td class=\"column-8\"><\/td>\n<\/tr>\n<tr class=\"row-11 odd\">\n\t<td class=\"column-1\">Pei\u00dfen<\/td><td class=\"column-2\"><\/td><td class=\"column-3\"><\/td><td class=\"column-4\"><\/td><td class=\"column-5\"><\/td><td class=\"column-6\"><\/td><td class=\"column-7\"><\/td><td class=\"column-8\"><\/td>\n<\/tr>\n<tr class=\"row-12 even\">\n\t<td class=\"column-1\">Huth<\/td><td class=\"column-2\">Jakob<\/td><td class=\"column-3\">2016<\/td><td class=\"column-4\">Eintracht<\/td><td class=\"column-5\"><\/td><td class=\"column-6\"><\/td><td class=\"column-7\"><\/td><td class=\"column-8\"><\/td>\n<\/tr>\n<tr class=\"row-13 odd\">\n\t<td class=\"column-1\">Pelka<\/td><td class=\"column-2\">Hannes<\/td><td class=\"column-3\">2016<\/td><td class=\"column-4\">Eintracht<\/td><td class=\"column-5\"><\/td><td class=\"column-6\"><\/td><td class=\"column-7\"><\/td><td class=\"column-8\"><\/td>\n<\/tr>\n<tr class=\"row-14 even\">\n\t<td class=\"column-1\">Brauns<\/td><td class=\"column-2\">Karl<\/td><td class=\"column-3\">2018<\/td><td class=\"column-4\">Eintracht<\/td><td class=\"column-5\"><\/td><td class=\"column-6\"><\/td><td class=\"column-7\"><\/td><td class=\"column-8\"><\/td>\n<\/tr>\n<tr class=\"row-15 odd\">\n\t<td class=\"column-1\">Kowalski<\/td><td class=\"column-2\">Anton<\/td><td class=\"column-3\">2016<\/td><td class=\"column-4\">Eintracht<\/td><td class=\"column-5\"><\/td><td class=\"column-6\"><\/td><td class=\"column-7\"><\/td><td class=\"column-8\"><\/td>\n<\/tr>\n<tr class=\"row-16 even\">\n\t<td class=\"column-1\"><\/td><td class=\"column-2\"><\/td><td class=\"column-3\"><\/td><td class=\"column-4\"><\/td><td class=\"column-5\"><\/td><td class=\"column-6\"><\/td><td class=\"column-7\"><\/td><td class=\"column-8\"><\/td>\n<\/tr>\n<tr class=\"row-17 odd\">\n\t<td class=\"column-1\"><\/td><td class=\"column-2\"><\/td><td class=\"column-3\"><\/td><td class=\"column-4\"><\/td><td class=\"column-5\"><\/td><td class=\"column-6\"><\/td><td class=\"column-7\"><\/td><td class=\"column-8\"><\/td>\n<\/tr>\n<tr class=\"row-18 even\">\n\t<td class=\"column-1\"><\/td><td class=\"column-2\"><\/td><td class=\"column-3\"><\/td><td class=\"column-4\"><\/td><td class=\"column-5\"><\/td><td class=\"column-6\"><\/td><td class=\"column-7\"><\/td><td class=\"column-8\"><\/td>\n<\/tr>\n<\/tbody>\n<\/table>\n<span id=\"tablepress-113-description\" class=\"tablepress-table-description tablepress-table-description-id-113\"><\/span>\n\n","protected":false},"excerpt":{"rendered":"<p>Spg. Einheit Bernburg-Eintracht B\/G Pei\u00dfen Bambini Fair-Play &#8211; Liga 2022\/23 Erstmals spielten die Bambinis beider Vereine in der zur\u00fcckliegenden Saison als Spielgemeinschaft zusammen. Das war eine Entscheidung der Verantwortlichen, die sich in jeder Hinsicht bew\u00e4hrt hat. Nach dem Motto &#8222;Gemeinsam sind wir stark!&#8220; hat die Mannschaft, gef\u00fchrt von Staphan R\u00fchlicke (Eintracht Pei\u00dfen) nd Florian Stein [&hellip;]<\/p>\n","protected":false},"author":3,"featured_media":0,"parent":34536,"menu_order":0,"comment_status":"closed","ping_status":"closed","template":"","meta":{"footnotes":""},"_links":{"self":[{"href":"https:\/\/einheit-bernburg.de\/content\/index.php?rest_route=\/wp\/v2\/pages\/34538"}],"collection":[{"href":"https:\/\/einheit-bernburg.de\/content\/index.php?rest_route=\/wp\/v2\/pages"}],"about":[{"href":"https:\/\/einheit-bernburg.de\/content\/index.php?rest_route=\/wp\/v2\/types\/page"}],"author":[{"embeddable":true,"href":"https:\/\/einheit-bernburg.de\/content\/index.php?rest_route=\/wp\/v2\/users\/3"}],"replies":[{"embeddable":true,"href":"https:\/\/einheit-bernburg.de\/content\/index.php?rest_route=%2Fwp%2Fv2%2Fcomments&post=34538"}],"version-history":[{"count":1,"href":"https:\/\/einheit-bernburg.de\/content\/index.php?rest_route=\/wp\/v2\/pages\/34538\/revisions"}],"predecessor-version":[{"id":34539,"href":"https:\/\/einheit-bernburg.de\/content\/index.php?rest_route=\/wp\/v2\/pages\/34538\/revisions\/34539"}],"up":[{"embeddable":true,"href":"https:\/\/einheit-bernburg.de\/content\/index.php?rest_route=\/wp\/v2\/pages\/34536"}],"wp:attachment":[{"href":"https:\/\/einheit-bernburg.de\/content\/index.php?rest_route=%2Fwp%2Fv2%2Fmedia&parent=34538"}],"curies":[{"name":"wp","href":"https:\/\/api.w.org\/{rel}","templated":true}]}}